{"id":13697,"date":"2026-03-29T12:25:06","date_gmt":"2026-03-29T10:25:06","guid":{"rendered":"https:\/\/bigbuy.tupique.com\/produto\/sensor-mobotix-mx-o-sma-tp-r079-6-mpx-thermal\/"},"modified":"2026-05-10T13:48:26","modified_gmt":"2026-05-10T11:48:26","slug":"sensor-mobotix-mx-o-sma-tp-r079-6-mpx-thermal","status":"publish","type":"product","link":"https:\/\/tupique.com\/pt\/product\/sensor-mobotix-mx-o-sma-tp-r079-6-mpx-thermal\/","title":{"rendered":"Sensor Mobotix Mx-O-SMA-TP-R079 6 Mpx T\u00e9rmico"},"content":{"rendered":"<p>Si vous \u00eates passionn\u00e9 d&#8217;<b>informatique et d&#8217;\u00e9lectronique<\/b>, si vous \u00eates \u00e0 la pointe de la technologie et qu&#8217;aucun d\u00e9tail ne vous \u00e9chappe, achetez <b>Sensor Mobotix Mx-O-SMA-TP-R079 6 Mpx T\u00e9rmico<\/b> au meilleur prix.<\/p>\n<ul>\n<li>Tipo:\n<ul>\n<li>Thermique<\/li>\n<li>Capteur<\/li>\n<\/ul>\n<\/li>\n<li>Cam\u00e9ra\/Appareil Photo: 6 Mpx<\/li>\n<li>Compatible avec: Camescope de surveillance<\/li>\n<li>Classification IP: IP66<\/li>\n<li>Couleur: Blanc<\/li>\n<li>Rapport d&#8217;aspect: 16:9<\/li>\n<li>Connectivit\u00e9:\n<ul>\n<li>Bluetooth<\/li>\n<li>Wi-Fi<\/li>\n<\/ul>\n<\/li>\n<li>Ann\u00e9e: 2017<\/li>\n<li>Technologie: LED<\/li>\n<li>Bloc d\u2019Alimentation: Avec fil<\/li>\n<li>Poids approx.: 2 Kg<\/li>\n<li>Port\u00e9e: 10 m<\/li>\n<\/ul>","protected":false},"excerpt":{"rendered":"<p>Si vous \u00eates passionn\u00e9 d&#8217;informatique et d&#8217;\u00e9lectronique, si vous \u00eates \u00e0 la pointe de la technologie et qu&#8217;aucun d\u00e9tail ne vous \u00e9chappe, achetez Capteur Mobotix Mx-O-SMA-TP-R079 6 Mpx Thermique au meilleur prix. Type: Thermique Capteur Cam\u00e9ra\/Appareil Photo: 6 Mpx Compatible avec: Camescope de surveillance Classification IP: IP66 Couleur: Blanc Rapport d&#8217;aspect: 16:9 Connectivit\u00e9: Bluetooth Wi-Fi [&hellip;]<\/p>\n","protected":false},"featured_media":13696,"comment_status":"open","ping_status":"closed","template":"","meta":[],"product_brand":[628],"product_cat":[580,239,579],"product_tag":[567,210],"class_list":{"0":"post-13697","1":"product","2":"type-product","3":"status-publish","4":"has-post-thumbnail","6":"product_brand-brandp_4592","7":"product_cat-cameras-de-surveillance-video","8":"product_cat-maison-jardin","9":"product_cat-securite-a-la-maison","10":"product_tag-tag_556","11":"product_tag-tag_25","13":"first","14":"instock","15":"taxable","16":"shipping-taxable","17":"purchasable","18":"product-type-simple"},"yoast_head":"<!-- This site is optimized with the Yoast SEO plugin v27.5 - https:\/\/yoast.com\/product\/yoast-seo-wordpress\/ -->\n<title>Capteur Mobotix Mx-O-SMA-TP-R079 6 Mpx Thermique - Tupique<\/title>\n<meta name=\"robots\" content=\"index, follow, max-snippet:-1, max-image-preview:large, max-video-preview:-1\" \/>\n<link rel=\"canonical\" href=\"https:\/\/tupique.com\/pt\/product\/sensor-mobotix-mx-o-sma-tp-r079-6-mpx-thermal\/\" \/>\n<meta property=\"og:locale\" content=\"pt_PT\" \/>\n<meta property=\"og:type\" content=\"article\" \/>\n<meta property=\"og:title\" content=\"Capteur Mobotix Mx-O-SMA-TP-R079 6 Mpx Thermique - Tupique\" \/>\n<meta property=\"og:description\" content=\"Si vous \u00eates passionn\u00e9 d&#8217;informatique et d&#8217;\u00e9lectronique, si vous \u00eates \u00e0 la pointe de la technologie et qu&#8217;aucun d\u00e9tail ne vous \u00e9chappe, achetez Capteur Mobotix Mx-O-SMA-TP-R079 6 Mpx Thermique au meilleur prix. Type: Thermique Capteur Cam\u00e9ra\/Appareil Photo: 6 Mpx Compatible avec: Camescope de surveillance Classification IP: IP66 Couleur: Blanc Rapport d&#8217;aspect: 16:9 Connectivit\u00e9: Bluetooth Wi-Fi [&hellip;]\" \/>\n<meta property=\"og:url\" content=\"https:\/\/tupique.com\/pt\/product\/sensor-mobotix-mx-o-sma-tp-r079-6-mpx-thermal\/\" \/>\n<meta property=\"og:site_name\" content=\"Tupique\" \/>\n<meta property=\"article:modified_time\" content=\"2026-05-10T11:48:26+00:00\" \/>\n<meta property=\"og:image\" content=\"https:\/\/tupique.com\/wp-content\/uploads\/2026\/03\/4047438030120_S5603501_P02.jpg\" \/>\n\t<meta property=\"og:image:width\" content=\"1200\" \/>\n\t<meta property=\"og:image:height\" content=\"1200\" \/>\n\t<meta property=\"og:image:type\" content=\"image\/jpeg\" \/>\n<meta name=\"twitter:card\" content=\"summary_large_image\" \/>\n<script type=\"application\/ld+json\" class=\"yoast-schema-graph\">{\"@context\":\"https:\\\/\\\/schema.org\",\"@graph\":[{\"@type\":\"WebPage\",\"@id\":\"https:\\\/\\\/tupique.com\\\/product\\\/sensor-mobotix-mx-o-sma-tp-r079-6-mpx-thermal\\\/\",\"url\":\"https:\\\/\\\/tupique.com\\\/product\\\/sensor-mobotix-mx-o-sma-tp-r079-6-mpx-thermal\\\/\",\"name\":\"Capteur Mobotix Mx-O-SMA-TP-R079 6 Mpx Thermique - Tupique\",\"isPartOf\":{\"@id\":\"https:\\\/\\\/tupique.com\\\/#website\"},\"primaryImageOfPage\":{\"@id\":\"https:\\\/\\\/tupique.com\\\/product\\\/sensor-mobotix-mx-o-sma-tp-r079-6-mpx-thermal\\\/#primaryimage\"},\"image\":{\"@id\":\"https:\\\/\\\/tupique.com\\\/product\\\/sensor-mobotix-mx-o-sma-tp-r079-6-mpx-thermal\\\/#primaryimage\"},\"thumbnailUrl\":\"https:\\\/\\\/tupique.com\\\/wp-content\\\/uploads\\\/2026\\\/03\\\/4047438030120_S5603501_P02.jpg\",\"datePublished\":\"2026-03-29T10:25:06+00:00\",\"dateModified\":\"2026-05-10T11:48:26+00:00\",\"breadcrumb\":{\"@id\":\"https:\\\/\\\/tupique.com\\\/product\\\/sensor-mobotix-mx-o-sma-tp-r079-6-mpx-thermal\\\/#breadcrumb\"},\"inLanguage\":\"pt-PT\",\"potentialAction\":[{\"@type\":\"ReadAction\",\"target\":[\"https:\\\/\\\/tupique.com\\\/product\\\/sensor-mobotix-mx-o-sma-tp-r079-6-mpx-thermal\\\/\"]}]},{\"@type\":\"ImageObject\",\"inLanguage\":\"pt-PT\",\"@id\":\"https:\\\/\\\/tupique.com\\\/product\\\/sensor-mobotix-mx-o-sma-tp-r079-6-mpx-thermal\\\/#primaryimage\",\"url\":\"https:\\\/\\\/tupique.com\\\/wp-content\\\/uploads\\\/2026\\\/03\\\/4047438030120_S5603501_P02.jpg\",\"contentUrl\":\"https:\\\/\\\/tupique.com\\\/wp-content\\\/uploads\\\/2026\\\/03\\\/4047438030120_S5603501_P02.jpg\",\"width\":1200,\"height\":1200,\"caption\":\"S5603501_0\"},{\"@type\":\"BreadcrumbList\",\"@id\":\"https:\\\/\\\/tupique.com\\\/product\\\/sensor-mobotix-mx-o-sma-tp-r079-6-mpx-thermal\\\/#breadcrumb\",\"itemListElement\":[{\"@type\":\"ListItem\",\"position\":1,\"name\":\"commencer\",\"item\":\"https:\\\/\\\/tupique.com\\\/\"},{\"@type\":\"ListItem\",\"position\":2,\"name\":\"Loja\",\"item\":\"https:\\\/\\\/tupique.com\\\/loja\\\/\"},{\"@type\":\"ListItem\",\"position\":3,\"name\":\"Capteur Mobotix Mx-O-SMA-TP-R079 6 Mpx Thermique\"}]},{\"@type\":\"WebSite\",\"@id\":\"https:\\\/\\\/tupique.com\\\/#website\",\"url\":\"https:\\\/\\\/tupique.com\\\/\",\"name\":\"Tupique\",\"description\":\"\",\"publisher\":{\"@id\":\"https:\\\/\\\/tupique.com\\\/#organization\"},\"potentialAction\":[{\"@type\":\"SearchAction\",\"target\":{\"@type\":\"EntryPoint\",\"urlTemplate\":\"https:\\\/\\\/tupique.com\\\/?s={search_term_string}\"},\"query-input\":{\"@type\":\"PropertyValueSpecification\",\"valueRequired\":true,\"valueName\":\"search_term_string\"}}],\"inLanguage\":\"pt-PT\"},{\"@type\":\"Organization\",\"@id\":\"https:\\\/\\\/tupique.com\\\/#organization\",\"name\":\"Tupique\",\"url\":\"https:\\\/\\\/tupique.com\\\/\",\"logo\":{\"@type\":\"ImageObject\",\"inLanguage\":\"pt-PT\",\"@id\":\"https:\\\/\\\/tupique.com\\\/#\\\/schema\\\/logo\\\/image\\\/\",\"url\":\"https:\\\/\\\/tupique.com\\\/wp-content\\\/uploads\\\/2026\\\/03\\\/logo-tupique-1.webp\",\"contentUrl\":\"https:\\\/\\\/tupique.com\\\/wp-content\\\/uploads\\\/2026\\\/03\\\/logo-tupique-1.webp\",\"width\":500,\"height\":67,\"caption\":\"Tupique\"},\"image\":{\"@id\":\"https:\\\/\\\/tupique.com\\\/#\\\/schema\\\/logo\\\/image\\\/\"}}]}<\/script>\n<!-- \/ Yoast SEO plugin. -->","yoast_head_json":{"title":"Capteur Mobotix Mx-O-SMA-TP-R079 6 Mpx Thermique - Tupique","robots":{"index":"index","follow":"follow","max-snippet":"max-snippet:-1","max-image-preview":"max-image-preview:large","max-video-preview":"max-video-preview:-1"},"canonical":"https:\/\/tupique.com\/pt\/product\/sensor-mobotix-mx-o-sma-tp-r079-6-mpx-thermal\/","og_locale":"pt_PT","og_type":"article","og_title":"Capteur Mobotix Mx-O-SMA-TP-R079 6 Mpx Thermique - Tupique","og_description":"Si vous \u00eates passionn\u00e9 d&#8217;informatique et d&#8217;\u00e9lectronique, si vous \u00eates \u00e0 la pointe de la technologie et qu&#8217;aucun d\u00e9tail ne vous \u00e9chappe, achetez Capteur Mobotix Mx-O-SMA-TP-R079 6 Mpx Thermique au meilleur prix. Type: Thermique Capteur Cam\u00e9ra\/Appareil Photo: 6 Mpx Compatible avec: Camescope de surveillance Classification IP: IP66 Couleur: Blanc Rapport d&#8217;aspect: 16:9 Connectivit\u00e9: Bluetooth Wi-Fi [&hellip;]","og_url":"https:\/\/tupique.com\/pt\/product\/sensor-mobotix-mx-o-sma-tp-r079-6-mpx-thermal\/","og_site_name":"Tupique","article_modified_time":"2026-05-10T11:48:26+00:00","og_image":[{"width":1200,"height":1200,"url":"https:\/\/tupique.com\/wp-content\/uploads\/2026\/03\/4047438030120_S5603501_P02.jpg","type":"image\/jpeg"}],"twitter_card":"summary_large_image","schema":{"@context":"https:\/\/schema.org","@graph":[{"@type":"WebPage","@id":"https:\/\/tupique.com\/product\/sensor-mobotix-mx-o-sma-tp-r079-6-mpx-thermal\/","url":"https:\/\/tupique.com\/product\/sensor-mobotix-mx-o-sma-tp-r079-6-mpx-thermal\/","name":"Capteur Mobotix Mx-O-SMA-TP-R079 6 Mpx Thermique - Tupique","isPartOf":{"@id":"https:\/\/tupique.com\/#website"},"primaryImageOfPage":{"@id":"https:\/\/tupique.com\/product\/sensor-mobotix-mx-o-sma-tp-r079-6-mpx-thermal\/#primaryimage"},"image":{"@id":"https:\/\/tupique.com\/product\/sensor-mobotix-mx-o-sma-tp-r079-6-mpx-thermal\/#primaryimage"},"thumbnailUrl":"https:\/\/tupique.com\/wp-content\/uploads\/2026\/03\/4047438030120_S5603501_P02.jpg","datePublished":"2026-03-29T10:25:06+00:00","dateModified":"2026-05-10T11:48:26+00:00","breadcrumb":{"@id":"https:\/\/tupique.com\/product\/sensor-mobotix-mx-o-sma-tp-r079-6-mpx-thermal\/#breadcrumb"},"inLanguage":"pt-PT","potentialAction":[{"@type":"ReadAction","target":["https:\/\/tupique.com\/product\/sensor-mobotix-mx-o-sma-tp-r079-6-mpx-thermal\/"]}]},{"@type":"ImageObject","inLanguage":"pt-PT","@id":"https:\/\/tupique.com\/product\/sensor-mobotix-mx-o-sma-tp-r079-6-mpx-thermal\/#primaryimage","url":"https:\/\/tupique.com\/wp-content\/uploads\/2026\/03\/4047438030120_S5603501_P02.jpg","contentUrl":"https:\/\/tupique.com\/wp-content\/uploads\/2026\/03\/4047438030120_S5603501_P02.jpg","width":1200,"height":1200,"caption":"S5603501_0"},{"@type":"BreadcrumbList","@id":"https:\/\/tupique.com\/product\/sensor-mobotix-mx-o-sma-tp-r079-6-mpx-thermal\/#breadcrumb","itemListElement":[{"@type":"ListItem","position":1,"name":"commencer","item":"https:\/\/tupique.com\/"},{"@type":"ListItem","position":2,"name":"Loja","item":"https:\/\/tupique.com\/loja\/"},{"@type":"ListItem","position":3,"name":"Capteur Mobotix Mx-O-SMA-TP-R079 6 Mpx Thermique"}]},{"@type":"WebSite","@id":"https:\/\/tupique.com\/#website","url":"https:\/\/tupique.com\/","name":"Tupique","description":"","publisher":{"@id":"https:\/\/tupique.com\/#organization"},"potentialAction":[{"@type":"SearchAction","target":{"@type":"EntryPoint","urlTemplate":"https:\/\/tupique.com\/?s={search_term_string}"},"query-input":{"@type":"PropertyValueSpecification","valueRequired":true,"valueName":"search_term_string"}}],"inLanguage":"pt-PT"},{"@type":"Organization","@id":"https:\/\/tupique.com\/#organization","name":"Tupique","url":"https:\/\/tupique.com\/","logo":{"@type":"ImageObject","inLanguage":"pt-PT","@id":"https:\/\/tupique.com\/#\/schema\/logo\/image\/","url":"https:\/\/tupique.com\/wp-content\/uploads\/2026\/03\/logo-tupique-1.webp","contentUrl":"https:\/\/tupique.com\/wp-content\/uploads\/2026\/03\/logo-tupique-1.webp","width":500,"height":67,"caption":"Tupique"},"image":{"@id":"https:\/\/tupique.com\/#\/schema\/logo\/image\/"}}]}},"_links":{"self":[{"href":"https:\/\/tupique.com\/pt\/wp-json\/wp\/v2\/product\/13697","targetHints":{"allow":["GET"]}}],"collection":[{"href":"https:\/\/tupique.com\/pt\/wp-json\/wp\/v2\/product"}],"about":[{"href":"https:\/\/tupique.com\/pt\/wp-json\/wp\/v2\/types\/product"}],"replies":[{"embeddable":true,"href":"https:\/\/tupique.com\/pt\/wp-json\/wp\/v2\/comments?post=13697"}],"wp:featuredmedia":[{"embeddable":true,"href":"https:\/\/tupique.com\/pt\/wp-json\/wp\/v2\/media\/13696"}],"wp:attachment":[{"href":"https:\/\/tupique.com\/pt\/wp-json\/wp\/v2\/media?parent=13697"}],"wp:term":[{"taxonomy":"product_brand","embeddable":true,"href":"https:\/\/tupique.com\/pt\/wp-json\/wp\/v2\/product_brand?post=13697"},{"taxonomy":"product_cat","embeddable":true,"href":"https:\/\/tupique.com\/pt\/wp-json\/wp\/v2\/product_cat?post=13697"},{"taxonomy":"product_tag","embeddable":true,"href":"https:\/\/tupique.com\/pt\/wp-json\/wp\/v2\/product_tag?post=13697"}],"curies":[{"name":"wp","href":"https:\/\/api.w.org\/{rel}","templated":true}]}}