{"id":13759,"date":"2026-03-29T11:26:33","date_gmt":"2026-03-29T10:26:33","guid":{"rendered":"https:\/\/bigbuy.tupique.com\/produto\/scanner-kodak-alaris-s2060w\/"},"modified":"2026-04-12T02:20:58","modified_gmt":"2026-04-12T01:20:58","slug":"scanner-kodak-alaris-s2060w","status":"publish","type":"product","link":"https:\/\/tupique.com\/pt\/product\/scanner-kodak-alaris-s2060w\/","title":{"rendered":"Scanner Kodak Alaris S2060W"},"content":{"rendered":"<p>Se tem paix\u00e3o por <b>TI e eletr\u00f3nica<\/b>, como estar a par das novidades tecnol\u00f3gicas e n\u00e3o falhar nem o mais \u00ednfimo detalhe, compre <b> Scanner Kodak Alaris S2060W <\/b> a um pre\u00e7o imbat\u00edvel.<\/p>\n<ul>\n<li>Type: Scanner<\/li>\n<li>Conectividade:\n<ul>\n<li>Wi-Fi<\/li>\n<li>Ethernet LAN<\/li>\n<\/ul>\n<\/li>\n<li>Technology: LCD<\/li>\n<li>Produto com ficha: Sim<\/li>\n<li>Tipo de ficha: Ficha UE<\/li>\n<li>Conex\u00f5es:\n<ul>\n<li>Ethernet LAN<\/li>\n<li>USB 3.2<\/li>\n<li>USB<\/li>\n<li>SATA<\/li>\n<\/ul>\n<\/li>\n<li>Fonte de alimenta\u00e7\u00e3o:\n<ul>\n<li>Rede El\u00e9trica<\/li>\n<li>Electric cable<\/li>\n<li>CA<\/li>\n<\/ul>\n<\/li>\n<li>Cor:\n<ul>\n<li>White<\/li>\n<li>Black<\/li>\n<\/ul>\n<\/li>\n<li>Sensor: Dual CIS<\/li>\n<li>Ecr\u00e3\n<ul>\n<li>3,5&#8221;<\/li>\n<li>3,5\u2033<\/li>\n<\/ul>\n<\/li>\n<li>Maximal image resolution: 600 x 600 dpi<\/li>\n<li>Caracter\u00edsticas:\n<ul>\n<li>Touchscreen<\/li>\n<li>Built-in display<\/li>\n<li>LCD Screen<\/li>\n<li>Dual Face Scanner<\/li>\n<li>Touchpad<\/li>\n<\/ul>\n<\/li>\n<li>Size: A4<\/li>\n<li>AC input voltage: 100 &#8211; 240 V<\/li>\n<li>Capacity: 80 Sheets<\/li>\n<li>Year: 2017<\/li>\n<li>Sistema Operativo: Windows 10<\/li>\n<li>Scanner: 600 x 600 dpi<\/li>\n<li>Compatible: Windows 8.1<\/li>\n<li>Frequency: 50 &#8211; 60 Hz<\/li>\n<li>Paper: A4<\/li>\n<li>Voltage: 100 &#8211; 240 V<\/li>\n<li>Power: 36 W<\/li>\n<li>Certificate: ENERGY STAR Certificate<\/li>\n<\/ul>","protected":false},"excerpt":{"rendered":"<p>If you&#8217;re passionate about IT and electronics, like being up to date on technology and don&#8217;t miss even the slightest details, buy Scanner Kodak Alaris S2060W at an unbeatable price. Type: Scanner Connectivity: Wi-Fi Ethernet LAN Technology: LCD Product with plug: Yes Type of plug: Plug EU Connections: Ethernet LAN USB 3.2 USB SATA Power [&hellip;]<\/p>\n","protected":false},"featured_media":13754,"comment_status":"open","ping_status":"closed","template":"","meta":[],"product_brand":[636],"product_cat":[65,581,587],"product_tag":[213,106],"class_list":{"0":"post-13759","1":"product","2":"type-product","3":"status-publish","4":"has-post-thumbnail","6":"product_brand-brandp_1699","7":"product_cat-informatique-electronique","8":"product_cat-electronics-peripherals-and-spares","9":"product_cat-scanners","10":"product_tag-tag_933","11":"product_tag-tag_1295","13":"first","14":"instock","15":"taxable","16":"shipping-taxable","17":"purchasable","18":"product-type-simple"},"yoast_head":"<!-- This site is optimized with the Yoast SEO plugin v27.5 - https:\/\/yoast.com\/product\/yoast-seo-wordpress\/ -->\n<title>Scanner Kodak Alaris S2060W - Tupique<\/title>\n<meta name=\"robots\" content=\"index, follow, max-snippet:-1, max-image-preview:large, max-video-preview:-1\" \/>\n<link rel=\"canonical\" href=\"https:\/\/tupique.com\/pt\/product\/scanner-kodak-alaris-s2060w\/\" \/>\n<meta property=\"og:locale\" content=\"pt_PT\" \/>\n<meta property=\"og:type\" content=\"article\" \/>\n<meta property=\"og:title\" content=\"Scanner Kodak Alaris S2060W - Tupique\" \/>\n<meta property=\"og:description\" content=\"If you&#8217;re passionate about IT and electronics, like being up to date on technology and don&#8217;t miss even the slightest details, buy Scanner Kodak Alaris S2060W at an unbeatable price. Type: Scanner Connectivity: Wi-Fi Ethernet LAN Technology: LCD Product with plug: Yes Type of plug: Plug EU Connections: Ethernet LAN USB 3.2 USB SATA Power [&hellip;]\" \/>\n<meta property=\"og:url\" content=\"https:\/\/tupique.com\/pt\/product\/scanner-kodak-alaris-s2060w\/\" \/>\n<meta property=\"og:site_name\" content=\"Tupique\" \/>\n<meta property=\"article:modified_time\" content=\"2026-04-12T01:20:58+00:00\" \/>\n<meta property=\"og:image\" content=\"https:\/\/tupique.com\/wp-content\/uploads\/2026\/03\/225741963.jpg\" \/>\n\t<meta property=\"og:image:width\" content=\"1200\" \/>\n\t<meta property=\"og:image:height\" content=\"1200\" \/>\n\t<meta property=\"og:image:type\" content=\"image\/jpeg\" \/>\n<meta name=\"twitter:card\" content=\"summary_large_image\" \/>\n<script type=\"application\/ld+json\" class=\"yoast-schema-graph\">{\"@context\":\"https:\\\/\\\/schema.org\",\"@graph\":[{\"@type\":\"WebPage\",\"@id\":\"https:\\\/\\\/tupique.com\\\/product\\\/scanner-kodak-alaris-s2060w\\\/\",\"url\":\"https:\\\/\\\/tupique.com\\\/product\\\/scanner-kodak-alaris-s2060w\\\/\",\"name\":\"Scanner Kodak Alaris S2060W - Tupique\",\"isPartOf\":{\"@id\":\"https:\\\/\\\/tupique.com\\\/#website\"},\"primaryImageOfPage\":{\"@id\":\"https:\\\/\\\/tupique.com\\\/product\\\/scanner-kodak-alaris-s2060w\\\/#primaryimage\"},\"image\":{\"@id\":\"https:\\\/\\\/tupique.com\\\/product\\\/scanner-kodak-alaris-s2060w\\\/#primaryimage\"},\"thumbnailUrl\":\"https:\\\/\\\/tupique.com\\\/wp-content\\\/uploads\\\/2026\\\/03\\\/225741963.jpg\",\"datePublished\":\"2026-03-29T10:26:33+00:00\",\"dateModified\":\"2026-04-12T01:20:58+00:00\",\"breadcrumb\":{\"@id\":\"https:\\\/\\\/tupique.com\\\/product\\\/scanner-kodak-alaris-s2060w\\\/#breadcrumb\"},\"inLanguage\":\"pt-PT\",\"potentialAction\":[{\"@type\":\"ReadAction\",\"target\":[\"https:\\\/\\\/tupique.com\\\/product\\\/scanner-kodak-alaris-s2060w\\\/\"]}]},{\"@type\":\"ImageObject\",\"inLanguage\":\"pt-PT\",\"@id\":\"https:\\\/\\\/tupique.com\\\/product\\\/scanner-kodak-alaris-s2060w\\\/#primaryimage\",\"url\":\"https:\\\/\\\/tupique.com\\\/wp-content\\\/uploads\\\/2026\\\/03\\\/225741963.jpg\",\"contentUrl\":\"https:\\\/\\\/tupique.com\\\/wp-content\\\/uploads\\\/2026\\\/03\\\/225741963.jpg\",\"width\":1200,\"height\":1200,\"caption\":\"S55101662_0\"},{\"@type\":\"BreadcrumbList\",\"@id\":\"https:\\\/\\\/tupique.com\\\/product\\\/scanner-kodak-alaris-s2060w\\\/#breadcrumb\",\"itemListElement\":[{\"@type\":\"ListItem\",\"position\":1,\"name\":\"commencer\",\"item\":\"https:\\\/\\\/tupique.com\\\/\"},{\"@type\":\"ListItem\",\"position\":2,\"name\":\"Loja\",\"item\":\"https:\\\/\\\/tupique.com\\\/loja\\\/\"},{\"@type\":\"ListItem\",\"position\":3,\"name\":\"Scanner Kodak Alaris S2060W\"}]},{\"@type\":\"WebSite\",\"@id\":\"https:\\\/\\\/tupique.com\\\/#website\",\"url\":\"https:\\\/\\\/tupique.com\\\/\",\"name\":\"Tupique\",\"description\":\"\",\"publisher\":{\"@id\":\"https:\\\/\\\/tupique.com\\\/#organization\"},\"potentialAction\":[{\"@type\":\"SearchAction\",\"target\":{\"@type\":\"EntryPoint\",\"urlTemplate\":\"https:\\\/\\\/tupique.com\\\/?s={search_term_string}\"},\"query-input\":{\"@type\":\"PropertyValueSpecification\",\"valueRequired\":true,\"valueName\":\"search_term_string\"}}],\"inLanguage\":\"pt-PT\"},{\"@type\":\"Organization\",\"@id\":\"https:\\\/\\\/tupique.com\\\/#organization\",\"name\":\"Tupique\",\"url\":\"https:\\\/\\\/tupique.com\\\/\",\"logo\":{\"@type\":\"ImageObject\",\"inLanguage\":\"pt-PT\",\"@id\":\"https:\\\/\\\/tupique.com\\\/#\\\/schema\\\/logo\\\/image\\\/\",\"url\":\"https:\\\/\\\/tupique.com\\\/wp-content\\\/uploads\\\/2026\\\/03\\\/logo-tupique-1.webp\",\"contentUrl\":\"https:\\\/\\\/tupique.com\\\/wp-content\\\/uploads\\\/2026\\\/03\\\/logo-tupique-1.webp\",\"width\":500,\"height\":67,\"caption\":\"Tupique\"},\"image\":{\"@id\":\"https:\\\/\\\/tupique.com\\\/#\\\/schema\\\/logo\\\/image\\\/\"}}]}<\/script>\n<!-- \/ Yoast SEO plugin. -->","yoast_head_json":{"title":"Scanner Kodak Alaris S2060W - Tupique","robots":{"index":"index","follow":"follow","max-snippet":"max-snippet:-1","max-image-preview":"max-image-preview:large","max-video-preview":"max-video-preview:-1"},"canonical":"https:\/\/tupique.com\/pt\/product\/scanner-kodak-alaris-s2060w\/","og_locale":"pt_PT","og_type":"article","og_title":"Scanner Kodak Alaris S2060W - Tupique","og_description":"If you&#8217;re passionate about IT and electronics, like being up to date on technology and don&#8217;t miss even the slightest details, buy Scanner Kodak Alaris S2060W at an unbeatable price. Type: Scanner Connectivity: Wi-Fi Ethernet LAN Technology: LCD Product with plug: Yes Type of plug: Plug EU Connections: Ethernet LAN USB 3.2 USB SATA Power [&hellip;]","og_url":"https:\/\/tupique.com\/pt\/product\/scanner-kodak-alaris-s2060w\/","og_site_name":"Tupique","article_modified_time":"2026-04-12T01:20:58+00:00","og_image":[{"width":1200,"height":1200,"url":"https:\/\/tupique.com\/wp-content\/uploads\/2026\/03\/225741963.jpg","type":"image\/jpeg"}],"twitter_card":"summary_large_image","schema":{"@context":"https:\/\/schema.org","@graph":[{"@type":"WebPage","@id":"https:\/\/tupique.com\/product\/scanner-kodak-alaris-s2060w\/","url":"https:\/\/tupique.com\/product\/scanner-kodak-alaris-s2060w\/","name":"Scanner Kodak Alaris S2060W - Tupique","isPartOf":{"@id":"https:\/\/tupique.com\/#website"},"primaryImageOfPage":{"@id":"https:\/\/tupique.com\/product\/scanner-kodak-alaris-s2060w\/#primaryimage"},"image":{"@id":"https:\/\/tupique.com\/product\/scanner-kodak-alaris-s2060w\/#primaryimage"},"thumbnailUrl":"https:\/\/tupique.com\/wp-content\/uploads\/2026\/03\/225741963.jpg","datePublished":"2026-03-29T10:26:33+00:00","dateModified":"2026-04-12T01:20:58+00:00","breadcrumb":{"@id":"https:\/\/tupique.com\/product\/scanner-kodak-alaris-s2060w\/#breadcrumb"},"inLanguage":"pt-PT","potentialAction":[{"@type":"ReadAction","target":["https:\/\/tupique.com\/product\/scanner-kodak-alaris-s2060w\/"]}]},{"@type":"ImageObject","inLanguage":"pt-PT","@id":"https:\/\/tupique.com\/product\/scanner-kodak-alaris-s2060w\/#primaryimage","url":"https:\/\/tupique.com\/wp-content\/uploads\/2026\/03\/225741963.jpg","contentUrl":"https:\/\/tupique.com\/wp-content\/uploads\/2026\/03\/225741963.jpg","width":1200,"height":1200,"caption":"S55101662_0"},{"@type":"BreadcrumbList","@id":"https:\/\/tupique.com\/product\/scanner-kodak-alaris-s2060w\/#breadcrumb","itemListElement":[{"@type":"ListItem","position":1,"name":"commencer","item":"https:\/\/tupique.com\/"},{"@type":"ListItem","position":2,"name":"Loja","item":"https:\/\/tupique.com\/loja\/"},{"@type":"ListItem","position":3,"name":"Scanner Kodak Alaris S2060W"}]},{"@type":"WebSite","@id":"https:\/\/tupique.com\/#website","url":"https:\/\/tupique.com\/","name":"Tupique","description":"","publisher":{"@id":"https:\/\/tupique.com\/#organization"},"potentialAction":[{"@type":"SearchAction","target":{"@type":"EntryPoint","urlTemplate":"https:\/\/tupique.com\/?s={search_term_string}"},"query-input":{"@type":"PropertyValueSpecification","valueRequired":true,"valueName":"search_term_string"}}],"inLanguage":"pt-PT"},{"@type":"Organization","@id":"https:\/\/tupique.com\/#organization","name":"Tupique","url":"https:\/\/tupique.com\/","logo":{"@type":"ImageObject","inLanguage":"pt-PT","@id":"https:\/\/tupique.com\/#\/schema\/logo\/image\/","url":"https:\/\/tupique.com\/wp-content\/uploads\/2026\/03\/logo-tupique-1.webp","contentUrl":"https:\/\/tupique.com\/wp-content\/uploads\/2026\/03\/logo-tupique-1.webp","width":500,"height":67,"caption":"Tupique"},"image":{"@id":"https:\/\/tupique.com\/#\/schema\/logo\/image\/"}}]}},"_links":{"self":[{"href":"https:\/\/tupique.com\/pt\/wp-json\/wp\/v2\/product\/13759","targetHints":{"allow":["GET"]}}],"collection":[{"href":"https:\/\/tupique.com\/pt\/wp-json\/wp\/v2\/product"}],"about":[{"href":"https:\/\/tupique.com\/pt\/wp-json\/wp\/v2\/types\/product"}],"replies":[{"embeddable":true,"href":"https:\/\/tupique.com\/pt\/wp-json\/wp\/v2\/comments?post=13759"}],"wp:featuredmedia":[{"embeddable":true,"href":"https:\/\/tupique.com\/pt\/wp-json\/wp\/v2\/media\/13754"}],"wp:attachment":[{"href":"https:\/\/tupique.com\/pt\/wp-json\/wp\/v2\/media?parent=13759"}],"wp:term":[{"taxonomy":"product_brand","embeddable":true,"href":"https:\/\/tupique.com\/pt\/wp-json\/wp\/v2\/product_brand?post=13759"},{"taxonomy":"product_cat","embeddable":true,"href":"https:\/\/tupique.com\/pt\/wp-json\/wp\/v2\/product_cat?post=13759"},{"taxonomy":"product_tag","embeddable":true,"href":"https:\/\/tupique.com\/pt\/wp-json\/wp\/v2\/product_tag?post=13759"}],"curies":[{"name":"wp","href":"https:\/\/api.w.org\/{rel}","templated":true}]}}