{"id":14336,"date":"2026-03-29T12:01:09","date_gmt":"2026-03-29T11:01:09","guid":{"rendered":"https:\/\/bigbuy.tupique.com\/produto\/webcam-logitech-rally-4k-ultra-hd\/"},"modified":"2026-04-11T03:47:33","modified_gmt":"2026-04-11T02:47:33","slug":"webcam-logitech-rally-4k-ultra-hd","status":"publish","type":"product","link":"https:\/\/tupique.com\/pt\/product\/webcam-logitech-rally-4k-ultra-hd\/","title":{"rendered":"Webcam Logitech RALLY 4K Ultra HD"},"content":{"rendered":"<p>Se tem paix\u00e3o por <b>TI e eletr\u00f3nica<\/b>, como estar a par das novidades tecnol\u00f3gicas e n\u00e3o falhar nem o mais \u00ednfimo detalhe, compre <b> Webcam Logitech RALLY 4K Ultra HD <\/b> a um pre\u00e7o imbat\u00edvel.<\/p>\n<ul>\n<li>Inclui:\n<ul>\n<li>Speaker<\/li>\n<li>Microphone<\/li>\n<li>Remote control<\/li>\n<\/ul>\n<\/li>\n<li>Resolution: 4K Ultra HD<\/li>\n<li>Video recording resolution: 4K 30 fps<\/li>\n<li>Resolu\u00e7\u00e3o (px):\n<ul>\n<li>1080 px<\/li>\n<li>720 px<\/li>\n<\/ul>\n<\/li>\n<li>Conex\u00f5es:\n<ul>\n<li>USB-A 3.2<\/li>\n<li>USB<\/li>\n<li>Ethernet LAN<\/li>\n<li>2<\/li>\n<li>3<\/li>\n<li>USB x 3<\/li>\n<li>RJ45<\/li>\n<li>USB 2.0 x 3<\/li>\n<li>HDMI x 4<\/li>\n<\/ul>\n<\/li>\n<li>Type: Webcam<\/li>\n<li>Cor: Preto<\/li>\n<li>Caracter\u00edsticas:\n<ul>\n<li>Digital zoom<\/li>\n<li>Foco autom\u00e1tico<\/li>\n<\/ul>\n<\/li>\n<li>Fonte de alimenta\u00e7\u00e3o:\n<ul>\n<li>Alternating current<\/li>\n<li>CC<\/li>\n<\/ul>\n<\/li>\n<li>Cable length: 1,5 m<\/li>\n<li>Supported Video Modes: 1080p<\/li>\n<li>Connectivity: Wi-Fi<\/li>\n<li>Year: 2018<\/li>\n<li>Video resolution: 4K<\/li>\n<li>Angle: -90\u00ba \/ 90\u00ba<\/li>\n<\/ul>","protected":false},"excerpt":{"rendered":"<p>If you&#8217;re passionate about IT and electronics, like being up to date on technology and don&#8217;t miss even the slightest details, buy Webcam Logitech RALLY 4K Ultra HD at an unbeatable price. Includes: Speaker Microphone Remote control Resolution: 4K Ultra HD Video recording resolution: 4K 30 fps Resolution (px): 1080 px 720 px Connections: USB-A [&hellip;]<\/p>\n","protected":false},"featured_media":14333,"comment_status":"open","ping_status":"closed","template":"","meta":[],"product_brand":[647],"product_cat":[65,581,607],"product_tag":[213,106],"class_list":{"0":"post-14336","1":"product","2":"type-product","3":"status-publish","4":"has-post-thumbnail","6":"product_brand-brandp_561","7":"product_cat-computers-electronics","8":"product_cat-electronics-peripherals-and-spares","9":"product_cat-webcam","10":"product_tag-tag_933","11":"product_tag-tag_1295","13":"first","14":"instock","15":"taxable","16":"shipping-taxable","17":"purchasable","18":"product-type-simple"},"yoast_head":"<!-- This site is optimized with the Yoast SEO plugin v27.5 - https:\/\/yoast.com\/product\/yoast-seo-wordpress\/ -->\n<title>Webcam Logitech RALLY 4K Ultra HD - Tupique<\/title>\n<meta name=\"robots\" content=\"index, follow, max-snippet:-1, max-image-preview:large, max-video-preview:-1\" \/>\n<link rel=\"canonical\" href=\"https:\/\/tupique.com\/pt\/product\/webcam-logitech-rally-4k-ultra-hd\/\" \/>\n<meta property=\"og:locale\" content=\"pt_PT\" \/>\n<meta property=\"og:type\" content=\"article\" \/>\n<meta property=\"og:title\" content=\"Webcam Logitech RALLY 4K Ultra HD - Tupique\" \/>\n<meta property=\"og:description\" content=\"If you&#8217;re passionate about IT and electronics, like being up to date on technology and don&#8217;t miss even the slightest details, buy Webcam Logitech RALLY 4K Ultra HD at an unbeatable price. Includes: Speaker Microphone Remote control Resolution: 4K Ultra HD Video recording resolution: 4K 30 fps Resolution (px): 1080 px 720 px Connections: USB-A [&hellip;]\" \/>\n<meta property=\"og:url\" content=\"https:\/\/tupique.com\/pt\/product\/webcam-logitech-rally-4k-ultra-hd\/\" \/>\n<meta property=\"og:site_name\" content=\"Tupique\" \/>\n<meta property=\"article:modified_time\" content=\"2026-04-11T02:47:33+00:00\" \/>\n<meta property=\"og:image\" content=\"https:\/\/tupique.com\/wp-content\/uploads\/2026\/03\/295110051.jpg\" \/>\n\t<meta property=\"og:image:width\" content=\"1200\" \/>\n\t<meta property=\"og:image:height\" content=\"1200\" \/>\n\t<meta property=\"og:image:type\" content=\"image\/jpeg\" \/>\n<meta name=\"twitter:card\" content=\"summary_large_image\" \/>\n<script type=\"application\/ld+json\" class=\"yoast-schema-graph\">{\"@context\":\"https:\\\/\\\/schema.org\",\"@graph\":[{\"@type\":\"WebPage\",\"@id\":\"https:\\\/\\\/tupique.com\\\/product\\\/webcam-logitech-rally-4k-ultra-hd\\\/\",\"url\":\"https:\\\/\\\/tupique.com\\\/product\\\/webcam-logitech-rally-4k-ultra-hd\\\/\",\"name\":\"Webcam Logitech RALLY 4K Ultra HD - Tupique\",\"isPartOf\":{\"@id\":\"https:\\\/\\\/tupique.com\\\/#website\"},\"primaryImageOfPage\":{\"@id\":\"https:\\\/\\\/tupique.com\\\/product\\\/webcam-logitech-rally-4k-ultra-hd\\\/#primaryimage\"},\"image\":{\"@id\":\"https:\\\/\\\/tupique.com\\\/product\\\/webcam-logitech-rally-4k-ultra-hd\\\/#primaryimage\"},\"thumbnailUrl\":\"https:\\\/\\\/tupique.com\\\/wp-content\\\/uploads\\\/2026\\\/03\\\/295110051.jpg\",\"datePublished\":\"2026-03-29T11:01:09+00:00\",\"dateModified\":\"2026-04-11T02:47:33+00:00\",\"breadcrumb\":{\"@id\":\"https:\\\/\\\/tupique.com\\\/product\\\/webcam-logitech-rally-4k-ultra-hd\\\/#breadcrumb\"},\"inLanguage\":\"pt-PT\",\"potentialAction\":[{\"@type\":\"ReadAction\",\"target\":[\"https:\\\/\\\/tupique.com\\\/product\\\/webcam-logitech-rally-4k-ultra-hd\\\/\"]}]},{\"@type\":\"ImageObject\",\"inLanguage\":\"pt-PT\",\"@id\":\"https:\\\/\\\/tupique.com\\\/product\\\/webcam-logitech-rally-4k-ultra-hd\\\/#primaryimage\",\"url\":\"https:\\\/\\\/tupique.com\\\/wp-content\\\/uploads\\\/2026\\\/03\\\/295110051.jpg\",\"contentUrl\":\"https:\\\/\\\/tupique.com\\\/wp-content\\\/uploads\\\/2026\\\/03\\\/295110051.jpg\",\"width\":1200,\"height\":1200,\"caption\":\"S55080526_0\"},{\"@type\":\"BreadcrumbList\",\"@id\":\"https:\\\/\\\/tupique.com\\\/product\\\/webcam-logitech-rally-4k-ultra-hd\\\/#breadcrumb\",\"itemListElement\":[{\"@type\":\"ListItem\",\"position\":1,\"name\":\"commencer\",\"item\":\"https:\\\/\\\/tupique.com\\\/\"},{\"@type\":\"ListItem\",\"position\":2,\"name\":\"Loja\",\"item\":\"https:\\\/\\\/tupique.com\\\/loja\\\/\"},{\"@type\":\"ListItem\",\"position\":3,\"name\":\"Webcam Logitech RALLY 4K Ultra HD\"}]},{\"@type\":\"WebSite\",\"@id\":\"https:\\\/\\\/tupique.com\\\/#website\",\"url\":\"https:\\\/\\\/tupique.com\\\/\",\"name\":\"Tupique\",\"description\":\"\",\"publisher\":{\"@id\":\"https:\\\/\\\/tupique.com\\\/#organization\"},\"potentialAction\":[{\"@type\":\"SearchAction\",\"target\":{\"@type\":\"EntryPoint\",\"urlTemplate\":\"https:\\\/\\\/tupique.com\\\/?s={search_term_string}\"},\"query-input\":{\"@type\":\"PropertyValueSpecification\",\"valueRequired\":true,\"valueName\":\"search_term_string\"}}],\"inLanguage\":\"pt-PT\"},{\"@type\":\"Organization\",\"@id\":\"https:\\\/\\\/tupique.com\\\/#organization\",\"name\":\"Tupique\",\"url\":\"https:\\\/\\\/tupique.com\\\/\",\"logo\":{\"@type\":\"ImageObject\",\"inLanguage\":\"pt-PT\",\"@id\":\"https:\\\/\\\/tupique.com\\\/#\\\/schema\\\/logo\\\/image\\\/\",\"url\":\"https:\\\/\\\/tupique.com\\\/wp-content\\\/uploads\\\/2026\\\/03\\\/logo-tupique-1.webp\",\"contentUrl\":\"https:\\\/\\\/tupique.com\\\/wp-content\\\/uploads\\\/2026\\\/03\\\/logo-tupique-1.webp\",\"width\":500,\"height\":67,\"caption\":\"Tupique\"},\"image\":{\"@id\":\"https:\\\/\\\/tupique.com\\\/#\\\/schema\\\/logo\\\/image\\\/\"}}]}<\/script>\n<!-- \/ Yoast SEO plugin. -->","yoast_head_json":{"title":"Webcam Logitech RALLY 4K Ultra HD - Tupique","robots":{"index":"index","follow":"follow","max-snippet":"max-snippet:-1","max-image-preview":"max-image-preview:large","max-video-preview":"max-video-preview:-1"},"canonical":"https:\/\/tupique.com\/pt\/product\/webcam-logitech-rally-4k-ultra-hd\/","og_locale":"pt_PT","og_type":"article","og_title":"Webcam Logitech RALLY 4K Ultra HD - Tupique","og_description":"If you&#8217;re passionate about IT and electronics, like being up to date on technology and don&#8217;t miss even the slightest details, buy Webcam Logitech RALLY 4K Ultra HD at an unbeatable price. Includes: Speaker Microphone Remote control Resolution: 4K Ultra HD Video recording resolution: 4K 30 fps Resolution (px): 1080 px 720 px Connections: USB-A [&hellip;]","og_url":"https:\/\/tupique.com\/pt\/product\/webcam-logitech-rally-4k-ultra-hd\/","og_site_name":"Tupique","article_modified_time":"2026-04-11T02:47:33+00:00","og_image":[{"width":1200,"height":1200,"url":"https:\/\/tupique.com\/wp-content\/uploads\/2026\/03\/295110051.jpg","type":"image\/jpeg"}],"twitter_card":"summary_large_image","schema":{"@context":"https:\/\/schema.org","@graph":[{"@type":"WebPage","@id":"https:\/\/tupique.com\/product\/webcam-logitech-rally-4k-ultra-hd\/","url":"https:\/\/tupique.com\/product\/webcam-logitech-rally-4k-ultra-hd\/","name":"Webcam Logitech RALLY 4K Ultra HD - Tupique","isPartOf":{"@id":"https:\/\/tupique.com\/#website"},"primaryImageOfPage":{"@id":"https:\/\/tupique.com\/product\/webcam-logitech-rally-4k-ultra-hd\/#primaryimage"},"image":{"@id":"https:\/\/tupique.com\/product\/webcam-logitech-rally-4k-ultra-hd\/#primaryimage"},"thumbnailUrl":"https:\/\/tupique.com\/wp-content\/uploads\/2026\/03\/295110051.jpg","datePublished":"2026-03-29T11:01:09+00:00","dateModified":"2026-04-11T02:47:33+00:00","breadcrumb":{"@id":"https:\/\/tupique.com\/product\/webcam-logitech-rally-4k-ultra-hd\/#breadcrumb"},"inLanguage":"pt-PT","potentialAction":[{"@type":"ReadAction","target":["https:\/\/tupique.com\/product\/webcam-logitech-rally-4k-ultra-hd\/"]}]},{"@type":"ImageObject","inLanguage":"pt-PT","@id":"https:\/\/tupique.com\/product\/webcam-logitech-rally-4k-ultra-hd\/#primaryimage","url":"https:\/\/tupique.com\/wp-content\/uploads\/2026\/03\/295110051.jpg","contentUrl":"https:\/\/tupique.com\/wp-content\/uploads\/2026\/03\/295110051.jpg","width":1200,"height":1200,"caption":"S55080526_0"},{"@type":"BreadcrumbList","@id":"https:\/\/tupique.com\/product\/webcam-logitech-rally-4k-ultra-hd\/#breadcrumb","itemListElement":[{"@type":"ListItem","position":1,"name":"commencer","item":"https:\/\/tupique.com\/"},{"@type":"ListItem","position":2,"name":"Loja","item":"https:\/\/tupique.com\/loja\/"},{"@type":"ListItem","position":3,"name":"Webcam Logitech RALLY 4K Ultra HD"}]},{"@type":"WebSite","@id":"https:\/\/tupique.com\/#website","url":"https:\/\/tupique.com\/","name":"Tupique","description":"","publisher":{"@id":"https:\/\/tupique.com\/#organization"},"potentialAction":[{"@type":"SearchAction","target":{"@type":"EntryPoint","urlTemplate":"https:\/\/tupique.com\/?s={search_term_string}"},"query-input":{"@type":"PropertyValueSpecification","valueRequired":true,"valueName":"search_term_string"}}],"inLanguage":"pt-PT"},{"@type":"Organization","@id":"https:\/\/tupique.com\/#organization","name":"Tupique","url":"https:\/\/tupique.com\/","logo":{"@type":"ImageObject","inLanguage":"pt-PT","@id":"https:\/\/tupique.com\/#\/schema\/logo\/image\/","url":"https:\/\/tupique.com\/wp-content\/uploads\/2026\/03\/logo-tupique-1.webp","contentUrl":"https:\/\/tupique.com\/wp-content\/uploads\/2026\/03\/logo-tupique-1.webp","width":500,"height":67,"caption":"Tupique"},"image":{"@id":"https:\/\/tupique.com\/#\/schema\/logo\/image\/"}}]}},"_links":{"self":[{"href":"https:\/\/tupique.com\/pt\/wp-json\/wp\/v2\/product\/14336","targetHints":{"allow":["GET"]}}],"collection":[{"href":"https:\/\/tupique.com\/pt\/wp-json\/wp\/v2\/product"}],"about":[{"href":"https:\/\/tupique.com\/pt\/wp-json\/wp\/v2\/types\/product"}],"replies":[{"embeddable":true,"href":"https:\/\/tupique.com\/pt\/wp-json\/wp\/v2\/comments?post=14336"}],"wp:featuredmedia":[{"embeddable":true,"href":"https:\/\/tupique.com\/pt\/wp-json\/wp\/v2\/media\/14333"}],"wp:attachment":[{"href":"https:\/\/tupique.com\/pt\/wp-json\/wp\/v2\/media?parent=14336"}],"wp:term":[{"taxonomy":"product_brand","embeddable":true,"href":"https:\/\/tupique.com\/pt\/wp-json\/wp\/v2\/product_brand?post=14336"},{"taxonomy":"product_cat","embeddable":true,"href":"https:\/\/tupique.com\/pt\/wp-json\/wp\/v2\/product_cat?post=14336"},{"taxonomy":"product_tag","embeddable":true,"href":"https:\/\/tupique.com\/pt\/wp-json\/wp\/v2\/product_tag?post=14336"}],"curies":[{"name":"wp","href":"https:\/\/api.w.org\/{rel}","templated":true}]}}