{"id":14716,"date":"2026-03-29T12:20:12","date_gmt":"2026-03-29T11:20:12","guid":{"rendered":"https:\/\/bigbuy.tupique.com\/produto\/screen-table-support-ergotron-33-324-200-black-24\/"},"modified":"2026-03-29T12:20:12","modified_gmt":"2026-03-29T11:20:12","slug":"screen-table-support-ergotron-33-324-200-black-24","status":"publish","type":"product","link":"https:\/\/tupique.com\/pt\/product\/screen-table-support-ergotron-33-324-200-black-24\/","title":{"rendered":"Screen Table Support Ergotron 33-324-200 Black 24&#8243;"},"content":{"rendered":"<p>Se tem paix\u00e3o por <b>TI e eletr\u00f3nica<\/b>, como estar a par das novidades tecnol\u00f3gicas e n\u00e3o falhar nem o mais \u00ednfimo detalhe, compre <b> Screen Table Support Ergotron 33-324-200 Black 24&#8243; <\/b> a um pre\u00e7o imbat\u00edvel.<\/p>\n<ul>\n<li>Cor: Preto<\/li>\n<li>Max. supported weight: 14 Kg<\/li>\n<li>Compat\u00edvel\n<ul>\n<li>VESA 75 x 75 mm<\/li>\n<li>VESA 100 x 100 mm<\/li>\n<li>VESA 100 x 100<\/li>\n<\/ul>\n<\/li>\n<li>Tens\u00e3o: 240 V<\/li>\n<li>Inches: 24&#8243;<\/li>\n<li>Connections: SATA<\/li>\n<li>Turn: 360\u00ba<\/li>\n<li>Contains: User manual<\/li>\n<li>Diagonal of the screen (cm): 61 cm<\/li>\n<\/ul>","protected":false},"excerpt":{"rendered":"<p>If you&#8217;re passionate about IT and electronics, like being up to date on technology and don&#8217;t miss even the slightest details, buy Screen Table Support Ergotron 33-324-200 Black 24&#8243; at an unbeatable price. Colour: Black Max. supported weight: 14 Kg Compatible: VESA 75 x 75 mm VESA 100 x 100 mm VESA 100 x 100 [&hellip;]<\/p>\n","protected":false},"featured_media":14714,"comment_status":"open","ping_status":"closed","template":"","meta":[],"product_brand":[659],"product_cat":[65,581,586],"product_tag":[106],"class_list":{"0":"post-14716","1":"product","2":"type-product","3":"status-publish","4":"has-post-thumbnail","6":"product_brand-brandp_4773","7":"product_cat-computers-electronics","8":"product_cat-electronics-peripherals-and-spares","9":"product_cat-screen-mounts","10":"product_tag-tag_1295","12":"first","13":"instock","14":"taxable","15":"shipping-taxable","16":"purchasable","17":"product-type-simple"},"yoast_head":"<!-- This site is optimized with the Yoast SEO plugin v27.5 - https:\/\/yoast.com\/product\/yoast-seo-wordpress\/ -->\n<title>Screen Table Support Ergotron 33-324-200 Black 24&quot; - Tupique<\/title>\n<meta name=\"robots\" content=\"index, follow, max-snippet:-1, max-image-preview:large, max-video-preview:-1\" \/>\n<link rel=\"canonical\" href=\"https:\/\/tupique.com\/pt\/product\/screen-table-support-ergotron-33-324-200-black-24\/\" \/>\n<meta property=\"og:locale\" content=\"pt_PT\" \/>\n<meta property=\"og:type\" content=\"article\" \/>\n<meta property=\"og:title\" content=\"Screen Table Support Ergotron 33-324-200 Black 24&quot; - Tupique\" \/>\n<meta property=\"og:description\" content=\"If you&#8217;re passionate about IT and electronics, like being up to date on technology and don&#8217;t miss even the slightest details, buy Screen Table Support Ergotron 33-324-200 Black 24&#8243; at an unbeatable price. Colour: Black Max. supported weight: 14 Kg Compatible: VESA 75 x 75 mm VESA 100 x 100 mm VESA 100 x 100 [&hellip;]\" \/>\n<meta property=\"og:url\" content=\"https:\/\/tupique.com\/pt\/product\/screen-table-support-ergotron-33-324-200-black-24\/\" \/>\n<meta property=\"og:site_name\" content=\"Tupique\" \/>\n<meta property=\"og:image\" content=\"https:\/\/tupique.com\/wp-content\/uploads\/2026\/03\/15728632.jpg\" \/>\n\t<meta property=\"og:image:width\" content=\"1200\" \/>\n\t<meta property=\"og:image:height\" content=\"1200\" \/>\n\t<meta property=\"og:image:type\" content=\"image\/jpeg\" \/>\n<meta name=\"twitter:card\" content=\"summary_large_image\" \/>\n<script type=\"application\/ld+json\" class=\"yoast-schema-graph\">{\"@context\":\"https:\\\/\\\/schema.org\",\"@graph\":[{\"@type\":\"WebPage\",\"@id\":\"https:\\\/\\\/tupique.com\\\/product\\\/screen-table-support-ergotron-33-324-200-black-24\\\/\",\"url\":\"https:\\\/\\\/tupique.com\\\/product\\\/screen-table-support-ergotron-33-324-200-black-24\\\/\",\"name\":\"Screen Table Support Ergotron 33-324-200 Black 24\\\" - Tupique\",\"isPartOf\":{\"@id\":\"https:\\\/\\\/tupique.com\\\/#website\"},\"primaryImageOfPage\":{\"@id\":\"https:\\\/\\\/tupique.com\\\/product\\\/screen-table-support-ergotron-33-324-200-black-24\\\/#primaryimage\"},\"image\":{\"@id\":\"https:\\\/\\\/tupique.com\\\/product\\\/screen-table-support-ergotron-33-324-200-black-24\\\/#primaryimage\"},\"thumbnailUrl\":\"https:\\\/\\\/tupique.com\\\/wp-content\\\/uploads\\\/2026\\\/03\\\/15728632.jpg\",\"datePublished\":\"2026-03-29T11:20:12+00:00\",\"breadcrumb\":{\"@id\":\"https:\\\/\\\/tupique.com\\\/product\\\/screen-table-support-ergotron-33-324-200-black-24\\\/#breadcrumb\"},\"inLanguage\":\"pt-PT\",\"potentialAction\":[{\"@type\":\"ReadAction\",\"target\":[\"https:\\\/\\\/tupique.com\\\/product\\\/screen-table-support-ergotron-33-324-200-black-24\\\/\"]}]},{\"@type\":\"ImageObject\",\"inLanguage\":\"pt-PT\",\"@id\":\"https:\\\/\\\/tupique.com\\\/product\\\/screen-table-support-ergotron-33-324-200-black-24\\\/#primaryimage\",\"url\":\"https:\\\/\\\/tupique.com\\\/wp-content\\\/uploads\\\/2026\\\/03\\\/15728632.jpg\",\"contentUrl\":\"https:\\\/\\\/tupique.com\\\/wp-content\\\/uploads\\\/2026\\\/03\\\/15728632.jpg\",\"width\":1200,\"height\":1200,\"caption\":\"S55021398_0\"},{\"@type\":\"BreadcrumbList\",\"@id\":\"https:\\\/\\\/tupique.com\\\/product\\\/screen-table-support-ergotron-33-324-200-black-24\\\/#breadcrumb\",\"itemListElement\":[{\"@type\":\"ListItem\",\"position\":1,\"name\":\"commencer\",\"item\":\"https:\\\/\\\/tupique.com\\\/\"},{\"@type\":\"ListItem\",\"position\":2,\"name\":\"Loja\",\"item\":\"https:\\\/\\\/tupique.com\\\/loja\\\/\"},{\"@type\":\"ListItem\",\"position\":3,\"name\":\"Screen Table Support Ergotron 33-324-200 Black 24&#8243;\"}]},{\"@type\":\"WebSite\",\"@id\":\"https:\\\/\\\/tupique.com\\\/#website\",\"url\":\"https:\\\/\\\/tupique.com\\\/\",\"name\":\"Tupique\",\"description\":\"\",\"publisher\":{\"@id\":\"https:\\\/\\\/tupique.com\\\/#organization\"},\"potentialAction\":[{\"@type\":\"SearchAction\",\"target\":{\"@type\":\"EntryPoint\",\"urlTemplate\":\"https:\\\/\\\/tupique.com\\\/?s={search_term_string}\"},\"query-input\":{\"@type\":\"PropertyValueSpecification\",\"valueRequired\":true,\"valueName\":\"search_term_string\"}}],\"inLanguage\":\"pt-PT\"},{\"@type\":\"Organization\",\"@id\":\"https:\\\/\\\/tupique.com\\\/#organization\",\"name\":\"Tupique\",\"url\":\"https:\\\/\\\/tupique.com\\\/\",\"logo\":{\"@type\":\"ImageObject\",\"inLanguage\":\"pt-PT\",\"@id\":\"https:\\\/\\\/tupique.com\\\/#\\\/schema\\\/logo\\\/image\\\/\",\"url\":\"https:\\\/\\\/tupique.com\\\/wp-content\\\/uploads\\\/2026\\\/03\\\/logo-tupique-1.webp\",\"contentUrl\":\"https:\\\/\\\/tupique.com\\\/wp-content\\\/uploads\\\/2026\\\/03\\\/logo-tupique-1.webp\",\"width\":500,\"height\":67,\"caption\":\"Tupique\"},\"image\":{\"@id\":\"https:\\\/\\\/tupique.com\\\/#\\\/schema\\\/logo\\\/image\\\/\"}}]}<\/script>\n<!-- \/ Yoast SEO plugin. -->","yoast_head_json":{"title":"Screen Table Support Ergotron 33-324-200 Black 24\" - Tupique","robots":{"index":"index","follow":"follow","max-snippet":"max-snippet:-1","max-image-preview":"max-image-preview:large","max-video-preview":"max-video-preview:-1"},"canonical":"https:\/\/tupique.com\/pt\/product\/screen-table-support-ergotron-33-324-200-black-24\/","og_locale":"pt_PT","og_type":"article","og_title":"Screen Table Support Ergotron 33-324-200 Black 24\" - Tupique","og_description":"If you&#8217;re passionate about IT and electronics, like being up to date on technology and don&#8217;t miss even the slightest details, buy Screen Table Support Ergotron 33-324-200 Black 24&#8243; at an unbeatable price. Colour: Black Max. supported weight: 14 Kg Compatible: VESA 75 x 75 mm VESA 100 x 100 mm VESA 100 x 100 [&hellip;]","og_url":"https:\/\/tupique.com\/pt\/product\/screen-table-support-ergotron-33-324-200-black-24\/","og_site_name":"Tupique","og_image":[{"width":1200,"height":1200,"url":"https:\/\/tupique.com\/wp-content\/uploads\/2026\/03\/15728632.jpg","type":"image\/jpeg"}],"twitter_card":"summary_large_image","schema":{"@context":"https:\/\/schema.org","@graph":[{"@type":"WebPage","@id":"https:\/\/tupique.com\/product\/screen-table-support-ergotron-33-324-200-black-24\/","url":"https:\/\/tupique.com\/product\/screen-table-support-ergotron-33-324-200-black-24\/","name":"Screen Table Support Ergotron 33-324-200 Black 24\" - Tupique","isPartOf":{"@id":"https:\/\/tupique.com\/#website"},"primaryImageOfPage":{"@id":"https:\/\/tupique.com\/product\/screen-table-support-ergotron-33-324-200-black-24\/#primaryimage"},"image":{"@id":"https:\/\/tupique.com\/product\/screen-table-support-ergotron-33-324-200-black-24\/#primaryimage"},"thumbnailUrl":"https:\/\/tupique.com\/wp-content\/uploads\/2026\/03\/15728632.jpg","datePublished":"2026-03-29T11:20:12+00:00","breadcrumb":{"@id":"https:\/\/tupique.com\/product\/screen-table-support-ergotron-33-324-200-black-24\/#breadcrumb"},"inLanguage":"pt-PT","potentialAction":[{"@type":"ReadAction","target":["https:\/\/tupique.com\/product\/screen-table-support-ergotron-33-324-200-black-24\/"]}]},{"@type":"ImageObject","inLanguage":"pt-PT","@id":"https:\/\/tupique.com\/product\/screen-table-support-ergotron-33-324-200-black-24\/#primaryimage","url":"https:\/\/tupique.com\/wp-content\/uploads\/2026\/03\/15728632.jpg","contentUrl":"https:\/\/tupique.com\/wp-content\/uploads\/2026\/03\/15728632.jpg","width":1200,"height":1200,"caption":"S55021398_0"},{"@type":"BreadcrumbList","@id":"https:\/\/tupique.com\/product\/screen-table-support-ergotron-33-324-200-black-24\/#breadcrumb","itemListElement":[{"@type":"ListItem","position":1,"name":"commencer","item":"https:\/\/tupique.com\/"},{"@type":"ListItem","position":2,"name":"Loja","item":"https:\/\/tupique.com\/loja\/"},{"@type":"ListItem","position":3,"name":"Screen Table Support Ergotron 33-324-200 Black 24&#8243;"}]},{"@type":"WebSite","@id":"https:\/\/tupique.com\/#website","url":"https:\/\/tupique.com\/","name":"Tupique","description":"","publisher":{"@id":"https:\/\/tupique.com\/#organization"},"potentialAction":[{"@type":"SearchAction","target":{"@type":"EntryPoint","urlTemplate":"https:\/\/tupique.com\/?s={search_term_string}"},"query-input":{"@type":"PropertyValueSpecification","valueRequired":true,"valueName":"search_term_string"}}],"inLanguage":"pt-PT"},{"@type":"Organization","@id":"https:\/\/tupique.com\/#organization","name":"Tupique","url":"https:\/\/tupique.com\/","logo":{"@type":"ImageObject","inLanguage":"pt-PT","@id":"https:\/\/tupique.com\/#\/schema\/logo\/image\/","url":"https:\/\/tupique.com\/wp-content\/uploads\/2026\/03\/logo-tupique-1.webp","contentUrl":"https:\/\/tupique.com\/wp-content\/uploads\/2026\/03\/logo-tupique-1.webp","width":500,"height":67,"caption":"Tupique"},"image":{"@id":"https:\/\/tupique.com\/#\/schema\/logo\/image\/"}}]}},"_links":{"self":[{"href":"https:\/\/tupique.com\/pt\/wp-json\/wp\/v2\/product\/14716","targetHints":{"allow":["GET"]}}],"collection":[{"href":"https:\/\/tupique.com\/pt\/wp-json\/wp\/v2\/product"}],"about":[{"href":"https:\/\/tupique.com\/pt\/wp-json\/wp\/v2\/types\/product"}],"replies":[{"embeddable":true,"href":"https:\/\/tupique.com\/pt\/wp-json\/wp\/v2\/comments?post=14716"}],"wp:featuredmedia":[{"embeddable":true,"href":"https:\/\/tupique.com\/pt\/wp-json\/wp\/v2\/media\/14714"}],"wp:attachment":[{"href":"https:\/\/tupique.com\/pt\/wp-json\/wp\/v2\/media?parent=14716"}],"wp:term":[{"taxonomy":"product_brand","embeddable":true,"href":"https:\/\/tupique.com\/pt\/wp-json\/wp\/v2\/product_brand?post=14716"},{"taxonomy":"product_cat","embeddable":true,"href":"https:\/\/tupique.com\/pt\/wp-json\/wp\/v2\/product_cat?post=14716"},{"taxonomy":"product_tag","embeddable":true,"href":"https:\/\/tupique.com\/pt\/wp-json\/wp\/v2\/product_tag?post=14716"}],"curies":[{"name":"wp","href":"https:\/\/api.w.org\/{rel}","templated":true}]}}