{"id":148113,"date":"2026-04-08T17:48:16","date_gmt":"2026-04-08T16:48:16","guid":{"rendered":"https:\/\/bigbuy.tupique.com\/?post_type=product&#038;p=148113"},"modified":"2026-04-08T21:46:48","modified_gmt":"2026-04-08T20:46:48","slug":"imprimante-multifonction-brother-mfc-j6955dw","status":"publish","type":"product","link":"https:\/\/tupique.com\/pt\/product\/imprimante-multifonction-brother-mfc-j6955dw\/","title":{"rendered":"Impressora Multifuncional Brother MFC-J6955DW"},"content":{"rendered":"<div class=\"wp-block-columns is-layout-flex wp-container-core-columns-is-layout-28f84493 wp-block-columns-is-layout-flex\">\n<div class=\"wp-block-column is-vertically-aligned-center is-layout-flow wp-block-column-is-layout-flow\">\n<h4 class=\"wp-block-heading\">LE PRODUIT<\/h4>\n\n\n\n<h2 class=\"wp-block-heading\">Caract\u00e9ristiques du produit<\/h2>\n\n\n\n<p>L&#8217;imprimante HP Smart Tank 581 vous offre un excellent rapport qualit\u00e9-prix gr\u00e2ce \u00e0 son r\u00e9servoir d&#8217;encre intelligent. Profitez de la fiabilit\u00e9 au quotidien de cette imprimante multifonction sans fil\u00a0: la qualit\u00e9 HP que vous attendez et les \u00e9conomies dont vous avez besoin.<\/p>\n<\/div>\n\n\n\n<div class=\"wp-block-column is-vertically-aligned-center is-layout-flow wp-block-column-is-layout-flow\">\n<figure class=\"wp-block-image size-large\"><img fetchpriority=\"high\" decoding=\"async\" width=\"1024\" height=\"683\" src=\"https:\/\/tupique.com\/wp-content\/uploads\/2026\/04\/b7824cd9c7920d4d8955f3d3f456b1b8cbef1368-1024x683.jpg\" alt=\"\" class=\"wp-image-148945\" srcset=\"https:\/\/tupique.com\/wp-content\/uploads\/2026\/04\/b7824cd9c7920d4d8955f3d3f456b1b8cbef1368-1024x683.jpg 1024w, https:\/\/tupique.com\/wp-content\/uploads\/2026\/04\/b7824cd9c7920d4d8955f3d3f456b1b8cbef1368-300x200.jpg 300w, https:\/\/tupique.com\/wp-content\/uploads\/2026\/04\/b7824cd9c7920d4d8955f3d3f456b1b8cbef1368-768x512.jpg 768w, https:\/\/tupique.com\/wp-content\/uploads\/2026\/04\/b7824cd9c7920d4d8955f3d3f456b1b8cbef1368-1536x1024.jpg 1536w, https:\/\/tupique.com\/wp-content\/uploads\/2026\/04\/b7824cd9c7920d4d8955f3d3f456b1b8cbef1368-2048x1366.jpg 2048w, https:\/\/tupique.com\/wp-content\/uploads\/2026\/04\/b7824cd9c7920d4d8955f3d3f456b1b8cbef1368-990x660.jpg 990w, https:\/\/tupique.com\/wp-content\/uploads\/2026\/04\/b7824cd9c7920d4d8955f3d3f456b1b8cbef1368-441x294.jpg 441w, https:\/\/tupique.com\/wp-content\/uploads\/2026\/04\/b7824cd9c7920d4d8955f3d3f456b1b8cbef1368-150x100.jpg 150w\" sizes=\"(max-width: 1024px) 100vw, 1024px\" \/><\/figure>\n<\/div>\n<\/div>\n\n\n\n<div class=\"wp-block-columns is-layout-flex wp-container-core-columns-is-layout-28f84493 wp-block-columns-is-layout-flex\">\n<div class=\"wp-block-column is-layout-flow wp-block-column-is-layout-flow\">\n<figure class=\"wp-block-image size-large\"><img decoding=\"async\" width=\"1024\" height=\"683\" src=\"https:\/\/tupique.com\/wp-content\/uploads\/2026\/04\/eaaa82cf2c5f6e60bdc5358fb58aa9612623d475-1024x683.jpg\" alt=\"\" class=\"wp-image-149063\" srcset=\"https:\/\/tupique.com\/wp-content\/uploads\/2026\/04\/eaaa82cf2c5f6e60bdc5358fb58aa9612623d475-1024x683.jpg 1024w, https:\/\/tupique.com\/wp-content\/uploads\/2026\/04\/eaaa82cf2c5f6e60bdc5358fb58aa9612623d475-300x200.jpg 300w, https:\/\/tupique.com\/wp-content\/uploads\/2026\/04\/eaaa82cf2c5f6e60bdc5358fb58aa9612623d475-768x512.jpg 768w, https:\/\/tupique.com\/wp-content\/uploads\/2026\/04\/eaaa82cf2c5f6e60bdc5358fb58aa9612623d475-1536x1024.jpg 1536w, https:\/\/tupique.com\/wp-content\/uploads\/2026\/04\/eaaa82cf2c5f6e60bdc5358fb58aa9612623d475-2048x1366.jpg 2048w, https:\/\/tupique.com\/wp-content\/uploads\/2026\/04\/eaaa82cf2c5f6e60bdc5358fb58aa9612623d475-990x660.jpg 990w, https:\/\/tupique.com\/wp-content\/uploads\/2026\/04\/eaaa82cf2c5f6e60bdc5358fb58aa9612623d475-441x294.jpg 441w, https:\/\/tupique.com\/wp-content\/uploads\/2026\/04\/eaaa82cf2c5f6e60bdc5358fb58aa9612623d475-150x100.jpg 150w\" sizes=\"(max-width: 1024px) 100vw, 1024px\" \/><\/figure>\n<\/div>\n\n\n\n<div class=\"wp-block-column is-vertically-aligned-center is-layout-flow wp-block-column-is-layout-flow\">\n<h4 class=\"wp-block-heading\">LE PRODUIT<\/h4>\n\n\n\n<h2 class=\"wp-block-heading\">Caract\u00e9ristiques du produit<\/h2>\n\n\n\n<p>L&#8217;imprimante HP Smart Tank 581 vous offre un excellent rapport qualit\u00e9-prix gr\u00e2ce \u00e0 son r\u00e9servoir d&#8217;encre intelligent. Profitez de la fiabilit\u00e9 au quotidien de cette imprimante multifonction sans fil\u00a0: la qualit\u00e9 HP que vous attendez et les \u00e9conomies dont vous avez besoin.<\/p>\n<\/div>\n<\/div>\n\n\n\n<p><\/p>","protected":false},"excerpt":{"rendered":"<p>Lorem ipsum dolor sit amet consectetur. Habitant vel eu vitae in aliquet neque enim faucibus sed. Viverra ornare pharetra et velit ut tincidunt nibh. Lacus sed sagittis vitae dui.<\/p>","protected":false},"featured_media":148158,"comment_status":"open","ping_status":"closed","template":"","meta":[],"product_brand":[],"product_cat":[65],"product_tag":[],"class_list":{"0":"post-148113","1":"product","2":"type-product","3":"status-publish","4":"has-post-thumbnail","6":"product_cat-informatique-electronique","8":"first","9":"instock","10":"sale","11":"taxable","12":"shipping-taxable","13":"purchasable","14":"product-type-simple"},"yoast_head":"<!-- This site is optimized with the Yoast SEO plugin v27.5 - https:\/\/yoast.com\/product\/yoast-seo-wordpress\/ -->\n<title>Imprimante Multifonction Brother MFC-J6955DW - Tupique<\/title>\n<meta name=\"robots\" content=\"index, follow, max-snippet:-1, max-image-preview:large, max-video-preview:-1\" \/>\n<link rel=\"canonical\" href=\"https:\/\/tupique.com\/pt\/product\/imprimante-multifonction-brother-mfc-j6955dw\/\" \/>\n<meta property=\"og:locale\" content=\"pt_PT\" \/>\n<meta property=\"og:type\" content=\"article\" \/>\n<meta property=\"og:title\" content=\"Imprimante Multifonction Brother MFC-J6955DW - Tupique\" \/>\n<meta property=\"og:description\" content=\"Lorem ipsum dolor sit amet consectetur. Habitant vel eu vitae in aliquet neque enim faucibus sed. Viverra ornare pharetra et velit ut tincidunt nibh. Lacus sed sagittis vitae dui.\" \/>\n<meta property=\"og:url\" content=\"https:\/\/tupique.com\/pt\/product\/imprimante-multifonction-brother-mfc-j6955dw\/\" \/>\n<meta property=\"og:site_name\" content=\"Tupique\" \/>\n<meta property=\"article:modified_time\" content=\"2026-04-08T20:46:48+00:00\" \/>\n<meta property=\"og:image\" content=\"https:\/\/tupique.com\/wp-content\/uploads\/2026\/04\/image-5.png\" \/>\n\t<meta property=\"og:image:width\" content=\"648\" \/>\n\t<meta property=\"og:image:height\" content=\"648\" \/>\n\t<meta property=\"og:image:type\" content=\"image\/png\" \/>\n<meta name=\"twitter:card\" content=\"summary_large_image\" \/>\n<meta name=\"twitter:label1\" content=\"Tempo estimado de leitura\" \/>\n\t<meta name=\"twitter:data1\" content=\"2 minutos\" \/>\n<script type=\"application\/ld+json\" class=\"yoast-schema-graph\">{\"@context\":\"https:\\\/\\\/schema.org\",\"@graph\":[{\"@type\":\"WebPage\",\"@id\":\"https:\\\/\\\/tupique.com\\\/product\\\/imprimante-multifonction-brother-mfc-j6955dw\\\/\",\"url\":\"https:\\\/\\\/tupique.com\\\/product\\\/imprimante-multifonction-brother-mfc-j6955dw\\\/\",\"name\":\"Imprimante Multifonction Brother MFC-J6955DW - Tupique\",\"isPartOf\":{\"@id\":\"https:\\\/\\\/tupique.com\\\/#website\"},\"primaryImageOfPage\":{\"@id\":\"https:\\\/\\\/tupique.com\\\/product\\\/imprimante-multifonction-brother-mfc-j6955dw\\\/#primaryimage\"},\"image\":{\"@id\":\"https:\\\/\\\/tupique.com\\\/product\\\/imprimante-multifonction-brother-mfc-j6955dw\\\/#primaryimage\"},\"thumbnailUrl\":\"https:\\\/\\\/tupique.com\\\/wp-content\\\/uploads\\\/2026\\\/04\\\/image-5.png\",\"datePublished\":\"2026-04-08T16:48:16+00:00\",\"dateModified\":\"2026-04-08T20:46:48+00:00\",\"breadcrumb\":{\"@id\":\"https:\\\/\\\/tupique.com\\\/product\\\/imprimante-multifonction-brother-mfc-j6955dw\\\/#breadcrumb\"},\"inLanguage\":\"pt-PT\",\"potentialAction\":[{\"@type\":\"ReadAction\",\"target\":[\"https:\\\/\\\/tupique.com\\\/product\\\/imprimante-multifonction-brother-mfc-j6955dw\\\/\"]}]},{\"@type\":\"ImageObject\",\"inLanguage\":\"pt-PT\",\"@id\":\"https:\\\/\\\/tupique.com\\\/product\\\/imprimante-multifonction-brother-mfc-j6955dw\\\/#primaryimage\",\"url\":\"https:\\\/\\\/tupique.com\\\/wp-content\\\/uploads\\\/2026\\\/04\\\/image-5.png\",\"contentUrl\":\"https:\\\/\\\/tupique.com\\\/wp-content\\\/uploads\\\/2026\\\/04\\\/image-5.png\",\"width\":648,\"height\":648},{\"@type\":\"BreadcrumbList\",\"@id\":\"https:\\\/\\\/tupique.com\\\/product\\\/imprimante-multifonction-brother-mfc-j6955dw\\\/#breadcrumb\",\"itemListElement\":[{\"@type\":\"ListItem\",\"position\":1,\"name\":\"commencer\",\"item\":\"https:\\\/\\\/tupique.com\\\/\"},{\"@type\":\"ListItem\",\"position\":2,\"name\":\"Loja\",\"item\":\"https:\\\/\\\/tupique.com\\\/loja\\\/\"},{\"@type\":\"ListItem\",\"position\":3,\"name\":\"Imprimante Multifonction Brother MFC-J6955DW\"}]},{\"@type\":\"WebSite\",\"@id\":\"https:\\\/\\\/tupique.com\\\/#website\",\"url\":\"https:\\\/\\\/tupique.com\\\/\",\"name\":\"Tupique\",\"description\":\"\",\"publisher\":{\"@id\":\"https:\\\/\\\/tupique.com\\\/#organization\"},\"potentialAction\":[{\"@type\":\"SearchAction\",\"target\":{\"@type\":\"EntryPoint\",\"urlTemplate\":\"https:\\\/\\\/tupique.com\\\/?s={search_term_string}\"},\"query-input\":{\"@type\":\"PropertyValueSpecification\",\"valueRequired\":true,\"valueName\":\"search_term_string\"}}],\"inLanguage\":\"pt-PT\"},{\"@type\":\"Organization\",\"@id\":\"https:\\\/\\\/tupique.com\\\/#organization\",\"name\":\"Tupique\",\"url\":\"https:\\\/\\\/tupique.com\\\/\",\"logo\":{\"@type\":\"ImageObject\",\"inLanguage\":\"pt-PT\",\"@id\":\"https:\\\/\\\/tupique.com\\\/#\\\/schema\\\/logo\\\/image\\\/\",\"url\":\"https:\\\/\\\/tupique.com\\\/wp-content\\\/uploads\\\/2026\\\/03\\\/logo-tupique-1.webp\",\"contentUrl\":\"https:\\\/\\\/tupique.com\\\/wp-content\\\/uploads\\\/2026\\\/03\\\/logo-tupique-1.webp\",\"width\":500,\"height\":67,\"caption\":\"Tupique\"},\"image\":{\"@id\":\"https:\\\/\\\/tupique.com\\\/#\\\/schema\\\/logo\\\/image\\\/\"}}]}<\/script>\n<!-- \/ Yoast SEO plugin. -->","yoast_head_json":{"title":"Imprimante Multifonction Brother MFC-J6955DW - Tupique","robots":{"index":"index","follow":"follow","max-snippet":"max-snippet:-1","max-image-preview":"max-image-preview:large","max-video-preview":"max-video-preview:-1"},"canonical":"https:\/\/tupique.com\/pt\/product\/imprimante-multifonction-brother-mfc-j6955dw\/","og_locale":"pt_PT","og_type":"article","og_title":"Imprimante Multifonction Brother MFC-J6955DW - Tupique","og_description":"Lorem ipsum dolor sit amet consectetur. Habitant vel eu vitae in aliquet neque enim faucibus sed. Viverra ornare pharetra et velit ut tincidunt nibh. Lacus sed sagittis vitae dui.","og_url":"https:\/\/tupique.com\/pt\/product\/imprimante-multifonction-brother-mfc-j6955dw\/","og_site_name":"Tupique","article_modified_time":"2026-04-08T20:46:48+00:00","og_image":[{"width":648,"height":648,"url":"https:\/\/tupique.com\/wp-content\/uploads\/2026\/04\/image-5.png","type":"image\/png"}],"twitter_card":"summary_large_image","twitter_misc":{"Tempo estimado de leitura":"2 minutos"},"schema":{"@context":"https:\/\/schema.org","@graph":[{"@type":"WebPage","@id":"https:\/\/tupique.com\/product\/imprimante-multifonction-brother-mfc-j6955dw\/","url":"https:\/\/tupique.com\/product\/imprimante-multifonction-brother-mfc-j6955dw\/","name":"Imprimante Multifonction Brother MFC-J6955DW - Tupique","isPartOf":{"@id":"https:\/\/tupique.com\/#website"},"primaryImageOfPage":{"@id":"https:\/\/tupique.com\/product\/imprimante-multifonction-brother-mfc-j6955dw\/#primaryimage"},"image":{"@id":"https:\/\/tupique.com\/product\/imprimante-multifonction-brother-mfc-j6955dw\/#primaryimage"},"thumbnailUrl":"https:\/\/tupique.com\/wp-content\/uploads\/2026\/04\/image-5.png","datePublished":"2026-04-08T16:48:16+00:00","dateModified":"2026-04-08T20:46:48+00:00","breadcrumb":{"@id":"https:\/\/tupique.com\/product\/imprimante-multifonction-brother-mfc-j6955dw\/#breadcrumb"},"inLanguage":"pt-PT","potentialAction":[{"@type":"ReadAction","target":["https:\/\/tupique.com\/product\/imprimante-multifonction-brother-mfc-j6955dw\/"]}]},{"@type":"ImageObject","inLanguage":"pt-PT","@id":"https:\/\/tupique.com\/product\/imprimante-multifonction-brother-mfc-j6955dw\/#primaryimage","url":"https:\/\/tupique.com\/wp-content\/uploads\/2026\/04\/image-5.png","contentUrl":"https:\/\/tupique.com\/wp-content\/uploads\/2026\/04\/image-5.png","width":648,"height":648},{"@type":"BreadcrumbList","@id":"https:\/\/tupique.com\/product\/imprimante-multifonction-brother-mfc-j6955dw\/#breadcrumb","itemListElement":[{"@type":"ListItem","position":1,"name":"commencer","item":"https:\/\/tupique.com\/"},{"@type":"ListItem","position":2,"name":"Loja","item":"https:\/\/tupique.com\/loja\/"},{"@type":"ListItem","position":3,"name":"Imprimante Multifonction Brother MFC-J6955DW"}]},{"@type":"WebSite","@id":"https:\/\/tupique.com\/#website","url":"https:\/\/tupique.com\/","name":"Tupique","description":"","publisher":{"@id":"https:\/\/tupique.com\/#organization"},"potentialAction":[{"@type":"SearchAction","target":{"@type":"EntryPoint","urlTemplate":"https:\/\/tupique.com\/?s={search_term_string}"},"query-input":{"@type":"PropertyValueSpecification","valueRequired":true,"valueName":"search_term_string"}}],"inLanguage":"pt-PT"},{"@type":"Organization","@id":"https:\/\/tupique.com\/#organization","name":"Tupique","url":"https:\/\/tupique.com\/","logo":{"@type":"ImageObject","inLanguage":"pt-PT","@id":"https:\/\/tupique.com\/#\/schema\/logo\/image\/","url":"https:\/\/tupique.com\/wp-content\/uploads\/2026\/03\/logo-tupique-1.webp","contentUrl":"https:\/\/tupique.com\/wp-content\/uploads\/2026\/03\/logo-tupique-1.webp","width":500,"height":67,"caption":"Tupique"},"image":{"@id":"https:\/\/tupique.com\/#\/schema\/logo\/image\/"}}]}},"_links":{"self":[{"href":"https:\/\/tupique.com\/pt\/wp-json\/wp\/v2\/product\/148113","targetHints":{"allow":["GET"]}}],"collection":[{"href":"https:\/\/tupique.com\/pt\/wp-json\/wp\/v2\/product"}],"about":[{"href":"https:\/\/tupique.com\/pt\/wp-json\/wp\/v2\/types\/product"}],"replies":[{"embeddable":true,"href":"https:\/\/tupique.com\/pt\/wp-json\/wp\/v2\/comments?post=148113"}],"wp:featuredmedia":[{"embeddable":true,"href":"https:\/\/tupique.com\/pt\/wp-json\/wp\/v2\/media\/148158"}],"wp:attachment":[{"href":"https:\/\/tupique.com\/pt\/wp-json\/wp\/v2\/media?parent=148113"}],"wp:term":[{"taxonomy":"product_brand","embeddable":true,"href":"https:\/\/tupique.com\/pt\/wp-json\/wp\/v2\/product_brand?post=148113"},{"taxonomy":"product_cat","embeddable":true,"href":"https:\/\/tupique.com\/pt\/wp-json\/wp\/v2\/product_cat?post=148113"},{"taxonomy":"product_tag","embeddable":true,"href":"https:\/\/tupique.com\/pt\/wp-json\/wp\/v2\/product_tag?post=148113"}],"curies":[{"name":"wp","href":"https:\/\/api.w.org\/{rel}","templated":true}]}}