{"id":148636,"date":"2026-04-08T18:16:35","date_gmt":"2026-04-08T17:16:35","guid":{"rendered":"https:\/\/bigbuy.tupique.com\/produto\/tablet-apple-3\/"},"modified":"2026-04-11T15:10:42","modified_gmt":"2026-04-11T14:10:42","slug":"tablet-apple-3","status":"publish","type":"product","link":"https:\/\/tupique.com\/pt\/product\/tablet-apple-3\/","title":{"rendered":"Tablet Apple"},"content":{"rendered":"<p>Se tem paix\u00e3o por <b>TI e eletr\u00f3nica<\/b>, como estar a par das novidades tecnol\u00f3gicas e n\u00e3o falhar nem o mais \u00ednfimo detalhe, compre <b> Tablet Apple iPad Air 2026 M4 128GB 13&#8243; Octa Core Apple M M4 12 GB 128 GB Grey <\/b> a um pre\u00e7o imbat\u00edvel.<\/p>\n<ul>\n<li>Tipo: Tablet<\/li>\n<li>Produto com ficha: Sim<\/li>\n<li>Fonte de alimenta\u00e7\u00e3o:\n<ul>\n<li>Battery<\/li>\n<li>Rede El\u00e9trica<\/li>\n<\/ul>\n<\/li>\n<li>Tipo de ficha: Ficha UE<\/li>\n<li>Screen type: Liquid Retina IPS LCD<\/li>\n<li>Tecnologia:\n<ul>\n<li>IPS LCD<\/li>\n<li>Retina LED<\/li>\n<li>LCD IPS<\/li>\n<\/ul>\n<\/li>\n<li>Operating System: iPadOS<\/li>\n<li>Conectividade:\n<ul>\n<li>Wi-Fi<\/li>\n<li>Glonass<\/li>\n<li>Assisted GPS function (A-GPS)<\/li>\n<\/ul>\n<\/li>\n<li>Camera: 12 mpx<\/li>\n<li>Connections: USB-C<\/li>\n<li>Screen: 13&#8243;<\/li>\n<li>Processador:\n<ul>\n<li>Octa Core<\/li>\n<li>Apple M M4<\/li>\n<\/ul>\n<\/li>\n<li>RAM Memory: 12 GB<\/li>\n<li>Internal Memory: 128 GB<\/li>\n<li>Cor: Cinzento<\/li>\n<\/ul>","protected":false},"excerpt":{"rendered":"<p>If you&#8217;re passionate about IT and electronics, like being up to date on technology and don&#8217;t miss even the slightest details, buy Tablet Apple iPad Air 2026 M4 128GB 13&#8243; Octa Core Apple M M4 12 GB 128 GB Grey at an unbeatable price. Type: Tablet Product with plug: Yes Power supply: Battery Electric Network [&hellip;]<\/p>\n","protected":false},"featured_media":148633,"comment_status":"open","ping_status":"closed","template":"","meta":[],"product_brand":[979],"product_cat":[65,575,1052],"product_tag":[566,106],"class_list":{"0":"post-148636","1":"product","2":"type-product","3":"status-publish","4":"has-post-thumbnail","6":"product_brand-brandp_533","7":"product_cat-informatique-electronique","8":"product_cat-electronique-telephonie-et-tablettes","9":"product_cat-tablettes","10":"product_tag-tag_547","11":"product_tag-tag_1295","13":"first","14":"instock","15":"taxable","16":"shipping-taxable","17":"purchasable","18":"product-type-simple"},"yoast_head":"<!-- This site is optimized with the Yoast SEO plugin v27.5 - https:\/\/yoast.com\/product\/yoast-seo-wordpress\/ -->\n<title>Tablet Apple - Tupique<\/title>\n<meta name=\"robots\" content=\"index, follow, max-snippet:-1, max-image-preview:large, max-video-preview:-1\" \/>\n<link rel=\"canonical\" href=\"https:\/\/tupique.com\/pt\/product\/tablet-apple-3\/\" \/>\n<meta property=\"og:locale\" content=\"pt_PT\" \/>\n<meta property=\"og:type\" content=\"article\" \/>\n<meta property=\"og:title\" content=\"Tablet Apple - Tupique\" \/>\n<meta property=\"og:description\" content=\"If you&#8217;re passionate about IT and electronics, like being up to date on technology and don&#8217;t miss even the slightest details, buy Tablet Apple iPad Air 2026 M4 128GB 13&#8243; Octa Core Apple M M4 12 GB 128 GB Grey at an unbeatable price. Type: Tablet Product with plug: Yes Power supply: Battery Electric Network [&hellip;]\" \/>\n<meta property=\"og:url\" content=\"https:\/\/tupique.com\/pt\/product\/tablet-apple-3\/\" \/>\n<meta property=\"og:site_name\" content=\"Tupique\" \/>\n<meta property=\"article:modified_time\" content=\"2026-04-11T14:10:42+00:00\" \/>\n<meta property=\"og:image\" content=\"https:\/\/tupique.com\/wp-content\/uploads\/2026\/04\/0195950797886_R00.jpg\" \/>\n\t<meta property=\"og:image:width\" content=\"1200\" \/>\n\t<meta property=\"og:image:height\" content=\"1200\" \/>\n\t<meta property=\"og:image:type\" content=\"image\/jpeg\" \/>\n<meta name=\"twitter:card\" content=\"summary_large_image\" \/>\n<script type=\"application\/ld+json\" class=\"yoast-schema-graph\">{\"@context\":\"https:\\\/\\\/schema.org\",\"@graph\":[{\"@type\":\"WebPage\",\"@id\":\"https:\\\/\\\/tupique.com\\\/product\\\/tablet-apple-3\\\/\",\"url\":\"https:\\\/\\\/tupique.com\\\/product\\\/tablet-apple-3\\\/\",\"name\":\"Tablet Apple - Tupique\",\"isPartOf\":{\"@id\":\"https:\\\/\\\/tupique.com\\\/#website\"},\"primaryImageOfPage\":{\"@id\":\"https:\\\/\\\/tupique.com\\\/product\\\/tablet-apple-3\\\/#primaryimage\"},\"image\":{\"@id\":\"https:\\\/\\\/tupique.com\\\/product\\\/tablet-apple-3\\\/#primaryimage\"},\"thumbnailUrl\":\"https:\\\/\\\/tupique.com\\\/wp-content\\\/uploads\\\/2026\\\/04\\\/0195950797886_R00.jpg\",\"datePublished\":\"2026-04-08T17:16:35+00:00\",\"dateModified\":\"2026-04-11T14:10:42+00:00\",\"breadcrumb\":{\"@id\":\"https:\\\/\\\/tupique.com\\\/product\\\/tablet-apple-3\\\/#breadcrumb\"},\"inLanguage\":\"pt-PT\",\"potentialAction\":[{\"@type\":\"ReadAction\",\"target\":[\"https:\\\/\\\/tupique.com\\\/product\\\/tablet-apple-3\\\/\"]}]},{\"@type\":\"ImageObject\",\"inLanguage\":\"pt-PT\",\"@id\":\"https:\\\/\\\/tupique.com\\\/product\\\/tablet-apple-3\\\/#primaryimage\",\"url\":\"https:\\\/\\\/tupique.com\\\/wp-content\\\/uploads\\\/2026\\\/04\\\/0195950797886_R00.jpg\",\"contentUrl\":\"https:\\\/\\\/tupique.com\\\/wp-content\\\/uploads\\\/2026\\\/04\\\/0195950797886_R00.jpg\",\"width\":1200,\"height\":1200,\"caption\":\"M0808057_0\"},{\"@type\":\"BreadcrumbList\",\"@id\":\"https:\\\/\\\/tupique.com\\\/product\\\/tablet-apple-3\\\/#breadcrumb\",\"itemListElement\":[{\"@type\":\"ListItem\",\"position\":1,\"name\":\"commencer\",\"item\":\"https:\\\/\\\/tupique.com\\\/\"},{\"@type\":\"ListItem\",\"position\":2,\"name\":\"Loja\",\"item\":\"https:\\\/\\\/tupique.com\\\/loja\\\/\"},{\"@type\":\"ListItem\",\"position\":3,\"name\":\"Tablet Apple\"}]},{\"@type\":\"WebSite\",\"@id\":\"https:\\\/\\\/tupique.com\\\/#website\",\"url\":\"https:\\\/\\\/tupique.com\\\/\",\"name\":\"Tupique\",\"description\":\"\",\"publisher\":{\"@id\":\"https:\\\/\\\/tupique.com\\\/#organization\"},\"potentialAction\":[{\"@type\":\"SearchAction\",\"target\":{\"@type\":\"EntryPoint\",\"urlTemplate\":\"https:\\\/\\\/tupique.com\\\/?s={search_term_string}\"},\"query-input\":{\"@type\":\"PropertyValueSpecification\",\"valueRequired\":true,\"valueName\":\"search_term_string\"}}],\"inLanguage\":\"pt-PT\"},{\"@type\":\"Organization\",\"@id\":\"https:\\\/\\\/tupique.com\\\/#organization\",\"name\":\"Tupique\",\"url\":\"https:\\\/\\\/tupique.com\\\/\",\"logo\":{\"@type\":\"ImageObject\",\"inLanguage\":\"pt-PT\",\"@id\":\"https:\\\/\\\/tupique.com\\\/#\\\/schema\\\/logo\\\/image\\\/\",\"url\":\"https:\\\/\\\/tupique.com\\\/wp-content\\\/uploads\\\/2026\\\/03\\\/logo-tupique-1.webp\",\"contentUrl\":\"https:\\\/\\\/tupique.com\\\/wp-content\\\/uploads\\\/2026\\\/03\\\/logo-tupique-1.webp\",\"width\":500,\"height\":67,\"caption\":\"Tupique\"},\"image\":{\"@id\":\"https:\\\/\\\/tupique.com\\\/#\\\/schema\\\/logo\\\/image\\\/\"}}]}<\/script>\n<!-- \/ Yoast SEO plugin. -->","yoast_head_json":{"title":"Tablet Apple - Tupique","robots":{"index":"index","follow":"follow","max-snippet":"max-snippet:-1","max-image-preview":"max-image-preview:large","max-video-preview":"max-video-preview:-1"},"canonical":"https:\/\/tupique.com\/pt\/product\/tablet-apple-3\/","og_locale":"pt_PT","og_type":"article","og_title":"Tablet Apple - Tupique","og_description":"If you&#8217;re passionate about IT and electronics, like being up to date on technology and don&#8217;t miss even the slightest details, buy Tablet Apple iPad Air 2026 M4 128GB 13&#8243; Octa Core Apple M M4 12 GB 128 GB Grey at an unbeatable price. Type: Tablet Product with plug: Yes Power supply: Battery Electric Network [&hellip;]","og_url":"https:\/\/tupique.com\/pt\/product\/tablet-apple-3\/","og_site_name":"Tupique","article_modified_time":"2026-04-11T14:10:42+00:00","og_image":[{"width":1200,"height":1200,"url":"https:\/\/tupique.com\/wp-content\/uploads\/2026\/04\/0195950797886_R00.jpg","type":"image\/jpeg"}],"twitter_card":"summary_large_image","schema":{"@context":"https:\/\/schema.org","@graph":[{"@type":"WebPage","@id":"https:\/\/tupique.com\/product\/tablet-apple-3\/","url":"https:\/\/tupique.com\/product\/tablet-apple-3\/","name":"Tablet Apple - Tupique","isPartOf":{"@id":"https:\/\/tupique.com\/#website"},"primaryImageOfPage":{"@id":"https:\/\/tupique.com\/product\/tablet-apple-3\/#primaryimage"},"image":{"@id":"https:\/\/tupique.com\/product\/tablet-apple-3\/#primaryimage"},"thumbnailUrl":"https:\/\/tupique.com\/wp-content\/uploads\/2026\/04\/0195950797886_R00.jpg","datePublished":"2026-04-08T17:16:35+00:00","dateModified":"2026-04-11T14:10:42+00:00","breadcrumb":{"@id":"https:\/\/tupique.com\/product\/tablet-apple-3\/#breadcrumb"},"inLanguage":"pt-PT","potentialAction":[{"@type":"ReadAction","target":["https:\/\/tupique.com\/product\/tablet-apple-3\/"]}]},{"@type":"ImageObject","inLanguage":"pt-PT","@id":"https:\/\/tupique.com\/product\/tablet-apple-3\/#primaryimage","url":"https:\/\/tupique.com\/wp-content\/uploads\/2026\/04\/0195950797886_R00.jpg","contentUrl":"https:\/\/tupique.com\/wp-content\/uploads\/2026\/04\/0195950797886_R00.jpg","width":1200,"height":1200,"caption":"M0808057_0"},{"@type":"BreadcrumbList","@id":"https:\/\/tupique.com\/product\/tablet-apple-3\/#breadcrumb","itemListElement":[{"@type":"ListItem","position":1,"name":"commencer","item":"https:\/\/tupique.com\/"},{"@type":"ListItem","position":2,"name":"Loja","item":"https:\/\/tupique.com\/loja\/"},{"@type":"ListItem","position":3,"name":"Tablet Apple"}]},{"@type":"WebSite","@id":"https:\/\/tupique.com\/#website","url":"https:\/\/tupique.com\/","name":"Tupique","description":"","publisher":{"@id":"https:\/\/tupique.com\/#organization"},"potentialAction":[{"@type":"SearchAction","target":{"@type":"EntryPoint","urlTemplate":"https:\/\/tupique.com\/?s={search_term_string}"},"query-input":{"@type":"PropertyValueSpecification","valueRequired":true,"valueName":"search_term_string"}}],"inLanguage":"pt-PT"},{"@type":"Organization","@id":"https:\/\/tupique.com\/#organization","name":"Tupique","url":"https:\/\/tupique.com\/","logo":{"@type":"ImageObject","inLanguage":"pt-PT","@id":"https:\/\/tupique.com\/#\/schema\/logo\/image\/","url":"https:\/\/tupique.com\/wp-content\/uploads\/2026\/03\/logo-tupique-1.webp","contentUrl":"https:\/\/tupique.com\/wp-content\/uploads\/2026\/03\/logo-tupique-1.webp","width":500,"height":67,"caption":"Tupique"},"image":{"@id":"https:\/\/tupique.com\/#\/schema\/logo\/image\/"}}]}},"_links":{"self":[{"href":"https:\/\/tupique.com\/pt\/wp-json\/wp\/v2\/product\/148636","targetHints":{"allow":["GET"]}}],"collection":[{"href":"https:\/\/tupique.com\/pt\/wp-json\/wp\/v2\/product"}],"about":[{"href":"https:\/\/tupique.com\/pt\/wp-json\/wp\/v2\/types\/product"}],"replies":[{"embeddable":true,"href":"https:\/\/tupique.com\/pt\/wp-json\/wp\/v2\/comments?post=148636"}],"wp:featuredmedia":[{"embeddable":true,"href":"https:\/\/tupique.com\/pt\/wp-json\/wp\/v2\/media\/148633"}],"wp:attachment":[{"href":"https:\/\/tupique.com\/pt\/wp-json\/wp\/v2\/media?parent=148636"}],"wp:term":[{"taxonomy":"product_brand","embeddable":true,"href":"https:\/\/tupique.com\/pt\/wp-json\/wp\/v2\/product_brand?post=148636"},{"taxonomy":"product_cat","embeddable":true,"href":"https:\/\/tupique.com\/pt\/wp-json\/wp\/v2\/product_cat?post=148636"},{"taxonomy":"product_tag","embeddable":true,"href":"https:\/\/tupique.com\/pt\/wp-json\/wp\/v2\/product_tag?post=148636"}],"curies":[{"name":"wp","href":"https:\/\/api.w.org\/{rel}","templated":true}]}}