{"id":15208,"date":"2026-03-29T12:42:24","date_gmt":"2026-03-29T11:42:24","guid":{"rendered":"https:\/\/bigbuy.tupique.com\/produto\/video-conferencing-system-logitech-952-000085-10-1\/"},"modified":"2026-04-11T03:56:13","modified_gmt":"2026-04-11T02:56:13","slug":"video-conferencing-system-logitech-952-000085-10-1","status":"publish","type":"product","link":"https:\/\/tupique.com\/pt\/product\/video-conferencing-system-logitech-952-000085-10-1\/","title":{"rendered":"Video Conferencing System Logitech 952-000085 10.1&#8243;"},"content":{"rendered":"<p>Se tem paix\u00e3o por <b>TI e eletr\u00f3nica<\/b>, como estar a par das novidades tecnol\u00f3gicas e n\u00e3o falhar nem o mais \u00ednfimo detalhe, compre <b> Video Conferencing System Logitech 952-000085 10.1&#8243; <\/b> a um pre\u00e7o imbat\u00edvel.<\/p>\n<p>O <b>Logitech Tap IP<\/b> is an advanced <b>video conferencing system<\/b> designed to facilitate professional communication with efficient integration and remarkable visual and audio quality. Its <b>25.6 cm (10.1-inch)<\/b> touchscreen with a resolution of <b>1280 x 800 pixels<\/b> and a brightness of <b>400 cd\/m\u00b2<\/b> ensures clear and precise interaction, adapting perfectly to various lighting conditions in corporate spaces. Equipped with robust connections such as <b>Ethernet LAN<\/b> and support for Wi-Fi standards from <b>802.11a up to Wi-Fi 5 (802.11ac)<\/b>, it offers fast and stable data transfer speeds of up to <b>100 Mbit\/s<\/b>, ideal for smooth, uninterrupted video calls. It incorporates advanced security algorithms with <b>128-bit AES encryption<\/b>, providing adequate protection for business information and communications. This device includes built-in speakers for clear and crisp audio playback, eliminating the need for additional equipment in meeting rooms. Its <b>graphite<\/b> finish combines durability with a modern look, featuring compact dimensions of <b>246.2 mm width, 171.3 mm depth, and 56.1 mm height<\/b>. For enhanced physical security, it has a slot for a <b>Kensington cable<\/b> to prevent theft or unauthorized movement. Additionally, its power supply via <b>Power over Ethernet (PoE)<\/b> simplifies installation by requiring a single cable for data and power, reducing clutter and increasing efficiency. Included accessories, such as screws, ensure secure and easy mounting. Overall, the Logitech Tap IP is a reliable and well-equipped technology solution that optimizes the video conferencing experience in professional environments, facilitating collaboration with an intuitive interface and solid connectivity.<\/p>\n<ul>\n<li>Conectividade:\n<ul>\n<li>Bluetooth<\/li>\n<li>Wi-Fi<\/li>\n<li>Bluetooth 5.0<\/li>\n<\/ul>\n<\/li>\n<li>Compatible: VESA<\/li>\n<li>Tipo:\n<ul>\n<li>Video Conferencing System<\/li>\n<li>Wireless Phone<\/li>\n<\/ul>\n<\/li>\n<li>Video recording resolution: 1280 p<\/li>\n<li>Resolution (px): 1280 x 800 px<\/li>\n<li>Caracter\u00edsticas:\n<ul>\n<li>Built-in speakers<\/li>\n<li>Integrated speakers<\/li>\n<li>Touchscreen<\/li>\n<\/ul>\n<\/li>\n<li>Connections: Ethernet LAN<\/li>\n<li>Screen: 10,1&#8243;<\/li>\n<li>Speed: 10 Gbit\/s<\/li>\n<li>Colour: Graphite<\/li>\n<li>Fonte de alimenta\u00e7\u00e3o: Cabo el\u00e9trico<\/li>\n<li>Tecnologia:\n<ul>\n<li>LED<\/li>\n<li>IPS<\/li>\n<\/ul>\n<\/li>\n<li>Includes: Screws<\/li>\n<li>Luminous flux: 400 lm<\/li>\n<li>Connectors: Kensington<\/li>\n<li>Approx. temperature: -40\u00ba \/ 70\u00ba<\/li>\n<li>Accuracy (relative humidity): 10 % &#8211; 95 %<\/li>\n<\/ul>","protected":false},"excerpt":{"rendered":"<p>If you&#8217;re passionate about IT and electronics, like being up to date on technology and don&#8217;t miss even the slightest details, buy Video Conferencing System Logitech 952-000085 10.1&#8243; at an unbeatable price. The Logitech Tap IP is an advanced video conferencing system designed to facilitate professional communication with efficient integration and remarkable visual and audio [&hellip;]<\/p>\n","protected":false},"featured_media":15205,"comment_status":"open","ping_status":"closed","template":"","meta":[],"product_brand":[647],"product_cat":[65,581,607],"product_tag":[213,106],"class_list":{"0":"post-15208","1":"product","2":"type-product","3":"status-publish","4":"has-post-thumbnail","6":"product_brand-brandp_561","7":"product_cat-informatique-electronique","8":"product_cat-electronics-peripherals-and-spares","9":"product_cat-webcam","10":"product_tag-tag_933","11":"product_tag-tag_1295","13":"first","14":"instock","15":"taxable","16":"shipping-taxable","17":"purchasable","18":"product-type-simple"},"yoast_head":"<!-- This site is optimized with the Yoast SEO plugin v27.5 - https:\/\/yoast.com\/product\/yoast-seo-wordpress\/ -->\n<title>Video Conferencing System Logitech 952-000085 10.1&quot; - Tupique<\/title>\n<meta name=\"robots\" content=\"index, follow, max-snippet:-1, max-image-preview:large, max-video-preview:-1\" \/>\n<link rel=\"canonical\" href=\"https:\/\/tupique.com\/pt\/product\/video-conferencing-system-logitech-952-000085-10-1\/\" \/>\n<meta property=\"og:locale\" content=\"pt_PT\" \/>\n<meta property=\"og:type\" content=\"article\" \/>\n<meta property=\"og:title\" content=\"Video Conferencing System Logitech 952-000085 10.1&quot; - Tupique\" \/>\n<meta property=\"og:description\" content=\"If you&#8217;re passionate about IT and electronics, like being up to date on technology and don&#8217;t miss even the slightest details, buy Video Conferencing System Logitech 952-000085 10.1&#8243; at an unbeatable price. The Logitech Tap IP is an advanced video conferencing system designed to facilitate professional communication with efficient integration and remarkable visual and audio [&hellip;]\" \/>\n<meta property=\"og:url\" content=\"https:\/\/tupique.com\/pt\/product\/video-conferencing-system-logitech-952-000085-10-1\/\" \/>\n<meta property=\"og:site_name\" content=\"Tupique\" \/>\n<meta property=\"article:modified_time\" content=\"2026-04-11T02:56:13+00:00\" \/>\n<meta property=\"og:image\" content=\"https:\/\/tupique.com\/wp-content\/uploads\/2026\/03\/591887951.jpg\" \/>\n\t<meta property=\"og:image:width\" content=\"1200\" \/>\n\t<meta property=\"og:image:height\" content=\"1200\" \/>\n\t<meta property=\"og:image:type\" content=\"image\/jpeg\" \/>\n<meta name=\"twitter:card\" content=\"summary_large_image\" \/>\n<meta name=\"twitter:label1\" content=\"Tempo estimado de leitura\" \/>\n\t<meta name=\"twitter:data1\" content=\"2 minutos\" \/>\n<script type=\"application\/ld+json\" class=\"yoast-schema-graph\">{\"@context\":\"https:\\\/\\\/schema.org\",\"@graph\":[{\"@type\":\"WebPage\",\"@id\":\"https:\\\/\\\/tupique.com\\\/product\\\/video-conferencing-system-logitech-952-000085-10-1\\\/\",\"url\":\"https:\\\/\\\/tupique.com\\\/product\\\/video-conferencing-system-logitech-952-000085-10-1\\\/\",\"name\":\"Video Conferencing System Logitech 952-000085 10.1\\\" - Tupique\",\"isPartOf\":{\"@id\":\"https:\\\/\\\/tupique.com\\\/#website\"},\"primaryImageOfPage\":{\"@id\":\"https:\\\/\\\/tupique.com\\\/product\\\/video-conferencing-system-logitech-952-000085-10-1\\\/#primaryimage\"},\"image\":{\"@id\":\"https:\\\/\\\/tupique.com\\\/product\\\/video-conferencing-system-logitech-952-000085-10-1\\\/#primaryimage\"},\"thumbnailUrl\":\"https:\\\/\\\/tupique.com\\\/wp-content\\\/uploads\\\/2026\\\/03\\\/591887951.jpg\",\"datePublished\":\"2026-03-29T11:42:24+00:00\",\"dateModified\":\"2026-04-11T02:56:13+00:00\",\"breadcrumb\":{\"@id\":\"https:\\\/\\\/tupique.com\\\/product\\\/video-conferencing-system-logitech-952-000085-10-1\\\/#breadcrumb\"},\"inLanguage\":\"pt-PT\",\"potentialAction\":[{\"@type\":\"ReadAction\",\"target\":[\"https:\\\/\\\/tupique.com\\\/product\\\/video-conferencing-system-logitech-952-000085-10-1\\\/\"]}]},{\"@type\":\"ImageObject\",\"inLanguage\":\"pt-PT\",\"@id\":\"https:\\\/\\\/tupique.com\\\/product\\\/video-conferencing-system-logitech-952-000085-10-1\\\/#primaryimage\",\"url\":\"https:\\\/\\\/tupique.com\\\/wp-content\\\/uploads\\\/2026\\\/03\\\/591887951.jpg\",\"contentUrl\":\"https:\\\/\\\/tupique.com\\\/wp-content\\\/uploads\\\/2026\\\/03\\\/591887951.jpg\",\"width\":1200,\"height\":1200,\"caption\":\"S55128354_0\"},{\"@type\":\"BreadcrumbList\",\"@id\":\"https:\\\/\\\/tupique.com\\\/product\\\/video-conferencing-system-logitech-952-000085-10-1\\\/#breadcrumb\",\"itemListElement\":[{\"@type\":\"ListItem\",\"position\":1,\"name\":\"commencer\",\"item\":\"https:\\\/\\\/tupique.com\\\/\"},{\"@type\":\"ListItem\",\"position\":2,\"name\":\"Loja\",\"item\":\"https:\\\/\\\/tupique.com\\\/loja\\\/\"},{\"@type\":\"ListItem\",\"position\":3,\"name\":\"Video Conferencing System Logitech 952-000085 10.1&#8243;\"}]},{\"@type\":\"WebSite\",\"@id\":\"https:\\\/\\\/tupique.com\\\/#website\",\"url\":\"https:\\\/\\\/tupique.com\\\/\",\"name\":\"Tupique\",\"description\":\"\",\"publisher\":{\"@id\":\"https:\\\/\\\/tupique.com\\\/#organization\"},\"potentialAction\":[{\"@type\":\"SearchAction\",\"target\":{\"@type\":\"EntryPoint\",\"urlTemplate\":\"https:\\\/\\\/tupique.com\\\/?s={search_term_string}\"},\"query-input\":{\"@type\":\"PropertyValueSpecification\",\"valueRequired\":true,\"valueName\":\"search_term_string\"}}],\"inLanguage\":\"pt-PT\"},{\"@type\":\"Organization\",\"@id\":\"https:\\\/\\\/tupique.com\\\/#organization\",\"name\":\"Tupique\",\"url\":\"https:\\\/\\\/tupique.com\\\/\",\"logo\":{\"@type\":\"ImageObject\",\"inLanguage\":\"pt-PT\",\"@id\":\"https:\\\/\\\/tupique.com\\\/#\\\/schema\\\/logo\\\/image\\\/\",\"url\":\"https:\\\/\\\/tupique.com\\\/wp-content\\\/uploads\\\/2026\\\/03\\\/logo-tupique-1.webp\",\"contentUrl\":\"https:\\\/\\\/tupique.com\\\/wp-content\\\/uploads\\\/2026\\\/03\\\/logo-tupique-1.webp\",\"width\":500,\"height\":67,\"caption\":\"Tupique\"},\"image\":{\"@id\":\"https:\\\/\\\/tupique.com\\\/#\\\/schema\\\/logo\\\/image\\\/\"}}]}<\/script>\n<!-- \/ Yoast SEO plugin. -->","yoast_head_json":{"title":"Video Conferencing System Logitech 952-000085 10.1\" - Tupique","robots":{"index":"index","follow":"follow","max-snippet":"max-snippet:-1","max-image-preview":"max-image-preview:large","max-video-preview":"max-video-preview:-1"},"canonical":"https:\/\/tupique.com\/pt\/product\/video-conferencing-system-logitech-952-000085-10-1\/","og_locale":"pt_PT","og_type":"article","og_title":"Video Conferencing System Logitech 952-000085 10.1\" - Tupique","og_description":"If you&#8217;re passionate about IT and electronics, like being up to date on technology and don&#8217;t miss even the slightest details, buy Video Conferencing System Logitech 952-000085 10.1&#8243; at an unbeatable price. The Logitech Tap IP is an advanced video conferencing system designed to facilitate professional communication with efficient integration and remarkable visual and audio [&hellip;]","og_url":"https:\/\/tupique.com\/pt\/product\/video-conferencing-system-logitech-952-000085-10-1\/","og_site_name":"Tupique","article_modified_time":"2026-04-11T02:56:13+00:00","og_image":[{"width":1200,"height":1200,"url":"https:\/\/tupique.com\/wp-content\/uploads\/2026\/03\/591887951.jpg","type":"image\/jpeg"}],"twitter_card":"summary_large_image","twitter_misc":{"Tempo estimado de leitura":"2 minutos"},"schema":{"@context":"https:\/\/schema.org","@graph":[{"@type":"WebPage","@id":"https:\/\/tupique.com\/product\/video-conferencing-system-logitech-952-000085-10-1\/","url":"https:\/\/tupique.com\/product\/video-conferencing-system-logitech-952-000085-10-1\/","name":"Video Conferencing System Logitech 952-000085 10.1\" - Tupique","isPartOf":{"@id":"https:\/\/tupique.com\/#website"},"primaryImageOfPage":{"@id":"https:\/\/tupique.com\/product\/video-conferencing-system-logitech-952-000085-10-1\/#primaryimage"},"image":{"@id":"https:\/\/tupique.com\/product\/video-conferencing-system-logitech-952-000085-10-1\/#primaryimage"},"thumbnailUrl":"https:\/\/tupique.com\/wp-content\/uploads\/2026\/03\/591887951.jpg","datePublished":"2026-03-29T11:42:24+00:00","dateModified":"2026-04-11T02:56:13+00:00","breadcrumb":{"@id":"https:\/\/tupique.com\/product\/video-conferencing-system-logitech-952-000085-10-1\/#breadcrumb"},"inLanguage":"pt-PT","potentialAction":[{"@type":"ReadAction","target":["https:\/\/tupique.com\/product\/video-conferencing-system-logitech-952-000085-10-1\/"]}]},{"@type":"ImageObject","inLanguage":"pt-PT","@id":"https:\/\/tupique.com\/product\/video-conferencing-system-logitech-952-000085-10-1\/#primaryimage","url":"https:\/\/tupique.com\/wp-content\/uploads\/2026\/03\/591887951.jpg","contentUrl":"https:\/\/tupique.com\/wp-content\/uploads\/2026\/03\/591887951.jpg","width":1200,"height":1200,"caption":"S55128354_0"},{"@type":"BreadcrumbList","@id":"https:\/\/tupique.com\/product\/video-conferencing-system-logitech-952-000085-10-1\/#breadcrumb","itemListElement":[{"@type":"ListItem","position":1,"name":"commencer","item":"https:\/\/tupique.com\/"},{"@type":"ListItem","position":2,"name":"Loja","item":"https:\/\/tupique.com\/loja\/"},{"@type":"ListItem","position":3,"name":"Video Conferencing System Logitech 952-000085 10.1&#8243;"}]},{"@type":"WebSite","@id":"https:\/\/tupique.com\/#website","url":"https:\/\/tupique.com\/","name":"Tupique","description":"","publisher":{"@id":"https:\/\/tupique.com\/#organization"},"potentialAction":[{"@type":"SearchAction","target":{"@type":"EntryPoint","urlTemplate":"https:\/\/tupique.com\/?s={search_term_string}"},"query-input":{"@type":"PropertyValueSpecification","valueRequired":true,"valueName":"search_term_string"}}],"inLanguage":"pt-PT"},{"@type":"Organization","@id":"https:\/\/tupique.com\/#organization","name":"Tupique","url":"https:\/\/tupique.com\/","logo":{"@type":"ImageObject","inLanguage":"pt-PT","@id":"https:\/\/tupique.com\/#\/schema\/logo\/image\/","url":"https:\/\/tupique.com\/wp-content\/uploads\/2026\/03\/logo-tupique-1.webp","contentUrl":"https:\/\/tupique.com\/wp-content\/uploads\/2026\/03\/logo-tupique-1.webp","width":500,"height":67,"caption":"Tupique"},"image":{"@id":"https:\/\/tupique.com\/#\/schema\/logo\/image\/"}}]}},"_links":{"self":[{"href":"https:\/\/tupique.com\/pt\/wp-json\/wp\/v2\/product\/15208","targetHints":{"allow":["GET"]}}],"collection":[{"href":"https:\/\/tupique.com\/pt\/wp-json\/wp\/v2\/product"}],"about":[{"href":"https:\/\/tupique.com\/pt\/wp-json\/wp\/v2\/types\/product"}],"replies":[{"embeddable":true,"href":"https:\/\/tupique.com\/pt\/wp-json\/wp\/v2\/comments?post=15208"}],"wp:featuredmedia":[{"embeddable":true,"href":"https:\/\/tupique.com\/pt\/wp-json\/wp\/v2\/media\/15205"}],"wp:attachment":[{"href":"https:\/\/tupique.com\/pt\/wp-json\/wp\/v2\/media?parent=15208"}],"wp:term":[{"taxonomy":"product_brand","embeddable":true,"href":"https:\/\/tupique.com\/pt\/wp-json\/wp\/v2\/product_brand?post=15208"},{"taxonomy":"product_cat","embeddable":true,"href":"https:\/\/tupique.com\/pt\/wp-json\/wp\/v2\/product_cat?post=15208"},{"taxonomy":"product_tag","embeddable":true,"href":"https:\/\/tupique.com\/pt\/wp-json\/wp\/v2\/product_tag?post=15208"}],"curies":[{"name":"wp","href":"https:\/\/api.w.org\/{rel}","templated":true}]}}