{"id":16749,"date":"2026-03-29T13:58:05","date_gmt":"2026-03-29T12:58:05","guid":{"rendered":"https:\/\/bigbuy.tupique.com\/produto\/headphones-with-microphone-jabra-evolve2-65-flex-black\/"},"modified":"2026-04-12T02:23:42","modified_gmt":"2026-04-12T01:23:42","slug":"headphones-with-microphone-jabra-evolve2-65-flex-black","status":"publish","type":"product","link":"https:\/\/tupique.com\/pt\/product\/headphones-with-microphone-jabra-evolve2-65-flex-black\/","title":{"rendered":"Auscultadores com Microfone Jabra Evolve2 65 Flex Preto"},"content":{"rendered":"<p>Se tem paix\u00e3o por <b>TI e eletr\u00f3nica<\/b>, como estar a par das novidades tecnol\u00f3gicas e n\u00e3o falhar nem o mais \u00ednfimo detalhe, compre <b> Auscultadores com Microfone Jabra Evolve2 65 Flex Preto <\/b> a um pre\u00e7o imbat\u00edvel.<\/p>\n<ul>\n<li>Conex\u00f5es:\n<ul>\n<li>USB<\/li>\n<li>USB-C<\/li>\n<\/ul>\n<\/li>\n<li>Approx. charging time: 2 hours<\/li>\n<li>Includes: USB-C Cable<\/li>\n<li>Tipo:\n<ul>\n<li>Earpiece<\/li>\n<li>Wireless<\/li>\n<li>Headphones with Headband<\/li>\n<li>Cable<\/li>\n<li>Headphones with Microphone<\/li>\n<\/ul>\n<\/li>\n<li>Range: 30 m<\/li>\n<li>Frequency: 20 &#8211; 20000 Hz<\/li>\n<li>Type of headphones: External supraaural<\/li>\n<li>Conectividade:\n<ul>\n<li>Bluetooth<\/li>\n<li>Wireless<\/li>\n<li>Bluetooth 5.2<\/li>\n<\/ul>\n<\/li>\n<li>Caracter\u00edsticas:\n<ul>\n<li>Built-in battery<\/li>\n<li>Foldable<\/li>\n<li>Wireless<\/li>\n<li>LED indicator<\/li>\n<li>Carregador sem fios<\/li>\n<\/ul>\n<\/li>\n<li>Cor: Preto<\/li>\n<li>Recommended use: Oficina\/Centro de llamadas<\/li>\n<li>Material: Plastic<\/li>\n<li>Width: 20 cm<\/li>\n<li>Power: 30 W<\/li>\n<li>Control: Buttons<\/li>\n<li>Battery: Yes<\/li>\n<li>Recommended age: Adults<\/li>\n<li>Headphones: Binaural<\/li>\n<li>Battery type:\n<ul>\n<li>Litio Ion<\/li>\n<li>Rechargeable lithium battery<\/li>\n<\/ul>\n<\/li>\n<\/ul>","protected":false},"excerpt":{"rendered":"<p>If you&#8217;re passionate about IT and electronics, like being up to date on technology and don&#8217;t miss even the slightest details, buy Headphones with Microphone Jabra Evolve2 65 Flex Black at an unbeatable price. Connections: USB USB-C Approx. charging time: 2 hours Includes: USB-C Cable Type: Earpiece Wireless Headphones with Headband Cable Headphones with Microphone [&hellip;]<\/p>\n","protected":false},"featured_media":16746,"comment_status":"open","ping_status":"closed","template":"","meta":[],"product_brand":[642],"product_cat":[65,575,758],"product_tag":[566,106],"class_list":{"0":"post-16749","1":"product","2":"type-product","3":"status-publish","4":"has-post-thumbnail","6":"product_brand-brandp_3341","7":"product_cat-computers-electronics","8":"product_cat-electronics-phones-tablets","9":"product_cat-headphones-with-microphone","10":"product_tag-tag_547","11":"product_tag-tag_1295","13":"first","14":"instock","15":"taxable","16":"shipping-taxable","17":"purchasable","18":"product-type-simple"},"yoast_head":"<!-- This site is optimized with the Yoast SEO plugin v27.5 - https:\/\/yoast.com\/product\/yoast-seo-wordpress\/ -->\n<title>Headphones with Microphone Jabra Evolve2 65 Flex Black - Tupique<\/title>\n<meta name=\"robots\" content=\"index, follow, max-snippet:-1, max-image-preview:large, max-video-preview:-1\" \/>\n<link rel=\"canonical\" href=\"https:\/\/tupique.com\/pt\/product\/headphones-with-microphone-jabra-evolve2-65-flex-black\/\" \/>\n<meta property=\"og:locale\" content=\"pt_PT\" \/>\n<meta property=\"og:type\" content=\"article\" \/>\n<meta property=\"og:title\" content=\"Headphones with Microphone Jabra Evolve2 65 Flex Black - Tupique\" \/>\n<meta property=\"og:description\" content=\"If you&#8217;re passionate about IT and electronics, like being up to date on technology and don&#8217;t miss even the slightest details, buy Headphones with Microphone Jabra Evolve2 65 Flex Black at an unbeatable price. Connections: USB USB-C Approx. charging time: 2 hours Includes: USB-C Cable Type: Earpiece Wireless Headphones with Headband Cable Headphones with Microphone [&hellip;]\" \/>\n<meta property=\"og:url\" content=\"https:\/\/tupique.com\/pt\/product\/headphones-with-microphone-jabra-evolve2-65-flex-black\/\" \/>\n<meta property=\"og:site_name\" content=\"Tupique\" \/>\n<meta property=\"article:modified_time\" content=\"2026-04-12T01:23:42+00:00\" \/>\n<meta property=\"og:image\" content=\"https:\/\/tupique.com\/wp-content\/uploads\/2026\/03\/5706991029161_I01.jpg\" \/>\n\t<meta property=\"og:image:width\" content=\"1200\" \/>\n\t<meta property=\"og:image:height\" content=\"1200\" \/>\n\t<meta property=\"og:image:type\" content=\"image\/jpeg\" \/>\n<meta name=\"twitter:card\" content=\"summary_large_image\" \/>\n<script type=\"application\/ld+json\" class=\"yoast-schema-graph\">{\"@context\":\"https:\\\/\\\/schema.org\",\"@graph\":[{\"@type\":\"WebPage\",\"@id\":\"https:\\\/\\\/tupique.com\\\/product\\\/headphones-with-microphone-jabra-evolve2-65-flex-black\\\/\",\"url\":\"https:\\\/\\\/tupique.com\\\/product\\\/headphones-with-microphone-jabra-evolve2-65-flex-black\\\/\",\"name\":\"Headphones with Microphone Jabra Evolve2 65 Flex Black - Tupique\",\"isPartOf\":{\"@id\":\"https:\\\/\\\/tupique.com\\\/#website\"},\"primaryImageOfPage\":{\"@id\":\"https:\\\/\\\/tupique.com\\\/product\\\/headphones-with-microphone-jabra-evolve2-65-flex-black\\\/#primaryimage\"},\"image\":{\"@id\":\"https:\\\/\\\/tupique.com\\\/product\\\/headphones-with-microphone-jabra-evolve2-65-flex-black\\\/#primaryimage\"},\"thumbnailUrl\":\"https:\\\/\\\/tupique.com\\\/wp-content\\\/uploads\\\/2026\\\/03\\\/5706991029161_I01.jpg\",\"datePublished\":\"2026-03-29T12:58:05+00:00\",\"dateModified\":\"2026-04-12T01:23:42+00:00\",\"breadcrumb\":{\"@id\":\"https:\\\/\\\/tupique.com\\\/product\\\/headphones-with-microphone-jabra-evolve2-65-flex-black\\\/#breadcrumb\"},\"inLanguage\":\"pt-PT\",\"potentialAction\":[{\"@type\":\"ReadAction\",\"target\":[\"https:\\\/\\\/tupique.com\\\/product\\\/headphones-with-microphone-jabra-evolve2-65-flex-black\\\/\"]}]},{\"@type\":\"ImageObject\",\"inLanguage\":\"pt-PT\",\"@id\":\"https:\\\/\\\/tupique.com\\\/product\\\/headphones-with-microphone-jabra-evolve2-65-flex-black\\\/#primaryimage\",\"url\":\"https:\\\/\\\/tupique.com\\\/wp-content\\\/uploads\\\/2026\\\/03\\\/5706991029161_I01.jpg\",\"contentUrl\":\"https:\\\/\\\/tupique.com\\\/wp-content\\\/uploads\\\/2026\\\/03\\\/5706991029161_I01.jpg\",\"width\":1200,\"height\":1200,\"caption\":\"S55177857_0\"},{\"@type\":\"BreadcrumbList\",\"@id\":\"https:\\\/\\\/tupique.com\\\/product\\\/headphones-with-microphone-jabra-evolve2-65-flex-black\\\/#breadcrumb\",\"itemListElement\":[{\"@type\":\"ListItem\",\"position\":1,\"name\":\"commencer\",\"item\":\"https:\\\/\\\/tupique.com\\\/\"},{\"@type\":\"ListItem\",\"position\":2,\"name\":\"Loja\",\"item\":\"https:\\\/\\\/tupique.com\\\/loja\\\/\"},{\"@type\":\"ListItem\",\"position\":3,\"name\":\"Headphones with Microphone Jabra Evolve2 65 Flex Black\"}]},{\"@type\":\"WebSite\",\"@id\":\"https:\\\/\\\/tupique.com\\\/#website\",\"url\":\"https:\\\/\\\/tupique.com\\\/\",\"name\":\"Tupique\",\"description\":\"\",\"publisher\":{\"@id\":\"https:\\\/\\\/tupique.com\\\/#organization\"},\"potentialAction\":[{\"@type\":\"SearchAction\",\"target\":{\"@type\":\"EntryPoint\",\"urlTemplate\":\"https:\\\/\\\/tupique.com\\\/?s={search_term_string}\"},\"query-input\":{\"@type\":\"PropertyValueSpecification\",\"valueRequired\":true,\"valueName\":\"search_term_string\"}}],\"inLanguage\":\"pt-PT\"},{\"@type\":\"Organization\",\"@id\":\"https:\\\/\\\/tupique.com\\\/#organization\",\"name\":\"Tupique\",\"url\":\"https:\\\/\\\/tupique.com\\\/\",\"logo\":{\"@type\":\"ImageObject\",\"inLanguage\":\"pt-PT\",\"@id\":\"https:\\\/\\\/tupique.com\\\/#\\\/schema\\\/logo\\\/image\\\/\",\"url\":\"https:\\\/\\\/tupique.com\\\/wp-content\\\/uploads\\\/2026\\\/03\\\/logo-tupique-1.webp\",\"contentUrl\":\"https:\\\/\\\/tupique.com\\\/wp-content\\\/uploads\\\/2026\\\/03\\\/logo-tupique-1.webp\",\"width\":500,\"height\":67,\"caption\":\"Tupique\"},\"image\":{\"@id\":\"https:\\\/\\\/tupique.com\\\/#\\\/schema\\\/logo\\\/image\\\/\"}}]}<\/script>\n<!-- \/ Yoast SEO plugin. -->","yoast_head_json":{"title":"Headphones with Microphone Jabra Evolve2 65 Flex Black - Tupique","robots":{"index":"index","follow":"follow","max-snippet":"max-snippet:-1","max-image-preview":"max-image-preview:large","max-video-preview":"max-video-preview:-1"},"canonical":"https:\/\/tupique.com\/pt\/product\/headphones-with-microphone-jabra-evolve2-65-flex-black\/","og_locale":"pt_PT","og_type":"article","og_title":"Headphones with Microphone Jabra Evolve2 65 Flex Black - Tupique","og_description":"If you&#8217;re passionate about IT and electronics, like being up to date on technology and don&#8217;t miss even the slightest details, buy Headphones with Microphone Jabra Evolve2 65 Flex Black at an unbeatable price. Connections: USB USB-C Approx. charging time: 2 hours Includes: USB-C Cable Type: Earpiece Wireless Headphones with Headband Cable Headphones with Microphone [&hellip;]","og_url":"https:\/\/tupique.com\/pt\/product\/headphones-with-microphone-jabra-evolve2-65-flex-black\/","og_site_name":"Tupique","article_modified_time":"2026-04-12T01:23:42+00:00","og_image":[{"width":1200,"height":1200,"url":"https:\/\/tupique.com\/wp-content\/uploads\/2026\/03\/5706991029161_I01.jpg","type":"image\/jpeg"}],"twitter_card":"summary_large_image","schema":{"@context":"https:\/\/schema.org","@graph":[{"@type":"WebPage","@id":"https:\/\/tupique.com\/product\/headphones-with-microphone-jabra-evolve2-65-flex-black\/","url":"https:\/\/tupique.com\/product\/headphones-with-microphone-jabra-evolve2-65-flex-black\/","name":"Headphones with Microphone Jabra Evolve2 65 Flex Black - Tupique","isPartOf":{"@id":"https:\/\/tupique.com\/#website"},"primaryImageOfPage":{"@id":"https:\/\/tupique.com\/product\/headphones-with-microphone-jabra-evolve2-65-flex-black\/#primaryimage"},"image":{"@id":"https:\/\/tupique.com\/product\/headphones-with-microphone-jabra-evolve2-65-flex-black\/#primaryimage"},"thumbnailUrl":"https:\/\/tupique.com\/wp-content\/uploads\/2026\/03\/5706991029161_I01.jpg","datePublished":"2026-03-29T12:58:05+00:00","dateModified":"2026-04-12T01:23:42+00:00","breadcrumb":{"@id":"https:\/\/tupique.com\/product\/headphones-with-microphone-jabra-evolve2-65-flex-black\/#breadcrumb"},"inLanguage":"pt-PT","potentialAction":[{"@type":"ReadAction","target":["https:\/\/tupique.com\/product\/headphones-with-microphone-jabra-evolve2-65-flex-black\/"]}]},{"@type":"ImageObject","inLanguage":"pt-PT","@id":"https:\/\/tupique.com\/product\/headphones-with-microphone-jabra-evolve2-65-flex-black\/#primaryimage","url":"https:\/\/tupique.com\/wp-content\/uploads\/2026\/03\/5706991029161_I01.jpg","contentUrl":"https:\/\/tupique.com\/wp-content\/uploads\/2026\/03\/5706991029161_I01.jpg","width":1200,"height":1200,"caption":"S55177857_0"},{"@type":"BreadcrumbList","@id":"https:\/\/tupique.com\/product\/headphones-with-microphone-jabra-evolve2-65-flex-black\/#breadcrumb","itemListElement":[{"@type":"ListItem","position":1,"name":"commencer","item":"https:\/\/tupique.com\/"},{"@type":"ListItem","position":2,"name":"Loja","item":"https:\/\/tupique.com\/loja\/"},{"@type":"ListItem","position":3,"name":"Headphones with Microphone Jabra Evolve2 65 Flex Black"}]},{"@type":"WebSite","@id":"https:\/\/tupique.com\/#website","url":"https:\/\/tupique.com\/","name":"Tupique","description":"","publisher":{"@id":"https:\/\/tupique.com\/#organization"},"potentialAction":[{"@type":"SearchAction","target":{"@type":"EntryPoint","urlTemplate":"https:\/\/tupique.com\/?s={search_term_string}"},"query-input":{"@type":"PropertyValueSpecification","valueRequired":true,"valueName":"search_term_string"}}],"inLanguage":"pt-PT"},{"@type":"Organization","@id":"https:\/\/tupique.com\/#organization","name":"Tupique","url":"https:\/\/tupique.com\/","logo":{"@type":"ImageObject","inLanguage":"pt-PT","@id":"https:\/\/tupique.com\/#\/schema\/logo\/image\/","url":"https:\/\/tupique.com\/wp-content\/uploads\/2026\/03\/logo-tupique-1.webp","contentUrl":"https:\/\/tupique.com\/wp-content\/uploads\/2026\/03\/logo-tupique-1.webp","width":500,"height":67,"caption":"Tupique"},"image":{"@id":"https:\/\/tupique.com\/#\/schema\/logo\/image\/"}}]}},"_links":{"self":[{"href":"https:\/\/tupique.com\/pt\/wp-json\/wp\/v2\/product\/16749","targetHints":{"allow":["GET"]}}],"collection":[{"href":"https:\/\/tupique.com\/pt\/wp-json\/wp\/v2\/product"}],"about":[{"href":"https:\/\/tupique.com\/pt\/wp-json\/wp\/v2\/types\/product"}],"replies":[{"embeddable":true,"href":"https:\/\/tupique.com\/pt\/wp-json\/wp\/v2\/comments?post=16749"}],"wp:featuredmedia":[{"embeddable":true,"href":"https:\/\/tupique.com\/pt\/wp-json\/wp\/v2\/media\/16746"}],"wp:attachment":[{"href":"https:\/\/tupique.com\/pt\/wp-json\/wp\/v2\/media?parent=16749"}],"wp:term":[{"taxonomy":"product_brand","embeddable":true,"href":"https:\/\/tupique.com\/pt\/wp-json\/wp\/v2\/product_brand?post=16749"},{"taxonomy":"product_cat","embeddable":true,"href":"https:\/\/tupique.com\/pt\/wp-json\/wp\/v2\/product_cat?post=16749"},{"taxonomy":"product_tag","embeddable":true,"href":"https:\/\/tupique.com\/pt\/wp-json\/wp\/v2\/product_tag?post=16749"}],"curies":[{"name":"wp","href":"https:\/\/api.w.org\/{rel}","templated":true}]}}