{"id":16822,"date":"2026-03-29T14:59:38","date_gmt":"2026-03-29T12:59:38","guid":{"rendered":"https:\/\/bigbuy.tupique.com\/produto\/ladies-spectacle-frame-marni-curve-me2102\/"},"modified":"2026-05-09T01:47:21","modified_gmt":"2026-05-08T23:47:21","slug":"ladies-spectacle-frame-marni-curve-me2102","status":"publish","type":"product","link":"https:\/\/tupique.com\/pt\/product\/ladies-spectacle-frame-marni-curve-me2102\/","title":{"rendered":"Arma\u00e7\u00e3o de \u00d3culos Mulher Marni CURVE ME2102"},"content":{"rendered":"<p>Si vous envisagez de renouveler votre garde-robe, achetez <b>Arma\u00e7\u00e3o de \u00d3culos Mulher Marni CURVE ME2102<\/b> et d\u2019autres<b>produits Marni<\/b>! La meilleure qualit\u00e9 au meilleur prix est \u00e0 votre port\u00e9e!<\/p>\n<ul>\n<li>Caract\u00e9ristiques: Verres sans graduation<\/li>\n<li>Genre: Femme<\/li>\n<li>Type: Monture de Lunettes<\/li>\n<li>Type de verre: Lentilles sans ordonnance<\/li>\n<\/ul>","protected":false},"excerpt":{"rendered":"<p>Si vous envisagez de renouveler votre garde-robe, achetez Monture de Lunettes Femme Marni CURVE ME2102 et d\u2019autresproduits Marni! La meilleure qualit\u00e9 au meilleur prix est \u00e0 votre port\u00e9e! Caract\u00e9ristiques: Verres sans graduation Genre: Femme Type: Monture de Lunettes Type de verre: Lentilles sans ordonnance<\/p>","protected":false},"featured_media":16821,"comment_status":"open","ping_status":"closed","template":"","meta":[],"product_brand":[844],"product_cat":[776,777,752],"product_tag":[542],"class_list":{"0":"post-16822","1":"product","2":"type-product","3":"status-publish","4":"has-post-thumbnail","6":"product_brand-brandp_8032","7":"product_cat-detente-et-bien-etre","8":"product_cat-lunettes-de-lecture-et-lunettes-loupes","9":"product_cat-sante-beaute","10":"product_tag-tag_1274","12":"first","13":"instock","14":"taxable","15":"shipping-taxable","16":"purchasable","17":"product-type-simple"},"yoast_head":"<!-- This site is optimized with the Yoast SEO plugin v27.5 - https:\/\/yoast.com\/product\/yoast-seo-wordpress\/ -->\n<title>Monture de Lunettes Femme Marni CURVE ME2102 - Tupique<\/title>\n<meta name=\"robots\" content=\"index, follow, max-snippet:-1, max-image-preview:large, max-video-preview:-1\" \/>\n<link rel=\"canonical\" href=\"https:\/\/tupique.com\/pt\/product\/ladies-spectacle-frame-marni-curve-me2102\/\" \/>\n<meta property=\"og:locale\" content=\"pt_PT\" \/>\n<meta property=\"og:type\" content=\"article\" \/>\n<meta property=\"og:title\" content=\"Monture de Lunettes Femme Marni CURVE ME2102 - Tupique\" \/>\n<meta property=\"og:description\" content=\"Si vous envisagez de renouveler votre garde-robe, achetez Monture de Lunettes Femme Marni CURVE ME2102 et d\u2019autresproduits Marni! La meilleure qualit\u00e9 au meilleur prix est \u00e0 votre port\u00e9e! Caract\u00e9ristiques: Verres sans graduation Genre: Femme Type: Monture de Lunettes Type de verre: Lentilles sans ordonnance\" \/>\n<meta property=\"og:url\" content=\"https:\/\/tupique.com\/pt\/product\/ladies-spectacle-frame-marni-curve-me2102\/\" \/>\n<meta property=\"og:site_name\" content=\"Tupique\" \/>\n<meta property=\"article:modified_time\" content=\"2026-05-08T23:47:21+00:00\" \/>\n<meta property=\"og:image\" content=\"https:\/\/tupique.com\/wp-content\/uploads\/2026\/03\/0886895297202_R01.jpg\" \/>\n\t<meta property=\"og:image:width\" content=\"1200\" \/>\n\t<meta property=\"og:image:height\" content=\"1200\" \/>\n\t<meta property=\"og:image:type\" content=\"image\/jpeg\" \/>\n<meta name=\"twitter:card\" content=\"summary_large_image\" \/>\n<script type=\"application\/ld+json\" class=\"yoast-schema-graph\">{\"@context\":\"https:\\\/\\\/schema.org\",\"@graph\":[{\"@type\":\"WebPage\",\"@id\":\"https:\\\/\\\/tupique.com\\\/product\\\/ladies-spectacle-frame-marni-curve-me2102\\\/\",\"url\":\"https:\\\/\\\/tupique.com\\\/product\\\/ladies-spectacle-frame-marni-curve-me2102\\\/\",\"name\":\"Monture de Lunettes Femme Marni CURVE ME2102 - Tupique\",\"isPartOf\":{\"@id\":\"https:\\\/\\\/tupique.com\\\/#website\"},\"primaryImageOfPage\":{\"@id\":\"https:\\\/\\\/tupique.com\\\/product\\\/ladies-spectacle-frame-marni-curve-me2102\\\/#primaryimage\"},\"image\":{\"@id\":\"https:\\\/\\\/tupique.com\\\/product\\\/ladies-spectacle-frame-marni-curve-me2102\\\/#primaryimage\"},\"thumbnailUrl\":\"https:\\\/\\\/tupique.com\\\/wp-content\\\/uploads\\\/2026\\\/03\\\/0886895297202_R01.jpg\",\"datePublished\":\"2026-03-29T12:59:38+00:00\",\"dateModified\":\"2026-05-08T23:47:21+00:00\",\"breadcrumb\":{\"@id\":\"https:\\\/\\\/tupique.com\\\/product\\\/ladies-spectacle-frame-marni-curve-me2102\\\/#breadcrumb\"},\"inLanguage\":\"pt-PT\",\"potentialAction\":[{\"@type\":\"ReadAction\",\"target\":[\"https:\\\/\\\/tupique.com\\\/product\\\/ladies-spectacle-frame-marni-curve-me2102\\\/\"]}]},{\"@type\":\"ImageObject\",\"inLanguage\":\"pt-PT\",\"@id\":\"https:\\\/\\\/tupique.com\\\/product\\\/ladies-spectacle-frame-marni-curve-me2102\\\/#primaryimage\",\"url\":\"https:\\\/\\\/tupique.com\\\/wp-content\\\/uploads\\\/2026\\\/03\\\/0886895297202_R01.jpg\",\"contentUrl\":\"https:\\\/\\\/tupique.com\\\/wp-content\\\/uploads\\\/2026\\\/03\\\/0886895297202_R01.jpg\",\"width\":1200,\"height\":1200,\"caption\":\"S7267051_0\"},{\"@type\":\"BreadcrumbList\",\"@id\":\"https:\\\/\\\/tupique.com\\\/product\\\/ladies-spectacle-frame-marni-curve-me2102\\\/#breadcrumb\",\"itemListElement\":[{\"@type\":\"ListItem\",\"position\":1,\"name\":\"commencer\",\"item\":\"https:\\\/\\\/tupique.com\\\/\"},{\"@type\":\"ListItem\",\"position\":2,\"name\":\"Loja\",\"item\":\"https:\\\/\\\/tupique.com\\\/loja\\\/\"},{\"@type\":\"ListItem\",\"position\":3,\"name\":\"Monture de Lunettes Femme Marni CURVE ME2102\"}]},{\"@type\":\"WebSite\",\"@id\":\"https:\\\/\\\/tupique.com\\\/#website\",\"url\":\"https:\\\/\\\/tupique.com\\\/\",\"name\":\"Tupique\",\"description\":\"\",\"publisher\":{\"@id\":\"https:\\\/\\\/tupique.com\\\/#organization\"},\"potentialAction\":[{\"@type\":\"SearchAction\",\"target\":{\"@type\":\"EntryPoint\",\"urlTemplate\":\"https:\\\/\\\/tupique.com\\\/?s={search_term_string}\"},\"query-input\":{\"@type\":\"PropertyValueSpecification\",\"valueRequired\":true,\"valueName\":\"search_term_string\"}}],\"inLanguage\":\"pt-PT\"},{\"@type\":\"Organization\",\"@id\":\"https:\\\/\\\/tupique.com\\\/#organization\",\"name\":\"Tupique\",\"url\":\"https:\\\/\\\/tupique.com\\\/\",\"logo\":{\"@type\":\"ImageObject\",\"inLanguage\":\"pt-PT\",\"@id\":\"https:\\\/\\\/tupique.com\\\/#\\\/schema\\\/logo\\\/image\\\/\",\"url\":\"https:\\\/\\\/tupique.com\\\/wp-content\\\/uploads\\\/2026\\\/03\\\/logo-tupique-1.webp\",\"contentUrl\":\"https:\\\/\\\/tupique.com\\\/wp-content\\\/uploads\\\/2026\\\/03\\\/logo-tupique-1.webp\",\"width\":500,\"height\":67,\"caption\":\"Tupique\"},\"image\":{\"@id\":\"https:\\\/\\\/tupique.com\\\/#\\\/schema\\\/logo\\\/image\\\/\"}}]}<\/script>\n<!-- \/ Yoast SEO plugin. -->","yoast_head_json":{"title":"Monture de Lunettes Femme Marni CURVE ME2102 - Tupique","robots":{"index":"index","follow":"follow","max-snippet":"max-snippet:-1","max-image-preview":"max-image-preview:large","max-video-preview":"max-video-preview:-1"},"canonical":"https:\/\/tupique.com\/pt\/product\/ladies-spectacle-frame-marni-curve-me2102\/","og_locale":"pt_PT","og_type":"article","og_title":"Monture de Lunettes Femme Marni CURVE ME2102 - Tupique","og_description":"Si vous envisagez de renouveler votre garde-robe, achetez Monture de Lunettes Femme Marni CURVE ME2102 et d\u2019autresproduits Marni! La meilleure qualit\u00e9 au meilleur prix est \u00e0 votre port\u00e9e! Caract\u00e9ristiques: Verres sans graduation Genre: Femme Type: Monture de Lunettes Type de verre: Lentilles sans ordonnance","og_url":"https:\/\/tupique.com\/pt\/product\/ladies-spectacle-frame-marni-curve-me2102\/","og_site_name":"Tupique","article_modified_time":"2026-05-08T23:47:21+00:00","og_image":[{"width":1200,"height":1200,"url":"https:\/\/tupique.com\/wp-content\/uploads\/2026\/03\/0886895297202_R01.jpg","type":"image\/jpeg"}],"twitter_card":"summary_large_image","schema":{"@context":"https:\/\/schema.org","@graph":[{"@type":"WebPage","@id":"https:\/\/tupique.com\/product\/ladies-spectacle-frame-marni-curve-me2102\/","url":"https:\/\/tupique.com\/product\/ladies-spectacle-frame-marni-curve-me2102\/","name":"Monture de Lunettes Femme Marni CURVE ME2102 - Tupique","isPartOf":{"@id":"https:\/\/tupique.com\/#website"},"primaryImageOfPage":{"@id":"https:\/\/tupique.com\/product\/ladies-spectacle-frame-marni-curve-me2102\/#primaryimage"},"image":{"@id":"https:\/\/tupique.com\/product\/ladies-spectacle-frame-marni-curve-me2102\/#primaryimage"},"thumbnailUrl":"https:\/\/tupique.com\/wp-content\/uploads\/2026\/03\/0886895297202_R01.jpg","datePublished":"2026-03-29T12:59:38+00:00","dateModified":"2026-05-08T23:47:21+00:00","breadcrumb":{"@id":"https:\/\/tupique.com\/product\/ladies-spectacle-frame-marni-curve-me2102\/#breadcrumb"},"inLanguage":"pt-PT","potentialAction":[{"@type":"ReadAction","target":["https:\/\/tupique.com\/product\/ladies-spectacle-frame-marni-curve-me2102\/"]}]},{"@type":"ImageObject","inLanguage":"pt-PT","@id":"https:\/\/tupique.com\/product\/ladies-spectacle-frame-marni-curve-me2102\/#primaryimage","url":"https:\/\/tupique.com\/wp-content\/uploads\/2026\/03\/0886895297202_R01.jpg","contentUrl":"https:\/\/tupique.com\/wp-content\/uploads\/2026\/03\/0886895297202_R01.jpg","width":1200,"height":1200,"caption":"S7267051_0"},{"@type":"BreadcrumbList","@id":"https:\/\/tupique.com\/product\/ladies-spectacle-frame-marni-curve-me2102\/#breadcrumb","itemListElement":[{"@type":"ListItem","position":1,"name":"commencer","item":"https:\/\/tupique.com\/"},{"@type":"ListItem","position":2,"name":"Loja","item":"https:\/\/tupique.com\/loja\/"},{"@type":"ListItem","position":3,"name":"Monture de Lunettes Femme Marni CURVE ME2102"}]},{"@type":"WebSite","@id":"https:\/\/tupique.com\/#website","url":"https:\/\/tupique.com\/","name":"Tupique","description":"","publisher":{"@id":"https:\/\/tupique.com\/#organization"},"potentialAction":[{"@type":"SearchAction","target":{"@type":"EntryPoint","urlTemplate":"https:\/\/tupique.com\/?s={search_term_string}"},"query-input":{"@type":"PropertyValueSpecification","valueRequired":true,"valueName":"search_term_string"}}],"inLanguage":"pt-PT"},{"@type":"Organization","@id":"https:\/\/tupique.com\/#organization","name":"Tupique","url":"https:\/\/tupique.com\/","logo":{"@type":"ImageObject","inLanguage":"pt-PT","@id":"https:\/\/tupique.com\/#\/schema\/logo\/image\/","url":"https:\/\/tupique.com\/wp-content\/uploads\/2026\/03\/logo-tupique-1.webp","contentUrl":"https:\/\/tupique.com\/wp-content\/uploads\/2026\/03\/logo-tupique-1.webp","width":500,"height":67,"caption":"Tupique"},"image":{"@id":"https:\/\/tupique.com\/#\/schema\/logo\/image\/"}}]}},"_links":{"self":[{"href":"https:\/\/tupique.com\/pt\/wp-json\/wp\/v2\/product\/16822","targetHints":{"allow":["GET"]}}],"collection":[{"href":"https:\/\/tupique.com\/pt\/wp-json\/wp\/v2\/product"}],"about":[{"href":"https:\/\/tupique.com\/pt\/wp-json\/wp\/v2\/types\/product"}],"replies":[{"embeddable":true,"href":"https:\/\/tupique.com\/pt\/wp-json\/wp\/v2\/comments?post=16822"}],"wp:featuredmedia":[{"embeddable":true,"href":"https:\/\/tupique.com\/pt\/wp-json\/wp\/v2\/media\/16821"}],"wp:attachment":[{"href":"https:\/\/tupique.com\/pt\/wp-json\/wp\/v2\/media?parent=16822"}],"wp:term":[{"taxonomy":"product_brand","embeddable":true,"href":"https:\/\/tupique.com\/pt\/wp-json\/wp\/v2\/product_brand?post=16822"},{"taxonomy":"product_cat","embeddable":true,"href":"https:\/\/tupique.com\/pt\/wp-json\/wp\/v2\/product_cat?post=16822"},{"taxonomy":"product_tag","embeddable":true,"href":"https:\/\/tupique.com\/pt\/wp-json\/wp\/v2\/product_tag?post=16822"}],"curies":[{"name":"wp","href":"https:\/\/api.w.org\/{rel}","templated":true}]}}