{"id":169426,"date":"2026-04-10T23:51:34","date_gmt":"2026-04-10T22:51:34","guid":{"rendered":"https:\/\/bigbuy.tupique.com\/produto\/atx-semi-tower-box-cooler-master-black-refurbished-a\/"},"modified":"2026-04-11T13:20:31","modified_gmt":"2026-04-11T12:20:31","slug":"atx-semi-tower-box-cooler-master-black-refurbished-a","status":"publish","type":"product","link":"https:\/\/tupique.com\/pt\/product\/atx-semi-tower-box-cooler-master-black-refurbished-a\/","title":{"rendered":"Caixa ATX Semi-tower Cooler Master Preta (Recondicionada A)"},"content":{"rendered":"<p>Se tem paix\u00e3o por <b>TI e eletr\u00f3nica<\/b>, como estar a par das novidades tecnol\u00f3gicas e n\u00e3o falhar nem o mais \u00ednfimo detalhe, compre <b> Caixa ATX Semi-tower Cooler Master Preta (Recondicionada A) <\/b> a um pre\u00e7o imbat\u00edvel.<\/p>\n<ul>\n<li>Type: ATX Semi-tower Box<\/li>\n<li>Cor: Preto<\/li>\n<\/ul>\n<p>REFURBISHED: These are products that have been returned within their return period or display products that have occasionally been used for demonstrations; some are sold with some damage to the packaging or with the original packaging having been opened. All products have been checked, they include the official brand guarantee and are in perfect working order. Depending on their condition, they are classed as:<\/p>\n<ul>\n<li>A+\/ Perfect: products in perfect condition whose original packaging may have been opened or substituted by other packaging that is in very good condition.<\/li>\n<li>A\/ As New: products that are in perfect, as new, condition, their original packaging may have been opened, have some damage or may have been substituted by other packaging.<\/li>\n<li>B\/ Very Good: products that are in very good condition, with possible slight aesthetic imperfections, they function perfectly and their original packaging may have been opened or have some damage.<\/li>\n<li>C\/ Good Condition: products are in good condition, with possible aesthetic imperfections but working perfectly, their original packaging may have been opened or have some damage.<\/li>\n<li>D\/ Correct: Products in correct condition, with possible aesthetic imperfections or lacking an accessory, in perfect working condition and their original packaging may have been opened or have some damage.<\/li>\n<\/ul>","protected":false},"excerpt":{"rendered":"<p>If you&#8217;re passionate about IT and electronics, like being up to date on technology and don&#8217;t miss even the slightest details, buy ATX Semi-tower Box Cooler Master Black (Refurbished A) at an unbeatable price. Type: ATX Semi-tower Box Colour: Black REFURBISHED: These are products that have been returned within their return period or display products [&hellip;]<\/p>\n","protected":false},"featured_media":169422,"comment_status":"open","ping_status":"closed","template":"","meta":[],"product_brand":[1348],"product_cat":[584,65,173,174,615],"product_tag":[166,106],"class_list":{"0":"post-169426","1":"product","2":"type-product","3":"status-publish","4":"has-post-thumbnail","6":"product_brand-brandp_542","7":"product_cat-computer-networks-and-components","8":"product_cat-computers-electronics","9":"product_cat-offers-refurbished","10":"product_cat-refurbished-openbox","11":"product_cat-systems-units","12":"product_tag-tag_1297","13":"product_tag-tag_1295","15":"first","16":"instock","17":"taxable","18":"shipping-taxable","19":"purchasable","20":"product-type-simple"},"yoast_head":"<!-- This site is optimized with the Yoast SEO plugin v27.5 - https:\/\/yoast.com\/product\/yoast-seo-wordpress\/ -->\n<title>ATX Semi-tower Box Cooler Master Black (Refurbished A) - Tupique<\/title>\n<meta name=\"robots\" content=\"index, follow, max-snippet:-1, max-image-preview:large, max-video-preview:-1\" \/>\n<link rel=\"canonical\" href=\"https:\/\/tupique.com\/pt\/product\/atx-semi-tower-box-cooler-master-black-refurbished-a\/\" \/>\n<meta property=\"og:locale\" content=\"pt_PT\" \/>\n<meta property=\"og:type\" content=\"article\" \/>\n<meta property=\"og:title\" content=\"ATX Semi-tower Box Cooler Master Black (Refurbished A) - Tupique\" \/>\n<meta property=\"og:description\" content=\"If you&#8217;re passionate about IT and electronics, like being up to date on technology and don&#8217;t miss even the slightest details, buy ATX Semi-tower Box Cooler Master Black (Refurbished A) at an unbeatable price. Type: ATX Semi-tower Box Colour: Black REFURBISHED: These are products that have been returned within their return period or display products [&hellip;]\" \/>\n<meta property=\"og:url\" content=\"https:\/\/tupique.com\/pt\/product\/atx-semi-tower-box-cooler-master-black-refurbished-a\/\" \/>\n<meta property=\"og:site_name\" content=\"Tupique\" \/>\n<meta property=\"article:modified_time\" content=\"2026-04-11T12:20:31+00:00\" \/>\n<meta property=\"og:image\" content=\"https:\/\/tupique.com\/wp-content\/uploads\/2026\/04\/0884102098598_I00.jpg\" \/>\n\t<meta property=\"og:image:width\" content=\"1200\" \/>\n\t<meta property=\"og:image:height\" content=\"1200\" \/>\n\t<meta property=\"og:image:type\" content=\"image\/jpeg\" \/>\n<meta name=\"twitter:card\" content=\"summary_large_image\" \/>\n<meta name=\"twitter:label1\" content=\"Tempo estimado de leitura\" \/>\n\t<meta name=\"twitter:data1\" content=\"1 minuto\" \/>\n<script type=\"application\/ld+json\" class=\"yoast-schema-graph\">{\"@context\":\"https:\\\/\\\/schema.org\",\"@graph\":[{\"@type\":\"WebPage\",\"@id\":\"https:\\\/\\\/tupique.com\\\/product\\\/atx-semi-tower-box-cooler-master-black-refurbished-a\\\/\",\"url\":\"https:\\\/\\\/tupique.com\\\/product\\\/atx-semi-tower-box-cooler-master-black-refurbished-a\\\/\",\"name\":\"ATX Semi-tower Box Cooler Master Black (Refurbished A) - Tupique\",\"isPartOf\":{\"@id\":\"https:\\\/\\\/tupique.com\\\/#website\"},\"primaryImageOfPage\":{\"@id\":\"https:\\\/\\\/tupique.com\\\/product\\\/atx-semi-tower-box-cooler-master-black-refurbished-a\\\/#primaryimage\"},\"image\":{\"@id\":\"https:\\\/\\\/tupique.com\\\/product\\\/atx-semi-tower-box-cooler-master-black-refurbished-a\\\/#primaryimage\"},\"thumbnailUrl\":\"https:\\\/\\\/tupique.com\\\/wp-content\\\/uploads\\\/2026\\\/04\\\/0884102098598_I00.jpg\",\"datePublished\":\"2026-04-10T22:51:34+00:00\",\"dateModified\":\"2026-04-11T12:20:31+00:00\",\"breadcrumb\":{\"@id\":\"https:\\\/\\\/tupique.com\\\/product\\\/atx-semi-tower-box-cooler-master-black-refurbished-a\\\/#breadcrumb\"},\"inLanguage\":\"pt-PT\",\"potentialAction\":[{\"@type\":\"ReadAction\",\"target\":[\"https:\\\/\\\/tupique.com\\\/product\\\/atx-semi-tower-box-cooler-master-black-refurbished-a\\\/\"]}]},{\"@type\":\"ImageObject\",\"inLanguage\":\"pt-PT\",\"@id\":\"https:\\\/\\\/tupique.com\\\/product\\\/atx-semi-tower-box-cooler-master-black-refurbished-a\\\/#primaryimage\",\"url\":\"https:\\\/\\\/tupique.com\\\/wp-content\\\/uploads\\\/2026\\\/04\\\/0884102098598_I00.jpg\",\"contentUrl\":\"https:\\\/\\\/tupique.com\\\/wp-content\\\/uploads\\\/2026\\\/04\\\/0884102098598_I00.jpg\",\"width\":1200,\"height\":1200,\"caption\":\"V0710149_0\"},{\"@type\":\"BreadcrumbList\",\"@id\":\"https:\\\/\\\/tupique.com\\\/product\\\/atx-semi-tower-box-cooler-master-black-refurbished-a\\\/#breadcrumb\",\"itemListElement\":[{\"@type\":\"ListItem\",\"position\":1,\"name\":\"commencer\",\"item\":\"https:\\\/\\\/tupique.com\\\/\"},{\"@type\":\"ListItem\",\"position\":2,\"name\":\"Loja\",\"item\":\"https:\\\/\\\/tupique.com\\\/loja\\\/\"},{\"@type\":\"ListItem\",\"position\":3,\"name\":\"ATX Semi-tower Box Cooler Master Black (Refurbished A)\"}]},{\"@type\":\"WebSite\",\"@id\":\"https:\\\/\\\/tupique.com\\\/#website\",\"url\":\"https:\\\/\\\/tupique.com\\\/\",\"name\":\"Tupique\",\"description\":\"\",\"publisher\":{\"@id\":\"https:\\\/\\\/tupique.com\\\/#organization\"},\"potentialAction\":[{\"@type\":\"SearchAction\",\"target\":{\"@type\":\"EntryPoint\",\"urlTemplate\":\"https:\\\/\\\/tupique.com\\\/?s={search_term_string}\"},\"query-input\":{\"@type\":\"PropertyValueSpecification\",\"valueRequired\":true,\"valueName\":\"search_term_string\"}}],\"inLanguage\":\"pt-PT\"},{\"@type\":\"Organization\",\"@id\":\"https:\\\/\\\/tupique.com\\\/#organization\",\"name\":\"Tupique\",\"url\":\"https:\\\/\\\/tupique.com\\\/\",\"logo\":{\"@type\":\"ImageObject\",\"inLanguage\":\"pt-PT\",\"@id\":\"https:\\\/\\\/tupique.com\\\/#\\\/schema\\\/logo\\\/image\\\/\",\"url\":\"https:\\\/\\\/tupique.com\\\/wp-content\\\/uploads\\\/2026\\\/03\\\/logo-tupique-1.webp\",\"contentUrl\":\"https:\\\/\\\/tupique.com\\\/wp-content\\\/uploads\\\/2026\\\/03\\\/logo-tupique-1.webp\",\"width\":500,\"height\":67,\"caption\":\"Tupique\"},\"image\":{\"@id\":\"https:\\\/\\\/tupique.com\\\/#\\\/schema\\\/logo\\\/image\\\/\"}}]}<\/script>\n<!-- \/ Yoast SEO plugin. -->","yoast_head_json":{"title":"ATX Semi-tower Box Cooler Master Black (Refurbished A) - Tupique","robots":{"index":"index","follow":"follow","max-snippet":"max-snippet:-1","max-image-preview":"max-image-preview:large","max-video-preview":"max-video-preview:-1"},"canonical":"https:\/\/tupique.com\/pt\/product\/atx-semi-tower-box-cooler-master-black-refurbished-a\/","og_locale":"pt_PT","og_type":"article","og_title":"ATX Semi-tower Box Cooler Master Black (Refurbished A) - Tupique","og_description":"If you&#8217;re passionate about IT and electronics, like being up to date on technology and don&#8217;t miss even the slightest details, buy ATX Semi-tower Box Cooler Master Black (Refurbished A) at an unbeatable price. Type: ATX Semi-tower Box Colour: Black REFURBISHED: These are products that have been returned within their return period or display products [&hellip;]","og_url":"https:\/\/tupique.com\/pt\/product\/atx-semi-tower-box-cooler-master-black-refurbished-a\/","og_site_name":"Tupique","article_modified_time":"2026-04-11T12:20:31+00:00","og_image":[{"width":1200,"height":1200,"url":"https:\/\/tupique.com\/wp-content\/uploads\/2026\/04\/0884102098598_I00.jpg","type":"image\/jpeg"}],"twitter_card":"summary_large_image","twitter_misc":{"Tempo estimado de leitura":"1 minuto"},"schema":{"@context":"https:\/\/schema.org","@graph":[{"@type":"WebPage","@id":"https:\/\/tupique.com\/product\/atx-semi-tower-box-cooler-master-black-refurbished-a\/","url":"https:\/\/tupique.com\/product\/atx-semi-tower-box-cooler-master-black-refurbished-a\/","name":"ATX Semi-tower Box Cooler Master Black (Refurbished A) - Tupique","isPartOf":{"@id":"https:\/\/tupique.com\/#website"},"primaryImageOfPage":{"@id":"https:\/\/tupique.com\/product\/atx-semi-tower-box-cooler-master-black-refurbished-a\/#primaryimage"},"image":{"@id":"https:\/\/tupique.com\/product\/atx-semi-tower-box-cooler-master-black-refurbished-a\/#primaryimage"},"thumbnailUrl":"https:\/\/tupique.com\/wp-content\/uploads\/2026\/04\/0884102098598_I00.jpg","datePublished":"2026-04-10T22:51:34+00:00","dateModified":"2026-04-11T12:20:31+00:00","breadcrumb":{"@id":"https:\/\/tupique.com\/product\/atx-semi-tower-box-cooler-master-black-refurbished-a\/#breadcrumb"},"inLanguage":"pt-PT","potentialAction":[{"@type":"ReadAction","target":["https:\/\/tupique.com\/product\/atx-semi-tower-box-cooler-master-black-refurbished-a\/"]}]},{"@type":"ImageObject","inLanguage":"pt-PT","@id":"https:\/\/tupique.com\/product\/atx-semi-tower-box-cooler-master-black-refurbished-a\/#primaryimage","url":"https:\/\/tupique.com\/wp-content\/uploads\/2026\/04\/0884102098598_I00.jpg","contentUrl":"https:\/\/tupique.com\/wp-content\/uploads\/2026\/04\/0884102098598_I00.jpg","width":1200,"height":1200,"caption":"V0710149_0"},{"@type":"BreadcrumbList","@id":"https:\/\/tupique.com\/product\/atx-semi-tower-box-cooler-master-black-refurbished-a\/#breadcrumb","itemListElement":[{"@type":"ListItem","position":1,"name":"commencer","item":"https:\/\/tupique.com\/"},{"@type":"ListItem","position":2,"name":"Loja","item":"https:\/\/tupique.com\/loja\/"},{"@type":"ListItem","position":3,"name":"ATX Semi-tower Box Cooler Master Black (Refurbished A)"}]},{"@type":"WebSite","@id":"https:\/\/tupique.com\/#website","url":"https:\/\/tupique.com\/","name":"Tupique","description":"","publisher":{"@id":"https:\/\/tupique.com\/#organization"},"potentialAction":[{"@type":"SearchAction","target":{"@type":"EntryPoint","urlTemplate":"https:\/\/tupique.com\/?s={search_term_string}"},"query-input":{"@type":"PropertyValueSpecification","valueRequired":true,"valueName":"search_term_string"}}],"inLanguage":"pt-PT"},{"@type":"Organization","@id":"https:\/\/tupique.com\/#organization","name":"Tupique","url":"https:\/\/tupique.com\/","logo":{"@type":"ImageObject","inLanguage":"pt-PT","@id":"https:\/\/tupique.com\/#\/schema\/logo\/image\/","url":"https:\/\/tupique.com\/wp-content\/uploads\/2026\/03\/logo-tupique-1.webp","contentUrl":"https:\/\/tupique.com\/wp-content\/uploads\/2026\/03\/logo-tupique-1.webp","width":500,"height":67,"caption":"Tupique"},"image":{"@id":"https:\/\/tupique.com\/#\/schema\/logo\/image\/"}}]}},"_links":{"self":[{"href":"https:\/\/tupique.com\/pt\/wp-json\/wp\/v2\/product\/169426","targetHints":{"allow":["GET"]}}],"collection":[{"href":"https:\/\/tupique.com\/pt\/wp-json\/wp\/v2\/product"}],"about":[{"href":"https:\/\/tupique.com\/pt\/wp-json\/wp\/v2\/types\/product"}],"replies":[{"embeddable":true,"href":"https:\/\/tupique.com\/pt\/wp-json\/wp\/v2\/comments?post=169426"}],"wp:featuredmedia":[{"embeddable":true,"href":"https:\/\/tupique.com\/pt\/wp-json\/wp\/v2\/media\/169422"}],"wp:attachment":[{"href":"https:\/\/tupique.com\/pt\/wp-json\/wp\/v2\/media?parent=169426"}],"wp:term":[{"taxonomy":"product_brand","embeddable":true,"href":"https:\/\/tupique.com\/pt\/wp-json\/wp\/v2\/product_brand?post=169426"},{"taxonomy":"product_cat","embeddable":true,"href":"https:\/\/tupique.com\/pt\/wp-json\/wp\/v2\/product_cat?post=169426"},{"taxonomy":"product_tag","embeddable":true,"href":"https:\/\/tupique.com\/pt\/wp-json\/wp\/v2\/product_tag?post=169426"}],"curies":[{"name":"wp","href":"https:\/\/api.w.org\/{rel}","templated":true}]}}