{"id":178077,"date":"2026-05-09T02:36:47","date_gmt":"2026-05-09T00:36:47","guid":{"rendered":"https:\/\/tupique.com\/product\/montre-homme-guess-z07008g9mf-vert\/"},"modified":"2026-05-10T14:19:30","modified_gmt":"2026-05-10T12:19:30","slug":"montre-homme-guess-z07008g9mf-vert","status":"publish","type":"product","link":"https:\/\/tupique.com\/pt\/product\/montre-homme-guess-z07008g9mf-vert\/","title":{"rendered":"Montre Homme Guess Z07008G9MF Vert"},"content":{"rendered":"<p>Si vous aimez suivre les derni\u00e8res tendances en mati\u00e8re de mode et accessoires, achetez <b>Montre Homme Guess Z07008G9MF Vert<\/b> au meilleur prix.<\/p>\n<p>A <b>montre pour femme<\/b> <b>GC Watches Z07008G9MF<\/b> est une <b>montre-bracelet<\/b> au design contemporain qui associe des mat\u00e9riaux de qualit\u00e9 et un style \u00e9l\u00e9gant, adapt\u00e9e aussi bien \u00e0 un usage quotidien qu\u2019aux occasions formelles. Son <b>bo\u00eetier en acier inoxydable<\/b> d\u2019environ <b>\u00d8 44 mm<\/b> offre une forte pr\u00e9sence au poignet, tandis que le <b>bracelet en acier inoxydable<\/b> de couleur <b>grise<\/b> est compl\u00e9t\u00e9 par des d\u00e9tails <b>dor\u00e9s<\/b>, cr\u00e9ant un contraste sobre et actuel. Le cadran de couleur <b>verte<\/b> apporte une touche distinctive et moderne, prot\u00e9g\u00e9 par un verre <b>min\u00e9ral<\/b> r\u00e9sistant aux rayures courantes d\u2019un usage quotidien. La montre int\u00e8gre un mouvement \u00e0 <b>quartz<\/b>, reconnu pour sa pr\u00e9cision et son faible entretien, garantissant une lecture de l\u2019heure fiable en permanence. La fermeture de type <b>papillon<\/b> assure un ajustement confortable et s\u00fbr, facilitant la mise au poignet et le retrait de la montre sans compromettre sa stabilit\u00e9. Avec une <b>r\u00e9sistance \u00e0 l\u2019eau de 10 ATM<\/b>, ce mod\u00e8le supporte les \u00e9claboussures, la pluie et m\u00eame la natation l\u00e9g\u00e8re, dans les limites d\u2019usage recommand\u00e9es pour ce niveau d\u2019\u00e9tanch\u00e9it\u00e9. Con\u00e7ue pour <b>femme<\/b> mais \u00e9galement indiqu\u00e9e comme option unisexe, puisqu\u2019elle est signal\u00e9e comme adapt\u00e9e pour <b>homme et femme<\/b>, elle s\u2019adapte \u00e0 diff\u00e9rents styles personnels. La montre est livr\u00e9e dans un <b>\u00e9crin de la marque<\/b>, ce qui facilite sa protection lorsqu\u2019elle n\u2019est pas port\u00e9e et en fait une id\u00e9e de cadeau appropri\u00e9e. Dans l\u2019ensemble, la GC Watches Z07008G9MF se positionne comme une montre en acier inoxydable polyvalente et moderne, qui allie design soign\u00e9, belles finitions et fonctionnalit\u00e9 fiable.<\/p>\n<ul>\n<li>Genre: Homme<\/li>\n<li>Liens suppl\u00e9mentaires: Non<\/li>\n<li>Type de montre: Montre-bracelet<\/li>\n<li>Couleur: Vert<\/li>\n<li>Materiau du bo\u00eetier: Acier inoxydable<\/li>\n<li>Couleur du bracelet: Or<\/li>\n<li>Type de mouvement: Quartz<\/li>\n<\/ul>","protected":false},"excerpt":{"rendered":"<p>Si vous aimez suivre les derni\u00e8res tendances en mati\u00e8re de mode et accessoires, achetez Montre Homme Guess Z07008G9MF Vert au meilleur prix. La montre pour femme GC Watches Z07008G9MF est une montre-bracelet au design contemporain qui associe des mat\u00e9riaux de qualit\u00e9 et un style \u00e9l\u00e9gant, adapt\u00e9e aussi bien \u00e0 un usage quotidien qu\u2019aux occasions formelles. [&hellip;]<\/p>\n","protected":false},"featured_media":178071,"comment_status":"open","ping_status":"closed","template":"","meta":[],"product_brand":[553],"product_cat":[544,574,545],"product_tag":[103,543],"class_list":{"0":"post-178077","1":"product","2":"type-product","3":"status-publish","4":"has-post-thumbnail","6":"product_brand-brandp_835","7":"product_cat-mode-accessoires","8":"product_cat-montres-homme","9":"product_cat-montres-bracelets","10":"product_tag-tag_1261","11":"product_tag-tag_61","13":"first","14":"instock","15":"taxable","16":"shipping-taxable","17":"purchasable","18":"product-type-simple"},"yoast_head":"<!-- This site is optimized with the Yoast SEO plugin v27.5 - https:\/\/yoast.com\/product\/yoast-seo-wordpress\/ -->\n<title>Montre Homme Guess Z07008G9MF Vert - Tupique<\/title>\n<meta name=\"robots\" content=\"index, follow, max-snippet:-1, max-image-preview:large, max-video-preview:-1\" \/>\n<link rel=\"canonical\" href=\"https:\/\/tupique.com\/pt\/product\/montre-homme-guess-z07008g9mf-vert\/\" \/>\n<meta property=\"og:locale\" content=\"pt_PT\" \/>\n<meta property=\"og:type\" content=\"article\" \/>\n<meta property=\"og:title\" content=\"Montre Homme Guess Z07008G9MF Vert - Tupique\" \/>\n<meta property=\"og:description\" content=\"Si vous aimez suivre les derni\u00e8res tendances en mati\u00e8re de mode et accessoires, achetez Montre Homme Guess Z07008G9MF Vert au meilleur prix. La montre pour femme GC Watches Z07008G9MF est une montre-bracelet au design contemporain qui associe des mat\u00e9riaux de qualit\u00e9 et un style \u00e9l\u00e9gant, adapt\u00e9e aussi bien \u00e0 un usage quotidien qu\u2019aux occasions formelles. [&hellip;]\" \/>\n<meta property=\"og:url\" content=\"https:\/\/tupique.com\/pt\/product\/montre-homme-guess-z07008g9mf-vert\/\" \/>\n<meta property=\"og:site_name\" content=\"Tupique\" \/>\n<meta property=\"article:modified_time\" content=\"2026-05-10T12:19:30+00:00\" \/>\n<meta name=\"twitter:card\" content=\"summary_large_image\" \/>\n<meta name=\"twitter:label1\" content=\"Tempo estimado de leitura\" \/>\n\t<meta name=\"twitter:data1\" content=\"2 minutos\" \/>\n<script type=\"application\/ld+json\" class=\"yoast-schema-graph\">{\"@context\":\"https:\\\/\\\/schema.org\",\"@graph\":[{\"@type\":\"WebPage\",\"@id\":\"https:\\\/\\\/tupique.com\\\/product\\\/montre-homme-guess-z07008g9mf-vert\\\/\",\"url\":\"https:\\\/\\\/tupique.com\\\/product\\\/montre-homme-guess-z07008g9mf-vert\\\/\",\"name\":\"Montre Homme Guess Z07008G9MF Vert - Tupique\",\"isPartOf\":{\"@id\":\"https:\\\/\\\/tupique.com\\\/#website\"},\"primaryImageOfPage\":{\"@id\":\"https:\\\/\\\/tupique.com\\\/product\\\/montre-homme-guess-z07008g9mf-vert\\\/#primaryimage\"},\"image\":{\"@id\":\"https:\\\/\\\/tupique.com\\\/product\\\/montre-homme-guess-z07008g9mf-vert\\\/#primaryimage\"},\"thumbnailUrl\":\"https:\\\/\\\/tupique.com\\\/wp-content\\\/uploads\\\/2026\\\/05\\\/0091661531231_S7274676_P01.jpg\",\"datePublished\":\"2026-05-09T00:36:47+00:00\",\"dateModified\":\"2026-05-10T12:19:30+00:00\",\"breadcrumb\":{\"@id\":\"https:\\\/\\\/tupique.com\\\/product\\\/montre-homme-guess-z07008g9mf-vert\\\/#breadcrumb\"},\"inLanguage\":\"pt-PT\",\"potentialAction\":[{\"@type\":\"ReadAction\",\"target\":[\"https:\\\/\\\/tupique.com\\\/product\\\/montre-homme-guess-z07008g9mf-vert\\\/\"]}]},{\"@type\":\"ImageObject\",\"inLanguage\":\"pt-PT\",\"@id\":\"https:\\\/\\\/tupique.com\\\/product\\\/montre-homme-guess-z07008g9mf-vert\\\/#primaryimage\",\"url\":\"https:\\\/\\\/tupique.com\\\/wp-content\\\/uploads\\\/2026\\\/05\\\/0091661531231_S7274676_P01.jpg\",\"contentUrl\":\"https:\\\/\\\/tupique.com\\\/wp-content\\\/uploads\\\/2026\\\/05\\\/0091661531231_S7274676_P01.jpg\",\"width\":1200,\"height\":1200,\"caption\":\"S7274676_0\"},{\"@type\":\"BreadcrumbList\",\"@id\":\"https:\\\/\\\/tupique.com\\\/product\\\/montre-homme-guess-z07008g9mf-vert\\\/#breadcrumb\",\"itemListElement\":[{\"@type\":\"ListItem\",\"position\":1,\"name\":\"commencer\",\"item\":\"https:\\\/\\\/tupique.com\\\/\"},{\"@type\":\"ListItem\",\"position\":2,\"name\":\"Loja\",\"item\":\"https:\\\/\\\/tupique.com\\\/loja\\\/\"},{\"@type\":\"ListItem\",\"position\":3,\"name\":\"Montre Homme Guess Z07008G9MF Vert\"}]},{\"@type\":\"WebSite\",\"@id\":\"https:\\\/\\\/tupique.com\\\/#website\",\"url\":\"https:\\\/\\\/tupique.com\\\/\",\"name\":\"Tupique\",\"description\":\"\",\"publisher\":{\"@id\":\"https:\\\/\\\/tupique.com\\\/#organization\"},\"potentialAction\":[{\"@type\":\"SearchAction\",\"target\":{\"@type\":\"EntryPoint\",\"urlTemplate\":\"https:\\\/\\\/tupique.com\\\/?s={search_term_string}\"},\"query-input\":{\"@type\":\"PropertyValueSpecification\",\"valueRequired\":true,\"valueName\":\"search_term_string\"}}],\"inLanguage\":\"pt-PT\"},{\"@type\":\"Organization\",\"@id\":\"https:\\\/\\\/tupique.com\\\/#organization\",\"name\":\"Tupique\",\"url\":\"https:\\\/\\\/tupique.com\\\/\",\"logo\":{\"@type\":\"ImageObject\",\"inLanguage\":\"pt-PT\",\"@id\":\"https:\\\/\\\/tupique.com\\\/#\\\/schema\\\/logo\\\/image\\\/\",\"url\":\"https:\\\/\\\/tupique.com\\\/wp-content\\\/uploads\\\/2026\\\/03\\\/logo-tupique-1.webp\",\"contentUrl\":\"https:\\\/\\\/tupique.com\\\/wp-content\\\/uploads\\\/2026\\\/03\\\/logo-tupique-1.webp\",\"width\":500,\"height\":67,\"caption\":\"Tupique\"},\"image\":{\"@id\":\"https:\\\/\\\/tupique.com\\\/#\\\/schema\\\/logo\\\/image\\\/\"}}]}<\/script>\n<!-- \/ Yoast SEO plugin. -->","yoast_head_json":{"title":"Montre Homme Guess Z07008G9MF Vert - Tupique","robots":{"index":"index","follow":"follow","max-snippet":"max-snippet:-1","max-image-preview":"max-image-preview:large","max-video-preview":"max-video-preview:-1"},"canonical":"https:\/\/tupique.com\/pt\/product\/montre-homme-guess-z07008g9mf-vert\/","og_locale":"pt_PT","og_type":"article","og_title":"Montre Homme Guess Z07008G9MF Vert - Tupique","og_description":"Si vous aimez suivre les derni\u00e8res tendances en mati\u00e8re de mode et accessoires, achetez Montre Homme Guess Z07008G9MF Vert au meilleur prix. La montre pour femme GC Watches Z07008G9MF est une montre-bracelet au design contemporain qui associe des mat\u00e9riaux de qualit\u00e9 et un style \u00e9l\u00e9gant, adapt\u00e9e aussi bien \u00e0 un usage quotidien qu\u2019aux occasions formelles. [&hellip;]","og_url":"https:\/\/tupique.com\/pt\/product\/montre-homme-guess-z07008g9mf-vert\/","og_site_name":"Tupique","article_modified_time":"2026-05-10T12:19:30+00:00","twitter_card":"summary_large_image","twitter_misc":{"Tempo estimado de leitura":"2 minutos"},"schema":{"@context":"https:\/\/schema.org","@graph":[{"@type":"WebPage","@id":"https:\/\/tupique.com\/product\/montre-homme-guess-z07008g9mf-vert\/","url":"https:\/\/tupique.com\/product\/montre-homme-guess-z07008g9mf-vert\/","name":"Montre Homme Guess Z07008G9MF Vert - Tupique","isPartOf":{"@id":"https:\/\/tupique.com\/#website"},"primaryImageOfPage":{"@id":"https:\/\/tupique.com\/product\/montre-homme-guess-z07008g9mf-vert\/#primaryimage"},"image":{"@id":"https:\/\/tupique.com\/product\/montre-homme-guess-z07008g9mf-vert\/#primaryimage"},"thumbnailUrl":"https:\/\/tupique.com\/wp-content\/uploads\/2026\/05\/0091661531231_S7274676_P01.jpg","datePublished":"2026-05-09T00:36:47+00:00","dateModified":"2026-05-10T12:19:30+00:00","breadcrumb":{"@id":"https:\/\/tupique.com\/product\/montre-homme-guess-z07008g9mf-vert\/#breadcrumb"},"inLanguage":"pt-PT","potentialAction":[{"@type":"ReadAction","target":["https:\/\/tupique.com\/product\/montre-homme-guess-z07008g9mf-vert\/"]}]},{"@type":"ImageObject","inLanguage":"pt-PT","@id":"https:\/\/tupique.com\/product\/montre-homme-guess-z07008g9mf-vert\/#primaryimage","url":"https:\/\/tupique.com\/wp-content\/uploads\/2026\/05\/0091661531231_S7274676_P01.jpg","contentUrl":"https:\/\/tupique.com\/wp-content\/uploads\/2026\/05\/0091661531231_S7274676_P01.jpg","width":1200,"height":1200,"caption":"S7274676_0"},{"@type":"BreadcrumbList","@id":"https:\/\/tupique.com\/product\/montre-homme-guess-z07008g9mf-vert\/#breadcrumb","itemListElement":[{"@type":"ListItem","position":1,"name":"commencer","item":"https:\/\/tupique.com\/"},{"@type":"ListItem","position":2,"name":"Loja","item":"https:\/\/tupique.com\/loja\/"},{"@type":"ListItem","position":3,"name":"Montre Homme Guess Z07008G9MF Vert"}]},{"@type":"WebSite","@id":"https:\/\/tupique.com\/#website","url":"https:\/\/tupique.com\/","name":"Tupique","description":"","publisher":{"@id":"https:\/\/tupique.com\/#organization"},"potentialAction":[{"@type":"SearchAction","target":{"@type":"EntryPoint","urlTemplate":"https:\/\/tupique.com\/?s={search_term_string}"},"query-input":{"@type":"PropertyValueSpecification","valueRequired":true,"valueName":"search_term_string"}}],"inLanguage":"pt-PT"},{"@type":"Organization","@id":"https:\/\/tupique.com\/#organization","name":"Tupique","url":"https:\/\/tupique.com\/","logo":{"@type":"ImageObject","inLanguage":"pt-PT","@id":"https:\/\/tupique.com\/#\/schema\/logo\/image\/","url":"https:\/\/tupique.com\/wp-content\/uploads\/2026\/03\/logo-tupique-1.webp","contentUrl":"https:\/\/tupique.com\/wp-content\/uploads\/2026\/03\/logo-tupique-1.webp","width":500,"height":67,"caption":"Tupique"},"image":{"@id":"https:\/\/tupique.com\/#\/schema\/logo\/image\/"}}]}},"_links":{"self":[{"href":"https:\/\/tupique.com\/pt\/wp-json\/wp\/v2\/product\/178077","targetHints":{"allow":["GET"]}}],"collection":[{"href":"https:\/\/tupique.com\/pt\/wp-json\/wp\/v2\/product"}],"about":[{"href":"https:\/\/tupique.com\/pt\/wp-json\/wp\/v2\/types\/product"}],"replies":[{"embeddable":true,"href":"https:\/\/tupique.com\/pt\/wp-json\/wp\/v2\/comments?post=178077"}],"wp:featuredmedia":[{"embeddable":true,"href":"https:\/\/tupique.com\/pt\/wp-json\/wp\/v2\/media\/178071"}],"wp:attachment":[{"href":"https:\/\/tupique.com\/pt\/wp-json\/wp\/v2\/media?parent=178077"}],"wp:term":[{"taxonomy":"product_brand","embeddable":true,"href":"https:\/\/tupique.com\/pt\/wp-json\/wp\/v2\/product_brand?post=178077"},{"taxonomy":"product_cat","embeddable":true,"href":"https:\/\/tupique.com\/pt\/wp-json\/wp\/v2\/product_cat?post=178077"},{"taxonomy":"product_tag","embeddable":true,"href":"https:\/\/tupique.com\/pt\/wp-json\/wp\/v2\/product_tag?post=178077"}],"curies":[{"name":"wp","href":"https:\/\/api.w.org\/{rel}","templated":true}]}}