{"id":178128,"date":"2026-05-09T02:48:09","date_gmt":"2026-05-09T00:48:09","guid":{"rendered":"https:\/\/tupique.com\/product\/montre-homme-guess-gw0421g1\/"},"modified":"2026-05-11T21:23:17","modified_gmt":"2026-05-11T19:23:17","slug":"montre-homme-guess-gw0421g1","status":"publish","type":"product","link":"https:\/\/tupique.com\/pt\/product\/montre-homme-guess-gw0421g1\/","title":{"rendered":"Rel\u00f3gio Homem Guess GW0421G1"},"content":{"rendered":"<p>Si vous aimez suivre les derni\u00e8res tendances en mati\u00e8re de mode et accessoires, achetez <b>Rel\u00f3gio Homem Guess GW0421G1<\/b> au meilleur prix.<\/p>\n<p>A <b>montre pour homme<\/b> Guess <b>GW0421G1<\/b> est un mod\u00e8le bracelet au design int\u00e9gral en <b>noir<\/b>, pens\u00e9 pour ceux qui recherchent une pi\u00e8ce au style moderne et masculin avec des caract\u00e9ristiques r\u00e9sistantes pour un usage quotidien. Elle int\u00e8gre un <b>bo\u00eetier en acier inoxydable<\/b> de finition noire d\u2019environ <b>\u00d8 50 mm<\/b>, un diam\u00e8tre imposant qui apporte de la pr\u00e9sence au poignet et facilite une lecture claire de l\u2019heure, combin\u00e9 \u00e0 un <b>bracelet en silicone noir<\/b> offrant l\u00e9g\u00e8ret\u00e9, confort et bon maintien m\u00eame lors d\u2019utilisations prolong\u00e9es. La montre est \u00e9quip\u00e9e d\u2019un <b>mouvement \u00e0 quartz<\/b>, reconnu pour sa pr\u00e9cision et son faible entretien, prot\u00e9g\u00e9 par un <b>verre min\u00e9ral<\/b> qui aide \u00e0 mieux r\u00e9sister aux rayures du quotidien. Son <b>cadran noir<\/b> renforce l\u2019aspect monochrome de l\u2019ensemble, facile \u00e0 associer aussi bien avec une tenue d\u00e9contract\u00e9e qu\u2019avec des looks plus soign\u00e9s. Elle dispose d\u2019une <b>fermeture \u00e0 boucle ardillon<\/b>, un syst\u00e8me s\u00fbr et simple \u00e0 r\u00e9gler, adapt\u00e9 \u00e0 diff\u00e9rents tours de poignet. Avec une <b>\u00e9tanch\u00e9it\u00e9 de 10 ATM<\/b>, le mod\u00e8le est con\u00e7u pour supporter sans probl\u00e8me les \u00e9claboussures, la douche ou les activit\u00e9s aquatiques en surface, toujours dans le cadre des recommandations habituelles pour cette cat\u00e9gorie de montres. La montre est livr\u00e9e dans un <b>\u00e9crin de la marque Guess<\/b>, ce qui facilite sa conservation et en fait \u00e9galement une option de cadeau adapt\u00e9e. Dans l\u2019ensemble, la Guess GW0421G1 se positionne comme une montre pour homme \u00e0 quartz robuste et actuelle, destin\u00e9e \u00e0 ceux qui recherchent un accessoire noir polyvalent avec des mat\u00e9riaux fiables et un design affirm\u00e9.<\/p>\n<ul>\n<li>Genre: Homme<\/li>\n<li>Liens suppl\u00e9mentaires: Non<\/li>\n<li>Type de montre: Montre-bracelet<\/li>\n<\/ul>","protected":false},"excerpt":{"rendered":"<p>Si vous aimez suivre les derni\u00e8res tendances en mati\u00e8re de mode et accessoires, achetez Montre Homme Guess GW0421G1 au meilleur prix. La montre pour homme Guess GW0421G1 est un mod\u00e8le bracelet au design int\u00e9gral en noir, pens\u00e9 pour ceux qui recherchent une pi\u00e8ce au style moderne et masculin avec des caract\u00e9ristiques r\u00e9sistantes pour un usage [&hellip;]<\/p>\n","protected":false},"featured_media":178124,"comment_status":"open","ping_status":"closed","template":"","meta":[],"product_brand":[553],"product_cat":[544,574,545],"product_tag":[103,543],"class_list":{"0":"post-178128","1":"product","2":"type-product","3":"status-publish","4":"has-post-thumbnail","6":"product_brand-brandp_835","7":"product_cat-mode-accessoires","8":"product_cat-montres-homme","9":"product_cat-montres-bracelets","10":"product_tag-tag_1261","11":"product_tag-tag_61","13":"first","14":"instock","15":"taxable","16":"shipping-taxable","17":"purchasable","18":"product-type-simple"},"yoast_head":"<!-- This site is optimized with the Yoast SEO plugin v27.5 - https:\/\/yoast.com\/product\/yoast-seo-wordpress\/ -->\n<title>Montre Homme Guess GW0421G1 - Tupique<\/title>\n<meta name=\"robots\" content=\"index, follow, max-snippet:-1, max-image-preview:large, max-video-preview:-1\" \/>\n<link rel=\"canonical\" href=\"https:\/\/tupique.com\/pt\/product\/montre-homme-guess-gw0421g1\/\" \/>\n<meta property=\"og:locale\" content=\"pt_PT\" \/>\n<meta property=\"og:type\" content=\"article\" \/>\n<meta property=\"og:title\" content=\"Montre Homme Guess GW0421G1 - Tupique\" \/>\n<meta property=\"og:description\" content=\"Si vous aimez suivre les derni\u00e8res tendances en mati\u00e8re de mode et accessoires, achetez Montre Homme Guess GW0421G1 au meilleur prix. La montre pour homme Guess GW0421G1 est un mod\u00e8le bracelet au design int\u00e9gral en noir, pens\u00e9 pour ceux qui recherchent une pi\u00e8ce au style moderne et masculin avec des caract\u00e9ristiques r\u00e9sistantes pour un usage [&hellip;]\" \/>\n<meta property=\"og:url\" content=\"https:\/\/tupique.com\/pt\/product\/montre-homme-guess-gw0421g1\/\" \/>\n<meta property=\"og:site_name\" content=\"Tupique\" \/>\n<meta property=\"article:modified_time\" content=\"2026-05-11T19:23:17+00:00\" \/>\n<meta name=\"twitter:card\" content=\"summary_large_image\" \/>\n<meta name=\"twitter:label1\" content=\"Tempo estimado de leitura\" \/>\n\t<meta name=\"twitter:data1\" content=\"2 minutos\" \/>\n<script type=\"application\/ld+json\" class=\"yoast-schema-graph\">{\"@context\":\"https:\\\/\\\/schema.org\",\"@graph\":[{\"@type\":\"WebPage\",\"@id\":\"https:\\\/\\\/tupique.com\\\/product\\\/montre-homme-guess-gw0421g1\\\/\",\"url\":\"https:\\\/\\\/tupique.com\\\/product\\\/montre-homme-guess-gw0421g1\\\/\",\"name\":\"Montre Homme Guess GW0421G1 - Tupique\",\"isPartOf\":{\"@id\":\"https:\\\/\\\/tupique.com\\\/#website\"},\"primaryImageOfPage\":{\"@id\":\"https:\\\/\\\/tupique.com\\\/product\\\/montre-homme-guess-gw0421g1\\\/#primaryimage\"},\"image\":{\"@id\":\"https:\\\/\\\/tupique.com\\\/product\\\/montre-homme-guess-gw0421g1\\\/#primaryimage\"},\"thumbnailUrl\":\"https:\\\/\\\/tupique.com\\\/wp-content\\\/uploads\\\/2026\\\/05\\\/0091661526985_S7274178_P01.jpg\",\"datePublished\":\"2026-05-09T00:48:09+00:00\",\"dateModified\":\"2026-05-11T19:23:17+00:00\",\"breadcrumb\":{\"@id\":\"https:\\\/\\\/tupique.com\\\/product\\\/montre-homme-guess-gw0421g1\\\/#breadcrumb\"},\"inLanguage\":\"pt-PT\",\"potentialAction\":[{\"@type\":\"ReadAction\",\"target\":[\"https:\\\/\\\/tupique.com\\\/product\\\/montre-homme-guess-gw0421g1\\\/\"]}]},{\"@type\":\"ImageObject\",\"inLanguage\":\"pt-PT\",\"@id\":\"https:\\\/\\\/tupique.com\\\/product\\\/montre-homme-guess-gw0421g1\\\/#primaryimage\",\"url\":\"https:\\\/\\\/tupique.com\\\/wp-content\\\/uploads\\\/2026\\\/05\\\/0091661526985_S7274178_P01.jpg\",\"contentUrl\":\"https:\\\/\\\/tupique.com\\\/wp-content\\\/uploads\\\/2026\\\/05\\\/0091661526985_S7274178_P01.jpg\",\"width\":1200,\"height\":1200,\"caption\":\"S7274178_0\"},{\"@type\":\"BreadcrumbList\",\"@id\":\"https:\\\/\\\/tupique.com\\\/product\\\/montre-homme-guess-gw0421g1\\\/#breadcrumb\",\"itemListElement\":[{\"@type\":\"ListItem\",\"position\":1,\"name\":\"commencer\",\"item\":\"https:\\\/\\\/tupique.com\\\/\"},{\"@type\":\"ListItem\",\"position\":2,\"name\":\"Loja\",\"item\":\"https:\\\/\\\/tupique.com\\\/loja\\\/\"},{\"@type\":\"ListItem\",\"position\":3,\"name\":\"Montre Homme Guess GW0421G1\"}]},{\"@type\":\"WebSite\",\"@id\":\"https:\\\/\\\/tupique.com\\\/#website\",\"url\":\"https:\\\/\\\/tupique.com\\\/\",\"name\":\"Tupique\",\"description\":\"\",\"publisher\":{\"@id\":\"https:\\\/\\\/tupique.com\\\/#organization\"},\"potentialAction\":[{\"@type\":\"SearchAction\",\"target\":{\"@type\":\"EntryPoint\",\"urlTemplate\":\"https:\\\/\\\/tupique.com\\\/?s={search_term_string}\"},\"query-input\":{\"@type\":\"PropertyValueSpecification\",\"valueRequired\":true,\"valueName\":\"search_term_string\"}}],\"inLanguage\":\"pt-PT\"},{\"@type\":\"Organization\",\"@id\":\"https:\\\/\\\/tupique.com\\\/#organization\",\"name\":\"Tupique\",\"url\":\"https:\\\/\\\/tupique.com\\\/\",\"logo\":{\"@type\":\"ImageObject\",\"inLanguage\":\"pt-PT\",\"@id\":\"https:\\\/\\\/tupique.com\\\/#\\\/schema\\\/logo\\\/image\\\/\",\"url\":\"https:\\\/\\\/tupique.com\\\/wp-content\\\/uploads\\\/2026\\\/03\\\/logo-tupique-1.webp\",\"contentUrl\":\"https:\\\/\\\/tupique.com\\\/wp-content\\\/uploads\\\/2026\\\/03\\\/logo-tupique-1.webp\",\"width\":500,\"height\":67,\"caption\":\"Tupique\"},\"image\":{\"@id\":\"https:\\\/\\\/tupique.com\\\/#\\\/schema\\\/logo\\\/image\\\/\"}}]}<\/script>\n<!-- \/ Yoast SEO plugin. -->","yoast_head_json":{"title":"Montre Homme Guess GW0421G1 - Tupique","robots":{"index":"index","follow":"follow","max-snippet":"max-snippet:-1","max-image-preview":"max-image-preview:large","max-video-preview":"max-video-preview:-1"},"canonical":"https:\/\/tupique.com\/pt\/product\/montre-homme-guess-gw0421g1\/","og_locale":"pt_PT","og_type":"article","og_title":"Montre Homme Guess GW0421G1 - Tupique","og_description":"Si vous aimez suivre les derni\u00e8res tendances en mati\u00e8re de mode et accessoires, achetez Montre Homme Guess GW0421G1 au meilleur prix. La montre pour homme Guess GW0421G1 est un mod\u00e8le bracelet au design int\u00e9gral en noir, pens\u00e9 pour ceux qui recherchent une pi\u00e8ce au style moderne et masculin avec des caract\u00e9ristiques r\u00e9sistantes pour un usage [&hellip;]","og_url":"https:\/\/tupique.com\/pt\/product\/montre-homme-guess-gw0421g1\/","og_site_name":"Tupique","article_modified_time":"2026-05-11T19:23:17+00:00","twitter_card":"summary_large_image","twitter_misc":{"Tempo estimado de leitura":"2 minutos"},"schema":{"@context":"https:\/\/schema.org","@graph":[{"@type":"WebPage","@id":"https:\/\/tupique.com\/product\/montre-homme-guess-gw0421g1\/","url":"https:\/\/tupique.com\/product\/montre-homme-guess-gw0421g1\/","name":"Montre Homme Guess GW0421G1 - Tupique","isPartOf":{"@id":"https:\/\/tupique.com\/#website"},"primaryImageOfPage":{"@id":"https:\/\/tupique.com\/product\/montre-homme-guess-gw0421g1\/#primaryimage"},"image":{"@id":"https:\/\/tupique.com\/product\/montre-homme-guess-gw0421g1\/#primaryimage"},"thumbnailUrl":"https:\/\/tupique.com\/wp-content\/uploads\/2026\/05\/0091661526985_S7274178_P01.jpg","datePublished":"2026-05-09T00:48:09+00:00","dateModified":"2026-05-11T19:23:17+00:00","breadcrumb":{"@id":"https:\/\/tupique.com\/product\/montre-homme-guess-gw0421g1\/#breadcrumb"},"inLanguage":"pt-PT","potentialAction":[{"@type":"ReadAction","target":["https:\/\/tupique.com\/product\/montre-homme-guess-gw0421g1\/"]}]},{"@type":"ImageObject","inLanguage":"pt-PT","@id":"https:\/\/tupique.com\/product\/montre-homme-guess-gw0421g1\/#primaryimage","url":"https:\/\/tupique.com\/wp-content\/uploads\/2026\/05\/0091661526985_S7274178_P01.jpg","contentUrl":"https:\/\/tupique.com\/wp-content\/uploads\/2026\/05\/0091661526985_S7274178_P01.jpg","width":1200,"height":1200,"caption":"S7274178_0"},{"@type":"BreadcrumbList","@id":"https:\/\/tupique.com\/product\/montre-homme-guess-gw0421g1\/#breadcrumb","itemListElement":[{"@type":"ListItem","position":1,"name":"commencer","item":"https:\/\/tupique.com\/"},{"@type":"ListItem","position":2,"name":"Loja","item":"https:\/\/tupique.com\/loja\/"},{"@type":"ListItem","position":3,"name":"Montre Homme Guess GW0421G1"}]},{"@type":"WebSite","@id":"https:\/\/tupique.com\/#website","url":"https:\/\/tupique.com\/","name":"Tupique","description":"","publisher":{"@id":"https:\/\/tupique.com\/#organization"},"potentialAction":[{"@type":"SearchAction","target":{"@type":"EntryPoint","urlTemplate":"https:\/\/tupique.com\/?s={search_term_string}"},"query-input":{"@type":"PropertyValueSpecification","valueRequired":true,"valueName":"search_term_string"}}],"inLanguage":"pt-PT"},{"@type":"Organization","@id":"https:\/\/tupique.com\/#organization","name":"Tupique","url":"https:\/\/tupique.com\/","logo":{"@type":"ImageObject","inLanguage":"pt-PT","@id":"https:\/\/tupique.com\/#\/schema\/logo\/image\/","url":"https:\/\/tupique.com\/wp-content\/uploads\/2026\/03\/logo-tupique-1.webp","contentUrl":"https:\/\/tupique.com\/wp-content\/uploads\/2026\/03\/logo-tupique-1.webp","width":500,"height":67,"caption":"Tupique"},"image":{"@id":"https:\/\/tupique.com\/#\/schema\/logo\/image\/"}}]}},"_links":{"self":[{"href":"https:\/\/tupique.com\/pt\/wp-json\/wp\/v2\/product\/178128","targetHints":{"allow":["GET"]}}],"collection":[{"href":"https:\/\/tupique.com\/pt\/wp-json\/wp\/v2\/product"}],"about":[{"href":"https:\/\/tupique.com\/pt\/wp-json\/wp\/v2\/types\/product"}],"replies":[{"embeddable":true,"href":"https:\/\/tupique.com\/pt\/wp-json\/wp\/v2\/comments?post=178128"}],"wp:featuredmedia":[{"embeddable":true,"href":"https:\/\/tupique.com\/pt\/wp-json\/wp\/v2\/media\/178124"}],"wp:attachment":[{"href":"https:\/\/tupique.com\/pt\/wp-json\/wp\/v2\/media?parent=178128"}],"wp:term":[{"taxonomy":"product_brand","embeddable":true,"href":"https:\/\/tupique.com\/pt\/wp-json\/wp\/v2\/product_brand?post=178128"},{"taxonomy":"product_cat","embeddable":true,"href":"https:\/\/tupique.com\/pt\/wp-json\/wp\/v2\/product_cat?post=178128"},{"taxonomy":"product_tag","embeddable":true,"href":"https:\/\/tupique.com\/pt\/wp-json\/wp\/v2\/product_tag?post=178128"}],"curies":[{"name":"wp","href":"https:\/\/api.w.org\/{rel}","templated":true}]}}