{"id":178145,"date":"2026-05-09T02:48:29","date_gmt":"2026-05-09T00:48:29","guid":{"rendered":"https:\/\/tupique.com\/product\/poussette-pour-bebe-leclerc-input-leclerc-influencer-marca-leclerc-output-influencer-multicouleur\/"},"modified":"2026-05-10T14:19:32","modified_gmt":"2026-05-10T12:19:32","slug":"poussette-pour-bebe-leclerc-input-leclerc-influencer-marca-leclerc-output-influencer-multicouleur","status":"publish","type":"product","link":"https:\/\/tupique.com\/pt\/product\/poussette-pour-bebe-leclerc-input-leclerc-influencer-marca-leclerc-output-influencer-multicouleur\/","title":{"rendered":"Poussette pour b\u00e9b\u00e9 LeClerc ### Input: \n Leclerc Influencer [Marca]: LeClerc\n\n### Output: \nInfluencer Multicouleur"},"content":{"rendered":"<p>Les enfants m\u00e9ritent ce qu\u2019il y a de mieux, nous vous pr\u00e9sentons donc <b>Poussette pour b\u00e9b\u00e9 LeClerc ### Input:<br \/>\n Leclerc Influencer [Marca]: LeClerc<\/p>\n<p>### Output:<br \/>\nInfluencer Multicouleur<\/b>, id\u00e9al pour ceux qui cherchent des produits de qualit\u00e9 pour les plus petits ! Procurez-vous <b>LeClerc<\/b> et bien d\u2019autres marques et licences aux meilleurs prix !<\/p>\n<ul>\n<li>Couleur: Multicouleur<\/li>\n<li>Mati\u00e8re:\n<ul>\n<li>Polyester<\/li>\n<li>Aluminium<\/li>\n<\/ul>\n<\/li>\n<li>\u00c2ge recommand\u00e9: + 0 Mois<\/li>\n<\/ul>\n","protected":false},"excerpt":{"rendered":"<p>Les enfants m\u00e9ritent ce qu\u2019il y a de mieux, nous vous pr\u00e9sentons donc Poussette pour b\u00e9b\u00e9 LeClerc ### Input: Leclerc Influencer [Marca]: LeClerc ### Output: Influencer Multicouleur, id\u00e9al pour ceux qui cherchent des produits de qualit\u00e9 pour les plus petits ! Procurez-vous LeClerc et bien d\u2019autres marques et licences aux meilleurs prix ! Couleur: Multicouleur [&hellip;]<\/p>\n","protected":false},"featured_media":178144,"comment_status":"open","ping_status":"closed","template":"","meta":[],"product_brand":[1781],"product_cat":[750,251,157],"product_tag":[104],"class_list":{"0":"post-178145","1":"product","2":"type-product","3":"status-publish","4":"has-post-thumbnail","6":"product_brand-brandp_4676","7":"product_cat-balades-et-voyages","8":"product_cat-bebes-et-enfants","9":"product_cat-jouets-deguisements","10":"product_tag-tag_1279","12":"first","13":"instock","14":"taxable","15":"shipping-taxable","16":"purchasable","17":"product-type-simple"},"yoast_head":"<!-- This site is optimized with the Yoast SEO plugin v27.5 - https:\/\/yoast.com\/product\/yoast-seo-wordpress\/ -->\n<title>Poussette pour b\u00e9b\u00e9 LeClerc ### Input:  Leclerc Influencer [Marca]: LeClerc ### Output: Influencer Multicouleur - Tupique<\/title>\n<meta name=\"robots\" content=\"index, follow, max-snippet:-1, max-image-preview:large, max-video-preview:-1\" \/>\n<link rel=\"canonical\" href=\"https:\/\/tupique.com\/pt\/product\/poussette-pour-bebe-leclerc-input-leclerc-influencer-marca-leclerc-output-influencer-multicouleur\/\" \/>\n<meta property=\"og:locale\" content=\"pt_PT\" \/>\n<meta property=\"og:type\" content=\"article\" \/>\n<meta property=\"og:title\" content=\"Poussette pour b\u00e9b\u00e9 LeClerc ### Input:  Leclerc Influencer [Marca]: LeClerc ### Output: Influencer Multicouleur - Tupique\" \/>\n<meta property=\"og:description\" content=\"Les enfants m\u00e9ritent ce qu\u2019il y a de mieux, nous vous pr\u00e9sentons donc Poussette pour b\u00e9b\u00e9 LeClerc ### Input: Leclerc Influencer [Marca]: LeClerc ### Output: Influencer Multicouleur, id\u00e9al pour ceux qui cherchent des produits de qualit\u00e9 pour les plus petits ! Procurez-vous LeClerc et bien d\u2019autres marques et licences aux meilleurs prix ! Couleur: Multicouleur [&hellip;]\" \/>\n<meta property=\"og:url\" content=\"https:\/\/tupique.com\/pt\/product\/poussette-pour-bebe-leclerc-input-leclerc-influencer-marca-leclerc-output-influencer-multicouleur\/\" \/>\n<meta property=\"og:site_name\" content=\"Tupique\" \/>\n<meta property=\"article:modified_time\" content=\"2026-05-10T12:19:32+00:00\" \/>\n<meta name=\"twitter:card\" content=\"summary_large_image\" \/>\n<script type=\"application\/ld+json\" class=\"yoast-schema-graph\">{\"@context\":\"https:\\\/\\\/schema.org\",\"@graph\":[{\"@type\":\"WebPage\",\"@id\":\"https:\\\/\\\/tupique.com\\\/product\\\/poussette-pour-bebe-leclerc-input-leclerc-influencer-marca-leclerc-output-influencer-multicouleur\\\/\",\"url\":\"https:\\\/\\\/tupique.com\\\/product\\\/poussette-pour-bebe-leclerc-input-leclerc-influencer-marca-leclerc-output-influencer-multicouleur\\\/\",\"name\":\"Poussette pour b\u00e9b\u00e9 LeClerc ### Input: Leclerc Influencer [Marca]: LeClerc ### Output: Influencer Multicouleur - Tupique\",\"isPartOf\":{\"@id\":\"https:\\\/\\\/tupique.com\\\/#website\"},\"primaryImageOfPage\":{\"@id\":\"https:\\\/\\\/tupique.com\\\/product\\\/poussette-pour-bebe-leclerc-input-leclerc-influencer-marca-leclerc-output-influencer-multicouleur\\\/#primaryimage\"},\"image\":{\"@id\":\"https:\\\/\\\/tupique.com\\\/product\\\/poussette-pour-bebe-leclerc-input-leclerc-influencer-marca-leclerc-output-influencer-multicouleur\\\/#primaryimage\"},\"thumbnailUrl\":\"https:\\\/\\\/tupique.com\\\/wp-content\\\/uploads\\\/2026\\\/05\\\/V3401909_74236314494210.jpg\",\"datePublished\":\"2026-05-09T00:48:29+00:00\",\"dateModified\":\"2026-05-10T12:19:32+00:00\",\"breadcrumb\":{\"@id\":\"https:\\\/\\\/tupique.com\\\/product\\\/poussette-pour-bebe-leclerc-input-leclerc-influencer-marca-leclerc-output-influencer-multicouleur\\\/#breadcrumb\"},\"inLanguage\":\"pt-PT\",\"potentialAction\":[{\"@type\":\"ReadAction\",\"target\":[\"https:\\\/\\\/tupique.com\\\/product\\\/poussette-pour-bebe-leclerc-input-leclerc-influencer-marca-leclerc-output-influencer-multicouleur\\\/\"]}]},{\"@type\":\"ImageObject\",\"inLanguage\":\"pt-PT\",\"@id\":\"https:\\\/\\\/tupique.com\\\/product\\\/poussette-pour-bebe-leclerc-input-leclerc-influencer-marca-leclerc-output-influencer-multicouleur\\\/#primaryimage\",\"url\":\"https:\\\/\\\/tupique.com\\\/wp-content\\\/uploads\\\/2026\\\/05\\\/V3401909_74236314494210.jpg\",\"contentUrl\":\"https:\\\/\\\/tupique.com\\\/wp-content\\\/uploads\\\/2026\\\/05\\\/V3401909_74236314494210.jpg\",\"width\":1200,\"height\":1200,\"caption\":\"V3401909_0\"},{\"@type\":\"BreadcrumbList\",\"@id\":\"https:\\\/\\\/tupique.com\\\/product\\\/poussette-pour-bebe-leclerc-input-leclerc-influencer-marca-leclerc-output-influencer-multicouleur\\\/#breadcrumb\",\"itemListElement\":[{\"@type\":\"ListItem\",\"position\":1,\"name\":\"commencer\",\"item\":\"https:\\\/\\\/tupique.com\\\/\"},{\"@type\":\"ListItem\",\"position\":2,\"name\":\"Loja\",\"item\":\"https:\\\/\\\/tupique.com\\\/loja\\\/\"},{\"@type\":\"ListItem\",\"position\":3,\"name\":\"Poussette pour b\u00e9b\u00e9 LeClerc ### Input: Leclerc Influencer [Marca]: LeClerc ### Output: Influencer Multicouleur\"}]},{\"@type\":\"WebSite\",\"@id\":\"https:\\\/\\\/tupique.com\\\/#website\",\"url\":\"https:\\\/\\\/tupique.com\\\/\",\"name\":\"Tupique\",\"description\":\"\",\"publisher\":{\"@id\":\"https:\\\/\\\/tupique.com\\\/#organization\"},\"potentialAction\":[{\"@type\":\"SearchAction\",\"target\":{\"@type\":\"EntryPoint\",\"urlTemplate\":\"https:\\\/\\\/tupique.com\\\/?s={search_term_string}\"},\"query-input\":{\"@type\":\"PropertyValueSpecification\",\"valueRequired\":true,\"valueName\":\"search_term_string\"}}],\"inLanguage\":\"pt-PT\"},{\"@type\":\"Organization\",\"@id\":\"https:\\\/\\\/tupique.com\\\/#organization\",\"name\":\"Tupique\",\"url\":\"https:\\\/\\\/tupique.com\\\/\",\"logo\":{\"@type\":\"ImageObject\",\"inLanguage\":\"pt-PT\",\"@id\":\"https:\\\/\\\/tupique.com\\\/#\\\/schema\\\/logo\\\/image\\\/\",\"url\":\"https:\\\/\\\/tupique.com\\\/wp-content\\\/uploads\\\/2026\\\/03\\\/logo-tupique-1.webp\",\"contentUrl\":\"https:\\\/\\\/tupique.com\\\/wp-content\\\/uploads\\\/2026\\\/03\\\/logo-tupique-1.webp\",\"width\":500,\"height\":67,\"caption\":\"Tupique\"},\"image\":{\"@id\":\"https:\\\/\\\/tupique.com\\\/#\\\/schema\\\/logo\\\/image\\\/\"}}]}<\/script>\n<!-- \/ Yoast SEO plugin. -->","yoast_head_json":{"title":"Poussette pour b\u00e9b\u00e9 LeClerc ### Input:  Leclerc Influencer [Marca]: LeClerc ### Output: Influencer Multicouleur - Tupique","robots":{"index":"index","follow":"follow","max-snippet":"max-snippet:-1","max-image-preview":"max-image-preview:large","max-video-preview":"max-video-preview:-1"},"canonical":"https:\/\/tupique.com\/pt\/product\/poussette-pour-bebe-leclerc-input-leclerc-influencer-marca-leclerc-output-influencer-multicouleur\/","og_locale":"pt_PT","og_type":"article","og_title":"Poussette pour b\u00e9b\u00e9 LeClerc ### Input:  Leclerc Influencer [Marca]: LeClerc ### Output: Influencer Multicouleur - Tupique","og_description":"Les enfants m\u00e9ritent ce qu\u2019il y a de mieux, nous vous pr\u00e9sentons donc Poussette pour b\u00e9b\u00e9 LeClerc ### Input: Leclerc Influencer [Marca]: LeClerc ### Output: Influencer Multicouleur, id\u00e9al pour ceux qui cherchent des produits de qualit\u00e9 pour les plus petits ! Procurez-vous LeClerc et bien d\u2019autres marques et licences aux meilleurs prix ! Couleur: Multicouleur [&hellip;]","og_url":"https:\/\/tupique.com\/pt\/product\/poussette-pour-bebe-leclerc-input-leclerc-influencer-marca-leclerc-output-influencer-multicouleur\/","og_site_name":"Tupique","article_modified_time":"2026-05-10T12:19:32+00:00","twitter_card":"summary_large_image","schema":{"@context":"https:\/\/schema.org","@graph":[{"@type":"WebPage","@id":"https:\/\/tupique.com\/product\/poussette-pour-bebe-leclerc-input-leclerc-influencer-marca-leclerc-output-influencer-multicouleur\/","url":"https:\/\/tupique.com\/product\/poussette-pour-bebe-leclerc-input-leclerc-influencer-marca-leclerc-output-influencer-multicouleur\/","name":"Poussette pour b\u00e9b\u00e9 LeClerc ### Input: Leclerc Influencer [Marca]: LeClerc ### Output: Influencer Multicouleur - Tupique","isPartOf":{"@id":"https:\/\/tupique.com\/#website"},"primaryImageOfPage":{"@id":"https:\/\/tupique.com\/product\/poussette-pour-bebe-leclerc-input-leclerc-influencer-marca-leclerc-output-influencer-multicouleur\/#primaryimage"},"image":{"@id":"https:\/\/tupique.com\/product\/poussette-pour-bebe-leclerc-input-leclerc-influencer-marca-leclerc-output-influencer-multicouleur\/#primaryimage"},"thumbnailUrl":"https:\/\/tupique.com\/wp-content\/uploads\/2026\/05\/V3401909_74236314494210.jpg","datePublished":"2026-05-09T00:48:29+00:00","dateModified":"2026-05-10T12:19:32+00:00","breadcrumb":{"@id":"https:\/\/tupique.com\/product\/poussette-pour-bebe-leclerc-input-leclerc-influencer-marca-leclerc-output-influencer-multicouleur\/#breadcrumb"},"inLanguage":"pt-PT","potentialAction":[{"@type":"ReadAction","target":["https:\/\/tupique.com\/product\/poussette-pour-bebe-leclerc-input-leclerc-influencer-marca-leclerc-output-influencer-multicouleur\/"]}]},{"@type":"ImageObject","inLanguage":"pt-PT","@id":"https:\/\/tupique.com\/product\/poussette-pour-bebe-leclerc-input-leclerc-influencer-marca-leclerc-output-influencer-multicouleur\/#primaryimage","url":"https:\/\/tupique.com\/wp-content\/uploads\/2026\/05\/V3401909_74236314494210.jpg","contentUrl":"https:\/\/tupique.com\/wp-content\/uploads\/2026\/05\/V3401909_74236314494210.jpg","width":1200,"height":1200,"caption":"V3401909_0"},{"@type":"BreadcrumbList","@id":"https:\/\/tupique.com\/product\/poussette-pour-bebe-leclerc-input-leclerc-influencer-marca-leclerc-output-influencer-multicouleur\/#breadcrumb","itemListElement":[{"@type":"ListItem","position":1,"name":"commencer","item":"https:\/\/tupique.com\/"},{"@type":"ListItem","position":2,"name":"Loja","item":"https:\/\/tupique.com\/loja\/"},{"@type":"ListItem","position":3,"name":"Poussette pour b\u00e9b\u00e9 LeClerc ### Input: Leclerc Influencer [Marca]: LeClerc ### Output: Influencer Multicouleur"}]},{"@type":"WebSite","@id":"https:\/\/tupique.com\/#website","url":"https:\/\/tupique.com\/","name":"Tupique","description":"","publisher":{"@id":"https:\/\/tupique.com\/#organization"},"potentialAction":[{"@type":"SearchAction","target":{"@type":"EntryPoint","urlTemplate":"https:\/\/tupique.com\/?s={search_term_string}"},"query-input":{"@type":"PropertyValueSpecification","valueRequired":true,"valueName":"search_term_string"}}],"inLanguage":"pt-PT"},{"@type":"Organization","@id":"https:\/\/tupique.com\/#organization","name":"Tupique","url":"https:\/\/tupique.com\/","logo":{"@type":"ImageObject","inLanguage":"pt-PT","@id":"https:\/\/tupique.com\/#\/schema\/logo\/image\/","url":"https:\/\/tupique.com\/wp-content\/uploads\/2026\/03\/logo-tupique-1.webp","contentUrl":"https:\/\/tupique.com\/wp-content\/uploads\/2026\/03\/logo-tupique-1.webp","width":500,"height":67,"caption":"Tupique"},"image":{"@id":"https:\/\/tupique.com\/#\/schema\/logo\/image\/"}}]}},"_links":{"self":[{"href":"https:\/\/tupique.com\/pt\/wp-json\/wp\/v2\/product\/178145","targetHints":{"allow":["GET"]}}],"collection":[{"href":"https:\/\/tupique.com\/pt\/wp-json\/wp\/v2\/product"}],"about":[{"href":"https:\/\/tupique.com\/pt\/wp-json\/wp\/v2\/types\/product"}],"replies":[{"embeddable":true,"href":"https:\/\/tupique.com\/pt\/wp-json\/wp\/v2\/comments?post=178145"}],"wp:featuredmedia":[{"embeddable":true,"href":"https:\/\/tupique.com\/pt\/wp-json\/wp\/v2\/media\/178144"}],"wp:attachment":[{"href":"https:\/\/tupique.com\/pt\/wp-json\/wp\/v2\/media?parent=178145"}],"wp:term":[{"taxonomy":"product_brand","embeddable":true,"href":"https:\/\/tupique.com\/pt\/wp-json\/wp\/v2\/product_brand?post=178145"},{"taxonomy":"product_cat","embeddable":true,"href":"https:\/\/tupique.com\/pt\/wp-json\/wp\/v2\/product_cat?post=178145"},{"taxonomy":"product_tag","embeddable":true,"href":"https:\/\/tupique.com\/pt\/wp-json\/wp\/v2\/product_tag?post=178145"}],"curies":[{"name":"wp","href":"https:\/\/api.w.org\/{rel}","templated":true}]}}