{"id":178181,"date":"2026-05-09T02:49:14","date_gmt":"2026-05-09T00:49:14","guid":{"rendered":"https:\/\/tupique.com\/product\/montre-femme-guess-classic\/"},"modified":"2026-05-11T21:22:30","modified_gmt":"2026-05-11T19:22:30","slug":"montre-femme-guess-classic","status":"publish","type":"product","link":"https:\/\/tupique.com\/pt\/product\/montre-femme-guess-classic\/","title":{"rendered":"Rel\u00f3gio de Senhora Guess CLASSIC"},"content":{"rendered":"<p>Si vous aimez suivre les derni\u00e8res tendances en mati\u00e8re de mode et accessoires, achetez <b>Rel\u00f3gio de Senhora Guess CLASSIC<\/b> au meilleur prix.<\/p>\n<p>A <b>montre-bracelet pour femme Guess<\/b> se pr\u00e9sente comme un accessoire \u00e9l\u00e9gant et fonctionnel, con\u00e7u sp\u00e9cialement pour les utilisatrices qui appr\u00e9cient l\u2019alliance du style et de la praticit\u00e9. Sa <b>couleur blanche<\/b> offre une esth\u00e9tique \u00e9pur\u00e9e et sophistiqu\u00e9e, facilitant l\u2019association avec divers styles vestimentaires, du look d\u00e9contract\u00e9 au plus formel. Le mouvement <b>quartz<\/b> garantit une pr\u00e9cision horaire efficace et un entretien simple, id\u00e9al pour celles qui recherchent fiabilit\u00e9 sans complication. Le <b>bracelet en cuir v\u00e9ritable<\/b> procure une texture douce et confortable, ainsi qu\u2019une bonne durabilit\u00e9, soulignant la qualit\u00e9 des mat\u00e9riaux qui compl\u00e8tent son aspect raffin\u00e9. Le bo\u00eetier en <b>acier inoxydable<\/b> ajoute r\u00e9sistance et protection contre l\u2019usure quotidienne, maintenant la montre en bon \u00e9tat plus longtemps. Ce mod\u00e8le int\u00e8gre \u00e9galement une r\u00e9sistance \u00e0 l\u2019eau adapt\u00e9e \u00e0 un usage quotidien expos\u00e9 aux \u00e9claboussures ou \u00e0 l\u2019humidit\u00e9, augmentant sa polyvalence. Son design f\u00e9minin et ses caract\u00e9ristiques telles que la couleur et les mat\u00e9riaux font de cette montre Guess une option adapt\u00e9e aux utilisatrices recherchant un produit suisse de qualit\u00e9 avec une finition moderne et intemporelle. En r\u00e9sum\u00e9, cette montre offre un \u00e9quilibre entre esth\u00e9tique, confort et fonctionnalit\u00e9, pens\u00e9 pour un public f\u00e9minin.<\/p>\n<ul>\n<li>G\u00e9nero: Femme<\/li>\n<li>Liens suppl\u00e9mentaires: Non<\/li>\n<li>Type de montre: Montre-bracelet<\/li>\n<li>Inclut: Inclut un \u00e9tui ou une housse de la marque<\/li>\n<li>Diam\u00e8tre du bo\u00eetier de la montre: \u00d8 32 mm<\/li>\n<li>Mat\u00e9riau du bo\u00eetier de la montre: Acier inoxydable<\/li>\n<li>Verre: Min\u00e9ral<\/li>\n<li>Imperm\u00e9abilit\u00e9: 5 atm<\/li>\n<li>Couleur du bracelet: Blanc<\/li>\n<li>Couleur du cadran:\n<ul>\n<li>Argent\u00e9<\/li>\n<li>Gris<\/li>\n<\/ul>\n<\/li>\n<li>Couleur du bo\u00eetier de l&#8217;horloge: Or rose<\/li>\n<li>Couleur: Blanc<\/li>\n<li>Mati\u00e8re: Acier inoxydable<\/li>\n<li>Caract\u00e9ristiques: R\u00e9sistant \u00e0 l&#8217;eau<\/li>\n<li>Langue: Anglais<\/li>\n<li>Mat\u00e9riau du bracelet: Cuir<\/li>\n<li>Materiau du bo\u00eetier: Acier inoxydable<\/li>\n<li>Type de fermeture: Boucle<\/li>\n<li>Design: Femme<\/li>\n<li>Technologie: Analogique<\/li>\n<li>R\u00e9sistant \u00e0 l&#8217;eau: 50 m<\/li>\n<li>Type de garantie: Du fabriquant<\/li>\n<li>\u00c2ge recommand\u00e9: Adultes<\/li>\n<li>Composition: Cuir<\/li>\n<li>Type de mouvement: Quartz<\/li>\n<li>Poids: 100 g<\/li>\n<li>diam\u00e8tre approx.: 32 mm<\/li>\n<\/ul>","protected":false},"excerpt":{"rendered":"<p>Si vous aimez suivre les derni\u00e8res tendances en mati\u00e8re de mode et accessoires, achetez Montre Femme Guess CLASSIC au meilleur prix. La montre-bracelet pour femme Guess se pr\u00e9sente comme un accessoire \u00e9l\u00e9gant et fonctionnel, con\u00e7u sp\u00e9cialement pour les utilisatrices qui appr\u00e9cient l\u2019alliance du style et de la praticit\u00e9. Sa couleur blanche offre une esth\u00e9tique \u00e9pur\u00e9e [&hellip;]<\/p>\n","protected":false},"featured_media":178171,"comment_status":"open","ping_status":"closed","template":"","meta":[],"product_brand":[553],"product_cat":[544,546,545],"product_tag":[103,542,543],"class_list":{"0":"post-178181","1":"product","2":"type-product","3":"status-publish","4":"has-post-thumbnail","6":"product_brand-brandp_835","7":"product_cat-mode-accessoires","8":"product_cat-montres-femme","9":"product_cat-montres-bracelets","10":"product_tag-tag_1261","11":"product_tag-tag_1274","12":"product_tag-tag_61","14":"first","15":"instock","16":"taxable","17":"shipping-taxable","18":"purchasable","19":"product-type-simple"},"yoast_head":"<!-- This site is optimized with the Yoast SEO plugin v27.5 - https:\/\/yoast.com\/product\/yoast-seo-wordpress\/ -->\n<title>Montre Femme Guess CLASSIC - Tupique<\/title>\n<meta name=\"robots\" content=\"index, follow, max-snippet:-1, max-image-preview:large, max-video-preview:-1\" \/>\n<link rel=\"canonical\" href=\"https:\/\/tupique.com\/pt\/product\/montre-femme-guess-classic\/\" \/>\n<meta property=\"og:locale\" content=\"pt_PT\" \/>\n<meta property=\"og:type\" content=\"article\" \/>\n<meta property=\"og:title\" content=\"Montre Femme Guess CLASSIC - Tupique\" \/>\n<meta property=\"og:description\" content=\"Si vous aimez suivre les derni\u00e8res tendances en mati\u00e8re de mode et accessoires, achetez Montre Femme Guess CLASSIC au meilleur prix. La montre-bracelet pour femme Guess se pr\u00e9sente comme un accessoire \u00e9l\u00e9gant et fonctionnel, con\u00e7u sp\u00e9cialement pour les utilisatrices qui appr\u00e9cient l\u2019alliance du style et de la praticit\u00e9. Sa couleur blanche offre une esth\u00e9tique \u00e9pur\u00e9e [&hellip;]\" \/>\n<meta property=\"og:url\" content=\"https:\/\/tupique.com\/pt\/product\/montre-femme-guess-classic\/\" \/>\n<meta property=\"og:site_name\" content=\"Tupique\" \/>\n<meta property=\"article:modified_time\" content=\"2026-05-11T19:22:30+00:00\" \/>\n<meta property=\"og:image\" content=\"https:\/\/tupique.com\/wp-content\/uploads\/2026\/05\/0091661460661_0_P00.jpg\" \/>\n\t<meta property=\"og:image:width\" content=\"1200\" \/>\n\t<meta property=\"og:image:height\" content=\"1200\" \/>\n\t<meta property=\"og:image:type\" content=\"image\/jpeg\" \/>\n<meta name=\"twitter:card\" content=\"summary_large_image\" \/>\n<meta name=\"twitter:label1\" content=\"Tempo estimado de leitura\" \/>\n\t<meta name=\"twitter:data1\" content=\"2 minutos\" \/>\n<script type=\"application\/ld+json\" class=\"yoast-schema-graph\">{\"@context\":\"https:\\\/\\\/schema.org\",\"@graph\":[{\"@type\":\"WebPage\",\"@id\":\"https:\\\/\\\/tupique.com\\\/product\\\/montre-femme-guess-classic\\\/\",\"url\":\"https:\\\/\\\/tupique.com\\\/product\\\/montre-femme-guess-classic\\\/\",\"name\":\"Montre Femme Guess CLASSIC - Tupique\",\"isPartOf\":{\"@id\":\"https:\\\/\\\/tupique.com\\\/#website\"},\"primaryImageOfPage\":{\"@id\":\"https:\\\/\\\/tupique.com\\\/product\\\/montre-femme-guess-classic\\\/#primaryimage\"},\"image\":{\"@id\":\"https:\\\/\\\/tupique.com\\\/product\\\/montre-femme-guess-classic\\\/#primaryimage\"},\"thumbnailUrl\":\"https:\\\/\\\/tupique.com\\\/wp-content\\\/uploads\\\/2026\\\/05\\\/0091661460661_0_P00.jpg\",\"datePublished\":\"2026-05-09T00:49:14+00:00\",\"dateModified\":\"2026-05-11T19:22:30+00:00\",\"breadcrumb\":{\"@id\":\"https:\\\/\\\/tupique.com\\\/product\\\/montre-femme-guess-classic\\\/#breadcrumb\"},\"inLanguage\":\"pt-PT\",\"potentialAction\":[{\"@type\":\"ReadAction\",\"target\":[\"https:\\\/\\\/tupique.com\\\/product\\\/montre-femme-guess-classic\\\/\"]}]},{\"@type\":\"ImageObject\",\"inLanguage\":\"pt-PT\",\"@id\":\"https:\\\/\\\/tupique.com\\\/product\\\/montre-femme-guess-classic\\\/#primaryimage\",\"url\":\"https:\\\/\\\/tupique.com\\\/wp-content\\\/uploads\\\/2026\\\/05\\\/0091661460661_0_P00.jpg\",\"contentUrl\":\"https:\\\/\\\/tupique.com\\\/wp-content\\\/uploads\\\/2026\\\/05\\\/0091661460661_0_P00.jpg\",\"width\":1200,\"height\":1200,\"caption\":\"S72122361_0\"},{\"@type\":\"BreadcrumbList\",\"@id\":\"https:\\\/\\\/tupique.com\\\/product\\\/montre-femme-guess-classic\\\/#breadcrumb\",\"itemListElement\":[{\"@type\":\"ListItem\",\"position\":1,\"name\":\"commencer\",\"item\":\"https:\\\/\\\/tupique.com\\\/\"},{\"@type\":\"ListItem\",\"position\":2,\"name\":\"Loja\",\"item\":\"https:\\\/\\\/tupique.com\\\/loja\\\/\"},{\"@type\":\"ListItem\",\"position\":3,\"name\":\"Montre Femme Guess CLASSIC\"}]},{\"@type\":\"WebSite\",\"@id\":\"https:\\\/\\\/tupique.com\\\/#website\",\"url\":\"https:\\\/\\\/tupique.com\\\/\",\"name\":\"Tupique\",\"description\":\"\",\"publisher\":{\"@id\":\"https:\\\/\\\/tupique.com\\\/#organization\"},\"potentialAction\":[{\"@type\":\"SearchAction\",\"target\":{\"@type\":\"EntryPoint\",\"urlTemplate\":\"https:\\\/\\\/tupique.com\\\/?s={search_term_string}\"},\"query-input\":{\"@type\":\"PropertyValueSpecification\",\"valueRequired\":true,\"valueName\":\"search_term_string\"}}],\"inLanguage\":\"pt-PT\"},{\"@type\":\"Organization\",\"@id\":\"https:\\\/\\\/tupique.com\\\/#organization\",\"name\":\"Tupique\",\"url\":\"https:\\\/\\\/tupique.com\\\/\",\"logo\":{\"@type\":\"ImageObject\",\"inLanguage\":\"pt-PT\",\"@id\":\"https:\\\/\\\/tupique.com\\\/#\\\/schema\\\/logo\\\/image\\\/\",\"url\":\"https:\\\/\\\/tupique.com\\\/wp-content\\\/uploads\\\/2026\\\/03\\\/logo-tupique-1.webp\",\"contentUrl\":\"https:\\\/\\\/tupique.com\\\/wp-content\\\/uploads\\\/2026\\\/03\\\/logo-tupique-1.webp\",\"width\":500,\"height\":67,\"caption\":\"Tupique\"},\"image\":{\"@id\":\"https:\\\/\\\/tupique.com\\\/#\\\/schema\\\/logo\\\/image\\\/\"}}]}<\/script>\n<!-- \/ Yoast SEO plugin. -->","yoast_head_json":{"title":"Montre Femme Guess CLASSIC - Tupique","robots":{"index":"index","follow":"follow","max-snippet":"max-snippet:-1","max-image-preview":"max-image-preview:large","max-video-preview":"max-video-preview:-1"},"canonical":"https:\/\/tupique.com\/pt\/product\/montre-femme-guess-classic\/","og_locale":"pt_PT","og_type":"article","og_title":"Montre Femme Guess CLASSIC - Tupique","og_description":"Si vous aimez suivre les derni\u00e8res tendances en mati\u00e8re de mode et accessoires, achetez Montre Femme Guess CLASSIC au meilleur prix. La montre-bracelet pour femme Guess se pr\u00e9sente comme un accessoire \u00e9l\u00e9gant et fonctionnel, con\u00e7u sp\u00e9cialement pour les utilisatrices qui appr\u00e9cient l\u2019alliance du style et de la praticit\u00e9. Sa couleur blanche offre une esth\u00e9tique \u00e9pur\u00e9e [&hellip;]","og_url":"https:\/\/tupique.com\/pt\/product\/montre-femme-guess-classic\/","og_site_name":"Tupique","article_modified_time":"2026-05-11T19:22:30+00:00","og_image":[{"width":1200,"height":1200,"url":"https:\/\/tupique.com\/wp-content\/uploads\/2026\/05\/0091661460661_0_P00.jpg","type":"image\/jpeg"}],"twitter_card":"summary_large_image","twitter_misc":{"Tempo estimado de leitura":"2 minutos"},"schema":{"@context":"https:\/\/schema.org","@graph":[{"@type":"WebPage","@id":"https:\/\/tupique.com\/product\/montre-femme-guess-classic\/","url":"https:\/\/tupique.com\/product\/montre-femme-guess-classic\/","name":"Montre Femme Guess CLASSIC - Tupique","isPartOf":{"@id":"https:\/\/tupique.com\/#website"},"primaryImageOfPage":{"@id":"https:\/\/tupique.com\/product\/montre-femme-guess-classic\/#primaryimage"},"image":{"@id":"https:\/\/tupique.com\/product\/montre-femme-guess-classic\/#primaryimage"},"thumbnailUrl":"https:\/\/tupique.com\/wp-content\/uploads\/2026\/05\/0091661460661_0_P00.jpg","datePublished":"2026-05-09T00:49:14+00:00","dateModified":"2026-05-11T19:22:30+00:00","breadcrumb":{"@id":"https:\/\/tupique.com\/product\/montre-femme-guess-classic\/#breadcrumb"},"inLanguage":"pt-PT","potentialAction":[{"@type":"ReadAction","target":["https:\/\/tupique.com\/product\/montre-femme-guess-classic\/"]}]},{"@type":"ImageObject","inLanguage":"pt-PT","@id":"https:\/\/tupique.com\/product\/montre-femme-guess-classic\/#primaryimage","url":"https:\/\/tupique.com\/wp-content\/uploads\/2026\/05\/0091661460661_0_P00.jpg","contentUrl":"https:\/\/tupique.com\/wp-content\/uploads\/2026\/05\/0091661460661_0_P00.jpg","width":1200,"height":1200,"caption":"S72122361_0"},{"@type":"BreadcrumbList","@id":"https:\/\/tupique.com\/product\/montre-femme-guess-classic\/#breadcrumb","itemListElement":[{"@type":"ListItem","position":1,"name":"commencer","item":"https:\/\/tupique.com\/"},{"@type":"ListItem","position":2,"name":"Loja","item":"https:\/\/tupique.com\/loja\/"},{"@type":"ListItem","position":3,"name":"Montre Femme Guess CLASSIC"}]},{"@type":"WebSite","@id":"https:\/\/tupique.com\/#website","url":"https:\/\/tupique.com\/","name":"Tupique","description":"","publisher":{"@id":"https:\/\/tupique.com\/#organization"},"potentialAction":[{"@type":"SearchAction","target":{"@type":"EntryPoint","urlTemplate":"https:\/\/tupique.com\/?s={search_term_string}"},"query-input":{"@type":"PropertyValueSpecification","valueRequired":true,"valueName":"search_term_string"}}],"inLanguage":"pt-PT"},{"@type":"Organization","@id":"https:\/\/tupique.com\/#organization","name":"Tupique","url":"https:\/\/tupique.com\/","logo":{"@type":"ImageObject","inLanguage":"pt-PT","@id":"https:\/\/tupique.com\/#\/schema\/logo\/image\/","url":"https:\/\/tupique.com\/wp-content\/uploads\/2026\/03\/logo-tupique-1.webp","contentUrl":"https:\/\/tupique.com\/wp-content\/uploads\/2026\/03\/logo-tupique-1.webp","width":500,"height":67,"caption":"Tupique"},"image":{"@id":"https:\/\/tupique.com\/#\/schema\/logo\/image\/"}}]}},"_links":{"self":[{"href":"https:\/\/tupique.com\/pt\/wp-json\/wp\/v2\/product\/178181","targetHints":{"allow":["GET"]}}],"collection":[{"href":"https:\/\/tupique.com\/pt\/wp-json\/wp\/v2\/product"}],"about":[{"href":"https:\/\/tupique.com\/pt\/wp-json\/wp\/v2\/types\/product"}],"replies":[{"embeddable":true,"href":"https:\/\/tupique.com\/pt\/wp-json\/wp\/v2\/comments?post=178181"}],"wp:featuredmedia":[{"embeddable":true,"href":"https:\/\/tupique.com\/pt\/wp-json\/wp\/v2\/media\/178171"}],"wp:attachment":[{"href":"https:\/\/tupique.com\/pt\/wp-json\/wp\/v2\/media?parent=178181"}],"wp:term":[{"taxonomy":"product_brand","embeddable":true,"href":"https:\/\/tupique.com\/pt\/wp-json\/wp\/v2\/product_brand?post=178181"},{"taxonomy":"product_cat","embeddable":true,"href":"https:\/\/tupique.com\/pt\/wp-json\/wp\/v2\/product_cat?post=178181"},{"taxonomy":"product_tag","embeddable":true,"href":"https:\/\/tupique.com\/pt\/wp-json\/wp\/v2\/product_tag?post=178181"}],"curies":[{"name":"wp","href":"https:\/\/api.w.org\/{rel}","templated":true}]}}