{"id":178772,"date":"2026-05-11T10:55:42","date_gmt":"2026-05-11T08:55:42","guid":{"rendered":"https:\/\/tupique.com\/product\/bouteille-led-vintage-coconut\/"},"modified":"2026-05-11T21:23:57","modified_gmt":"2026-05-11T19:23:57","slug":"bouteille-led-vintage-coconut","status":"publish","type":"product","link":"https:\/\/tupique.com\/pt\/product\/bouteille-led-vintage-coconut\/","title":{"rendered":"Garrafa LED Vintage Coco"},"content":{"rendered":"<p>Vous voulez donner une touche d&#8217;originalit\u00e9 \u00e0 votre maison ? Vous y arriverez gr\u00e2ce au <b>Garrafa LED Vintage Coco<\/b>.<\/p>\n<ul>\n<li>Mati\u00e8re: Verre<\/li>\n<li>Caract\u00e9ristiques: Lumi\u00e8re LED<\/li>\n<\/ul>","protected":false},"excerpt":{"rendered":"<p>Vous voulez donner une touche d&#8217;originalit\u00e9 \u00e0 votre maison ? Vous y arriverez gr\u00e2ce au Bouteille LED Vintage Coconut. Mati\u00e8re: Verre Caract\u00e9ristiques: Lumi\u00e8re LED<\/p>","protected":false},"featured_media":178771,"comment_status":"open","ping_status":"closed","template":"","meta":[],"product_brand":[122],"product_cat":[1430,1431,239],"product_tag":[103,1701,1790,1789,100],"class_list":{"0":"post-178772","1":"product","2":"type-product","3":"status-publish","4":"has-post-thumbnail","6":"product_brand-brandp_2386","7":"product_cat-decoration-et-eclairage","8":"product_cat-lampes","9":"product_cat-maison-jardin","10":"product_tag-tag_1261","11":"product_tag-tag_283","12":"product_tag-tag_44","13":"product_tag-tag_1271","14":"product_tag-tag_70","16":"first","17":"instock","18":"taxable","19":"shipping-taxable","20":"purchasable","21":"product-type-variable"},"yoast_head":"<!-- This site is optimized with the Yoast SEO plugin v27.5 - https:\/\/yoast.com\/product\/yoast-seo-wordpress\/ -->\n<title>Bouteille LED Vintage Coconut - Tupique<\/title>\n<meta name=\"robots\" content=\"index, follow, max-snippet:-1, max-image-preview:large, max-video-preview:-1\" \/>\n<link rel=\"canonical\" href=\"https:\/\/tupique.com\/pt\/product\/bouteille-led-vintage-coconut\/\" \/>\n<meta property=\"og:locale\" content=\"pt_PT\" \/>\n<meta property=\"og:type\" content=\"article\" \/>\n<meta property=\"og:title\" content=\"Bouteille LED Vintage Coconut - Tupique\" \/>\n<meta property=\"og:description\" content=\"Vous voulez donner une touche d&#8217;originalit\u00e9 \u00e0 votre maison ? Vous y arriverez gr\u00e2ce au Bouteille LED Vintage Coconut. Mati\u00e8re: Verre Caract\u00e9ristiques: Lumi\u00e8re LED\" \/>\n<meta property=\"og:url\" content=\"https:\/\/tupique.com\/pt\/product\/bouteille-led-vintage-coconut\/\" \/>\n<meta property=\"og:site_name\" content=\"Tupique\" \/>\n<meta property=\"article:modified_time\" content=\"2026-05-11T19:23:57+00:00\" \/>\n<meta name=\"twitter:card\" content=\"summary_large_image\" \/>\n<script type=\"application\/ld+json\" class=\"yoast-schema-graph\">{\"@context\":\"https:\\\/\\\/schema.org\",\"@graph\":[{\"@type\":\"WebPage\",\"@id\":\"https:\\\/\\\/tupique.com\\\/product\\\/bouteille-led-vintage-coconut\\\/\",\"url\":\"https:\\\/\\\/tupique.com\\\/product\\\/bouteille-led-vintage-coconut\\\/\",\"name\":\"Bouteille LED Vintage Coconut - Tupique\",\"isPartOf\":{\"@id\":\"https:\\\/\\\/tupique.com\\\/#website\"},\"primaryImageOfPage\":{\"@id\":\"https:\\\/\\\/tupique.com\\\/product\\\/bouteille-led-vintage-coconut\\\/#primaryimage\"},\"image\":{\"@id\":\"https:\\\/\\\/tupique.com\\\/product\\\/bouteille-led-vintage-coconut\\\/#primaryimage\"},\"thumbnailUrl\":\"https:\\\/\\\/tupique.com\\\/wp-content\\\/uploads\\\/2026\\\/05\\\/v0200707_0_p10.jpg\",\"datePublished\":\"2026-05-11T08:55:42+00:00\",\"dateModified\":\"2026-05-11T19:23:57+00:00\",\"breadcrumb\":{\"@id\":\"https:\\\/\\\/tupique.com\\\/product\\\/bouteille-led-vintage-coconut\\\/#breadcrumb\"},\"inLanguage\":\"pt-PT\",\"potentialAction\":[{\"@type\":\"ReadAction\",\"target\":[\"https:\\\/\\\/tupique.com\\\/product\\\/bouteille-led-vintage-coconut\\\/\"]}]},{\"@type\":\"ImageObject\",\"inLanguage\":\"pt-PT\",\"@id\":\"https:\\\/\\\/tupique.com\\\/product\\\/bouteille-led-vintage-coconut\\\/#primaryimage\",\"url\":\"https:\\\/\\\/tupique.com\\\/wp-content\\\/uploads\\\/2026\\\/05\\\/v0200707_0_p10.jpg\",\"contentUrl\":\"https:\\\/\\\/tupique.com\\\/wp-content\\\/uploads\\\/2026\\\/05\\\/v0200707_0_p10.jpg\",\"width\":1200,\"height\":1200,\"caption\":\"V0200703_0\"},{\"@type\":\"BreadcrumbList\",\"@id\":\"https:\\\/\\\/tupique.com\\\/product\\\/bouteille-led-vintage-coconut\\\/#breadcrumb\",\"itemListElement\":[{\"@type\":\"ListItem\",\"position\":1,\"name\":\"commencer\",\"item\":\"https:\\\/\\\/tupique.com\\\/\"},{\"@type\":\"ListItem\",\"position\":2,\"name\":\"Loja\",\"item\":\"https:\\\/\\\/tupique.com\\\/loja\\\/\"},{\"@type\":\"ListItem\",\"position\":3,\"name\":\"Bouteille LED Vintage Coconut\"}]},{\"@type\":\"WebSite\",\"@id\":\"https:\\\/\\\/tupique.com\\\/#website\",\"url\":\"https:\\\/\\\/tupique.com\\\/\",\"name\":\"Tupique\",\"description\":\"\",\"publisher\":{\"@id\":\"https:\\\/\\\/tupique.com\\\/#organization\"},\"potentialAction\":[{\"@type\":\"SearchAction\",\"target\":{\"@type\":\"EntryPoint\",\"urlTemplate\":\"https:\\\/\\\/tupique.com\\\/?s={search_term_string}\"},\"query-input\":{\"@type\":\"PropertyValueSpecification\",\"valueRequired\":true,\"valueName\":\"search_term_string\"}}],\"inLanguage\":\"pt-PT\"},{\"@type\":\"Organization\",\"@id\":\"https:\\\/\\\/tupique.com\\\/#organization\",\"name\":\"Tupique\",\"url\":\"https:\\\/\\\/tupique.com\\\/\",\"logo\":{\"@type\":\"ImageObject\",\"inLanguage\":\"pt-PT\",\"@id\":\"https:\\\/\\\/tupique.com\\\/#\\\/schema\\\/logo\\\/image\\\/\",\"url\":\"https:\\\/\\\/tupique.com\\\/wp-content\\\/uploads\\\/2026\\\/03\\\/logo-tupique-1.webp\",\"contentUrl\":\"https:\\\/\\\/tupique.com\\\/wp-content\\\/uploads\\\/2026\\\/03\\\/logo-tupique-1.webp\",\"width\":500,\"height\":67,\"caption\":\"Tupique\"},\"image\":{\"@id\":\"https:\\\/\\\/tupique.com\\\/#\\\/schema\\\/logo\\\/image\\\/\"}}]}<\/script>\n<!-- \/ Yoast SEO plugin. -->","yoast_head_json":{"title":"Bouteille LED Vintage Coconut - Tupique","robots":{"index":"index","follow":"follow","max-snippet":"max-snippet:-1","max-image-preview":"max-image-preview:large","max-video-preview":"max-video-preview:-1"},"canonical":"https:\/\/tupique.com\/pt\/product\/bouteille-led-vintage-coconut\/","og_locale":"pt_PT","og_type":"article","og_title":"Bouteille LED Vintage Coconut - Tupique","og_description":"Vous voulez donner une touche d&#8217;originalit\u00e9 \u00e0 votre maison ? Vous y arriverez gr\u00e2ce au Bouteille LED Vintage Coconut. Mati\u00e8re: Verre Caract\u00e9ristiques: Lumi\u00e8re LED","og_url":"https:\/\/tupique.com\/pt\/product\/bouteille-led-vintage-coconut\/","og_site_name":"Tupique","article_modified_time":"2026-05-11T19:23:57+00:00","twitter_card":"summary_large_image","schema":{"@context":"https:\/\/schema.org","@graph":[{"@type":"WebPage","@id":"https:\/\/tupique.com\/product\/bouteille-led-vintage-coconut\/","url":"https:\/\/tupique.com\/product\/bouteille-led-vintage-coconut\/","name":"Bouteille LED Vintage Coconut - Tupique","isPartOf":{"@id":"https:\/\/tupique.com\/#website"},"primaryImageOfPage":{"@id":"https:\/\/tupique.com\/product\/bouteille-led-vintage-coconut\/#primaryimage"},"image":{"@id":"https:\/\/tupique.com\/product\/bouteille-led-vintage-coconut\/#primaryimage"},"thumbnailUrl":"https:\/\/tupique.com\/wp-content\/uploads\/2026\/05\/v0200707_0_p10.jpg","datePublished":"2026-05-11T08:55:42+00:00","dateModified":"2026-05-11T19:23:57+00:00","breadcrumb":{"@id":"https:\/\/tupique.com\/product\/bouteille-led-vintage-coconut\/#breadcrumb"},"inLanguage":"pt-PT","potentialAction":[{"@type":"ReadAction","target":["https:\/\/tupique.com\/product\/bouteille-led-vintage-coconut\/"]}]},{"@type":"ImageObject","inLanguage":"pt-PT","@id":"https:\/\/tupique.com\/product\/bouteille-led-vintage-coconut\/#primaryimage","url":"https:\/\/tupique.com\/wp-content\/uploads\/2026\/05\/v0200707_0_p10.jpg","contentUrl":"https:\/\/tupique.com\/wp-content\/uploads\/2026\/05\/v0200707_0_p10.jpg","width":1200,"height":1200,"caption":"V0200703_0"},{"@type":"BreadcrumbList","@id":"https:\/\/tupique.com\/product\/bouteille-led-vintage-coconut\/#breadcrumb","itemListElement":[{"@type":"ListItem","position":1,"name":"commencer","item":"https:\/\/tupique.com\/"},{"@type":"ListItem","position":2,"name":"Loja","item":"https:\/\/tupique.com\/loja\/"},{"@type":"ListItem","position":3,"name":"Bouteille LED Vintage Coconut"}]},{"@type":"WebSite","@id":"https:\/\/tupique.com\/#website","url":"https:\/\/tupique.com\/","name":"Tupique","description":"","publisher":{"@id":"https:\/\/tupique.com\/#organization"},"potentialAction":[{"@type":"SearchAction","target":{"@type":"EntryPoint","urlTemplate":"https:\/\/tupique.com\/?s={search_term_string}"},"query-input":{"@type":"PropertyValueSpecification","valueRequired":true,"valueName":"search_term_string"}}],"inLanguage":"pt-PT"},{"@type":"Organization","@id":"https:\/\/tupique.com\/#organization","name":"Tupique","url":"https:\/\/tupique.com\/","logo":{"@type":"ImageObject","inLanguage":"pt-PT","@id":"https:\/\/tupique.com\/#\/schema\/logo\/image\/","url":"https:\/\/tupique.com\/wp-content\/uploads\/2026\/03\/logo-tupique-1.webp","contentUrl":"https:\/\/tupique.com\/wp-content\/uploads\/2026\/03\/logo-tupique-1.webp","width":500,"height":67,"caption":"Tupique"},"image":{"@id":"https:\/\/tupique.com\/#\/schema\/logo\/image\/"}}]}},"_links":{"self":[{"href":"https:\/\/tupique.com\/pt\/wp-json\/wp\/v2\/product\/178772","targetHints":{"allow":["GET"]}}],"collection":[{"href":"https:\/\/tupique.com\/pt\/wp-json\/wp\/v2\/product"}],"about":[{"href":"https:\/\/tupique.com\/pt\/wp-json\/wp\/v2\/types\/product"}],"replies":[{"embeddable":true,"href":"https:\/\/tupique.com\/pt\/wp-json\/wp\/v2\/comments?post=178772"}],"wp:featuredmedia":[{"embeddable":true,"href":"https:\/\/tupique.com\/pt\/wp-json\/wp\/v2\/media\/178771"}],"wp:attachment":[{"href":"https:\/\/tupique.com\/pt\/wp-json\/wp\/v2\/media?parent=178772"}],"wp:term":[{"taxonomy":"product_brand","embeddable":true,"href":"https:\/\/tupique.com\/pt\/wp-json\/wp\/v2\/product_brand?post=178772"},{"taxonomy":"product_cat","embeddable":true,"href":"https:\/\/tupique.com\/pt\/wp-json\/wp\/v2\/product_cat?post=178772"},{"taxonomy":"product_tag","embeddable":true,"href":"https:\/\/tupique.com\/pt\/wp-json\/wp\/v2\/product_tag?post=178772"}],"curies":[{"name":"wp","href":"https:\/\/api.w.org\/{rel}","templated":true}]}}