{"id":178776,"date":"2026-05-11T10:55:48","date_gmt":"2026-05-11T08:55:48","guid":{"rendered":"https:\/\/tupique.com\/product\/ensemble-de-beaute-the-paw-patrol\/"},"modified":"2026-05-11T21:23:57","modified_gmt":"2026-05-11T19:23:57","slug":"ensemble-de-beaute-the-paw-patrol","status":"publish","type":"product","link":"https:\/\/tupique.com\/pt\/product\/ensemble-de-beaute-the-paw-patrol\/","title":{"rendered":"Ensemble de Beaut\u00e9 The Paw Patrol"},"content":{"rendered":"<p>Les enfants m\u00e9ritent ce qu\u2019il y a de mieux, nous vous pr\u00e9sentons donc <b>Ensemble de Beaut\u00e9 The Paw Patrol<\/b>, id\u00e9al pour ceux qui cherchent des produits de qualit\u00e9 pour les plus petits ! Procurez-vous <b>The Paw Patrol<\/b> et bien d\u2019autres marques et licences aux meilleurs prix !<\/p>\n<ul>\n<li>Couleur: Multicouleur<\/li>\n<li>Mati\u00e8re: ABS<\/li>\n<li>Genre: Enfant<\/li>\n<li>Inclut:\n<ul>\n<li>Brosse \u00e0 Cheveux<\/li>\n<li>Collier<\/li>\n<\/ul>\n<\/li>\n<li>Type: Ensemble de Beaut\u00e9<\/li>\n<\/ul>","protected":false},"excerpt":{"rendered":"<p>Les enfants m\u00e9ritent ce qu\u2019il y a de mieux, nous vous pr\u00e9sentons donc Ensemble de Beaut\u00e9 The Paw Patrol, id\u00e9al pour ceux qui cherchent des produits de qualit\u00e9 pour les plus petits ! Procurez-vous The Paw Patrol et bien d\u2019autres marques et licences aux meilleurs prix ! Couleur: Multicouleur Mati\u00e8re: ABS Genre: Enfant Inclut: Brosse [&hellip;]<\/p>\n","protected":false},"featured_media":178773,"comment_status":"open","ping_status":"closed","template":"","meta":[],"product_brand":[285],"product_cat":[753,1145,752],"product_tag":[107],"class_list":{"0":"post-178776","1":"product","2":"type-product","3":"status-publish","4":"has-post-thumbnail","6":"product_brand-brandp_262","7":"product_cat-coiffure","8":"product_cat-peignes-et-brosses","9":"product_cat-sante-beaute","10":"product_tag-tag_36","12":"first","13":"instock","14":"taxable","15":"shipping-taxable","16":"purchasable","17":"product-type-variable"},"yoast_head":"<!-- This site is optimized with the Yoast SEO plugin v27.5 - https:\/\/yoast.com\/product\/yoast-seo-wordpress\/ -->\n<title>Ensemble de Beaut\u00e9 The Paw Patrol - Tupique<\/title>\n<meta name=\"robots\" content=\"index, follow, max-snippet:-1, max-image-preview:large, max-video-preview:-1\" \/>\n<link rel=\"canonical\" href=\"https:\/\/tupique.com\/pt\/product\/ensemble-de-beaute-the-paw-patrol\/\" \/>\n<meta property=\"og:locale\" content=\"pt_PT\" \/>\n<meta property=\"og:type\" content=\"article\" \/>\n<meta property=\"og:title\" content=\"Ensemble de Beaut\u00e9 The Paw Patrol - Tupique\" \/>\n<meta property=\"og:description\" content=\"Les enfants m\u00e9ritent ce qu\u2019il y a de mieux, nous vous pr\u00e9sentons donc Ensemble de Beaut\u00e9 The Paw Patrol, id\u00e9al pour ceux qui cherchent des produits de qualit\u00e9 pour les plus petits ! Procurez-vous The Paw Patrol et bien d\u2019autres marques et licences aux meilleurs prix ! Couleur: Multicouleur Mati\u00e8re: ABS Genre: Enfant Inclut: Brosse [&hellip;]\" \/>\n<meta property=\"og:url\" content=\"https:\/\/tupique.com\/pt\/product\/ensemble-de-beaute-the-paw-patrol\/\" \/>\n<meta property=\"og:site_name\" content=\"Tupique\" \/>\n<meta property=\"article:modified_time\" content=\"2026-05-11T19:23:57+00:00\" \/>\n<meta name=\"twitter:card\" content=\"summary_large_image\" \/>\n<script type=\"application\/ld+json\" class=\"yoast-schema-graph\">{\"@context\":\"https:\\\/\\\/schema.org\",\"@graph\":[{\"@type\":\"WebPage\",\"@id\":\"https:\\\/\\\/tupique.com\\\/product\\\/ensemble-de-beaute-the-paw-patrol\\\/\",\"url\":\"https:\\\/\\\/tupique.com\\\/product\\\/ensemble-de-beaute-the-paw-patrol\\\/\",\"name\":\"Ensemble de Beaut\u00e9 The Paw Patrol - Tupique\",\"isPartOf\":{\"@id\":\"https:\\\/\\\/tupique.com\\\/#website\"},\"primaryImageOfPage\":{\"@id\":\"https:\\\/\\\/tupique.com\\\/product\\\/ensemble-de-beaute-the-paw-patrol\\\/#primaryimage\"},\"image\":{\"@id\":\"https:\\\/\\\/tupique.com\\\/product\\\/ensemble-de-beaute-the-paw-patrol\\\/#primaryimage\"},\"thumbnailUrl\":\"https:\\\/\\\/tupique.com\\\/wp-content\\\/uploads\\\/2026\\\/05\\\/8427934908769_2_p20.jpg\",\"datePublished\":\"2026-05-11T08:55:48+00:00\",\"dateModified\":\"2026-05-11T19:23:57+00:00\",\"breadcrumb\":{\"@id\":\"https:\\\/\\\/tupique.com\\\/product\\\/ensemble-de-beaute-the-paw-patrol\\\/#breadcrumb\"},\"inLanguage\":\"pt-PT\",\"potentialAction\":[{\"@type\":\"ReadAction\",\"target\":[\"https:\\\/\\\/tupique.com\\\/product\\\/ensemble-de-beaute-the-paw-patrol\\\/\"]}]},{\"@type\":\"ImageObject\",\"inLanguage\":\"pt-PT\",\"@id\":\"https:\\\/\\\/tupique.com\\\/product\\\/ensemble-de-beaute-the-paw-patrol\\\/#primaryimage\",\"url\":\"https:\\\/\\\/tupique.com\\\/wp-content\\\/uploads\\\/2026\\\/05\\\/8427934908769_2_p20.jpg\",\"contentUrl\":\"https:\\\/\\\/tupique.com\\\/wp-content\\\/uploads\\\/2026\\\/05\\\/8427934908769_2_p20.jpg\",\"width\":1200,\"height\":1200,\"caption\":\"V1300287_0\"},{\"@type\":\"BreadcrumbList\",\"@id\":\"https:\\\/\\\/tupique.com\\\/product\\\/ensemble-de-beaute-the-paw-patrol\\\/#breadcrumb\",\"itemListElement\":[{\"@type\":\"ListItem\",\"position\":1,\"name\":\"commencer\",\"item\":\"https:\\\/\\\/tupique.com\\\/\"},{\"@type\":\"ListItem\",\"position\":2,\"name\":\"Loja\",\"item\":\"https:\\\/\\\/tupique.com\\\/loja\\\/\"},{\"@type\":\"ListItem\",\"position\":3,\"name\":\"Ensemble de Beaut\u00e9 The Paw Patrol\"}]},{\"@type\":\"WebSite\",\"@id\":\"https:\\\/\\\/tupique.com\\\/#website\",\"url\":\"https:\\\/\\\/tupique.com\\\/\",\"name\":\"Tupique\",\"description\":\"\",\"publisher\":{\"@id\":\"https:\\\/\\\/tupique.com\\\/#organization\"},\"potentialAction\":[{\"@type\":\"SearchAction\",\"target\":{\"@type\":\"EntryPoint\",\"urlTemplate\":\"https:\\\/\\\/tupique.com\\\/?s={search_term_string}\"},\"query-input\":{\"@type\":\"PropertyValueSpecification\",\"valueRequired\":true,\"valueName\":\"search_term_string\"}}],\"inLanguage\":\"pt-PT\"},{\"@type\":\"Organization\",\"@id\":\"https:\\\/\\\/tupique.com\\\/#organization\",\"name\":\"Tupique\",\"url\":\"https:\\\/\\\/tupique.com\\\/\",\"logo\":{\"@type\":\"ImageObject\",\"inLanguage\":\"pt-PT\",\"@id\":\"https:\\\/\\\/tupique.com\\\/#\\\/schema\\\/logo\\\/image\\\/\",\"url\":\"https:\\\/\\\/tupique.com\\\/wp-content\\\/uploads\\\/2026\\\/03\\\/logo-tupique-1.webp\",\"contentUrl\":\"https:\\\/\\\/tupique.com\\\/wp-content\\\/uploads\\\/2026\\\/03\\\/logo-tupique-1.webp\",\"width\":500,\"height\":67,\"caption\":\"Tupique\"},\"image\":{\"@id\":\"https:\\\/\\\/tupique.com\\\/#\\\/schema\\\/logo\\\/image\\\/\"}}]}<\/script>\n<!-- \/ Yoast SEO plugin. -->","yoast_head_json":{"title":"Ensemble de Beaut\u00e9 The Paw Patrol - Tupique","robots":{"index":"index","follow":"follow","max-snippet":"max-snippet:-1","max-image-preview":"max-image-preview:large","max-video-preview":"max-video-preview:-1"},"canonical":"https:\/\/tupique.com\/pt\/product\/ensemble-de-beaute-the-paw-patrol\/","og_locale":"pt_PT","og_type":"article","og_title":"Ensemble de Beaut\u00e9 The Paw Patrol - Tupique","og_description":"Les enfants m\u00e9ritent ce qu\u2019il y a de mieux, nous vous pr\u00e9sentons donc Ensemble de Beaut\u00e9 The Paw Patrol, id\u00e9al pour ceux qui cherchent des produits de qualit\u00e9 pour les plus petits ! Procurez-vous The Paw Patrol et bien d\u2019autres marques et licences aux meilleurs prix ! Couleur: Multicouleur Mati\u00e8re: ABS Genre: Enfant Inclut: Brosse [&hellip;]","og_url":"https:\/\/tupique.com\/pt\/product\/ensemble-de-beaute-the-paw-patrol\/","og_site_name":"Tupique","article_modified_time":"2026-05-11T19:23:57+00:00","twitter_card":"summary_large_image","schema":{"@context":"https:\/\/schema.org","@graph":[{"@type":"WebPage","@id":"https:\/\/tupique.com\/product\/ensemble-de-beaute-the-paw-patrol\/","url":"https:\/\/tupique.com\/product\/ensemble-de-beaute-the-paw-patrol\/","name":"Ensemble de Beaut\u00e9 The Paw Patrol - Tupique","isPartOf":{"@id":"https:\/\/tupique.com\/#website"},"primaryImageOfPage":{"@id":"https:\/\/tupique.com\/product\/ensemble-de-beaute-the-paw-patrol\/#primaryimage"},"image":{"@id":"https:\/\/tupique.com\/product\/ensemble-de-beaute-the-paw-patrol\/#primaryimage"},"thumbnailUrl":"https:\/\/tupique.com\/wp-content\/uploads\/2026\/05\/8427934908769_2_p20.jpg","datePublished":"2026-05-11T08:55:48+00:00","dateModified":"2026-05-11T19:23:57+00:00","breadcrumb":{"@id":"https:\/\/tupique.com\/product\/ensemble-de-beaute-the-paw-patrol\/#breadcrumb"},"inLanguage":"pt-PT","potentialAction":[{"@type":"ReadAction","target":["https:\/\/tupique.com\/product\/ensemble-de-beaute-the-paw-patrol\/"]}]},{"@type":"ImageObject","inLanguage":"pt-PT","@id":"https:\/\/tupique.com\/product\/ensemble-de-beaute-the-paw-patrol\/#primaryimage","url":"https:\/\/tupique.com\/wp-content\/uploads\/2026\/05\/8427934908769_2_p20.jpg","contentUrl":"https:\/\/tupique.com\/wp-content\/uploads\/2026\/05\/8427934908769_2_p20.jpg","width":1200,"height":1200,"caption":"V1300287_0"},{"@type":"BreadcrumbList","@id":"https:\/\/tupique.com\/product\/ensemble-de-beaute-the-paw-patrol\/#breadcrumb","itemListElement":[{"@type":"ListItem","position":1,"name":"commencer","item":"https:\/\/tupique.com\/"},{"@type":"ListItem","position":2,"name":"Loja","item":"https:\/\/tupique.com\/loja\/"},{"@type":"ListItem","position":3,"name":"Ensemble de Beaut\u00e9 The Paw Patrol"}]},{"@type":"WebSite","@id":"https:\/\/tupique.com\/#website","url":"https:\/\/tupique.com\/","name":"Tupique","description":"","publisher":{"@id":"https:\/\/tupique.com\/#organization"},"potentialAction":[{"@type":"SearchAction","target":{"@type":"EntryPoint","urlTemplate":"https:\/\/tupique.com\/?s={search_term_string}"},"query-input":{"@type":"PropertyValueSpecification","valueRequired":true,"valueName":"search_term_string"}}],"inLanguage":"pt-PT"},{"@type":"Organization","@id":"https:\/\/tupique.com\/#organization","name":"Tupique","url":"https:\/\/tupique.com\/","logo":{"@type":"ImageObject","inLanguage":"pt-PT","@id":"https:\/\/tupique.com\/#\/schema\/logo\/image\/","url":"https:\/\/tupique.com\/wp-content\/uploads\/2026\/03\/logo-tupique-1.webp","contentUrl":"https:\/\/tupique.com\/wp-content\/uploads\/2026\/03\/logo-tupique-1.webp","width":500,"height":67,"caption":"Tupique"},"image":{"@id":"https:\/\/tupique.com\/#\/schema\/logo\/image\/"}}]}},"_links":{"self":[{"href":"https:\/\/tupique.com\/pt\/wp-json\/wp\/v2\/product\/178776","targetHints":{"allow":["GET"]}}],"collection":[{"href":"https:\/\/tupique.com\/pt\/wp-json\/wp\/v2\/product"}],"about":[{"href":"https:\/\/tupique.com\/pt\/wp-json\/wp\/v2\/types\/product"}],"replies":[{"embeddable":true,"href":"https:\/\/tupique.com\/pt\/wp-json\/wp\/v2\/comments?post=178776"}],"wp:featuredmedia":[{"embeddable":true,"href":"https:\/\/tupique.com\/pt\/wp-json\/wp\/v2\/media\/178773"}],"wp:attachment":[{"href":"https:\/\/tupique.com\/pt\/wp-json\/wp\/v2\/media?parent=178776"}],"wp:term":[{"taxonomy":"product_brand","embeddable":true,"href":"https:\/\/tupique.com\/pt\/wp-json\/wp\/v2\/product_brand?post=178776"},{"taxonomy":"product_cat","embeddable":true,"href":"https:\/\/tupique.com\/pt\/wp-json\/wp\/v2\/product_cat?post=178776"},{"taxonomy":"product_tag","embeddable":true,"href":"https:\/\/tupique.com\/pt\/wp-json\/wp\/v2\/product_tag?post=178776"}],"curies":[{"name":"wp","href":"https:\/\/api.w.org\/{rel}","templated":true}]}}