{"id":179098,"date":"2026-05-11T11:19:13","date_gmt":"2026-05-11T09:19:13","guid":{"rendered":"https:\/\/tupique.com\/product\/corde-a-linge-electrique-pliante-verayer-innovagoods-30-barres\/"},"modified":"2026-05-11T21:23:41","modified_gmt":"2026-05-11T19:23:41","slug":"corde-a-linge-electrique-pliante-verayer-innovagoods-30-barres","status":"publish","type":"product","link":"https:\/\/tupique.com\/pt\/product\/corde-a-linge-electrique-pliante-verayer-innovagoods-30-barres\/","title":{"rendered":"Corde \u00e0 linge \u00e9lectrique pliante Verayer InnovaGoods 30 Barres"},"content":{"rendered":"<div class=\"col-md-6\"><b>InnovaGoods<\/b> vous offre les meilleures nouveaut\u00e9s pour la maison, comme <b>Corde \u00e0 linge \u00e9lectrique pliante Verayer InnovaGoods 30 Barres <\/b>! D\u00e9couvrez une vaste gamme de produits de qualit\u00e9 qui se d\u00e9marquent de par leur fonctionnalit\u00e9, leur efficacit\u00e9 et leur design innovant : \u00e9clairage, organisation, d\u00e9coration, climatisation, jardin, animaux domestiques, nettoyage, etc.<\/p>\n<p>Un \u00e9tendoir \u00e0 linge d&#8217;int\u00e9rieur commode et pratique pour s\u00e9cher rapidement les v\u00eatements tout en occupant un minimum d&#8217;espace. Id\u00e9al pour l&#8217;hiver, en particulier les journ\u00e9es froides, pluvieuses ou humides. De plus, il peut \u00eatre utilis\u00e9 comme un \u00e9tendoir classique sans avoir \u00e0 le brancher.<\/p>\n<ul>\n<li>Mat\u00e9riel:\n<ul>\n<li>ABS<\/li>\n<li>Aluminium<\/li>\n<\/ul>\n<\/li>\n<li>Couleur: Gris<\/li>\n<li>Design: Pliable<\/li>\n<li>Type: \u00c9lectrique<\/li>\n<li>Capacit\u00e9: 30 Barres<\/li>\n<li>Propri\u00e9t\u00e9s: R\u00e9sistant<\/li>\n<li>Poids maximum env. dans chaque niveau: 2,5 kg<\/li>\n<li>Inclut: 4 supports pour s\u00e9cher les chaussures<\/li>\n<li>Grande capacit\u00e9 et tr\u00e8s stable: Fixation ferme<\/li>\n<li>Un seul Bouton: Bouton on\/off<\/li>\n<li>Temp\u00e9rature max.: 50-55 \u00baC<\/li>\n<li>Caract\u00e9ristiques: Faible consommation<\/li>\n<li>Facilit\u00e9 d&#8217;utilisation: Utilisation pratique et simple<\/li>\n<li>Originale et portative: Facile \u00e0 transporter et \u00e0 ranger<\/li>\n<li>Type de prise: E<\/li>\n<li>Longueur du c\u00e2ble: 140 cm<\/li>\n<li>puissance: 300 W<\/li>\n<li>tension: 220-240 V<\/li>\n<li>fr\u00e9quence: 50 Hz<\/li>\n<li>Dimensions approx. pli\u00e9: 66 x 140 x 7 cm<\/li>\n<li>Dimensions approx. (d\u00e9pli\u00e9): 66 x 135 x 73 cm<\/li>\n<li>Packaging et manuel en 24 langues: anglais, fran\u00e7ais, espagnol, allemand, italien, portugais, n\u00e9erlandais, polonais, hongrois, roumain, danois, su\u00e9dois, finnois, lituanien, norv\u00e9gien, slov\u00e8ne, grec, tch\u00e8que, bulgare, croate, slovaque, estonien, russe, letton<\/li>\n<\/ul>\n<p>Packaging et manuel en 24 langues: anglais, fran\u00e7ais, espagnol, allemand, italien, portugais, n\u00e9erlandais, polonais, hongrois, roumain, danois, su\u00e9dois, finnois, lituanien, norv\u00e9gien, slov\u00e8ne, grec, tch\u00e8que, bulgare, croate, slovaque, estonien, russe, letton.<\/p><\/div>\n<div class=\"col-md-6\">\n<div class=\"embed-responsive embed-responsive-16by9\"><iframe class=\"embed-responsive-item\" src=\"https:\/\/www.youtube.com\/embed\/q9rawyi-yPk\" frameborder=\"0\" allowfullscreen><\/iframe><\/div>\n<\/div>","protected":false},"excerpt":{"rendered":"<p>InnovaGoods vous offre les meilleures nouveaut\u00e9s pour la maison, comme Corde \u00e0 linge \u00e9lectrique pliante Verayer InnovaGoods 30 Barres ! D\u00e9couvrez une vaste gamme de produits de qualit\u00e9 qui se d\u00e9marquent de par leur fonctionnalit\u00e9, leur efficacit\u00e9 et leur design innovant : \u00e9clairage, organisation, d\u00e9coration, climatisation, jardin, animaux domestiques, nettoyage, etc. Un \u00e9tendoir \u00e0 linge [&hellip;]<\/p>\n","protected":false},"featured_media":179091,"comment_status":"open","ping_status":"closed","template":"","meta":[],"product_brand":[256],"product_cat":[63,64,1797,239,242,1796],"product_tag":[208,210],"woo-feed-brand":[],"class_list":{"0":"post-179098","1":"product","2":"type-product","3":"status-publish","4":"has-post-thumbnail","6":"product_brand-brandp_1281","7":"product_cat-cadeaux-originaux","8":"product_cat-cadeaux-pour-la-maison","9":"product_cat-idees-pour-la-maison","10":"product_cat-maison-jardin","11":"product_cat-organiseurs","12":"product_cat-teleachat-vu-a-la-television","13":"product_tag-tag_587","14":"product_tag-tag_25","16":"first","17":"instock","18":"taxable","19":"shipping-taxable","20":"purchasable","21":"product-type-simple"},"yoast_head":"<!-- This site is optimized with the Yoast SEO plugin v27.5 - https:\/\/yoast.com\/product\/yoast-seo-wordpress\/ -->\n<title>Corde \u00e0 linge \u00e9lectrique pliante Verayer InnovaGoods 30 Barres | | Tupique<\/title>\n<meta name=\"description\" content=\"Envie d&#039;acheter Corde \u00e0 linge \u00e9lectrique pliante Verayer InnovaGoods 30 Barres\u00a0? Achetez Corde \u00e0 linge \u00e9lectrique pliante Verayer InnovaGoods 30 Barres maintenant avec Tupique en 3 versements sans int\u00e9r\u00eat.\" \/>\n<meta name=\"robots\" content=\"index, follow, max-snippet:-1, max-image-preview:large, max-video-preview:-1\" \/>\n<link rel=\"canonical\" href=\"https:\/\/tupique.com\/pt\/product\/corde-a-linge-electrique-pliante-verayer-innovagoods-30-barres\/\" \/>\n<meta property=\"og:locale\" content=\"pt_PT\" \/>\n<meta property=\"og:type\" content=\"article\" \/>\n<meta property=\"og:title\" content=\"Corde \u00e0 linge \u00e9lectrique pliante Verayer InnovaGoods 30 Barres | | Tupique\" \/>\n<meta property=\"og:description\" content=\"Envie d&#039;acheter Corde \u00e0 linge \u00e9lectrique pliante Verayer InnovaGoods 30 Barres\u00a0? Achetez Corde \u00e0 linge \u00e9lectrique pliante Verayer InnovaGoods 30 Barres maintenant avec Tupique en 3 versements sans int\u00e9r\u00eat.\" \/>\n<meta property=\"og:url\" content=\"https:\/\/tupique.com\/pt\/product\/corde-a-linge-electrique-pliante-verayer-innovagoods-30-barres\/\" \/>\n<meta property=\"og:site_name\" content=\"Tupique\" \/>\n<meta property=\"article:modified_time\" content=\"2026-05-11T19:23:41+00:00\" \/>\n<meta name=\"twitter:card\" content=\"summary_large_image\" \/>\n<meta name=\"twitter:label1\" content=\"Tempo estimado de leitura\" \/>\n\t<meta name=\"twitter:data1\" content=\"1 minuto\" \/>\n<script type=\"application\/ld+json\" class=\"yoast-schema-graph\">{\"@context\":\"https:\\\/\\\/schema.org\",\"@graph\":[{\"@type\":\"WebPage\",\"@id\":\"https:\\\/\\\/tupique.com\\\/product\\\/corde-a-linge-electrique-pliante-verayer-innovagoods-30-barres\\\/\",\"url\":\"https:\\\/\\\/tupique.com\\\/product\\\/corde-a-linge-electrique-pliante-verayer-innovagoods-30-barres\\\/\",\"name\":\"Corde \u00e0 linge \u00e9lectrique pliante Verayer InnovaGoods 30 Barres | | Tupique\",\"isPartOf\":{\"@id\":\"https:\\\/\\\/tupique.com\\\/#website\"},\"primaryImageOfPage\":{\"@id\":\"https:\\\/\\\/tupique.com\\\/product\\\/corde-a-linge-electrique-pliante-verayer-innovagoods-30-barres\\\/#primaryimage\"},\"image\":{\"@id\":\"https:\\\/\\\/tupique.com\\\/product\\\/corde-a-linge-electrique-pliante-verayer-innovagoods-30-barres\\\/#primaryimage\"},\"thumbnailUrl\":\"https:\\\/\\\/tupique.com\\\/wp-content\\\/uploads\\\/2026\\\/05\\\/V0100467_000_MKT3.jpg\",\"datePublished\":\"2026-05-11T09:19:13+00:00\",\"dateModified\":\"2026-05-11T19:23:41+00:00\",\"description\":\"Envie d'acheter Corde \u00e0 linge \u00e9lectrique pliante Verayer InnovaGoods 30 Barres\u00a0? Achetez Corde \u00e0 linge \u00e9lectrique pliante Verayer InnovaGoods 30 Barres maintenant avec Tupique en 3 versements sans int\u00e9r\u00eat.\",\"breadcrumb\":{\"@id\":\"https:\\\/\\\/tupique.com\\\/product\\\/corde-a-linge-electrique-pliante-verayer-innovagoods-30-barres\\\/#breadcrumb\"},\"inLanguage\":\"pt-PT\",\"potentialAction\":[{\"@type\":\"ReadAction\",\"target\":[\"https:\\\/\\\/tupique.com\\\/product\\\/corde-a-linge-electrique-pliante-verayer-innovagoods-30-barres\\\/\"]}]},{\"@type\":\"ImageObject\",\"inLanguage\":\"pt-PT\",\"@id\":\"https:\\\/\\\/tupique.com\\\/product\\\/corde-a-linge-electrique-pliante-verayer-innovagoods-30-barres\\\/#primaryimage\",\"url\":\"https:\\\/\\\/tupique.com\\\/wp-content\\\/uploads\\\/2026\\\/05\\\/V0100467_000_MKT3.jpg\",\"contentUrl\":\"https:\\\/\\\/tupique.com\\\/wp-content\\\/uploads\\\/2026\\\/05\\\/V0100467_000_MKT3.jpg\",\"width\":1200,\"height\":1200,\"caption\":\"V0100467_0\"},{\"@type\":\"BreadcrumbList\",\"@id\":\"https:\\\/\\\/tupique.com\\\/product\\\/corde-a-linge-electrique-pliante-verayer-innovagoods-30-barres\\\/#breadcrumb\",\"itemListElement\":[{\"@type\":\"ListItem\",\"position\":1,\"name\":\"commencer\",\"item\":\"https:\\\/\\\/tupique.com\\\/\"},{\"@type\":\"ListItem\",\"position\":2,\"name\":\"Loja\",\"item\":\"https:\\\/\\\/tupique.com\\\/loja\\\/\"},{\"@type\":\"ListItem\",\"position\":3,\"name\":\"Corde \u00e0 linge \u00e9lectrique pliante Verayer InnovaGoods 30 Barres\"}]},{\"@type\":\"WebSite\",\"@id\":\"https:\\\/\\\/tupique.com\\\/#website\",\"url\":\"https:\\\/\\\/tupique.com\\\/\",\"name\":\"Tupique\",\"description\":\"\",\"publisher\":{\"@id\":\"https:\\\/\\\/tupique.com\\\/#organization\"},\"potentialAction\":[{\"@type\":\"SearchAction\",\"target\":{\"@type\":\"EntryPoint\",\"urlTemplate\":\"https:\\\/\\\/tupique.com\\\/?s={search_term_string}\"},\"query-input\":{\"@type\":\"PropertyValueSpecification\",\"valueRequired\":true,\"valueName\":\"search_term_string\"}}],\"inLanguage\":\"pt-PT\"},{\"@type\":\"Organization\",\"@id\":\"https:\\\/\\\/tupique.com\\\/#organization\",\"name\":\"Tupique\",\"url\":\"https:\\\/\\\/tupique.com\\\/\",\"logo\":{\"@type\":\"ImageObject\",\"inLanguage\":\"pt-PT\",\"@id\":\"https:\\\/\\\/tupique.com\\\/#\\\/schema\\\/logo\\\/image\\\/\",\"url\":\"https:\\\/\\\/tupique.com\\\/wp-content\\\/uploads\\\/2026\\\/03\\\/logo-tupique-1.webp\",\"contentUrl\":\"https:\\\/\\\/tupique.com\\\/wp-content\\\/uploads\\\/2026\\\/03\\\/logo-tupique-1.webp\",\"width\":500,\"height\":67,\"caption\":\"Tupique\"},\"image\":{\"@id\":\"https:\\\/\\\/tupique.com\\\/#\\\/schema\\\/logo\\\/image\\\/\"}}]}<\/script>\n<!-- \/ Yoast SEO plugin. -->","yoast_head_json":{"title":"Corde \u00e0 linge \u00e9lectrique pliante Verayer InnovaGoods 30 Barres | | Tupique","description":"Envie d'acheter Corde \u00e0 linge \u00e9lectrique pliante Verayer InnovaGoods 30 Barres\u00a0? Achetez Corde \u00e0 linge \u00e9lectrique pliante Verayer InnovaGoods 30 Barres maintenant avec Tupique en 3 versements sans int\u00e9r\u00eat.","robots":{"index":"index","follow":"follow","max-snippet":"max-snippet:-1","max-image-preview":"max-image-preview:large","max-video-preview":"max-video-preview:-1"},"canonical":"https:\/\/tupique.com\/pt\/product\/corde-a-linge-electrique-pliante-verayer-innovagoods-30-barres\/","og_locale":"pt_PT","og_type":"article","og_title":"Corde \u00e0 linge \u00e9lectrique pliante Verayer InnovaGoods 30 Barres | | Tupique","og_description":"Envie d'acheter Corde \u00e0 linge \u00e9lectrique pliante Verayer InnovaGoods 30 Barres\u00a0? Achetez Corde \u00e0 linge \u00e9lectrique pliante Verayer InnovaGoods 30 Barres maintenant avec Tupique en 3 versements sans int\u00e9r\u00eat.","og_url":"https:\/\/tupique.com\/pt\/product\/corde-a-linge-electrique-pliante-verayer-innovagoods-30-barres\/","og_site_name":"Tupique","article_modified_time":"2026-05-11T19:23:41+00:00","twitter_card":"summary_large_image","twitter_misc":{"Tempo estimado de leitura":"1 minuto"},"schema":{"@context":"https:\/\/schema.org","@graph":[{"@type":"WebPage","@id":"https:\/\/tupique.com\/product\/corde-a-linge-electrique-pliante-verayer-innovagoods-30-barres\/","url":"https:\/\/tupique.com\/product\/corde-a-linge-electrique-pliante-verayer-innovagoods-30-barres\/","name":"Corde \u00e0 linge \u00e9lectrique pliante Verayer InnovaGoods 30 Barres | | Tupique","isPartOf":{"@id":"https:\/\/tupique.com\/#website"},"primaryImageOfPage":{"@id":"https:\/\/tupique.com\/product\/corde-a-linge-electrique-pliante-verayer-innovagoods-30-barres\/#primaryimage"},"image":{"@id":"https:\/\/tupique.com\/product\/corde-a-linge-electrique-pliante-verayer-innovagoods-30-barres\/#primaryimage"},"thumbnailUrl":"https:\/\/tupique.com\/wp-content\/uploads\/2026\/05\/V0100467_000_MKT3.jpg","datePublished":"2026-05-11T09:19:13+00:00","dateModified":"2026-05-11T19:23:41+00:00","description":"Envie d'acheter Corde \u00e0 linge \u00e9lectrique pliante Verayer InnovaGoods 30 Barres\u00a0? Achetez Corde \u00e0 linge \u00e9lectrique pliante Verayer InnovaGoods 30 Barres maintenant avec Tupique en 3 versements sans int\u00e9r\u00eat.","breadcrumb":{"@id":"https:\/\/tupique.com\/product\/corde-a-linge-electrique-pliante-verayer-innovagoods-30-barres\/#breadcrumb"},"inLanguage":"pt-PT","potentialAction":[{"@type":"ReadAction","target":["https:\/\/tupique.com\/product\/corde-a-linge-electrique-pliante-verayer-innovagoods-30-barres\/"]}]},{"@type":"ImageObject","inLanguage":"pt-PT","@id":"https:\/\/tupique.com\/product\/corde-a-linge-electrique-pliante-verayer-innovagoods-30-barres\/#primaryimage","url":"https:\/\/tupique.com\/wp-content\/uploads\/2026\/05\/V0100467_000_MKT3.jpg","contentUrl":"https:\/\/tupique.com\/wp-content\/uploads\/2026\/05\/V0100467_000_MKT3.jpg","width":1200,"height":1200,"caption":"V0100467_0"},{"@type":"BreadcrumbList","@id":"https:\/\/tupique.com\/product\/corde-a-linge-electrique-pliante-verayer-innovagoods-30-barres\/#breadcrumb","itemListElement":[{"@type":"ListItem","position":1,"name":"commencer","item":"https:\/\/tupique.com\/"},{"@type":"ListItem","position":2,"name":"Loja","item":"https:\/\/tupique.com\/loja\/"},{"@type":"ListItem","position":3,"name":"Corde \u00e0 linge \u00e9lectrique pliante Verayer InnovaGoods 30 Barres"}]},{"@type":"WebSite","@id":"https:\/\/tupique.com\/#website","url":"https:\/\/tupique.com\/","name":"Tupique","description":"","publisher":{"@id":"https:\/\/tupique.com\/#organization"},"potentialAction":[{"@type":"SearchAction","target":{"@type":"EntryPoint","urlTemplate":"https:\/\/tupique.com\/?s={search_term_string}"},"query-input":{"@type":"PropertyValueSpecification","valueRequired":true,"valueName":"search_term_string"}}],"inLanguage":"pt-PT"},{"@type":"Organization","@id":"https:\/\/tupique.com\/#organization","name":"Tupique","url":"https:\/\/tupique.com\/","logo":{"@type":"ImageObject","inLanguage":"pt-PT","@id":"https:\/\/tupique.com\/#\/schema\/logo\/image\/","url":"https:\/\/tupique.com\/wp-content\/uploads\/2026\/03\/logo-tupique-1.webp","contentUrl":"https:\/\/tupique.com\/wp-content\/uploads\/2026\/03\/logo-tupique-1.webp","width":500,"height":67,"caption":"Tupique"},"image":{"@id":"https:\/\/tupique.com\/#\/schema\/logo\/image\/"}}]}},"_links":{"self":[{"href":"https:\/\/tupique.com\/pt\/wp-json\/wp\/v2\/product\/179098","targetHints":{"allow":["GET"]}}],"collection":[{"href":"https:\/\/tupique.com\/pt\/wp-json\/wp\/v2\/product"}],"about":[{"href":"https:\/\/tupique.com\/pt\/wp-json\/wp\/v2\/types\/product"}],"replies":[{"embeddable":true,"href":"https:\/\/tupique.com\/pt\/wp-json\/wp\/v2\/comments?post=179098"}],"wp:featuredmedia":[{"embeddable":true,"href":"https:\/\/tupique.com\/pt\/wp-json\/wp\/v2\/media\/179091"}],"wp:attachment":[{"href":"https:\/\/tupique.com\/pt\/wp-json\/wp\/v2\/media?parent=179098"}],"wp:term":[{"taxonomy":"product_brand","embeddable":true,"href":"https:\/\/tupique.com\/pt\/wp-json\/wp\/v2\/product_brand?post=179098"},{"taxonomy":"product_cat","embeddable":true,"href":"https:\/\/tupique.com\/pt\/wp-json\/wp\/v2\/product_cat?post=179098"},{"taxonomy":"product_tag","embeddable":true,"href":"https:\/\/tupique.com\/pt\/wp-json\/wp\/v2\/product_tag?post=179098"},{"taxonomy":"woo-feed-brand","embeddable":true,"href":"https:\/\/tupique.com\/pt\/wp-json\/wp\/v2\/woo-feed-brand?post=179098"}],"curies":[{"name":"wp","href":"https:\/\/api.w.org\/{rel}","templated":true}]}}