{"id":179157,"date":"2026-05-11T11:20:59","date_gmt":"2026-05-11T09:20:59","guid":{"rendered":"https:\/\/tupique.com\/product\/bureau-mural-rabattable-woldy-innovagoods\/"},"modified":"2026-05-11T21:23:42","modified_gmt":"2026-05-11T19:23:42","slug":"bureau-mural-rabattable-woldy-innovagoods","status":"publish","type":"product","link":"https:\/\/tupique.com\/pt\/product\/bureau-mural-rabattable-woldy-innovagoods\/","title":{"rendered":"Secret\u00e1ria de Parede Dobr\u00e1vel Woldy InnovaGoods"},"content":{"rendered":"<div class=\"col-md-6\"><b>InnovaGoods<\/b> vous offre les meilleures nouveaut\u00e9s pour la maison, comme <b>Secret\u00e1ria de Parede Dobr\u00e1vel Woldy InnovaGoods <\/b>! D\u00e9couvrez une vaste gamme de produits de qualit\u00e9 qui se d\u00e9marquent de par leur fonctionnalit\u00e9, leur efficacit\u00e9 et leur design innovant : \u00e9clairage, organisation, d\u00e9coration, climatisation, jardin, animaux domestiques, nettoyage, etc.<\/p>\n<p>Un bureau mural avec un design original et tr\u00e8s d\u00e9coratif, id\u00e9al pour travailler \u00e0 la maison, \u00e9crire, d\u00e9ssiner, faire les devoirs, etc. Dispose d&#8217;une ardoise pour \u00e9crire des notes, un panneau en li\u00e8ge pour accrocher des notes avec des punaises et des \u00e9tag\u00e8res pour mettres des livres, des photos, des bibelots d\u00e9coratifs, etc.<\/p>\n<ul>\n<li>Mat\u00e9riel:\n<ul>\n<li>Bois<\/li>\n<li>Autocollants<\/li>\n<li>Li\u00e8ge<\/li>\n<li>M\u00e9tal<\/li>\n<\/ul>\n<\/li>\n<li>Couleur: Blanc<\/li>\n<li>Un design moderne et \u00e9l\u00e9gant: Novateur et pratique<\/li>\n<li>Type: Bureau<\/li>\n<li>D\u00e9coratif: D\u00e9coration int\u00e9rieure<\/li>\n<li>Pliable: Facile \u00e0 plier et \u00e0 d\u00e9plier<\/li>\n<li>Compact: Organisation et gain de place<\/li>\n<li>Multiposition: Polyvalent et adaptable<\/li>\n<li>Polyvalent: Plusieurs fonctionnalit\u00e9s et espaces<\/li>\n<li>Facilit\u00e9 d&#8217;utilisation: Utilisation pratique et simple<\/li>\n<li>Installation simple: Instructions de montage<\/li>\n<li>Accessoires de montage inclus: Supports, chevilles et vis pour un montage mural<\/li>\n<li>Ardoise: 40 x 68 cm<\/li>\n<li>Li\u00e8ge: 40 x 14 cm<\/li>\n<li>Dimensions approx. pli\u00e9: 50 x 80 x 18 cm<\/li>\n<li>Dimensions approx. (d\u00e9pli\u00e9): 50 x 155 x 93 cm<\/li>\n<li>Packaging en 24 langues: anglais, fran\u00e7ais, espagnol, allemand, italien, portugais, n\u00e9erlandais, polonais, hongrois, roumain, danois, su\u00e9dois, finnois, lituanien, norv\u00e9gien, slov\u00e8ne, grec, tch\u00e8que, bulgare, croate, slovaque, estonien, russe, letton<\/li>\n<\/ul>\n<p>Packaging en 24 langues: anglais, fran\u00e7ais, espagnol, allemand, italien, portugais, n\u00e9erlandais, polonais, hongrois, roumain, danois, su\u00e9dois, finnois, lituanien, norv\u00e9gien, slov\u00e8ne, grec, tch\u00e8que, bulgare, croate, slovaque, estonien, russe, letton.<\/p><\/div>\n<div class=\"col-md-6\">\n<div class=\"embed-responsive embed-responsive-16by9\"><iframe class=\"embed-responsive-item\" src=\"https:\/\/www.youtube.com\/embed\/EBsTNPOYAa4\" frameborder=\"0\" allowfullscreen><\/iframe><\/div>\n<\/div>","protected":false},"excerpt":{"rendered":"<p>InnovaGoods vous offre les meilleures nouveaut\u00e9s pour la maison, comme Bureau Mural Rabattable Woldy InnovaGoods ! D\u00e9couvrez une vaste gamme de produits de qualit\u00e9 qui se d\u00e9marquent de par leur fonctionnalit\u00e9, leur efficacit\u00e9 et leur design innovant : \u00e9clairage, organisation, d\u00e9coration, climatisation, jardin, animaux domestiques, nettoyage, etc. Un bureau mural avec un design original et [&hellip;]<\/p>\n","protected":false},"featured_media":179149,"comment_status":"open","ping_status":"closed","template":"","meta":[],"product_brand":[256],"product_cat":[1695,63,64,1797,239,577,1796],"product_tag":[213,106],"woo-feed-brand":[],"class_list":{"0":"post-179157","1":"product","2":"type-product","3":"status-publish","4":"has-post-thumbnail","6":"product_brand-brandp_1281","7":"product_cat-bureaux","8":"product_cat-cadeaux-originaux","9":"product_cat-cadeaux-pour-la-maison","10":"product_cat-idees-pour-la-maison","11":"product_cat-maison-jardin","12":"product_cat-mobilier","13":"product_cat-teleachat-vu-a-la-television","14":"product_tag-tag_933","15":"product_tag-tag_1295","17":"first","18":"instock","19":"taxable","20":"shipping-taxable","21":"purchasable","22":"product-type-simple"},"yoast_head":"<!-- This site is optimized with the Yoast SEO plugin v27.5 - https:\/\/yoast.com\/product\/yoast-seo-wordpress\/ -->\n<title>Bureau Mural Rabattable Woldy InnovaGoods | | Tupique<\/title>\n<meta name=\"description\" content=\"Envie d&#039;acheter Bureau Mural Rabattable Woldy InnovaGoods\u00a0? Achetez Bureau Mural Rabattable Woldy InnovaGoods maintenant avec Tupique en 3 versements sans int\u00e9r\u00eat.\" \/>\n<meta name=\"robots\" content=\"index, follow, max-snippet:-1, max-image-preview:large, max-video-preview:-1\" \/>\n<link rel=\"canonical\" href=\"https:\/\/tupique.com\/pt\/product\/bureau-mural-rabattable-woldy-innovagoods\/\" \/>\n<meta property=\"og:locale\" content=\"pt_PT\" \/>\n<meta property=\"og:type\" content=\"article\" \/>\n<meta property=\"og:title\" content=\"Bureau Mural Rabattable Woldy InnovaGoods | | Tupique\" \/>\n<meta property=\"og:description\" content=\"Envie d&#039;acheter Bureau Mural Rabattable Woldy InnovaGoods\u00a0? Achetez Bureau Mural Rabattable Woldy InnovaGoods maintenant avec Tupique en 3 versements sans int\u00e9r\u00eat.\" \/>\n<meta property=\"og:url\" content=\"https:\/\/tupique.com\/pt\/product\/bureau-mural-rabattable-woldy-innovagoods\/\" \/>\n<meta property=\"og:site_name\" content=\"Tupique\" \/>\n<meta property=\"article:modified_time\" content=\"2026-05-11T19:23:42+00:00\" \/>\n<meta name=\"twitter:card\" content=\"summary_large_image\" \/>\n<meta name=\"twitter:label1\" content=\"Tempo estimado de leitura\" \/>\n\t<meta name=\"twitter:data1\" content=\"1 minuto\" \/>\n<script type=\"application\/ld+json\" class=\"yoast-schema-graph\">{\"@context\":\"https:\\\/\\\/schema.org\",\"@graph\":[{\"@type\":\"WebPage\",\"@id\":\"https:\\\/\\\/tupique.com\\\/product\\\/bureau-mural-rabattable-woldy-innovagoods\\\/\",\"url\":\"https:\\\/\\\/tupique.com\\\/product\\\/bureau-mural-rabattable-woldy-innovagoods\\\/\",\"name\":\"Bureau Mural Rabattable Woldy InnovaGoods | | Tupique\",\"isPartOf\":{\"@id\":\"https:\\\/\\\/tupique.com\\\/#website\"},\"primaryImageOfPage\":{\"@id\":\"https:\\\/\\\/tupique.com\\\/product\\\/bureau-mural-rabattable-woldy-innovagoods\\\/#primaryimage\"},\"image\":{\"@id\":\"https:\\\/\\\/tupique.com\\\/product\\\/bureau-mural-rabattable-woldy-innovagoods\\\/#primaryimage\"},\"thumbnailUrl\":\"https:\\\/\\\/tupique.com\\\/wp-content\\\/uploads\\\/2026\\\/05\\\/V0100712_000_MKT6.jpg\",\"datePublished\":\"2026-05-11T09:20:59+00:00\",\"dateModified\":\"2026-05-11T19:23:42+00:00\",\"description\":\"Envie d'acheter Bureau Mural Rabattable Woldy InnovaGoods\u00a0? Achetez Bureau Mural Rabattable Woldy InnovaGoods maintenant avec Tupique en 3 versements sans int\u00e9r\u00eat.\",\"breadcrumb\":{\"@id\":\"https:\\\/\\\/tupique.com\\\/product\\\/bureau-mural-rabattable-woldy-innovagoods\\\/#breadcrumb\"},\"inLanguage\":\"pt-PT\",\"potentialAction\":[{\"@type\":\"ReadAction\",\"target\":[\"https:\\\/\\\/tupique.com\\\/product\\\/bureau-mural-rabattable-woldy-innovagoods\\\/\"]}]},{\"@type\":\"ImageObject\",\"inLanguage\":\"pt-PT\",\"@id\":\"https:\\\/\\\/tupique.com\\\/product\\\/bureau-mural-rabattable-woldy-innovagoods\\\/#primaryimage\",\"url\":\"https:\\\/\\\/tupique.com\\\/wp-content\\\/uploads\\\/2026\\\/05\\\/V0100712_000_MKT6.jpg\",\"contentUrl\":\"https:\\\/\\\/tupique.com\\\/wp-content\\\/uploads\\\/2026\\\/05\\\/V0100712_000_MKT6.jpg\",\"width\":1200,\"height\":1200,\"caption\":\"V0100712_0\"},{\"@type\":\"BreadcrumbList\",\"@id\":\"https:\\\/\\\/tupique.com\\\/product\\\/bureau-mural-rabattable-woldy-innovagoods\\\/#breadcrumb\",\"itemListElement\":[{\"@type\":\"ListItem\",\"position\":1,\"name\":\"commencer\",\"item\":\"https:\\\/\\\/tupique.com\\\/\"},{\"@type\":\"ListItem\",\"position\":2,\"name\":\"Loja\",\"item\":\"https:\\\/\\\/tupique.com\\\/loja\\\/\"},{\"@type\":\"ListItem\",\"position\":3,\"name\":\"Bureau Mural Rabattable Woldy InnovaGoods\"}]},{\"@type\":\"WebSite\",\"@id\":\"https:\\\/\\\/tupique.com\\\/#website\",\"url\":\"https:\\\/\\\/tupique.com\\\/\",\"name\":\"Tupique\",\"description\":\"\",\"publisher\":{\"@id\":\"https:\\\/\\\/tupique.com\\\/#organization\"},\"potentialAction\":[{\"@type\":\"SearchAction\",\"target\":{\"@type\":\"EntryPoint\",\"urlTemplate\":\"https:\\\/\\\/tupique.com\\\/?s={search_term_string}\"},\"query-input\":{\"@type\":\"PropertyValueSpecification\",\"valueRequired\":true,\"valueName\":\"search_term_string\"}}],\"inLanguage\":\"pt-PT\"},{\"@type\":\"Organization\",\"@id\":\"https:\\\/\\\/tupique.com\\\/#organization\",\"name\":\"Tupique\",\"url\":\"https:\\\/\\\/tupique.com\\\/\",\"logo\":{\"@type\":\"ImageObject\",\"inLanguage\":\"pt-PT\",\"@id\":\"https:\\\/\\\/tupique.com\\\/#\\\/schema\\\/logo\\\/image\\\/\",\"url\":\"https:\\\/\\\/tupique.com\\\/wp-content\\\/uploads\\\/2026\\\/03\\\/logo-tupique-1.webp\",\"contentUrl\":\"https:\\\/\\\/tupique.com\\\/wp-content\\\/uploads\\\/2026\\\/03\\\/logo-tupique-1.webp\",\"width\":500,\"height\":67,\"caption\":\"Tupique\"},\"image\":{\"@id\":\"https:\\\/\\\/tupique.com\\\/#\\\/schema\\\/logo\\\/image\\\/\"}}]}<\/script>\n<!-- \/ Yoast SEO plugin. -->","yoast_head_json":{"title":"Bureau Mural Rabattable Woldy InnovaGoods | | Tupique","description":"Envie d'acheter Bureau Mural Rabattable Woldy InnovaGoods\u00a0? Achetez Bureau Mural Rabattable Woldy InnovaGoods maintenant avec Tupique en 3 versements sans int\u00e9r\u00eat.","robots":{"index":"index","follow":"follow","max-snippet":"max-snippet:-1","max-image-preview":"max-image-preview:large","max-video-preview":"max-video-preview:-1"},"canonical":"https:\/\/tupique.com\/pt\/product\/bureau-mural-rabattable-woldy-innovagoods\/","og_locale":"pt_PT","og_type":"article","og_title":"Bureau Mural Rabattable Woldy InnovaGoods | | Tupique","og_description":"Envie d'acheter Bureau Mural Rabattable Woldy InnovaGoods\u00a0? Achetez Bureau Mural Rabattable Woldy InnovaGoods maintenant avec Tupique en 3 versements sans int\u00e9r\u00eat.","og_url":"https:\/\/tupique.com\/pt\/product\/bureau-mural-rabattable-woldy-innovagoods\/","og_site_name":"Tupique","article_modified_time":"2026-05-11T19:23:42+00:00","twitter_card":"summary_large_image","twitter_misc":{"Tempo estimado de leitura":"1 minuto"},"schema":{"@context":"https:\/\/schema.org","@graph":[{"@type":"WebPage","@id":"https:\/\/tupique.com\/product\/bureau-mural-rabattable-woldy-innovagoods\/","url":"https:\/\/tupique.com\/product\/bureau-mural-rabattable-woldy-innovagoods\/","name":"Bureau Mural Rabattable Woldy InnovaGoods | | Tupique","isPartOf":{"@id":"https:\/\/tupique.com\/#website"},"primaryImageOfPage":{"@id":"https:\/\/tupique.com\/product\/bureau-mural-rabattable-woldy-innovagoods\/#primaryimage"},"image":{"@id":"https:\/\/tupique.com\/product\/bureau-mural-rabattable-woldy-innovagoods\/#primaryimage"},"thumbnailUrl":"https:\/\/tupique.com\/wp-content\/uploads\/2026\/05\/V0100712_000_MKT6.jpg","datePublished":"2026-05-11T09:20:59+00:00","dateModified":"2026-05-11T19:23:42+00:00","description":"Envie d'acheter Bureau Mural Rabattable Woldy InnovaGoods\u00a0? Achetez Bureau Mural Rabattable Woldy InnovaGoods maintenant avec Tupique en 3 versements sans int\u00e9r\u00eat.","breadcrumb":{"@id":"https:\/\/tupique.com\/product\/bureau-mural-rabattable-woldy-innovagoods\/#breadcrumb"},"inLanguage":"pt-PT","potentialAction":[{"@type":"ReadAction","target":["https:\/\/tupique.com\/product\/bureau-mural-rabattable-woldy-innovagoods\/"]}]},{"@type":"ImageObject","inLanguage":"pt-PT","@id":"https:\/\/tupique.com\/product\/bureau-mural-rabattable-woldy-innovagoods\/#primaryimage","url":"https:\/\/tupique.com\/wp-content\/uploads\/2026\/05\/V0100712_000_MKT6.jpg","contentUrl":"https:\/\/tupique.com\/wp-content\/uploads\/2026\/05\/V0100712_000_MKT6.jpg","width":1200,"height":1200,"caption":"V0100712_0"},{"@type":"BreadcrumbList","@id":"https:\/\/tupique.com\/product\/bureau-mural-rabattable-woldy-innovagoods\/#breadcrumb","itemListElement":[{"@type":"ListItem","position":1,"name":"commencer","item":"https:\/\/tupique.com\/"},{"@type":"ListItem","position":2,"name":"Loja","item":"https:\/\/tupique.com\/loja\/"},{"@type":"ListItem","position":3,"name":"Bureau Mural Rabattable Woldy InnovaGoods"}]},{"@type":"WebSite","@id":"https:\/\/tupique.com\/#website","url":"https:\/\/tupique.com\/","name":"Tupique","description":"","publisher":{"@id":"https:\/\/tupique.com\/#organization"},"potentialAction":[{"@type":"SearchAction","target":{"@type":"EntryPoint","urlTemplate":"https:\/\/tupique.com\/?s={search_term_string}"},"query-input":{"@type":"PropertyValueSpecification","valueRequired":true,"valueName":"search_term_string"}}],"inLanguage":"pt-PT"},{"@type":"Organization","@id":"https:\/\/tupique.com\/#organization","name":"Tupique","url":"https:\/\/tupique.com\/","logo":{"@type":"ImageObject","inLanguage":"pt-PT","@id":"https:\/\/tupique.com\/#\/schema\/logo\/image\/","url":"https:\/\/tupique.com\/wp-content\/uploads\/2026\/03\/logo-tupique-1.webp","contentUrl":"https:\/\/tupique.com\/wp-content\/uploads\/2026\/03\/logo-tupique-1.webp","width":500,"height":67,"caption":"Tupique"},"image":{"@id":"https:\/\/tupique.com\/#\/schema\/logo\/image\/"}}]}},"_links":{"self":[{"href":"https:\/\/tupique.com\/pt\/wp-json\/wp\/v2\/product\/179157","targetHints":{"allow":["GET"]}}],"collection":[{"href":"https:\/\/tupique.com\/pt\/wp-json\/wp\/v2\/product"}],"about":[{"href":"https:\/\/tupique.com\/pt\/wp-json\/wp\/v2\/types\/product"}],"replies":[{"embeddable":true,"href":"https:\/\/tupique.com\/pt\/wp-json\/wp\/v2\/comments?post=179157"}],"wp:featuredmedia":[{"embeddable":true,"href":"https:\/\/tupique.com\/pt\/wp-json\/wp\/v2\/media\/179149"}],"wp:attachment":[{"href":"https:\/\/tupique.com\/pt\/wp-json\/wp\/v2\/media?parent=179157"}],"wp:term":[{"taxonomy":"product_brand","embeddable":true,"href":"https:\/\/tupique.com\/pt\/wp-json\/wp\/v2\/product_brand?post=179157"},{"taxonomy":"product_cat","embeddable":true,"href":"https:\/\/tupique.com\/pt\/wp-json\/wp\/v2\/product_cat?post=179157"},{"taxonomy":"product_tag","embeddable":true,"href":"https:\/\/tupique.com\/pt\/wp-json\/wp\/v2\/product_tag?post=179157"},{"taxonomy":"woo-feed-brand","embeddable":true,"href":"https:\/\/tupique.com\/pt\/wp-json\/wp\/v2\/woo-feed-brand?post=179157"}],"curies":[{"name":"wp","href":"https:\/\/api.w.org\/{rel}","templated":true}]}}