{"id":179265,"date":"2026-05-11T11:35:27","date_gmt":"2026-05-11T09:35:27","guid":{"rendered":"https:\/\/tupique.com\/product\/siege-de-massage-masseatsu-innovagoods\/"},"modified":"2026-05-11T21:23:43","modified_gmt":"2026-05-11T19:23:43","slug":"siege-de-massage-masseatsu-innovagoods","status":"publish","type":"product","link":"https:\/\/tupique.com\/pt\/product\/siege-de-massage-masseatsu-innovagoods\/","title":{"rendered":"Si\u00e8ge de Massage Masseatsu InnovaGoods"},"content":{"rendered":"<div class=\"col-md-6\"><b>InnovaGoods<\/b> vous facilite la t\u00e2che pour que votre soin personnel soit une priorit\u00e9 sans excuses. Il vous propose les meilleures nouveaut\u00e9s en mati\u00e8re de beaut\u00e9, de d\u00e9tente et de bien-\u00eatre ! <b>Si\u00e8ge de Massage Masseatsu InnovaGoods <\/b> en est un bon exemple ! D\u00e9couvrez une vaste gamme de produits de qualit\u00e9 qui se d\u00e9marquent de par leur fonctionnalit\u00e9, leur efficacit\u00e9 et leur design innovant.<\/p>\n<p>Ce masseur thermique est parfait pour d\u00e9tendre les muscles et obtenir une agr\u00e9able sensation de bien-\u00eatre. Il agit efficacement au niveau du cou, du dos, de la taille et des cuisses. Gr\u00e2ce \u00e0 son design, il permet de profiter d&#8217;un massage relaxant et revitalisant dans la voiture, au bureau ou \u00e0 la maison.  <\/p>\n<ul>\n<li>Mat\u00e9riel:\n<ul>\n<li>Polyester<\/li>\n<li>\u00c9ponge<\/li>\n<\/ul>\n<\/li>\n<li>Couleur: Noir<\/li>\n<li>Type: Masseur corporel<\/li>\n<li>Design moderne et ergonomique: Novateur et pratique<\/li>\n<li>Massage g\u00e9n\u00e9ral complet: Id\u00e9al pour le cou, le dos, les lombaires et les jambes<\/li>\n<li>Effets b\u00e9n\u00e9fiques: Soulagement, repos, d\u00e9tente et bien-\u00eatre<\/li>\n<li>Fonction massage: 5 Modes de massage<\/li>\n<li>Fonction chaleur: Utilisation facultative<\/li>\n<li>3 vitesses: Vitesse ajustable<\/li>\n<li>3 niveaux d&#8217;intensit\u00e9: Intensit\u00e9 r\u00e9glable<\/li>\n<li>Confort et commodit\u00e9: Touch\u00e9 doux et agr\u00e9able<\/li>\n<li>Caracter\u00edsticas:\n<ul>\n<li>T\u00e9l\u00e9commande \u00e0 fil<\/li>\n<li>Poche lat\u00e9rale pour garder la t\u00e9l\u00e9commande<\/li>\n<\/ul>\n<\/li>\n<li>Bandes \u00e9lastiques pour un ajustement parfait: Fixation ferme<\/li>\n<li>Facilit\u00e9 d&#8217;utilisation: Utilisation pratique et simple<\/li>\n<li>L\u00e9ger et maniable: Facile \u00e0 transporter et \u00e0 ranger<\/li>\n<li>Polyvalent et adaptable: Plusieurs fonctionnalit\u00e9s et espaces<\/li>\n<li>Originale et portative: Id\u00e9al pour le bureau, la maison, le t\u00e9l\u00e9travail, la voiture, etc.<\/li>\n<li>Inclut: Adaptateur pour voiture<\/li>\n<li>Fonctionne avec un adaptateur \u00e9lectrique (inclus): 100-240 V, 50-60 Hz, 200 mA<\/li>\n<li>Type de prise: C<\/li>\n<li>Longueur du c\u00e2ble: 195 cm<\/li>\n<li>puissance: 7 W<\/li>\n<li>tension: 12 V<\/li>\n<li>Dimensions approx.: 48 x 105 x 3 cm<\/li>\n<\/ul>\n<p>Packaging et manuel en 24 langues: anglais, fran\u00e7ais, espagnol, allemand, italien, portugais, n\u00e9erlandais, polonais, hongrois, roumain, danois, su\u00e9dois, finnois, lituanien, norv\u00e9gien, slov\u00e8ne, grec, tch\u00e8que, bulgare, croate, slovaque, estonien, russe, letton.<\/p><\/div>\n<div class=\"col-md-6\">\n<div class=\"embed-responsive embed-responsive-16by9\"><iframe class=\"embed-responsive-item\" src=\"https:\/\/www.youtube.com\/embed\/lfWOTzfAkI0\" frameborder=\"0\" allowfullscreen><\/iframe><\/div>\n<\/div>","protected":false},"excerpt":{"rendered":"<p>InnovaGoods vous facilite la t\u00e2che pour que votre soin personnel soit une priorit\u00e9 sans excuses. Il vous propose les meilleures nouveaut\u00e9s en mati\u00e8re de beaut\u00e9, de d\u00e9tente et de bien-\u00eatre ! Si\u00e8ge de Massage Masseatsu InnovaGoods en est un bon exemple ! D\u00e9couvrez une vaste gamme de produits de qualit\u00e9 qui se d\u00e9marquent de par [&hellip;]<\/p>\n","protected":false},"featured_media":179257,"comment_status":"open","ping_status":"closed","template":"","meta":[],"product_brand":[256],"product_cat":[1765,63,1825,776,1838,752,1826,1839,1764,1796],"product_tag":[213,208,106,164],"class_list":{"0":"post-179265","1":"product","2":"type-product","3":"status-publish","4":"has-post-thumbnail","6":"product_brand-brandp_1281","7":"product_cat-accessoires-pour-voitures","8":"product_cat-cadeaux-originaux","9":"product_cat-cadeaux-pour-soins-personnels","10":"product_cat-detente-et-bien-etre","11":"product_cat-masseurs","12":"product_cat-sante-beaute","13":"product_cat-teleachat-vu-a-la-television-sante-et-beaute-teleshop","14":"product_cat-sieges-et-accessoires-pour-vehicules","15":"product_cat-sports-loisirs","16":"product_cat-teleachat-vu-a-la-television","17":"product_tag-tag_933","18":"product_tag-tag_587","19":"product_tag-tag_1295","20":"product_tag-tag_152","22":"first","23":"instock","24":"taxable","25":"shipping-taxable","26":"purchasable","27":"product-type-simple"},"yoast_head":"<!-- This site is optimized with the Yoast SEO plugin v27.5 - https:\/\/yoast.com\/product\/yoast-seo-wordpress\/ -->\n<title>Si\u00e8ge de Massage Masseatsu InnovaGoods - Tupique<\/title>\n<meta name=\"robots\" content=\"index, follow, max-snippet:-1, max-image-preview:large, max-video-preview:-1\" \/>\n<link rel=\"canonical\" href=\"https:\/\/tupique.com\/pt\/product\/siege-de-massage-masseatsu-innovagoods\/\" \/>\n<meta property=\"og:locale\" content=\"pt_PT\" \/>\n<meta property=\"og:type\" content=\"article\" \/>\n<meta property=\"og:title\" content=\"Si\u00e8ge de Massage Masseatsu InnovaGoods - Tupique\" \/>\n<meta property=\"og:description\" content=\"InnovaGoods vous facilite la t\u00e2che pour que votre soin personnel soit une priorit\u00e9 sans excuses. Il vous propose les meilleures nouveaut\u00e9s en mati\u00e8re de beaut\u00e9, de d\u00e9tente et de bien-\u00eatre ! Si\u00e8ge de Massage Masseatsu InnovaGoods en est un bon exemple ! D\u00e9couvrez une vaste gamme de produits de qualit\u00e9 qui se d\u00e9marquent de par [&hellip;]\" \/>\n<meta property=\"og:url\" content=\"https:\/\/tupique.com\/pt\/product\/siege-de-massage-masseatsu-innovagoods\/\" \/>\n<meta property=\"og:site_name\" content=\"Tupique\" \/>\n<meta property=\"article:modified_time\" content=\"2026-05-11T19:23:43+00:00\" \/>\n<meta name=\"twitter:card\" content=\"summary_large_image\" \/>\n<meta name=\"twitter:label1\" content=\"Tempo estimado de leitura\" \/>\n\t<meta name=\"twitter:data1\" content=\"2 minutos\" \/>\n<script type=\"application\/ld+json\" class=\"yoast-schema-graph\">{\"@context\":\"https:\\\/\\\/schema.org\",\"@graph\":[{\"@type\":\"WebPage\",\"@id\":\"https:\\\/\\\/tupique.com\\\/product\\\/siege-de-massage-masseatsu-innovagoods\\\/\",\"url\":\"https:\\\/\\\/tupique.com\\\/product\\\/siege-de-massage-masseatsu-innovagoods\\\/\",\"name\":\"Si\u00e8ge de Massage Masseatsu InnovaGoods - Tupique\",\"isPartOf\":{\"@id\":\"https:\\\/\\\/tupique.com\\\/#website\"},\"primaryImageOfPage\":{\"@id\":\"https:\\\/\\\/tupique.com\\\/product\\\/siege-de-massage-masseatsu-innovagoods\\\/#primaryimage\"},\"image\":{\"@id\":\"https:\\\/\\\/tupique.com\\\/product\\\/siege-de-massage-masseatsu-innovagoods\\\/#primaryimage\"},\"thumbnailUrl\":\"https:\\\/\\\/tupique.com\\\/wp-content\\\/uploads\\\/2026\\\/05\\\/V0100925_020_MKT7.jpg\",\"datePublished\":\"2026-05-11T09:35:27+00:00\",\"dateModified\":\"2026-05-11T19:23:43+00:00\",\"breadcrumb\":{\"@id\":\"https:\\\/\\\/tupique.com\\\/product\\\/siege-de-massage-masseatsu-innovagoods\\\/#breadcrumb\"},\"inLanguage\":\"pt-PT\",\"potentialAction\":[{\"@type\":\"ReadAction\",\"target\":[\"https:\\\/\\\/tupique.com\\\/product\\\/siege-de-massage-masseatsu-innovagoods\\\/\"]}]},{\"@type\":\"ImageObject\",\"inLanguage\":\"pt-PT\",\"@id\":\"https:\\\/\\\/tupique.com\\\/product\\\/siege-de-massage-masseatsu-innovagoods\\\/#primaryimage\",\"url\":\"https:\\\/\\\/tupique.com\\\/wp-content\\\/uploads\\\/2026\\\/05\\\/V0100925_020_MKT7.jpg\",\"contentUrl\":\"https:\\\/\\\/tupique.com\\\/wp-content\\\/uploads\\\/2026\\\/05\\\/V0100925_020_MKT7.jpg\",\"width\":1200,\"height\":1200,\"caption\":\"V0100925_0\"},{\"@type\":\"BreadcrumbList\",\"@id\":\"https:\\\/\\\/tupique.com\\\/product\\\/siege-de-massage-masseatsu-innovagoods\\\/#breadcrumb\",\"itemListElement\":[{\"@type\":\"ListItem\",\"position\":1,\"name\":\"commencer\",\"item\":\"https:\\\/\\\/tupique.com\\\/\"},{\"@type\":\"ListItem\",\"position\":2,\"name\":\"Loja\",\"item\":\"https:\\\/\\\/tupique.com\\\/loja\\\/\"},{\"@type\":\"ListItem\",\"position\":3,\"name\":\"Si\u00e8ge de Massage Masseatsu InnovaGoods\"}]},{\"@type\":\"WebSite\",\"@id\":\"https:\\\/\\\/tupique.com\\\/#website\",\"url\":\"https:\\\/\\\/tupique.com\\\/\",\"name\":\"Tupique\",\"description\":\"\",\"publisher\":{\"@id\":\"https:\\\/\\\/tupique.com\\\/#organization\"},\"potentialAction\":[{\"@type\":\"SearchAction\",\"target\":{\"@type\":\"EntryPoint\",\"urlTemplate\":\"https:\\\/\\\/tupique.com\\\/?s={search_term_string}\"},\"query-input\":{\"@type\":\"PropertyValueSpecification\",\"valueRequired\":true,\"valueName\":\"search_term_string\"}}],\"inLanguage\":\"pt-PT\"},{\"@type\":\"Organization\",\"@id\":\"https:\\\/\\\/tupique.com\\\/#organization\",\"name\":\"Tupique\",\"url\":\"https:\\\/\\\/tupique.com\\\/\",\"logo\":{\"@type\":\"ImageObject\",\"inLanguage\":\"pt-PT\",\"@id\":\"https:\\\/\\\/tupique.com\\\/#\\\/schema\\\/logo\\\/image\\\/\",\"url\":\"https:\\\/\\\/tupique.com\\\/wp-content\\\/uploads\\\/2026\\\/03\\\/logo-tupique-1.webp\",\"contentUrl\":\"https:\\\/\\\/tupique.com\\\/wp-content\\\/uploads\\\/2026\\\/03\\\/logo-tupique-1.webp\",\"width\":500,\"height\":67,\"caption\":\"Tupique\"},\"image\":{\"@id\":\"https:\\\/\\\/tupique.com\\\/#\\\/schema\\\/logo\\\/image\\\/\"}}]}<\/script>\n<!-- \/ Yoast SEO plugin. -->","yoast_head_json":{"title":"Si\u00e8ge de Massage Masseatsu InnovaGoods - Tupique","robots":{"index":"index","follow":"follow","max-snippet":"max-snippet:-1","max-image-preview":"max-image-preview:large","max-video-preview":"max-video-preview:-1"},"canonical":"https:\/\/tupique.com\/pt\/product\/siege-de-massage-masseatsu-innovagoods\/","og_locale":"pt_PT","og_type":"article","og_title":"Si\u00e8ge de Massage Masseatsu InnovaGoods - Tupique","og_description":"InnovaGoods vous facilite la t\u00e2che pour que votre soin personnel soit une priorit\u00e9 sans excuses. Il vous propose les meilleures nouveaut\u00e9s en mati\u00e8re de beaut\u00e9, de d\u00e9tente et de bien-\u00eatre ! Si\u00e8ge de Massage Masseatsu InnovaGoods en est un bon exemple ! D\u00e9couvrez une vaste gamme de produits de qualit\u00e9 qui se d\u00e9marquent de par [&hellip;]","og_url":"https:\/\/tupique.com\/pt\/product\/siege-de-massage-masseatsu-innovagoods\/","og_site_name":"Tupique","article_modified_time":"2026-05-11T19:23:43+00:00","twitter_card":"summary_large_image","twitter_misc":{"Tempo estimado de leitura":"2 minutos"},"schema":{"@context":"https:\/\/schema.org","@graph":[{"@type":"WebPage","@id":"https:\/\/tupique.com\/product\/siege-de-massage-masseatsu-innovagoods\/","url":"https:\/\/tupique.com\/product\/siege-de-massage-masseatsu-innovagoods\/","name":"Si\u00e8ge de Massage Masseatsu InnovaGoods - Tupique","isPartOf":{"@id":"https:\/\/tupique.com\/#website"},"primaryImageOfPage":{"@id":"https:\/\/tupique.com\/product\/siege-de-massage-masseatsu-innovagoods\/#primaryimage"},"image":{"@id":"https:\/\/tupique.com\/product\/siege-de-massage-masseatsu-innovagoods\/#primaryimage"},"thumbnailUrl":"https:\/\/tupique.com\/wp-content\/uploads\/2026\/05\/V0100925_020_MKT7.jpg","datePublished":"2026-05-11T09:35:27+00:00","dateModified":"2026-05-11T19:23:43+00:00","breadcrumb":{"@id":"https:\/\/tupique.com\/product\/siege-de-massage-masseatsu-innovagoods\/#breadcrumb"},"inLanguage":"pt-PT","potentialAction":[{"@type":"ReadAction","target":["https:\/\/tupique.com\/product\/siege-de-massage-masseatsu-innovagoods\/"]}]},{"@type":"ImageObject","inLanguage":"pt-PT","@id":"https:\/\/tupique.com\/product\/siege-de-massage-masseatsu-innovagoods\/#primaryimage","url":"https:\/\/tupique.com\/wp-content\/uploads\/2026\/05\/V0100925_020_MKT7.jpg","contentUrl":"https:\/\/tupique.com\/wp-content\/uploads\/2026\/05\/V0100925_020_MKT7.jpg","width":1200,"height":1200,"caption":"V0100925_0"},{"@type":"BreadcrumbList","@id":"https:\/\/tupique.com\/product\/siege-de-massage-masseatsu-innovagoods\/#breadcrumb","itemListElement":[{"@type":"ListItem","position":1,"name":"commencer","item":"https:\/\/tupique.com\/"},{"@type":"ListItem","position":2,"name":"Loja","item":"https:\/\/tupique.com\/loja\/"},{"@type":"ListItem","position":3,"name":"Si\u00e8ge de Massage Masseatsu InnovaGoods"}]},{"@type":"WebSite","@id":"https:\/\/tupique.com\/#website","url":"https:\/\/tupique.com\/","name":"Tupique","description":"","publisher":{"@id":"https:\/\/tupique.com\/#organization"},"potentialAction":[{"@type":"SearchAction","target":{"@type":"EntryPoint","urlTemplate":"https:\/\/tupique.com\/?s={search_term_string}"},"query-input":{"@type":"PropertyValueSpecification","valueRequired":true,"valueName":"search_term_string"}}],"inLanguage":"pt-PT"},{"@type":"Organization","@id":"https:\/\/tupique.com\/#organization","name":"Tupique","url":"https:\/\/tupique.com\/","logo":{"@type":"ImageObject","inLanguage":"pt-PT","@id":"https:\/\/tupique.com\/#\/schema\/logo\/image\/","url":"https:\/\/tupique.com\/wp-content\/uploads\/2026\/03\/logo-tupique-1.webp","contentUrl":"https:\/\/tupique.com\/wp-content\/uploads\/2026\/03\/logo-tupique-1.webp","width":500,"height":67,"caption":"Tupique"},"image":{"@id":"https:\/\/tupique.com\/#\/schema\/logo\/image\/"}}]}},"_links":{"self":[{"href":"https:\/\/tupique.com\/pt\/wp-json\/wp\/v2\/product\/179265","targetHints":{"allow":["GET"]}}],"collection":[{"href":"https:\/\/tupique.com\/pt\/wp-json\/wp\/v2\/product"}],"about":[{"href":"https:\/\/tupique.com\/pt\/wp-json\/wp\/v2\/types\/product"}],"replies":[{"embeddable":true,"href":"https:\/\/tupique.com\/pt\/wp-json\/wp\/v2\/comments?post=179265"}],"wp:featuredmedia":[{"embeddable":true,"href":"https:\/\/tupique.com\/pt\/wp-json\/wp\/v2\/media\/179257"}],"wp:attachment":[{"href":"https:\/\/tupique.com\/pt\/wp-json\/wp\/v2\/media?parent=179265"}],"wp:term":[{"taxonomy":"product_brand","embeddable":true,"href":"https:\/\/tupique.com\/pt\/wp-json\/wp\/v2\/product_brand?post=179265"},{"taxonomy":"product_cat","embeddable":true,"href":"https:\/\/tupique.com\/pt\/wp-json\/wp\/v2\/product_cat?post=179265"},{"taxonomy":"product_tag","embeddable":true,"href":"https:\/\/tupique.com\/pt\/wp-json\/wp\/v2\/product_tag?post=179265"}],"curies":[{"name":"wp","href":"https:\/\/api.w.org\/{rel}","templated":true}]}}