{"id":179267,"date":"2026-05-11T11:35:29","date_gmt":"2026-05-11T09:35:29","guid":{"rendered":"https:\/\/tupique.com\/product\/ventilateur-de-bureau-sp-artic-305-jet-30w-noir\/"},"modified":"2026-05-11T21:13:47","modified_gmt":"2026-05-11T19:13:47","slug":"ventilateur-de-bureau-sp-artic-305-jet-30w-noir","status":"publish","type":"product","link":"https:\/\/tupique.com\/pt\/product\/ventilateur-de-bureau-sp-artic-305-jet-30w-noir\/","title":{"rendered":"Ventilateur de Bureau S&amp;P ARTIC-305 JET 30W Noir"},"content":{"rendered":"<p>Si vous recherchez des \u00e9lectrom\u00e9nagers pour votre maison aux meilleurs prix, ne manquez pas <b>Ventilateur de Bureau S&amp;P ARTIC-305 JET 30W Noir<\/b> et une large s\u00e9lection de petits \u00e9lectrom\u00e9nagers de qualit\u00e9 !<\/p>\n<ul>\n<li>Anses: Oui<\/li>\n<li>Minuterie: 15 h<\/li>\n<li>puissance: 30 W<\/li>\n<li>diam\u00e8tre approx.: \u00d8 45 cm<\/li>\n<li>Inclinable: 0\u00ba-90\u00ba<\/li>\n<li>Tipo:\n<ul>\n<li>Ventilateur de Bureau<\/li>\n<li>Ventilateur sur Pied<\/li>\n<li>T\u00e9l\u00e9commande<\/li>\n<li>Ventillateur<\/li>\n<\/ul>\n<\/li>\n<li>Couleur: Blanc<\/li>\n<li>Type de prise: Prise EU<\/li>\n<li>Vitesse:\n<ul>\n<li>12 vitesses<\/li>\n<li>3 vitesses<\/li>\n<\/ul>\n<\/li>\n<li>Produit \u00e0 brancher: Oui<\/li>\n<li>Bloc d\u2019Alimentation: r\u00e9seau \u00e9lectrique<\/li>\n<li>Guillemets: 7<\/li>\n<li>Largeur: 35 cm<\/li>\n<li>Caracter\u00edsticas:\n<ul>\n<li>\u00c9cran LED<\/li>\n<li>Commande par boutons<\/li>\n<li>\u00c9cran integr\u00e9<\/li>\n<li>Poign\u00e9e<\/li>\n<\/ul>\n<\/li>\n<li>Tension: 230 V<\/li>\n<li>Fr\u00e9quence: 50 &#8211; 60 Hz<\/li>\n<li>Inclut:\n<ul>\n<li>T\u00e9l\u00e9commande<\/li>\n<li>Minuterie<\/li>\n<\/ul>\n<\/li>\n<li>consommation d&#8217;\u00e9nergie: 30 kWh<\/li>\n<li>\u00c9lev\u00e9: 40 cm<\/li>\n<li>Poids approx.: 300 gr<\/li>\n<li>Tension d&#8217;entr\u00e9e AC: 230 V<\/li>\n<\/ul>\n<p><\/p>\n<p>Soler &amp; Palau ARTIC-305 JET. Type: Ventilateur \u00e0 lame domestique, Couleur du produit: Noir, Blanc, Positionnement: Sol, Table. Type de source d&#8217;alimentation: Secteur, Consommation \u00e9lectrique typique: 30 W, Tension d&#8217;entr\u00e9e AC: 230 V. Largeur: 350 mm, Profondeur: 320 mm, Hauteur: 400 mm<\/p>\n<p><\/p>\n<ul>\n<li>Type: Ventilateur \u00e0 lame domestique<\/li>\n<li>Couleur du produit: Noir, Blanc<\/li>\n<li>Positionnement: Sol, Table<\/li>\n<li>Nombre de vitesses: 12<\/li>\n<li>Auto oscillant: Oui<\/li>\n<li>R\u00e9glage de la hauteur: Non<\/li>\n<li>Niveau sonore: 53 dB<\/li>\n<li>Diam\u00e8tre du ventilateur: 27 cm<\/li>\n<li>Flux d&#8217;air: 2100 m\u00b3\/h<\/li>\n<li>Plage d&#8217;oscillation: 90\u00b0<\/li>\n<li>Type de commande: Boutons<\/li>\n<li>Nombre de pales de ventilateur: 7<\/li>\n<li>Minuteur: Oui<\/li>\n<li>Affichage de la dur\u00e9e maximale: 15 h<\/li>\n<li>Poign\u00e9e(s): Oui<\/li>\n<li>\u00c9cran integr\u00e9: Oui<\/li>\n<li>\u00c9cran: LED<\/li>\n<li>Pieds: Oui<\/li>\n<li>Type de source d&#8217;alimentation: Secteur<\/li>\n<li>Consommation \u00e9lectrique typique: 30 W<\/li>\n<li>Tension d&#8217;entr\u00e9e AC: 230 V<\/li>\n<li>Fr\u00e9quence d&#8217;entr\u00e9e AC: 50 &#8211; 60 Hz<\/li>\n<li>Largeur: 350 mm<\/li>\n<li>Profondeur: 320 mm<\/li>\n<li>Hauteur: 400 mm<\/li>\n<li>Poids: 300 g<\/li>\n<li>T\u00e9l\u00e9commande: Oui<\/li>\n<\/ul>","protected":false},"excerpt":{"rendered":"<p>Si vous recherchez des \u00e9lectrom\u00e9nagers pour votre maison aux meilleurs prix, ne manquez pas Ventilateur de Bureau S&amp;P ARTIC-305 JET 30W Noir et une large s\u00e9lection de petits \u00e9lectrom\u00e9nagers de qualit\u00e9 ! Anses: Oui Minuterie: 15 h puissance: 30 W diam\u00e8tre approx.: \u00d8 45 cm Inclinable: 0\u00ba-90\u00ba Type: Ventilateur de Bureau Ventilateur sur Pied T\u00e9l\u00e9commande [&hellip;]<\/p>\n","protected":false},"featured_media":179266,"comment_status":"open","ping_status":"closed","template":"","meta":[],"product_brand":[1412],"product_cat":[732,1334,239],"product_tag":[721,210],"woo-feed-brand":[],"class_list":{"0":"post-179267","1":"product","2":"type-product","3":"status-publish","4":"has-post-thumbnail","6":"product_brand-brandp_1181","7":"product_cat-climatisation-et-chauffage","8":"product_cat-climatiseurs-et-ventilateurs","9":"product_cat-maison-jardin","10":"product_tag-tag_124","11":"product_tag-tag_25","13":"first","14":"instock","15":"taxable","16":"shipping-taxable","17":"purchasable","18":"product-type-simple"},"yoast_head":"<!-- This site is optimized with the Yoast SEO plugin v27.5 - https:\/\/yoast.com\/product\/yoast-seo-wordpress\/ -->\n<title>Ventilateur de Bureau S&amp;P ARTIC-305 JET 30W Noir | | Tupique<\/title>\n<meta name=\"description\" content=\"Envie d&#039;acheter Ventilateur de Bureau S&amp;P ARTIC-305 JET 30W Noir\u00a0? Achetez Ventilateur de Bureau S&amp;P ARTIC-305 JET 30W Noir maintenant avec Tupique en 3 versements sans int\u00e9r\u00eat.\" \/>\n<meta name=\"robots\" content=\"index, follow, max-snippet:-1, max-image-preview:large, max-video-preview:-1\" \/>\n<link rel=\"canonical\" href=\"https:\/\/tupique.com\/pt\/product\/ventilateur-de-bureau-sp-artic-305-jet-30w-noir\/\" \/>\n<meta property=\"og:locale\" content=\"pt_PT\" \/>\n<meta property=\"og:type\" content=\"article\" \/>\n<meta property=\"og:title\" content=\"Ventilateur de Bureau S&amp;P ARTIC-305 JET 30W Noir | | Tupique\" \/>\n<meta property=\"og:description\" content=\"Envie d&#039;acheter Ventilateur de Bureau S&amp;P ARTIC-305 JET 30W Noir\u00a0? Achetez Ventilateur de Bureau S&amp;P ARTIC-305 JET 30W Noir maintenant avec Tupique en 3 versements sans int\u00e9r\u00eat.\" \/>\n<meta property=\"og:url\" content=\"https:\/\/tupique.com\/pt\/product\/ventilateur-de-bureau-sp-artic-305-jet-30w-noir\/\" \/>\n<meta property=\"og:site_name\" content=\"Tupique\" \/>\n<meta property=\"article:modified_time\" content=\"2026-05-11T19:13:47+00:00\" \/>\n<meta name=\"twitter:card\" content=\"summary_large_image\" \/>\n<meta name=\"twitter:label1\" content=\"Tempo estimado de leitura\" \/>\n\t<meta name=\"twitter:data1\" content=\"1 minuto\" \/>\n<script type=\"application\/ld+json\" class=\"yoast-schema-graph\">{\"@context\":\"https:\\\/\\\/schema.org\",\"@graph\":[{\"@type\":\"WebPage\",\"@id\":\"https:\\\/\\\/tupique.com\\\/product\\\/ventilateur-de-bureau-sp-artic-305-jet-30w-noir\\\/\",\"url\":\"https:\\\/\\\/tupique.com\\\/product\\\/ventilateur-de-bureau-sp-artic-305-jet-30w-noir\\\/\",\"name\":\"Ventilateur de Bureau S&amp;P ARTIC-305 JET 30W Noir | | Tupique\",\"isPartOf\":{\"@id\":\"https:\\\/\\\/tupique.com\\\/#website\"},\"primaryImageOfPage\":{\"@id\":\"https:\\\/\\\/tupique.com\\\/product\\\/ventilateur-de-bureau-sp-artic-305-jet-30w-noir\\\/#primaryimage\"},\"image\":{\"@id\":\"https:\\\/\\\/tupique.com\\\/product\\\/ventilateur-de-bureau-sp-artic-305-jet-30w-noir\\\/#primaryimage\"},\"thumbnailUrl\":\"https:\\\/\\\/tupique.com\\\/wp-content\\\/uploads\\\/2026\\\/05\\\/8413873979391_P02.jpg\",\"datePublished\":\"2026-05-11T09:35:29+00:00\",\"dateModified\":\"2026-05-11T19:13:47+00:00\",\"description\":\"Envie d'acheter Ventilateur de Bureau S&amp;P ARTIC-305 JET 30W Noir\u00a0? Achetez Ventilateur de Bureau S&amp;P ARTIC-305 JET 30W Noir maintenant avec Tupique en 3 versements sans int\u00e9r\u00eat.\",\"breadcrumb\":{\"@id\":\"https:\\\/\\\/tupique.com\\\/product\\\/ventilateur-de-bureau-sp-artic-305-jet-30w-noir\\\/#breadcrumb\"},\"inLanguage\":\"pt-PT\",\"potentialAction\":[{\"@type\":\"ReadAction\",\"target\":[\"https:\\\/\\\/tupique.com\\\/product\\\/ventilateur-de-bureau-sp-artic-305-jet-30w-noir\\\/\"]}]},{\"@type\":\"ImageObject\",\"inLanguage\":\"pt-PT\",\"@id\":\"https:\\\/\\\/tupique.com\\\/product\\\/ventilateur-de-bureau-sp-artic-305-jet-30w-noir\\\/#primaryimage\",\"url\":\"https:\\\/\\\/tupique.com\\\/wp-content\\\/uploads\\\/2026\\\/05\\\/8413873979391_P02.jpg\",\"contentUrl\":\"https:\\\/\\\/tupique.com\\\/wp-content\\\/uploads\\\/2026\\\/05\\\/8413873979391_P02.jpg\",\"width\":1200,\"height\":1200,\"caption\":\"S0415648_0\"},{\"@type\":\"BreadcrumbList\",\"@id\":\"https:\\\/\\\/tupique.com\\\/product\\\/ventilateur-de-bureau-sp-artic-305-jet-30w-noir\\\/#breadcrumb\",\"itemListElement\":[{\"@type\":\"ListItem\",\"position\":1,\"name\":\"commencer\",\"item\":\"https:\\\/\\\/tupique.com\\\/\"},{\"@type\":\"ListItem\",\"position\":2,\"name\":\"Loja\",\"item\":\"https:\\\/\\\/tupique.com\\\/loja\\\/\"},{\"@type\":\"ListItem\",\"position\":3,\"name\":\"Ventilateur de Bureau S&amp;P ARTIC-305 JET 30W Noir\"}]},{\"@type\":\"WebSite\",\"@id\":\"https:\\\/\\\/tupique.com\\\/#website\",\"url\":\"https:\\\/\\\/tupique.com\\\/\",\"name\":\"Tupique\",\"description\":\"\",\"publisher\":{\"@id\":\"https:\\\/\\\/tupique.com\\\/#organization\"},\"potentialAction\":[{\"@type\":\"SearchAction\",\"target\":{\"@type\":\"EntryPoint\",\"urlTemplate\":\"https:\\\/\\\/tupique.com\\\/?s={search_term_string}\"},\"query-input\":{\"@type\":\"PropertyValueSpecification\",\"valueRequired\":true,\"valueName\":\"search_term_string\"}}],\"inLanguage\":\"pt-PT\"},{\"@type\":\"Organization\",\"@id\":\"https:\\\/\\\/tupique.com\\\/#organization\",\"name\":\"Tupique\",\"url\":\"https:\\\/\\\/tupique.com\\\/\",\"logo\":{\"@type\":\"ImageObject\",\"inLanguage\":\"pt-PT\",\"@id\":\"https:\\\/\\\/tupique.com\\\/#\\\/schema\\\/logo\\\/image\\\/\",\"url\":\"https:\\\/\\\/tupique.com\\\/wp-content\\\/uploads\\\/2026\\\/03\\\/logo-tupique-1.webp\",\"contentUrl\":\"https:\\\/\\\/tupique.com\\\/wp-content\\\/uploads\\\/2026\\\/03\\\/logo-tupique-1.webp\",\"width\":500,\"height\":67,\"caption\":\"Tupique\"},\"image\":{\"@id\":\"https:\\\/\\\/tupique.com\\\/#\\\/schema\\\/logo\\\/image\\\/\"}}]}<\/script>\n<!-- \/ Yoast SEO plugin. -->","yoast_head_json":{"title":"Ventilateur de Bureau S&amp;P ARTIC-305 JET 30W Noir | | Tupique","description":"Envie d'acheter Ventilateur de Bureau S&amp;P ARTIC-305 JET 30W Noir\u00a0? Achetez Ventilateur de Bureau S&amp;P ARTIC-305 JET 30W Noir maintenant avec Tupique en 3 versements sans int\u00e9r\u00eat.","robots":{"index":"index","follow":"follow","max-snippet":"max-snippet:-1","max-image-preview":"max-image-preview:large","max-video-preview":"max-video-preview:-1"},"canonical":"https:\/\/tupique.com\/pt\/product\/ventilateur-de-bureau-sp-artic-305-jet-30w-noir\/","og_locale":"pt_PT","og_type":"article","og_title":"Ventilateur de Bureau S&amp;P ARTIC-305 JET 30W Noir | | Tupique","og_description":"Envie d'acheter Ventilateur de Bureau S&amp;P ARTIC-305 JET 30W Noir\u00a0? Achetez Ventilateur de Bureau S&amp;P ARTIC-305 JET 30W Noir maintenant avec Tupique en 3 versements sans int\u00e9r\u00eat.","og_url":"https:\/\/tupique.com\/pt\/product\/ventilateur-de-bureau-sp-artic-305-jet-30w-noir\/","og_site_name":"Tupique","article_modified_time":"2026-05-11T19:13:47+00:00","twitter_card":"summary_large_image","twitter_misc":{"Tempo estimado de leitura":"1 minuto"},"schema":{"@context":"https:\/\/schema.org","@graph":[{"@type":"WebPage","@id":"https:\/\/tupique.com\/product\/ventilateur-de-bureau-sp-artic-305-jet-30w-noir\/","url":"https:\/\/tupique.com\/product\/ventilateur-de-bureau-sp-artic-305-jet-30w-noir\/","name":"Ventilateur de Bureau S&amp;P ARTIC-305 JET 30W Noir | | Tupique","isPartOf":{"@id":"https:\/\/tupique.com\/#website"},"primaryImageOfPage":{"@id":"https:\/\/tupique.com\/product\/ventilateur-de-bureau-sp-artic-305-jet-30w-noir\/#primaryimage"},"image":{"@id":"https:\/\/tupique.com\/product\/ventilateur-de-bureau-sp-artic-305-jet-30w-noir\/#primaryimage"},"thumbnailUrl":"https:\/\/tupique.com\/wp-content\/uploads\/2026\/05\/8413873979391_P02.jpg","datePublished":"2026-05-11T09:35:29+00:00","dateModified":"2026-05-11T19:13:47+00:00","description":"Envie d'acheter Ventilateur de Bureau S&amp;P ARTIC-305 JET 30W Noir\u00a0? Achetez Ventilateur de Bureau S&amp;P ARTIC-305 JET 30W Noir maintenant avec Tupique en 3 versements sans int\u00e9r\u00eat.","breadcrumb":{"@id":"https:\/\/tupique.com\/product\/ventilateur-de-bureau-sp-artic-305-jet-30w-noir\/#breadcrumb"},"inLanguage":"pt-PT","potentialAction":[{"@type":"ReadAction","target":["https:\/\/tupique.com\/product\/ventilateur-de-bureau-sp-artic-305-jet-30w-noir\/"]}]},{"@type":"ImageObject","inLanguage":"pt-PT","@id":"https:\/\/tupique.com\/product\/ventilateur-de-bureau-sp-artic-305-jet-30w-noir\/#primaryimage","url":"https:\/\/tupique.com\/wp-content\/uploads\/2026\/05\/8413873979391_P02.jpg","contentUrl":"https:\/\/tupique.com\/wp-content\/uploads\/2026\/05\/8413873979391_P02.jpg","width":1200,"height":1200,"caption":"S0415648_0"},{"@type":"BreadcrumbList","@id":"https:\/\/tupique.com\/product\/ventilateur-de-bureau-sp-artic-305-jet-30w-noir\/#breadcrumb","itemListElement":[{"@type":"ListItem","position":1,"name":"commencer","item":"https:\/\/tupique.com\/"},{"@type":"ListItem","position":2,"name":"Loja","item":"https:\/\/tupique.com\/loja\/"},{"@type":"ListItem","position":3,"name":"Ventilateur de Bureau S&amp;P ARTIC-305 JET 30W Noir"}]},{"@type":"WebSite","@id":"https:\/\/tupique.com\/#website","url":"https:\/\/tupique.com\/","name":"Tupique","description":"","publisher":{"@id":"https:\/\/tupique.com\/#organization"},"potentialAction":[{"@type":"SearchAction","target":{"@type":"EntryPoint","urlTemplate":"https:\/\/tupique.com\/?s={search_term_string}"},"query-input":{"@type":"PropertyValueSpecification","valueRequired":true,"valueName":"search_term_string"}}],"inLanguage":"pt-PT"},{"@type":"Organization","@id":"https:\/\/tupique.com\/#organization","name":"Tupique","url":"https:\/\/tupique.com\/","logo":{"@type":"ImageObject","inLanguage":"pt-PT","@id":"https:\/\/tupique.com\/#\/schema\/logo\/image\/","url":"https:\/\/tupique.com\/wp-content\/uploads\/2026\/03\/logo-tupique-1.webp","contentUrl":"https:\/\/tupique.com\/wp-content\/uploads\/2026\/03\/logo-tupique-1.webp","width":500,"height":67,"caption":"Tupique"},"image":{"@id":"https:\/\/tupique.com\/#\/schema\/logo\/image\/"}}]}},"_links":{"self":[{"href":"https:\/\/tupique.com\/pt\/wp-json\/wp\/v2\/product\/179267","targetHints":{"allow":["GET"]}}],"collection":[{"href":"https:\/\/tupique.com\/pt\/wp-json\/wp\/v2\/product"}],"about":[{"href":"https:\/\/tupique.com\/pt\/wp-json\/wp\/v2\/types\/product"}],"replies":[{"embeddable":true,"href":"https:\/\/tupique.com\/pt\/wp-json\/wp\/v2\/comments?post=179267"}],"wp:featuredmedia":[{"embeddable":true,"href":"https:\/\/tupique.com\/pt\/wp-json\/wp\/v2\/media\/179266"}],"wp:attachment":[{"href":"https:\/\/tupique.com\/pt\/wp-json\/wp\/v2\/media?parent=179267"}],"wp:term":[{"taxonomy":"product_brand","embeddable":true,"href":"https:\/\/tupique.com\/pt\/wp-json\/wp\/v2\/product_brand?post=179267"},{"taxonomy":"product_cat","embeddable":true,"href":"https:\/\/tupique.com\/pt\/wp-json\/wp\/v2\/product_cat?post=179267"},{"taxonomy":"product_tag","embeddable":true,"href":"https:\/\/tupique.com\/pt\/wp-json\/wp\/v2\/product_tag?post=179267"},{"taxonomy":"woo-feed-brand","embeddable":true,"href":"https:\/\/tupique.com\/pt\/wp-json\/wp\/v2\/woo-feed-brand?post=179267"}],"curies":[{"name":"wp","href":"https:\/\/api.w.org\/{rel}","templated":true}]}}