{"id":179481,"date":"2026-05-11T11:53:30","date_gmt":"2026-05-11T09:53:30","guid":{"rendered":"https:\/\/tupique.com\/product\/tondeuse-de-precision-avec-led-pour-poils-du-visage-innovagoods\/"},"modified":"2026-05-11T21:23:43","modified_gmt":"2026-05-11T19:23:43","slug":"tondeuse-de-precision-avec-led-pour-poils-du-visage-innovagoods","status":"publish","type":"product","link":"https:\/\/tupique.com\/pt\/product\/tondeuse-de-precision-avec-led-pour-poils-du-visage-innovagoods\/","title":{"rendered":"Tondeuse de Pr\u00e9cision avec LED pour Poils du Visage InnovaGoods"},"content":{"rendered":"<div class=\"col-md-6\"><b>InnovaGoods<\/b> vous facilite la t\u00e2che pour que votre soin personnel soit une priorit\u00e9 sans excuses. Il vous propose les meilleures nouveaut\u00e9s en mati\u00e8re de beaut\u00e9, de d\u00e9tente et de bien-\u00eatre ! <b>Tondeuse de Pr\u00e9cision avec LED pour Poils du Visage InnovaGoods <\/b> en est un bon exemple ! D\u00e9couvrez une vaste gamme de produits de qualit\u00e9 qui se d\u00e9marquent de par leur fonctionnalit\u00e9, leur efficacit\u00e9 et leur design innovant.<\/p>\n<p>Tr\u00e8s commode et pratique pour facilement \u00e9liminer les poils des sourcils et du visage sans douleur. De plus, en raison de sa petite taille et de son design innovant, il prend peu de place et peut \u00eatre discr\u00e8tement emport\u00e9 dans son sac.<\/p>\n<ul>\n<li>Mat\u00e9riel: ABS<\/li>\n<li>Couleur:\n<ul>\n<li>Blanc<\/li>\n<li>Dor\u00e9<\/li>\n<\/ul>\n<\/li>\n<li>Type: \u00c9pilateur \u00e9lectrique<\/li>\n<li>Caract\u00e9ristiques: Indolore<\/li>\n<li>Lumi\u00e8re blanche: Voyant LED d&#8217;affichage<\/li>\n<li>Un seul Bouton: Bouton on\/off<\/li>\n<li>Inclut: Petite brosse de nettoyage<\/li>\n<li>Originale et portative: Sans fils<\/li>\n<li>Nombre de batteries: 1<\/li>\n<li>Type de batterie: AAA<\/li>\n<li>Piles incluses: Oui<\/li>\n<li>Dimensions approx.: \u00d82 x 12,5 cm<\/li>\n<\/ul>\n<p>Packaging et manuel en 24 langues: anglais, fran\u00e7ais, espagnol, allemand, italien, portugais, n\u00e9erlandais, polonais, hongrois, roumain, danois, su\u00e9dois, finnois, lituanien, norv\u00e9gien, slov\u00e8ne, grec, tch\u00e8que, bulgare, croate, slovaque, estonien, russe, letton.<\/p><\/div>\n<div class=\"col-md-6\">\n<div class=\"embed-responsive embed-responsive-16by9\"><iframe class=\"embed-responsive-item\" src=\"https:\/\/www.youtube.com\/embed\/BPkKKnBwwQ8\" frameborder=\"0\" allowfullscreen><\/iframe><\/div>\n<\/div>","protected":false},"excerpt":{"rendered":"<p>InnovaGoods vous facilite la t\u00e2che pour que votre soin personnel soit une priorit\u00e9 sans excuses. Il vous propose les meilleures nouveaut\u00e9s en mati\u00e8re de beaut\u00e9, de d\u00e9tente et de bien-\u00eatre ! Tondeuse de Pr\u00e9cision avec LED pour Poils du Visage InnovaGoods en est un bon exemple ! D\u00e9couvrez une vaste gamme de produits de qualit\u00e9 [&hellip;]<\/p>\n","protected":false},"featured_media":179474,"comment_status":"open","ping_status":"closed","template":"","meta":[],"product_brand":[256],"product_cat":[63,1825,1060,1059,752,1826,1796],"product_tag":[722,56],"woo-feed-brand":[],"class_list":{"0":"post-179481","1":"product","2":"type-product","3":"status-publish","4":"has-post-thumbnail","6":"product_brand-brandp_1281","7":"product_cat-cadeaux-originaux","8":"product_cat-cadeaux-pour-soins-personnels","9":"product_cat-epilation-et-rasage","10":"product_cat-esthetique-et-traitements-corporels","11":"product_cat-sante-beaute","12":"product_cat-teleachat-vu-a-la-television-sante-et-beaute-teleshop","13":"product_cat-teleachat-vu-a-la-television","14":"product_tag-tag_923","15":"product_tag-tag_930","17":"first","18":"instock","19":"taxable","20":"shipping-taxable","21":"purchasable","22":"product-type-simple"},"yoast_head":"<!-- This site is optimized with the Yoast SEO plugin v27.6 - https:\/\/yoast.com\/product\/yoast-seo-wordpress\/ -->\n<title>Tondeuse de Pr\u00e9cision avec LED pour Poils du Visage InnovaGoods | | Tupique<\/title>\n<meta name=\"description\" content=\"Envie d&#039;acheter Tondeuse de Pr\u00e9cision avec LED pour Poils du Visage InnovaGoods\u00a0? Achetez Tondeuse de Pr\u00e9cision avec LED pour Poils du Visage InnovaGoods maintenant avec Tupique en 3 versements sans int\u00e9r\u00eat.\" \/>\n<meta name=\"robots\" content=\"index, follow, max-snippet:-1, max-image-preview:large, max-video-preview:-1\" \/>\n<link rel=\"canonical\" href=\"https:\/\/tupique.com\/pt\/product\/tondeuse-de-precision-avec-led-pour-poils-du-visage-innovagoods\/\" \/>\n<meta property=\"og:locale\" content=\"pt_PT\" \/>\n<meta property=\"og:type\" content=\"article\" \/>\n<meta property=\"og:title\" content=\"Tondeuse de Pr\u00e9cision avec LED pour Poils du Visage InnovaGoods | | Tupique\" \/>\n<meta property=\"og:description\" content=\"Envie d&#039;acheter Tondeuse de Pr\u00e9cision avec LED pour Poils du Visage InnovaGoods\u00a0? Achetez Tondeuse de Pr\u00e9cision avec LED pour Poils du Visage InnovaGoods maintenant avec Tupique en 3 versements sans int\u00e9r\u00eat.\" \/>\n<meta property=\"og:url\" content=\"https:\/\/tupique.com\/pt\/product\/tondeuse-de-precision-avec-led-pour-poils-du-visage-innovagoods\/\" \/>\n<meta property=\"og:site_name\" content=\"Tupique\" \/>\n<meta property=\"article:modified_time\" content=\"2026-05-11T19:23:43+00:00\" \/>\n<meta property=\"og:image\" content=\"https:\/\/tupique.com\/wp-content\/uploads\/2026\/05\/V0101131_000_MKT3.jpg\" \/>\n\t<meta property=\"og:image:width\" content=\"1200\" \/>\n\t<meta property=\"og:image:height\" content=\"1200\" \/>\n\t<meta property=\"og:image:type\" content=\"image\/jpeg\" \/>\n<meta name=\"twitter:card\" content=\"summary_large_image\" \/>\n<meta name=\"twitter:label1\" content=\"Tempo estimado de leitura\" \/>\n\t<meta name=\"twitter:data1\" content=\"1 minuto\" \/>\n<script type=\"application\/ld+json\" class=\"yoast-schema-graph\">{\"@context\":\"https:\\\/\\\/schema.org\",\"@graph\":[{\"@type\":\"WebPage\",\"@id\":\"https:\\\/\\\/tupique.com\\\/pt\\\/product\\\/tondeuse-de-precision-avec-led-pour-poils-du-visage-innovagoods\\\/\",\"url\":\"https:\\\/\\\/tupique.com\\\/pt\\\/product\\\/tondeuse-de-precision-avec-led-pour-poils-du-visage-innovagoods\\\/\",\"name\":\"Tondeuse de Pr\u00e9cision avec LED pour Poils du Visage InnovaGoods | | Tupique\",\"isPartOf\":{\"@id\":\"https:\\\/\\\/tupique.com\\\/#website\"},\"primaryImageOfPage\":{\"@id\":\"https:\\\/\\\/tupique.com\\\/pt\\\/product\\\/tondeuse-de-precision-avec-led-pour-poils-du-visage-innovagoods\\\/#primaryimage\"},\"image\":{\"@id\":\"https:\\\/\\\/tupique.com\\\/pt\\\/product\\\/tondeuse-de-precision-avec-led-pour-poils-du-visage-innovagoods\\\/#primaryimage\"},\"thumbnailUrl\":\"https:\\\/\\\/tupique.com\\\/wp-content\\\/uploads\\\/2026\\\/05\\\/V0101131_000_MKT3.jpg\",\"datePublished\":\"2026-05-11T09:53:30+00:00\",\"dateModified\":\"2026-05-11T19:23:43+00:00\",\"description\":\"Envie d'acheter Tondeuse de Pr\u00e9cision avec LED pour Poils du Visage InnovaGoods\u00a0? Achetez Tondeuse de Pr\u00e9cision avec LED pour Poils du Visage InnovaGoods maintenant avec Tupique en 3 versements sans int\u00e9r\u00eat.\",\"breadcrumb\":{\"@id\":\"https:\\\/\\\/tupique.com\\\/pt\\\/product\\\/tondeuse-de-precision-avec-led-pour-poils-du-visage-innovagoods\\\/#breadcrumb\"},\"inLanguage\":\"pt-PT\",\"potentialAction\":[{\"@type\":\"ReadAction\",\"target\":[\"https:\\\/\\\/tupique.com\\\/pt\\\/product\\\/tondeuse-de-precision-avec-led-pour-poils-du-visage-innovagoods\\\/\"]}]},{\"@type\":\"ImageObject\",\"inLanguage\":\"pt-PT\",\"@id\":\"https:\\\/\\\/tupique.com\\\/pt\\\/product\\\/tondeuse-de-precision-avec-led-pour-poils-du-visage-innovagoods\\\/#primaryimage\",\"url\":\"https:\\\/\\\/tupique.com\\\/wp-content\\\/uploads\\\/2026\\\/05\\\/V0101131_000_MKT3.jpg\",\"contentUrl\":\"https:\\\/\\\/tupique.com\\\/wp-content\\\/uploads\\\/2026\\\/05\\\/V0101131_000_MKT3.jpg\",\"width\":1200,\"height\":1200,\"caption\":\"V0101131_0\"},{\"@type\":\"BreadcrumbList\",\"@id\":\"https:\\\/\\\/tupique.com\\\/pt\\\/product\\\/tondeuse-de-precision-avec-led-pour-poils-du-visage-innovagoods\\\/#breadcrumb\",\"itemListElement\":[{\"@type\":\"ListItem\",\"position\":1,\"name\":\"commencer\",\"item\":\"https:\\\/\\\/tupique.com\\\/\"},{\"@type\":\"ListItem\",\"position\":2,\"name\":\"Loja\",\"item\":\"https:\\\/\\\/tupique.com\\\/pt\\\/loja\\\/\"},{\"@type\":\"ListItem\",\"position\":3,\"name\":\"Tondeuse de Pr\u00e9cision avec LED pour Poils du Visage InnovaGoods\"}]},{\"@type\":\"WebSite\",\"@id\":\"https:\\\/\\\/tupique.com\\\/#website\",\"url\":\"https:\\\/\\\/tupique.com\\\/\",\"name\":\"Tupique\",\"description\":\"\",\"publisher\":{\"@id\":\"https:\\\/\\\/tupique.com\\\/#organization\"},\"potentialAction\":[{\"@type\":\"SearchAction\",\"target\":{\"@type\":\"EntryPoint\",\"urlTemplate\":\"https:\\\/\\\/tupique.com\\\/?s={search_term_string}\"},\"query-input\":{\"@type\":\"PropertyValueSpecification\",\"valueRequired\":true,\"valueName\":\"search_term_string\"}}],\"inLanguage\":\"pt-PT\"},{\"@type\":\"Organization\",\"@id\":\"https:\\\/\\\/tupique.com\\\/#organization\",\"name\":\"Tupique\",\"url\":\"https:\\\/\\\/tupique.com\\\/\",\"logo\":{\"@type\":\"ImageObject\",\"inLanguage\":\"pt-PT\",\"@id\":\"https:\\\/\\\/tupique.com\\\/#\\\/schema\\\/logo\\\/image\\\/\",\"url\":\"https:\\\/\\\/tupique.com\\\/wp-content\\\/uploads\\\/2026\\\/03\\\/logo-tupique-1.webp\",\"contentUrl\":\"https:\\\/\\\/tupique.com\\\/wp-content\\\/uploads\\\/2026\\\/03\\\/logo-tupique-1.webp\",\"width\":500,\"height\":67,\"caption\":\"Tupique\"},\"image\":{\"@id\":\"https:\\\/\\\/tupique.com\\\/#\\\/schema\\\/logo\\\/image\\\/\"}}]}<\/script>\n<!-- \/ Yoast SEO plugin. -->","yoast_head_json":{"title":"Tondeuse de Pr\u00e9cision avec LED pour Poils du Visage InnovaGoods | | Tupique","description":"Envie d'acheter Tondeuse de Pr\u00e9cision avec LED pour Poils du Visage InnovaGoods\u00a0? Achetez Tondeuse de Pr\u00e9cision avec LED pour Poils du Visage InnovaGoods maintenant avec Tupique en 3 versements sans int\u00e9r\u00eat.","robots":{"index":"index","follow":"follow","max-snippet":"max-snippet:-1","max-image-preview":"max-image-preview:large","max-video-preview":"max-video-preview:-1"},"canonical":"https:\/\/tupique.com\/pt\/product\/tondeuse-de-precision-avec-led-pour-poils-du-visage-innovagoods\/","og_locale":"pt_PT","og_type":"article","og_title":"Tondeuse de Pr\u00e9cision avec LED pour Poils du Visage InnovaGoods | | Tupique","og_description":"Envie d'acheter Tondeuse de Pr\u00e9cision avec LED pour Poils du Visage InnovaGoods\u00a0? Achetez Tondeuse de Pr\u00e9cision avec LED pour Poils du Visage InnovaGoods maintenant avec Tupique en 3 versements sans int\u00e9r\u00eat.","og_url":"https:\/\/tupique.com\/pt\/product\/tondeuse-de-precision-avec-led-pour-poils-du-visage-innovagoods\/","og_site_name":"Tupique","article_modified_time":"2026-05-11T19:23:43+00:00","og_image":[{"width":1200,"height":1200,"url":"https:\/\/tupique.com\/wp-content\/uploads\/2026\/05\/V0101131_000_MKT3.jpg","type":"image\/jpeg"}],"twitter_card":"summary_large_image","twitter_misc":{"Tempo estimado de leitura":"1 minuto"},"schema":{"@context":"https:\/\/schema.org","@graph":[{"@type":"WebPage","@id":"https:\/\/tupique.com\/pt\/product\/tondeuse-de-precision-avec-led-pour-poils-du-visage-innovagoods\/","url":"https:\/\/tupique.com\/pt\/product\/tondeuse-de-precision-avec-led-pour-poils-du-visage-innovagoods\/","name":"Tondeuse de Pr\u00e9cision avec LED pour Poils du Visage InnovaGoods | | Tupique","isPartOf":{"@id":"https:\/\/tupique.com\/#website"},"primaryImageOfPage":{"@id":"https:\/\/tupique.com\/pt\/product\/tondeuse-de-precision-avec-led-pour-poils-du-visage-innovagoods\/#primaryimage"},"image":{"@id":"https:\/\/tupique.com\/pt\/product\/tondeuse-de-precision-avec-led-pour-poils-du-visage-innovagoods\/#primaryimage"},"thumbnailUrl":"https:\/\/tupique.com\/wp-content\/uploads\/2026\/05\/V0101131_000_MKT3.jpg","datePublished":"2026-05-11T09:53:30+00:00","dateModified":"2026-05-11T19:23:43+00:00","description":"Envie d'acheter Tondeuse de Pr\u00e9cision avec LED pour Poils du Visage InnovaGoods\u00a0? Achetez Tondeuse de Pr\u00e9cision avec LED pour Poils du Visage InnovaGoods maintenant avec Tupique en 3 versements sans int\u00e9r\u00eat.","breadcrumb":{"@id":"https:\/\/tupique.com\/pt\/product\/tondeuse-de-precision-avec-led-pour-poils-du-visage-innovagoods\/#breadcrumb"},"inLanguage":"pt-PT","potentialAction":[{"@type":"ReadAction","target":["https:\/\/tupique.com\/pt\/product\/tondeuse-de-precision-avec-led-pour-poils-du-visage-innovagoods\/"]}]},{"@type":"ImageObject","inLanguage":"pt-PT","@id":"https:\/\/tupique.com\/pt\/product\/tondeuse-de-precision-avec-led-pour-poils-du-visage-innovagoods\/#primaryimage","url":"https:\/\/tupique.com\/wp-content\/uploads\/2026\/05\/V0101131_000_MKT3.jpg","contentUrl":"https:\/\/tupique.com\/wp-content\/uploads\/2026\/05\/V0101131_000_MKT3.jpg","width":1200,"height":1200,"caption":"V0101131_0"},{"@type":"BreadcrumbList","@id":"https:\/\/tupique.com\/pt\/product\/tondeuse-de-precision-avec-led-pour-poils-du-visage-innovagoods\/#breadcrumb","itemListElement":[{"@type":"ListItem","position":1,"name":"commencer","item":"https:\/\/tupique.com\/"},{"@type":"ListItem","position":2,"name":"Loja","item":"https:\/\/tupique.com\/pt\/loja\/"},{"@type":"ListItem","position":3,"name":"Tondeuse de Pr\u00e9cision avec LED pour Poils du Visage InnovaGoods"}]},{"@type":"WebSite","@id":"https:\/\/tupique.com\/#website","url":"https:\/\/tupique.com\/","name":"Tupique","description":"","publisher":{"@id":"https:\/\/tupique.com\/#organization"},"potentialAction":[{"@type":"SearchAction","target":{"@type":"EntryPoint","urlTemplate":"https:\/\/tupique.com\/?s={search_term_string}"},"query-input":{"@type":"PropertyValueSpecification","valueRequired":true,"valueName":"search_term_string"}}],"inLanguage":"pt-PT"},{"@type":"Organization","@id":"https:\/\/tupique.com\/#organization","name":"Tupique","url":"https:\/\/tupique.com\/","logo":{"@type":"ImageObject","inLanguage":"pt-PT","@id":"https:\/\/tupique.com\/#\/schema\/logo\/image\/","url":"https:\/\/tupique.com\/wp-content\/uploads\/2026\/03\/logo-tupique-1.webp","contentUrl":"https:\/\/tupique.com\/wp-content\/uploads\/2026\/03\/logo-tupique-1.webp","width":500,"height":67,"caption":"Tupique"},"image":{"@id":"https:\/\/tupique.com\/#\/schema\/logo\/image\/"}}]}},"_links":{"self":[{"href":"https:\/\/tupique.com\/pt\/wp-json\/wp\/v2\/product\/179481","targetHints":{"allow":["GET"]}}],"collection":[{"href":"https:\/\/tupique.com\/pt\/wp-json\/wp\/v2\/product"}],"about":[{"href":"https:\/\/tupique.com\/pt\/wp-json\/wp\/v2\/types\/product"}],"replies":[{"embeddable":true,"href":"https:\/\/tupique.com\/pt\/wp-json\/wp\/v2\/comments?post=179481"}],"wp:featuredmedia":[{"embeddable":true,"href":"https:\/\/tupique.com\/pt\/wp-json\/wp\/v2\/media\/179474"}],"wp:attachment":[{"href":"https:\/\/tupique.com\/pt\/wp-json\/wp\/v2\/media?parent=179481"}],"wp:term":[{"taxonomy":"product_brand","embeddable":true,"href":"https:\/\/tupique.com\/pt\/wp-json\/wp\/v2\/product_brand?post=179481"},{"taxonomy":"product_cat","embeddable":true,"href":"https:\/\/tupique.com\/pt\/wp-json\/wp\/v2\/product_cat?post=179481"},{"taxonomy":"product_tag","embeddable":true,"href":"https:\/\/tupique.com\/pt\/wp-json\/wp\/v2\/product_tag?post=179481"},{"taxonomy":"woo-feed-brand","embeddable":true,"href":"https:\/\/tupique.com\/pt\/wp-json\/wp\/v2\/woo-feed-brand?post=179481"}],"curies":[{"name":"wp","href":"https:\/\/api.w.org\/{rel}","templated":true}]}}