{"id":179518,"date":"2026-05-11T11:55:03","date_gmt":"2026-05-11T09:55:03","guid":{"rendered":"https:\/\/tupique.com\/product\/masseur-de-cou-et-de-dos-electromagnetique-calmagner-innovagoods\/"},"modified":"2026-05-11T21:23:43","modified_gmt":"2026-05-11T19:23:43","slug":"masseur-de-cou-et-de-dos-electromagnetique-calmagner-innovagoods","status":"publish","type":"product","link":"https:\/\/tupique.com\/pt\/product\/masseur-de-cou-et-de-dos-electromagnetique-calmagner-innovagoods\/","title":{"rendered":"Amaciador Eletromagn\u00e9tico para Pesco\u00e7o e Costas Calmagner InnovaGoods"},"content":{"rendered":"<div class=\"col-md-6\"><b>InnovaGoods<\/b> vous facilite la t\u00e2che pour que votre soin personnel soit une priorit\u00e9 sans excuses. Il vous propose les meilleures nouveaut\u00e9s en mati\u00e8re de beaut\u00e9, de d\u00e9tente et de bien-\u00eatre ! <b>Amaciador Eletromagn\u00e9tico para Pesco\u00e7o e Costas Calmagner InnovaGoods <\/b> en est un bon exemple ! D\u00e9couvrez une vaste gamme de produits de qualit\u00e9 qui se d\u00e9marquent de par leur fonctionnalit\u00e9, leur efficacit\u00e9 et leur design innovant.<\/p>\n<p>Un masseur innovant qui d\u00e9tend et masse en profondeur avec des impulsions \u00e9lectromagn\u00e9tiques de basse fr\u00e9quence pr\u00e9cises et efficaces. Agit sur les points cl\u00e9 du cou, les cervicales et le dos, ind\u00e9pendamment ou silmutan\u00e9ment, procurant une agr\u00e9able sensation de bien-\u00eatre.<\/p>\n<ul>\n<li>Mat\u00e9riel:\n<ul>\n<li>ABS<\/li>\n<li>Acier inoxydable<\/li>\n<\/ul>\n<\/li>\n<li>Couleur:\n<ul>\n<li>Blanc<\/li>\n<li>Noir<\/li>\n<\/ul>\n<\/li>\n<li>Type: Masseur \u00c9lectrique<\/li>\n<li>Caract\u00e9ristiques: Ergonomique<\/li>\n<li>Utilisation principale: Id\u00e9al pour le cou, le dos, \u00e9paules&#8230;<\/li>\n<li>Inclut: 2 \u00e9lectrodes et 4 patchs conducteurs<\/li>\n<li>Multifonction:\n<ul>\n<li>6 Modes de massage<\/li>\n<li>16 niveaux d&#8217;intensit\u00e9<\/li>\n<\/ul>\n<\/li>\n<li>Nombre de batteries: 2<\/li>\n<li>Type de batterie: AAA<\/li>\n<li>Piles incluses: Non<\/li>\n<li>Largeur d&#8217;impulsion: 20-400 \u00b5s<\/li>\n<li>Fr\u00e9quence d&#8217;impulsion: 0-1000 Hz<\/li>\n<li>Puissance maximale par impulsion: \u2264300 mJ<\/li>\n<li>Intensit\u00e9 du champ magn\u00e9tique: 0,01 T<\/li>\n<li>Dimensions approx.: 17 x 14 x 5 cm<\/li>\n<\/ul>\n<p>Packaging et manuel en 24 langues: anglais, fran\u00e7ais, espagnol, allemand, italien, portugais, n\u00e9erlandais, polonais, hongrois, roumain, danois, su\u00e9dois, finnois, lituanien, norv\u00e9gien, slov\u00e8ne, grec, tch\u00e8que, bulgare, croate, slovaque, estonien, russe, letton.<\/p><\/div>\n<div class=\"col-md-6\">\n<div class=\"embed-responsive embed-responsive-16by9\"><iframe class=\"embed-responsive-item\" src=\"https:\/\/www.youtube.com\/embed\/q42zrm4v4KQ\" frameborder=\"0\" allowfullscreen><\/iframe><\/div>\n<\/div>","protected":false},"excerpt":{"rendered":"<p>InnovaGoods vous facilite la t\u00e2che pour que votre soin personnel soit une priorit\u00e9 sans excuses. Il vous propose les meilleures nouveaut\u00e9s en mati\u00e8re de beaut\u00e9, de d\u00e9tente et de bien-\u00eatre ! Masseur de Cou et de Dos \u00c9lectromagn\u00e9tique Calmagner InnovaGoods en est un bon exemple ! D\u00e9couvrez une vaste gamme de produits de qualit\u00e9 qui [&hellip;]<\/p>\n","protected":false},"featured_media":179511,"comment_status":"open","ping_status":"closed","template":"","meta":[],"product_brand":[256],"product_cat":[63,1825,776,1838,752,1826,1796],"product_tag":[165],"woo-feed-brand":[],"class_list":{"0":"post-179518","1":"product","2":"type-product","3":"status-publish","4":"has-post-thumbnail","6":"product_brand-brandp_1281","7":"product_cat-cadeaux-originaux","8":"product_cat-cadeaux-pour-soins-personnels","9":"product_cat-detente-et-bien-etre","10":"product_cat-masseurs","11":"product_cat-sante-beaute","12":"product_cat-teleachat-vu-a-la-television-sante-et-beaute-teleshop","13":"product_cat-teleachat-vu-a-la-television","14":"product_tag-tag_69","16":"first","17":"instock","18":"taxable","19":"shipping-taxable","20":"purchasable","21":"product-type-simple"},"yoast_head":"<!-- This site is optimized with the Yoast SEO plugin v27.6 - https:\/\/yoast.com\/product\/yoast-seo-wordpress\/ -->\n<title>Masseur de Cou et de Dos \u00c9lectromagn\u00e9tique Calmagner InnovaGoods | | Tupique<\/title>\n<meta name=\"description\" content=\"Envie d&#039;acheter Masseur de Cou et de Dos \u00c9lectromagn\u00e9tique Calmagner InnovaGoods\u00a0? Achetez Masseur de Cou et de Dos \u00c9lectromagn\u00e9tique Calmagner InnovaGoods maintenant avec Tupique en 3 versements sans int\u00e9r\u00eat.\" \/>\n<meta name=\"robots\" content=\"index, follow, max-snippet:-1, max-image-preview:large, max-video-preview:-1\" \/>\n<link rel=\"canonical\" href=\"https:\/\/tupique.com\/pt\/product\/masseur-de-cou-et-de-dos-electromagnetique-calmagner-innovagoods\/\" \/>\n<meta property=\"og:locale\" content=\"pt_PT\" \/>\n<meta property=\"og:type\" content=\"article\" \/>\n<meta property=\"og:title\" content=\"Masseur de Cou et de Dos \u00c9lectromagn\u00e9tique Calmagner InnovaGoods | | Tupique\" \/>\n<meta property=\"og:description\" content=\"Envie d&#039;acheter Masseur de Cou et de Dos \u00c9lectromagn\u00e9tique Calmagner InnovaGoods\u00a0? Achetez Masseur de Cou et de Dos \u00c9lectromagn\u00e9tique Calmagner InnovaGoods maintenant avec Tupique en 3 versements sans int\u00e9r\u00eat.\" \/>\n<meta property=\"og:url\" content=\"https:\/\/tupique.com\/pt\/product\/masseur-de-cou-et-de-dos-electromagnetique-calmagner-innovagoods\/\" \/>\n<meta property=\"og:site_name\" content=\"Tupique\" \/>\n<meta property=\"article:modified_time\" content=\"2026-05-11T19:23:43+00:00\" \/>\n<meta property=\"og:image\" content=\"https:\/\/tupique.com\/wp-content\/uploads\/2026\/05\/V0101180_000_MKT4.jpg\" \/>\n\t<meta property=\"og:image:width\" content=\"1200\" \/>\n\t<meta property=\"og:image:height\" content=\"1200\" \/>\n\t<meta property=\"og:image:type\" content=\"image\/jpeg\" \/>\n<meta name=\"twitter:card\" content=\"summary_large_image\" \/>\n<meta name=\"twitter:label1\" content=\"Tempo estimado de leitura\" \/>\n\t<meta name=\"twitter:data1\" content=\"1 minuto\" \/>\n<script type=\"application\/ld+json\" class=\"yoast-schema-graph\">{\"@context\":\"https:\\\/\\\/schema.org\",\"@graph\":[{\"@type\":\"WebPage\",\"@id\":\"https:\\\/\\\/tupique.com\\\/en\\\/product\\\/masseur-de-cou-et-de-dos-electromagnetique-calmagner-innovagoods\\\/\",\"url\":\"https:\\\/\\\/tupique.com\\\/en\\\/product\\\/masseur-de-cou-et-de-dos-electromagnetique-calmagner-innovagoods\\\/\",\"name\":\"Masseur de Cou et de Dos \u00c9lectromagn\u00e9tique Calmagner InnovaGoods | | Tupique\",\"isPartOf\":{\"@id\":\"https:\\\/\\\/tupique.com\\\/#website\"},\"primaryImageOfPage\":{\"@id\":\"https:\\\/\\\/tupique.com\\\/en\\\/product\\\/masseur-de-cou-et-de-dos-electromagnetique-calmagner-innovagoods\\\/#primaryimage\"},\"image\":{\"@id\":\"https:\\\/\\\/tupique.com\\\/en\\\/product\\\/masseur-de-cou-et-de-dos-electromagnetique-calmagner-innovagoods\\\/#primaryimage\"},\"thumbnailUrl\":\"https:\\\/\\\/tupique.com\\\/wp-content\\\/uploads\\\/2026\\\/05\\\/V0101180_000_MKT4.jpg\",\"datePublished\":\"2026-05-11T09:55:03+00:00\",\"dateModified\":\"2026-05-11T19:23:43+00:00\",\"description\":\"Envie d'acheter Masseur de Cou et de Dos \u00c9lectromagn\u00e9tique Calmagner InnovaGoods\u00a0? Achetez Masseur de Cou et de Dos \u00c9lectromagn\u00e9tique Calmagner InnovaGoods maintenant avec Tupique en 3 versements sans int\u00e9r\u00eat.\",\"breadcrumb\":{\"@id\":\"https:\\\/\\\/tupique.com\\\/en\\\/product\\\/masseur-de-cou-et-de-dos-electromagnetique-calmagner-innovagoods\\\/#breadcrumb\"},\"inLanguage\":\"pt-PT\",\"potentialAction\":[{\"@type\":\"ReadAction\",\"target\":[\"https:\\\/\\\/tupique.com\\\/en\\\/product\\\/masseur-de-cou-et-de-dos-electromagnetique-calmagner-innovagoods\\\/\"]}]},{\"@type\":\"ImageObject\",\"inLanguage\":\"pt-PT\",\"@id\":\"https:\\\/\\\/tupique.com\\\/en\\\/product\\\/masseur-de-cou-et-de-dos-electromagnetique-calmagner-innovagoods\\\/#primaryimage\",\"url\":\"https:\\\/\\\/tupique.com\\\/wp-content\\\/uploads\\\/2026\\\/05\\\/V0101180_000_MKT4.jpg\",\"contentUrl\":\"https:\\\/\\\/tupique.com\\\/wp-content\\\/uploads\\\/2026\\\/05\\\/V0101180_000_MKT4.jpg\",\"width\":1200,\"height\":1200,\"caption\":\"V0101180_0\"},{\"@type\":\"BreadcrumbList\",\"@id\":\"https:\\\/\\\/tupique.com\\\/en\\\/product\\\/masseur-de-cou-et-de-dos-electromagnetique-calmagner-innovagoods\\\/#breadcrumb\",\"itemListElement\":[{\"@type\":\"ListItem\",\"position\":1,\"name\":\"commencer\",\"item\":\"https:\\\/\\\/tupique.com\\\/\"},{\"@type\":\"ListItem\",\"position\":2,\"name\":\"Loja\",\"item\":\"https:\\\/\\\/tupique.com\\\/pt\\\/loja\\\/\"},{\"@type\":\"ListItem\",\"position\":3,\"name\":\"Masseur de Cou et de Dos \u00c9lectromagn\u00e9tique Calmagner InnovaGoods\"}]},{\"@type\":\"WebSite\",\"@id\":\"https:\\\/\\\/tupique.com\\\/#website\",\"url\":\"https:\\\/\\\/tupique.com\\\/\",\"name\":\"Tupique\",\"description\":\"\",\"publisher\":{\"@id\":\"https:\\\/\\\/tupique.com\\\/#organization\"},\"potentialAction\":[{\"@type\":\"SearchAction\",\"target\":{\"@type\":\"EntryPoint\",\"urlTemplate\":\"https:\\\/\\\/tupique.com\\\/?s={search_term_string}\"},\"query-input\":{\"@type\":\"PropertyValueSpecification\",\"valueRequired\":true,\"valueName\":\"search_term_string\"}}],\"inLanguage\":\"pt-PT\"},{\"@type\":\"Organization\",\"@id\":\"https:\\\/\\\/tupique.com\\\/#organization\",\"name\":\"Tupique\",\"url\":\"https:\\\/\\\/tupique.com\\\/\",\"logo\":{\"@type\":\"ImageObject\",\"inLanguage\":\"pt-PT\",\"@id\":\"https:\\\/\\\/tupique.com\\\/#\\\/schema\\\/logo\\\/image\\\/\",\"url\":\"https:\\\/\\\/tupique.com\\\/wp-content\\\/uploads\\\/2026\\\/03\\\/logo-tupique-1.webp\",\"contentUrl\":\"https:\\\/\\\/tupique.com\\\/wp-content\\\/uploads\\\/2026\\\/03\\\/logo-tupique-1.webp\",\"width\":500,\"height\":67,\"caption\":\"Tupique\"},\"image\":{\"@id\":\"https:\\\/\\\/tupique.com\\\/#\\\/schema\\\/logo\\\/image\\\/\"}}]}<\/script>\n<!-- \/ Yoast SEO plugin. -->","yoast_head_json":{"title":"Masseur de Cou et de Dos \u00c9lectromagn\u00e9tique Calmagner InnovaGoods | | Tupique","description":"Envie d'acheter Masseur de Cou et de Dos \u00c9lectromagn\u00e9tique Calmagner InnovaGoods\u00a0? Achetez Masseur de Cou et de Dos \u00c9lectromagn\u00e9tique Calmagner InnovaGoods maintenant avec Tupique en 3 versements sans int\u00e9r\u00eat.","robots":{"index":"index","follow":"follow","max-snippet":"max-snippet:-1","max-image-preview":"max-image-preview:large","max-video-preview":"max-video-preview:-1"},"canonical":"https:\/\/tupique.com\/pt\/product\/masseur-de-cou-et-de-dos-electromagnetique-calmagner-innovagoods\/","og_locale":"pt_PT","og_type":"article","og_title":"Masseur de Cou et de Dos \u00c9lectromagn\u00e9tique Calmagner InnovaGoods | | Tupique","og_description":"Envie d'acheter Masseur de Cou et de Dos \u00c9lectromagn\u00e9tique Calmagner InnovaGoods\u00a0? Achetez Masseur de Cou et de Dos \u00c9lectromagn\u00e9tique Calmagner InnovaGoods maintenant avec Tupique en 3 versements sans int\u00e9r\u00eat.","og_url":"https:\/\/tupique.com\/pt\/product\/masseur-de-cou-et-de-dos-electromagnetique-calmagner-innovagoods\/","og_site_name":"Tupique","article_modified_time":"2026-05-11T19:23:43+00:00","og_image":[{"width":1200,"height":1200,"url":"https:\/\/tupique.com\/wp-content\/uploads\/2026\/05\/V0101180_000_MKT4.jpg","type":"image\/jpeg"}],"twitter_card":"summary_large_image","twitter_misc":{"Tempo estimado de leitura":"1 minuto"},"schema":{"@context":"https:\/\/schema.org","@graph":[{"@type":"WebPage","@id":"https:\/\/tupique.com\/en\/product\/masseur-de-cou-et-de-dos-electromagnetique-calmagner-innovagoods\/","url":"https:\/\/tupique.com\/en\/product\/masseur-de-cou-et-de-dos-electromagnetique-calmagner-innovagoods\/","name":"Masseur de Cou et de Dos \u00c9lectromagn\u00e9tique Calmagner InnovaGoods | | Tupique","isPartOf":{"@id":"https:\/\/tupique.com\/#website"},"primaryImageOfPage":{"@id":"https:\/\/tupique.com\/en\/product\/masseur-de-cou-et-de-dos-electromagnetique-calmagner-innovagoods\/#primaryimage"},"image":{"@id":"https:\/\/tupique.com\/en\/product\/masseur-de-cou-et-de-dos-electromagnetique-calmagner-innovagoods\/#primaryimage"},"thumbnailUrl":"https:\/\/tupique.com\/wp-content\/uploads\/2026\/05\/V0101180_000_MKT4.jpg","datePublished":"2026-05-11T09:55:03+00:00","dateModified":"2026-05-11T19:23:43+00:00","description":"Envie d'acheter Masseur de Cou et de Dos \u00c9lectromagn\u00e9tique Calmagner InnovaGoods\u00a0? Achetez Masseur de Cou et de Dos \u00c9lectromagn\u00e9tique Calmagner InnovaGoods maintenant avec Tupique en 3 versements sans int\u00e9r\u00eat.","breadcrumb":{"@id":"https:\/\/tupique.com\/en\/product\/masseur-de-cou-et-de-dos-electromagnetique-calmagner-innovagoods\/#breadcrumb"},"inLanguage":"pt-PT","potentialAction":[{"@type":"ReadAction","target":["https:\/\/tupique.com\/en\/product\/masseur-de-cou-et-de-dos-electromagnetique-calmagner-innovagoods\/"]}]},{"@type":"ImageObject","inLanguage":"pt-PT","@id":"https:\/\/tupique.com\/en\/product\/masseur-de-cou-et-de-dos-electromagnetique-calmagner-innovagoods\/#primaryimage","url":"https:\/\/tupique.com\/wp-content\/uploads\/2026\/05\/V0101180_000_MKT4.jpg","contentUrl":"https:\/\/tupique.com\/wp-content\/uploads\/2026\/05\/V0101180_000_MKT4.jpg","width":1200,"height":1200,"caption":"V0101180_0"},{"@type":"BreadcrumbList","@id":"https:\/\/tupique.com\/en\/product\/masseur-de-cou-et-de-dos-electromagnetique-calmagner-innovagoods\/#breadcrumb","itemListElement":[{"@type":"ListItem","position":1,"name":"commencer","item":"https:\/\/tupique.com\/"},{"@type":"ListItem","position":2,"name":"Loja","item":"https:\/\/tupique.com\/pt\/loja\/"},{"@type":"ListItem","position":3,"name":"Masseur de Cou et de Dos \u00c9lectromagn\u00e9tique Calmagner InnovaGoods"}]},{"@type":"WebSite","@id":"https:\/\/tupique.com\/#website","url":"https:\/\/tupique.com\/","name":"Tupique","description":"","publisher":{"@id":"https:\/\/tupique.com\/#organization"},"potentialAction":[{"@type":"SearchAction","target":{"@type":"EntryPoint","urlTemplate":"https:\/\/tupique.com\/?s={search_term_string}"},"query-input":{"@type":"PropertyValueSpecification","valueRequired":true,"valueName":"search_term_string"}}],"inLanguage":"pt-PT"},{"@type":"Organization","@id":"https:\/\/tupique.com\/#organization","name":"Tupique","url":"https:\/\/tupique.com\/","logo":{"@type":"ImageObject","inLanguage":"pt-PT","@id":"https:\/\/tupique.com\/#\/schema\/logo\/image\/","url":"https:\/\/tupique.com\/wp-content\/uploads\/2026\/03\/logo-tupique-1.webp","contentUrl":"https:\/\/tupique.com\/wp-content\/uploads\/2026\/03\/logo-tupique-1.webp","width":500,"height":67,"caption":"Tupique"},"image":{"@id":"https:\/\/tupique.com\/#\/schema\/logo\/image\/"}}]}},"_links":{"self":[{"href":"https:\/\/tupique.com\/pt\/wp-json\/wp\/v2\/product\/179518","targetHints":{"allow":["GET"]}}],"collection":[{"href":"https:\/\/tupique.com\/pt\/wp-json\/wp\/v2\/product"}],"about":[{"href":"https:\/\/tupique.com\/pt\/wp-json\/wp\/v2\/types\/product"}],"replies":[{"embeddable":true,"href":"https:\/\/tupique.com\/pt\/wp-json\/wp\/v2\/comments?post=179518"}],"wp:featuredmedia":[{"embeddable":true,"href":"https:\/\/tupique.com\/pt\/wp-json\/wp\/v2\/media\/179511"}],"wp:attachment":[{"href":"https:\/\/tupique.com\/pt\/wp-json\/wp\/v2\/media?parent=179518"}],"wp:term":[{"taxonomy":"product_brand","embeddable":true,"href":"https:\/\/tupique.com\/pt\/wp-json\/wp\/v2\/product_brand?post=179518"},{"taxonomy":"product_cat","embeddable":true,"href":"https:\/\/tupique.com\/pt\/wp-json\/wp\/v2\/product_cat?post=179518"},{"taxonomy":"product_tag","embeddable":true,"href":"https:\/\/tupique.com\/pt\/wp-json\/wp\/v2\/product_tag?post=179518"},{"taxonomy":"woo-feed-brand","embeddable":true,"href":"https:\/\/tupique.com\/pt\/wp-json\/wp\/v2\/woo-feed-brand?post=179518"}],"curies":[{"name":"wp","href":"https:\/\/api.w.org\/{rel}","templated":true}]}}