{"id":179527,"date":"2026-05-11T11:55:19","date_gmt":"2026-05-11T09:55:19","guid":{"rendered":"https:\/\/tupique.com\/product\/oreiller-ergonomique-de-position-laterale-u-slupill-innovagoods\/"},"modified":"2026-05-11T21:23:43","modified_gmt":"2026-05-11T19:23:43","slug":"oreiller-ergonomique-de-position-laterale-u-slupill-innovagoods","status":"publish","type":"product","link":"https:\/\/tupique.com\/pt\/product\/oreiller-ergonomique-de-position-laterale-u-slupill-innovagoods\/","title":{"rendered":"Oreiller Ergonomique de Position Lat\u00e9rale U Slupill InnovaGoods"},"content":{"rendered":"<div class=\"col-md-6\"><b>InnovaGoods<\/b> vous facilite la t\u00e2che pour que votre soin personnel soit une priorit\u00e9 sans excuses. Il vous propose les meilleures nouveaut\u00e9s en mati\u00e8re de beaut\u00e9, de d\u00e9tente et de bien-\u00eatre ! <b>Oreiller Ergonomique de Position Lat\u00e9rale U Slupill InnovaGoods <\/b> en est un bon exemple ! D\u00e9couvrez une vaste gamme de produits de qualit\u00e9 qui se d\u00e9marquent de par leur fonctionnalit\u00e9, leur efficacit\u00e9 et leur design innovant.<\/p>\n<p>Un oreiller en forme de U sp\u00e9cialement con\u00e7u pour dormir dans la position correcte. Maintient le dos, les \u00e9paules et le cou align\u00e9s, pour favoriser le repos et faciliter la respiration, ce qui aide \u00e0 r\u00e9duire les ronflements. Id\u00e9al \u00e0 utiliser pendant la grossesse.<\/p>\n<ul>\n<li>Mat\u00e9riel:\n<ul>\n<li>Coton<\/li>\n<li>Polyester<\/li>\n<\/ul>\n<\/li>\n<li>Couleur: Blanc<\/li>\n<li>Type: Oreiller Ergonomique de Position Lat\u00e9rale U<\/li>\n<li>Multiposition: Polyvalent et adaptable<\/li>\n<li>Multifonction: Plusieurs fonctionnalit\u00e9s et espaces<\/li>\n<li>Confort et commodit\u00e9: Repos et relaxation<\/li>\n<li>Caract\u00e9ristiques: Touch\u00e9 doux et agr\u00e9able<\/li>\n<li>Housse amovible et lavable avec fermeture \u00e9clair: Facile \u00e0 nettoyer<\/li>\n<li>Soutien au sommeil et au repos: Un meilleur repos dans la bonne position<\/li>\n<li>Facilite la respiration douce et naturelle: Sommeil plus confortable et r\u00e9parateur<\/li>\n<li>Utilisation recommand\u00e9e: Oreiller de grossesse<\/li>\n<li>Dimensions approx.: 39 x 57 x 14 cm<\/li>\n<\/ul>\n<p>Packaging en 24 langues: anglais, fran\u00e7ais, espagnol, allemand, italien, portugais, n\u00e9erlandais, polonais, hongrois, roumain, danois, su\u00e9dois, finnois, lituanien, norv\u00e9gien, slov\u00e8ne, grec, tch\u00e8que, bulgare, croate, slovaque, estonien, russe, letton.<\/p><\/div>\n<div class=\"col-md-6\">\n<div class=\"embed-responsive embed-responsive-16by9\"><iframe class=\"embed-responsive-item\" src=\"https:\/\/www.youtube.com\/embed\/egtaxEv-zsE\" frameborder=\"0\" allowfullscreen><\/iframe><\/div>\n<\/div>","protected":false},"excerpt":{"rendered":"<p>InnovaGoods vous facilite la t\u00e2che pour que votre soin personnel soit une priorit\u00e9 sans excuses. Il vous propose les meilleures nouveaut\u00e9s en mati\u00e8re de beaut\u00e9, de d\u00e9tente et de bien-\u00eatre ! Oreiller Ergonomique de Position Lat\u00e9rale U Slupill InnovaGoods en est un bon exemple ! D\u00e9couvrez une vaste gamme de produits de qualit\u00e9 qui se [&hellip;]<\/p>\n","protected":false},"featured_media":179519,"comment_status":"open","ping_status":"closed","template":"","meta":[],"product_brand":[256],"product_cat":[63,1825,1861,776,239,1860,784,752,1826,1796],"product_tag":[104],"woo-feed-brand":[],"class_list":{"0":"post-179527","1":"product","2":"type-product","3":"status-publish","4":"has-post-thumbnail","6":"product_brand-brandp_1281","7":"product_cat-cadeaux-originaux","8":"product_cat-cadeaux-pour-soins-personnels","9":"product_cat-coussins-et-oreillers","10":"product_cat-detente-et-bien-etre","11":"product_cat-maison-jardin","12":"product_cat-oreillers","13":"product_cat-repos","14":"product_cat-sante-beaute","15":"product_cat-teleachat-vu-a-la-television-sante-et-beaute-teleshop","16":"product_cat-teleachat-vu-a-la-television","17":"product_tag-tag_1279","19":"first","20":"instock","21":"taxable","22":"shipping-taxable","23":"purchasable","24":"product-type-simple"},"yoast_head":"<!-- This site is optimized with the Yoast SEO plugin v27.6 - https:\/\/yoast.com\/product\/yoast-seo-wordpress\/ -->\n<title>Oreiller Ergonomique de Position Lat\u00e9rale U Slupill InnovaGoods | | Tupique<\/title>\n<meta name=\"description\" content=\"Envie d&#039;acheter Oreiller Ergonomique de Position Lat\u00e9rale U Slupill InnovaGoods\u00a0? Achetez Oreiller Ergonomique de Position Lat\u00e9rale U Slupill InnovaGoods maintenant avec Tupique en 3 versements sans int\u00e9r\u00eat.\" \/>\n<meta name=\"robots\" content=\"index, follow, max-snippet:-1, max-image-preview:large, max-video-preview:-1\" \/>\n<link rel=\"canonical\" href=\"https:\/\/tupique.com\/pt\/product\/oreiller-ergonomique-de-position-laterale-u-slupill-innovagoods\/\" \/>\n<meta property=\"og:locale\" content=\"pt_PT\" \/>\n<meta property=\"og:type\" content=\"article\" \/>\n<meta property=\"og:title\" content=\"Oreiller Ergonomique de Position Lat\u00e9rale U Slupill InnovaGoods | | Tupique\" \/>\n<meta property=\"og:description\" content=\"Envie d&#039;acheter Oreiller Ergonomique de Position Lat\u00e9rale U Slupill InnovaGoods\u00a0? Achetez Oreiller Ergonomique de Position Lat\u00e9rale U Slupill InnovaGoods maintenant avec Tupique en 3 versements sans int\u00e9r\u00eat.\" \/>\n<meta property=\"og:url\" content=\"https:\/\/tupique.com\/pt\/product\/oreiller-ergonomique-de-position-laterale-u-slupill-innovagoods\/\" \/>\n<meta property=\"og:site_name\" content=\"Tupique\" \/>\n<meta property=\"article:modified_time\" content=\"2026-05-11T19:23:43+00:00\" \/>\n<meta property=\"og:image\" content=\"https:\/\/tupique.com\/wp-content\/uploads\/2026\/05\/V0101175_000_MKT4.jpg\" \/>\n\t<meta property=\"og:image:width\" content=\"1200\" \/>\n\t<meta property=\"og:image:height\" content=\"1200\" \/>\n\t<meta property=\"og:image:type\" content=\"image\/jpeg\" \/>\n<meta name=\"twitter:card\" content=\"summary_large_image\" \/>\n<meta name=\"twitter:label1\" content=\"Tempo estimado de leitura\" \/>\n\t<meta name=\"twitter:data1\" content=\"1 minuto\" \/>\n<script type=\"application\/ld+json\" class=\"yoast-schema-graph\">{\"@context\":\"https:\\\/\\\/schema.org\",\"@graph\":[{\"@type\":\"WebPage\",\"@id\":\"https:\\\/\\\/tupique.com\\\/pt\\\/product\\\/oreiller-ergonomique-de-position-laterale-u-slupill-innovagoods\\\/\",\"url\":\"https:\\\/\\\/tupique.com\\\/pt\\\/product\\\/oreiller-ergonomique-de-position-laterale-u-slupill-innovagoods\\\/\",\"name\":\"Oreiller Ergonomique de Position Lat\u00e9rale U Slupill InnovaGoods | | Tupique\",\"isPartOf\":{\"@id\":\"https:\\\/\\\/tupique.com\\\/#website\"},\"primaryImageOfPage\":{\"@id\":\"https:\\\/\\\/tupique.com\\\/pt\\\/product\\\/oreiller-ergonomique-de-position-laterale-u-slupill-innovagoods\\\/#primaryimage\"},\"image\":{\"@id\":\"https:\\\/\\\/tupique.com\\\/pt\\\/product\\\/oreiller-ergonomique-de-position-laterale-u-slupill-innovagoods\\\/#primaryimage\"},\"thumbnailUrl\":\"https:\\\/\\\/tupique.com\\\/wp-content\\\/uploads\\\/2026\\\/05\\\/V0101175_000_MKT4.jpg\",\"datePublished\":\"2026-05-11T09:55:19+00:00\",\"dateModified\":\"2026-05-11T19:23:43+00:00\",\"description\":\"Envie d'acheter Oreiller Ergonomique de Position Lat\u00e9rale U Slupill InnovaGoods\u00a0? Achetez Oreiller Ergonomique de Position Lat\u00e9rale U Slupill InnovaGoods maintenant avec Tupique en 3 versements sans int\u00e9r\u00eat.\",\"breadcrumb\":{\"@id\":\"https:\\\/\\\/tupique.com\\\/pt\\\/product\\\/oreiller-ergonomique-de-position-laterale-u-slupill-innovagoods\\\/#breadcrumb\"},\"inLanguage\":\"pt-PT\",\"potentialAction\":[{\"@type\":\"ReadAction\",\"target\":[\"https:\\\/\\\/tupique.com\\\/pt\\\/product\\\/oreiller-ergonomique-de-position-laterale-u-slupill-innovagoods\\\/\"]}]},{\"@type\":\"ImageObject\",\"inLanguage\":\"pt-PT\",\"@id\":\"https:\\\/\\\/tupique.com\\\/pt\\\/product\\\/oreiller-ergonomique-de-position-laterale-u-slupill-innovagoods\\\/#primaryimage\",\"url\":\"https:\\\/\\\/tupique.com\\\/wp-content\\\/uploads\\\/2026\\\/05\\\/V0101175_000_MKT4.jpg\",\"contentUrl\":\"https:\\\/\\\/tupique.com\\\/wp-content\\\/uploads\\\/2026\\\/05\\\/V0101175_000_MKT4.jpg\",\"width\":1200,\"height\":1200,\"caption\":\"V0101175_0\"},{\"@type\":\"BreadcrumbList\",\"@id\":\"https:\\\/\\\/tupique.com\\\/pt\\\/product\\\/oreiller-ergonomique-de-position-laterale-u-slupill-innovagoods\\\/#breadcrumb\",\"itemListElement\":[{\"@type\":\"ListItem\",\"position\":1,\"name\":\"commencer\",\"item\":\"https:\\\/\\\/tupique.com\\\/\"},{\"@type\":\"ListItem\",\"position\":2,\"name\":\"Loja\",\"item\":\"https:\\\/\\\/tupique.com\\\/pt\\\/loja\\\/\"},{\"@type\":\"ListItem\",\"position\":3,\"name\":\"Oreiller Ergonomique de Position Lat\u00e9rale U Slupill InnovaGoods\"}]},{\"@type\":\"WebSite\",\"@id\":\"https:\\\/\\\/tupique.com\\\/#website\",\"url\":\"https:\\\/\\\/tupique.com\\\/\",\"name\":\"Tupique\",\"description\":\"\",\"publisher\":{\"@id\":\"https:\\\/\\\/tupique.com\\\/#organization\"},\"potentialAction\":[{\"@type\":\"SearchAction\",\"target\":{\"@type\":\"EntryPoint\",\"urlTemplate\":\"https:\\\/\\\/tupique.com\\\/?s={search_term_string}\"},\"query-input\":{\"@type\":\"PropertyValueSpecification\",\"valueRequired\":true,\"valueName\":\"search_term_string\"}}],\"inLanguage\":\"pt-PT\"},{\"@type\":\"Organization\",\"@id\":\"https:\\\/\\\/tupique.com\\\/#organization\",\"name\":\"Tupique\",\"url\":\"https:\\\/\\\/tupique.com\\\/\",\"logo\":{\"@type\":\"ImageObject\",\"inLanguage\":\"pt-PT\",\"@id\":\"https:\\\/\\\/tupique.com\\\/#\\\/schema\\\/logo\\\/image\\\/\",\"url\":\"https:\\\/\\\/tupique.com\\\/wp-content\\\/uploads\\\/2026\\\/03\\\/logo-tupique-1.webp\",\"contentUrl\":\"https:\\\/\\\/tupique.com\\\/wp-content\\\/uploads\\\/2026\\\/03\\\/logo-tupique-1.webp\",\"width\":500,\"height\":67,\"caption\":\"Tupique\"},\"image\":{\"@id\":\"https:\\\/\\\/tupique.com\\\/#\\\/schema\\\/logo\\\/image\\\/\"}}]}<\/script>\n<!-- \/ Yoast SEO plugin. -->","yoast_head_json":{"title":"Oreiller Ergonomique de Position Lat\u00e9rale U Slupill InnovaGoods | | Tupique","description":"Envie d'acheter Oreiller Ergonomique de Position Lat\u00e9rale U Slupill InnovaGoods\u00a0? Achetez Oreiller Ergonomique de Position Lat\u00e9rale U Slupill InnovaGoods maintenant avec Tupique en 3 versements sans int\u00e9r\u00eat.","robots":{"index":"index","follow":"follow","max-snippet":"max-snippet:-1","max-image-preview":"max-image-preview:large","max-video-preview":"max-video-preview:-1"},"canonical":"https:\/\/tupique.com\/pt\/product\/oreiller-ergonomique-de-position-laterale-u-slupill-innovagoods\/","og_locale":"pt_PT","og_type":"article","og_title":"Oreiller Ergonomique de Position Lat\u00e9rale U Slupill InnovaGoods | | Tupique","og_description":"Envie d'acheter Oreiller Ergonomique de Position Lat\u00e9rale U Slupill InnovaGoods\u00a0? Achetez Oreiller Ergonomique de Position Lat\u00e9rale U Slupill InnovaGoods maintenant avec Tupique en 3 versements sans int\u00e9r\u00eat.","og_url":"https:\/\/tupique.com\/pt\/product\/oreiller-ergonomique-de-position-laterale-u-slupill-innovagoods\/","og_site_name":"Tupique","article_modified_time":"2026-05-11T19:23:43+00:00","og_image":[{"width":1200,"height":1200,"url":"https:\/\/tupique.com\/wp-content\/uploads\/2026\/05\/V0101175_000_MKT4.jpg","type":"image\/jpeg"}],"twitter_card":"summary_large_image","twitter_misc":{"Tempo estimado de leitura":"1 minuto"},"schema":{"@context":"https:\/\/schema.org","@graph":[{"@type":"WebPage","@id":"https:\/\/tupique.com\/pt\/product\/oreiller-ergonomique-de-position-laterale-u-slupill-innovagoods\/","url":"https:\/\/tupique.com\/pt\/product\/oreiller-ergonomique-de-position-laterale-u-slupill-innovagoods\/","name":"Oreiller Ergonomique de Position Lat\u00e9rale U Slupill InnovaGoods | | Tupique","isPartOf":{"@id":"https:\/\/tupique.com\/#website"},"primaryImageOfPage":{"@id":"https:\/\/tupique.com\/pt\/product\/oreiller-ergonomique-de-position-laterale-u-slupill-innovagoods\/#primaryimage"},"image":{"@id":"https:\/\/tupique.com\/pt\/product\/oreiller-ergonomique-de-position-laterale-u-slupill-innovagoods\/#primaryimage"},"thumbnailUrl":"https:\/\/tupique.com\/wp-content\/uploads\/2026\/05\/V0101175_000_MKT4.jpg","datePublished":"2026-05-11T09:55:19+00:00","dateModified":"2026-05-11T19:23:43+00:00","description":"Envie d'acheter Oreiller Ergonomique de Position Lat\u00e9rale U Slupill InnovaGoods\u00a0? Achetez Oreiller Ergonomique de Position Lat\u00e9rale U Slupill InnovaGoods maintenant avec Tupique en 3 versements sans int\u00e9r\u00eat.","breadcrumb":{"@id":"https:\/\/tupique.com\/pt\/product\/oreiller-ergonomique-de-position-laterale-u-slupill-innovagoods\/#breadcrumb"},"inLanguage":"pt-PT","potentialAction":[{"@type":"ReadAction","target":["https:\/\/tupique.com\/pt\/product\/oreiller-ergonomique-de-position-laterale-u-slupill-innovagoods\/"]}]},{"@type":"ImageObject","inLanguage":"pt-PT","@id":"https:\/\/tupique.com\/pt\/product\/oreiller-ergonomique-de-position-laterale-u-slupill-innovagoods\/#primaryimage","url":"https:\/\/tupique.com\/wp-content\/uploads\/2026\/05\/V0101175_000_MKT4.jpg","contentUrl":"https:\/\/tupique.com\/wp-content\/uploads\/2026\/05\/V0101175_000_MKT4.jpg","width":1200,"height":1200,"caption":"V0101175_0"},{"@type":"BreadcrumbList","@id":"https:\/\/tupique.com\/pt\/product\/oreiller-ergonomique-de-position-laterale-u-slupill-innovagoods\/#breadcrumb","itemListElement":[{"@type":"ListItem","position":1,"name":"commencer","item":"https:\/\/tupique.com\/"},{"@type":"ListItem","position":2,"name":"Loja","item":"https:\/\/tupique.com\/pt\/loja\/"},{"@type":"ListItem","position":3,"name":"Oreiller Ergonomique de Position Lat\u00e9rale U Slupill InnovaGoods"}]},{"@type":"WebSite","@id":"https:\/\/tupique.com\/#website","url":"https:\/\/tupique.com\/","name":"Tupique","description":"","publisher":{"@id":"https:\/\/tupique.com\/#organization"},"potentialAction":[{"@type":"SearchAction","target":{"@type":"EntryPoint","urlTemplate":"https:\/\/tupique.com\/?s={search_term_string}"},"query-input":{"@type":"PropertyValueSpecification","valueRequired":true,"valueName":"search_term_string"}}],"inLanguage":"pt-PT"},{"@type":"Organization","@id":"https:\/\/tupique.com\/#organization","name":"Tupique","url":"https:\/\/tupique.com\/","logo":{"@type":"ImageObject","inLanguage":"pt-PT","@id":"https:\/\/tupique.com\/#\/schema\/logo\/image\/","url":"https:\/\/tupique.com\/wp-content\/uploads\/2026\/03\/logo-tupique-1.webp","contentUrl":"https:\/\/tupique.com\/wp-content\/uploads\/2026\/03\/logo-tupique-1.webp","width":500,"height":67,"caption":"Tupique"},"image":{"@id":"https:\/\/tupique.com\/#\/schema\/logo\/image\/"}}]}},"_links":{"self":[{"href":"https:\/\/tupique.com\/pt\/wp-json\/wp\/v2\/product\/179527","targetHints":{"allow":["GET"]}}],"collection":[{"href":"https:\/\/tupique.com\/pt\/wp-json\/wp\/v2\/product"}],"about":[{"href":"https:\/\/tupique.com\/pt\/wp-json\/wp\/v2\/types\/product"}],"replies":[{"embeddable":true,"href":"https:\/\/tupique.com\/pt\/wp-json\/wp\/v2\/comments?post=179527"}],"wp:featuredmedia":[{"embeddable":true,"href":"https:\/\/tupique.com\/pt\/wp-json\/wp\/v2\/media\/179519"}],"wp:attachment":[{"href":"https:\/\/tupique.com\/pt\/wp-json\/wp\/v2\/media?parent=179527"}],"wp:term":[{"taxonomy":"product_brand","embeddable":true,"href":"https:\/\/tupique.com\/pt\/wp-json\/wp\/v2\/product_brand?post=179527"},{"taxonomy":"product_cat","embeddable":true,"href":"https:\/\/tupique.com\/pt\/wp-json\/wp\/v2\/product_cat?post=179527"},{"taxonomy":"product_tag","embeddable":true,"href":"https:\/\/tupique.com\/pt\/wp-json\/wp\/v2\/product_tag?post=179527"},{"taxonomy":"woo-feed-brand","embeddable":true,"href":"https:\/\/tupique.com\/pt\/wp-json\/wp\/v2\/woo-feed-brand?post=179527"}],"curies":[{"name":"wp","href":"https:\/\/api.w.org\/{rel}","templated":true}]}}