{"id":179606,"date":"2026-05-11T11:57:28","date_gmt":"2026-05-11T09:57:28","guid":{"rendered":"https:\/\/tupique.com\/product\/table-dappoint-pliante-multi-usage-muvisk-innovagoods\/"},"modified":"2026-05-11T21:23:43","modified_gmt":"2026-05-11T19:23:43","slug":"table-dappoint-pliante-multi-usage-muvisk-innovagoods","status":"publish","type":"product","link":"https:\/\/tupique.com\/pt\/product\/table-dappoint-pliante-multi-usage-muvisk-innovagoods\/","title":{"rendered":"Table d&#8217;Appoint Pliante Multi-Usage Muvisk InnovaGoods"},"content":{"rendered":"<div class=\"col-md-6\"><b>InnovaGoods<\/b> vous offre les meilleures nouveaut\u00e9s pour la maison, comme <b>Table d&#8217;Appoint Pliante Multi-Usage Muvisk InnovaGoods <\/b> ! D\u00e9couvrez une vaste gamme de produits de qualit\u00e9 qui se d\u00e9marquent de par leur fonctionnalit\u00e9, leur efficacit\u00e9 et leur design innovant : \u00e9clairage, organisation, d\u00e9coration, climatisation, jardin, animaux domestiques, nettoyage, etc.<\/p>\n<p>Une table portable r\u00e9sistante et pratique, parfaite pour y travailler avec son ordinateur portable, \u00e9crire, dessiner ou prendre son petit-d\u00e9jeuner confortablement au lit ou sur le canap\u00e9.<\/p>\n<ul>\n<li>Mat\u00e9riel:\n<ul>\n<li>M\u00e9tal<\/li>\n<li>Bois MDF<\/li>\n<\/ul>\n<\/li>\n<li>Couleur:\n<ul>\n<li>Marron<\/li>\n<li>Blanc<\/li>\n<\/ul>\n<\/li>\n<li>Type: Table d&#8217;appoint<\/li>\n<li>Pliable: Gain de place<\/li>\n<li>Support pour t\u00e9l\u00e9phone portable ou tablette: Fente de fixation<\/li>\n<li>Inclut: Porte-stylo<\/li>\n<li>Caract\u00e9ristiques: Orifices et encoches pour c\u00e2bles<\/li>\n<li>Originale et portative: Lit, canap\u00e9, fauteuil, etc.<\/li>\n<li>Utilisation principale: Tablettes, kindles, mobiles, livres, etc.<\/li>\n<li>Utilisation secondaire: \u00e9crire, dessiner, lire, manger&#8230;<\/li>\n<li>L\u00e9ger et maniable: Facile \u00e0 transporter et \u00e0 ranger<\/li>\n<li>Dimensions approx. pli\u00e9: 60 x 5 x 40 cm<\/li>\n<li>Dimensions approx. (d\u00e9pli\u00e9): 60 x 27 x 40 cm<\/li>\n<\/ul>\n<p>Packaging en 24 langues: anglais, fran\u00e7ais, espagnol, allemand, italien, portugais, n\u00e9erlandais, polonais, hongrois, roumain, danois, su\u00e9dois, finnois, lituanien, norv\u00e9gien, slov\u00e8ne, grec, tch\u00e8que, bulgare, croate, slovaque, estonien, russe, letton.<\/p><\/div>\n<div class=\"col-md-6\">\n<div class=\"embed-responsive embed-responsive-16by9\"><iframe class=\"embed-responsive-item\" src=\"https:\/\/www.youtube.com\/embed\/SlZc60vyb4I\" frameborder=\"0\" allowfullscreen><\/iframe><\/div>\n<\/div>","protected":false},"excerpt":{"rendered":"<p>InnovaGoods vous offre les meilleures nouveaut\u00e9s pour la maison, comme Table d&#8217;Appoint Pliante Multi-Usage Muvisk InnovaGoods ! D\u00e9couvrez une vaste gamme de produits de qualit\u00e9 qui se d\u00e9marquent de par leur fonctionnalit\u00e9, leur efficacit\u00e9 et leur design innovant : \u00e9clairage, organisation, d\u00e9coration, climatisation, jardin, animaux domestiques, nettoyage, etc. Une table portable r\u00e9sistante et pratique, parfaite [&hellip;]<\/p>\n","protected":false},"featured_media":179594,"comment_status":"open","ping_status":"closed","template":"","meta":[],"product_brand":[256],"product_cat":[63,64,1797,239,577,1216,1796],"product_tag":[210,106],"woo-feed-brand":[],"class_list":{"0":"post-179606","1":"product","2":"type-product","3":"status-publish","4":"has-post-thumbnail","6":"product_brand-brandp_1281","7":"product_cat-cadeaux-originaux","8":"product_cat-cadeaux-pour-la-maison","9":"product_cat-idees-pour-la-maison","10":"product_cat-maison-jardin","11":"product_cat-mobilier","12":"product_cat-tables-et-chaises","13":"product_cat-teleachat-vu-a-la-television","14":"product_tag-tag_25","15":"product_tag-tag_1295","17":"first","18":"instock","19":"taxable","20":"shipping-taxable","21":"purchasable","22":"product-type-simple"},"yoast_head":"<!-- This site is optimized with the Yoast SEO plugin v27.5 - https:\/\/yoast.com\/product\/yoast-seo-wordpress\/ -->\n<title>Table d&#039;Appoint Pliante Multi-Usage Muvisk InnovaGoods | | Tupique<\/title>\n<meta name=\"description\" content=\"Envie d&#039;acheter Table d&#039;Appoint Pliante Multi-Usage Muvisk InnovaGoods\u00a0? Achetez Table d&#039;Appoint Pliante Multi-Usage Muvisk InnovaGoods maintenant avec Tupique en 3 versements sans int\u00e9r\u00eat.\" \/>\n<meta name=\"robots\" content=\"index, follow, max-snippet:-1, max-image-preview:large, max-video-preview:-1\" \/>\n<link rel=\"canonical\" href=\"https:\/\/tupique.com\/pt\/product\/table-dappoint-pliante-multi-usage-muvisk-innovagoods\/\" \/>\n<meta property=\"og:locale\" content=\"pt_PT\" \/>\n<meta property=\"og:type\" content=\"article\" \/>\n<meta property=\"og:title\" content=\"Table d&#039;Appoint Pliante Multi-Usage Muvisk InnovaGoods | | Tupique\" \/>\n<meta property=\"og:description\" content=\"Envie d&#039;acheter Table d&#039;Appoint Pliante Multi-Usage Muvisk InnovaGoods\u00a0? Achetez Table d&#039;Appoint Pliante Multi-Usage Muvisk InnovaGoods maintenant avec Tupique en 3 versements sans int\u00e9r\u00eat.\" \/>\n<meta property=\"og:url\" content=\"https:\/\/tupique.com\/pt\/product\/table-dappoint-pliante-multi-usage-muvisk-innovagoods\/\" \/>\n<meta property=\"og:site_name\" content=\"Tupique\" \/>\n<meta property=\"article:modified_time\" content=\"2026-05-11T19:23:43+00:00\" \/>\n<meta name=\"twitter:card\" content=\"summary_large_image\" \/>\n<meta name=\"twitter:label1\" content=\"Tempo estimado de leitura\" \/>\n\t<meta name=\"twitter:data1\" content=\"1 minuto\" \/>\n<script type=\"application\/ld+json\" class=\"yoast-schema-graph\">{\"@context\":\"https:\\\/\\\/schema.org\",\"@graph\":[{\"@type\":\"WebPage\",\"@id\":\"https:\\\/\\\/tupique.com\\\/product\\\/table-dappoint-pliante-multi-usage-muvisk-innovagoods\\\/\",\"url\":\"https:\\\/\\\/tupique.com\\\/product\\\/table-dappoint-pliante-multi-usage-muvisk-innovagoods\\\/\",\"name\":\"Table d'Appoint Pliante Multi-Usage Muvisk InnovaGoods | | Tupique\",\"isPartOf\":{\"@id\":\"https:\\\/\\\/tupique.com\\\/#website\"},\"primaryImageOfPage\":{\"@id\":\"https:\\\/\\\/tupique.com\\\/product\\\/table-dappoint-pliante-multi-usage-muvisk-innovagoods\\\/#primaryimage\"},\"image\":{\"@id\":\"https:\\\/\\\/tupique.com\\\/product\\\/table-dappoint-pliante-multi-usage-muvisk-innovagoods\\\/#primaryimage\"},\"thumbnailUrl\":\"https:\\\/\\\/tupique.com\\\/wp-content\\\/uploads\\\/2026\\\/05\\\/V0101188_000_MKT4.jpg\",\"datePublished\":\"2026-05-11T09:57:28+00:00\",\"dateModified\":\"2026-05-11T19:23:43+00:00\",\"description\":\"Envie d'acheter Table d'Appoint Pliante Multi-Usage Muvisk InnovaGoods\u00a0? Achetez Table d'Appoint Pliante Multi-Usage Muvisk InnovaGoods maintenant avec Tupique en 3 versements sans int\u00e9r\u00eat.\",\"breadcrumb\":{\"@id\":\"https:\\\/\\\/tupique.com\\\/product\\\/table-dappoint-pliante-multi-usage-muvisk-innovagoods\\\/#breadcrumb\"},\"inLanguage\":\"pt-PT\",\"potentialAction\":[{\"@type\":\"ReadAction\",\"target\":[\"https:\\\/\\\/tupique.com\\\/product\\\/table-dappoint-pliante-multi-usage-muvisk-innovagoods\\\/\"]}]},{\"@type\":\"ImageObject\",\"inLanguage\":\"pt-PT\",\"@id\":\"https:\\\/\\\/tupique.com\\\/product\\\/table-dappoint-pliante-multi-usage-muvisk-innovagoods\\\/#primaryimage\",\"url\":\"https:\\\/\\\/tupique.com\\\/wp-content\\\/uploads\\\/2026\\\/05\\\/V0101188_000_MKT4.jpg\",\"contentUrl\":\"https:\\\/\\\/tupique.com\\\/wp-content\\\/uploads\\\/2026\\\/05\\\/V0101188_000_MKT4.jpg\",\"width\":1200,\"height\":1200,\"caption\":\"V0101188_0\"},{\"@type\":\"BreadcrumbList\",\"@id\":\"https:\\\/\\\/tupique.com\\\/product\\\/table-dappoint-pliante-multi-usage-muvisk-innovagoods\\\/#breadcrumb\",\"itemListElement\":[{\"@type\":\"ListItem\",\"position\":1,\"name\":\"commencer\",\"item\":\"https:\\\/\\\/tupique.com\\\/\"},{\"@type\":\"ListItem\",\"position\":2,\"name\":\"Loja\",\"item\":\"https:\\\/\\\/tupique.com\\\/loja\\\/\"},{\"@type\":\"ListItem\",\"position\":3,\"name\":\"Table d&#8217;Appoint Pliante Multi-Usage Muvisk InnovaGoods\"}]},{\"@type\":\"WebSite\",\"@id\":\"https:\\\/\\\/tupique.com\\\/#website\",\"url\":\"https:\\\/\\\/tupique.com\\\/\",\"name\":\"Tupique\",\"description\":\"\",\"publisher\":{\"@id\":\"https:\\\/\\\/tupique.com\\\/#organization\"},\"potentialAction\":[{\"@type\":\"SearchAction\",\"target\":{\"@type\":\"EntryPoint\",\"urlTemplate\":\"https:\\\/\\\/tupique.com\\\/?s={search_term_string}\"},\"query-input\":{\"@type\":\"PropertyValueSpecification\",\"valueRequired\":true,\"valueName\":\"search_term_string\"}}],\"inLanguage\":\"pt-PT\"},{\"@type\":\"Organization\",\"@id\":\"https:\\\/\\\/tupique.com\\\/#organization\",\"name\":\"Tupique\",\"url\":\"https:\\\/\\\/tupique.com\\\/\",\"logo\":{\"@type\":\"ImageObject\",\"inLanguage\":\"pt-PT\",\"@id\":\"https:\\\/\\\/tupique.com\\\/#\\\/schema\\\/logo\\\/image\\\/\",\"url\":\"https:\\\/\\\/tupique.com\\\/wp-content\\\/uploads\\\/2026\\\/03\\\/logo-tupique-1.webp\",\"contentUrl\":\"https:\\\/\\\/tupique.com\\\/wp-content\\\/uploads\\\/2026\\\/03\\\/logo-tupique-1.webp\",\"width\":500,\"height\":67,\"caption\":\"Tupique\"},\"image\":{\"@id\":\"https:\\\/\\\/tupique.com\\\/#\\\/schema\\\/logo\\\/image\\\/\"}}]}<\/script>\n<!-- \/ Yoast SEO plugin. -->","yoast_head_json":{"title":"Table d'Appoint Pliante Multi-Usage Muvisk InnovaGoods | | Tupique","description":"Envie d'acheter Table d'Appoint Pliante Multi-Usage Muvisk InnovaGoods\u00a0? Achetez Table d'Appoint Pliante Multi-Usage Muvisk InnovaGoods maintenant avec Tupique en 3 versements sans int\u00e9r\u00eat.","robots":{"index":"index","follow":"follow","max-snippet":"max-snippet:-1","max-image-preview":"max-image-preview:large","max-video-preview":"max-video-preview:-1"},"canonical":"https:\/\/tupique.com\/pt\/product\/table-dappoint-pliante-multi-usage-muvisk-innovagoods\/","og_locale":"pt_PT","og_type":"article","og_title":"Table d'Appoint Pliante Multi-Usage Muvisk InnovaGoods | | Tupique","og_description":"Envie d'acheter Table d'Appoint Pliante Multi-Usage Muvisk InnovaGoods\u00a0? Achetez Table d'Appoint Pliante Multi-Usage Muvisk InnovaGoods maintenant avec Tupique en 3 versements sans int\u00e9r\u00eat.","og_url":"https:\/\/tupique.com\/pt\/product\/table-dappoint-pliante-multi-usage-muvisk-innovagoods\/","og_site_name":"Tupique","article_modified_time":"2026-05-11T19:23:43+00:00","twitter_card":"summary_large_image","twitter_misc":{"Tempo estimado de leitura":"1 minuto"},"schema":{"@context":"https:\/\/schema.org","@graph":[{"@type":"WebPage","@id":"https:\/\/tupique.com\/product\/table-dappoint-pliante-multi-usage-muvisk-innovagoods\/","url":"https:\/\/tupique.com\/product\/table-dappoint-pliante-multi-usage-muvisk-innovagoods\/","name":"Table d'Appoint Pliante Multi-Usage Muvisk InnovaGoods | | Tupique","isPartOf":{"@id":"https:\/\/tupique.com\/#website"},"primaryImageOfPage":{"@id":"https:\/\/tupique.com\/product\/table-dappoint-pliante-multi-usage-muvisk-innovagoods\/#primaryimage"},"image":{"@id":"https:\/\/tupique.com\/product\/table-dappoint-pliante-multi-usage-muvisk-innovagoods\/#primaryimage"},"thumbnailUrl":"https:\/\/tupique.com\/wp-content\/uploads\/2026\/05\/V0101188_000_MKT4.jpg","datePublished":"2026-05-11T09:57:28+00:00","dateModified":"2026-05-11T19:23:43+00:00","description":"Envie d'acheter Table d'Appoint Pliante Multi-Usage Muvisk InnovaGoods\u00a0? Achetez Table d'Appoint Pliante Multi-Usage Muvisk InnovaGoods maintenant avec Tupique en 3 versements sans int\u00e9r\u00eat.","breadcrumb":{"@id":"https:\/\/tupique.com\/product\/table-dappoint-pliante-multi-usage-muvisk-innovagoods\/#breadcrumb"},"inLanguage":"pt-PT","potentialAction":[{"@type":"ReadAction","target":["https:\/\/tupique.com\/product\/table-dappoint-pliante-multi-usage-muvisk-innovagoods\/"]}]},{"@type":"ImageObject","inLanguage":"pt-PT","@id":"https:\/\/tupique.com\/product\/table-dappoint-pliante-multi-usage-muvisk-innovagoods\/#primaryimage","url":"https:\/\/tupique.com\/wp-content\/uploads\/2026\/05\/V0101188_000_MKT4.jpg","contentUrl":"https:\/\/tupique.com\/wp-content\/uploads\/2026\/05\/V0101188_000_MKT4.jpg","width":1200,"height":1200,"caption":"V0101188_0"},{"@type":"BreadcrumbList","@id":"https:\/\/tupique.com\/product\/table-dappoint-pliante-multi-usage-muvisk-innovagoods\/#breadcrumb","itemListElement":[{"@type":"ListItem","position":1,"name":"commencer","item":"https:\/\/tupique.com\/"},{"@type":"ListItem","position":2,"name":"Loja","item":"https:\/\/tupique.com\/loja\/"},{"@type":"ListItem","position":3,"name":"Table d&#8217;Appoint Pliante Multi-Usage Muvisk InnovaGoods"}]},{"@type":"WebSite","@id":"https:\/\/tupique.com\/#website","url":"https:\/\/tupique.com\/","name":"Tupique","description":"","publisher":{"@id":"https:\/\/tupique.com\/#organization"},"potentialAction":[{"@type":"SearchAction","target":{"@type":"EntryPoint","urlTemplate":"https:\/\/tupique.com\/?s={search_term_string}"},"query-input":{"@type":"PropertyValueSpecification","valueRequired":true,"valueName":"search_term_string"}}],"inLanguage":"pt-PT"},{"@type":"Organization","@id":"https:\/\/tupique.com\/#organization","name":"Tupique","url":"https:\/\/tupique.com\/","logo":{"@type":"ImageObject","inLanguage":"pt-PT","@id":"https:\/\/tupique.com\/#\/schema\/logo\/image\/","url":"https:\/\/tupique.com\/wp-content\/uploads\/2026\/03\/logo-tupique-1.webp","contentUrl":"https:\/\/tupique.com\/wp-content\/uploads\/2026\/03\/logo-tupique-1.webp","width":500,"height":67,"caption":"Tupique"},"image":{"@id":"https:\/\/tupique.com\/#\/schema\/logo\/image\/"}}]}},"_links":{"self":[{"href":"https:\/\/tupique.com\/pt\/wp-json\/wp\/v2\/product\/179606","targetHints":{"allow":["GET"]}}],"collection":[{"href":"https:\/\/tupique.com\/pt\/wp-json\/wp\/v2\/product"}],"about":[{"href":"https:\/\/tupique.com\/pt\/wp-json\/wp\/v2\/types\/product"}],"replies":[{"embeddable":true,"href":"https:\/\/tupique.com\/pt\/wp-json\/wp\/v2\/comments?post=179606"}],"wp:featuredmedia":[{"embeddable":true,"href":"https:\/\/tupique.com\/pt\/wp-json\/wp\/v2\/media\/179594"}],"wp:attachment":[{"href":"https:\/\/tupique.com\/pt\/wp-json\/wp\/v2\/media?parent=179606"}],"wp:term":[{"taxonomy":"product_brand","embeddable":true,"href":"https:\/\/tupique.com\/pt\/wp-json\/wp\/v2\/product_brand?post=179606"},{"taxonomy":"product_cat","embeddable":true,"href":"https:\/\/tupique.com\/pt\/wp-json\/wp\/v2\/product_cat?post=179606"},{"taxonomy":"product_tag","embeddable":true,"href":"https:\/\/tupique.com\/pt\/wp-json\/wp\/v2\/product_tag?post=179606"},{"taxonomy":"woo-feed-brand","embeddable":true,"href":"https:\/\/tupique.com\/pt\/wp-json\/wp\/v2\/woo-feed-brand?post=179606"}],"curies":[{"name":"wp","href":"https:\/\/api.w.org\/{rel}","templated":true}]}}