{"id":179639,"date":"2026-05-11T11:58:13","date_gmt":"2026-05-11T09:58:13","guid":{"rendered":"https:\/\/tupique.com\/product\/boules-de-noel-2-pcs-113572-marron-rouge-8-cm-2-unites\/"},"modified":"2026-05-11T21:23:54","modified_gmt":"2026-05-11T19:23:54","slug":"boules-de-noel-2-pcs-113572-marron-rouge-8-cm-2-unites","status":"publish","type":"product","link":"https:\/\/tupique.com\/pt\/product\/boules-de-noel-2-pcs-113572-marron-rouge-8-cm-2-unites\/","title":{"rendered":"Boules de No\u00ebl (2 pcs) 113572 Marron Rouge 8 cm (2 Unit\u00e9s)"},"content":{"rendered":"<p>Vous voulez donner une touche d&#8217;originalit\u00e9 \u00e0 votre maison ? Vous y arriverez gr\u00e2ce au <b>Boules de No\u00ebl (2 pcs) 113572 Marron Rouge 8 cm (2 Unit\u00e9s)<\/b>.<\/p>\n<ul>\n<li>Mat\u00e9riel: Verre<\/li>\n<li>Inclut: 2 uds<\/li>\n<li>diam\u00e8tre approx.: \u00d8 8 cm<\/li>\n<li>Type: D\u00e9coration<\/li>\n<li>Couleur:\n<ul>\n<li>Marron<\/li>\n<li>Rouge<\/li>\n<\/ul>\n<\/li>\n<li>Unit\u00e9s: 2 Unit\u00e9s<\/li>\n<li>Dimensions approx.: 8 cm<\/li>\n<li>Type de batterie: Sans piles<\/li>\n<li>Piles incluses: Non<\/li>\n<li>Poids: 0,12 kg<\/li>\n<li>Produit fragile: Oui<\/li>\n<li>Forme: Ronde<\/li>\n<\/ul>","protected":false},"excerpt":{"rendered":"<p>Vous voulez donner une touche d&#8217;originalit\u00e9 \u00e0 votre maison ? Vous y arriverez gr\u00e2ce au Boules de No\u00ebl (2 pcs) 113572 Marron Rouge 8 cm (2 Unit\u00e9s). Mat\u00e9riel: Verre Inclut: 2 uds diam\u00e8tre approx.: \u00d8 8 cm Type: D\u00e9coration Couleur: Marron Rouge Unit\u00e9s: 2 Unit\u00e9s Dimensions approx.: 8 cm Type de batterie: Sans piles Piles [&hellip;]<\/p>\n","protected":false},"featured_media":179637,"comment_status":"open","ping_status":"closed","template":"","meta":[],"product_brand":[470],"product_cat":[1703,1430,239],"product_tag":[101,215],"class_list":{"0":"post-179639","1":"product","2":"type-product","3":"status-publish","4":"has-post-thumbnail","6":"product_brand-brandp_1214","7":"product_cat-decoration-de-noel","8":"product_cat-decoration-et-eclairage","9":"product_cat-maison-jardin","10":"product_tag-tag_599","11":"product_tag-tag_427","13":"first","14":"instock","15":"taxable","16":"shipping-taxable","17":"purchasable","18":"product-type-variable"},"yoast_head":"<!-- This site is optimized with the Yoast SEO plugin v27.5 - https:\/\/yoast.com\/product\/yoast-seo-wordpress\/ -->\n<title>Boules de No\u00ebl (2 pcs) 113572 Marron Rouge 8 cm (2 Unit\u00e9s) - Tupique<\/title>\n<meta name=\"robots\" content=\"index, follow, max-snippet:-1, max-image-preview:large, max-video-preview:-1\" \/>\n<link rel=\"canonical\" href=\"https:\/\/tupique.com\/pt\/product\/boules-de-noel-2-pcs-113572-marron-rouge-8-cm-2-unites\/\" \/>\n<meta property=\"og:locale\" content=\"pt_PT\" \/>\n<meta property=\"og:type\" content=\"article\" \/>\n<meta property=\"og:title\" content=\"Boules de No\u00ebl (2 pcs) 113572 Marron Rouge 8 cm (2 Unit\u00e9s) - Tupique\" \/>\n<meta property=\"og:description\" content=\"Vous voulez donner une touche d&#8217;originalit\u00e9 \u00e0 votre maison ? Vous y arriverez gr\u00e2ce au Boules de No\u00ebl (2 pcs) 113572 Marron Rouge 8 cm (2 Unit\u00e9s). Mat\u00e9riel: Verre Inclut: 2 uds diam\u00e8tre approx.: \u00d8 8 cm Type: D\u00e9coration Couleur: Marron Rouge Unit\u00e9s: 2 Unit\u00e9s Dimensions approx.: 8 cm Type de batterie: Sans piles Piles [&hellip;]\" \/>\n<meta property=\"og:url\" content=\"https:\/\/tupique.com\/pt\/product\/boules-de-noel-2-pcs-113572-marron-rouge-8-cm-2-unites\/\" \/>\n<meta property=\"og:site_name\" content=\"Tupique\" \/>\n<meta property=\"article:modified_time\" content=\"2026-05-11T19:23:54+00:00\" \/>\n<meta name=\"twitter:card\" content=\"summary_large_image\" \/>\n<script type=\"application\/ld+json\" class=\"yoast-schema-graph\">{\"@context\":\"https:\\\/\\\/schema.org\",\"@graph\":[{\"@type\":\"WebPage\",\"@id\":\"https:\\\/\\\/tupique.com\\\/product\\\/boules-de-noel-2-pcs-113572-marron-rouge-8-cm-2-unites\\\/\",\"url\":\"https:\\\/\\\/tupique.com\\\/product\\\/boules-de-noel-2-pcs-113572-marron-rouge-8-cm-2-unites\\\/\",\"name\":\"Boules de No\u00ebl (2 pcs) 113572 Marron Rouge 8 cm (2 Unit\u00e9s) - Tupique\",\"isPartOf\":{\"@id\":\"https:\\\/\\\/tupique.com\\\/#website\"},\"primaryImageOfPage\":{\"@id\":\"https:\\\/\\\/tupique.com\\\/product\\\/boules-de-noel-2-pcs-113572-marron-rouge-8-cm-2-unites\\\/#primaryimage\"},\"image\":{\"@id\":\"https:\\\/\\\/tupique.com\\\/product\\\/boules-de-noel-2-pcs-113572-marron-rouge-8-cm-2-unites\\\/#primaryimage\"},\"thumbnailUrl\":\"https:\\\/\\\/tupique.com\\\/wp-content\\\/uploads\\\/2026\\\/05\\\/8422259473572_0_P02.jpg\",\"datePublished\":\"2026-05-11T09:58:13+00:00\",\"dateModified\":\"2026-05-11T19:23:54+00:00\",\"breadcrumb\":{\"@id\":\"https:\\\/\\\/tupique.com\\\/product\\\/boules-de-noel-2-pcs-113572-marron-rouge-8-cm-2-unites\\\/#breadcrumb\"},\"inLanguage\":\"pt-PT\",\"potentialAction\":[{\"@type\":\"ReadAction\",\"target\":[\"https:\\\/\\\/tupique.com\\\/product\\\/boules-de-noel-2-pcs-113572-marron-rouge-8-cm-2-unites\\\/\"]}]},{\"@type\":\"ImageObject\",\"inLanguage\":\"pt-PT\",\"@id\":\"https:\\\/\\\/tupique.com\\\/product\\\/boules-de-noel-2-pcs-113572-marron-rouge-8-cm-2-unites\\\/#primaryimage\",\"url\":\"https:\\\/\\\/tupique.com\\\/wp-content\\\/uploads\\\/2026\\\/05\\\/8422259473572_0_P02.jpg\",\"contentUrl\":\"https:\\\/\\\/tupique.com\\\/wp-content\\\/uploads\\\/2026\\\/05\\\/8422259473572_0_P02.jpg\",\"width\":1200,\"height\":1200,\"caption\":\"S1125189_0\"},{\"@type\":\"BreadcrumbList\",\"@id\":\"https:\\\/\\\/tupique.com\\\/product\\\/boules-de-noel-2-pcs-113572-marron-rouge-8-cm-2-unites\\\/#breadcrumb\",\"itemListElement\":[{\"@type\":\"ListItem\",\"position\":1,\"name\":\"commencer\",\"item\":\"https:\\\/\\\/tupique.com\\\/\"},{\"@type\":\"ListItem\",\"position\":2,\"name\":\"Loja\",\"item\":\"https:\\\/\\\/tupique.com\\\/loja\\\/\"},{\"@type\":\"ListItem\",\"position\":3,\"name\":\"Boules de No\u00ebl (2 pcs) 113572 Marron Rouge 8 cm (2 Unit\u00e9s)\"}]},{\"@type\":\"WebSite\",\"@id\":\"https:\\\/\\\/tupique.com\\\/#website\",\"url\":\"https:\\\/\\\/tupique.com\\\/\",\"name\":\"Tupique\",\"description\":\"\",\"publisher\":{\"@id\":\"https:\\\/\\\/tupique.com\\\/#organization\"},\"potentialAction\":[{\"@type\":\"SearchAction\",\"target\":{\"@type\":\"EntryPoint\",\"urlTemplate\":\"https:\\\/\\\/tupique.com\\\/?s={search_term_string}\"},\"query-input\":{\"@type\":\"PropertyValueSpecification\",\"valueRequired\":true,\"valueName\":\"search_term_string\"}}],\"inLanguage\":\"pt-PT\"},{\"@type\":\"Organization\",\"@id\":\"https:\\\/\\\/tupique.com\\\/#organization\",\"name\":\"Tupique\",\"url\":\"https:\\\/\\\/tupique.com\\\/\",\"logo\":{\"@type\":\"ImageObject\",\"inLanguage\":\"pt-PT\",\"@id\":\"https:\\\/\\\/tupique.com\\\/#\\\/schema\\\/logo\\\/image\\\/\",\"url\":\"https:\\\/\\\/tupique.com\\\/wp-content\\\/uploads\\\/2026\\\/03\\\/logo-tupique-1.webp\",\"contentUrl\":\"https:\\\/\\\/tupique.com\\\/wp-content\\\/uploads\\\/2026\\\/03\\\/logo-tupique-1.webp\",\"width\":500,\"height\":67,\"caption\":\"Tupique\"},\"image\":{\"@id\":\"https:\\\/\\\/tupique.com\\\/#\\\/schema\\\/logo\\\/image\\\/\"}}]}<\/script>\n<!-- \/ Yoast SEO plugin. -->","yoast_head_json":{"title":"Boules de No\u00ebl (2 pcs) 113572 Marron Rouge 8 cm (2 Unit\u00e9s) - Tupique","robots":{"index":"index","follow":"follow","max-snippet":"max-snippet:-1","max-image-preview":"max-image-preview:large","max-video-preview":"max-video-preview:-1"},"canonical":"https:\/\/tupique.com\/pt\/product\/boules-de-noel-2-pcs-113572-marron-rouge-8-cm-2-unites\/","og_locale":"pt_PT","og_type":"article","og_title":"Boules de No\u00ebl (2 pcs) 113572 Marron Rouge 8 cm (2 Unit\u00e9s) - Tupique","og_description":"Vous voulez donner une touche d&#8217;originalit\u00e9 \u00e0 votre maison ? Vous y arriverez gr\u00e2ce au Boules de No\u00ebl (2 pcs) 113572 Marron Rouge 8 cm (2 Unit\u00e9s). Mat\u00e9riel: Verre Inclut: 2 uds diam\u00e8tre approx.: \u00d8 8 cm Type: D\u00e9coration Couleur: Marron Rouge Unit\u00e9s: 2 Unit\u00e9s Dimensions approx.: 8 cm Type de batterie: Sans piles Piles [&hellip;]","og_url":"https:\/\/tupique.com\/pt\/product\/boules-de-noel-2-pcs-113572-marron-rouge-8-cm-2-unites\/","og_site_name":"Tupique","article_modified_time":"2026-05-11T19:23:54+00:00","twitter_card":"summary_large_image","schema":{"@context":"https:\/\/schema.org","@graph":[{"@type":"WebPage","@id":"https:\/\/tupique.com\/product\/boules-de-noel-2-pcs-113572-marron-rouge-8-cm-2-unites\/","url":"https:\/\/tupique.com\/product\/boules-de-noel-2-pcs-113572-marron-rouge-8-cm-2-unites\/","name":"Boules de No\u00ebl (2 pcs) 113572 Marron Rouge 8 cm (2 Unit\u00e9s) - Tupique","isPartOf":{"@id":"https:\/\/tupique.com\/#website"},"primaryImageOfPage":{"@id":"https:\/\/tupique.com\/product\/boules-de-noel-2-pcs-113572-marron-rouge-8-cm-2-unites\/#primaryimage"},"image":{"@id":"https:\/\/tupique.com\/product\/boules-de-noel-2-pcs-113572-marron-rouge-8-cm-2-unites\/#primaryimage"},"thumbnailUrl":"https:\/\/tupique.com\/wp-content\/uploads\/2026\/05\/8422259473572_0_P02.jpg","datePublished":"2026-05-11T09:58:13+00:00","dateModified":"2026-05-11T19:23:54+00:00","breadcrumb":{"@id":"https:\/\/tupique.com\/product\/boules-de-noel-2-pcs-113572-marron-rouge-8-cm-2-unites\/#breadcrumb"},"inLanguage":"pt-PT","potentialAction":[{"@type":"ReadAction","target":["https:\/\/tupique.com\/product\/boules-de-noel-2-pcs-113572-marron-rouge-8-cm-2-unites\/"]}]},{"@type":"ImageObject","inLanguage":"pt-PT","@id":"https:\/\/tupique.com\/product\/boules-de-noel-2-pcs-113572-marron-rouge-8-cm-2-unites\/#primaryimage","url":"https:\/\/tupique.com\/wp-content\/uploads\/2026\/05\/8422259473572_0_P02.jpg","contentUrl":"https:\/\/tupique.com\/wp-content\/uploads\/2026\/05\/8422259473572_0_P02.jpg","width":1200,"height":1200,"caption":"S1125189_0"},{"@type":"BreadcrumbList","@id":"https:\/\/tupique.com\/product\/boules-de-noel-2-pcs-113572-marron-rouge-8-cm-2-unites\/#breadcrumb","itemListElement":[{"@type":"ListItem","position":1,"name":"commencer","item":"https:\/\/tupique.com\/"},{"@type":"ListItem","position":2,"name":"Loja","item":"https:\/\/tupique.com\/loja\/"},{"@type":"ListItem","position":3,"name":"Boules de No\u00ebl (2 pcs) 113572 Marron Rouge 8 cm (2 Unit\u00e9s)"}]},{"@type":"WebSite","@id":"https:\/\/tupique.com\/#website","url":"https:\/\/tupique.com\/","name":"Tupique","description":"","publisher":{"@id":"https:\/\/tupique.com\/#organization"},"potentialAction":[{"@type":"SearchAction","target":{"@type":"EntryPoint","urlTemplate":"https:\/\/tupique.com\/?s={search_term_string}"},"query-input":{"@type":"PropertyValueSpecification","valueRequired":true,"valueName":"search_term_string"}}],"inLanguage":"pt-PT"},{"@type":"Organization","@id":"https:\/\/tupique.com\/#organization","name":"Tupique","url":"https:\/\/tupique.com\/","logo":{"@type":"ImageObject","inLanguage":"pt-PT","@id":"https:\/\/tupique.com\/#\/schema\/logo\/image\/","url":"https:\/\/tupique.com\/wp-content\/uploads\/2026\/03\/logo-tupique-1.webp","contentUrl":"https:\/\/tupique.com\/wp-content\/uploads\/2026\/03\/logo-tupique-1.webp","width":500,"height":67,"caption":"Tupique"},"image":{"@id":"https:\/\/tupique.com\/#\/schema\/logo\/image\/"}}]}},"_links":{"self":[{"href":"https:\/\/tupique.com\/pt\/wp-json\/wp\/v2\/product\/179639","targetHints":{"allow":["GET"]}}],"collection":[{"href":"https:\/\/tupique.com\/pt\/wp-json\/wp\/v2\/product"}],"about":[{"href":"https:\/\/tupique.com\/pt\/wp-json\/wp\/v2\/types\/product"}],"replies":[{"embeddable":true,"href":"https:\/\/tupique.com\/pt\/wp-json\/wp\/v2\/comments?post=179639"}],"wp:featuredmedia":[{"embeddable":true,"href":"https:\/\/tupique.com\/pt\/wp-json\/wp\/v2\/media\/179637"}],"wp:attachment":[{"href":"https:\/\/tupique.com\/pt\/wp-json\/wp\/v2\/media?parent=179639"}],"wp:term":[{"taxonomy":"product_brand","embeddable":true,"href":"https:\/\/tupique.com\/pt\/wp-json\/wp\/v2\/product_brand?post=179639"},{"taxonomy":"product_cat","embeddable":true,"href":"https:\/\/tupique.com\/pt\/wp-json\/wp\/v2\/product_cat?post=179639"},{"taxonomy":"product_tag","embeddable":true,"href":"https:\/\/tupique.com\/pt\/wp-json\/wp\/v2\/product_tag?post=179639"}],"curies":[{"name":"wp","href":"https:\/\/api.w.org\/{rel}","templated":true}]}}