{"id":179862,"date":"2026-05-11T12:17:15","date_gmt":"2026-05-11T10:17:15","guid":{"rendered":"https:\/\/tupique.com\/product\/masque-en-tissu-hygienique-reutilisable-gas-luanvi-taille-m-pack-de-3-unites\/"},"modified":"2026-05-11T21:18:31","modified_gmt":"2026-05-11T19:18:31","slug":"masque-en-tissu-hygienique-reutilisable-gas-luanvi-taille-m-pack-de-3-unites","status":"publish","type":"product","link":"https:\/\/tupique.com\/pt\/product\/masque-en-tissu-hygienique-reutilisable-gas-luanvi-taille-m-pack-de-3-unites\/","title":{"rendered":"M\u00e1scara de tecido higi\u00e9nica reutiliz\u00e1vel Gas Luanvi Tamanho M Pack de 3 unidades"},"content":{"rendered":"<p>Si vous \u00eates \u00e0 la recherche de nouvelles tendances sur le march\u00e9, nous vous pr\u00e9sentons <b>M\u00e1scara de tecido higi\u00e9nica reutiliz\u00e1vel Gas Luanvi Tamanho M Pack de 3 unidades<\/b> !<\/p>\n<p>Masque adapt\u00e9 \u00e0 la protection des voies respiratoires dans les cas de contamination atmosph\u00e9rique, salet\u00e9, poussi\u00e8re, germes, allergies saisonni\u00e8res, fum\u00e9e, gaz et fum\u00e9es automobiles et autres, cendres et particules dangereuses pour la sant\u00e9. Il assure un haut niveau de protection respiratoire contre les maladies susceptibles de se propager dans certains environnements, car il filtre la plupart des particules en suspension dans l&#8217;air.<\/p>\n<ul>\n<li>Conception originale: Gaz<\/li>\n<li>Dimensions approx.: 17 x 8,5 cm<\/li>\n<li>Tissu: Compact<\/li>\n<li>3 couches:\n<ul>\n<li>Externe: 125 gr m\u00b2<\/li>\n<li>Interne: x2 53 gr m\u00b2<\/li>\n<\/ul>\n<\/li>\n<li>Tipo:\n<ul>\n<li>Masque en tissu<\/li>\n<li>R\u00e9utilisable<\/li>\n<li>Lavable<\/li>\n<\/ul>\n<\/li>\n<li>Efficacit\u00e9 de filtration bact\u00e9rienne (BFE): &gt; 96,5 %<\/li>\n<li>Respirabilit\u00e9 facile: &lt; 37 (Pa\/cm\u00b2)<\/li>\n<li>Ergonomique: S&#8217;adapte parfaitement \u00e0 la forme du visage<\/li>\n<li>Couvre le nez et la bouche: Flexible et adaptable<\/li>\n<li>Bandes \u00e9lastiques pour un ajustement parfait: Fixation maximale<\/li>\n<li>Informations importantes: Pour une protection effective, il est essentiel d&#8217;assurer un placement correct<\/li>\n<li>Facile \u00e0 nettoyer: Lavage en machine<\/li>\n<li>Niveau d&#8217;utilisation maximum: 10 lavages<\/li>\n<li>Inclut: x1 Sac (3 uds)<\/li>\n<li>Homologu\u00e9: Utilisation pratique, simple et s\u00fbre<\/li>\n<li>Conforme \u00e0 la norme:\n<ul>\n<li>UNE-0065:2020<\/li>\n<li>UNE-0064-1:2020<\/li>\n<li>UNE-EN 14683:2019+AC:2019<\/li>\n<\/ul>\n<\/li>\n<li>Couleur:\n<ul>\n<li>Noir<\/li>\n<li>Blanc<\/li>\n<\/ul>\n<\/li>\n<\/ul>\n<p>Informations importantes: Pour une protection effective, il est essentiel d&#8217;assurer un placement correct.<\/p>","protected":false},"excerpt":{"rendered":"<p>Si vous \u00eates \u00e0 la recherche de nouvelles tendances sur le march\u00e9, nous vous pr\u00e9sentons Masque en tissu hygi\u00e9nique r\u00e9utilisable Gas Luanvi Taille M Pack de 3 unit\u00e9s ! Masque adapt\u00e9 \u00e0 la protection des voies respiratoires dans les cas de contamination atmosph\u00e9rique, salet\u00e9, poussi\u00e8re, germes, allergies saisonni\u00e8res, fum\u00e9e, gaz et fum\u00e9es automobiles et autres, [&hellip;]<\/p>\n","protected":false},"featured_media":179857,"comment_status":"open","ping_status":"closed","template":"","meta":[],"product_brand":[1916],"product_cat":[63,1827,1825,776,1218,752,1826,1796],"product_tag":[213,567,165,164],"woo-feed-brand":[],"class_list":{"0":"post-179862","1":"product","2":"type-product","3":"status-publish","4":"has-post-thumbnail","6":"product_brand-brandp_3010","7":"product_cat-cadeaux-originaux","8":"product_cat-cadeaux-pour-seniors","9":"product_cat-cadeaux-pour-soins-personnels","10":"product_cat-detente-et-bien-etre","11":"product_cat-produits-de-detente","12":"product_cat-sante-beaute","13":"product_cat-teleachat-vu-a-la-television-sante-et-beaute-teleshop","14":"product_cat-teleachat-vu-a-la-television","15":"product_tag-tag_933","16":"product_tag-tag_556","17":"product_tag-tag_69","18":"product_tag-tag_152","20":"first","21":"instock","22":"taxable","23":"shipping-taxable","24":"purchasable","25":"product-type-simple"},"yoast_head":"<!-- This site is optimized with the Yoast SEO plugin v27.6 - https:\/\/yoast.com\/product\/yoast-seo-wordpress\/ -->\n<title>Masque en tissu hygi\u00e9nique r\u00e9utilisable Gas Luanvi Taille M Pack de 3 unit\u00e9s | | Tupique<\/title>\n<meta name=\"description\" content=\"Envie d&#039;acheter Masque en tissu hygi\u00e9nique r\u00e9utilisable Gas Luanvi Taille M Pack de 3 unit\u00e9s\u00a0? Achetez Masque en tissu hygi\u00e9nique r\u00e9utilisable Gas Luanvi Taille M Pack de 3 unit\u00e9s maintenant avec Tupique en 3 versements sans int\u00e9r\u00eat.\" \/>\n<meta name=\"robots\" content=\"index, follow, max-snippet:-1, max-image-preview:large, max-video-preview:-1\" \/>\n<link rel=\"canonical\" href=\"https:\/\/tupique.com\/pt\/product\/masque-en-tissu-hygienique-reutilisable-gas-luanvi-taille-m-pack-de-3-unites\/\" \/>\n<meta property=\"og:locale\" content=\"pt_PT\" \/>\n<meta property=\"og:type\" content=\"article\" \/>\n<meta property=\"og:title\" content=\"Masque en tissu hygi\u00e9nique r\u00e9utilisable Gas Luanvi Taille M Pack de 3 unit\u00e9s | | Tupique\" \/>\n<meta property=\"og:description\" content=\"Envie d&#039;acheter Masque en tissu hygi\u00e9nique r\u00e9utilisable Gas Luanvi Taille M Pack de 3 unit\u00e9s\u00a0? Achetez Masque en tissu hygi\u00e9nique r\u00e9utilisable Gas Luanvi Taille M Pack de 3 unit\u00e9s maintenant avec Tupique en 3 versements sans int\u00e9r\u00eat.\" \/>\n<meta property=\"og:url\" content=\"https:\/\/tupique.com\/pt\/product\/masque-en-tissu-hygienique-reutilisable-gas-luanvi-taille-m-pack-de-3-unites\/\" \/>\n<meta property=\"og:site_name\" content=\"Tupique\" \/>\n<meta property=\"article:modified_time\" content=\"2026-05-11T19:18:31+00:00\" \/>\n<meta property=\"og:image\" content=\"https:\/\/tupique.com\/wp-content\/uploads\/2026\/05\/8445130138476_S3206855_0001.jpg\" \/>\n\t<meta property=\"og:image:width\" content=\"1200\" \/>\n\t<meta property=\"og:image:height\" content=\"1200\" \/>\n\t<meta property=\"og:image:type\" content=\"image\/jpeg\" \/>\n<meta name=\"twitter:card\" content=\"summary_large_image\" \/>\n<meta name=\"twitter:label1\" content=\"Tempo estimado de leitura\" \/>\n\t<meta name=\"twitter:data1\" content=\"1 minuto\" \/>\n<script type=\"application\/ld+json\" class=\"yoast-schema-graph\">{\"@context\":\"https:\\\/\\\/schema.org\",\"@graph\":[{\"@type\":\"WebPage\",\"@id\":\"https:\\\/\\\/tupique.com\\\/en\\\/product\\\/masque-en-tissu-hygienique-reutilisable-gas-luanvi-taille-m-pack-de-3-unites\\\/\",\"url\":\"https:\\\/\\\/tupique.com\\\/en\\\/product\\\/masque-en-tissu-hygienique-reutilisable-gas-luanvi-taille-m-pack-de-3-unites\\\/\",\"name\":\"Masque en tissu hygi\u00e9nique r\u00e9utilisable Gas Luanvi Taille M Pack de 3 unit\u00e9s | | Tupique\",\"isPartOf\":{\"@id\":\"https:\\\/\\\/tupique.com\\\/#website\"},\"primaryImageOfPage\":{\"@id\":\"https:\\\/\\\/tupique.com\\\/en\\\/product\\\/masque-en-tissu-hygienique-reutilisable-gas-luanvi-taille-m-pack-de-3-unites\\\/#primaryimage\"},\"image\":{\"@id\":\"https:\\\/\\\/tupique.com\\\/en\\\/product\\\/masque-en-tissu-hygienique-reutilisable-gas-luanvi-taille-m-pack-de-3-unites\\\/#primaryimage\"},\"thumbnailUrl\":\"https:\\\/\\\/tupique.com\\\/wp-content\\\/uploads\\\/2026\\\/05\\\/8445130138476_S3206855_0001.jpg\",\"datePublished\":\"2026-05-11T10:17:15+00:00\",\"dateModified\":\"2026-05-11T19:18:31+00:00\",\"description\":\"Envie d'acheter Masque en tissu hygi\u00e9nique r\u00e9utilisable Gas Luanvi Taille M Pack de 3 unit\u00e9s\u00a0? Achetez Masque en tissu hygi\u00e9nique r\u00e9utilisable Gas Luanvi Taille M Pack de 3 unit\u00e9s maintenant avec Tupique en 3 versements sans int\u00e9r\u00eat.\",\"breadcrumb\":{\"@id\":\"https:\\\/\\\/tupique.com\\\/en\\\/product\\\/masque-en-tissu-hygienique-reutilisable-gas-luanvi-taille-m-pack-de-3-unites\\\/#breadcrumb\"},\"inLanguage\":\"pt-PT\",\"potentialAction\":[{\"@type\":\"ReadAction\",\"target\":[\"https:\\\/\\\/tupique.com\\\/en\\\/product\\\/masque-en-tissu-hygienique-reutilisable-gas-luanvi-taille-m-pack-de-3-unites\\\/\"]}]},{\"@type\":\"ImageObject\",\"inLanguage\":\"pt-PT\",\"@id\":\"https:\\\/\\\/tupique.com\\\/en\\\/product\\\/masque-en-tissu-hygienique-reutilisable-gas-luanvi-taille-m-pack-de-3-unites\\\/#primaryimage\",\"url\":\"https:\\\/\\\/tupique.com\\\/wp-content\\\/uploads\\\/2026\\\/05\\\/8445130138476_S3206855_0001.jpg\",\"contentUrl\":\"https:\\\/\\\/tupique.com\\\/wp-content\\\/uploads\\\/2026\\\/05\\\/8445130138476_S3206855_0001.jpg\",\"width\":1200,\"height\":1200,\"caption\":\"S3206855_0\"},{\"@type\":\"BreadcrumbList\",\"@id\":\"https:\\\/\\\/tupique.com\\\/en\\\/product\\\/masque-en-tissu-hygienique-reutilisable-gas-luanvi-taille-m-pack-de-3-unites\\\/#breadcrumb\",\"itemListElement\":[{\"@type\":\"ListItem\",\"position\":1,\"name\":\"commencer\",\"item\":\"https:\\\/\\\/tupique.com\\\/\"},{\"@type\":\"ListItem\",\"position\":2,\"name\":\"Loja\",\"item\":\"https:\\\/\\\/tupique.com\\\/pt\\\/loja\\\/\"},{\"@type\":\"ListItem\",\"position\":3,\"name\":\"Masque en tissu hygi\u00e9nique r\u00e9utilisable Gas Luanvi Taille M Pack de 3 unit\u00e9s\"}]},{\"@type\":\"WebSite\",\"@id\":\"https:\\\/\\\/tupique.com\\\/#website\",\"url\":\"https:\\\/\\\/tupique.com\\\/\",\"name\":\"Tupique\",\"description\":\"\",\"publisher\":{\"@id\":\"https:\\\/\\\/tupique.com\\\/#organization\"},\"potentialAction\":[{\"@type\":\"SearchAction\",\"target\":{\"@type\":\"EntryPoint\",\"urlTemplate\":\"https:\\\/\\\/tupique.com\\\/?s={search_term_string}\"},\"query-input\":{\"@type\":\"PropertyValueSpecification\",\"valueRequired\":true,\"valueName\":\"search_term_string\"}}],\"inLanguage\":\"pt-PT\"},{\"@type\":\"Organization\",\"@id\":\"https:\\\/\\\/tupique.com\\\/#organization\",\"name\":\"Tupique\",\"url\":\"https:\\\/\\\/tupique.com\\\/\",\"logo\":{\"@type\":\"ImageObject\",\"inLanguage\":\"pt-PT\",\"@id\":\"https:\\\/\\\/tupique.com\\\/#\\\/schema\\\/logo\\\/image\\\/\",\"url\":\"https:\\\/\\\/tupique.com\\\/wp-content\\\/uploads\\\/2026\\\/03\\\/logo-tupique-1.webp\",\"contentUrl\":\"https:\\\/\\\/tupique.com\\\/wp-content\\\/uploads\\\/2026\\\/03\\\/logo-tupique-1.webp\",\"width\":500,\"height\":67,\"caption\":\"Tupique\"},\"image\":{\"@id\":\"https:\\\/\\\/tupique.com\\\/#\\\/schema\\\/logo\\\/image\\\/\"}}]}<\/script>\n<!-- \/ Yoast SEO plugin. -->","yoast_head_json":{"title":"Masque en tissu hygi\u00e9nique r\u00e9utilisable Gas Luanvi Taille M Pack de 3 unit\u00e9s | | Tupique","description":"Envie d'acheter Masque en tissu hygi\u00e9nique r\u00e9utilisable Gas Luanvi Taille M Pack de 3 unit\u00e9s\u00a0? Achetez Masque en tissu hygi\u00e9nique r\u00e9utilisable Gas Luanvi Taille M Pack de 3 unit\u00e9s maintenant avec Tupique en 3 versements sans int\u00e9r\u00eat.","robots":{"index":"index","follow":"follow","max-snippet":"max-snippet:-1","max-image-preview":"max-image-preview:large","max-video-preview":"max-video-preview:-1"},"canonical":"https:\/\/tupique.com\/pt\/product\/masque-en-tissu-hygienique-reutilisable-gas-luanvi-taille-m-pack-de-3-unites\/","og_locale":"pt_PT","og_type":"article","og_title":"Masque en tissu hygi\u00e9nique r\u00e9utilisable Gas Luanvi Taille M Pack de 3 unit\u00e9s | | Tupique","og_description":"Envie d'acheter Masque en tissu hygi\u00e9nique r\u00e9utilisable Gas Luanvi Taille M Pack de 3 unit\u00e9s\u00a0? Achetez Masque en tissu hygi\u00e9nique r\u00e9utilisable Gas Luanvi Taille M Pack de 3 unit\u00e9s maintenant avec Tupique en 3 versements sans int\u00e9r\u00eat.","og_url":"https:\/\/tupique.com\/pt\/product\/masque-en-tissu-hygienique-reutilisable-gas-luanvi-taille-m-pack-de-3-unites\/","og_site_name":"Tupique","article_modified_time":"2026-05-11T19:18:31+00:00","og_image":[{"width":1200,"height":1200,"url":"https:\/\/tupique.com\/wp-content\/uploads\/2026\/05\/8445130138476_S3206855_0001.jpg","type":"image\/jpeg"}],"twitter_card":"summary_large_image","twitter_misc":{"Tempo estimado de leitura":"1 minuto"},"schema":{"@context":"https:\/\/schema.org","@graph":[{"@type":"WebPage","@id":"https:\/\/tupique.com\/en\/product\/masque-en-tissu-hygienique-reutilisable-gas-luanvi-taille-m-pack-de-3-unites\/","url":"https:\/\/tupique.com\/en\/product\/masque-en-tissu-hygienique-reutilisable-gas-luanvi-taille-m-pack-de-3-unites\/","name":"Masque en tissu hygi\u00e9nique r\u00e9utilisable Gas Luanvi Taille M Pack de 3 unit\u00e9s | | Tupique","isPartOf":{"@id":"https:\/\/tupique.com\/#website"},"primaryImageOfPage":{"@id":"https:\/\/tupique.com\/en\/product\/masque-en-tissu-hygienique-reutilisable-gas-luanvi-taille-m-pack-de-3-unites\/#primaryimage"},"image":{"@id":"https:\/\/tupique.com\/en\/product\/masque-en-tissu-hygienique-reutilisable-gas-luanvi-taille-m-pack-de-3-unites\/#primaryimage"},"thumbnailUrl":"https:\/\/tupique.com\/wp-content\/uploads\/2026\/05\/8445130138476_S3206855_0001.jpg","datePublished":"2026-05-11T10:17:15+00:00","dateModified":"2026-05-11T19:18:31+00:00","description":"Envie d'acheter Masque en tissu hygi\u00e9nique r\u00e9utilisable Gas Luanvi Taille M Pack de 3 unit\u00e9s\u00a0? Achetez Masque en tissu hygi\u00e9nique r\u00e9utilisable Gas Luanvi Taille M Pack de 3 unit\u00e9s maintenant avec Tupique en 3 versements sans int\u00e9r\u00eat.","breadcrumb":{"@id":"https:\/\/tupique.com\/en\/product\/masque-en-tissu-hygienique-reutilisable-gas-luanvi-taille-m-pack-de-3-unites\/#breadcrumb"},"inLanguage":"pt-PT","potentialAction":[{"@type":"ReadAction","target":["https:\/\/tupique.com\/en\/product\/masque-en-tissu-hygienique-reutilisable-gas-luanvi-taille-m-pack-de-3-unites\/"]}]},{"@type":"ImageObject","inLanguage":"pt-PT","@id":"https:\/\/tupique.com\/en\/product\/masque-en-tissu-hygienique-reutilisable-gas-luanvi-taille-m-pack-de-3-unites\/#primaryimage","url":"https:\/\/tupique.com\/wp-content\/uploads\/2026\/05\/8445130138476_S3206855_0001.jpg","contentUrl":"https:\/\/tupique.com\/wp-content\/uploads\/2026\/05\/8445130138476_S3206855_0001.jpg","width":1200,"height":1200,"caption":"S3206855_0"},{"@type":"BreadcrumbList","@id":"https:\/\/tupique.com\/en\/product\/masque-en-tissu-hygienique-reutilisable-gas-luanvi-taille-m-pack-de-3-unites\/#breadcrumb","itemListElement":[{"@type":"ListItem","position":1,"name":"commencer","item":"https:\/\/tupique.com\/"},{"@type":"ListItem","position":2,"name":"Loja","item":"https:\/\/tupique.com\/pt\/loja\/"},{"@type":"ListItem","position":3,"name":"Masque en tissu hygi\u00e9nique r\u00e9utilisable Gas Luanvi Taille M Pack de 3 unit\u00e9s"}]},{"@type":"WebSite","@id":"https:\/\/tupique.com\/#website","url":"https:\/\/tupique.com\/","name":"Tupique","description":"","publisher":{"@id":"https:\/\/tupique.com\/#organization"},"potentialAction":[{"@type":"SearchAction","target":{"@type":"EntryPoint","urlTemplate":"https:\/\/tupique.com\/?s={search_term_string}"},"query-input":{"@type":"PropertyValueSpecification","valueRequired":true,"valueName":"search_term_string"}}],"inLanguage":"pt-PT"},{"@type":"Organization","@id":"https:\/\/tupique.com\/#organization","name":"Tupique","url":"https:\/\/tupique.com\/","logo":{"@type":"ImageObject","inLanguage":"pt-PT","@id":"https:\/\/tupique.com\/#\/schema\/logo\/image\/","url":"https:\/\/tupique.com\/wp-content\/uploads\/2026\/03\/logo-tupique-1.webp","contentUrl":"https:\/\/tupique.com\/wp-content\/uploads\/2026\/03\/logo-tupique-1.webp","width":500,"height":67,"caption":"Tupique"},"image":{"@id":"https:\/\/tupique.com\/#\/schema\/logo\/image\/"}}]}},"_links":{"self":[{"href":"https:\/\/tupique.com\/pt\/wp-json\/wp\/v2\/product\/179862","targetHints":{"allow":["GET"]}}],"collection":[{"href":"https:\/\/tupique.com\/pt\/wp-json\/wp\/v2\/product"}],"about":[{"href":"https:\/\/tupique.com\/pt\/wp-json\/wp\/v2\/types\/product"}],"replies":[{"embeddable":true,"href":"https:\/\/tupique.com\/pt\/wp-json\/wp\/v2\/comments?post=179862"}],"wp:featuredmedia":[{"embeddable":true,"href":"https:\/\/tupique.com\/pt\/wp-json\/wp\/v2\/media\/179857"}],"wp:attachment":[{"href":"https:\/\/tupique.com\/pt\/wp-json\/wp\/v2\/media?parent=179862"}],"wp:term":[{"taxonomy":"product_brand","embeddable":true,"href":"https:\/\/tupique.com\/pt\/wp-json\/wp\/v2\/product_brand?post=179862"},{"taxonomy":"product_cat","embeddable":true,"href":"https:\/\/tupique.com\/pt\/wp-json\/wp\/v2\/product_cat?post=179862"},{"taxonomy":"product_tag","embeddable":true,"href":"https:\/\/tupique.com\/pt\/wp-json\/wp\/v2\/product_tag?post=179862"},{"taxonomy":"woo-feed-brand","embeddable":true,"href":"https:\/\/tupique.com\/pt\/wp-json\/wp\/v2\/woo-feed-brand?post=179862"}],"curies":[{"name":"wp","href":"https:\/\/api.w.org\/{rel}","templated":true}]}}