{"id":179925,"date":"2026-05-11T12:25:44","date_gmt":"2026-05-11T10:25:44","guid":{"rendered":"https:\/\/tupique.com\/product\/ensemble-de-bougies-lady-at-night-acorde-turquoise\/"},"modified":"2026-05-11T21:18:32","modified_gmt":"2026-05-11T19:18:32","slug":"ensemble-de-bougies-lady-at-night-acorde-turquoise","status":"publish","type":"product","link":"https:\/\/tupique.com\/pt\/product\/ensemble-de-bougies-lady-at-night-acorde-turquoise\/","title":{"rendered":"Ensemble de Bougies Lady at Night Acorde Turquoise"},"content":{"rendered":"<p>Si vous aimez prendre soin de chaque d\u00e9tail de votre maison et d&#8217;\u00eatre \u00e0 la derni\u00e8re mode en mati\u00e8re de produits qui vous rendront la vie plus facile, achetez <b>Ensemble de Bougies Lady at Night Acorde Turquoise<\/b> au meilleur prix.<\/p>\n<ul>\n<li>Ar\u00f4me: Fleurs<\/li>\n<li>Type: Ensemble de Bougies<\/li>\n<li>Couleur: Turquoise<\/li>\n<li>Mati\u00e8re: Cire<\/li>\n<li>Dimensions approx.: 11,5 x 2 x 17 cm<\/li>\n<\/ul>","protected":false},"excerpt":{"rendered":"<p>Si vous aimez prendre soin de chaque d\u00e9tail de votre maison et d&#8217;\u00eatre \u00e0 la derni\u00e8re mode en mati\u00e8re de produits qui vous rendront la vie plus facile, achetez Ensemble de Bougies Lady at Night Acorde Turquoise au meilleur prix. Ar\u00f4me: Fleurs Type: Ensemble de Bougies Couleur: Turquoise Mati\u00e8re: Cire Dimensions approx.: 11,5 x 2 [&hellip;]<\/p>\n","protected":false},"featured_media":179924,"comment_status":"open","ping_status":"closed","template":"","meta":[],"product_brand":[1921],"product_cat":[1875,1430,239],"product_tag":[101],"woo-feed-brand":[],"class_list":{"0":"post-179925","1":"product","2":"type-product","3":"status-publish","4":"has-post-thumbnail","6":"product_brand-brandp_4193","7":"product_cat-bougies-et-chandeliers","8":"product_cat-decoration-et-eclairage","9":"product_cat-maison-jardin","10":"product_tag-tag_599","12":"first","13":"instock","14":"taxable","15":"shipping-taxable","16":"purchasable","17":"product-type-simple"},"yoast_head":"<!-- This site is optimized with the Yoast SEO plugin v27.5 - https:\/\/yoast.com\/product\/yoast-seo-wordpress\/ -->\n<title>Ensemble de Bougies Lady at Night Acorde Turquoise | | Tupique<\/title>\n<meta name=\"description\" content=\"Envie d&#039;acheter Ensemble de Bougies Lady at Night Acorde Turquoise\u00a0? Achetez Ensemble de Bougies Lady at Night Acorde Turquoise maintenant avec Tupique en 3 versements sans int\u00e9r\u00eat.\" \/>\n<meta name=\"robots\" content=\"index, follow, max-snippet:-1, max-image-preview:large, max-video-preview:-1\" \/>\n<link rel=\"canonical\" href=\"https:\/\/tupique.com\/pt\/product\/ensemble-de-bougies-lady-at-night-acorde-turquoise\/\" \/>\n<meta property=\"og:locale\" content=\"pt_PT\" \/>\n<meta property=\"og:type\" content=\"article\" \/>\n<meta property=\"og:title\" content=\"Ensemble de Bougies Lady at Night Acorde Turquoise | | Tupique\" \/>\n<meta property=\"og:description\" content=\"Envie d&#039;acheter Ensemble de Bougies Lady at Night Acorde Turquoise\u00a0? Achetez Ensemble de Bougies Lady at Night Acorde Turquoise maintenant avec Tupique en 3 versements sans int\u00e9r\u00eat.\" \/>\n<meta property=\"og:url\" content=\"https:\/\/tupique.com\/pt\/product\/ensemble-de-bougies-lady-at-night-acorde-turquoise\/\" \/>\n<meta property=\"og:site_name\" content=\"Tupique\" \/>\n<meta property=\"article:modified_time\" content=\"2026-05-11T19:18:32+00:00\" \/>\n<meta property=\"og:image\" content=\"https:\/\/tupique.com\/wp-content\/uploads\/2026\/05\/8430852187543_00_WBG3.jpg\" \/>\n\t<meta property=\"og:image:width\" content=\"1200\" \/>\n\t<meta property=\"og:image:height\" content=\"1200\" \/>\n\t<meta property=\"og:image:type\" content=\"image\/jpeg\" \/>\n<meta name=\"twitter:card\" content=\"summary_large_image\" \/>\n<script type=\"application\/ld+json\" class=\"yoast-schema-graph\">{\"@context\":\"https:\\\/\\\/schema.org\",\"@graph\":[{\"@type\":\"WebPage\",\"@id\":\"https:\\\/\\\/tupique.com\\\/pt\\\/product\\\/ensemble-de-bougies-lady-at-night-acorde-turquoise\\\/\",\"url\":\"https:\\\/\\\/tupique.com\\\/pt\\\/product\\\/ensemble-de-bougies-lady-at-night-acorde-turquoise\\\/\",\"name\":\"Ensemble de Bougies Lady at Night Acorde Turquoise | | Tupique\",\"isPartOf\":{\"@id\":\"https:\\\/\\\/tupique.com\\\/#website\"},\"primaryImageOfPage\":{\"@id\":\"https:\\\/\\\/tupique.com\\\/pt\\\/product\\\/ensemble-de-bougies-lady-at-night-acorde-turquoise\\\/#primaryimage\"},\"image\":{\"@id\":\"https:\\\/\\\/tupique.com\\\/pt\\\/product\\\/ensemble-de-bougies-lady-at-night-acorde-turquoise\\\/#primaryimage\"},\"thumbnailUrl\":\"https:\\\/\\\/tupique.com\\\/wp-content\\\/uploads\\\/2026\\\/05\\\/8430852187543_00_WBG3.jpg\",\"datePublished\":\"2026-05-11T10:25:44+00:00\",\"dateModified\":\"2026-05-11T19:18:32+00:00\",\"description\":\"Envie d'acheter Ensemble de Bougies Lady at Night Acorde Turquoise\u00a0? Achetez Ensemble de Bougies Lady at Night Acorde Turquoise maintenant avec Tupique en 3 versements sans int\u00e9r\u00eat.\",\"breadcrumb\":{\"@id\":\"https:\\\/\\\/tupique.com\\\/pt\\\/product\\\/ensemble-de-bougies-lady-at-night-acorde-turquoise\\\/#breadcrumb\"},\"inLanguage\":\"pt-PT\",\"potentialAction\":[{\"@type\":\"ReadAction\",\"target\":[\"https:\\\/\\\/tupique.com\\\/pt\\\/product\\\/ensemble-de-bougies-lady-at-night-acorde-turquoise\\\/\"]}]},{\"@type\":\"ImageObject\",\"inLanguage\":\"pt-PT\",\"@id\":\"https:\\\/\\\/tupique.com\\\/pt\\\/product\\\/ensemble-de-bougies-lady-at-night-acorde-turquoise\\\/#primaryimage\",\"url\":\"https:\\\/\\\/tupique.com\\\/wp-content\\\/uploads\\\/2026\\\/05\\\/8430852187543_00_WBG3.jpg\",\"contentUrl\":\"https:\\\/\\\/tupique.com\\\/wp-content\\\/uploads\\\/2026\\\/05\\\/8430852187543_00_WBG3.jpg\",\"width\":1200,\"height\":1200,\"caption\":\"S3600166_0\"},{\"@type\":\"BreadcrumbList\",\"@id\":\"https:\\\/\\\/tupique.com\\\/pt\\\/product\\\/ensemble-de-bougies-lady-at-night-acorde-turquoise\\\/#breadcrumb\",\"itemListElement\":[{\"@type\":\"ListItem\",\"position\":1,\"name\":\"commencer\",\"item\":\"https:\\\/\\\/tupique.com\\\/\"},{\"@type\":\"ListItem\",\"position\":2,\"name\":\"Loja\",\"item\":\"https:\\\/\\\/tupique.com\\\/pt\\\/loja\\\/\"},{\"@type\":\"ListItem\",\"position\":3,\"name\":\"Ensemble de Bougies Lady at Night Acorde Turquoise\"}]},{\"@type\":\"WebSite\",\"@id\":\"https:\\\/\\\/tupique.com\\\/#website\",\"url\":\"https:\\\/\\\/tupique.com\\\/\",\"name\":\"Tupique\",\"description\":\"\",\"publisher\":{\"@id\":\"https:\\\/\\\/tupique.com\\\/#organization\"},\"potentialAction\":[{\"@type\":\"SearchAction\",\"target\":{\"@type\":\"EntryPoint\",\"urlTemplate\":\"https:\\\/\\\/tupique.com\\\/?s={search_term_string}\"},\"query-input\":{\"@type\":\"PropertyValueSpecification\",\"valueRequired\":true,\"valueName\":\"search_term_string\"}}],\"inLanguage\":\"pt-PT\"},{\"@type\":\"Organization\",\"@id\":\"https:\\\/\\\/tupique.com\\\/#organization\",\"name\":\"Tupique\",\"url\":\"https:\\\/\\\/tupique.com\\\/\",\"logo\":{\"@type\":\"ImageObject\",\"inLanguage\":\"pt-PT\",\"@id\":\"https:\\\/\\\/tupique.com\\\/#\\\/schema\\\/logo\\\/image\\\/\",\"url\":\"https:\\\/\\\/tupique.com\\\/wp-content\\\/uploads\\\/2026\\\/03\\\/logo-tupique-1.webp\",\"contentUrl\":\"https:\\\/\\\/tupique.com\\\/wp-content\\\/uploads\\\/2026\\\/03\\\/logo-tupique-1.webp\",\"width\":500,\"height\":67,\"caption\":\"Tupique\"},\"image\":{\"@id\":\"https:\\\/\\\/tupique.com\\\/#\\\/schema\\\/logo\\\/image\\\/\"}}]}<\/script>\n<!-- \/ Yoast SEO plugin. -->","yoast_head_json":{"title":"Ensemble de Bougies Lady at Night Acorde Turquoise | | Tupique","description":"Envie d'acheter Ensemble de Bougies Lady at Night Acorde Turquoise\u00a0? Achetez Ensemble de Bougies Lady at Night Acorde Turquoise maintenant avec Tupique en 3 versements sans int\u00e9r\u00eat.","robots":{"index":"index","follow":"follow","max-snippet":"max-snippet:-1","max-image-preview":"max-image-preview:large","max-video-preview":"max-video-preview:-1"},"canonical":"https:\/\/tupique.com\/pt\/product\/ensemble-de-bougies-lady-at-night-acorde-turquoise\/","og_locale":"pt_PT","og_type":"article","og_title":"Ensemble de Bougies Lady at Night Acorde Turquoise | | Tupique","og_description":"Envie d'acheter Ensemble de Bougies Lady at Night Acorde Turquoise\u00a0? Achetez Ensemble de Bougies Lady at Night Acorde Turquoise maintenant avec Tupique en 3 versements sans int\u00e9r\u00eat.","og_url":"https:\/\/tupique.com\/pt\/product\/ensemble-de-bougies-lady-at-night-acorde-turquoise\/","og_site_name":"Tupique","article_modified_time":"2026-05-11T19:18:32+00:00","og_image":[{"width":1200,"height":1200,"url":"https:\/\/tupique.com\/wp-content\/uploads\/2026\/05\/8430852187543_00_WBG3.jpg","type":"image\/jpeg"}],"twitter_card":"summary_large_image","schema":{"@context":"https:\/\/schema.org","@graph":[{"@type":"WebPage","@id":"https:\/\/tupique.com\/pt\/product\/ensemble-de-bougies-lady-at-night-acorde-turquoise\/","url":"https:\/\/tupique.com\/pt\/product\/ensemble-de-bougies-lady-at-night-acorde-turquoise\/","name":"Ensemble de Bougies Lady at Night Acorde Turquoise | | Tupique","isPartOf":{"@id":"https:\/\/tupique.com\/#website"},"primaryImageOfPage":{"@id":"https:\/\/tupique.com\/pt\/product\/ensemble-de-bougies-lady-at-night-acorde-turquoise\/#primaryimage"},"image":{"@id":"https:\/\/tupique.com\/pt\/product\/ensemble-de-bougies-lady-at-night-acorde-turquoise\/#primaryimage"},"thumbnailUrl":"https:\/\/tupique.com\/wp-content\/uploads\/2026\/05\/8430852187543_00_WBG3.jpg","datePublished":"2026-05-11T10:25:44+00:00","dateModified":"2026-05-11T19:18:32+00:00","description":"Envie d'acheter Ensemble de Bougies Lady at Night Acorde Turquoise\u00a0? Achetez Ensemble de Bougies Lady at Night Acorde Turquoise maintenant avec Tupique en 3 versements sans int\u00e9r\u00eat.","breadcrumb":{"@id":"https:\/\/tupique.com\/pt\/product\/ensemble-de-bougies-lady-at-night-acorde-turquoise\/#breadcrumb"},"inLanguage":"pt-PT","potentialAction":[{"@type":"ReadAction","target":["https:\/\/tupique.com\/pt\/product\/ensemble-de-bougies-lady-at-night-acorde-turquoise\/"]}]},{"@type":"ImageObject","inLanguage":"pt-PT","@id":"https:\/\/tupique.com\/pt\/product\/ensemble-de-bougies-lady-at-night-acorde-turquoise\/#primaryimage","url":"https:\/\/tupique.com\/wp-content\/uploads\/2026\/05\/8430852187543_00_WBG3.jpg","contentUrl":"https:\/\/tupique.com\/wp-content\/uploads\/2026\/05\/8430852187543_00_WBG3.jpg","width":1200,"height":1200,"caption":"S3600166_0"},{"@type":"BreadcrumbList","@id":"https:\/\/tupique.com\/pt\/product\/ensemble-de-bougies-lady-at-night-acorde-turquoise\/#breadcrumb","itemListElement":[{"@type":"ListItem","position":1,"name":"commencer","item":"https:\/\/tupique.com\/"},{"@type":"ListItem","position":2,"name":"Loja","item":"https:\/\/tupique.com\/pt\/loja\/"},{"@type":"ListItem","position":3,"name":"Ensemble de Bougies Lady at Night Acorde Turquoise"}]},{"@type":"WebSite","@id":"https:\/\/tupique.com\/#website","url":"https:\/\/tupique.com\/","name":"Tupique","description":"","publisher":{"@id":"https:\/\/tupique.com\/#organization"},"potentialAction":[{"@type":"SearchAction","target":{"@type":"EntryPoint","urlTemplate":"https:\/\/tupique.com\/?s={search_term_string}"},"query-input":{"@type":"PropertyValueSpecification","valueRequired":true,"valueName":"search_term_string"}}],"inLanguage":"pt-PT"},{"@type":"Organization","@id":"https:\/\/tupique.com\/#organization","name":"Tupique","url":"https:\/\/tupique.com\/","logo":{"@type":"ImageObject","inLanguage":"pt-PT","@id":"https:\/\/tupique.com\/#\/schema\/logo\/image\/","url":"https:\/\/tupique.com\/wp-content\/uploads\/2026\/03\/logo-tupique-1.webp","contentUrl":"https:\/\/tupique.com\/wp-content\/uploads\/2026\/03\/logo-tupique-1.webp","width":500,"height":67,"caption":"Tupique"},"image":{"@id":"https:\/\/tupique.com\/#\/schema\/logo\/image\/"}}]}},"_links":{"self":[{"href":"https:\/\/tupique.com\/pt\/wp-json\/wp\/v2\/product\/179925","targetHints":{"allow":["GET"]}}],"collection":[{"href":"https:\/\/tupique.com\/pt\/wp-json\/wp\/v2\/product"}],"about":[{"href":"https:\/\/tupique.com\/pt\/wp-json\/wp\/v2\/types\/product"}],"replies":[{"embeddable":true,"href":"https:\/\/tupique.com\/pt\/wp-json\/wp\/v2\/comments?post=179925"}],"wp:featuredmedia":[{"embeddable":true,"href":"https:\/\/tupique.com\/pt\/wp-json\/wp\/v2\/media\/179924"}],"wp:attachment":[{"href":"https:\/\/tupique.com\/pt\/wp-json\/wp\/v2\/media?parent=179925"}],"wp:term":[{"taxonomy":"product_brand","embeddable":true,"href":"https:\/\/tupique.com\/pt\/wp-json\/wp\/v2\/product_brand?post=179925"},{"taxonomy":"product_cat","embeddable":true,"href":"https:\/\/tupique.com\/pt\/wp-json\/wp\/v2\/product_cat?post=179925"},{"taxonomy":"product_tag","embeddable":true,"href":"https:\/\/tupique.com\/pt\/wp-json\/wp\/v2\/product_tag?post=179925"},{"taxonomy":"woo-feed-brand","embeddable":true,"href":"https:\/\/tupique.com\/pt\/wp-json\/wp\/v2\/woo-feed-brand?post=179925"}],"curies":[{"name":"wp","href":"https:\/\/api.w.org\/{rel}","templated":true}]}}