{"id":180035,"date":"2026-05-11T12:28:22","date_gmt":"2026-05-11T10:28:22","guid":{"rendered":"https:\/\/tupique.com\/product\/rouge-a-levres-maybelline-5-ml\/"},"modified":"2026-05-11T12:28:22","modified_gmt":"2026-05-11T10:28:22","slug":"rouge-a-levres-maybelline-5-ml","status":"publish","type":"product","link":"https:\/\/tupique.com\/pt\/product\/rouge-a-levres-maybelline-5-ml\/","title":{"rendered":"Rouge \u00e0 l\u00e8vres Maybelline 5 ml"},"content":{"rendered":"<p>Vous cherchez un moyen de booster votre sex-appeal ?<b>&nbsp;Rouge \u00e0 l\u00e8vres Maybelline 5 ml<\/b>&nbsp;est ce qu&#8217;il vous faut ! Essayez d&egrave;s maintenant nos&nbsp;<b>produits Maybelline<\/b>&nbsp;<b>100 % authentiques<\/b>&nbsp;et confiez votre beaut&eacute; aux mains des plus grands professionnels du secteur !<\/p>\n<ul>\n<li>Genre:\n<ul>\n<li>Femme<\/li>\n<li>Unisexe<\/li>\n<\/ul>\n<\/li>\n<li>Capacit\u00e9: 5 ml<\/li>\n<li>Propri\u00e9t\u00e9s: Longue dur\u00e9e<\/li>\n<li>Type: Rouge \u00e0 l\u00e8vres<\/li>\n<li>Utilisation recommand\u00e9e: Tous les types de peau<\/li>\n<li>Couleur:\n<ul>\n<li>N\u00ba 115-Founder<\/li>\n<li>N\u00ba 118-Dancer<\/li>\n<li>N\u00ba 125-Inspirer<\/li>\n<li>N\u00ba 130-Self Destarter<\/li>\n<\/ul>\n<\/li>\n<li>Texture: Liquide<\/li>\n<li>Ingredientes:\n<ul>\n<li>S\u00edlica<\/li>\n<li>Silica silylate<\/li>\n<li>Fluorspar sint\u00e9tico<\/li>\n<li>\u00d3xido de estanho<\/li>\n<li>Trimethylsiloxysilicate<\/li>\n<li>Acrylates copolymer<\/li>\n<li>Aluminum hydroxide<\/li>\n<li>Caprylyl glycol<\/li>\n<li>Citronellol<\/li>\n<li>Dimethicone<\/li>\n<li>Dimethicone crosspolymer<\/li>\n<li>Disodium stearoyl glutamate<\/li>\n<li>Fragr\u00e2ncia (perfume)<\/li>\n<li>Isododecane<\/li>\n<li>Lauroyl lysine<\/li>\n<li>Limonene<\/li>\n<li>Mica<\/li>\n<li>Paraffin<\/li>\n<li>Fenoxietanol<\/li>\n<li>Benzyl alcohol<\/li>\n<li>Benzyl benzoate<\/li>\n<li>Al\u00famina<\/li>\n<li>Calcium Aluminum Borosilicate<\/li>\n<li>Calcium Sodium Borosilicate<\/li>\n<li>Ethylene\/Va Copolymer<\/li>\n<li>Magnesium Silicate<\/li>\n<li>Polybutylene Terephthalate<\/li>\n<li>Polyethylene Terephthalate<\/li>\n<li>CI 77491<\/li>\n<li>CI 77492<\/li>\n<\/ul>\n<\/li>\n<\/ul>","protected":false},"excerpt":{"rendered":"<p>Vous cherchez un moyen de booster votre sex-appeal ?&nbsp;Rouge \u00e0 l\u00e8vres Maybelline 5 ml&nbsp;est ce qu&#8217;il vous faut ! Essayez d&egrave;s maintenant nos&nbsp;produits Maybelline&nbsp;100 % authentiques&nbsp;et confiez votre beaut&eacute; aux mains des plus grands professionnels du secteur ! Genre: Femme Unisexe Capacit\u00e9: 5 ml Propri\u00e9t\u00e9s: Longue dur\u00e9e Type: Rouge \u00e0 l\u00e8vres Utilisation recommand\u00e9e: Tous les [&hellip;]<\/p>\n","protected":false},"featured_media":180020,"comment_status":"open","ping_status":"closed","template":"","meta":[],"product_brand":[1912],"product_cat":[1378,769,1865],"product_tag":[722],"woo-feed-brand":[],"class_list":{"0":"post-180035","1":"product","2":"type-product","3":"status-publish","4":"has-post-thumbnail","6":"product_brand-brandp_434","7":"product_cat-cosmetiques","8":"product_cat-parfum-cosmetique","9":"product_cat-rouges-a-levres-et-gloss","10":"product_tag-tag_923","12":"first","13":"instock","14":"taxable","15":"shipping-taxable","16":"product-type-variable"},"yoast_head":"<!-- This site is optimized with the Yoast SEO plugin v27.6 - https:\/\/yoast.com\/product\/yoast-seo-wordpress\/ -->\n<title>Rouge \u00e0 l\u00e8vres Maybelline 5 ml | | Tupique<\/title>\n<meta name=\"description\" content=\"Envie d&#039;acheter Rouge \u00e0 l\u00e8vres Maybelline 5 ml\u00a0? Achetez Rouge \u00e0 l\u00e8vres Maybelline 5 ml maintenant avec Tupique en 3 versements sans int\u00e9r\u00eat.\" \/>\n<meta name=\"robots\" content=\"index, follow, max-snippet:-1, max-image-preview:large, max-video-preview:-1\" \/>\n<link rel=\"canonical\" href=\"https:\/\/tupique.com\/pt\/product\/rouge-a-levres-maybelline-5-ml\/\" \/>\n<meta property=\"og:locale\" content=\"pt_PT\" \/>\n<meta property=\"og:type\" content=\"article\" \/>\n<meta property=\"og:title\" content=\"Rouge \u00e0 l\u00e8vres Maybelline 5 ml | | Tupique\" \/>\n<meta property=\"og:description\" content=\"Envie d&#039;acheter Rouge \u00e0 l\u00e8vres Maybelline 5 ml\u00a0? Achetez Rouge \u00e0 l\u00e8vres Maybelline 5 ml maintenant avec Tupique en 3 versements sans int\u00e9r\u00eat.\" \/>\n<meta property=\"og:url\" content=\"https:\/\/tupique.com\/pt\/product\/rouge-a-levres-maybelline-5-ml\/\" \/>\n<meta property=\"og:site_name\" content=\"Tupique\" \/>\n<meta property=\"og:image\" content=\"https:\/\/tupique.com\/wp-content\/uploads\/2026\/05\/3600531513412_0_A03.jpg\" \/>\n\t<meta property=\"og:image:width\" content=\"1200\" \/>\n\t<meta property=\"og:image:height\" content=\"1200\" \/>\n\t<meta property=\"og:image:type\" content=\"image\/jpeg\" \/>\n<meta name=\"twitter:card\" content=\"summary_large_image\" \/>\n<script type=\"application\/ld+json\" class=\"yoast-schema-graph\">{\"@context\":\"https:\\\/\\\/schema.org\",\"@graph\":[{\"@type\":\"WebPage\",\"@id\":\"https:\\\/\\\/tupique.com\\\/product\\\/rouge-a-levres-maybelline-5-ml\\\/\",\"url\":\"https:\\\/\\\/tupique.com\\\/product\\\/rouge-a-levres-maybelline-5-ml\\\/\",\"name\":\"Rouge \u00e0 l\u00e8vres Maybelline 5 ml | | Tupique\",\"isPartOf\":{\"@id\":\"https:\\\/\\\/tupique.com\\\/#website\"},\"primaryImageOfPage\":{\"@id\":\"https:\\\/\\\/tupique.com\\\/product\\\/rouge-a-levres-maybelline-5-ml\\\/#primaryimage\"},\"image\":{\"@id\":\"https:\\\/\\\/tupique.com\\\/product\\\/rouge-a-levres-maybelline-5-ml\\\/#primaryimage\"},\"thumbnailUrl\":\"https:\\\/\\\/tupique.com\\\/wp-content\\\/uploads\\\/2026\\\/05\\\/3600531513412_0_A03.jpg\",\"datePublished\":\"2026-05-11T10:28:22+00:00\",\"description\":\"Envie d'acheter Rouge \u00e0 l\u00e8vres Maybelline 5 ml\u00a0? Achetez Rouge \u00e0 l\u00e8vres Maybelline 5 ml maintenant avec Tupique en 3 versements sans int\u00e9r\u00eat.\",\"breadcrumb\":{\"@id\":\"https:\\\/\\\/tupique.com\\\/product\\\/rouge-a-levres-maybelline-5-ml\\\/#breadcrumb\"},\"inLanguage\":\"pt-PT\",\"potentialAction\":[{\"@type\":\"ReadAction\",\"target\":[\"https:\\\/\\\/tupique.com\\\/product\\\/rouge-a-levres-maybelline-5-ml\\\/\"]}]},{\"@type\":\"ImageObject\",\"inLanguage\":\"pt-PT\",\"@id\":\"https:\\\/\\\/tupique.com\\\/product\\\/rouge-a-levres-maybelline-5-ml\\\/#primaryimage\",\"url\":\"https:\\\/\\\/tupique.com\\\/wp-content\\\/uploads\\\/2026\\\/05\\\/3600531513412_0_A03.jpg\",\"contentUrl\":\"https:\\\/\\\/tupique.com\\\/wp-content\\\/uploads\\\/2026\\\/05\\\/3600531513412_0_A03.jpg\",\"width\":1200,\"height\":1200,\"caption\":\"S0572312_0\"},{\"@type\":\"BreadcrumbList\",\"@id\":\"https:\\\/\\\/tupique.com\\\/product\\\/rouge-a-levres-maybelline-5-ml\\\/#breadcrumb\",\"itemListElement\":[{\"@type\":\"ListItem\",\"position\":1,\"name\":\"commencer\",\"item\":\"https:\\\/\\\/tupique.com\\\/\"},{\"@type\":\"ListItem\",\"position\":2,\"name\":\"Loja\",\"item\":\"https:\\\/\\\/tupique.com\\\/pt\\\/loja\\\/\"},{\"@type\":\"ListItem\",\"position\":3,\"name\":\"Rouge \u00e0 l\u00e8vres Maybelline 5 ml\"}]},{\"@type\":\"WebSite\",\"@id\":\"https:\\\/\\\/tupique.com\\\/#website\",\"url\":\"https:\\\/\\\/tupique.com\\\/\",\"name\":\"Tupique\",\"description\":\"\",\"publisher\":{\"@id\":\"https:\\\/\\\/tupique.com\\\/#organization\"},\"potentialAction\":[{\"@type\":\"SearchAction\",\"target\":{\"@type\":\"EntryPoint\",\"urlTemplate\":\"https:\\\/\\\/tupique.com\\\/?s={search_term_string}\"},\"query-input\":{\"@type\":\"PropertyValueSpecification\",\"valueRequired\":true,\"valueName\":\"search_term_string\"}}],\"inLanguage\":\"pt-PT\"},{\"@type\":\"Organization\",\"@id\":\"https:\\\/\\\/tupique.com\\\/#organization\",\"name\":\"Tupique\",\"url\":\"https:\\\/\\\/tupique.com\\\/\",\"logo\":{\"@type\":\"ImageObject\",\"inLanguage\":\"pt-PT\",\"@id\":\"https:\\\/\\\/tupique.com\\\/#\\\/schema\\\/logo\\\/image\\\/\",\"url\":\"https:\\\/\\\/tupique.com\\\/wp-content\\\/uploads\\\/2026\\\/03\\\/logo-tupique-1.webp\",\"contentUrl\":\"https:\\\/\\\/tupique.com\\\/wp-content\\\/uploads\\\/2026\\\/03\\\/logo-tupique-1.webp\",\"width\":500,\"height\":67,\"caption\":\"Tupique\"},\"image\":{\"@id\":\"https:\\\/\\\/tupique.com\\\/#\\\/schema\\\/logo\\\/image\\\/\"}}]}<\/script>\n<!-- \/ Yoast SEO plugin. -->","yoast_head_json":{"title":"Rouge \u00e0 l\u00e8vres Maybelline 5 ml | | Tupique","description":"Envie d'acheter Rouge \u00e0 l\u00e8vres Maybelline 5 ml\u00a0? Achetez Rouge \u00e0 l\u00e8vres Maybelline 5 ml maintenant avec Tupique en 3 versements sans int\u00e9r\u00eat.","robots":{"index":"index","follow":"follow","max-snippet":"max-snippet:-1","max-image-preview":"max-image-preview:large","max-video-preview":"max-video-preview:-1"},"canonical":"https:\/\/tupique.com\/pt\/product\/rouge-a-levres-maybelline-5-ml\/","og_locale":"pt_PT","og_type":"article","og_title":"Rouge \u00e0 l\u00e8vres Maybelline 5 ml | | Tupique","og_description":"Envie d'acheter Rouge \u00e0 l\u00e8vres Maybelline 5 ml\u00a0? Achetez Rouge \u00e0 l\u00e8vres Maybelline 5 ml maintenant avec Tupique en 3 versements sans int\u00e9r\u00eat.","og_url":"https:\/\/tupique.com\/pt\/product\/rouge-a-levres-maybelline-5-ml\/","og_site_name":"Tupique","og_image":[{"width":1200,"height":1200,"url":"https:\/\/tupique.com\/wp-content\/uploads\/2026\/05\/3600531513412_0_A03.jpg","type":"image\/jpeg"}],"twitter_card":"summary_large_image","schema":{"@context":"https:\/\/schema.org","@graph":[{"@type":"WebPage","@id":"https:\/\/tupique.com\/product\/rouge-a-levres-maybelline-5-ml\/","url":"https:\/\/tupique.com\/product\/rouge-a-levres-maybelline-5-ml\/","name":"Rouge \u00e0 l\u00e8vres Maybelline 5 ml | | Tupique","isPartOf":{"@id":"https:\/\/tupique.com\/#website"},"primaryImageOfPage":{"@id":"https:\/\/tupique.com\/product\/rouge-a-levres-maybelline-5-ml\/#primaryimage"},"image":{"@id":"https:\/\/tupique.com\/product\/rouge-a-levres-maybelline-5-ml\/#primaryimage"},"thumbnailUrl":"https:\/\/tupique.com\/wp-content\/uploads\/2026\/05\/3600531513412_0_A03.jpg","datePublished":"2026-05-11T10:28:22+00:00","description":"Envie d'acheter Rouge \u00e0 l\u00e8vres Maybelline 5 ml\u00a0? Achetez Rouge \u00e0 l\u00e8vres Maybelline 5 ml maintenant avec Tupique en 3 versements sans int\u00e9r\u00eat.","breadcrumb":{"@id":"https:\/\/tupique.com\/product\/rouge-a-levres-maybelline-5-ml\/#breadcrumb"},"inLanguage":"pt-PT","potentialAction":[{"@type":"ReadAction","target":["https:\/\/tupique.com\/product\/rouge-a-levres-maybelline-5-ml\/"]}]},{"@type":"ImageObject","inLanguage":"pt-PT","@id":"https:\/\/tupique.com\/product\/rouge-a-levres-maybelline-5-ml\/#primaryimage","url":"https:\/\/tupique.com\/wp-content\/uploads\/2026\/05\/3600531513412_0_A03.jpg","contentUrl":"https:\/\/tupique.com\/wp-content\/uploads\/2026\/05\/3600531513412_0_A03.jpg","width":1200,"height":1200,"caption":"S0572312_0"},{"@type":"BreadcrumbList","@id":"https:\/\/tupique.com\/product\/rouge-a-levres-maybelline-5-ml\/#breadcrumb","itemListElement":[{"@type":"ListItem","position":1,"name":"commencer","item":"https:\/\/tupique.com\/"},{"@type":"ListItem","position":2,"name":"Loja","item":"https:\/\/tupique.com\/pt\/loja\/"},{"@type":"ListItem","position":3,"name":"Rouge \u00e0 l\u00e8vres Maybelline 5 ml"}]},{"@type":"WebSite","@id":"https:\/\/tupique.com\/#website","url":"https:\/\/tupique.com\/","name":"Tupique","description":"","publisher":{"@id":"https:\/\/tupique.com\/#organization"},"potentialAction":[{"@type":"SearchAction","target":{"@type":"EntryPoint","urlTemplate":"https:\/\/tupique.com\/?s={search_term_string}"},"query-input":{"@type":"PropertyValueSpecification","valueRequired":true,"valueName":"search_term_string"}}],"inLanguage":"pt-PT"},{"@type":"Organization","@id":"https:\/\/tupique.com\/#organization","name":"Tupique","url":"https:\/\/tupique.com\/","logo":{"@type":"ImageObject","inLanguage":"pt-PT","@id":"https:\/\/tupique.com\/#\/schema\/logo\/image\/","url":"https:\/\/tupique.com\/wp-content\/uploads\/2026\/03\/logo-tupique-1.webp","contentUrl":"https:\/\/tupique.com\/wp-content\/uploads\/2026\/03\/logo-tupique-1.webp","width":500,"height":67,"caption":"Tupique"},"image":{"@id":"https:\/\/tupique.com\/#\/schema\/logo\/image\/"}}]}},"_links":{"self":[{"href":"https:\/\/tupique.com\/pt\/wp-json\/wp\/v2\/product\/180035","targetHints":{"allow":["GET"]}}],"collection":[{"href":"https:\/\/tupique.com\/pt\/wp-json\/wp\/v2\/product"}],"about":[{"href":"https:\/\/tupique.com\/pt\/wp-json\/wp\/v2\/types\/product"}],"replies":[{"embeddable":true,"href":"https:\/\/tupique.com\/pt\/wp-json\/wp\/v2\/comments?post=180035"}],"wp:featuredmedia":[{"embeddable":true,"href":"https:\/\/tupique.com\/pt\/wp-json\/wp\/v2\/media\/180020"}],"wp:attachment":[{"href":"https:\/\/tupique.com\/pt\/wp-json\/wp\/v2\/media?parent=180035"}],"wp:term":[{"taxonomy":"product_brand","embeddable":true,"href":"https:\/\/tupique.com\/pt\/wp-json\/wp\/v2\/product_brand?post=180035"},{"taxonomy":"product_cat","embeddable":true,"href":"https:\/\/tupique.com\/pt\/wp-json\/wp\/v2\/product_cat?post=180035"},{"taxonomy":"product_tag","embeddable":true,"href":"https:\/\/tupique.com\/pt\/wp-json\/wp\/v2\/product_tag?post=180035"},{"taxonomy":"woo-feed-brand","embeddable":true,"href":"https:\/\/tupique.com\/pt\/wp-json\/wp\/v2\/woo-feed-brand?post=180035"}],"curies":[{"name":"wp","href":"https:\/\/api.w.org\/{rel}","templated":true}]}}