{"id":180078,"date":"2026-05-11T12:29:40","date_gmt":"2026-05-11T10:29:40","guid":{"rendered":"https:\/\/tupique.com\/product\/coussins-metatarsiens-en-gel-de-silicone-silstep-innovagoods-2-unites\/"},"modified":"2026-05-11T21:23:44","modified_gmt":"2026-05-11T19:23:44","slug":"coussins-metatarsiens-en-gel-de-silicone-silstep-innovagoods-2-unites","status":"publish","type":"product","link":"https:\/\/tupique.com\/pt\/product\/coussins-metatarsiens-en-gel-de-silicone-silstep-innovagoods-2-unites\/","title":{"rendered":"Almofadas Metatarsais em Gel de Silicone SilStep InnovaGoods 2 Unidades"},"content":{"rendered":"<div class=\"col-md-6\"><b>InnovaGoods<\/b> vous facilite la t\u00e2che pour que votre soin personnel soit une priorit\u00e9 sans excuses. Il vous propose les meilleures nouveaut\u00e9s en mati\u00e8re de beaut\u00e9, de d\u00e9tente et de bien-\u00eatre ! <b>Almofadas Metatarsais em Gel de Silicone SilStep InnovaGoods 2 Unidades <\/b> en est un bon exemple ! D\u00e9couvrez une vaste gamme de produits de qualit\u00e9 qui se d\u00e9marquent de par leur fonctionnalit\u00e9, leur efficacit\u00e9 et leur design innovant.<\/p>\n<p>Un set de 2 coussins m\u00e9tatarsiens en gel de silicone doux qui procurent une grande relaxation et confort, car ils pr\u00e9viennent et soulagent la douleur et l\u00b4inflammation de la zone m\u00e9tatarsienne (devant du pied) et \u00e9vitent la formation de duret\u00e9s et callosit\u00e9s. Ils sont r\u00e9utilisables et faciles \u00e0 nettoyer \u00e0 l\u00b4eau ti\u00e8de et au savon. Leur capacit\u00e9 d\u00b4amortissement les rend parfaits pour les personnes qui sont debout ou marchent durant une p\u00e9riode prolong\u00e9e et sont fortement recommand\u00e9s pour la pratique sportive. Gr\u00e2ce \u00e0 leur design universel hautement \u00e9lastique et flexible, ils s\u00b4adaptent avec facilit\u00e9 \u00e0 tout type de pied et chaussure. De plus, ils sont transpirables gr\u00e2ce \u00e0 leurs multiples orifices de ventilation qui permettent \u00e0 l\u00b4air de circuler et absorbent la transpiration afin d\u00b4\u00e9viter les mauvaises odeurs.<\/p>\n<ul>\n<li>Mati\u00e8re: Gel de silicone<\/li>\n<li>Couleur: Beige<\/li>\n<li>Type: Protection du m\u00e9tatarse<\/li>\n<li>Unit\u00e9s: 2 Unit\u00e9s<\/li>\n<li>Design moderne: Ergonomique<\/li>\n<li>Genre: Unisexe<\/li>\n<li>Taille: Taille unique<\/li>\n<li>\u00c9lastique, flexible et adaptable: Confort et commodit\u00e9<\/li>\n<li>Antid\u00e9rapant, lisse et durable: Fixation maximale<\/li>\n<li>Caract\u00e9ristiques: R\u00e9utilisable, respirante et anti-odeur<\/li>\n<li>Facile \u00e0 nettoyer: Laver \u00e0 la main<\/li>\n<li>Universel: Conviennent \u00e0 toutes les tailles et tous les types de chaussures<\/li>\n<li>Dimensions approx.: 7,5 x 6 cm<\/li>\n<\/ul>\n<p>Packaging en 24 langues: anglais, fran\u00e7ais, espagnol, allemand, italien, portugais, n\u00e9erlandais, polonais, hongrois, roumain, danois, su\u00e9dois, finnois, lituanien, norv\u00e9gien, slov\u00e8ne, grec, tch\u00e8que, bulgare, croate, slovaque, estonien, russe, letton.<\/p><\/div>\n<div class=\"col-md-6\">\n<div class=\"embed-responsive embed-responsive-16by9\"><iframe class=\"embed-responsive-item\" src=\"https:\/\/www.youtube.com\/embed\/lrVA6vtYHtg\" frameborder=\"0\" allowfullscreen><\/iframe><\/div>\n<\/div>","protected":false},"excerpt":{"rendered":"<p><span class=\"unit-info\">7.9950 &euro; \/ 1 unit<\/span><\/p>","protected":false},"featured_media":180070,"comment_status":"open","ping_status":"closed","template":"","meta":[],"product_brand":[256],"product_cat":[1880,63,1825,1831,1822,776,544,1218,752,1826,1881,1796,1823],"product_tag":[104],"woo-feed-brand":[],"class_list":{"0":"post-180078","1":"product","2":"type-product","3":"status-publish","4":"has-post-thumbnail","6":"product_brand-brandp_1281","7":"product_cat-autres-accessoires-pour-les-chaussures","8":"product_cat-cadeaux-originaux","9":"product_cat-cadeaux-pour-soins-personnels","10":"product_cat-cadeaux-pour-sportifs","11":"product_cat-chaussures-chaussettes-et-semelles","12":"product_cat-detente-et-bien-etre","13":"product_cat-mode-accessoires","14":"product_cat-produits-de-detente","15":"product_cat-sante-beaute","16":"product_cat-teleachat-vu-a-la-television-sante-et-beaute-teleshop","17":"product_cat-semelles","18":"product_cat-teleachat-vu-a-la-television","19":"product_cat-vetements-et-chaussures","20":"product_tag-tag_1279","22":"first","23":"instock","24":"taxable","25":"shipping-taxable","26":"purchasable","27":"product-type-simple"},"yoast_head":"<!-- This site is optimized with the Yoast SEO plugin v27.5 - https:\/\/yoast.com\/product\/yoast-seo-wordpress\/ -->\n<title>Coussins M\u00e9tatarsiens en Gel de Silicone SilStep InnovaGoods 2 Unit\u00e9s | | Tupique<\/title>\n<meta name=\"description\" content=\"Envie d&#039;acheter Coussins M\u00e9tatarsiens en Gel de Silicone SilStep InnovaGoods 2 Unit\u00e9s\u00a0? Achetez Coussins M\u00e9tatarsiens en Gel de Silicone SilStep InnovaGoods 2 Unit\u00e9s maintenant avec Tupique en 3 versements sans int\u00e9r\u00eat.\" \/>\n<meta name=\"robots\" content=\"index, follow, max-snippet:-1, max-image-preview:large, max-video-preview:-1\" \/>\n<link rel=\"canonical\" href=\"https:\/\/tupique.com\/pt\/product\/coussins-metatarsiens-en-gel-de-silicone-silstep-innovagoods-2-unites\/\" \/>\n<meta property=\"og:locale\" content=\"pt_PT\" \/>\n<meta property=\"og:type\" content=\"article\" \/>\n<meta property=\"og:title\" content=\"Coussins M\u00e9tatarsiens en Gel de Silicone SilStep InnovaGoods 2 Unit\u00e9s | | Tupique\" \/>\n<meta property=\"og:description\" content=\"Envie d&#039;acheter Coussins M\u00e9tatarsiens en Gel de Silicone SilStep InnovaGoods 2 Unit\u00e9s\u00a0? Achetez Coussins M\u00e9tatarsiens en Gel de Silicone SilStep InnovaGoods 2 Unit\u00e9s maintenant avec Tupique en 3 versements sans int\u00e9r\u00eat.\" \/>\n<meta property=\"og:url\" content=\"https:\/\/tupique.com\/pt\/product\/coussins-metatarsiens-en-gel-de-silicone-silstep-innovagoods-2-unites\/\" \/>\n<meta property=\"og:site_name\" content=\"Tupique\" \/>\n<meta property=\"article:modified_time\" content=\"2026-05-11T19:23:44+00:00\" \/>\n<meta property=\"og:image\" content=\"https:\/\/tupique.com\/wp-content\/uploads\/2026\/05\/V0103183_010_MKT4.jpg\" \/>\n\t<meta property=\"og:image:width\" content=\"1200\" \/>\n\t<meta property=\"og:image:height\" content=\"1200\" \/>\n\t<meta property=\"og:image:type\" content=\"image\/jpeg\" \/>\n<meta name=\"twitter:card\" content=\"summary_large_image\" \/>\n<meta name=\"twitter:label1\" content=\"Tempo estimado de leitura\" \/>\n\t<meta name=\"twitter:data1\" content=\"2 minutos\" \/>\n<script type=\"application\/ld+json\" class=\"yoast-schema-graph\">{\"@context\":\"https:\\\/\\\/schema.org\",\"@graph\":[{\"@type\":\"WebPage\",\"@id\":\"https:\\\/\\\/tupique.com\\\/en\\\/product\\\/coussins-metatarsiens-en-gel-de-silicone-silstep-innovagoods-2-unites\\\/\",\"url\":\"https:\\\/\\\/tupique.com\\\/en\\\/product\\\/coussins-metatarsiens-en-gel-de-silicone-silstep-innovagoods-2-unites\\\/\",\"name\":\"Coussins M\u00e9tatarsiens en Gel de Silicone SilStep InnovaGoods 2 Unit\u00e9s | | Tupique\",\"isPartOf\":{\"@id\":\"https:\\\/\\\/tupique.com\\\/#website\"},\"primaryImageOfPage\":{\"@id\":\"https:\\\/\\\/tupique.com\\\/en\\\/product\\\/coussins-metatarsiens-en-gel-de-silicone-silstep-innovagoods-2-unites\\\/#primaryimage\"},\"image\":{\"@id\":\"https:\\\/\\\/tupique.com\\\/en\\\/product\\\/coussins-metatarsiens-en-gel-de-silicone-silstep-innovagoods-2-unites\\\/#primaryimage\"},\"thumbnailUrl\":\"https:\\\/\\\/tupique.com\\\/wp-content\\\/uploads\\\/2026\\\/05\\\/V0103183_010_MKT4.jpg\",\"datePublished\":\"2026-05-11T10:29:40+00:00\",\"dateModified\":\"2026-05-11T19:23:44+00:00\",\"description\":\"Envie d'acheter Coussins M\u00e9tatarsiens en Gel de Silicone SilStep InnovaGoods 2 Unit\u00e9s\u00a0? Achetez Coussins M\u00e9tatarsiens en Gel de Silicone SilStep InnovaGoods 2 Unit\u00e9s maintenant avec Tupique en 3 versements sans int\u00e9r\u00eat.\",\"breadcrumb\":{\"@id\":\"https:\\\/\\\/tupique.com\\\/en\\\/product\\\/coussins-metatarsiens-en-gel-de-silicone-silstep-innovagoods-2-unites\\\/#breadcrumb\"},\"inLanguage\":\"pt-PT\",\"potentialAction\":[{\"@type\":\"ReadAction\",\"target\":[\"https:\\\/\\\/tupique.com\\\/en\\\/product\\\/coussins-metatarsiens-en-gel-de-silicone-silstep-innovagoods-2-unites\\\/\"]}]},{\"@type\":\"ImageObject\",\"inLanguage\":\"pt-PT\",\"@id\":\"https:\\\/\\\/tupique.com\\\/en\\\/product\\\/coussins-metatarsiens-en-gel-de-silicone-silstep-innovagoods-2-unites\\\/#primaryimage\",\"url\":\"https:\\\/\\\/tupique.com\\\/wp-content\\\/uploads\\\/2026\\\/05\\\/V0103183_010_MKT4.jpg\",\"contentUrl\":\"https:\\\/\\\/tupique.com\\\/wp-content\\\/uploads\\\/2026\\\/05\\\/V0103183_010_MKT4.jpg\",\"width\":1200,\"height\":1200,\"caption\":\"V0103183_0\"},{\"@type\":\"BreadcrumbList\",\"@id\":\"https:\\\/\\\/tupique.com\\\/en\\\/product\\\/coussins-metatarsiens-en-gel-de-silicone-silstep-innovagoods-2-unites\\\/#breadcrumb\",\"itemListElement\":[{\"@type\":\"ListItem\",\"position\":1,\"name\":\"commencer\",\"item\":\"https:\\\/\\\/tupique.com\\\/\"},{\"@type\":\"ListItem\",\"position\":2,\"name\":\"Loja\",\"item\":\"https:\\\/\\\/tupique.com\\\/pt\\\/loja\\\/\"},{\"@type\":\"ListItem\",\"position\":3,\"name\":\"Coussins M\u00e9tatarsiens en Gel de Silicone SilStep InnovaGoods 2 Unit\u00e9s\"}]},{\"@type\":\"WebSite\",\"@id\":\"https:\\\/\\\/tupique.com\\\/#website\",\"url\":\"https:\\\/\\\/tupique.com\\\/\",\"name\":\"Tupique\",\"description\":\"\",\"publisher\":{\"@id\":\"https:\\\/\\\/tupique.com\\\/#organization\"},\"potentialAction\":[{\"@type\":\"SearchAction\",\"target\":{\"@type\":\"EntryPoint\",\"urlTemplate\":\"https:\\\/\\\/tupique.com\\\/?s={search_term_string}\"},\"query-input\":{\"@type\":\"PropertyValueSpecification\",\"valueRequired\":true,\"valueName\":\"search_term_string\"}}],\"inLanguage\":\"pt-PT\"},{\"@type\":\"Organization\",\"@id\":\"https:\\\/\\\/tupique.com\\\/#organization\",\"name\":\"Tupique\",\"url\":\"https:\\\/\\\/tupique.com\\\/\",\"logo\":{\"@type\":\"ImageObject\",\"inLanguage\":\"pt-PT\",\"@id\":\"https:\\\/\\\/tupique.com\\\/#\\\/schema\\\/logo\\\/image\\\/\",\"url\":\"https:\\\/\\\/tupique.com\\\/wp-content\\\/uploads\\\/2026\\\/03\\\/logo-tupique-1.webp\",\"contentUrl\":\"https:\\\/\\\/tupique.com\\\/wp-content\\\/uploads\\\/2026\\\/03\\\/logo-tupique-1.webp\",\"width\":500,\"height\":67,\"caption\":\"Tupique\"},\"image\":{\"@id\":\"https:\\\/\\\/tupique.com\\\/#\\\/schema\\\/logo\\\/image\\\/\"}}]}<\/script>\n<!-- \/ Yoast SEO plugin. -->","yoast_head_json":{"title":"Coussins M\u00e9tatarsiens en Gel de Silicone SilStep InnovaGoods 2 Unit\u00e9s | | Tupique","description":"Envie d'acheter Coussins M\u00e9tatarsiens en Gel de Silicone SilStep InnovaGoods 2 Unit\u00e9s\u00a0? Achetez Coussins M\u00e9tatarsiens en Gel de Silicone SilStep InnovaGoods 2 Unit\u00e9s maintenant avec Tupique en 3 versements sans int\u00e9r\u00eat.","robots":{"index":"index","follow":"follow","max-snippet":"max-snippet:-1","max-image-preview":"max-image-preview:large","max-video-preview":"max-video-preview:-1"},"canonical":"https:\/\/tupique.com\/pt\/product\/coussins-metatarsiens-en-gel-de-silicone-silstep-innovagoods-2-unites\/","og_locale":"pt_PT","og_type":"article","og_title":"Coussins M\u00e9tatarsiens en Gel de Silicone SilStep InnovaGoods 2 Unit\u00e9s | | Tupique","og_description":"Envie d'acheter Coussins M\u00e9tatarsiens en Gel de Silicone SilStep InnovaGoods 2 Unit\u00e9s\u00a0? Achetez Coussins M\u00e9tatarsiens en Gel de Silicone SilStep InnovaGoods 2 Unit\u00e9s maintenant avec Tupique en 3 versements sans int\u00e9r\u00eat.","og_url":"https:\/\/tupique.com\/pt\/product\/coussins-metatarsiens-en-gel-de-silicone-silstep-innovagoods-2-unites\/","og_site_name":"Tupique","article_modified_time":"2026-05-11T19:23:44+00:00","og_image":[{"width":1200,"height":1200,"url":"https:\/\/tupique.com\/wp-content\/uploads\/2026\/05\/V0103183_010_MKT4.jpg","type":"image\/jpeg"}],"twitter_card":"summary_large_image","twitter_misc":{"Tempo estimado de leitura":"2 minutos"},"schema":{"@context":"https:\/\/schema.org","@graph":[{"@type":"WebPage","@id":"https:\/\/tupique.com\/en\/product\/coussins-metatarsiens-en-gel-de-silicone-silstep-innovagoods-2-unites\/","url":"https:\/\/tupique.com\/en\/product\/coussins-metatarsiens-en-gel-de-silicone-silstep-innovagoods-2-unites\/","name":"Coussins M\u00e9tatarsiens en Gel de Silicone SilStep InnovaGoods 2 Unit\u00e9s | | Tupique","isPartOf":{"@id":"https:\/\/tupique.com\/#website"},"primaryImageOfPage":{"@id":"https:\/\/tupique.com\/en\/product\/coussins-metatarsiens-en-gel-de-silicone-silstep-innovagoods-2-unites\/#primaryimage"},"image":{"@id":"https:\/\/tupique.com\/en\/product\/coussins-metatarsiens-en-gel-de-silicone-silstep-innovagoods-2-unites\/#primaryimage"},"thumbnailUrl":"https:\/\/tupique.com\/wp-content\/uploads\/2026\/05\/V0103183_010_MKT4.jpg","datePublished":"2026-05-11T10:29:40+00:00","dateModified":"2026-05-11T19:23:44+00:00","description":"Envie d'acheter Coussins M\u00e9tatarsiens en Gel de Silicone SilStep InnovaGoods 2 Unit\u00e9s\u00a0? Achetez Coussins M\u00e9tatarsiens en Gel de Silicone SilStep InnovaGoods 2 Unit\u00e9s maintenant avec Tupique en 3 versements sans int\u00e9r\u00eat.","breadcrumb":{"@id":"https:\/\/tupique.com\/en\/product\/coussins-metatarsiens-en-gel-de-silicone-silstep-innovagoods-2-unites\/#breadcrumb"},"inLanguage":"pt-PT","potentialAction":[{"@type":"ReadAction","target":["https:\/\/tupique.com\/en\/product\/coussins-metatarsiens-en-gel-de-silicone-silstep-innovagoods-2-unites\/"]}]},{"@type":"ImageObject","inLanguage":"pt-PT","@id":"https:\/\/tupique.com\/en\/product\/coussins-metatarsiens-en-gel-de-silicone-silstep-innovagoods-2-unites\/#primaryimage","url":"https:\/\/tupique.com\/wp-content\/uploads\/2026\/05\/V0103183_010_MKT4.jpg","contentUrl":"https:\/\/tupique.com\/wp-content\/uploads\/2026\/05\/V0103183_010_MKT4.jpg","width":1200,"height":1200,"caption":"V0103183_0"},{"@type":"BreadcrumbList","@id":"https:\/\/tupique.com\/en\/product\/coussins-metatarsiens-en-gel-de-silicone-silstep-innovagoods-2-unites\/#breadcrumb","itemListElement":[{"@type":"ListItem","position":1,"name":"commencer","item":"https:\/\/tupique.com\/"},{"@type":"ListItem","position":2,"name":"Loja","item":"https:\/\/tupique.com\/pt\/loja\/"},{"@type":"ListItem","position":3,"name":"Coussins M\u00e9tatarsiens en Gel de Silicone SilStep InnovaGoods 2 Unit\u00e9s"}]},{"@type":"WebSite","@id":"https:\/\/tupique.com\/#website","url":"https:\/\/tupique.com\/","name":"Tupique","description":"","publisher":{"@id":"https:\/\/tupique.com\/#organization"},"potentialAction":[{"@type":"SearchAction","target":{"@type":"EntryPoint","urlTemplate":"https:\/\/tupique.com\/?s={search_term_string}"},"query-input":{"@type":"PropertyValueSpecification","valueRequired":true,"valueName":"search_term_string"}}],"inLanguage":"pt-PT"},{"@type":"Organization","@id":"https:\/\/tupique.com\/#organization","name":"Tupique","url":"https:\/\/tupique.com\/","logo":{"@type":"ImageObject","inLanguage":"pt-PT","@id":"https:\/\/tupique.com\/#\/schema\/logo\/image\/","url":"https:\/\/tupique.com\/wp-content\/uploads\/2026\/03\/logo-tupique-1.webp","contentUrl":"https:\/\/tupique.com\/wp-content\/uploads\/2026\/03\/logo-tupique-1.webp","width":500,"height":67,"caption":"Tupique"},"image":{"@id":"https:\/\/tupique.com\/#\/schema\/logo\/image\/"}}]}},"_links":{"self":[{"href":"https:\/\/tupique.com\/pt\/wp-json\/wp\/v2\/product\/180078","targetHints":{"allow":["GET"]}}],"collection":[{"href":"https:\/\/tupique.com\/pt\/wp-json\/wp\/v2\/product"}],"about":[{"href":"https:\/\/tupique.com\/pt\/wp-json\/wp\/v2\/types\/product"}],"replies":[{"embeddable":true,"href":"https:\/\/tupique.com\/pt\/wp-json\/wp\/v2\/comments?post=180078"}],"wp:featuredmedia":[{"embeddable":true,"href":"https:\/\/tupique.com\/pt\/wp-json\/wp\/v2\/media\/180070"}],"wp:attachment":[{"href":"https:\/\/tupique.com\/pt\/wp-json\/wp\/v2\/media?parent=180078"}],"wp:term":[{"taxonomy":"product_brand","embeddable":true,"href":"https:\/\/tupique.com\/pt\/wp-json\/wp\/v2\/product_brand?post=180078"},{"taxonomy":"product_cat","embeddable":true,"href":"https:\/\/tupique.com\/pt\/wp-json\/wp\/v2\/product_cat?post=180078"},{"taxonomy":"product_tag","embeddable":true,"href":"https:\/\/tupique.com\/pt\/wp-json\/wp\/v2\/product_tag?post=180078"},{"taxonomy":"woo-feed-brand","embeddable":true,"href":"https:\/\/tupique.com\/pt\/wp-json\/wp\/v2\/woo-feed-brand?post=180078"}],"curies":[{"name":"wp","href":"https:\/\/api.w.org\/{rel}","templated":true}]}}