{"id":180107,"date":"2026-05-11T12:30:26","date_gmt":"2026-05-11T10:30:26","guid":{"rendered":"https:\/\/tupique.com\/product\/masque-en-tissu-hygienique-reutilisable-comic\/"},"modified":"2026-05-11T21:23:54","modified_gmt":"2026-05-11T19:23:54","slug":"masque-en-tissu-hygienique-reutilisable-comic","status":"publish","type":"product","link":"https:\/\/tupique.com\/pt\/product\/masque-en-tissu-hygienique-reutilisable-comic\/","title":{"rendered":"M\u00e1scara de tecido higi\u00e9nica reutiliz\u00e1vel c\u00f3mica"},"content":{"rendered":"<p>Masque en tissu hygi\u00e9nique r\u00e9utilisable comic est un produit exclusif de qualit\u00e9 pour le soin du corps. Si vous recherchez les meilleurs produits d\u2019hygi\u00e8ne personnelle, les produits  100 % originaux sont exactement ce dont vous avez besoin.<\/p>\n<ul>\n<li>Mat\u00e9riel: Microfibre hydrofuge, un tissu filtrant approuv\u00e9<\/li>\n<li>Efficacit\u00e9 de filtration bact\u00e9rienne (BFE): 95 %<\/li>\n<li>Efficacit\u00e9 de la filtration des a\u00e9rosols liquides et solides: 96 %<\/li>\n<li>Efficacit\u00e9 de la filtration des particules: 92 %<\/li>\n<li>Respirabilit\u00e9 facile: &lt; 38 Pa\/cm2<\/li>\n<li>Caracter\u00edsticas:\n<ul>\n<li>Il est envoy\u00e9 emball\u00e9 et ferm\u00e9 avec une brochure d&#8217;information, comprenant le processus de lavage, l&#8217;utilisation s\u00fbre et des informations techniques.<\/li>\n<li>Les mesures des masques ainsi que de l&#8217;\u00e9lastique sont approuv\u00e9es. Il s&#8217;agit de tailles standard, il est donc recommand\u00e9 d&#8217;ajuster les \u00e9lastiques pour une plus grande adaptabilit\u00e9 et efficacit\u00e9.<\/li>\n<\/ul>\n<\/li>\n<li>Propri\u00e9t\u00e9s: R\u00e9utilisable<\/li>\n<li>Lavages: 90<\/li>\n<li>Conforme \u00e0 la norme:\n<ul>\n<li>UNE 0065:2020<\/li>\n<li>UNE-EN 14683:2019<\/li>\n<li>UNE-EN 149<\/li>\n<\/ul>\n<\/li>\n<li>Imprim\u00e9: comic<\/li>\n<\/ul>","protected":false},"excerpt":{"rendered":"<p>Masque en tissu hygi\u00e9nique r\u00e9utilisable comic est un produit exclusif de qualit\u00e9 pour le soin du corps. Si vous recherchez les meilleurs produits d\u2019hygi\u00e8ne personnelle, les produits 100 % originaux sont exactement ce dont vous avez besoin. Mat\u00e9riel: Microfibre hydrofuge, un tissu filtrant approuv\u00e9 Efficacit\u00e9 de filtration bact\u00e9rienne (BFE): 95 % Efficacit\u00e9 de la filtration [&hellip;]<\/p>\n","protected":false},"featured_media":180105,"comment_status":"open","ping_status":"closed","template":"","meta":[],"product_brand":[1926],"product_cat":[776,1218,752],"product_tag":[104],"woo-feed-brand":[],"class_list":{"0":"post-180107","1":"product","2":"type-product","3":"status-publish","4":"has-post-thumbnail","6":"product_brand-brandp_2407","7":"product_cat-detente-et-bien-etre","8":"product_cat-produits-de-detente","9":"product_cat-sante-beaute","10":"product_tag-tag_1279","12":"first","13":"instock","14":"taxable","15":"shipping-taxable","16":"purchasable","17":"product-type-variable"},"yoast_head":"<!-- This site is optimized with the Yoast SEO plugin v27.6 - https:\/\/yoast.com\/product\/yoast-seo-wordpress\/ -->\n<title>Masque en tissu hygi\u00e9nique r\u00e9utilisable comic | | Tupique<\/title>\n<meta name=\"description\" content=\"Envie d&#039;acheter Masque en tissu hygi\u00e9nique r\u00e9utilisable comic\u00a0? Achetez Masque en tissu hygi\u00e9nique r\u00e9utilisable comic maintenant avec Tupique en 3 versements sans int\u00e9r\u00eat.\" \/>\n<meta name=\"robots\" content=\"index, follow, max-snippet:-1, max-image-preview:large, max-video-preview:-1\" \/>\n<link rel=\"canonical\" href=\"https:\/\/tupique.com\/pt\/product\/masque-en-tissu-hygienique-reutilisable-comic\/\" \/>\n<meta property=\"og:locale\" content=\"pt_PT\" \/>\n<meta property=\"og:type\" content=\"article\" \/>\n<meta property=\"og:title\" content=\"Masque en tissu hygi\u00e9nique r\u00e9utilisable comic | | Tupique\" \/>\n<meta property=\"og:description\" content=\"Envie d&#039;acheter Masque en tissu hygi\u00e9nique r\u00e9utilisable comic\u00a0? Achetez Masque en tissu hygi\u00e9nique r\u00e9utilisable comic maintenant avec Tupique en 3 versements sans int\u00e9r\u00eat.\" \/>\n<meta property=\"og:url\" content=\"https:\/\/tupique.com\/pt\/product\/masque-en-tissu-hygienique-reutilisable-comic\/\" \/>\n<meta property=\"og:site_name\" content=\"Tupique\" \/>\n<meta property=\"article:modified_time\" content=\"2026-05-11T19:23:54+00:00\" \/>\n<meta property=\"og:image\" content=\"https:\/\/tupique.com\/wp-content\/uploads\/2026\/05\/8422259685654_S1127300_P0-v_12.jpg\" \/>\n\t<meta property=\"og:image:width\" content=\"1200\" \/>\n\t<meta property=\"og:image:height\" content=\"1200\" \/>\n\t<meta property=\"og:image:type\" content=\"image\/jpeg\" \/>\n<meta name=\"twitter:card\" content=\"summary_large_image\" \/>\n<meta name=\"twitter:label1\" content=\"Tempo estimado de leitura\" \/>\n\t<meta name=\"twitter:data1\" content=\"1 minuto\" \/>\n<script type=\"application\/ld+json\" class=\"yoast-schema-graph\">{\"@context\":\"https:\\\/\\\/schema.org\",\"@graph\":[{\"@type\":\"WebPage\",\"@id\":\"https:\\\/\\\/tupique.com\\\/en\\\/product\\\/masque-en-tissu-hygienique-reutilisable-comic\\\/\",\"url\":\"https:\\\/\\\/tupique.com\\\/en\\\/product\\\/masque-en-tissu-hygienique-reutilisable-comic\\\/\",\"name\":\"Masque en tissu hygi\u00e9nique r\u00e9utilisable comic | | Tupique\",\"isPartOf\":{\"@id\":\"https:\\\/\\\/tupique.com\\\/#website\"},\"primaryImageOfPage\":{\"@id\":\"https:\\\/\\\/tupique.com\\\/en\\\/product\\\/masque-en-tissu-hygienique-reutilisable-comic\\\/#primaryimage\"},\"image\":{\"@id\":\"https:\\\/\\\/tupique.com\\\/en\\\/product\\\/masque-en-tissu-hygienique-reutilisable-comic\\\/#primaryimage\"},\"thumbnailUrl\":\"https:\\\/\\\/tupique.com\\\/wp-content\\\/uploads\\\/2026\\\/05\\\/8422259685654_S1127300_P0-v_12.jpg\",\"datePublished\":\"2026-05-11T10:30:26+00:00\",\"dateModified\":\"2026-05-11T19:23:54+00:00\",\"description\":\"Envie d'acheter Masque en tissu hygi\u00e9nique r\u00e9utilisable comic\u00a0? Achetez Masque en tissu hygi\u00e9nique r\u00e9utilisable comic maintenant avec Tupique en 3 versements sans int\u00e9r\u00eat.\",\"breadcrumb\":{\"@id\":\"https:\\\/\\\/tupique.com\\\/en\\\/product\\\/masque-en-tissu-hygienique-reutilisable-comic\\\/#breadcrumb\"},\"inLanguage\":\"pt-PT\",\"potentialAction\":[{\"@type\":\"ReadAction\",\"target\":[\"https:\\\/\\\/tupique.com\\\/en\\\/product\\\/masque-en-tissu-hygienique-reutilisable-comic\\\/\"]}]},{\"@type\":\"ImageObject\",\"inLanguage\":\"pt-PT\",\"@id\":\"https:\\\/\\\/tupique.com\\\/en\\\/product\\\/masque-en-tissu-hygienique-reutilisable-comic\\\/#primaryimage\",\"url\":\"https:\\\/\\\/tupique.com\\\/wp-content\\\/uploads\\\/2026\\\/05\\\/8422259685654_S1127300_P0-v_12.jpg\",\"contentUrl\":\"https:\\\/\\\/tupique.com\\\/wp-content\\\/uploads\\\/2026\\\/05\\\/8422259685654_S1127300_P0-v_12.jpg\",\"width\":1200,\"height\":1200,\"caption\":\"S1127605_0\"},{\"@type\":\"BreadcrumbList\",\"@id\":\"https:\\\/\\\/tupique.com\\\/en\\\/product\\\/masque-en-tissu-hygienique-reutilisable-comic\\\/#breadcrumb\",\"itemListElement\":[{\"@type\":\"ListItem\",\"position\":1,\"name\":\"commencer\",\"item\":\"https:\\\/\\\/tupique.com\\\/\"},{\"@type\":\"ListItem\",\"position\":2,\"name\":\"Loja\",\"item\":\"https:\\\/\\\/tupique.com\\\/pt\\\/loja\\\/\"},{\"@type\":\"ListItem\",\"position\":3,\"name\":\"Masque en tissu hygi\u00e9nique r\u00e9utilisable comic\"}]},{\"@type\":\"WebSite\",\"@id\":\"https:\\\/\\\/tupique.com\\\/#website\",\"url\":\"https:\\\/\\\/tupique.com\\\/\",\"name\":\"Tupique\",\"description\":\"\",\"publisher\":{\"@id\":\"https:\\\/\\\/tupique.com\\\/#organization\"},\"potentialAction\":[{\"@type\":\"SearchAction\",\"target\":{\"@type\":\"EntryPoint\",\"urlTemplate\":\"https:\\\/\\\/tupique.com\\\/?s={search_term_string}\"},\"query-input\":{\"@type\":\"PropertyValueSpecification\",\"valueRequired\":true,\"valueName\":\"search_term_string\"}}],\"inLanguage\":\"pt-PT\"},{\"@type\":\"Organization\",\"@id\":\"https:\\\/\\\/tupique.com\\\/#organization\",\"name\":\"Tupique\",\"url\":\"https:\\\/\\\/tupique.com\\\/\",\"logo\":{\"@type\":\"ImageObject\",\"inLanguage\":\"pt-PT\",\"@id\":\"https:\\\/\\\/tupique.com\\\/#\\\/schema\\\/logo\\\/image\\\/\",\"url\":\"https:\\\/\\\/tupique.com\\\/wp-content\\\/uploads\\\/2026\\\/03\\\/logo-tupique-1.webp\",\"contentUrl\":\"https:\\\/\\\/tupique.com\\\/wp-content\\\/uploads\\\/2026\\\/03\\\/logo-tupique-1.webp\",\"width\":500,\"height\":67,\"caption\":\"Tupique\"},\"image\":{\"@id\":\"https:\\\/\\\/tupique.com\\\/#\\\/schema\\\/logo\\\/image\\\/\"}}]}<\/script>\n<!-- \/ Yoast SEO plugin. -->","yoast_head_json":{"title":"Masque en tissu hygi\u00e9nique r\u00e9utilisable comic | | Tupique","description":"Envie d'acheter Masque en tissu hygi\u00e9nique r\u00e9utilisable comic\u00a0? Achetez Masque en tissu hygi\u00e9nique r\u00e9utilisable comic maintenant avec Tupique en 3 versements sans int\u00e9r\u00eat.","robots":{"index":"index","follow":"follow","max-snippet":"max-snippet:-1","max-image-preview":"max-image-preview:large","max-video-preview":"max-video-preview:-1"},"canonical":"https:\/\/tupique.com\/pt\/product\/masque-en-tissu-hygienique-reutilisable-comic\/","og_locale":"pt_PT","og_type":"article","og_title":"Masque en tissu hygi\u00e9nique r\u00e9utilisable comic | | Tupique","og_description":"Envie d'acheter Masque en tissu hygi\u00e9nique r\u00e9utilisable comic\u00a0? Achetez Masque en tissu hygi\u00e9nique r\u00e9utilisable comic maintenant avec Tupique en 3 versements sans int\u00e9r\u00eat.","og_url":"https:\/\/tupique.com\/pt\/product\/masque-en-tissu-hygienique-reutilisable-comic\/","og_site_name":"Tupique","article_modified_time":"2026-05-11T19:23:54+00:00","og_image":[{"width":1200,"height":1200,"url":"https:\/\/tupique.com\/wp-content\/uploads\/2026\/05\/8422259685654_S1127300_P0-v_12.jpg","type":"image\/jpeg"}],"twitter_card":"summary_large_image","twitter_misc":{"Tempo estimado de leitura":"1 minuto"},"schema":{"@context":"https:\/\/schema.org","@graph":[{"@type":"WebPage","@id":"https:\/\/tupique.com\/en\/product\/masque-en-tissu-hygienique-reutilisable-comic\/","url":"https:\/\/tupique.com\/en\/product\/masque-en-tissu-hygienique-reutilisable-comic\/","name":"Masque en tissu hygi\u00e9nique r\u00e9utilisable comic | | Tupique","isPartOf":{"@id":"https:\/\/tupique.com\/#website"},"primaryImageOfPage":{"@id":"https:\/\/tupique.com\/en\/product\/masque-en-tissu-hygienique-reutilisable-comic\/#primaryimage"},"image":{"@id":"https:\/\/tupique.com\/en\/product\/masque-en-tissu-hygienique-reutilisable-comic\/#primaryimage"},"thumbnailUrl":"https:\/\/tupique.com\/wp-content\/uploads\/2026\/05\/8422259685654_S1127300_P0-v_12.jpg","datePublished":"2026-05-11T10:30:26+00:00","dateModified":"2026-05-11T19:23:54+00:00","description":"Envie d'acheter Masque en tissu hygi\u00e9nique r\u00e9utilisable comic\u00a0? Achetez Masque en tissu hygi\u00e9nique r\u00e9utilisable comic maintenant avec Tupique en 3 versements sans int\u00e9r\u00eat.","breadcrumb":{"@id":"https:\/\/tupique.com\/en\/product\/masque-en-tissu-hygienique-reutilisable-comic\/#breadcrumb"},"inLanguage":"pt-PT","potentialAction":[{"@type":"ReadAction","target":["https:\/\/tupique.com\/en\/product\/masque-en-tissu-hygienique-reutilisable-comic\/"]}]},{"@type":"ImageObject","inLanguage":"pt-PT","@id":"https:\/\/tupique.com\/en\/product\/masque-en-tissu-hygienique-reutilisable-comic\/#primaryimage","url":"https:\/\/tupique.com\/wp-content\/uploads\/2026\/05\/8422259685654_S1127300_P0-v_12.jpg","contentUrl":"https:\/\/tupique.com\/wp-content\/uploads\/2026\/05\/8422259685654_S1127300_P0-v_12.jpg","width":1200,"height":1200,"caption":"S1127605_0"},{"@type":"BreadcrumbList","@id":"https:\/\/tupique.com\/en\/product\/masque-en-tissu-hygienique-reutilisable-comic\/#breadcrumb","itemListElement":[{"@type":"ListItem","position":1,"name":"commencer","item":"https:\/\/tupique.com\/"},{"@type":"ListItem","position":2,"name":"Loja","item":"https:\/\/tupique.com\/pt\/loja\/"},{"@type":"ListItem","position":3,"name":"Masque en tissu hygi\u00e9nique r\u00e9utilisable comic"}]},{"@type":"WebSite","@id":"https:\/\/tupique.com\/#website","url":"https:\/\/tupique.com\/","name":"Tupique","description":"","publisher":{"@id":"https:\/\/tupique.com\/#organization"},"potentialAction":[{"@type":"SearchAction","target":{"@type":"EntryPoint","urlTemplate":"https:\/\/tupique.com\/?s={search_term_string}"},"query-input":{"@type":"PropertyValueSpecification","valueRequired":true,"valueName":"search_term_string"}}],"inLanguage":"pt-PT"},{"@type":"Organization","@id":"https:\/\/tupique.com\/#organization","name":"Tupique","url":"https:\/\/tupique.com\/","logo":{"@type":"ImageObject","inLanguage":"pt-PT","@id":"https:\/\/tupique.com\/#\/schema\/logo\/image\/","url":"https:\/\/tupique.com\/wp-content\/uploads\/2026\/03\/logo-tupique-1.webp","contentUrl":"https:\/\/tupique.com\/wp-content\/uploads\/2026\/03\/logo-tupique-1.webp","width":500,"height":67,"caption":"Tupique"},"image":{"@id":"https:\/\/tupique.com\/#\/schema\/logo\/image\/"}}]}},"_links":{"self":[{"href":"https:\/\/tupique.com\/pt\/wp-json\/wp\/v2\/product\/180107","targetHints":{"allow":["GET"]}}],"collection":[{"href":"https:\/\/tupique.com\/pt\/wp-json\/wp\/v2\/product"}],"about":[{"href":"https:\/\/tupique.com\/pt\/wp-json\/wp\/v2\/types\/product"}],"replies":[{"embeddable":true,"href":"https:\/\/tupique.com\/pt\/wp-json\/wp\/v2\/comments?post=180107"}],"wp:featuredmedia":[{"embeddable":true,"href":"https:\/\/tupique.com\/pt\/wp-json\/wp\/v2\/media\/180105"}],"wp:attachment":[{"href":"https:\/\/tupique.com\/pt\/wp-json\/wp\/v2\/media?parent=180107"}],"wp:term":[{"taxonomy":"product_brand","embeddable":true,"href":"https:\/\/tupique.com\/pt\/wp-json\/wp\/v2\/product_brand?post=180107"},{"taxonomy":"product_cat","embeddable":true,"href":"https:\/\/tupique.com\/pt\/wp-json\/wp\/v2\/product_cat?post=180107"},{"taxonomy":"product_tag","embeddable":true,"href":"https:\/\/tupique.com\/pt\/wp-json\/wp\/v2\/product_tag?post=180107"},{"taxonomy":"woo-feed-brand","embeddable":true,"href":"https:\/\/tupique.com\/pt\/wp-json\/wp\/v2\/woo-feed-brand?post=180107"}],"curies":[{"name":"wp","href":"https:\/\/api.w.org\/{rel}","templated":true}]}}