{"id":180141,"date":"2026-05-11T12:31:10","date_gmt":"2026-05-11T10:31:10","guid":{"rendered":"https:\/\/tupique.com\/product\/rangement-reglable-pour-refrigerateur-friwer-innovagoods-2-unites\/"},"modified":"2026-05-11T21:23:44","modified_gmt":"2026-05-11T19:23:44","slug":"rangement-reglable-pour-refrigerateur-friwer-innovagoods-2-unites","status":"publish","type":"product","link":"https:\/\/tupique.com\/pt\/product\/rangement-reglable-pour-refrigerateur-friwer-innovagoods-2-unites\/","title":{"rendered":"Rangement R\u00e9glable pour R\u00e9frig\u00e9rateur Friwer InnovaGoods 2 Unit\u00e9s"},"content":{"rendered":"<div class=\"col-md-6\"><b>InnovaGoods<\/b> vient vous aider \u00e0 cuisiner facilement et de mani\u00e8re amusante en vous offrant les meilleures nouveaut\u00e9s pour votre cuisine, comme <b>Rangement R\u00e9glable pour R\u00e9frig\u00e9rateur Friwer InnovaGoods 2 Unit\u00e9s <\/b> ! D\u00e9couvrez une vaste gamme de produits de qualit\u00e9 qui se d\u00e9marquent de par leur fonctionnalit\u00e9, leur efficacit\u00e9 et leur design innovant !<\/p>\n<p>Un ensemble de 2 tiroirs r\u00e9glables permettant d&#8217;optimiser l&#8217;espace disponible et le rangement \u00e0 l&#8217;int\u00e9rieur du r\u00e9frig\u00e9rateur. De plus les aliments se rangent facilement sur les \u00e9tag\u00e8res du r\u00e9frig\u00e9rateur et gr\u00e2ce aux trous de ventilation et de filtration, ils sont maintenus au frais et ils se rep\u00e8rent facilement. La conception extensible des \u00e9tag\u00e8res permet une meilleure adaptation aux besoins de chaque moment, elles peuvent s\u2019agrandir ou se r\u00e9tr\u00e9cir d\u2019un simple mouvement. De plus, elles s\u2019enl\u00e8vent facilement pour le nettoyage.<\/p>\n<ul>\n<li>Mat\u00e9riel: polypropyl\u00e8ne<\/li>\n<li>Couleur:\n<ul>\n<li>Gris<\/li>\n<li>Vert<\/li>\n<\/ul>\n<\/li>\n<li>Type: Rangement R\u00e9glable pour R\u00e9frig\u00e9rateur<\/li>\n<li>Unit\u00e9s: 2 Unit\u00e9s<\/li>\n<li>Design moderne: Originale et portative<\/li>\n<li>Organisation et gain de place: Utilisation maximale de l&#8217;espace<\/li>\n<li>Extensible: 20-28 cm<\/li>\n<li>Caract\u00e9ristiques: Orifices de ventilation, visibilit\u00e9 et filtration<\/li>\n<li>Utilisation pratique et simple: Installation et retrait faciles<\/li>\n<li>Polyvalent: Plusieurs fonctionnalit\u00e9s et espaces<\/li>\n<li>Panier \u00e9gouttoir: \u00c9gouttoir de cuisine<\/li>\n<li>Facile \u00e0 nettoyer: Lavable<\/li>\n<li>Dimensions approx.: 20-28 x 16,5 x 7 cm<\/li>\n<\/ul>\n<p>Packaging en 24 langues: anglais, fran\u00e7ais, espagnol, allemand, italien, portugais, n\u00e9erlandais, polonais, hongrois, roumain, danois, su\u00e9dois, finnois, lituanien, norv\u00e9gien, slov\u00e8ne, grec, tch\u00e8que, bulgare, croate, slovaque, estonien, russe, letton.<\/p><\/div>\n<div class=\"col-md-6\">\n<div class=\"embed-responsive embed-responsive-16by9\"><iframe class=\"embed-responsive-item\" src=\"https:\/\/www.youtube.com\/embed\/E-wu-dlFveU\" frameborder=\"0\" allowfullscreen><\/iframe><\/div>\n<\/div>","protected":false},"excerpt":{"rendered":"<p><span class=\"unit-info\">10.4950 &euro; \/ 1 unit<\/span><\/p>","protected":false},"featured_media":180133,"comment_status":"open","ping_status":"closed","template":"","meta":[],"product_brand":[256],"product_cat":[1818,225,1882,63,227,60,239,242,77,226,1796,224],"product_tag":[55,210],"class_list":{"0":"post-180141","1":"product","2":"type-product","3":"status-publish","4":"has-post-thumbnail","6":"product_brand-brandp_1281","7":"product_cat-accessoires-de-cuisine","8":"product_cat-autres-accessoires-et-ustensiles-de-cuisine","9":"product_cat-boites-de-cuisine-et-boites-a-pain","10":"product_cat-cadeaux-originaux","11":"product_cat-cadeaux-pour-la-cuisine","12":"product_cat-cuisine-gourmet","13":"product_cat-maison-jardin","14":"product_cat-organiseurs","15":"product_cat-petit-electromenager","16":"product_cat-refrigerateurs-et-congelateurs","17":"product_cat-teleachat-vu-a-la-television","18":"product_cat-ustensiles-et-accessoires-de-cuisine","19":"product_tag-tag_926","20":"product_tag-tag_25","22":"first","23":"instock","24":"taxable","25":"shipping-taxable","26":"purchasable","27":"product-type-simple"},"yoast_head":"<!-- This site is optimized with the Yoast SEO plugin v27.5 - https:\/\/yoast.com\/product\/yoast-seo-wordpress\/ -->\n<title>Rangement R\u00e9glable pour R\u00e9frig\u00e9rateur Friwer InnovaGoods 2 Unit\u00e9s - Tupique<\/title>\n<meta name=\"robots\" content=\"index, follow, max-snippet:-1, max-image-preview:large, max-video-preview:-1\" \/>\n<link rel=\"canonical\" href=\"https:\/\/tupique.com\/pt\/product\/rangement-reglable-pour-refrigerateur-friwer-innovagoods-2-unites\/\" \/>\n<meta property=\"og:locale\" content=\"pt_PT\" \/>\n<meta property=\"og:type\" content=\"article\" \/>\n<meta property=\"og:title\" content=\"Rangement R\u00e9glable pour R\u00e9frig\u00e9rateur Friwer InnovaGoods 2 Unit\u00e9s - Tupique\" \/>\n<meta property=\"og:description\" content=\"10.4950 &euro; \/ 1 unit\" \/>\n<meta property=\"og:url\" content=\"https:\/\/tupique.com\/pt\/product\/rangement-reglable-pour-refrigerateur-friwer-innovagoods-2-unites\/\" \/>\n<meta property=\"og:site_name\" content=\"Tupique\" \/>\n<meta property=\"article:modified_time\" content=\"2026-05-11T19:23:44+00:00\" \/>\n<meta name=\"twitter:card\" content=\"summary_large_image\" \/>\n<meta name=\"twitter:label1\" content=\"Tempo estimado de leitura\" \/>\n\t<meta name=\"twitter:data1\" content=\"1 minuto\" \/>\n<script type=\"application\/ld+json\" class=\"yoast-schema-graph\">{\"@context\":\"https:\\\/\\\/schema.org\",\"@graph\":[{\"@type\":\"WebPage\",\"@id\":\"https:\\\/\\\/tupique.com\\\/product\\\/rangement-reglable-pour-refrigerateur-friwer-innovagoods-2-unites\\\/\",\"url\":\"https:\\\/\\\/tupique.com\\\/product\\\/rangement-reglable-pour-refrigerateur-friwer-innovagoods-2-unites\\\/\",\"name\":\"Rangement R\u00e9glable pour R\u00e9frig\u00e9rateur Friwer InnovaGoods 2 Unit\u00e9s - Tupique\",\"isPartOf\":{\"@id\":\"https:\\\/\\\/tupique.com\\\/#website\"},\"primaryImageOfPage\":{\"@id\":\"https:\\\/\\\/tupique.com\\\/product\\\/rangement-reglable-pour-refrigerateur-friwer-innovagoods-2-unites\\\/#primaryimage\"},\"image\":{\"@id\":\"https:\\\/\\\/tupique.com\\\/product\\\/rangement-reglable-pour-refrigerateur-friwer-innovagoods-2-unites\\\/#primaryimage\"},\"thumbnailUrl\":\"https:\\\/\\\/tupique.com\\\/wp-content\\\/uploads\\\/2026\\\/05\\\/V0103197_000_MKT3.jpg\",\"datePublished\":\"2026-05-11T10:31:10+00:00\",\"dateModified\":\"2026-05-11T19:23:44+00:00\",\"breadcrumb\":{\"@id\":\"https:\\\/\\\/tupique.com\\\/product\\\/rangement-reglable-pour-refrigerateur-friwer-innovagoods-2-unites\\\/#breadcrumb\"},\"inLanguage\":\"pt-PT\",\"potentialAction\":[{\"@type\":\"ReadAction\",\"target\":[\"https:\\\/\\\/tupique.com\\\/product\\\/rangement-reglable-pour-refrigerateur-friwer-innovagoods-2-unites\\\/\"]}]},{\"@type\":\"ImageObject\",\"inLanguage\":\"pt-PT\",\"@id\":\"https:\\\/\\\/tupique.com\\\/product\\\/rangement-reglable-pour-refrigerateur-friwer-innovagoods-2-unites\\\/#primaryimage\",\"url\":\"https:\\\/\\\/tupique.com\\\/wp-content\\\/uploads\\\/2026\\\/05\\\/V0103197_000_MKT3.jpg\",\"contentUrl\":\"https:\\\/\\\/tupique.com\\\/wp-content\\\/uploads\\\/2026\\\/05\\\/V0103197_000_MKT3.jpg\",\"width\":1200,\"height\":1200,\"caption\":\"V0103197_0\"},{\"@type\":\"BreadcrumbList\",\"@id\":\"https:\\\/\\\/tupique.com\\\/product\\\/rangement-reglable-pour-refrigerateur-friwer-innovagoods-2-unites\\\/#breadcrumb\",\"itemListElement\":[{\"@type\":\"ListItem\",\"position\":1,\"name\":\"commencer\",\"item\":\"https:\\\/\\\/tupique.com\\\/\"},{\"@type\":\"ListItem\",\"position\":2,\"name\":\"Loja\",\"item\":\"https:\\\/\\\/tupique.com\\\/loja\\\/\"},{\"@type\":\"ListItem\",\"position\":3,\"name\":\"Rangement R\u00e9glable pour R\u00e9frig\u00e9rateur Friwer InnovaGoods 2 Unit\u00e9s\"}]},{\"@type\":\"WebSite\",\"@id\":\"https:\\\/\\\/tupique.com\\\/#website\",\"url\":\"https:\\\/\\\/tupique.com\\\/\",\"name\":\"Tupique\",\"description\":\"\",\"publisher\":{\"@id\":\"https:\\\/\\\/tupique.com\\\/#organization\"},\"potentialAction\":[{\"@type\":\"SearchAction\",\"target\":{\"@type\":\"EntryPoint\",\"urlTemplate\":\"https:\\\/\\\/tupique.com\\\/?s={search_term_string}\"},\"query-input\":{\"@type\":\"PropertyValueSpecification\",\"valueRequired\":true,\"valueName\":\"search_term_string\"}}],\"inLanguage\":\"pt-PT\"},{\"@type\":\"Organization\",\"@id\":\"https:\\\/\\\/tupique.com\\\/#organization\",\"name\":\"Tupique\",\"url\":\"https:\\\/\\\/tupique.com\\\/\",\"logo\":{\"@type\":\"ImageObject\",\"inLanguage\":\"pt-PT\",\"@id\":\"https:\\\/\\\/tupique.com\\\/#\\\/schema\\\/logo\\\/image\\\/\",\"url\":\"https:\\\/\\\/tupique.com\\\/wp-content\\\/uploads\\\/2026\\\/03\\\/logo-tupique-1.webp\",\"contentUrl\":\"https:\\\/\\\/tupique.com\\\/wp-content\\\/uploads\\\/2026\\\/03\\\/logo-tupique-1.webp\",\"width\":500,\"height\":67,\"caption\":\"Tupique\"},\"image\":{\"@id\":\"https:\\\/\\\/tupique.com\\\/#\\\/schema\\\/logo\\\/image\\\/\"}}]}<\/script>\n<!-- \/ Yoast SEO plugin. -->","yoast_head_json":{"title":"Rangement R\u00e9glable pour R\u00e9frig\u00e9rateur Friwer InnovaGoods 2 Unit\u00e9s - Tupique","robots":{"index":"index","follow":"follow","max-snippet":"max-snippet:-1","max-image-preview":"max-image-preview:large","max-video-preview":"max-video-preview:-1"},"canonical":"https:\/\/tupique.com\/pt\/product\/rangement-reglable-pour-refrigerateur-friwer-innovagoods-2-unites\/","og_locale":"pt_PT","og_type":"article","og_title":"Rangement R\u00e9glable pour R\u00e9frig\u00e9rateur Friwer InnovaGoods 2 Unit\u00e9s - Tupique","og_description":"10.4950 &euro; \/ 1 unit","og_url":"https:\/\/tupique.com\/pt\/product\/rangement-reglable-pour-refrigerateur-friwer-innovagoods-2-unites\/","og_site_name":"Tupique","article_modified_time":"2026-05-11T19:23:44+00:00","twitter_card":"summary_large_image","twitter_misc":{"Tempo estimado de leitura":"1 minuto"},"schema":{"@context":"https:\/\/schema.org","@graph":[{"@type":"WebPage","@id":"https:\/\/tupique.com\/product\/rangement-reglable-pour-refrigerateur-friwer-innovagoods-2-unites\/","url":"https:\/\/tupique.com\/product\/rangement-reglable-pour-refrigerateur-friwer-innovagoods-2-unites\/","name":"Rangement R\u00e9glable pour R\u00e9frig\u00e9rateur Friwer InnovaGoods 2 Unit\u00e9s - Tupique","isPartOf":{"@id":"https:\/\/tupique.com\/#website"},"primaryImageOfPage":{"@id":"https:\/\/tupique.com\/product\/rangement-reglable-pour-refrigerateur-friwer-innovagoods-2-unites\/#primaryimage"},"image":{"@id":"https:\/\/tupique.com\/product\/rangement-reglable-pour-refrigerateur-friwer-innovagoods-2-unites\/#primaryimage"},"thumbnailUrl":"https:\/\/tupique.com\/wp-content\/uploads\/2026\/05\/V0103197_000_MKT3.jpg","datePublished":"2026-05-11T10:31:10+00:00","dateModified":"2026-05-11T19:23:44+00:00","breadcrumb":{"@id":"https:\/\/tupique.com\/product\/rangement-reglable-pour-refrigerateur-friwer-innovagoods-2-unites\/#breadcrumb"},"inLanguage":"pt-PT","potentialAction":[{"@type":"ReadAction","target":["https:\/\/tupique.com\/product\/rangement-reglable-pour-refrigerateur-friwer-innovagoods-2-unites\/"]}]},{"@type":"ImageObject","inLanguage":"pt-PT","@id":"https:\/\/tupique.com\/product\/rangement-reglable-pour-refrigerateur-friwer-innovagoods-2-unites\/#primaryimage","url":"https:\/\/tupique.com\/wp-content\/uploads\/2026\/05\/V0103197_000_MKT3.jpg","contentUrl":"https:\/\/tupique.com\/wp-content\/uploads\/2026\/05\/V0103197_000_MKT3.jpg","width":1200,"height":1200,"caption":"V0103197_0"},{"@type":"BreadcrumbList","@id":"https:\/\/tupique.com\/product\/rangement-reglable-pour-refrigerateur-friwer-innovagoods-2-unites\/#breadcrumb","itemListElement":[{"@type":"ListItem","position":1,"name":"commencer","item":"https:\/\/tupique.com\/"},{"@type":"ListItem","position":2,"name":"Loja","item":"https:\/\/tupique.com\/loja\/"},{"@type":"ListItem","position":3,"name":"Rangement R\u00e9glable pour R\u00e9frig\u00e9rateur Friwer InnovaGoods 2 Unit\u00e9s"}]},{"@type":"WebSite","@id":"https:\/\/tupique.com\/#website","url":"https:\/\/tupique.com\/","name":"Tupique","description":"","publisher":{"@id":"https:\/\/tupique.com\/#organization"},"potentialAction":[{"@type":"SearchAction","target":{"@type":"EntryPoint","urlTemplate":"https:\/\/tupique.com\/?s={search_term_string}"},"query-input":{"@type":"PropertyValueSpecification","valueRequired":true,"valueName":"search_term_string"}}],"inLanguage":"pt-PT"},{"@type":"Organization","@id":"https:\/\/tupique.com\/#organization","name":"Tupique","url":"https:\/\/tupique.com\/","logo":{"@type":"ImageObject","inLanguage":"pt-PT","@id":"https:\/\/tupique.com\/#\/schema\/logo\/image\/","url":"https:\/\/tupique.com\/wp-content\/uploads\/2026\/03\/logo-tupique-1.webp","contentUrl":"https:\/\/tupique.com\/wp-content\/uploads\/2026\/03\/logo-tupique-1.webp","width":500,"height":67,"caption":"Tupique"},"image":{"@id":"https:\/\/tupique.com\/#\/schema\/logo\/image\/"}}]}},"_links":{"self":[{"href":"https:\/\/tupique.com\/pt\/wp-json\/wp\/v2\/product\/180141","targetHints":{"allow":["GET"]}}],"collection":[{"href":"https:\/\/tupique.com\/pt\/wp-json\/wp\/v2\/product"}],"about":[{"href":"https:\/\/tupique.com\/pt\/wp-json\/wp\/v2\/types\/product"}],"replies":[{"embeddable":true,"href":"https:\/\/tupique.com\/pt\/wp-json\/wp\/v2\/comments?post=180141"}],"wp:featuredmedia":[{"embeddable":true,"href":"https:\/\/tupique.com\/pt\/wp-json\/wp\/v2\/media\/180133"}],"wp:attachment":[{"href":"https:\/\/tupique.com\/pt\/wp-json\/wp\/v2\/media?parent=180141"}],"wp:term":[{"taxonomy":"product_brand","embeddable":true,"href":"https:\/\/tupique.com\/pt\/wp-json\/wp\/v2\/product_brand?post=180141"},{"taxonomy":"product_cat","embeddable":true,"href":"https:\/\/tupique.com\/pt\/wp-json\/wp\/v2\/product_cat?post=180141"},{"taxonomy":"product_tag","embeddable":true,"href":"https:\/\/tupique.com\/pt\/wp-json\/wp\/v2\/product_tag?post=180141"}],"curies":[{"name":"wp","href":"https:\/\/api.w.org\/{rel}","templated":true}]}}