{"id":180561,"date":"2026-05-11T12:52:42","date_gmt":"2026-05-11T10:52:42","guid":{"rendered":"https:\/\/tupique.com\/product\/masque-en-tissu-hygienique-reutilisable-dc-super-hero-girls-enfant-noir\/"},"modified":"2026-05-11T21:17:32","modified_gmt":"2026-05-11T19:17:32","slug":"masque-en-tissu-hygienique-reutilisable-dc-super-hero-girls-enfant-noir","status":"publish","type":"product","link":"https:\/\/tupique.com\/pt\/product\/masque-en-tissu-hygienique-reutilisable-dc-super-hero-girls-enfant-noir\/","title":{"rendered":"M\u00e1scara de tecido reutiliz\u00e1vel DC Super Hero Girls para crian\u00e7a - Preta"},"content":{"rendered":"<p>Masque en tissu hygi\u00e9nique r\u00e9utilisable DC Super Hero Girls Enfant Noir est un produit exclusif de qualit\u00e9 pour le soin du corps. Si vous recherchez les meilleurs produits d\u2019hygi\u00e8ne personnelle, les produits DC Super Hero Girls 100 % originaux sont exactement ce dont vous avez besoin.<\/p>\n<ul>\n<li>Couleur: Noir<\/li>\n<li>Composition: 100 % polyester<\/li>\n<li>Utilisation recommand\u00e9e: Enfant<\/li>\n<li>Instructions de lavage:\n<ul>\n<li>Les mat\u00e9riaux utilis\u00e9s pour ce masque r\u00e9sistent \u00e0 de multiples cycles de lavage sans perdre son aspect original<\/li>\n<li>5 lavages \u00e0 60 \u00b0C selon UNE 0065:2020<\/li>\n<\/ul>\n<\/li>\n<\/ul>","protected":false},"excerpt":{"rendered":"<p>Masque en tissu hygi\u00e9nique r\u00e9utilisable DC Super Hero Girls Enfant Noir est un produit exclusif de qualit\u00e9 pour le soin du corps. Si vous recherchez les meilleurs produits d\u2019hygi\u00e8ne personnelle, les produits DC Super Hero Girls 100 % originaux sont exactement ce dont vous avez besoin. Couleur: Noir Composition: 100 % polyester Utilisation recommand\u00e9e: Enfant [&hellip;]<\/p>\n","protected":false},"featured_media":180558,"comment_status":"open","ping_status":"closed","template":"","meta":[],"product_brand":[2131],"product_cat":[776,1218,752],"product_tag":[208,107],"woo-feed-brand":[],"class_list":{"0":"post-180561","1":"product","2":"type-product","3":"status-publish","4":"has-post-thumbnail","6":"product_brand-brandp_1247","7":"product_cat-detente-et-bien-etre","8":"product_cat-produits-de-detente","9":"product_cat-sante-beaute","10":"product_tag-tag_587","11":"product_tag-tag_36","13":"first","14":"instock","15":"taxable","16":"shipping-taxable","17":"purchasable","18":"product-type-simple"},"yoast_head":"<!-- This site is optimized with the Yoast SEO plugin v27.6 - https:\/\/yoast.com\/product\/yoast-seo-wordpress\/ -->\n<title>Masque en tissu hygi\u00e9nique r\u00e9utilisable DC Super Hero Girls Enfant Noir | | Tupique<\/title>\n<meta name=\"description\" content=\"Envie d&#039;acheter Masque en tissu hygi\u00e9nique r\u00e9utilisable DC Super Hero Girls Enfant Noir\u00a0? Achetez Masque en tissu hygi\u00e9nique r\u00e9utilisable DC Super Hero Girls Enfant Noir maintenant avec Tupique en 3 versements sans int\u00e9r\u00eat.\" \/>\n<meta name=\"robots\" content=\"index, follow, max-snippet:-1, max-image-preview:large, max-video-preview:-1\" \/>\n<link rel=\"canonical\" href=\"https:\/\/tupique.com\/pt\/product\/masque-en-tissu-hygienique-reutilisable-dc-super-hero-girls-enfant-noir\/\" \/>\n<meta property=\"og:locale\" content=\"pt_PT\" \/>\n<meta property=\"og:type\" content=\"article\" \/>\n<meta property=\"og:title\" content=\"Masque en tissu hygi\u00e9nique r\u00e9utilisable DC Super Hero Girls Enfant Noir | | Tupique\" \/>\n<meta property=\"og:description\" content=\"Envie d&#039;acheter Masque en tissu hygi\u00e9nique r\u00e9utilisable DC Super Hero Girls Enfant Noir\u00a0? Achetez Masque en tissu hygi\u00e9nique r\u00e9utilisable DC Super Hero Girls Enfant Noir maintenant avec Tupique en 3 versements sans int\u00e9r\u00eat.\" \/>\n<meta property=\"og:url\" content=\"https:\/\/tupique.com\/pt\/product\/masque-en-tissu-hygienique-reutilisable-dc-super-hero-girls-enfant-noir\/\" \/>\n<meta property=\"og:site_name\" content=\"Tupique\" \/>\n<meta property=\"article:modified_time\" content=\"2026-05-11T19:17:32+00:00\" \/>\n<meta property=\"og:image\" content=\"https:\/\/tupique.com\/wp-content\/uploads\/2026\/05\/8427934552689_S0724958_P02.jpg\" \/>\n\t<meta property=\"og:image:width\" content=\"1200\" \/>\n\t<meta property=\"og:image:height\" content=\"1200\" \/>\n\t<meta property=\"og:image:type\" content=\"image\/jpeg\" \/>\n<meta name=\"twitter:card\" content=\"summary_large_image\" \/>\n<script type=\"application\/ld+json\" class=\"yoast-schema-graph\">{\"@context\":\"https:\\\/\\\/schema.org\",\"@graph\":[{\"@type\":\"WebPage\",\"@id\":\"https:\\\/\\\/tupique.com\\\/pt\\\/product\\\/masque-en-tissu-hygienique-reutilisable-dc-super-hero-girls-enfant-noir\\\/\",\"url\":\"https:\\\/\\\/tupique.com\\\/pt\\\/product\\\/masque-en-tissu-hygienique-reutilisable-dc-super-hero-girls-enfant-noir\\\/\",\"name\":\"Masque en tissu hygi\u00e9nique r\u00e9utilisable DC Super Hero Girls Enfant Noir | | Tupique\",\"isPartOf\":{\"@id\":\"https:\\\/\\\/tupique.com\\\/#website\"},\"primaryImageOfPage\":{\"@id\":\"https:\\\/\\\/tupique.com\\\/pt\\\/product\\\/masque-en-tissu-hygienique-reutilisable-dc-super-hero-girls-enfant-noir\\\/#primaryimage\"},\"image\":{\"@id\":\"https:\\\/\\\/tupique.com\\\/pt\\\/product\\\/masque-en-tissu-hygienique-reutilisable-dc-super-hero-girls-enfant-noir\\\/#primaryimage\"},\"thumbnailUrl\":\"https:\\\/\\\/tupique.com\\\/wp-content\\\/uploads\\\/2026\\\/05\\\/8427934552689_S0724958_P02.jpg\",\"datePublished\":\"2026-05-11T10:52:42+00:00\",\"dateModified\":\"2026-05-11T19:17:32+00:00\",\"description\":\"Envie d'acheter Masque en tissu hygi\u00e9nique r\u00e9utilisable DC Super Hero Girls Enfant Noir\u00a0? Achetez Masque en tissu hygi\u00e9nique r\u00e9utilisable DC Super Hero Girls Enfant Noir maintenant avec Tupique en 3 versements sans int\u00e9r\u00eat.\",\"breadcrumb\":{\"@id\":\"https:\\\/\\\/tupique.com\\\/pt\\\/product\\\/masque-en-tissu-hygienique-reutilisable-dc-super-hero-girls-enfant-noir\\\/#breadcrumb\"},\"inLanguage\":\"pt-PT\",\"potentialAction\":[{\"@type\":\"ReadAction\",\"target\":[\"https:\\\/\\\/tupique.com\\\/pt\\\/product\\\/masque-en-tissu-hygienique-reutilisable-dc-super-hero-girls-enfant-noir\\\/\"]}]},{\"@type\":\"ImageObject\",\"inLanguage\":\"pt-PT\",\"@id\":\"https:\\\/\\\/tupique.com\\\/pt\\\/product\\\/masque-en-tissu-hygienique-reutilisable-dc-super-hero-girls-enfant-noir\\\/#primaryimage\",\"url\":\"https:\\\/\\\/tupique.com\\\/wp-content\\\/uploads\\\/2026\\\/05\\\/8427934552689_S0724958_P02.jpg\",\"contentUrl\":\"https:\\\/\\\/tupique.com\\\/wp-content\\\/uploads\\\/2026\\\/05\\\/8427934552689_S0724958_P02.jpg\",\"width\":1200,\"height\":1200,\"caption\":\"S0724958_0\"},{\"@type\":\"BreadcrumbList\",\"@id\":\"https:\\\/\\\/tupique.com\\\/pt\\\/product\\\/masque-en-tissu-hygienique-reutilisable-dc-super-hero-girls-enfant-noir\\\/#breadcrumb\",\"itemListElement\":[{\"@type\":\"ListItem\",\"position\":1,\"name\":\"commencer\",\"item\":\"https:\\\/\\\/tupique.com\\\/\"},{\"@type\":\"ListItem\",\"position\":2,\"name\":\"Loja\",\"item\":\"https:\\\/\\\/tupique.com\\\/pt\\\/loja\\\/\"},{\"@type\":\"ListItem\",\"position\":3,\"name\":\"Masque en tissu hygi\u00e9nique r\u00e9utilisable DC Super Hero Girls Enfant Noir\"}]},{\"@type\":\"WebSite\",\"@id\":\"https:\\\/\\\/tupique.com\\\/#website\",\"url\":\"https:\\\/\\\/tupique.com\\\/\",\"name\":\"Tupique\",\"description\":\"\",\"publisher\":{\"@id\":\"https:\\\/\\\/tupique.com\\\/#organization\"},\"potentialAction\":[{\"@type\":\"SearchAction\",\"target\":{\"@type\":\"EntryPoint\",\"urlTemplate\":\"https:\\\/\\\/tupique.com\\\/?s={search_term_string}\"},\"query-input\":{\"@type\":\"PropertyValueSpecification\",\"valueRequired\":true,\"valueName\":\"search_term_string\"}}],\"inLanguage\":\"pt-PT\"},{\"@type\":\"Organization\",\"@id\":\"https:\\\/\\\/tupique.com\\\/#organization\",\"name\":\"Tupique\",\"url\":\"https:\\\/\\\/tupique.com\\\/\",\"logo\":{\"@type\":\"ImageObject\",\"inLanguage\":\"pt-PT\",\"@id\":\"https:\\\/\\\/tupique.com\\\/#\\\/schema\\\/logo\\\/image\\\/\",\"url\":\"https:\\\/\\\/tupique.com\\\/wp-content\\\/uploads\\\/2026\\\/03\\\/logo-tupique-1.webp\",\"contentUrl\":\"https:\\\/\\\/tupique.com\\\/wp-content\\\/uploads\\\/2026\\\/03\\\/logo-tupique-1.webp\",\"width\":500,\"height\":67,\"caption\":\"Tupique\"},\"image\":{\"@id\":\"https:\\\/\\\/tupique.com\\\/#\\\/schema\\\/logo\\\/image\\\/\"}}]}<\/script>\n<!-- \/ Yoast SEO plugin. -->","yoast_head_json":{"title":"Masque en tissu hygi\u00e9nique r\u00e9utilisable DC Super Hero Girls Enfant Noir | | Tupique","description":"Envie d'acheter Masque en tissu hygi\u00e9nique r\u00e9utilisable DC Super Hero Girls Enfant Noir\u00a0? Achetez Masque en tissu hygi\u00e9nique r\u00e9utilisable DC Super Hero Girls Enfant Noir maintenant avec Tupique en 3 versements sans int\u00e9r\u00eat.","robots":{"index":"index","follow":"follow","max-snippet":"max-snippet:-1","max-image-preview":"max-image-preview:large","max-video-preview":"max-video-preview:-1"},"canonical":"https:\/\/tupique.com\/pt\/product\/masque-en-tissu-hygienique-reutilisable-dc-super-hero-girls-enfant-noir\/","og_locale":"pt_PT","og_type":"article","og_title":"Masque en tissu hygi\u00e9nique r\u00e9utilisable DC Super Hero Girls Enfant Noir | | Tupique","og_description":"Envie d'acheter Masque en tissu hygi\u00e9nique r\u00e9utilisable DC Super Hero Girls Enfant Noir\u00a0? Achetez Masque en tissu hygi\u00e9nique r\u00e9utilisable DC Super Hero Girls Enfant Noir maintenant avec Tupique en 3 versements sans int\u00e9r\u00eat.","og_url":"https:\/\/tupique.com\/pt\/product\/masque-en-tissu-hygienique-reutilisable-dc-super-hero-girls-enfant-noir\/","og_site_name":"Tupique","article_modified_time":"2026-05-11T19:17:32+00:00","og_image":[{"width":1200,"height":1200,"url":"https:\/\/tupique.com\/wp-content\/uploads\/2026\/05\/8427934552689_S0724958_P02.jpg","type":"image\/jpeg"}],"twitter_card":"summary_large_image","schema":{"@context":"https:\/\/schema.org","@graph":[{"@type":"WebPage","@id":"https:\/\/tupique.com\/pt\/product\/masque-en-tissu-hygienique-reutilisable-dc-super-hero-girls-enfant-noir\/","url":"https:\/\/tupique.com\/pt\/product\/masque-en-tissu-hygienique-reutilisable-dc-super-hero-girls-enfant-noir\/","name":"Masque en tissu hygi\u00e9nique r\u00e9utilisable DC Super Hero Girls Enfant Noir | | Tupique","isPartOf":{"@id":"https:\/\/tupique.com\/#website"},"primaryImageOfPage":{"@id":"https:\/\/tupique.com\/pt\/product\/masque-en-tissu-hygienique-reutilisable-dc-super-hero-girls-enfant-noir\/#primaryimage"},"image":{"@id":"https:\/\/tupique.com\/pt\/product\/masque-en-tissu-hygienique-reutilisable-dc-super-hero-girls-enfant-noir\/#primaryimage"},"thumbnailUrl":"https:\/\/tupique.com\/wp-content\/uploads\/2026\/05\/8427934552689_S0724958_P02.jpg","datePublished":"2026-05-11T10:52:42+00:00","dateModified":"2026-05-11T19:17:32+00:00","description":"Envie d'acheter Masque en tissu hygi\u00e9nique r\u00e9utilisable DC Super Hero Girls Enfant Noir\u00a0? Achetez Masque en tissu hygi\u00e9nique r\u00e9utilisable DC Super Hero Girls Enfant Noir maintenant avec Tupique en 3 versements sans int\u00e9r\u00eat.","breadcrumb":{"@id":"https:\/\/tupique.com\/pt\/product\/masque-en-tissu-hygienique-reutilisable-dc-super-hero-girls-enfant-noir\/#breadcrumb"},"inLanguage":"pt-PT","potentialAction":[{"@type":"ReadAction","target":["https:\/\/tupique.com\/pt\/product\/masque-en-tissu-hygienique-reutilisable-dc-super-hero-girls-enfant-noir\/"]}]},{"@type":"ImageObject","inLanguage":"pt-PT","@id":"https:\/\/tupique.com\/pt\/product\/masque-en-tissu-hygienique-reutilisable-dc-super-hero-girls-enfant-noir\/#primaryimage","url":"https:\/\/tupique.com\/wp-content\/uploads\/2026\/05\/8427934552689_S0724958_P02.jpg","contentUrl":"https:\/\/tupique.com\/wp-content\/uploads\/2026\/05\/8427934552689_S0724958_P02.jpg","width":1200,"height":1200,"caption":"S0724958_0"},{"@type":"BreadcrumbList","@id":"https:\/\/tupique.com\/pt\/product\/masque-en-tissu-hygienique-reutilisable-dc-super-hero-girls-enfant-noir\/#breadcrumb","itemListElement":[{"@type":"ListItem","position":1,"name":"commencer","item":"https:\/\/tupique.com\/"},{"@type":"ListItem","position":2,"name":"Loja","item":"https:\/\/tupique.com\/pt\/loja\/"},{"@type":"ListItem","position":3,"name":"Masque en tissu hygi\u00e9nique r\u00e9utilisable DC Super Hero Girls Enfant Noir"}]},{"@type":"WebSite","@id":"https:\/\/tupique.com\/#website","url":"https:\/\/tupique.com\/","name":"Tupique","description":"","publisher":{"@id":"https:\/\/tupique.com\/#organization"},"potentialAction":[{"@type":"SearchAction","target":{"@type":"EntryPoint","urlTemplate":"https:\/\/tupique.com\/?s={search_term_string}"},"query-input":{"@type":"PropertyValueSpecification","valueRequired":true,"valueName":"search_term_string"}}],"inLanguage":"pt-PT"},{"@type":"Organization","@id":"https:\/\/tupique.com\/#organization","name":"Tupique","url":"https:\/\/tupique.com\/","logo":{"@type":"ImageObject","inLanguage":"pt-PT","@id":"https:\/\/tupique.com\/#\/schema\/logo\/image\/","url":"https:\/\/tupique.com\/wp-content\/uploads\/2026\/03\/logo-tupique-1.webp","contentUrl":"https:\/\/tupique.com\/wp-content\/uploads\/2026\/03\/logo-tupique-1.webp","width":500,"height":67,"caption":"Tupique"},"image":{"@id":"https:\/\/tupique.com\/#\/schema\/logo\/image\/"}}]}},"_links":{"self":[{"href":"https:\/\/tupique.com\/pt\/wp-json\/wp\/v2\/product\/180561","targetHints":{"allow":["GET"]}}],"collection":[{"href":"https:\/\/tupique.com\/pt\/wp-json\/wp\/v2\/product"}],"about":[{"href":"https:\/\/tupique.com\/pt\/wp-json\/wp\/v2\/types\/product"}],"replies":[{"embeddable":true,"href":"https:\/\/tupique.com\/pt\/wp-json\/wp\/v2\/comments?post=180561"}],"wp:featuredmedia":[{"embeddable":true,"href":"https:\/\/tupique.com\/pt\/wp-json\/wp\/v2\/media\/180558"}],"wp:attachment":[{"href":"https:\/\/tupique.com\/pt\/wp-json\/wp\/v2\/media?parent=180561"}],"wp:term":[{"taxonomy":"product_brand","embeddable":true,"href":"https:\/\/tupique.com\/pt\/wp-json\/wp\/v2\/product_brand?post=180561"},{"taxonomy":"product_cat","embeddable":true,"href":"https:\/\/tupique.com\/pt\/wp-json\/wp\/v2\/product_cat?post=180561"},{"taxonomy":"product_tag","embeddable":true,"href":"https:\/\/tupique.com\/pt\/wp-json\/wp\/v2\/product_tag?post=180561"},{"taxonomy":"woo-feed-brand","embeddable":true,"href":"https:\/\/tupique.com\/pt\/wp-json\/wp\/v2\/woo-feed-brand?post=180561"}],"curies":[{"name":"wp","href":"https:\/\/api.w.org\/{rel}","templated":true}]}}