{"id":180594,"date":"2026-05-11T13:03:54","date_gmt":"2026-05-11T11:03:54","guid":{"rendered":"https:\/\/tupique.com\/product\/sac-de-voyage-ksix-weekendbag-marron-papier-kraft-eco-friendly\/"},"modified":"2026-05-11T21:17:35","modified_gmt":"2026-05-11T19:17:35","slug":"sac-de-voyage-ksix-weekendbag-marron-papier-kraft-eco-friendly","status":"publish","type":"product","link":"https:\/\/tupique.com\/pt\/product\/sac-de-voyage-ksix-weekendbag-marron-papier-kraft-eco-friendly\/","title":{"rendered":"Sac de Voyage KSIX WeekendBag Marron papier kraft Eco-friendly"},"content":{"rendered":"<p>Si vous \u00eates passionn\u00e9 d&#8217;<b>informatique et d&#8217;\u00e9lectronique<\/b>, si vous \u00eates \u00e0 la pointe de la technologie et qu&#8217;aucun d\u00e9tail ne vous \u00e9chappe, achetez <b>Sac de Voyage KSIX WeekendBag Marron papier kraft Eco-friendly<\/b> au meilleur prix.<\/p>\n<ul>\n<li>Couleur: Marron<\/li>\n<li>Caract\u00e9ristiques: Eco-friendly<\/li>\n<li>Composition: papier kraft<\/li>\n<li>Dimensions approx.: 25 x 45 cm<\/li>\n<li>Type: Sac de Voyage<\/li>\n<li>Mati\u00e8re: papier kraft<\/li>\n<\/ul>","protected":false},"excerpt":{"rendered":"<p>Si vous \u00eates passionn\u00e9 d&#8217;informatique et d&#8217;\u00e9lectronique, si vous \u00eates \u00e0 la pointe de la technologie et qu&#8217;aucun d\u00e9tail ne vous \u00e9chappe, achetez Sac de Voyage KSIX WeekendBag Marron papier kraft Eco-friendly au meilleur prix. Couleur: Marron Caract\u00e9ristiques: Eco-friendly Composition: papier kraft Dimensions approx.: 25 x 45 cm Type: Sac de Voyage Mati\u00e8re: papier kraft<\/p>","protected":false},"featured_media":180586,"comment_status":"open","ping_status":"closed","template":"","meta":[],"product_brand":[177],"product_cat":[1853,1829,1773,2117,1873,1764,1774],"product_tag":[211,163,165,164],"woo-feed-brand":[],"class_list":{"0":"post-180594","1":"product","2":"type-product","3":"status-publish","4":"has-post-thumbnail","6":"product_brand-brandp_1052","7":"product_cat-camping-et-montagne","8":"product_cat-materiel-et-equipement-de-sport","9":"product_cat-pour-voyager","10":"product_cat-sacs-a-dos-et-sacs","11":"product_cat-sacs-a-dos-et-sacs-de-sport","12":"product_cat-sports-loisirs","13":"product_cat-valises-et-bagage-a-main","14":"product_tag-tag_3","15":"product_tag-tag_17","16":"product_tag-tag_69","17":"product_tag-tag_152","19":"first","20":"instock","21":"taxable","22":"shipping-taxable","23":"purchasable","24":"product-type-simple"},"yoast_head":"<!-- This site is optimized with the Yoast SEO plugin v27.5 - https:\/\/yoast.com\/product\/yoast-seo-wordpress\/ -->\n<title>Sac de Voyage KSIX WeekendBag Marron papier kraft Eco-friendly | | Tupique<\/title>\n<meta name=\"description\" content=\"Envie d&#039;acheter Sac de Voyage KSIX WeekendBag Marron papier kraft Eco-friendly\u00a0? Achetez Sac de Voyage KSIX WeekendBag Marron papier kraft Eco-friendly maintenant avec Tupique en 3 versements sans int\u00e9r\u00eat.\" \/>\n<meta name=\"robots\" content=\"index, follow, max-snippet:-1, max-image-preview:large, max-video-preview:-1\" \/>\n<link rel=\"canonical\" href=\"https:\/\/tupique.com\/pt\/product\/sac-de-voyage-ksix-weekendbag-marron-papier-kraft-eco-friendly\/\" \/>\n<meta property=\"og:locale\" content=\"pt_PT\" \/>\n<meta property=\"og:type\" content=\"article\" \/>\n<meta property=\"og:title\" content=\"Sac de Voyage KSIX WeekendBag Marron papier kraft Eco-friendly | | Tupique\" \/>\n<meta property=\"og:description\" content=\"Envie d&#039;acheter Sac de Voyage KSIX WeekendBag Marron papier kraft Eco-friendly\u00a0? Achetez Sac de Voyage KSIX WeekendBag Marron papier kraft Eco-friendly maintenant avec Tupique en 3 versements sans int\u00e9r\u00eat.\" \/>\n<meta property=\"og:url\" content=\"https:\/\/tupique.com\/pt\/product\/sac-de-voyage-ksix-weekendbag-marron-papier-kraft-eco-friendly\/\" \/>\n<meta property=\"og:site_name\" content=\"Tupique\" \/>\n<meta property=\"article:modified_time\" content=\"2026-05-11T19:17:35+00:00\" \/>\n<meta name=\"twitter:card\" content=\"summary_large_image\" \/>\n<script type=\"application\/ld+json\" class=\"yoast-schema-graph\">{\"@context\":\"https:\\\/\\\/schema.org\",\"@graph\":[{\"@type\":\"WebPage\",\"@id\":\"https:\\\/\\\/tupique.com\\\/product\\\/sac-de-voyage-ksix-weekendbag-marron-papier-kraft-eco-friendly\\\/\",\"url\":\"https:\\\/\\\/tupique.com\\\/product\\\/sac-de-voyage-ksix-weekendbag-marron-papier-kraft-eco-friendly\\\/\",\"name\":\"Sac de Voyage KSIX WeekendBag Marron papier kraft Eco-friendly | | Tupique\",\"isPartOf\":{\"@id\":\"https:\\\/\\\/tupique.com\\\/#website\"},\"primaryImageOfPage\":{\"@id\":\"https:\\\/\\\/tupique.com\\\/product\\\/sac-de-voyage-ksix-weekendbag-marron-papier-kraft-eco-friendly\\\/#primaryimage\"},\"image\":{\"@id\":\"https:\\\/\\\/tupique.com\\\/product\\\/sac-de-voyage-ksix-weekendbag-marron-papier-kraft-eco-friendly\\\/#primaryimage\"},\"thumbnailUrl\":\"https:\\\/\\\/tupique.com\\\/wp-content\\\/uploads\\\/2026\\\/05\\\/8427542104935_S1905024_P02.jpg\",\"datePublished\":\"2026-05-11T11:03:54+00:00\",\"dateModified\":\"2026-05-11T19:17:35+00:00\",\"description\":\"Envie d'acheter Sac de Voyage KSIX WeekendBag Marron papier kraft Eco-friendly\u00a0? Achetez Sac de Voyage KSIX WeekendBag Marron papier kraft Eco-friendly maintenant avec Tupique en 3 versements sans int\u00e9r\u00eat.\",\"breadcrumb\":{\"@id\":\"https:\\\/\\\/tupique.com\\\/product\\\/sac-de-voyage-ksix-weekendbag-marron-papier-kraft-eco-friendly\\\/#breadcrumb\"},\"inLanguage\":\"pt-PT\",\"potentialAction\":[{\"@type\":\"ReadAction\",\"target\":[\"https:\\\/\\\/tupique.com\\\/product\\\/sac-de-voyage-ksix-weekendbag-marron-papier-kraft-eco-friendly\\\/\"]}]},{\"@type\":\"ImageObject\",\"inLanguage\":\"pt-PT\",\"@id\":\"https:\\\/\\\/tupique.com\\\/product\\\/sac-de-voyage-ksix-weekendbag-marron-papier-kraft-eco-friendly\\\/#primaryimage\",\"url\":\"https:\\\/\\\/tupique.com\\\/wp-content\\\/uploads\\\/2026\\\/05\\\/8427542104935_S1905024_P02.jpg\",\"contentUrl\":\"https:\\\/\\\/tupique.com\\\/wp-content\\\/uploads\\\/2026\\\/05\\\/8427542104935_S1905024_P02.jpg\",\"width\":1200,\"height\":1200,\"caption\":\"S1905024_0\"},{\"@type\":\"BreadcrumbList\",\"@id\":\"https:\\\/\\\/tupique.com\\\/product\\\/sac-de-voyage-ksix-weekendbag-marron-papier-kraft-eco-friendly\\\/#breadcrumb\",\"itemListElement\":[{\"@type\":\"ListItem\",\"position\":1,\"name\":\"commencer\",\"item\":\"https:\\\/\\\/tupique.com\\\/\"},{\"@type\":\"ListItem\",\"position\":2,\"name\":\"Loja\",\"item\":\"https:\\\/\\\/tupique.com\\\/loja\\\/\"},{\"@type\":\"ListItem\",\"position\":3,\"name\":\"Sac de Voyage KSIX WeekendBag Marron papier kraft Eco-friendly\"}]},{\"@type\":\"WebSite\",\"@id\":\"https:\\\/\\\/tupique.com\\\/#website\",\"url\":\"https:\\\/\\\/tupique.com\\\/\",\"name\":\"Tupique\",\"description\":\"\",\"publisher\":{\"@id\":\"https:\\\/\\\/tupique.com\\\/#organization\"},\"potentialAction\":[{\"@type\":\"SearchAction\",\"target\":{\"@type\":\"EntryPoint\",\"urlTemplate\":\"https:\\\/\\\/tupique.com\\\/?s={search_term_string}\"},\"query-input\":{\"@type\":\"PropertyValueSpecification\",\"valueRequired\":true,\"valueName\":\"search_term_string\"}}],\"inLanguage\":\"pt-PT\"},{\"@type\":\"Organization\",\"@id\":\"https:\\\/\\\/tupique.com\\\/#organization\",\"name\":\"Tupique\",\"url\":\"https:\\\/\\\/tupique.com\\\/\",\"logo\":{\"@type\":\"ImageObject\",\"inLanguage\":\"pt-PT\",\"@id\":\"https:\\\/\\\/tupique.com\\\/#\\\/schema\\\/logo\\\/image\\\/\",\"url\":\"https:\\\/\\\/tupique.com\\\/wp-content\\\/uploads\\\/2026\\\/03\\\/logo-tupique-1.webp\",\"contentUrl\":\"https:\\\/\\\/tupique.com\\\/wp-content\\\/uploads\\\/2026\\\/03\\\/logo-tupique-1.webp\",\"width\":500,\"height\":67,\"caption\":\"Tupique\"},\"image\":{\"@id\":\"https:\\\/\\\/tupique.com\\\/#\\\/schema\\\/logo\\\/image\\\/\"}}]}<\/script>\n<!-- \/ Yoast SEO plugin. -->","yoast_head_json":{"title":"Sac de Voyage KSIX WeekendBag Marron papier kraft Eco-friendly | | Tupique","description":"Envie d'acheter Sac de Voyage KSIX WeekendBag Marron papier kraft Eco-friendly\u00a0? Achetez Sac de Voyage KSIX WeekendBag Marron papier kraft Eco-friendly maintenant avec Tupique en 3 versements sans int\u00e9r\u00eat.","robots":{"index":"index","follow":"follow","max-snippet":"max-snippet:-1","max-image-preview":"max-image-preview:large","max-video-preview":"max-video-preview:-1"},"canonical":"https:\/\/tupique.com\/pt\/product\/sac-de-voyage-ksix-weekendbag-marron-papier-kraft-eco-friendly\/","og_locale":"pt_PT","og_type":"article","og_title":"Sac de Voyage KSIX WeekendBag Marron papier kraft Eco-friendly | | Tupique","og_description":"Envie d'acheter Sac de Voyage KSIX WeekendBag Marron papier kraft Eco-friendly\u00a0? Achetez Sac de Voyage KSIX WeekendBag Marron papier kraft Eco-friendly maintenant avec Tupique en 3 versements sans int\u00e9r\u00eat.","og_url":"https:\/\/tupique.com\/pt\/product\/sac-de-voyage-ksix-weekendbag-marron-papier-kraft-eco-friendly\/","og_site_name":"Tupique","article_modified_time":"2026-05-11T19:17:35+00:00","twitter_card":"summary_large_image","schema":{"@context":"https:\/\/schema.org","@graph":[{"@type":"WebPage","@id":"https:\/\/tupique.com\/product\/sac-de-voyage-ksix-weekendbag-marron-papier-kraft-eco-friendly\/","url":"https:\/\/tupique.com\/product\/sac-de-voyage-ksix-weekendbag-marron-papier-kraft-eco-friendly\/","name":"Sac de Voyage KSIX WeekendBag Marron papier kraft Eco-friendly | | Tupique","isPartOf":{"@id":"https:\/\/tupique.com\/#website"},"primaryImageOfPage":{"@id":"https:\/\/tupique.com\/product\/sac-de-voyage-ksix-weekendbag-marron-papier-kraft-eco-friendly\/#primaryimage"},"image":{"@id":"https:\/\/tupique.com\/product\/sac-de-voyage-ksix-weekendbag-marron-papier-kraft-eco-friendly\/#primaryimage"},"thumbnailUrl":"https:\/\/tupique.com\/wp-content\/uploads\/2026\/05\/8427542104935_S1905024_P02.jpg","datePublished":"2026-05-11T11:03:54+00:00","dateModified":"2026-05-11T19:17:35+00:00","description":"Envie d'acheter Sac de Voyage KSIX WeekendBag Marron papier kraft Eco-friendly\u00a0? Achetez Sac de Voyage KSIX WeekendBag Marron papier kraft Eco-friendly maintenant avec Tupique en 3 versements sans int\u00e9r\u00eat.","breadcrumb":{"@id":"https:\/\/tupique.com\/product\/sac-de-voyage-ksix-weekendbag-marron-papier-kraft-eco-friendly\/#breadcrumb"},"inLanguage":"pt-PT","potentialAction":[{"@type":"ReadAction","target":["https:\/\/tupique.com\/product\/sac-de-voyage-ksix-weekendbag-marron-papier-kraft-eco-friendly\/"]}]},{"@type":"ImageObject","inLanguage":"pt-PT","@id":"https:\/\/tupique.com\/product\/sac-de-voyage-ksix-weekendbag-marron-papier-kraft-eco-friendly\/#primaryimage","url":"https:\/\/tupique.com\/wp-content\/uploads\/2026\/05\/8427542104935_S1905024_P02.jpg","contentUrl":"https:\/\/tupique.com\/wp-content\/uploads\/2026\/05\/8427542104935_S1905024_P02.jpg","width":1200,"height":1200,"caption":"S1905024_0"},{"@type":"BreadcrumbList","@id":"https:\/\/tupique.com\/product\/sac-de-voyage-ksix-weekendbag-marron-papier-kraft-eco-friendly\/#breadcrumb","itemListElement":[{"@type":"ListItem","position":1,"name":"commencer","item":"https:\/\/tupique.com\/"},{"@type":"ListItem","position":2,"name":"Loja","item":"https:\/\/tupique.com\/loja\/"},{"@type":"ListItem","position":3,"name":"Sac de Voyage KSIX WeekendBag Marron papier kraft Eco-friendly"}]},{"@type":"WebSite","@id":"https:\/\/tupique.com\/#website","url":"https:\/\/tupique.com\/","name":"Tupique","description":"","publisher":{"@id":"https:\/\/tupique.com\/#organization"},"potentialAction":[{"@type":"SearchAction","target":{"@type":"EntryPoint","urlTemplate":"https:\/\/tupique.com\/?s={search_term_string}"},"query-input":{"@type":"PropertyValueSpecification","valueRequired":true,"valueName":"search_term_string"}}],"inLanguage":"pt-PT"},{"@type":"Organization","@id":"https:\/\/tupique.com\/#organization","name":"Tupique","url":"https:\/\/tupique.com\/","logo":{"@type":"ImageObject","inLanguage":"pt-PT","@id":"https:\/\/tupique.com\/#\/schema\/logo\/image\/","url":"https:\/\/tupique.com\/wp-content\/uploads\/2026\/03\/logo-tupique-1.webp","contentUrl":"https:\/\/tupique.com\/wp-content\/uploads\/2026\/03\/logo-tupique-1.webp","width":500,"height":67,"caption":"Tupique"},"image":{"@id":"https:\/\/tupique.com\/#\/schema\/logo\/image\/"}}]}},"_links":{"self":[{"href":"https:\/\/tupique.com\/pt\/wp-json\/wp\/v2\/product\/180594","targetHints":{"allow":["GET"]}}],"collection":[{"href":"https:\/\/tupique.com\/pt\/wp-json\/wp\/v2\/product"}],"about":[{"href":"https:\/\/tupique.com\/pt\/wp-json\/wp\/v2\/types\/product"}],"replies":[{"embeddable":true,"href":"https:\/\/tupique.com\/pt\/wp-json\/wp\/v2\/comments?post=180594"}],"wp:featuredmedia":[{"embeddable":true,"href":"https:\/\/tupique.com\/pt\/wp-json\/wp\/v2\/media\/180586"}],"wp:attachment":[{"href":"https:\/\/tupique.com\/pt\/wp-json\/wp\/v2\/media?parent=180594"}],"wp:term":[{"taxonomy":"product_brand","embeddable":true,"href":"https:\/\/tupique.com\/pt\/wp-json\/wp\/v2\/product_brand?post=180594"},{"taxonomy":"product_cat","embeddable":true,"href":"https:\/\/tupique.com\/pt\/wp-json\/wp\/v2\/product_cat?post=180594"},{"taxonomy":"product_tag","embeddable":true,"href":"https:\/\/tupique.com\/pt\/wp-json\/wp\/v2\/product_tag?post=180594"},{"taxonomy":"woo-feed-brand","embeddable":true,"href":"https:\/\/tupique.com\/pt\/wp-json\/wp\/v2\/woo-feed-brand?post=180594"}],"curies":[{"name":"wp","href":"https:\/\/api.w.org\/{rel}","templated":true}]}}