{"id":180679,"date":"2026-05-11T13:06:28","date_gmt":"2026-05-11T11:06:28","guid":{"rendered":"https:\/\/tupique.com\/product\/outil-de-levage-et-de-transport-heaveasy-innovagoods-5-pieces\/"},"modified":"2026-05-11T21:23:45","modified_gmt":"2026-05-11T19:23:45","slug":"outil-de-levage-et-de-transport-heaveasy-innovagoods-5-pieces","status":"publish","type":"product","link":"https:\/\/tupique.com\/pt\/product\/outil-de-levage-et-de-transport-heaveasy-innovagoods-5-pieces\/","title":{"rendered":"Outil de Levage et de Transport HeavEasy InnovaGoods 5 Pi\u00e8ces"},"content":{"rendered":"<div class=\"col-md-6\"><b>InnovaGoods<\/b> vous offre les meilleures nouveaut\u00e9s pour la maison, comme <b>Outil de Levage et de Transport HeavEasy InnovaGoods 5 Pi\u00e8ces <\/b> ! D\u00e9couvrez une vaste gamme de produits de qualit\u00e9 qui se d\u00e9marquent de par leur fonctionnalit\u00e9, leur efficacit\u00e9 et leur design innovant : \u00e9clairage, organisation, d\u00e9coration, climatisation, jardin, animaux domestiques, nettoyage, etc.<\/p>\n<p>Un outil de levage et de transport polyvalent et robuste qui vous permet de d\u00e9placer facilement des objets lourds dans l&#8217;environnement domestique, tels que des meubles, des caisses lourdes, des appareils \u00e9lectrom\u00e9nagers, etc. Gr\u00e2ce \u00e0 son design multifonction original et innovant, il vous permet de soulever, positionner, glisser, r\u00e9gler et niveler avec un confort total. Il s&#8217;adapte enti\u00e8rement \u00e0 la direction de transport souhait\u00e9e de mani\u00e8re simple avec un minimum d&#8217;effort, car il se compose d&#8217;une poign\u00e9e de levage ergonomique et antid\u00e9rapante avec la possibilit\u00e9 de tourner jusqu&#8217;\u00e0 180\u00b0 et de 4 pi\u00e8ces de support avec des roues pouvant pivoter jusqu&#8217;\u00e0 360\u00b0. Il a une grande r\u00e9sistance, le levier de levage supporte jusqu&#8217;\u00e0 200 kg et les pi\u00e8ces avec roues supportent jusqu&#8217;\u00e0 150 kg. De plus, \u00e9tant un outil \u00e0 main compact et l\u00e9ger, il peut \u00eatre facilement transport\u00e9 et stock\u00e9, car il prend peu de place. Il comprend des instructions d&#8217;utilisation pour son utilisation correcte. Il vous suffit de placer la lame du levier sous l&#8217;appareil, le meuble ou l&#8217;objet que vous souhaitez d\u00e9placer; abaissez le levier pour le relever, placez les supports \u00e0 roulettes, tournez dans la direction souhait\u00e9e et avancez vers la destination ; ensuite, il faut \u00e0 nouveau utiliser le levier pour le remonter, retirer les supports et l&#8217;abaisser pour le laisser au sol. Il est recommand\u00e9 de ne pas l&#8217;utiliser sur des sols rugueux, sur des pentes ou sur des rampes.<\/p>\n<ul>\n<li>Mat\u00e9riel: Fer<\/li>\n<li>Couleur:\n<ul>\n<li>Jaune<\/li>\n<li>Noir<\/li>\n<\/ul>\n<\/li>\n<li>Type: Outil multifonctions<\/li>\n<li>Design moderne: Novateur et pratique<\/li>\n<li>Nombre de pi\u00e8ces: 5 Pi\u00e8ces<\/li>\n<li>Caract\u00e9ristiques: Portable, l\u00e9ger, robuste et durable<\/li>\n<li>Multifonction: soulever, placer, glisser, ajuster et niveler<\/li>\n<li>Multiposition: Polyvalent et adaptable<\/li>\n<li>4 pi\u00e8ces de support avec roues: 360\u00ba<\/li>\n<li>Poign\u00e9e de levage antid\u00e9rapante:\n<ul>\n<li>180\u00ba<\/li>\n<li>Ergonomique<\/li>\n<\/ul>\n<\/li>\n<li>Poids Max. support\u00e9: 150 kg<\/li>\n<li>Utilisation principale: Id\u00e9al pour d\u00e9placer des meubles, des caisses lourdes, des appareils \u00e9lectrom\u00e9nagers, etc.<\/li>\n<li>Facilit\u00e9 d&#8217;utilisation: Utilisation pratique, simple et s\u00fbre<\/li>\n<li>Inclut: Mode d&#8217;emploi<\/li>\n<li>Occupe peu d&#8217;espace: Facile \u00e0 transporter et \u00e0 ranger<\/li>\n<li>Dimensions approx.: 35 x 9 x 10 cm<\/li>\n<li>Packaging et manuel en 24 langues: anglais, fran\u00e7ais, espagnol, allemand, italien, portugais, n\u00e9erlandais, polonais, hongrois, roumain, danois, su\u00e9dois, finnois, lituanien, norv\u00e9gien, slov\u00e8ne, grec, tch\u00e8que, bulgare, croate, slovaque, estonien, russe, letton<\/li>\n<\/ul>\n<p>Packaging et manuel en 24 langues: anglais, fran\u00e7ais, espagnol, allemand, italien, portugais, n\u00e9erlandais, polonais, hongrois, roumain, danois, su\u00e9dois, finnois, lituanien, norv\u00e9gien, slov\u00e8ne, grec, tch\u00e8que, bulgare, croate, slovaque, estonien, russe, letton.<\/p><\/div>\n<div class=\"col-md-6\">\n<div class=\"embed-responsive embed-responsive-16by9\"><iframe class=\"embed-responsive-item\" src=\"https:\/\/www.youtube.com\/embed\/xsIWzd68ENo\" frameborder=\"0\" allowfullscreen><\/iframe><\/div>\n<\/div>","protected":false},"excerpt":{"rendered":"<p>InnovaGoods vous offre les meilleures nouveaut\u00e9s pour la maison, comme Outil de Levage et de Transport HeavEasy InnovaGoods 5 Pi\u00e8ces ! D\u00e9couvrez une vaste gamme de produits de qualit\u00e9 qui se d\u00e9marquent de par leur fonctionnalit\u00e9, leur efficacit\u00e9 et leur design innovant : \u00e9clairage, organisation, d\u00e9coration, climatisation, jardin, animaux domestiques, nettoyage, etc. Un outil de [&hellip;]<\/p>\n","protected":false},"featured_media":180667,"comment_status":"open","ping_status":"closed","template":"","meta":[],"product_brand":[256],"product_cat":[613,63,64,1797,239,1796],"product_tag":[210],"class_list":{"0":"post-180679","1":"product","2":"type-product","3":"status-publish","4":"has-post-thumbnail","6":"product_brand-brandp_1281","7":"product_cat-bricolage-et-materiel","8":"product_cat-cadeaux-originaux","9":"product_cat-cadeaux-pour-la-maison","10":"product_cat-idees-pour-la-maison","11":"product_cat-maison-jardin","12":"product_cat-teleachat-vu-a-la-television","13":"product_tag-tag_25","15":"first","16":"instock","17":"taxable","18":"shipping-taxable","19":"purchasable","20":"product-type-simple"},"yoast_head":"<!-- This site is optimized with the Yoast SEO plugin v27.5 - https:\/\/yoast.com\/product\/yoast-seo-wordpress\/ -->\n<title>Outil de Levage et de Transport HeavEasy InnovaGoods 5 Pi\u00e8ces - Tupique<\/title>\n<meta name=\"robots\" content=\"index, follow, max-snippet:-1, max-image-preview:large, max-video-preview:-1\" \/>\n<link rel=\"canonical\" href=\"https:\/\/tupique.com\/pt\/product\/outil-de-levage-et-de-transport-heaveasy-innovagoods-5-pieces\/\" \/>\n<meta property=\"og:locale\" content=\"pt_PT\" \/>\n<meta property=\"og:type\" content=\"article\" \/>\n<meta property=\"og:title\" content=\"Outil de Levage et de Transport HeavEasy InnovaGoods 5 Pi\u00e8ces - Tupique\" \/>\n<meta property=\"og:description\" content=\"InnovaGoods vous offre les meilleures nouveaut\u00e9s pour la maison, comme Outil de Levage et de Transport HeavEasy InnovaGoods 5 Pi\u00e8ces ! D\u00e9couvrez une vaste gamme de produits de qualit\u00e9 qui se d\u00e9marquent de par leur fonctionnalit\u00e9, leur efficacit\u00e9 et leur design innovant : \u00e9clairage, organisation, d\u00e9coration, climatisation, jardin, animaux domestiques, nettoyage, etc. Un outil de [&hellip;]\" \/>\n<meta property=\"og:url\" content=\"https:\/\/tupique.com\/pt\/product\/outil-de-levage-et-de-transport-heaveasy-innovagoods-5-pieces\/\" \/>\n<meta property=\"og:site_name\" content=\"Tupique\" \/>\n<meta property=\"article:modified_time\" content=\"2026-05-11T19:23:45+00:00\" \/>\n<meta name=\"twitter:card\" content=\"summary_large_image\" \/>\n<meta name=\"twitter:label1\" content=\"Tempo estimado de leitura\" \/>\n\t<meta name=\"twitter:data1\" content=\"2 minutos\" \/>\n<script type=\"application\/ld+json\" class=\"yoast-schema-graph\">{\"@context\":\"https:\\\/\\\/schema.org\",\"@graph\":[{\"@type\":\"WebPage\",\"@id\":\"https:\\\/\\\/tupique.com\\\/product\\\/outil-de-levage-et-de-transport-heaveasy-innovagoods-5-pieces\\\/\",\"url\":\"https:\\\/\\\/tupique.com\\\/product\\\/outil-de-levage-et-de-transport-heaveasy-innovagoods-5-pieces\\\/\",\"name\":\"Outil de Levage et de Transport HeavEasy InnovaGoods 5 Pi\u00e8ces - Tupique\",\"isPartOf\":{\"@id\":\"https:\\\/\\\/tupique.com\\\/#website\"},\"primaryImageOfPage\":{\"@id\":\"https:\\\/\\\/tupique.com\\\/product\\\/outil-de-levage-et-de-transport-heaveasy-innovagoods-5-pieces\\\/#primaryimage\"},\"image\":{\"@id\":\"https:\\\/\\\/tupique.com\\\/product\\\/outil-de-levage-et-de-transport-heaveasy-innovagoods-5-pieces\\\/#primaryimage\"},\"thumbnailUrl\":\"https:\\\/\\\/tupique.com\\\/wp-content\\\/uploads\\\/2026\\\/05\\\/V0103237_000_MKT4.jpg\",\"datePublished\":\"2026-05-11T11:06:28+00:00\",\"dateModified\":\"2026-05-11T19:23:45+00:00\",\"breadcrumb\":{\"@id\":\"https:\\\/\\\/tupique.com\\\/product\\\/outil-de-levage-et-de-transport-heaveasy-innovagoods-5-pieces\\\/#breadcrumb\"},\"inLanguage\":\"pt-PT\",\"potentialAction\":[{\"@type\":\"ReadAction\",\"target\":[\"https:\\\/\\\/tupique.com\\\/product\\\/outil-de-levage-et-de-transport-heaveasy-innovagoods-5-pieces\\\/\"]}]},{\"@type\":\"ImageObject\",\"inLanguage\":\"pt-PT\",\"@id\":\"https:\\\/\\\/tupique.com\\\/product\\\/outil-de-levage-et-de-transport-heaveasy-innovagoods-5-pieces\\\/#primaryimage\",\"url\":\"https:\\\/\\\/tupique.com\\\/wp-content\\\/uploads\\\/2026\\\/05\\\/V0103237_000_MKT4.jpg\",\"contentUrl\":\"https:\\\/\\\/tupique.com\\\/wp-content\\\/uploads\\\/2026\\\/05\\\/V0103237_000_MKT4.jpg\",\"width\":1200,\"height\":1200,\"caption\":\"V0103237_0\"},{\"@type\":\"BreadcrumbList\",\"@id\":\"https:\\\/\\\/tupique.com\\\/product\\\/outil-de-levage-et-de-transport-heaveasy-innovagoods-5-pieces\\\/#breadcrumb\",\"itemListElement\":[{\"@type\":\"ListItem\",\"position\":1,\"name\":\"commencer\",\"item\":\"https:\\\/\\\/tupique.com\\\/\"},{\"@type\":\"ListItem\",\"position\":2,\"name\":\"Loja\",\"item\":\"https:\\\/\\\/tupique.com\\\/loja\\\/\"},{\"@type\":\"ListItem\",\"position\":3,\"name\":\"Outil de Levage et de Transport HeavEasy InnovaGoods 5 Pi\u00e8ces\"}]},{\"@type\":\"WebSite\",\"@id\":\"https:\\\/\\\/tupique.com\\\/#website\",\"url\":\"https:\\\/\\\/tupique.com\\\/\",\"name\":\"Tupique\",\"description\":\"\",\"publisher\":{\"@id\":\"https:\\\/\\\/tupique.com\\\/#organization\"},\"potentialAction\":[{\"@type\":\"SearchAction\",\"target\":{\"@type\":\"EntryPoint\",\"urlTemplate\":\"https:\\\/\\\/tupique.com\\\/?s={search_term_string}\"},\"query-input\":{\"@type\":\"PropertyValueSpecification\",\"valueRequired\":true,\"valueName\":\"search_term_string\"}}],\"inLanguage\":\"pt-PT\"},{\"@type\":\"Organization\",\"@id\":\"https:\\\/\\\/tupique.com\\\/#organization\",\"name\":\"Tupique\",\"url\":\"https:\\\/\\\/tupique.com\\\/\",\"logo\":{\"@type\":\"ImageObject\",\"inLanguage\":\"pt-PT\",\"@id\":\"https:\\\/\\\/tupique.com\\\/#\\\/schema\\\/logo\\\/image\\\/\",\"url\":\"https:\\\/\\\/tupique.com\\\/wp-content\\\/uploads\\\/2026\\\/03\\\/logo-tupique-1.webp\",\"contentUrl\":\"https:\\\/\\\/tupique.com\\\/wp-content\\\/uploads\\\/2026\\\/03\\\/logo-tupique-1.webp\",\"width\":500,\"height\":67,\"caption\":\"Tupique\"},\"image\":{\"@id\":\"https:\\\/\\\/tupique.com\\\/#\\\/schema\\\/logo\\\/image\\\/\"}}]}<\/script>\n<!-- \/ Yoast SEO plugin. -->","yoast_head_json":{"title":"Outil de Levage et de Transport HeavEasy InnovaGoods 5 Pi\u00e8ces - Tupique","robots":{"index":"index","follow":"follow","max-snippet":"max-snippet:-1","max-image-preview":"max-image-preview:large","max-video-preview":"max-video-preview:-1"},"canonical":"https:\/\/tupique.com\/pt\/product\/outil-de-levage-et-de-transport-heaveasy-innovagoods-5-pieces\/","og_locale":"pt_PT","og_type":"article","og_title":"Outil de Levage et de Transport HeavEasy InnovaGoods 5 Pi\u00e8ces - Tupique","og_description":"InnovaGoods vous offre les meilleures nouveaut\u00e9s pour la maison, comme Outil de Levage et de Transport HeavEasy InnovaGoods 5 Pi\u00e8ces ! D\u00e9couvrez une vaste gamme de produits de qualit\u00e9 qui se d\u00e9marquent de par leur fonctionnalit\u00e9, leur efficacit\u00e9 et leur design innovant : \u00e9clairage, organisation, d\u00e9coration, climatisation, jardin, animaux domestiques, nettoyage, etc. Un outil de [&hellip;]","og_url":"https:\/\/tupique.com\/pt\/product\/outil-de-levage-et-de-transport-heaveasy-innovagoods-5-pieces\/","og_site_name":"Tupique","article_modified_time":"2026-05-11T19:23:45+00:00","twitter_card":"summary_large_image","twitter_misc":{"Tempo estimado de leitura":"2 minutos"},"schema":{"@context":"https:\/\/schema.org","@graph":[{"@type":"WebPage","@id":"https:\/\/tupique.com\/product\/outil-de-levage-et-de-transport-heaveasy-innovagoods-5-pieces\/","url":"https:\/\/tupique.com\/product\/outil-de-levage-et-de-transport-heaveasy-innovagoods-5-pieces\/","name":"Outil de Levage et de Transport HeavEasy InnovaGoods 5 Pi\u00e8ces - Tupique","isPartOf":{"@id":"https:\/\/tupique.com\/#website"},"primaryImageOfPage":{"@id":"https:\/\/tupique.com\/product\/outil-de-levage-et-de-transport-heaveasy-innovagoods-5-pieces\/#primaryimage"},"image":{"@id":"https:\/\/tupique.com\/product\/outil-de-levage-et-de-transport-heaveasy-innovagoods-5-pieces\/#primaryimage"},"thumbnailUrl":"https:\/\/tupique.com\/wp-content\/uploads\/2026\/05\/V0103237_000_MKT4.jpg","datePublished":"2026-05-11T11:06:28+00:00","dateModified":"2026-05-11T19:23:45+00:00","breadcrumb":{"@id":"https:\/\/tupique.com\/product\/outil-de-levage-et-de-transport-heaveasy-innovagoods-5-pieces\/#breadcrumb"},"inLanguage":"pt-PT","potentialAction":[{"@type":"ReadAction","target":["https:\/\/tupique.com\/product\/outil-de-levage-et-de-transport-heaveasy-innovagoods-5-pieces\/"]}]},{"@type":"ImageObject","inLanguage":"pt-PT","@id":"https:\/\/tupique.com\/product\/outil-de-levage-et-de-transport-heaveasy-innovagoods-5-pieces\/#primaryimage","url":"https:\/\/tupique.com\/wp-content\/uploads\/2026\/05\/V0103237_000_MKT4.jpg","contentUrl":"https:\/\/tupique.com\/wp-content\/uploads\/2026\/05\/V0103237_000_MKT4.jpg","width":1200,"height":1200,"caption":"V0103237_0"},{"@type":"BreadcrumbList","@id":"https:\/\/tupique.com\/product\/outil-de-levage-et-de-transport-heaveasy-innovagoods-5-pieces\/#breadcrumb","itemListElement":[{"@type":"ListItem","position":1,"name":"commencer","item":"https:\/\/tupique.com\/"},{"@type":"ListItem","position":2,"name":"Loja","item":"https:\/\/tupique.com\/loja\/"},{"@type":"ListItem","position":3,"name":"Outil de Levage et de Transport HeavEasy InnovaGoods 5 Pi\u00e8ces"}]},{"@type":"WebSite","@id":"https:\/\/tupique.com\/#website","url":"https:\/\/tupique.com\/","name":"Tupique","description":"","publisher":{"@id":"https:\/\/tupique.com\/#organization"},"potentialAction":[{"@type":"SearchAction","target":{"@type":"EntryPoint","urlTemplate":"https:\/\/tupique.com\/?s={search_term_string}"},"query-input":{"@type":"PropertyValueSpecification","valueRequired":true,"valueName":"search_term_string"}}],"inLanguage":"pt-PT"},{"@type":"Organization","@id":"https:\/\/tupique.com\/#organization","name":"Tupique","url":"https:\/\/tupique.com\/","logo":{"@type":"ImageObject","inLanguage":"pt-PT","@id":"https:\/\/tupique.com\/#\/schema\/logo\/image\/","url":"https:\/\/tupique.com\/wp-content\/uploads\/2026\/03\/logo-tupique-1.webp","contentUrl":"https:\/\/tupique.com\/wp-content\/uploads\/2026\/03\/logo-tupique-1.webp","width":500,"height":67,"caption":"Tupique"},"image":{"@id":"https:\/\/tupique.com\/#\/schema\/logo\/image\/"}}]}},"_links":{"self":[{"href":"https:\/\/tupique.com\/pt\/wp-json\/wp\/v2\/product\/180679","targetHints":{"allow":["GET"]}}],"collection":[{"href":"https:\/\/tupique.com\/pt\/wp-json\/wp\/v2\/product"}],"about":[{"href":"https:\/\/tupique.com\/pt\/wp-json\/wp\/v2\/types\/product"}],"replies":[{"embeddable":true,"href":"https:\/\/tupique.com\/pt\/wp-json\/wp\/v2\/comments?post=180679"}],"wp:featuredmedia":[{"embeddable":true,"href":"https:\/\/tupique.com\/pt\/wp-json\/wp\/v2\/media\/180667"}],"wp:attachment":[{"href":"https:\/\/tupique.com\/pt\/wp-json\/wp\/v2\/media?parent=180679"}],"wp:term":[{"taxonomy":"product_brand","embeddable":true,"href":"https:\/\/tupique.com\/pt\/wp-json\/wp\/v2\/product_brand?post=180679"},{"taxonomy":"product_cat","embeddable":true,"href":"https:\/\/tupique.com\/pt\/wp-json\/wp\/v2\/product_cat?post=180679"},{"taxonomy":"product_tag","embeddable":true,"href":"https:\/\/tupique.com\/pt\/wp-json\/wp\/v2\/product_tag?post=180679"}],"curies":[{"name":"wp","href":"https:\/\/api.w.org\/{rel}","templated":true}]}}