{"id":180699,"date":"2026-05-11T13:06:58","date_gmt":"2026-05-11T11:06:58","guid":{"rendered":"https:\/\/tupique.com\/product\/humidificateur-diffuseur-daromes-et-chargeur-sans-fil-3-en-1-misvolt-innovagoods\/"},"modified":"2026-05-11T21:23:45","modified_gmt":"2026-05-11T19:23:45","slug":"humidificateur-diffuseur-daromes-et-chargeur-sans-fil-3-en-1-misvolt-innovagoods","status":"publish","type":"product","link":"https:\/\/tupique.com\/pt\/product\/humidificateur-diffuseur-daromes-et-chargeur-sans-fil-3-en-1-misvolt-innovagoods\/","title":{"rendered":"Humidificateur Diffuseur d&#8217;Ar\u00f4mes et Chargeur Sans Fil 3 en 1 Misvolt InnovaGoods"},"content":{"rendered":"<div class=\"col-md-6\"><b>InnovaGoods<\/b> vous offre les meilleures nouveaut\u00e9s pour la maison, comme <b>Humidificateur Diffuseur d&#8217;Ar\u00f4mes et Chargeur Sans Fil 3 en 1 Misvolt InnovaGoods <\/b> ! D\u00e9couvrez une vaste gamme de produits de qualit\u00e9 qui se d\u00e9marquent de par leur fonctionnalit\u00e9, leur efficacit\u00e9 et leur design innovant : \u00e9clairage, organisation, d\u00e9coration, climatisation, jardin, animaux domestiques, nettoyage, etc.<\/p>\n<p>Un humidificateur original et un support pour t\u00e9l\u00e9phone portable avec chargeur sans fil parfait pour la maison ou le bureau en raison de sa conception d\u00e9corative, compacte et silencieuse. On peut ajouter des gouttes d&#8217;huiles essentielles dans le r\u00e9servoir afin de s\u2019en servir \u00e9galement comme diffuseur d&#8217;ar\u00f4mes. Il comprend un bouton on\/off, un r\u00e9servoir de 230 ml, un arr\u00eat automatique au bout de 4 h et des voyants LED de connexion et de fonctionnement du chargeur sans fil. De plus, avec ses positions variables et avec un angle r\u00e9glable jusqu&#8217;\u00e0 180\u00ba, il s\u2019adapte facilement \u00e0 la position souhait\u00e9e. Une fa\u00e7on simple et \u00e9l\u00e9gante de profiter d&#8217;une ambiance plus agr\u00e9able et plus d\u00e9tendue \u00e0 la maison ou au travail. Il n&#8217;est pas rechargeable et doit \u00eatre connect\u00e9 pour fonctionner. Il comprend un c\u00e2ble USB \u00e0 micro USB et des cylindres en coton de rechange.<\/p>\n<ul>\n<li>Mat\u00e9riel:\n<ul>\n<li>ABS<\/li>\n<li>PET<\/li>\n<li>PCB<\/li>\n<\/ul>\n<\/li>\n<li>Couleur:\n<ul>\n<li>Blanc<\/li>\n<li>Beige<\/li>\n<\/ul>\n<\/li>\n<li>Design innovant et fonctionnel: 3-in-1<\/li>\n<li>Multifonction:\n<ul>\n<li>Humidificateur diffuseur d&#8217;ar\u00f4mes<\/li>\n<li>Chargeur sans fil<\/li>\n<li>Support pour mobiles<\/li>\n<\/ul>\n<\/li>\n<li>Propri\u00e9t\u00e9s: Silencieux<\/li>\n<li>Capacit\u00e9: 230 ml<\/li>\n<li>Inclut: 5 cylindres en coton<\/li>\n<li>Orientation r\u00e9glable: 180\u00ba<\/li>\n<li>Chargement sans fil: Chargement rapide (9 W)<\/li>\n<li>Pulv\u00e9risation: 35-45 ml\/h<\/li>\n<li>Arr\u00eat Automatique: 4 h<\/li>\n<li>Fonctionnement: Fonctionne avec une connexion USB (c\u00e2ble USB-micro USB inclus)<\/li>\n<li>Caract\u00e9ristiques: Des t\u00e9moins LED de fonctionnement<\/li>\n<li>Compatible iOS et Android: Compatible avec Android et IOS sur des appareils adapt\u00e9s \u00e0 des chargements par induction<\/li>\n<li>DC In: 5 V \/ 2 A<\/li>\n<li>Dimensions approx.: 15 x 17 x 11 cm<\/li>\n<\/ul>\n<p>Packaging et manuel en 24 langues: anglais, fran\u00e7ais, espagnol, allemand, italien, portugais, n\u00e9erlandais, polonais, hongrois, roumain, danois, su\u00e9dois, finnois, lituanien, norv\u00e9gien, slov\u00e8ne, grec, tch\u00e8que, bulgare, croate, slovaque, estonien, russe, letton.<\/p><\/div>\n<div class=\"col-md-6\">\n<div class=\"embed-responsive embed-responsive-16by9\"><iframe class=\"embed-responsive-item\" src=\"https:\/\/www.youtube.com\/embed\/TbRS_SAjWuA\" frameborder=\"0\" allowfullscreen><\/iframe><\/div>\n<\/div>","protected":false},"excerpt":{"rendered":"<p><span class=\"unit-info\">11.7348 &euro; \/ 100 ml<\/span><\/p>","protected":false},"featured_media":180685,"comment_status":"open","ping_status":"closed","template":"","meta":[],"product_brand":[256],"product_cat":[63,64,961,732,2121,575,733,1797,65,239,240,1796],"product_tag":[213,103,210,1485,566,106,165],"woo-feed-brand":[],"class_list":{"0":"post-180699","1":"product","2":"type-product","3":"status-publish","4":"has-post-thumbnail","6":"product_brand-brandp_1281","7":"product_cat-cadeaux-originaux","8":"product_cat-cadeaux-pour-la-maison","9":"product_cat-chargeurs-et-cables-usb","10":"product_cat-climatisation-et-chauffage","11":"product_cat-desodorisants","12":"product_cat-electronique-telephonie-et-tablettes","13":"product_cat-humidificateurs","14":"product_cat-idees-pour-la-maison","15":"product_cat-informatique-electronique","16":"product_cat-maison-jardin","17":"product_cat-nettoyage-aspirateur-et-repassage","18":"product_cat-teleachat-vu-a-la-television","19":"product_tag-tag_933","20":"product_tag-tag_1261","21":"product_tag-tag_25","22":"product_tag-tag_1288","23":"product_tag-tag_547","24":"product_tag-tag_1295","25":"product_tag-tag_69","27":"first","28":"instock","29":"taxable","30":"shipping-taxable","31":"purchasable","32":"product-type-simple"},"yoast_head":"<!-- This site is optimized with the Yoast SEO plugin v27.6 - https:\/\/yoast.com\/product\/yoast-seo-wordpress\/ -->\n<title>Humidificateur Diffuseur d&#039;Ar\u00f4mes et Chargeur Sans Fil 3 en 1 Misvolt InnovaGoods | | Tupique<\/title>\n<meta name=\"description\" content=\"Envie d&#039;acheter Humidificateur Diffuseur d&#039;Ar\u00f4mes et Chargeur Sans Fil 3 en 1 Misvolt InnovaGoods\u00a0? Achetez Humidificateur Diffuseur d&#039;Ar\u00f4mes et Chargeur Sans Fil 3 en 1 Misvolt InnovaGoods maintenant avec Tupique en 3 versements sans int\u00e9r\u00eat.\" \/>\n<meta name=\"robots\" content=\"index, follow, max-snippet:-1, max-image-preview:large, max-video-preview:-1\" \/>\n<link rel=\"canonical\" href=\"https:\/\/tupique.com\/pt\/product\/humidificateur-diffuseur-daromes-et-chargeur-sans-fil-3-en-1-misvolt-innovagoods\/\" \/>\n<meta property=\"og:locale\" content=\"pt_PT\" \/>\n<meta property=\"og:type\" content=\"article\" \/>\n<meta property=\"og:title\" content=\"Humidificateur Diffuseur d&#039;Ar\u00f4mes et Chargeur Sans Fil 3 en 1 Misvolt InnovaGoods | | Tupique\" \/>\n<meta property=\"og:description\" content=\"Envie d&#039;acheter Humidificateur Diffuseur d&#039;Ar\u00f4mes et Chargeur Sans Fil 3 en 1 Misvolt InnovaGoods\u00a0? Achetez Humidificateur Diffuseur d&#039;Ar\u00f4mes et Chargeur Sans Fil 3 en 1 Misvolt InnovaGoods maintenant avec Tupique en 3 versements sans int\u00e9r\u00eat.\" \/>\n<meta property=\"og:url\" content=\"https:\/\/tupique.com\/pt\/product\/humidificateur-diffuseur-daromes-et-chargeur-sans-fil-3-en-1-misvolt-innovagoods\/\" \/>\n<meta property=\"og:site_name\" content=\"Tupique\" \/>\n<meta property=\"article:modified_time\" content=\"2026-05-11T19:23:45+00:00\" \/>\n<meta property=\"og:image\" content=\"https:\/\/tupique.com\/wp-content\/uploads\/2026\/05\/V0103223_000_MKT4.jpg\" \/>\n\t<meta property=\"og:image:width\" content=\"1200\" \/>\n\t<meta property=\"og:image:height\" content=\"1200\" \/>\n\t<meta property=\"og:image:type\" content=\"image\/jpeg\" \/>\n<meta name=\"twitter:card\" content=\"summary_large_image\" \/>\n<meta name=\"twitter:label1\" content=\"Tempo estimado de leitura\" \/>\n\t<meta name=\"twitter:data1\" content=\"2 minutos\" \/>\n<script type=\"application\/ld+json\" class=\"yoast-schema-graph\">{\"@context\":\"https:\\\/\\\/schema.org\",\"@graph\":[{\"@type\":\"WebPage\",\"@id\":\"https:\\\/\\\/tupique.com\\\/pt\\\/product\\\/humidificateur-diffuseur-daromes-et-chargeur-sans-fil-3-en-1-misvolt-innovagoods\\\/\",\"url\":\"https:\\\/\\\/tupique.com\\\/pt\\\/product\\\/humidificateur-diffuseur-daromes-et-chargeur-sans-fil-3-en-1-misvolt-innovagoods\\\/\",\"name\":\"Humidificateur Diffuseur d'Ar\u00f4mes et Chargeur Sans Fil 3 en 1 Misvolt InnovaGoods | | Tupique\",\"isPartOf\":{\"@id\":\"https:\\\/\\\/tupique.com\\\/#website\"},\"primaryImageOfPage\":{\"@id\":\"https:\\\/\\\/tupique.com\\\/pt\\\/product\\\/humidificateur-diffuseur-daromes-et-chargeur-sans-fil-3-en-1-misvolt-innovagoods\\\/#primaryimage\"},\"image\":{\"@id\":\"https:\\\/\\\/tupique.com\\\/pt\\\/product\\\/humidificateur-diffuseur-daromes-et-chargeur-sans-fil-3-en-1-misvolt-innovagoods\\\/#primaryimage\"},\"thumbnailUrl\":\"https:\\\/\\\/tupique.com\\\/wp-content\\\/uploads\\\/2026\\\/05\\\/V0103223_000_MKT4.jpg\",\"datePublished\":\"2026-05-11T11:06:58+00:00\",\"dateModified\":\"2026-05-11T19:23:45+00:00\",\"description\":\"Envie d'acheter Humidificateur Diffuseur d'Ar\u00f4mes et Chargeur Sans Fil 3 en 1 Misvolt InnovaGoods\u00a0? Achetez Humidificateur Diffuseur d'Ar\u00f4mes et Chargeur Sans Fil 3 en 1 Misvolt InnovaGoods maintenant avec Tupique en 3 versements sans int\u00e9r\u00eat.\",\"breadcrumb\":{\"@id\":\"https:\\\/\\\/tupique.com\\\/pt\\\/product\\\/humidificateur-diffuseur-daromes-et-chargeur-sans-fil-3-en-1-misvolt-innovagoods\\\/#breadcrumb\"},\"inLanguage\":\"pt-PT\",\"potentialAction\":[{\"@type\":\"ReadAction\",\"target\":[\"https:\\\/\\\/tupique.com\\\/pt\\\/product\\\/humidificateur-diffuseur-daromes-et-chargeur-sans-fil-3-en-1-misvolt-innovagoods\\\/\"]}]},{\"@type\":\"ImageObject\",\"inLanguage\":\"pt-PT\",\"@id\":\"https:\\\/\\\/tupique.com\\\/pt\\\/product\\\/humidificateur-diffuseur-daromes-et-chargeur-sans-fil-3-en-1-misvolt-innovagoods\\\/#primaryimage\",\"url\":\"https:\\\/\\\/tupique.com\\\/wp-content\\\/uploads\\\/2026\\\/05\\\/V0103223_000_MKT4.jpg\",\"contentUrl\":\"https:\\\/\\\/tupique.com\\\/wp-content\\\/uploads\\\/2026\\\/05\\\/V0103223_000_MKT4.jpg\",\"width\":1200,\"height\":1200,\"caption\":\"V0103223_0\"},{\"@type\":\"BreadcrumbList\",\"@id\":\"https:\\\/\\\/tupique.com\\\/pt\\\/product\\\/humidificateur-diffuseur-daromes-et-chargeur-sans-fil-3-en-1-misvolt-innovagoods\\\/#breadcrumb\",\"itemListElement\":[{\"@type\":\"ListItem\",\"position\":1,\"name\":\"commencer\",\"item\":\"https:\\\/\\\/tupique.com\\\/\"},{\"@type\":\"ListItem\",\"position\":2,\"name\":\"Loja\",\"item\":\"https:\\\/\\\/tupique.com\\\/pt\\\/loja\\\/\"},{\"@type\":\"ListItem\",\"position\":3,\"name\":\"Humidificateur Diffuseur d&#8217;Ar\u00f4mes et Chargeur Sans Fil 3 en 1 Misvolt InnovaGoods\"}]},{\"@type\":\"WebSite\",\"@id\":\"https:\\\/\\\/tupique.com\\\/#website\",\"url\":\"https:\\\/\\\/tupique.com\\\/\",\"name\":\"Tupique\",\"description\":\"\",\"publisher\":{\"@id\":\"https:\\\/\\\/tupique.com\\\/#organization\"},\"potentialAction\":[{\"@type\":\"SearchAction\",\"target\":{\"@type\":\"EntryPoint\",\"urlTemplate\":\"https:\\\/\\\/tupique.com\\\/?s={search_term_string}\"},\"query-input\":{\"@type\":\"PropertyValueSpecification\",\"valueRequired\":true,\"valueName\":\"search_term_string\"}}],\"inLanguage\":\"pt-PT\"},{\"@type\":\"Organization\",\"@id\":\"https:\\\/\\\/tupique.com\\\/#organization\",\"name\":\"Tupique\",\"url\":\"https:\\\/\\\/tupique.com\\\/\",\"logo\":{\"@type\":\"ImageObject\",\"inLanguage\":\"pt-PT\",\"@id\":\"https:\\\/\\\/tupique.com\\\/#\\\/schema\\\/logo\\\/image\\\/\",\"url\":\"https:\\\/\\\/tupique.com\\\/wp-content\\\/uploads\\\/2026\\\/03\\\/logo-tupique-1.webp\",\"contentUrl\":\"https:\\\/\\\/tupique.com\\\/wp-content\\\/uploads\\\/2026\\\/03\\\/logo-tupique-1.webp\",\"width\":500,\"height\":67,\"caption\":\"Tupique\"},\"image\":{\"@id\":\"https:\\\/\\\/tupique.com\\\/#\\\/schema\\\/logo\\\/image\\\/\"}}]}<\/script>\n<!-- \/ Yoast SEO plugin. -->","yoast_head_json":{"title":"Humidificateur Diffuseur d'Ar\u00f4mes et Chargeur Sans Fil 3 en 1 Misvolt InnovaGoods | | Tupique","description":"Envie d'acheter Humidificateur Diffuseur d'Ar\u00f4mes et Chargeur Sans Fil 3 en 1 Misvolt InnovaGoods\u00a0? Achetez Humidificateur Diffuseur d'Ar\u00f4mes et Chargeur Sans Fil 3 en 1 Misvolt InnovaGoods maintenant avec Tupique en 3 versements sans int\u00e9r\u00eat.","robots":{"index":"index","follow":"follow","max-snippet":"max-snippet:-1","max-image-preview":"max-image-preview:large","max-video-preview":"max-video-preview:-1"},"canonical":"https:\/\/tupique.com\/pt\/product\/humidificateur-diffuseur-daromes-et-chargeur-sans-fil-3-en-1-misvolt-innovagoods\/","og_locale":"pt_PT","og_type":"article","og_title":"Humidificateur Diffuseur d'Ar\u00f4mes et Chargeur Sans Fil 3 en 1 Misvolt InnovaGoods | | Tupique","og_description":"Envie d'acheter Humidificateur Diffuseur d'Ar\u00f4mes et Chargeur Sans Fil 3 en 1 Misvolt InnovaGoods\u00a0? Achetez Humidificateur Diffuseur d'Ar\u00f4mes et Chargeur Sans Fil 3 en 1 Misvolt InnovaGoods maintenant avec Tupique en 3 versements sans int\u00e9r\u00eat.","og_url":"https:\/\/tupique.com\/pt\/product\/humidificateur-diffuseur-daromes-et-chargeur-sans-fil-3-en-1-misvolt-innovagoods\/","og_site_name":"Tupique","article_modified_time":"2026-05-11T19:23:45+00:00","og_image":[{"width":1200,"height":1200,"url":"https:\/\/tupique.com\/wp-content\/uploads\/2026\/05\/V0103223_000_MKT4.jpg","type":"image\/jpeg"}],"twitter_card":"summary_large_image","twitter_misc":{"Tempo estimado de leitura":"2 minutos"},"schema":{"@context":"https:\/\/schema.org","@graph":[{"@type":"WebPage","@id":"https:\/\/tupique.com\/pt\/product\/humidificateur-diffuseur-daromes-et-chargeur-sans-fil-3-en-1-misvolt-innovagoods\/","url":"https:\/\/tupique.com\/pt\/product\/humidificateur-diffuseur-daromes-et-chargeur-sans-fil-3-en-1-misvolt-innovagoods\/","name":"Humidificateur Diffuseur d'Ar\u00f4mes et Chargeur Sans Fil 3 en 1 Misvolt InnovaGoods | | Tupique","isPartOf":{"@id":"https:\/\/tupique.com\/#website"},"primaryImageOfPage":{"@id":"https:\/\/tupique.com\/pt\/product\/humidificateur-diffuseur-daromes-et-chargeur-sans-fil-3-en-1-misvolt-innovagoods\/#primaryimage"},"image":{"@id":"https:\/\/tupique.com\/pt\/product\/humidificateur-diffuseur-daromes-et-chargeur-sans-fil-3-en-1-misvolt-innovagoods\/#primaryimage"},"thumbnailUrl":"https:\/\/tupique.com\/wp-content\/uploads\/2026\/05\/V0103223_000_MKT4.jpg","datePublished":"2026-05-11T11:06:58+00:00","dateModified":"2026-05-11T19:23:45+00:00","description":"Envie d'acheter Humidificateur Diffuseur d'Ar\u00f4mes et Chargeur Sans Fil 3 en 1 Misvolt InnovaGoods\u00a0? Achetez Humidificateur Diffuseur d'Ar\u00f4mes et Chargeur Sans Fil 3 en 1 Misvolt InnovaGoods maintenant avec Tupique en 3 versements sans int\u00e9r\u00eat.","breadcrumb":{"@id":"https:\/\/tupique.com\/pt\/product\/humidificateur-diffuseur-daromes-et-chargeur-sans-fil-3-en-1-misvolt-innovagoods\/#breadcrumb"},"inLanguage":"pt-PT","potentialAction":[{"@type":"ReadAction","target":["https:\/\/tupique.com\/pt\/product\/humidificateur-diffuseur-daromes-et-chargeur-sans-fil-3-en-1-misvolt-innovagoods\/"]}]},{"@type":"ImageObject","inLanguage":"pt-PT","@id":"https:\/\/tupique.com\/pt\/product\/humidificateur-diffuseur-daromes-et-chargeur-sans-fil-3-en-1-misvolt-innovagoods\/#primaryimage","url":"https:\/\/tupique.com\/wp-content\/uploads\/2026\/05\/V0103223_000_MKT4.jpg","contentUrl":"https:\/\/tupique.com\/wp-content\/uploads\/2026\/05\/V0103223_000_MKT4.jpg","width":1200,"height":1200,"caption":"V0103223_0"},{"@type":"BreadcrumbList","@id":"https:\/\/tupique.com\/pt\/product\/humidificateur-diffuseur-daromes-et-chargeur-sans-fil-3-en-1-misvolt-innovagoods\/#breadcrumb","itemListElement":[{"@type":"ListItem","position":1,"name":"commencer","item":"https:\/\/tupique.com\/"},{"@type":"ListItem","position":2,"name":"Loja","item":"https:\/\/tupique.com\/pt\/loja\/"},{"@type":"ListItem","position":3,"name":"Humidificateur Diffuseur d&#8217;Ar\u00f4mes et Chargeur Sans Fil 3 en 1 Misvolt InnovaGoods"}]},{"@type":"WebSite","@id":"https:\/\/tupique.com\/#website","url":"https:\/\/tupique.com\/","name":"Tupique","description":"","publisher":{"@id":"https:\/\/tupique.com\/#organization"},"potentialAction":[{"@type":"SearchAction","target":{"@type":"EntryPoint","urlTemplate":"https:\/\/tupique.com\/?s={search_term_string}"},"query-input":{"@type":"PropertyValueSpecification","valueRequired":true,"valueName":"search_term_string"}}],"inLanguage":"pt-PT"},{"@type":"Organization","@id":"https:\/\/tupique.com\/#organization","name":"Tupique","url":"https:\/\/tupique.com\/","logo":{"@type":"ImageObject","inLanguage":"pt-PT","@id":"https:\/\/tupique.com\/#\/schema\/logo\/image\/","url":"https:\/\/tupique.com\/wp-content\/uploads\/2026\/03\/logo-tupique-1.webp","contentUrl":"https:\/\/tupique.com\/wp-content\/uploads\/2026\/03\/logo-tupique-1.webp","width":500,"height":67,"caption":"Tupique"},"image":{"@id":"https:\/\/tupique.com\/#\/schema\/logo\/image\/"}}]}},"_links":{"self":[{"href":"https:\/\/tupique.com\/pt\/wp-json\/wp\/v2\/product\/180699","targetHints":{"allow":["GET"]}}],"collection":[{"href":"https:\/\/tupique.com\/pt\/wp-json\/wp\/v2\/product"}],"about":[{"href":"https:\/\/tupique.com\/pt\/wp-json\/wp\/v2\/types\/product"}],"replies":[{"embeddable":true,"href":"https:\/\/tupique.com\/pt\/wp-json\/wp\/v2\/comments?post=180699"}],"wp:featuredmedia":[{"embeddable":true,"href":"https:\/\/tupique.com\/pt\/wp-json\/wp\/v2\/media\/180685"}],"wp:attachment":[{"href":"https:\/\/tupique.com\/pt\/wp-json\/wp\/v2\/media?parent=180699"}],"wp:term":[{"taxonomy":"product_brand","embeddable":true,"href":"https:\/\/tupique.com\/pt\/wp-json\/wp\/v2\/product_brand?post=180699"},{"taxonomy":"product_cat","embeddable":true,"href":"https:\/\/tupique.com\/pt\/wp-json\/wp\/v2\/product_cat?post=180699"},{"taxonomy":"product_tag","embeddable":true,"href":"https:\/\/tupique.com\/pt\/wp-json\/wp\/v2\/product_tag?post=180699"},{"taxonomy":"woo-feed-brand","embeddable":true,"href":"https:\/\/tupique.com\/pt\/wp-json\/wp\/v2\/woo-feed-brand?post=180699"}],"curies":[{"name":"wp","href":"https:\/\/api.w.org\/{rel}","templated":true}]}}