{"id":180752,"date":"2026-05-11T13:08:15","date_gmt":"2026-05-11T11:08:15","guid":{"rendered":"https:\/\/tupique.com\/product\/spray-after-shave-pjur-13000-100-ml\/"},"modified":"2026-05-11T21:18:44","modified_gmt":"2026-05-11T19:18:44","slug":"spray-after-shave-pjur-13000-100-ml","status":"publish","type":"product","link":"https:\/\/tupique.com\/pt\/product\/spray-after-shave-pjur-13000-100-ml\/","title":{"rendered":"Spray After Shave Pjur 13000 (100 ml)"},"content":{"rendered":"<p>Spray After Shave Pjur 13000 (100 ml) est un produit exclusif de qualit\u00e9 pour le soin du corps. Si vous recherchez les meilleurs produits d\u2019hygi\u00e8ne personnelle, les produits Pjur 100 % originaux sont exactement ce dont vous avez besoin.<\/p>\n<ul>\n<li>Capacit\u00e9: 100 ml<\/li>\n<li>Caracter\u00edsticas:\n<ul>\n<li>Hidratante<\/li>\n<li>Testado dermatologicamente<\/li>\n<li>Sans go\u00fbt et sans odeur<\/li>\n<li>Sans Alcool<\/li>\n<li>Sans parfum<\/li>\n<\/ul>\n<\/li>\n<li>Utilisation recommand\u00e9e: Masser doucement<\/li>\n<li>G\u00e9nero: Femme<\/li>\n<li>Type: After Shave<\/li>\n<li>Nom du parfum: 1<\/li>\n<\/ul>\n<p>Informations importantes: Nous garantissons une totale discr\u00e9tion et confidentialit\u00e9 lors de l&#8217;exp\u00e9dition. Personne, sauf vous, ne saura ce que le colis contient..<\/p>","protected":false},"excerpt":{"rendered":"<p><span class=\"unit-info\">0.2099 &euro; \/ 1 l<\/span><\/p>","protected":false},"featured_media":180751,"comment_status":"open","ping_status":"closed","template":"","meta":[],"product_brand":[2140],"product_cat":[769,1846,1495],"product_tag":[722,442],"class_list":{"0":"post-180752","1":"product","2":"type-product","3":"status-publish","4":"has-post-thumbnail","6":"product_brand-brandp_1343","7":"product_cat-parfum-cosmetique","8":"product_cat-produits-apres-rasage-et-lotions","9":"product_cat-soin-du-visage","10":"product_tag-tag_923","11":"product_tag-tag_1244","13":"first","14":"instock","15":"taxable","16":"shipping-taxable","17":"purchasable","18":"product-type-simple"},"yoast_head":"<!-- This site is optimized with the Yoast SEO plugin v27.5 - https:\/\/yoast.com\/product\/yoast-seo-wordpress\/ -->\n<title>Spray After Shave Pjur 13000 (100 ml) - Tupique<\/title>\n<meta name=\"robots\" content=\"index, follow, max-snippet:-1, max-image-preview:large, max-video-preview:-1\" \/>\n<link rel=\"canonical\" href=\"https:\/\/tupique.com\/pt\/product\/spray-after-shave-pjur-13000-100-ml\/\" \/>\n<meta property=\"og:locale\" content=\"pt_PT\" \/>\n<meta property=\"og:type\" content=\"article\" \/>\n<meta property=\"og:title\" content=\"Spray After Shave Pjur 13000 (100 ml) - Tupique\" \/>\n<meta property=\"og:description\" content=\"0.2099 &euro; \/ 1 l\" \/>\n<meta property=\"og:url\" content=\"https:\/\/tupique.com\/pt\/product\/spray-after-shave-pjur-13000-100-ml\/\" \/>\n<meta property=\"og:site_name\" content=\"Tupique\" \/>\n<meta property=\"article:modified_time\" content=\"2026-05-11T19:18:44+00:00\" \/>\n<meta name=\"twitter:card\" content=\"summary_large_image\" \/>\n<script type=\"application\/ld+json\" class=\"yoast-schema-graph\">{\"@context\":\"https:\\\/\\\/schema.org\",\"@graph\":[{\"@type\":\"WebPage\",\"@id\":\"https:\\\/\\\/tupique.com\\\/product\\\/spray-after-shave-pjur-13000-100-ml\\\/\",\"url\":\"https:\\\/\\\/tupique.com\\\/product\\\/spray-after-shave-pjur-13000-100-ml\\\/\",\"name\":\"Spray After Shave Pjur 13000 (100 ml) - Tupique\",\"isPartOf\":{\"@id\":\"https:\\\/\\\/tupique.com\\\/#website\"},\"primaryImageOfPage\":{\"@id\":\"https:\\\/\\\/tupique.com\\\/product\\\/spray-after-shave-pjur-13000-100-ml\\\/#primaryimage\"},\"image\":{\"@id\":\"https:\\\/\\\/tupique.com\\\/product\\\/spray-after-shave-pjur-13000-100-ml\\\/#primaryimage\"},\"thumbnailUrl\":\"https:\\\/\\\/tupique.com\\\/wp-content\\\/uploads\\\/2026\\\/05\\\/0827160113117_S4001242_P01.jpg\",\"datePublished\":\"2026-05-11T11:08:15+00:00\",\"dateModified\":\"2026-05-11T19:18:44+00:00\",\"breadcrumb\":{\"@id\":\"https:\\\/\\\/tupique.com\\\/product\\\/spray-after-shave-pjur-13000-100-ml\\\/#breadcrumb\"},\"inLanguage\":\"pt-PT\",\"potentialAction\":[{\"@type\":\"ReadAction\",\"target\":[\"https:\\\/\\\/tupique.com\\\/product\\\/spray-after-shave-pjur-13000-100-ml\\\/\"]}]},{\"@type\":\"ImageObject\",\"inLanguage\":\"pt-PT\",\"@id\":\"https:\\\/\\\/tupique.com\\\/product\\\/spray-after-shave-pjur-13000-100-ml\\\/#primaryimage\",\"url\":\"https:\\\/\\\/tupique.com\\\/wp-content\\\/uploads\\\/2026\\\/05\\\/0827160113117_S4001242_P01.jpg\",\"contentUrl\":\"https:\\\/\\\/tupique.com\\\/wp-content\\\/uploads\\\/2026\\\/05\\\/0827160113117_S4001242_P01.jpg\",\"width\":1200,\"height\":1200,\"caption\":\"S4001242_0\"},{\"@type\":\"BreadcrumbList\",\"@id\":\"https:\\\/\\\/tupique.com\\\/product\\\/spray-after-shave-pjur-13000-100-ml\\\/#breadcrumb\",\"itemListElement\":[{\"@type\":\"ListItem\",\"position\":1,\"name\":\"commencer\",\"item\":\"https:\\\/\\\/tupique.com\\\/\"},{\"@type\":\"ListItem\",\"position\":2,\"name\":\"Loja\",\"item\":\"https:\\\/\\\/tupique.com\\\/loja\\\/\"},{\"@type\":\"ListItem\",\"position\":3,\"name\":\"Spray After Shave Pjur 13000 (100 ml)\"}]},{\"@type\":\"WebSite\",\"@id\":\"https:\\\/\\\/tupique.com\\\/#website\",\"url\":\"https:\\\/\\\/tupique.com\\\/\",\"name\":\"Tupique\",\"description\":\"\",\"publisher\":{\"@id\":\"https:\\\/\\\/tupique.com\\\/#organization\"},\"potentialAction\":[{\"@type\":\"SearchAction\",\"target\":{\"@type\":\"EntryPoint\",\"urlTemplate\":\"https:\\\/\\\/tupique.com\\\/?s={search_term_string}\"},\"query-input\":{\"@type\":\"PropertyValueSpecification\",\"valueRequired\":true,\"valueName\":\"search_term_string\"}}],\"inLanguage\":\"pt-PT\"},{\"@type\":\"Organization\",\"@id\":\"https:\\\/\\\/tupique.com\\\/#organization\",\"name\":\"Tupique\",\"url\":\"https:\\\/\\\/tupique.com\\\/\",\"logo\":{\"@type\":\"ImageObject\",\"inLanguage\":\"pt-PT\",\"@id\":\"https:\\\/\\\/tupique.com\\\/#\\\/schema\\\/logo\\\/image\\\/\",\"url\":\"https:\\\/\\\/tupique.com\\\/wp-content\\\/uploads\\\/2026\\\/03\\\/logo-tupique-1.webp\",\"contentUrl\":\"https:\\\/\\\/tupique.com\\\/wp-content\\\/uploads\\\/2026\\\/03\\\/logo-tupique-1.webp\",\"width\":500,\"height\":67,\"caption\":\"Tupique\"},\"image\":{\"@id\":\"https:\\\/\\\/tupique.com\\\/#\\\/schema\\\/logo\\\/image\\\/\"}}]}<\/script>\n<!-- \/ Yoast SEO plugin. -->","yoast_head_json":{"title":"Spray After Shave Pjur 13000 (100 ml) - Tupique","robots":{"index":"index","follow":"follow","max-snippet":"max-snippet:-1","max-image-preview":"max-image-preview:large","max-video-preview":"max-video-preview:-1"},"canonical":"https:\/\/tupique.com\/pt\/product\/spray-after-shave-pjur-13000-100-ml\/","og_locale":"pt_PT","og_type":"article","og_title":"Spray After Shave Pjur 13000 (100 ml) - Tupique","og_description":"0.2099 &euro; \/ 1 l","og_url":"https:\/\/tupique.com\/pt\/product\/spray-after-shave-pjur-13000-100-ml\/","og_site_name":"Tupique","article_modified_time":"2026-05-11T19:18:44+00:00","twitter_card":"summary_large_image","schema":{"@context":"https:\/\/schema.org","@graph":[{"@type":"WebPage","@id":"https:\/\/tupique.com\/product\/spray-after-shave-pjur-13000-100-ml\/","url":"https:\/\/tupique.com\/product\/spray-after-shave-pjur-13000-100-ml\/","name":"Spray After Shave Pjur 13000 (100 ml) - Tupique","isPartOf":{"@id":"https:\/\/tupique.com\/#website"},"primaryImageOfPage":{"@id":"https:\/\/tupique.com\/product\/spray-after-shave-pjur-13000-100-ml\/#primaryimage"},"image":{"@id":"https:\/\/tupique.com\/product\/spray-after-shave-pjur-13000-100-ml\/#primaryimage"},"thumbnailUrl":"https:\/\/tupique.com\/wp-content\/uploads\/2026\/05\/0827160113117_S4001242_P01.jpg","datePublished":"2026-05-11T11:08:15+00:00","dateModified":"2026-05-11T19:18:44+00:00","breadcrumb":{"@id":"https:\/\/tupique.com\/product\/spray-after-shave-pjur-13000-100-ml\/#breadcrumb"},"inLanguage":"pt-PT","potentialAction":[{"@type":"ReadAction","target":["https:\/\/tupique.com\/product\/spray-after-shave-pjur-13000-100-ml\/"]}]},{"@type":"ImageObject","inLanguage":"pt-PT","@id":"https:\/\/tupique.com\/product\/spray-after-shave-pjur-13000-100-ml\/#primaryimage","url":"https:\/\/tupique.com\/wp-content\/uploads\/2026\/05\/0827160113117_S4001242_P01.jpg","contentUrl":"https:\/\/tupique.com\/wp-content\/uploads\/2026\/05\/0827160113117_S4001242_P01.jpg","width":1200,"height":1200,"caption":"S4001242_0"},{"@type":"BreadcrumbList","@id":"https:\/\/tupique.com\/product\/spray-after-shave-pjur-13000-100-ml\/#breadcrumb","itemListElement":[{"@type":"ListItem","position":1,"name":"commencer","item":"https:\/\/tupique.com\/"},{"@type":"ListItem","position":2,"name":"Loja","item":"https:\/\/tupique.com\/loja\/"},{"@type":"ListItem","position":3,"name":"Spray After Shave Pjur 13000 (100 ml)"}]},{"@type":"WebSite","@id":"https:\/\/tupique.com\/#website","url":"https:\/\/tupique.com\/","name":"Tupique","description":"","publisher":{"@id":"https:\/\/tupique.com\/#organization"},"potentialAction":[{"@type":"SearchAction","target":{"@type":"EntryPoint","urlTemplate":"https:\/\/tupique.com\/?s={search_term_string}"},"query-input":{"@type":"PropertyValueSpecification","valueRequired":true,"valueName":"search_term_string"}}],"inLanguage":"pt-PT"},{"@type":"Organization","@id":"https:\/\/tupique.com\/#organization","name":"Tupique","url":"https:\/\/tupique.com\/","logo":{"@type":"ImageObject","inLanguage":"pt-PT","@id":"https:\/\/tupique.com\/#\/schema\/logo\/image\/","url":"https:\/\/tupique.com\/wp-content\/uploads\/2026\/03\/logo-tupique-1.webp","contentUrl":"https:\/\/tupique.com\/wp-content\/uploads\/2026\/03\/logo-tupique-1.webp","width":500,"height":67,"caption":"Tupique"},"image":{"@id":"https:\/\/tupique.com\/#\/schema\/logo\/image\/"}}]}},"_links":{"self":[{"href":"https:\/\/tupique.com\/pt\/wp-json\/wp\/v2\/product\/180752","targetHints":{"allow":["GET"]}}],"collection":[{"href":"https:\/\/tupique.com\/pt\/wp-json\/wp\/v2\/product"}],"about":[{"href":"https:\/\/tupique.com\/pt\/wp-json\/wp\/v2\/types\/product"}],"replies":[{"embeddable":true,"href":"https:\/\/tupique.com\/pt\/wp-json\/wp\/v2\/comments?post=180752"}],"wp:featuredmedia":[{"embeddable":true,"href":"https:\/\/tupique.com\/pt\/wp-json\/wp\/v2\/media\/180751"}],"wp:attachment":[{"href":"https:\/\/tupique.com\/pt\/wp-json\/wp\/v2\/media?parent=180752"}],"wp:term":[{"taxonomy":"product_brand","embeddable":true,"href":"https:\/\/tupique.com\/pt\/wp-json\/wp\/v2\/product_brand?post=180752"},{"taxonomy":"product_cat","embeddable":true,"href":"https:\/\/tupique.com\/pt\/wp-json\/wp\/v2\/product_cat?post=180752"},{"taxonomy":"product_tag","embeddable":true,"href":"https:\/\/tupique.com\/pt\/wp-json\/wp\/v2\/product_tag?post=180752"}],"curies":[{"name":"wp","href":"https:\/\/api.w.org\/{rel}","templated":true}]}}