{"id":180766,"date":"2026-05-11T13:08:33","date_gmt":"2026-05-11T11:08:33","guid":{"rendered":"https:\/\/tupique.com\/product\/lingettes-anti-buee-pour-lunettes-pack-de-50\/"},"modified":"2026-05-11T21:17:43","modified_gmt":"2026-05-11T19:17:43","slug":"lingettes-anti-buee-pour-lunettes-pack-de-50","status":"publish","type":"product","link":"https:\/\/tupique.com\/pt\/product\/lingettes-anti-buee-pour-lunettes-pack-de-50\/","title":{"rendered":"Lingettes Anti-Bu\u00e9e pour Lunettes (pack de 50)"},"content":{"rendered":"<p>Si vous \u00eates \u00e0 la recherche de nouvelles tendances sur le march\u00e9, nous vous pr\u00e9sentons <b>Lingettes Anti-Bu\u00e9e pour Lunettes (pack de 50)<\/b> !<\/p>\n<p>Des lingettes anti-bu\u00e9e tr\u00e8s pratiques pour emp\u00eacher les verres de lunettes de s&#8217;embuer, en obtenant un effet anti-bu\u00e9e de plusieurs heures pour profiter d&#8217;une vision claire et nette. De plus, elles sont r\u00e9utilisables et tr\u00e8s faciles \u00e0 utiliser, il suffit de les frotter doucement pendant quelques secondes sur la surface propre et s\u00e8che du verre des lunettes. Gr\u00e2ce \u00e0 leurs caract\u00e9ristiques et \u00e0 leur composition, ces lingettes de nettoyage antibu\u00e9e emp\u00eachent la vapeur de se condenser sur la surface, formant une couche de bu\u00e9e inconfortable et g\u00eanante. Leur texture est douce, elles ne rayent pas, ne font pas de rayures, elles ne laissent pas de peluches ni de r\u00e9sidus et sont polyvalentes puisqu&#8217;elles peuvent \u00e9galement \u00eatre utilis\u00e9es sur les lentilles d&#8217;appareils photo et de jumelles, les miroirs, les \u00e9crans, les visi\u00e8res de casques, les pare-brise, etc. Gr\u00e2ce \u00e0 leur format compact, elles peuvent \u00eatre transport\u00e9es partout dans votre sac, votre poche, etc. Le pack comprend 50 lingettes anti-bu\u00e9e en sachets individuels. Remarque : ne pas laver \u00e0 l&#8217;eau ni avec d&#8217;autres liquides et conserver dans le sachet d&#8217;origine apr\u00e8s utilisation jusqu&#8217;\u00e0 la prochaine application.<\/p>\n<ul>\n<li>Mat\u00e9riel: Microfibre<\/li>\n<li>Couleur: Gris<\/li>\n<li>Tipo:\n<ul>\n<li>R\u00e9utilisable<\/li>\n<li>Anti-bu\u00e9e<\/li>\n<li>Antistatique<\/li>\n<li>Lingettes Anti-Bu\u00e9e pour Lunettes<\/li>\n<\/ul>\n<\/li>\n<li>Microfibre pour verres:\n<ul>\n<li>Humide<\/li>\n<li>Touch\u00e9 doux et agr\u00e9able<\/li>\n<\/ul>\n<\/li>\n<li>Important: ne pas laver ni rincer \u00e0 l&#8217;eau<\/li>\n<li>Dimensions approx.: 13,5 x 13,5 cm<\/li>\n<li>Facile \u00e0 utiliser, l\u00e9ger et maniable: Taille r\u00e9duite et compacte<\/li>\n<li>Facile \u00e0 transporter et \u00e0 ranger: Occupe peu d&#8217;espace<\/li>\n<li>Inclut: x50 Sac (1 ud)<\/li>\n<li>Polyvalent: lunettes, miroirs, lentilles d&#8217;appareils photo et de jumelles, \u00e9crans, visi\u00e8res de casques, pare-brise, etc.<\/li>\n<\/ul>","protected":false},"excerpt":{"rendered":"<p>Si vous \u00eates \u00e0 la recherche de nouvelles tendances sur le march\u00e9, nous vous pr\u00e9sentons Lingettes Anti-Bu\u00e9e pour Lunettes (pack de 50) ! Des lingettes anti-bu\u00e9e tr\u00e8s pratiques pour emp\u00eacher les verres de lunettes de s&#8217;embuer, en obtenant un effet anti-bu\u00e9e de plusieurs heures pour profiter d&#8217;une vision claire et nette. De plus, elles sont [&hellip;]<\/p>\n","protected":false},"featured_media":180763,"comment_status":"open","ping_status":"closed","template":"","meta":[],"product_brand":[1926],"product_cat":[63,1827,1825,776,777,1218,752,1826,1796],"product_tag":[213],"woo-feed-brand":[],"class_list":{"0":"post-180766","1":"product","2":"type-product","3":"status-publish","4":"has-post-thumbnail","6":"product_brand-brandp_2407","7":"product_cat-cadeaux-originaux","8":"product_cat-cadeaux-pour-seniors","9":"product_cat-cadeaux-pour-soins-personnels","10":"product_cat-detente-et-bien-etre","11":"product_cat-lunettes-de-lecture-et-lunettes-loupes","12":"product_cat-produits-de-detente","13":"product_cat-sante-beaute","14":"product_cat-teleachat-vu-a-la-television-sante-et-beaute-teleshop","15":"product_cat-teleachat-vu-a-la-television","16":"product_tag-tag_933","18":"first","19":"instock","20":"taxable","21":"shipping-taxable","22":"purchasable","23":"product-type-simple"},"yoast_head":"<!-- This site is optimized with the Yoast SEO plugin v27.6 - https:\/\/yoast.com\/product\/yoast-seo-wordpress\/ -->\n<title>Lingettes Anti-Bu\u00e9e pour Lunettes (pack de 50) | | Tupique<\/title>\n<meta name=\"description\" content=\"Envie d&#039;acheter Lingettes Anti-Bu\u00e9e pour Lunettes (pack de 50)\u00a0? Achetez Lingettes Anti-Bu\u00e9e pour Lunettes (pack de 50) maintenant avec Tupique en 3 versements sans int\u00e9r\u00eat.\" \/>\n<meta name=\"robots\" content=\"index, follow, max-snippet:-1, max-image-preview:large, max-video-preview:-1\" \/>\n<link rel=\"canonical\" href=\"https:\/\/tupique.com\/pt\/product\/lingettes-anti-buee-pour-lunettes-pack-de-50\/\" \/>\n<meta property=\"og:locale\" content=\"pt_PT\" \/>\n<meta property=\"og:type\" content=\"article\" \/>\n<meta property=\"og:title\" content=\"Lingettes Anti-Bu\u00e9e pour Lunettes (pack de 50) | | Tupique\" \/>\n<meta property=\"og:description\" content=\"Envie d&#039;acheter Lingettes Anti-Bu\u00e9e pour Lunettes (pack de 50)\u00a0? Achetez Lingettes Anti-Bu\u00e9e pour Lunettes (pack de 50) maintenant avec Tupique en 3 versements sans int\u00e9r\u00eat.\" \/>\n<meta property=\"og:url\" content=\"https:\/\/tupique.com\/pt\/product\/lingettes-anti-buee-pour-lunettes-pack-de-50\/\" \/>\n<meta property=\"og:site_name\" content=\"Tupique\" \/>\n<meta property=\"article:modified_time\" content=\"2026-05-11T19:17:43+00:00\" \/>\n<meta property=\"og:image\" content=\"https:\/\/tupique.com\/wp-content\/uploads\/2026\/05\/8436596580060_S2500683_020_PACK2.jpg\" \/>\n\t<meta property=\"og:image:width\" content=\"1200\" \/>\n\t<meta property=\"og:image:height\" content=\"1200\" \/>\n\t<meta property=\"og:image:type\" content=\"image\/jpeg\" \/>\n<meta name=\"twitter:card\" content=\"summary_large_image\" \/>\n<meta name=\"twitter:label1\" content=\"Tempo estimado de leitura\" \/>\n\t<meta name=\"twitter:data1\" content=\"1 minuto\" \/>\n<script type=\"application\/ld+json\" class=\"yoast-schema-graph\">{\"@context\":\"https:\\\/\\\/schema.org\",\"@graph\":[{\"@type\":\"WebPage\",\"@id\":\"https:\\\/\\\/tupique.com\\\/pt\\\/product\\\/lingettes-anti-buee-pour-lunettes-pack-de-50\\\/\",\"url\":\"https:\\\/\\\/tupique.com\\\/pt\\\/product\\\/lingettes-anti-buee-pour-lunettes-pack-de-50\\\/\",\"name\":\"Lingettes Anti-Bu\u00e9e pour Lunettes (pack de 50) | | Tupique\",\"isPartOf\":{\"@id\":\"https:\\\/\\\/tupique.com\\\/#website\"},\"primaryImageOfPage\":{\"@id\":\"https:\\\/\\\/tupique.com\\\/pt\\\/product\\\/lingettes-anti-buee-pour-lunettes-pack-de-50\\\/#primaryimage\"},\"image\":{\"@id\":\"https:\\\/\\\/tupique.com\\\/pt\\\/product\\\/lingettes-anti-buee-pour-lunettes-pack-de-50\\\/#primaryimage\"},\"thumbnailUrl\":\"https:\\\/\\\/tupique.com\\\/wp-content\\\/uploads\\\/2026\\\/05\\\/8436596580060_S2500683_020_PACK2.jpg\",\"datePublished\":\"2026-05-11T11:08:33+00:00\",\"dateModified\":\"2026-05-11T19:17:43+00:00\",\"description\":\"Envie d'acheter Lingettes Anti-Bu\u00e9e pour Lunettes (pack de 50)\u00a0? Achetez Lingettes Anti-Bu\u00e9e pour Lunettes (pack de 50) maintenant avec Tupique en 3 versements sans int\u00e9r\u00eat.\",\"breadcrumb\":{\"@id\":\"https:\\\/\\\/tupique.com\\\/pt\\\/product\\\/lingettes-anti-buee-pour-lunettes-pack-de-50\\\/#breadcrumb\"},\"inLanguage\":\"pt-PT\",\"potentialAction\":[{\"@type\":\"ReadAction\",\"target\":[\"https:\\\/\\\/tupique.com\\\/pt\\\/product\\\/lingettes-anti-buee-pour-lunettes-pack-de-50\\\/\"]}]},{\"@type\":\"ImageObject\",\"inLanguage\":\"pt-PT\",\"@id\":\"https:\\\/\\\/tupique.com\\\/pt\\\/product\\\/lingettes-anti-buee-pour-lunettes-pack-de-50\\\/#primaryimage\",\"url\":\"https:\\\/\\\/tupique.com\\\/wp-content\\\/uploads\\\/2026\\\/05\\\/8436596580060_S2500683_020_PACK2.jpg\",\"contentUrl\":\"https:\\\/\\\/tupique.com\\\/wp-content\\\/uploads\\\/2026\\\/05\\\/8436596580060_S2500683_020_PACK2.jpg\",\"width\":1200,\"height\":1200,\"caption\":\"S2500683_0\"},{\"@type\":\"BreadcrumbList\",\"@id\":\"https:\\\/\\\/tupique.com\\\/pt\\\/product\\\/lingettes-anti-buee-pour-lunettes-pack-de-50\\\/#breadcrumb\",\"itemListElement\":[{\"@type\":\"ListItem\",\"position\":1,\"name\":\"commencer\",\"item\":\"https:\\\/\\\/tupique.com\\\/\"},{\"@type\":\"ListItem\",\"position\":2,\"name\":\"Loja\",\"item\":\"https:\\\/\\\/tupique.com\\\/pt\\\/loja\\\/\"},{\"@type\":\"ListItem\",\"position\":3,\"name\":\"Lingettes Anti-Bu\u00e9e pour Lunettes (pack de 50)\"}]},{\"@type\":\"WebSite\",\"@id\":\"https:\\\/\\\/tupique.com\\\/#website\",\"url\":\"https:\\\/\\\/tupique.com\\\/\",\"name\":\"Tupique\",\"description\":\"\",\"publisher\":{\"@id\":\"https:\\\/\\\/tupique.com\\\/#organization\"},\"potentialAction\":[{\"@type\":\"SearchAction\",\"target\":{\"@type\":\"EntryPoint\",\"urlTemplate\":\"https:\\\/\\\/tupique.com\\\/?s={search_term_string}\"},\"query-input\":{\"@type\":\"PropertyValueSpecification\",\"valueRequired\":true,\"valueName\":\"search_term_string\"}}],\"inLanguage\":\"pt-PT\"},{\"@type\":\"Organization\",\"@id\":\"https:\\\/\\\/tupique.com\\\/#organization\",\"name\":\"Tupique\",\"url\":\"https:\\\/\\\/tupique.com\\\/\",\"logo\":{\"@type\":\"ImageObject\",\"inLanguage\":\"pt-PT\",\"@id\":\"https:\\\/\\\/tupique.com\\\/#\\\/schema\\\/logo\\\/image\\\/\",\"url\":\"https:\\\/\\\/tupique.com\\\/wp-content\\\/uploads\\\/2026\\\/03\\\/logo-tupique-1.webp\",\"contentUrl\":\"https:\\\/\\\/tupique.com\\\/wp-content\\\/uploads\\\/2026\\\/03\\\/logo-tupique-1.webp\",\"width\":500,\"height\":67,\"caption\":\"Tupique\"},\"image\":{\"@id\":\"https:\\\/\\\/tupique.com\\\/#\\\/schema\\\/logo\\\/image\\\/\"}}]}<\/script>\n<!-- \/ Yoast SEO plugin. -->","yoast_head_json":{"title":"Lingettes Anti-Bu\u00e9e pour Lunettes (pack de 50) | | Tupique","description":"Envie d'acheter Lingettes Anti-Bu\u00e9e pour Lunettes (pack de 50)\u00a0? Achetez Lingettes Anti-Bu\u00e9e pour Lunettes (pack de 50) maintenant avec Tupique en 3 versements sans int\u00e9r\u00eat.","robots":{"index":"index","follow":"follow","max-snippet":"max-snippet:-1","max-image-preview":"max-image-preview:large","max-video-preview":"max-video-preview:-1"},"canonical":"https:\/\/tupique.com\/pt\/product\/lingettes-anti-buee-pour-lunettes-pack-de-50\/","og_locale":"pt_PT","og_type":"article","og_title":"Lingettes Anti-Bu\u00e9e pour Lunettes (pack de 50) | | Tupique","og_description":"Envie d'acheter Lingettes Anti-Bu\u00e9e pour Lunettes (pack de 50)\u00a0? Achetez Lingettes Anti-Bu\u00e9e pour Lunettes (pack de 50) maintenant avec Tupique en 3 versements sans int\u00e9r\u00eat.","og_url":"https:\/\/tupique.com\/pt\/product\/lingettes-anti-buee-pour-lunettes-pack-de-50\/","og_site_name":"Tupique","article_modified_time":"2026-05-11T19:17:43+00:00","og_image":[{"width":1200,"height":1200,"url":"https:\/\/tupique.com\/wp-content\/uploads\/2026\/05\/8436596580060_S2500683_020_PACK2.jpg","type":"image\/jpeg"}],"twitter_card":"summary_large_image","twitter_misc":{"Tempo estimado de leitura":"1 minuto"},"schema":{"@context":"https:\/\/schema.org","@graph":[{"@type":"WebPage","@id":"https:\/\/tupique.com\/pt\/product\/lingettes-anti-buee-pour-lunettes-pack-de-50\/","url":"https:\/\/tupique.com\/pt\/product\/lingettes-anti-buee-pour-lunettes-pack-de-50\/","name":"Lingettes Anti-Bu\u00e9e pour Lunettes (pack de 50) | | Tupique","isPartOf":{"@id":"https:\/\/tupique.com\/#website"},"primaryImageOfPage":{"@id":"https:\/\/tupique.com\/pt\/product\/lingettes-anti-buee-pour-lunettes-pack-de-50\/#primaryimage"},"image":{"@id":"https:\/\/tupique.com\/pt\/product\/lingettes-anti-buee-pour-lunettes-pack-de-50\/#primaryimage"},"thumbnailUrl":"https:\/\/tupique.com\/wp-content\/uploads\/2026\/05\/8436596580060_S2500683_020_PACK2.jpg","datePublished":"2026-05-11T11:08:33+00:00","dateModified":"2026-05-11T19:17:43+00:00","description":"Envie d'acheter Lingettes Anti-Bu\u00e9e pour Lunettes (pack de 50)\u00a0? Achetez Lingettes Anti-Bu\u00e9e pour Lunettes (pack de 50) maintenant avec Tupique en 3 versements sans int\u00e9r\u00eat.","breadcrumb":{"@id":"https:\/\/tupique.com\/pt\/product\/lingettes-anti-buee-pour-lunettes-pack-de-50\/#breadcrumb"},"inLanguage":"pt-PT","potentialAction":[{"@type":"ReadAction","target":["https:\/\/tupique.com\/pt\/product\/lingettes-anti-buee-pour-lunettes-pack-de-50\/"]}]},{"@type":"ImageObject","inLanguage":"pt-PT","@id":"https:\/\/tupique.com\/pt\/product\/lingettes-anti-buee-pour-lunettes-pack-de-50\/#primaryimage","url":"https:\/\/tupique.com\/wp-content\/uploads\/2026\/05\/8436596580060_S2500683_020_PACK2.jpg","contentUrl":"https:\/\/tupique.com\/wp-content\/uploads\/2026\/05\/8436596580060_S2500683_020_PACK2.jpg","width":1200,"height":1200,"caption":"S2500683_0"},{"@type":"BreadcrumbList","@id":"https:\/\/tupique.com\/pt\/product\/lingettes-anti-buee-pour-lunettes-pack-de-50\/#breadcrumb","itemListElement":[{"@type":"ListItem","position":1,"name":"commencer","item":"https:\/\/tupique.com\/"},{"@type":"ListItem","position":2,"name":"Loja","item":"https:\/\/tupique.com\/pt\/loja\/"},{"@type":"ListItem","position":3,"name":"Lingettes Anti-Bu\u00e9e pour Lunettes (pack de 50)"}]},{"@type":"WebSite","@id":"https:\/\/tupique.com\/#website","url":"https:\/\/tupique.com\/","name":"Tupique","description":"","publisher":{"@id":"https:\/\/tupique.com\/#organization"},"potentialAction":[{"@type":"SearchAction","target":{"@type":"EntryPoint","urlTemplate":"https:\/\/tupique.com\/?s={search_term_string}"},"query-input":{"@type":"PropertyValueSpecification","valueRequired":true,"valueName":"search_term_string"}}],"inLanguage":"pt-PT"},{"@type":"Organization","@id":"https:\/\/tupique.com\/#organization","name":"Tupique","url":"https:\/\/tupique.com\/","logo":{"@type":"ImageObject","inLanguage":"pt-PT","@id":"https:\/\/tupique.com\/#\/schema\/logo\/image\/","url":"https:\/\/tupique.com\/wp-content\/uploads\/2026\/03\/logo-tupique-1.webp","contentUrl":"https:\/\/tupique.com\/wp-content\/uploads\/2026\/03\/logo-tupique-1.webp","width":500,"height":67,"caption":"Tupique"},"image":{"@id":"https:\/\/tupique.com\/#\/schema\/logo\/image\/"}}]}},"_links":{"self":[{"href":"https:\/\/tupique.com\/pt\/wp-json\/wp\/v2\/product\/180766","targetHints":{"allow":["GET"]}}],"collection":[{"href":"https:\/\/tupique.com\/pt\/wp-json\/wp\/v2\/product"}],"about":[{"href":"https:\/\/tupique.com\/pt\/wp-json\/wp\/v2\/types\/product"}],"replies":[{"embeddable":true,"href":"https:\/\/tupique.com\/pt\/wp-json\/wp\/v2\/comments?post=180766"}],"wp:featuredmedia":[{"embeddable":true,"href":"https:\/\/tupique.com\/pt\/wp-json\/wp\/v2\/media\/180763"}],"wp:attachment":[{"href":"https:\/\/tupique.com\/pt\/wp-json\/wp\/v2\/media?parent=180766"}],"wp:term":[{"taxonomy":"product_brand","embeddable":true,"href":"https:\/\/tupique.com\/pt\/wp-json\/wp\/v2\/product_brand?post=180766"},{"taxonomy":"product_cat","embeddable":true,"href":"https:\/\/tupique.com\/pt\/wp-json\/wp\/v2\/product_cat?post=180766"},{"taxonomy":"product_tag","embeddable":true,"href":"https:\/\/tupique.com\/pt\/wp-json\/wp\/v2\/product_tag?post=180766"},{"taxonomy":"woo-feed-brand","embeddable":true,"href":"https:\/\/tupique.com\/pt\/wp-json\/wp\/v2\/woo-feed-brand?post=180766"}],"curies":[{"name":"wp","href":"https:\/\/api.w.org\/{rel}","templated":true}]}}