{"id":180796,"date":"2026-05-11T13:09:39","date_gmt":"2026-05-11T11:09:39","guid":{"rendered":"https:\/\/tupique.com\/product\/faux-cils-naturals-eylure-105812099-no-070-no-070\/"},"modified":"2026-05-11T21:17:30","modified_gmt":"2026-05-11T19:17:30","slug":"faux-cils-naturals-eylure-105812099-no-070-no-070","status":"publish","type":"product","link":"https:\/\/tupique.com\/pt\/product\/faux-cils-naturals-eylure-105812099-no-070-no-070\/","title":{"rendered":"Faux cils Naturals Eylure 105812099 N\u00ba 070 (N\u00ba 070)"},"content":{"rendered":"<\/p>\n<p><b>Faux cils Naturals Eylure 105812099 N\u00ba 070 (N\u00ba 070)<\/b> \u00e9 um produto de qualidade concebido para pessoas exigentes que se preocupam com a sua imagem e procuram os melhores cosm\u00e9ticos para real\u00e7ar a sua beleza. Se faz parte desse grupo, os produtos originais 100 % <b>Eylure<\/b> s\u00e3o feitos para si.<\/p>\n<ul>\n<li>Type: Faux cils<\/li>\n<li>Couleur: N\u00ba 070<\/li>\n<li>G\u00e9nero: Femme<\/li>\n<\/ul>","protected":false},"excerpt":{"rendered":"<p><span class=\"unit-info\">19.9900 &euro; \/ 1 unit<\/span><\/p>","protected":false},"featured_media":180793,"comment_status":"open","ping_status":"closed","template":"","meta":[],"product_brand":[2148],"product_cat":[2123,769,1056],"product_tag":[722],"woo-feed-brand":[],"class_list":{"0":"post-180796","1":"product","2":"type-product","3":"status-publish","4":"has-post-thumbnail","6":"product_brand-brandp_3771","7":"product_cat-lots-de-cosmetique-et-parfums","8":"product_cat-parfum-cosmetique","9":"product_cat-parfums","10":"product_tag-tag_923","12":"first","13":"instock","14":"taxable","15":"shipping-taxable","16":"purchasable","17":"product-type-simple"},"yoast_head":"<!-- This site is optimized with the Yoast SEO plugin v27.6 - https:\/\/yoast.com\/product\/yoast-seo-wordpress\/ -->\n<title>Faux cils Naturals Eylure 105812099 N\u00ba 070 (N\u00ba 070) | | Tupique<\/title>\n<meta name=\"description\" content=\"Envie d&#039;acheter Faux cils Naturals Eylure 105812099 N\u00ba 070 (N\u00ba 070)\u00a0? Achetez Faux cils Naturals Eylure 105812099 N\u00ba 070 (N\u00ba 070) maintenant avec Tupique en 3 versements sans int\u00e9r\u00eat.\" \/>\n<meta name=\"robots\" content=\"index, follow, max-snippet:-1, max-image-preview:large, max-video-preview:-1\" \/>\n<link rel=\"canonical\" href=\"https:\/\/tupique.com\/pt\/product\/faux-cils-naturals-eylure-105812099-no-070-no-070\/\" \/>\n<meta property=\"og:locale\" content=\"pt_PT\" \/>\n<meta property=\"og:type\" content=\"article\" \/>\n<meta property=\"og:title\" content=\"Faux cils Naturals Eylure 105812099 N\u00ba 070 (N\u00ba 070) | | Tupique\" \/>\n<meta property=\"og:description\" content=\"Envie d&#039;acheter Faux cils Naturals Eylure 105812099 N\u00ba 070 (N\u00ba 070)\u00a0? Achetez Faux cils Naturals Eylure 105812099 N\u00ba 070 (N\u00ba 070) maintenant avec Tupique en 3 versements sans int\u00e9r\u00eat.\" \/>\n<meta property=\"og:url\" content=\"https:\/\/tupique.com\/pt\/product\/faux-cils-naturals-eylure-105812099-no-070-no-070\/\" \/>\n<meta property=\"og:site_name\" content=\"Tupique\" \/>\n<meta property=\"article:modified_time\" content=\"2026-05-11T19:17:30+00:00\" \/>\n<meta property=\"og:image\" content=\"https:\/\/tupique.com\/wp-content\/uploads\/2026\/05\/5011522002347_R0-v_11.jpg\" \/>\n\t<meta property=\"og:image:width\" content=\"1200\" \/>\n\t<meta property=\"og:image:height\" content=\"1200\" \/>\n\t<meta property=\"og:image:type\" content=\"image\/jpeg\" \/>\n<meta name=\"twitter:card\" content=\"summary_large_image\" \/>\n<script type=\"application\/ld+json\" class=\"yoast-schema-graph\">{\"@context\":\"https:\\\/\\\/schema.org\",\"@graph\":[{\"@type\":\"WebPage\",\"@id\":\"https:\\\/\\\/tupique.com\\\/en\\\/product\\\/faux-cils-naturals-eylure-105812099-no-070-no-070\\\/\",\"url\":\"https:\\\/\\\/tupique.com\\\/en\\\/product\\\/faux-cils-naturals-eylure-105812099-no-070-no-070\\\/\",\"name\":\"Faux cils Naturals Eylure 105812099 N\u00ba 070 (N\u00ba 070) | | Tupique\",\"isPartOf\":{\"@id\":\"https:\\\/\\\/tupique.com\\\/#website\"},\"primaryImageOfPage\":{\"@id\":\"https:\\\/\\\/tupique.com\\\/en\\\/product\\\/faux-cils-naturals-eylure-105812099-no-070-no-070\\\/#primaryimage\"},\"image\":{\"@id\":\"https:\\\/\\\/tupique.com\\\/en\\\/product\\\/faux-cils-naturals-eylure-105812099-no-070-no-070\\\/#primaryimage\"},\"thumbnailUrl\":\"https:\\\/\\\/tupique.com\\\/wp-content\\\/uploads\\\/2026\\\/05\\\/5011522002347_R0-v_11.jpg\",\"datePublished\":\"2026-05-11T11:09:39+00:00\",\"dateModified\":\"2026-05-11T19:17:30+00:00\",\"description\":\"Envie d'acheter Faux cils Naturals Eylure 105812099 N\u00ba 070 (N\u00ba 070)\u00a0? Achetez Faux cils Naturals Eylure 105812099 N\u00ba 070 (N\u00ba 070) maintenant avec Tupique en 3 versements sans int\u00e9r\u00eat.\",\"breadcrumb\":{\"@id\":\"https:\\\/\\\/tupique.com\\\/en\\\/product\\\/faux-cils-naturals-eylure-105812099-no-070-no-070\\\/#breadcrumb\"},\"inLanguage\":\"pt-PT\",\"potentialAction\":[{\"@type\":\"ReadAction\",\"target\":[\"https:\\\/\\\/tupique.com\\\/en\\\/product\\\/faux-cils-naturals-eylure-105812099-no-070-no-070\\\/\"]}]},{\"@type\":\"ImageObject\",\"inLanguage\":\"pt-PT\",\"@id\":\"https:\\\/\\\/tupique.com\\\/en\\\/product\\\/faux-cils-naturals-eylure-105812099-no-070-no-070\\\/#primaryimage\",\"url\":\"https:\\\/\\\/tupique.com\\\/wp-content\\\/uploads\\\/2026\\\/05\\\/5011522002347_R0-v_11.jpg\",\"contentUrl\":\"https:\\\/\\\/tupique.com\\\/wp-content\\\/uploads\\\/2026\\\/05\\\/5011522002347_R0-v_11.jpg\",\"width\":1200,\"height\":1200,\"caption\":\"S0582594_0\"},{\"@type\":\"BreadcrumbList\",\"@id\":\"https:\\\/\\\/tupique.com\\\/en\\\/product\\\/faux-cils-naturals-eylure-105812099-no-070-no-070\\\/#breadcrumb\",\"itemListElement\":[{\"@type\":\"ListItem\",\"position\":1,\"name\":\"commencer\",\"item\":\"https:\\\/\\\/tupique.com\\\/\"},{\"@type\":\"ListItem\",\"position\":2,\"name\":\"Loja\",\"item\":\"https:\\\/\\\/tupique.com\\\/pt\\\/loja\\\/\"},{\"@type\":\"ListItem\",\"position\":3,\"name\":\"Faux cils Naturals Eylure 105812099 N\u00ba 070 (N\u00ba 070)\"}]},{\"@type\":\"WebSite\",\"@id\":\"https:\\\/\\\/tupique.com\\\/#website\",\"url\":\"https:\\\/\\\/tupique.com\\\/\",\"name\":\"Tupique\",\"description\":\"\",\"publisher\":{\"@id\":\"https:\\\/\\\/tupique.com\\\/#organization\"},\"potentialAction\":[{\"@type\":\"SearchAction\",\"target\":{\"@type\":\"EntryPoint\",\"urlTemplate\":\"https:\\\/\\\/tupique.com\\\/?s={search_term_string}\"},\"query-input\":{\"@type\":\"PropertyValueSpecification\",\"valueRequired\":true,\"valueName\":\"search_term_string\"}}],\"inLanguage\":\"pt-PT\"},{\"@type\":\"Organization\",\"@id\":\"https:\\\/\\\/tupique.com\\\/#organization\",\"name\":\"Tupique\",\"url\":\"https:\\\/\\\/tupique.com\\\/\",\"logo\":{\"@type\":\"ImageObject\",\"inLanguage\":\"pt-PT\",\"@id\":\"https:\\\/\\\/tupique.com\\\/#\\\/schema\\\/logo\\\/image\\\/\",\"url\":\"https:\\\/\\\/tupique.com\\\/wp-content\\\/uploads\\\/2026\\\/03\\\/logo-tupique-1.webp\",\"contentUrl\":\"https:\\\/\\\/tupique.com\\\/wp-content\\\/uploads\\\/2026\\\/03\\\/logo-tupique-1.webp\",\"width\":500,\"height\":67,\"caption\":\"Tupique\"},\"image\":{\"@id\":\"https:\\\/\\\/tupique.com\\\/#\\\/schema\\\/logo\\\/image\\\/\"}}]}<\/script>\n<!-- \/ Yoast SEO plugin. -->","yoast_head_json":{"title":"Faux cils Naturals Eylure 105812099 N\u00ba 070 (N\u00ba 070) | | Tupique","description":"Envie d'acheter Faux cils Naturals Eylure 105812099 N\u00ba 070 (N\u00ba 070)\u00a0? Achetez Faux cils Naturals Eylure 105812099 N\u00ba 070 (N\u00ba 070) maintenant avec Tupique en 3 versements sans int\u00e9r\u00eat.","robots":{"index":"index","follow":"follow","max-snippet":"max-snippet:-1","max-image-preview":"max-image-preview:large","max-video-preview":"max-video-preview:-1"},"canonical":"https:\/\/tupique.com\/pt\/product\/faux-cils-naturals-eylure-105812099-no-070-no-070\/","og_locale":"pt_PT","og_type":"article","og_title":"Faux cils Naturals Eylure 105812099 N\u00ba 070 (N\u00ba 070) | | Tupique","og_description":"Envie d'acheter Faux cils Naturals Eylure 105812099 N\u00ba 070 (N\u00ba 070)\u00a0? Achetez Faux cils Naturals Eylure 105812099 N\u00ba 070 (N\u00ba 070) maintenant avec Tupique en 3 versements sans int\u00e9r\u00eat.","og_url":"https:\/\/tupique.com\/pt\/product\/faux-cils-naturals-eylure-105812099-no-070-no-070\/","og_site_name":"Tupique","article_modified_time":"2026-05-11T19:17:30+00:00","og_image":[{"width":1200,"height":1200,"url":"https:\/\/tupique.com\/wp-content\/uploads\/2026\/05\/5011522002347_R0-v_11.jpg","type":"image\/jpeg"}],"twitter_card":"summary_large_image","schema":{"@context":"https:\/\/schema.org","@graph":[{"@type":"WebPage","@id":"https:\/\/tupique.com\/en\/product\/faux-cils-naturals-eylure-105812099-no-070-no-070\/","url":"https:\/\/tupique.com\/en\/product\/faux-cils-naturals-eylure-105812099-no-070-no-070\/","name":"Faux cils Naturals Eylure 105812099 N\u00ba 070 (N\u00ba 070) | | Tupique","isPartOf":{"@id":"https:\/\/tupique.com\/#website"},"primaryImageOfPage":{"@id":"https:\/\/tupique.com\/en\/product\/faux-cils-naturals-eylure-105812099-no-070-no-070\/#primaryimage"},"image":{"@id":"https:\/\/tupique.com\/en\/product\/faux-cils-naturals-eylure-105812099-no-070-no-070\/#primaryimage"},"thumbnailUrl":"https:\/\/tupique.com\/wp-content\/uploads\/2026\/05\/5011522002347_R0-v_11.jpg","datePublished":"2026-05-11T11:09:39+00:00","dateModified":"2026-05-11T19:17:30+00:00","description":"Envie d'acheter Faux cils Naturals Eylure 105812099 N\u00ba 070 (N\u00ba 070)\u00a0? Achetez Faux cils Naturals Eylure 105812099 N\u00ba 070 (N\u00ba 070) maintenant avec Tupique en 3 versements sans int\u00e9r\u00eat.","breadcrumb":{"@id":"https:\/\/tupique.com\/en\/product\/faux-cils-naturals-eylure-105812099-no-070-no-070\/#breadcrumb"},"inLanguage":"pt-PT","potentialAction":[{"@type":"ReadAction","target":["https:\/\/tupique.com\/en\/product\/faux-cils-naturals-eylure-105812099-no-070-no-070\/"]}]},{"@type":"ImageObject","inLanguage":"pt-PT","@id":"https:\/\/tupique.com\/en\/product\/faux-cils-naturals-eylure-105812099-no-070-no-070\/#primaryimage","url":"https:\/\/tupique.com\/wp-content\/uploads\/2026\/05\/5011522002347_R0-v_11.jpg","contentUrl":"https:\/\/tupique.com\/wp-content\/uploads\/2026\/05\/5011522002347_R0-v_11.jpg","width":1200,"height":1200,"caption":"S0582594_0"},{"@type":"BreadcrumbList","@id":"https:\/\/tupique.com\/en\/product\/faux-cils-naturals-eylure-105812099-no-070-no-070\/#breadcrumb","itemListElement":[{"@type":"ListItem","position":1,"name":"commencer","item":"https:\/\/tupique.com\/"},{"@type":"ListItem","position":2,"name":"Loja","item":"https:\/\/tupique.com\/pt\/loja\/"},{"@type":"ListItem","position":3,"name":"Faux cils Naturals Eylure 105812099 N\u00ba 070 (N\u00ba 070)"}]},{"@type":"WebSite","@id":"https:\/\/tupique.com\/#website","url":"https:\/\/tupique.com\/","name":"Tupique","description":"","publisher":{"@id":"https:\/\/tupique.com\/#organization"},"potentialAction":[{"@type":"SearchAction","target":{"@type":"EntryPoint","urlTemplate":"https:\/\/tupique.com\/?s={search_term_string}"},"query-input":{"@type":"PropertyValueSpecification","valueRequired":true,"valueName":"search_term_string"}}],"inLanguage":"pt-PT"},{"@type":"Organization","@id":"https:\/\/tupique.com\/#organization","name":"Tupique","url":"https:\/\/tupique.com\/","logo":{"@type":"ImageObject","inLanguage":"pt-PT","@id":"https:\/\/tupique.com\/#\/schema\/logo\/image\/","url":"https:\/\/tupique.com\/wp-content\/uploads\/2026\/03\/logo-tupique-1.webp","contentUrl":"https:\/\/tupique.com\/wp-content\/uploads\/2026\/03\/logo-tupique-1.webp","width":500,"height":67,"caption":"Tupique"},"image":{"@id":"https:\/\/tupique.com\/#\/schema\/logo\/image\/"}}]}},"_links":{"self":[{"href":"https:\/\/tupique.com\/pt\/wp-json\/wp\/v2\/product\/180796","targetHints":{"allow":["GET"]}}],"collection":[{"href":"https:\/\/tupique.com\/pt\/wp-json\/wp\/v2\/product"}],"about":[{"href":"https:\/\/tupique.com\/pt\/wp-json\/wp\/v2\/types\/product"}],"replies":[{"embeddable":true,"href":"https:\/\/tupique.com\/pt\/wp-json\/wp\/v2\/comments?post=180796"}],"wp:featuredmedia":[{"embeddable":true,"href":"https:\/\/tupique.com\/pt\/wp-json\/wp\/v2\/media\/180793"}],"wp:attachment":[{"href":"https:\/\/tupique.com\/pt\/wp-json\/wp\/v2\/media?parent=180796"}],"wp:term":[{"taxonomy":"product_brand","embeddable":true,"href":"https:\/\/tupique.com\/pt\/wp-json\/wp\/v2\/product_brand?post=180796"},{"taxonomy":"product_cat","embeddable":true,"href":"https:\/\/tupique.com\/pt\/wp-json\/wp\/v2\/product_cat?post=180796"},{"taxonomy":"product_tag","embeddable":true,"href":"https:\/\/tupique.com\/pt\/wp-json\/wp\/v2\/product_tag?post=180796"},{"taxonomy":"woo-feed-brand","embeddable":true,"href":"https:\/\/tupique.com\/pt\/wp-json\/wp\/v2\/woo-feed-brand?post=180796"}],"curies":[{"name":"wp","href":"https:\/\/api.w.org\/{rel}","templated":true}]}}