{"id":180804,"date":"2026-05-11T13:09:50","date_gmt":"2026-05-11T11:09:50","guid":{"rendered":"https:\/\/tupique.com\/product\/vitamine-d3-cholecalciferol-solgar-600-iu-60-capsules\/"},"modified":"2026-05-11T21:18:48","modified_gmt":"2026-05-11T19:18:48","slug":"vitamine-d3-cholecalciferol-solgar-600-iu-60-capsules","status":"publish","type":"product","link":"https:\/\/tupique.com\/pt\/product\/vitamine-d3-cholecalciferol-solgar-600-iu-60-capsules\/","title":{"rendered":"Vitamine D3 (chol\u00e9calcif\u00e9rol) Solgar 600 iu 60 Capsules"},"content":{"rendered":"<p>Si vous vous pr\u00e9occupez de votre sant\u00e9 et que vous cherchez des produits qui vous offriraient <b>vitamine d<\/b>, achetez <b>Vitamine D3 (chol\u00e9calcif\u00e9rol) Solgar 600 iu 60 Capsules<\/b> et d&#8217;autres <b>produits Solgar<\/b> au meilleur prix.<\/p>\n<ul>\n<li>Quantit\u00e9: 60 Capsules<\/li>\n<li>Ingr\u00e9dients: Cholecalciferol<\/li>\n<li>\u00c2ge recommand\u00e9: Adultes<\/li>\n<\/ul>","protected":false},"excerpt":{"rendered":"<p>Si vous vous pr\u00e9occupez de votre sant\u00e9 et que vous cherchez des produits qui vous offriraient vitamine d, achetez Vitamine D3 (chol\u00e9calcif\u00e9rol) Solgar 600 iu 60 Capsules et d&#8217;autres produits Solgar au meilleur prix. Quantit\u00e9: 60 Capsules Ingr\u00e9dients: Cholecalciferol \u00c2ge recommand\u00e9: Adultes<\/p>","protected":false},"featured_media":180799,"comment_status":"open","ping_status":"closed","template":"","meta":[],"product_brand":[2149],"product_cat":[2124,752],"product_tag":[163,165],"class_list":{"0":"post-180804","1":"product","2":"type-product","3":"status-publish","4":"has-post-thumbnail","6":"product_brand-brandp_3580","7":"product_cat-complements-alimentaires","8":"product_cat-sante-beaute","9":"product_tag-tag_17","10":"product_tag-tag_69","12":"first","13":"instock","14":"taxable","15":"shipping-taxable","16":"purchasable","17":"product-type-simple"},"yoast_head":"<!-- This site is optimized with the Yoast SEO plugin v27.5 - https:\/\/yoast.com\/product\/yoast-seo-wordpress\/ -->\n<title>Vitamine D3 (chol\u00e9calcif\u00e9rol) Solgar 600 iu 60 Capsules - Tupique<\/title>\n<meta name=\"robots\" content=\"index, follow, max-snippet:-1, max-image-preview:large, max-video-preview:-1\" \/>\n<link rel=\"canonical\" href=\"https:\/\/tupique.com\/pt\/product\/vitamine-d3-cholecalciferol-solgar-600-iu-60-capsules\/\" \/>\n<meta property=\"og:locale\" content=\"pt_PT\" \/>\n<meta property=\"og:type\" content=\"article\" \/>\n<meta property=\"og:title\" content=\"Vitamine D3 (chol\u00e9calcif\u00e9rol) Solgar 600 iu 60 Capsules - Tupique\" \/>\n<meta property=\"og:description\" content=\"Si vous vous pr\u00e9occupez de votre sant\u00e9 et que vous cherchez des produits qui vous offriraient vitamine d, achetez Vitamine D3 (chol\u00e9calcif\u00e9rol) Solgar 600 iu 60 Capsules et d&#8217;autres produits Solgar au meilleur prix. Quantit\u00e9: 60 Capsules Ingr\u00e9dients: Cholecalciferol \u00c2ge recommand\u00e9: Adultes\" \/>\n<meta property=\"og:url\" content=\"https:\/\/tupique.com\/pt\/product\/vitamine-d3-cholecalciferol-solgar-600-iu-60-capsules\/\" \/>\n<meta property=\"og:site_name\" content=\"Tupique\" \/>\n<meta property=\"article:modified_time\" content=\"2026-05-11T19:18:48+00:00\" \/>\n<meta property=\"og:image\" content=\"https:\/\/tupique.com\/wp-content\/uploads\/2026\/05\/0033984033184_R00.jpg\" \/>\n\t<meta property=\"og:image:width\" content=\"1200\" \/>\n\t<meta property=\"og:image:height\" content=\"1200\" \/>\n\t<meta property=\"og:image:type\" content=\"image\/jpeg\" \/>\n<meta name=\"twitter:card\" content=\"summary_large_image\" \/>\n<script type=\"application\/ld+json\" class=\"yoast-schema-graph\">{\"@context\":\"https:\\\/\\\/schema.org\",\"@graph\":[{\"@type\":\"WebPage\",\"@id\":\"https:\\\/\\\/tupique.com\\\/product\\\/vitamine-d3-cholecalciferol-solgar-600-iu-60-capsules\\\/\",\"url\":\"https:\\\/\\\/tupique.com\\\/product\\\/vitamine-d3-cholecalciferol-solgar-600-iu-60-capsules\\\/\",\"name\":\"Vitamine D3 (chol\u00e9calcif\u00e9rol) Solgar 600 iu 60 Capsules - Tupique\",\"isPartOf\":{\"@id\":\"https:\\\/\\\/tupique.com\\\/#website\"},\"primaryImageOfPage\":{\"@id\":\"https:\\\/\\\/tupique.com\\\/product\\\/vitamine-d3-cholecalciferol-solgar-600-iu-60-capsules\\\/#primaryimage\"},\"image\":{\"@id\":\"https:\\\/\\\/tupique.com\\\/product\\\/vitamine-d3-cholecalciferol-solgar-600-iu-60-capsules\\\/#primaryimage\"},\"thumbnailUrl\":\"https:\\\/\\\/tupique.com\\\/wp-content\\\/uploads\\\/2026\\\/05\\\/0033984033184_R00.jpg\",\"datePublished\":\"2026-05-11T11:09:50+00:00\",\"dateModified\":\"2026-05-11T19:18:48+00:00\",\"breadcrumb\":{\"@id\":\"https:\\\/\\\/tupique.com\\\/product\\\/vitamine-d3-cholecalciferol-solgar-600-iu-60-capsules\\\/#breadcrumb\"},\"inLanguage\":\"pt-PT\",\"potentialAction\":[{\"@type\":\"ReadAction\",\"target\":[\"https:\\\/\\\/tupique.com\\\/product\\\/vitamine-d3-cholecalciferol-solgar-600-iu-60-capsules\\\/\"]}]},{\"@type\":\"ImageObject\",\"inLanguage\":\"pt-PT\",\"@id\":\"https:\\\/\\\/tupique.com\\\/product\\\/vitamine-d3-cholecalciferol-solgar-600-iu-60-capsules\\\/#primaryimage\",\"url\":\"https:\\\/\\\/tupique.com\\\/wp-content\\\/uploads\\\/2026\\\/05\\\/0033984033184_R00.jpg\",\"contentUrl\":\"https:\\\/\\\/tupique.com\\\/wp-content\\\/uploads\\\/2026\\\/05\\\/0033984033184_R00.jpg\",\"width\":1200,\"height\":1200,\"caption\":\"S5100009_0\"},{\"@type\":\"BreadcrumbList\",\"@id\":\"https:\\\/\\\/tupique.com\\\/product\\\/vitamine-d3-cholecalciferol-solgar-600-iu-60-capsules\\\/#breadcrumb\",\"itemListElement\":[{\"@type\":\"ListItem\",\"position\":1,\"name\":\"commencer\",\"item\":\"https:\\\/\\\/tupique.com\\\/\"},{\"@type\":\"ListItem\",\"position\":2,\"name\":\"Loja\",\"item\":\"https:\\\/\\\/tupique.com\\\/loja\\\/\"},{\"@type\":\"ListItem\",\"position\":3,\"name\":\"Vitamine D3 (chol\u00e9calcif\u00e9rol) Solgar 600 iu 60 Capsules\"}]},{\"@type\":\"WebSite\",\"@id\":\"https:\\\/\\\/tupique.com\\\/#website\",\"url\":\"https:\\\/\\\/tupique.com\\\/\",\"name\":\"Tupique\",\"description\":\"\",\"publisher\":{\"@id\":\"https:\\\/\\\/tupique.com\\\/#organization\"},\"potentialAction\":[{\"@type\":\"SearchAction\",\"target\":{\"@type\":\"EntryPoint\",\"urlTemplate\":\"https:\\\/\\\/tupique.com\\\/?s={search_term_string}\"},\"query-input\":{\"@type\":\"PropertyValueSpecification\",\"valueRequired\":true,\"valueName\":\"search_term_string\"}}],\"inLanguage\":\"pt-PT\"},{\"@type\":\"Organization\",\"@id\":\"https:\\\/\\\/tupique.com\\\/#organization\",\"name\":\"Tupique\",\"url\":\"https:\\\/\\\/tupique.com\\\/\",\"logo\":{\"@type\":\"ImageObject\",\"inLanguage\":\"pt-PT\",\"@id\":\"https:\\\/\\\/tupique.com\\\/#\\\/schema\\\/logo\\\/image\\\/\",\"url\":\"https:\\\/\\\/tupique.com\\\/wp-content\\\/uploads\\\/2026\\\/03\\\/logo-tupique-1.webp\",\"contentUrl\":\"https:\\\/\\\/tupique.com\\\/wp-content\\\/uploads\\\/2026\\\/03\\\/logo-tupique-1.webp\",\"width\":500,\"height\":67,\"caption\":\"Tupique\"},\"image\":{\"@id\":\"https:\\\/\\\/tupique.com\\\/#\\\/schema\\\/logo\\\/image\\\/\"}}]}<\/script>\n<!-- \/ Yoast SEO plugin. -->","yoast_head_json":{"title":"Vitamine D3 (chol\u00e9calcif\u00e9rol) Solgar 600 iu 60 Capsules - Tupique","robots":{"index":"index","follow":"follow","max-snippet":"max-snippet:-1","max-image-preview":"max-image-preview:large","max-video-preview":"max-video-preview:-1"},"canonical":"https:\/\/tupique.com\/pt\/product\/vitamine-d3-cholecalciferol-solgar-600-iu-60-capsules\/","og_locale":"pt_PT","og_type":"article","og_title":"Vitamine D3 (chol\u00e9calcif\u00e9rol) Solgar 600 iu 60 Capsules - Tupique","og_description":"Si vous vous pr\u00e9occupez de votre sant\u00e9 et que vous cherchez des produits qui vous offriraient vitamine d, achetez Vitamine D3 (chol\u00e9calcif\u00e9rol) Solgar 600 iu 60 Capsules et d&#8217;autres produits Solgar au meilleur prix. Quantit\u00e9: 60 Capsules Ingr\u00e9dients: Cholecalciferol \u00c2ge recommand\u00e9: Adultes","og_url":"https:\/\/tupique.com\/pt\/product\/vitamine-d3-cholecalciferol-solgar-600-iu-60-capsules\/","og_site_name":"Tupique","article_modified_time":"2026-05-11T19:18:48+00:00","og_image":[{"width":1200,"height":1200,"url":"https:\/\/tupique.com\/wp-content\/uploads\/2026\/05\/0033984033184_R00.jpg","type":"image\/jpeg"}],"twitter_card":"summary_large_image","schema":{"@context":"https:\/\/schema.org","@graph":[{"@type":"WebPage","@id":"https:\/\/tupique.com\/product\/vitamine-d3-cholecalciferol-solgar-600-iu-60-capsules\/","url":"https:\/\/tupique.com\/product\/vitamine-d3-cholecalciferol-solgar-600-iu-60-capsules\/","name":"Vitamine D3 (chol\u00e9calcif\u00e9rol) Solgar 600 iu 60 Capsules - Tupique","isPartOf":{"@id":"https:\/\/tupique.com\/#website"},"primaryImageOfPage":{"@id":"https:\/\/tupique.com\/product\/vitamine-d3-cholecalciferol-solgar-600-iu-60-capsules\/#primaryimage"},"image":{"@id":"https:\/\/tupique.com\/product\/vitamine-d3-cholecalciferol-solgar-600-iu-60-capsules\/#primaryimage"},"thumbnailUrl":"https:\/\/tupique.com\/wp-content\/uploads\/2026\/05\/0033984033184_R00.jpg","datePublished":"2026-05-11T11:09:50+00:00","dateModified":"2026-05-11T19:18:48+00:00","breadcrumb":{"@id":"https:\/\/tupique.com\/product\/vitamine-d3-cholecalciferol-solgar-600-iu-60-capsules\/#breadcrumb"},"inLanguage":"pt-PT","potentialAction":[{"@type":"ReadAction","target":["https:\/\/tupique.com\/product\/vitamine-d3-cholecalciferol-solgar-600-iu-60-capsules\/"]}]},{"@type":"ImageObject","inLanguage":"pt-PT","@id":"https:\/\/tupique.com\/product\/vitamine-d3-cholecalciferol-solgar-600-iu-60-capsules\/#primaryimage","url":"https:\/\/tupique.com\/wp-content\/uploads\/2026\/05\/0033984033184_R00.jpg","contentUrl":"https:\/\/tupique.com\/wp-content\/uploads\/2026\/05\/0033984033184_R00.jpg","width":1200,"height":1200,"caption":"S5100009_0"},{"@type":"BreadcrumbList","@id":"https:\/\/tupique.com\/product\/vitamine-d3-cholecalciferol-solgar-600-iu-60-capsules\/#breadcrumb","itemListElement":[{"@type":"ListItem","position":1,"name":"commencer","item":"https:\/\/tupique.com\/"},{"@type":"ListItem","position":2,"name":"Loja","item":"https:\/\/tupique.com\/loja\/"},{"@type":"ListItem","position":3,"name":"Vitamine D3 (chol\u00e9calcif\u00e9rol) Solgar 600 iu 60 Capsules"}]},{"@type":"WebSite","@id":"https:\/\/tupique.com\/#website","url":"https:\/\/tupique.com\/","name":"Tupique","description":"","publisher":{"@id":"https:\/\/tupique.com\/#organization"},"potentialAction":[{"@type":"SearchAction","target":{"@type":"EntryPoint","urlTemplate":"https:\/\/tupique.com\/?s={search_term_string}"},"query-input":{"@type":"PropertyValueSpecification","valueRequired":true,"valueName":"search_term_string"}}],"inLanguage":"pt-PT"},{"@type":"Organization","@id":"https:\/\/tupique.com\/#organization","name":"Tupique","url":"https:\/\/tupique.com\/","logo":{"@type":"ImageObject","inLanguage":"pt-PT","@id":"https:\/\/tupique.com\/#\/schema\/logo\/image\/","url":"https:\/\/tupique.com\/wp-content\/uploads\/2026\/03\/logo-tupique-1.webp","contentUrl":"https:\/\/tupique.com\/wp-content\/uploads\/2026\/03\/logo-tupique-1.webp","width":500,"height":67,"caption":"Tupique"},"image":{"@id":"https:\/\/tupique.com\/#\/schema\/logo\/image\/"}}]}},"_links":{"self":[{"href":"https:\/\/tupique.com\/pt\/wp-json\/wp\/v2\/product\/180804","targetHints":{"allow":["GET"]}}],"collection":[{"href":"https:\/\/tupique.com\/pt\/wp-json\/wp\/v2\/product"}],"about":[{"href":"https:\/\/tupique.com\/pt\/wp-json\/wp\/v2\/types\/product"}],"replies":[{"embeddable":true,"href":"https:\/\/tupique.com\/pt\/wp-json\/wp\/v2\/comments?post=180804"}],"wp:featuredmedia":[{"embeddable":true,"href":"https:\/\/tupique.com\/pt\/wp-json\/wp\/v2\/media\/180799"}],"wp:attachment":[{"href":"https:\/\/tupique.com\/pt\/wp-json\/wp\/v2\/media?parent=180804"}],"wp:term":[{"taxonomy":"product_brand","embeddable":true,"href":"https:\/\/tupique.com\/pt\/wp-json\/wp\/v2\/product_brand?post=180804"},{"taxonomy":"product_cat","embeddable":true,"href":"https:\/\/tupique.com\/pt\/wp-json\/wp\/v2\/product_cat?post=180804"},{"taxonomy":"product_tag","embeddable":true,"href":"https:\/\/tupique.com\/pt\/wp-json\/wp\/v2\/product_tag?post=180804"}],"curies":[{"name":"wp","href":"https:\/\/api.w.org\/{rel}","templated":true}]}}