{"id":181102,"date":"2026-05-11T13:42:13","date_gmt":"2026-05-11T11:42:13","guid":{"rendered":"https:\/\/tupique.com\/product\/lisseur-pour-boucler-les-cheveux-en-ceramique-wavio-innovagoods-55-w\/"},"modified":"2026-05-11T21:23:45","modified_gmt":"2026-05-11T19:23:45","slug":"lisseur-pour-boucler-les-cheveux-en-ceramique-wavio-innovagoods-55-w","status":"publish","type":"product","link":"https:\/\/tupique.com\/pt\/product\/lisseur-pour-boucler-les-cheveux-en-ceramique-wavio-innovagoods-55-w\/","title":{"rendered":"Lisseur pour Boucler les Cheveux en C\u00e9ramique Wavio InnovaGoods 55 W"},"content":{"rendered":"<div class=\"col-md-6\"><b>InnovaGoods<\/b> vous facilite la t\u00e2che pour que votre soin personnel soit une priorit\u00e9 sans excuses. Il vous propose les meilleures nouveaut\u00e9s en mati\u00e8re de beaut\u00e9, de d\u00e9tente et de bien-\u00eatre! <b>Lisseur pour Boucler les Cheveux en C\u00e9ramique Wavio InnovaGoods 55 W Wellness Beauty<\/b> en est un bon exemple! D\u00e9couvrez une vaste gamme de produits de qualit\u00e9 qui se d\u00e9marquent de par leur fonctionnalit\u00e9, leur efficacit\u00e9 et leur design innovant.<\/p>\n<p>Un lisseur \u00e0 cheveux avec un design \u00e0 triple barre coiffante id\u00e9al pour faire onduler les cheveux tr\u00e8s facilement  et efficacement pour un r\u00e9sultat optimal et professionnel. Il permet d&#8217;obtenir en quelques secondes des ondulations amples, dessin\u00e9es et d\u00e9finies pour une occasion sp\u00e9ciale ou des ondulations douces pour un look naturel au quotidien. La technologie PTC permet un chauffage rapide (en \u00e0 peine 2 min il atteint la temp\u00e9rature maximale) et d&#8217;augmenter sa durabilit\u00e9. Il poss\u00e8de des plaques en c\u00e9ramique 3D qui n&#8217;ab\u00eement pas les cheveux et permettent moins de frottement, elles n&#8217;accrochent pas les cheveux et \u00e9vitent les tiraillements. Il r\u00e9partit la chaleur de fa\u00e7on homog\u00e8ne \u00e0 une temp\u00e9rature constante (200 \u00b0C) et assure une protection totale des cheveux. Le c\u00e2ble est pivotant \u00e0 360\u00ba et extra-large, d&#8217;une longueur de 180 cm pour faciliter son utilisation. Il dispose d&#8217;un bouton marche\/arr\u00eat et d&#8217;un indicateur d&#8217;alimentation LED. Ce lisseur \u00e0 cheveux poss\u00e8de une puissance de 55 W, il est l\u00e9ger et compact, il s\u2019accompagne d\u2019instructions d&#8217;utilisation.<\/p>\n<ul>\n<li>Mat\u00e9riel: ABS<\/li>\n<li>Couleur:\n<ul>\n<li>Blanc<\/li>\n<li>Gris<\/li>\n<\/ul>\n<\/li>\n<li>Design: Novateur et pratique<\/li>\n<li>Type: \u00c9lectrique<\/li>\n<li>Plaques c\u00e9ramiques: 3D<\/li>\n<li>Technologie PTC: Chauffage rapide<\/li>\n<li>Temps de chauffage environ.: 2 min<\/li>\n<li>Temp\u00e9rature: 200 \u00baC<\/li>\n<li>Triple barre de coiffage: Ondulations d\u00e9finies<\/li>\n<li>C\u00e2ble rotatif 360\u00ba: Polyvalent et adaptable<\/li>\n<li>Bouton on\/off: Voyant d\u2019alimentation LED<\/li>\n<li>Utilisation pratique et simple: L\u00e9ger et maniable<\/li>\n<li>puissance: 55 W<\/li>\n<li>AC In: 110-240 V \/ 50-60 Hz<\/li>\n<li>Longueur du c\u00e2ble: 180 cm<\/li>\n<li>Type de prise: F<\/li>\n<li>Dimensions approx.: 6,3 x 30 x 4 cm<\/li>\n<li>Packaging et manuel en 24 langues: anglais, fran\u00e7ais, espagnol, allemand, italien, portugais, n\u00e9erlandais, polonais, hongrois, roumain, danois, su\u00e9dois, finnois, lituanien, norv\u00e9gien, slov\u00e8ne, grec, tch\u00e8que, bulgare, croate, slovaque, estonien, russe, letton<\/li>\n<\/ul>\n<p>Packaging et manuel en 24 langues: anglais, fran\u00e7ais, espagnol, allemand, italien, portugais, n\u00e9erlandais, polonais, hongrois, roumain, danois, su\u00e9dois, finnois, lituanien, norv\u00e9gien, slov\u00e8ne, grec, tch\u00e8que, bulgare, croate, slovaque, estonien, russe, letton.<\/p><\/div>\n<div class=\"col-md-6\">\n<div class=\"embed-responsive embed-responsive-16by9\"><iframe class=\"embed-responsive-item\" src=\"https:\/\/www.youtube.com\/embed\/C9x_FrH8vQk\" frameborder=\"0\" allowfullscreen><\/iframe><\/div>\n<\/div>","protected":false},"excerpt":{"rendered":"<p>InnovaGoods vous facilite la t\u00e2che pour que votre soin personnel soit une priorit\u00e9 sans excuses. Il vous propose les meilleures nouveaut\u00e9s en mati\u00e8re de beaut\u00e9, de d\u00e9tente et de bien-\u00eatre! Lisseur pour Boucler les Cheveux en C\u00e9ramique Wavio InnovaGoods 55 W Wellness Beauty en est un bon exemple! D\u00e9couvrez une vaste gamme de produits de [&hellip;]<\/p>\n","protected":false},"featured_media":181091,"comment_status":"open","ping_status":"closed","template":"","meta":[],"product_brand":[256],"product_cat":[63,550,1825,753,754,752,1826,1796],"product_tag":[722,56],"woo-feed-brand":[],"class_list":{"0":"post-181102","1":"product","2":"type-product","3":"status-publish","4":"has-post-thumbnail","6":"product_brand-brandp_1281","7":"product_cat-cadeaux-originaux","8":"product_cat-cadeaux-pour-femme","9":"product_cat-cadeaux-pour-soins-personnels","10":"product_cat-coiffure","11":"product_cat-lisseurs-pour-cheveux","12":"product_cat-sante-beaute","13":"product_cat-teleachat-vu-a-la-television-sante-et-beaute-teleshop","14":"product_cat-teleachat-vu-a-la-television","15":"product_tag-tag_923","16":"product_tag-tag_930","18":"first","19":"instock","20":"taxable","21":"shipping-taxable","22":"purchasable","23":"product-type-simple"},"yoast_head":"<!-- This site is optimized with the Yoast SEO plugin v27.6 - https:\/\/yoast.com\/product\/yoast-seo-wordpress\/ -->\n<title>Lisseur pour Boucler les Cheveux en C\u00e9ramique Wavio InnovaGoods 55 W | | Tupique<\/title>\n<meta name=\"description\" content=\"Envie d&#039;acheter Lisseur pour Boucler les Cheveux en C\u00e9ramique Wavio InnovaGoods 55 W\u00a0? Achetez Lisseur pour Boucler les Cheveux en C\u00e9ramique Wavio InnovaGoods 55 W maintenant avec Tupique en 3 versements sans int\u00e9r\u00eat.\" \/>\n<meta name=\"robots\" content=\"index, follow, max-snippet:-1, max-image-preview:large, max-video-preview:-1\" \/>\n<link rel=\"canonical\" href=\"https:\/\/tupique.com\/pt\/product\/lisseur-pour-boucler-les-cheveux-en-ceramique-wavio-innovagoods-55-w\/\" \/>\n<meta property=\"og:locale\" content=\"pt_PT\" \/>\n<meta property=\"og:type\" content=\"article\" \/>\n<meta property=\"og:title\" content=\"Lisseur pour Boucler les Cheveux en C\u00e9ramique Wavio InnovaGoods 55 W | | Tupique\" \/>\n<meta property=\"og:description\" content=\"Envie d&#039;acheter Lisseur pour Boucler les Cheveux en C\u00e9ramique Wavio InnovaGoods 55 W\u00a0? Achetez Lisseur pour Boucler les Cheveux en C\u00e9ramique Wavio InnovaGoods 55 W maintenant avec Tupique en 3 versements sans int\u00e9r\u00eat.\" \/>\n<meta property=\"og:url\" content=\"https:\/\/tupique.com\/pt\/product\/lisseur-pour-boucler-les-cheveux-en-ceramique-wavio-innovagoods-55-w\/\" \/>\n<meta property=\"og:site_name\" content=\"Tupique\" \/>\n<meta property=\"article:modified_time\" content=\"2026-05-11T19:23:45+00:00\" \/>\n<meta property=\"og:image\" content=\"https:\/\/tupique.com\/wp-content\/uploads\/2026\/05\/V0103294_000_MKT3.jpg\" \/>\n\t<meta property=\"og:image:width\" content=\"1200\" \/>\n\t<meta property=\"og:image:height\" content=\"1200\" \/>\n\t<meta property=\"og:image:type\" content=\"image\/jpeg\" \/>\n<meta name=\"twitter:card\" content=\"summary_large_image\" \/>\n<meta name=\"twitter:label1\" content=\"Tempo estimado de leitura\" \/>\n\t<meta name=\"twitter:data1\" content=\"2 minutos\" \/>\n<script type=\"application\/ld+json\" class=\"yoast-schema-graph\">{\"@context\":\"https:\\\/\\\/schema.org\",\"@graph\":[{\"@type\":\"WebPage\",\"@id\":\"https:\\\/\\\/tupique.com\\\/product\\\/lisseur-pour-boucler-les-cheveux-en-ceramique-wavio-innovagoods-55-w\\\/\",\"url\":\"https:\\\/\\\/tupique.com\\\/product\\\/lisseur-pour-boucler-les-cheveux-en-ceramique-wavio-innovagoods-55-w\\\/\",\"name\":\"Lisseur pour Boucler les Cheveux en C\u00e9ramique Wavio InnovaGoods 55 W | | Tupique\",\"isPartOf\":{\"@id\":\"https:\\\/\\\/tupique.com\\\/#website\"},\"primaryImageOfPage\":{\"@id\":\"https:\\\/\\\/tupique.com\\\/product\\\/lisseur-pour-boucler-les-cheveux-en-ceramique-wavio-innovagoods-55-w\\\/#primaryimage\"},\"image\":{\"@id\":\"https:\\\/\\\/tupique.com\\\/product\\\/lisseur-pour-boucler-les-cheveux-en-ceramique-wavio-innovagoods-55-w\\\/#primaryimage\"},\"thumbnailUrl\":\"https:\\\/\\\/tupique.com\\\/wp-content\\\/uploads\\\/2026\\\/05\\\/V0103294_000_MKT3.jpg\",\"datePublished\":\"2026-05-11T11:42:13+00:00\",\"dateModified\":\"2026-05-11T19:23:45+00:00\",\"description\":\"Envie d'acheter Lisseur pour Boucler les Cheveux en C\u00e9ramique Wavio InnovaGoods 55 W\u00a0? Achetez Lisseur pour Boucler les Cheveux en C\u00e9ramique Wavio InnovaGoods 55 W maintenant avec Tupique en 3 versements sans int\u00e9r\u00eat.\",\"breadcrumb\":{\"@id\":\"https:\\\/\\\/tupique.com\\\/product\\\/lisseur-pour-boucler-les-cheveux-en-ceramique-wavio-innovagoods-55-w\\\/#breadcrumb\"},\"inLanguage\":\"pt-PT\",\"potentialAction\":[{\"@type\":\"ReadAction\",\"target\":[\"https:\\\/\\\/tupique.com\\\/product\\\/lisseur-pour-boucler-les-cheveux-en-ceramique-wavio-innovagoods-55-w\\\/\"]}]},{\"@type\":\"ImageObject\",\"inLanguage\":\"pt-PT\",\"@id\":\"https:\\\/\\\/tupique.com\\\/product\\\/lisseur-pour-boucler-les-cheveux-en-ceramique-wavio-innovagoods-55-w\\\/#primaryimage\",\"url\":\"https:\\\/\\\/tupique.com\\\/wp-content\\\/uploads\\\/2026\\\/05\\\/V0103294_000_MKT3.jpg\",\"contentUrl\":\"https:\\\/\\\/tupique.com\\\/wp-content\\\/uploads\\\/2026\\\/05\\\/V0103294_000_MKT3.jpg\",\"width\":1200,\"height\":1200,\"caption\":\"V0103294_0\"},{\"@type\":\"BreadcrumbList\",\"@id\":\"https:\\\/\\\/tupique.com\\\/product\\\/lisseur-pour-boucler-les-cheveux-en-ceramique-wavio-innovagoods-55-w\\\/#breadcrumb\",\"itemListElement\":[{\"@type\":\"ListItem\",\"position\":1,\"name\":\"commencer\",\"item\":\"https:\\\/\\\/tupique.com\\\/\"},{\"@type\":\"ListItem\",\"position\":2,\"name\":\"Loja\",\"item\":\"https:\\\/\\\/tupique.com\\\/pt\\\/loja\\\/\"},{\"@type\":\"ListItem\",\"position\":3,\"name\":\"Lisseur pour Boucler les Cheveux en C\u00e9ramique Wavio InnovaGoods 55 W\"}]},{\"@type\":\"WebSite\",\"@id\":\"https:\\\/\\\/tupique.com\\\/#website\",\"url\":\"https:\\\/\\\/tupique.com\\\/\",\"name\":\"Tupique\",\"description\":\"\",\"publisher\":{\"@id\":\"https:\\\/\\\/tupique.com\\\/#organization\"},\"potentialAction\":[{\"@type\":\"SearchAction\",\"target\":{\"@type\":\"EntryPoint\",\"urlTemplate\":\"https:\\\/\\\/tupique.com\\\/?s={search_term_string}\"},\"query-input\":{\"@type\":\"PropertyValueSpecification\",\"valueRequired\":true,\"valueName\":\"search_term_string\"}}],\"inLanguage\":\"pt-PT\"},{\"@type\":\"Organization\",\"@id\":\"https:\\\/\\\/tupique.com\\\/#organization\",\"name\":\"Tupique\",\"url\":\"https:\\\/\\\/tupique.com\\\/\",\"logo\":{\"@type\":\"ImageObject\",\"inLanguage\":\"pt-PT\",\"@id\":\"https:\\\/\\\/tupique.com\\\/#\\\/schema\\\/logo\\\/image\\\/\",\"url\":\"https:\\\/\\\/tupique.com\\\/wp-content\\\/uploads\\\/2026\\\/03\\\/logo-tupique-1.webp\",\"contentUrl\":\"https:\\\/\\\/tupique.com\\\/wp-content\\\/uploads\\\/2026\\\/03\\\/logo-tupique-1.webp\",\"width\":500,\"height\":67,\"caption\":\"Tupique\"},\"image\":{\"@id\":\"https:\\\/\\\/tupique.com\\\/#\\\/schema\\\/logo\\\/image\\\/\"}}]}<\/script>\n<!-- \/ Yoast SEO plugin. -->","yoast_head_json":{"title":"Lisseur pour Boucler les Cheveux en C\u00e9ramique Wavio InnovaGoods 55 W | | Tupique","description":"Envie d'acheter Lisseur pour Boucler les Cheveux en C\u00e9ramique Wavio InnovaGoods 55 W\u00a0? Achetez Lisseur pour Boucler les Cheveux en C\u00e9ramique Wavio InnovaGoods 55 W maintenant avec Tupique en 3 versements sans int\u00e9r\u00eat.","robots":{"index":"index","follow":"follow","max-snippet":"max-snippet:-1","max-image-preview":"max-image-preview:large","max-video-preview":"max-video-preview:-1"},"canonical":"https:\/\/tupique.com\/pt\/product\/lisseur-pour-boucler-les-cheveux-en-ceramique-wavio-innovagoods-55-w\/","og_locale":"pt_PT","og_type":"article","og_title":"Lisseur pour Boucler les Cheveux en C\u00e9ramique Wavio InnovaGoods 55 W | | Tupique","og_description":"Envie d'acheter Lisseur pour Boucler les Cheveux en C\u00e9ramique Wavio InnovaGoods 55 W\u00a0? Achetez Lisseur pour Boucler les Cheveux en C\u00e9ramique Wavio InnovaGoods 55 W maintenant avec Tupique en 3 versements sans int\u00e9r\u00eat.","og_url":"https:\/\/tupique.com\/pt\/product\/lisseur-pour-boucler-les-cheveux-en-ceramique-wavio-innovagoods-55-w\/","og_site_name":"Tupique","article_modified_time":"2026-05-11T19:23:45+00:00","og_image":[{"width":1200,"height":1200,"url":"https:\/\/tupique.com\/wp-content\/uploads\/2026\/05\/V0103294_000_MKT3.jpg","type":"image\/jpeg"}],"twitter_card":"summary_large_image","twitter_misc":{"Tempo estimado de leitura":"2 minutos"},"schema":{"@context":"https:\/\/schema.org","@graph":[{"@type":"WebPage","@id":"https:\/\/tupique.com\/product\/lisseur-pour-boucler-les-cheveux-en-ceramique-wavio-innovagoods-55-w\/","url":"https:\/\/tupique.com\/product\/lisseur-pour-boucler-les-cheveux-en-ceramique-wavio-innovagoods-55-w\/","name":"Lisseur pour Boucler les Cheveux en C\u00e9ramique Wavio InnovaGoods 55 W | | Tupique","isPartOf":{"@id":"https:\/\/tupique.com\/#website"},"primaryImageOfPage":{"@id":"https:\/\/tupique.com\/product\/lisseur-pour-boucler-les-cheveux-en-ceramique-wavio-innovagoods-55-w\/#primaryimage"},"image":{"@id":"https:\/\/tupique.com\/product\/lisseur-pour-boucler-les-cheveux-en-ceramique-wavio-innovagoods-55-w\/#primaryimage"},"thumbnailUrl":"https:\/\/tupique.com\/wp-content\/uploads\/2026\/05\/V0103294_000_MKT3.jpg","datePublished":"2026-05-11T11:42:13+00:00","dateModified":"2026-05-11T19:23:45+00:00","description":"Envie d'acheter Lisseur pour Boucler les Cheveux en C\u00e9ramique Wavio InnovaGoods 55 W\u00a0? Achetez Lisseur pour Boucler les Cheveux en C\u00e9ramique Wavio InnovaGoods 55 W maintenant avec Tupique en 3 versements sans int\u00e9r\u00eat.","breadcrumb":{"@id":"https:\/\/tupique.com\/product\/lisseur-pour-boucler-les-cheveux-en-ceramique-wavio-innovagoods-55-w\/#breadcrumb"},"inLanguage":"pt-PT","potentialAction":[{"@type":"ReadAction","target":["https:\/\/tupique.com\/product\/lisseur-pour-boucler-les-cheveux-en-ceramique-wavio-innovagoods-55-w\/"]}]},{"@type":"ImageObject","inLanguage":"pt-PT","@id":"https:\/\/tupique.com\/product\/lisseur-pour-boucler-les-cheveux-en-ceramique-wavio-innovagoods-55-w\/#primaryimage","url":"https:\/\/tupique.com\/wp-content\/uploads\/2026\/05\/V0103294_000_MKT3.jpg","contentUrl":"https:\/\/tupique.com\/wp-content\/uploads\/2026\/05\/V0103294_000_MKT3.jpg","width":1200,"height":1200,"caption":"V0103294_0"},{"@type":"BreadcrumbList","@id":"https:\/\/tupique.com\/product\/lisseur-pour-boucler-les-cheveux-en-ceramique-wavio-innovagoods-55-w\/#breadcrumb","itemListElement":[{"@type":"ListItem","position":1,"name":"commencer","item":"https:\/\/tupique.com\/"},{"@type":"ListItem","position":2,"name":"Loja","item":"https:\/\/tupique.com\/pt\/loja\/"},{"@type":"ListItem","position":3,"name":"Lisseur pour Boucler les Cheveux en C\u00e9ramique Wavio InnovaGoods 55 W"}]},{"@type":"WebSite","@id":"https:\/\/tupique.com\/#website","url":"https:\/\/tupique.com\/","name":"Tupique","description":"","publisher":{"@id":"https:\/\/tupique.com\/#organization"},"potentialAction":[{"@type":"SearchAction","target":{"@type":"EntryPoint","urlTemplate":"https:\/\/tupique.com\/?s={search_term_string}"},"query-input":{"@type":"PropertyValueSpecification","valueRequired":true,"valueName":"search_term_string"}}],"inLanguage":"pt-PT"},{"@type":"Organization","@id":"https:\/\/tupique.com\/#organization","name":"Tupique","url":"https:\/\/tupique.com\/","logo":{"@type":"ImageObject","inLanguage":"pt-PT","@id":"https:\/\/tupique.com\/#\/schema\/logo\/image\/","url":"https:\/\/tupique.com\/wp-content\/uploads\/2026\/03\/logo-tupique-1.webp","contentUrl":"https:\/\/tupique.com\/wp-content\/uploads\/2026\/03\/logo-tupique-1.webp","width":500,"height":67,"caption":"Tupique"},"image":{"@id":"https:\/\/tupique.com\/#\/schema\/logo\/image\/"}}]}},"_links":{"self":[{"href":"https:\/\/tupique.com\/pt\/wp-json\/wp\/v2\/product\/181102","targetHints":{"allow":["GET"]}}],"collection":[{"href":"https:\/\/tupique.com\/pt\/wp-json\/wp\/v2\/product"}],"about":[{"href":"https:\/\/tupique.com\/pt\/wp-json\/wp\/v2\/types\/product"}],"replies":[{"embeddable":true,"href":"https:\/\/tupique.com\/pt\/wp-json\/wp\/v2\/comments?post=181102"}],"wp:featuredmedia":[{"embeddable":true,"href":"https:\/\/tupique.com\/pt\/wp-json\/wp\/v2\/media\/181091"}],"wp:attachment":[{"href":"https:\/\/tupique.com\/pt\/wp-json\/wp\/v2\/media?parent=181102"}],"wp:term":[{"taxonomy":"product_brand","embeddable":true,"href":"https:\/\/tupique.com\/pt\/wp-json\/wp\/v2\/product_brand?post=181102"},{"taxonomy":"product_cat","embeddable":true,"href":"https:\/\/tupique.com\/pt\/wp-json\/wp\/v2\/product_cat?post=181102"},{"taxonomy":"product_tag","embeddable":true,"href":"https:\/\/tupique.com\/pt\/wp-json\/wp\/v2\/product_tag?post=181102"},{"taxonomy":"woo-feed-brand","embeddable":true,"href":"https:\/\/tupique.com\/pt\/wp-json\/wp\/v2\/woo-feed-brand?post=181102"}],"curies":[{"name":"wp","href":"https:\/\/api.w.org\/{rel}","templated":true}]}}