{"id":181167,"date":"2026-05-11T13:44:51","date_gmt":"2026-05-11T11:44:51","guid":{"rendered":"https:\/\/tupique.com\/product\/anneau-de-fitness-intelligent-reglable-avec-poids-fittehoop-innovagoods\/"},"modified":"2026-05-11T21:23:45","modified_gmt":"2026-05-11T19:23:45","slug":"anneau-de-fitness-intelligent-reglable-avec-poids-fittehoop-innovagoods","status":"publish","type":"product","link":"https:\/\/tupique.com\/pt\/product\/anneau-de-fitness-intelligent-reglable-avec-poids-fittehoop-innovagoods\/","title":{"rendered":"Anneau de Fitness Intelligent R\u00e9glable avec Poids Fittehoop InnovaGoods"},"content":{"rendered":"<div class=\"col-md-6\">Retrouvez la forme avec <b>InnovaGoods<\/b> gr\u00e2ce \u00e0 ses nouveaut\u00e9s en mati\u00e8re de sport et de fitness, comme <b>Anneau de Fitness Intelligent R\u00e9glable avec Poids Fittehoop InnovaGoods <\/b>! D\u00e9couvrez une vaste gamme de produits de qualit\u00e9 qui se d\u00e9marquent de par leur fonctionnalit\u00e9, leur efficacit\u00e9 et leur design innovant. Parfaits pour am\u00e9liorer votre silhouette et votre forme physique !<\/p>\n<p>Cet anneau de fitness intelligent r\u00e9glable avec poids est id\u00e9al pour faire de l\u00b4exercice et affiner la taille avec simplicit\u00e9 et un confort total,  afin de gagner de multiples b\u00e9n\u00e9fices. Ce r\u00e9sistant anneau de lestage fitness est ergonomique et multifonction, car il permet de vous entra\u00eener et de vous masser la ceinture en m\u00eame temps. Il est parfait pour fortifier et tonifier les muscles corporels tout en faisant du sport \u00e0 la maison. La ceinture est r\u00e9glable et d\u00e9montable, il comprend 24 pi\u00e8ces facilement d\u00e9montables pour s\u00b4adapter \u00e0 la taille souhait\u00e9e. Il dispose d\u00b4un connecteur avec fermeture de s\u00e9curit\u00e9 et des ressorts internes avec coussinets flexibles qui fournissent une fixation optimale, ils absorbent l\u00b4impact de la force motrice du tour et produisent un effet massant \u00e0 360\u00ba. Un accessoire de lestage est inclus( poid 280 gr) avec poulie et corde r\u00e9glable pour choisir la longueur souhait\u00e9e. Ce genre d\u00b4anneau ( auto-spinning est plus simple d\u00b4utilisation que les autres anneaux conventionnels , il est recommand\u00e9 pour les d\u00e9butants car il ne tombe pas durant son utilisation et vous pouvez augmenter la vitesse pour bruler plus de calories plus rapidement. En plus, il ne prend peu d\u00b4espace une fois qu\u00b4il est d\u00e9mont\u00e9, ce qui simplifie son transport et son rangement.<\/p>\n<ul>\n<li>Mat\u00e9riel: ABS<\/li>\n<li>Couleur:\n<ul>\n<li>Rouge<\/li>\n<li>Noir<\/li>\n<\/ul>\n<\/li>\n<li>Type: Anneau de Fitness Intelligent R\u00e9glable avec Poids<\/li>\n<li>Design innovant et fonctionnel: Ergonomique<\/li>\n<li>24 Pi\u00e8ces: Facile \u00e0 monter et \u00e0 d\u00e9monter<\/li>\n<li>Type de fermeture: Connecteur avec fermeture de s\u00e9curit\u00e9<\/li>\n<li>Flexible et adaptable: R\u00e9glable<\/li>\n<li>Auto-Spinning: Facilit\u00e9 d&#8217;utilisation<\/li>\n<li>Ressorts internes de massage: 360\u00ba<\/li>\n<li>Acc\u00e9ssoires de lestage (poid 280 gr): Poulie avec corde r\u00e9glable<\/li>\n<li>Multifonction:\n<ul>\n<li>Masseur<\/li>\n<li>Gymnase et entra\u00eenement<\/li>\n<\/ul>\n<\/li>\n<li>Effets b\u00e9n\u00e9fiques: Renforce et tonifie les muscles du corps.<\/li>\n<li>Dimensions approx.: 132 x 2,5 x 2,5 cm<\/li>\n<\/ul>\n<p>Packaging et manuel en 24 langues: anglais, fran\u00e7ais, espagnol, allemand, italien, portugais, n\u00e9erlandais, polonais, hongrois, roumain, danois, su\u00e9dois, finnois, lituanien, norv\u00e9gien, slov\u00e8ne, grec, tch\u00e8que, bulgare, croate, slovaque, estonien, russe, letton.<\/p><\/div>\n<div class=\"col-md-6\">\n<div class=\"embed-responsive embed-responsive-16by9\"><iframe class=\"embed-responsive-item\" src=\"https:\/\/www.youtube.com\/embed\/W_uhE5dqtHw\" frameborder=\"0\" allowfullscreen><\/iframe><\/div>\n<\/div>","protected":false},"excerpt":{"rendered":"<p>Retrouvez la forme avec InnovaGoods gr\u00e2ce \u00e0 ses nouveaut\u00e9s en mati\u00e8re de sport et de fitness, comme Anneau de Fitness Intelligent R\u00e9glable avec Poids Fittehoop InnovaGoods ! D\u00e9couvrez une vaste gamme de produits de qualit\u00e9 qui se d\u00e9marquent de par leur fonctionnalit\u00e9, leur efficacit\u00e9 et leur design innovant. Parfaits pour am\u00e9liorer votre silhouette et votre [&hellip;]<\/p>\n","protected":false},"featured_media":181157,"comment_status":"open","ping_status":"closed","template":"","meta":[],"product_brand":[256],"product_cat":[63,1831,1832,1777,1778,1764,1796],"product_tag":[1776,163,165],"woo-feed-brand":[],"class_list":{"0":"post-181167","1":"product","2":"type-product","3":"status-publish","4":"has-post-thumbnail","6":"product_brand-brandp_1281","7":"product_cat-cadeaux-originaux","8":"product_cat-cadeaux-pour-sportifs","9":"product_cat-equipements-sportifs","10":"product_cat-fitness","11":"product_cat-fitness-et-appareils-de-musculation","12":"product_cat-sports-loisirs","13":"product_cat-teleachat-vu-a-la-television","14":"product_tag-tag_1294","15":"product_tag-tag_17","16":"product_tag-tag_69","18":"first","19":"instock","20":"taxable","21":"shipping-taxable","22":"purchasable","23":"product-type-simple"},"yoast_head":"<!-- This site is optimized with the Yoast SEO plugin v27.6 - https:\/\/yoast.com\/product\/yoast-seo-wordpress\/ -->\n<title>Anneau de Fitness Intelligent R\u00e9glable avec Poids Fittehoop InnovaGoods | | Tupique<\/title>\n<meta name=\"description\" content=\"Envie d&#039;acheter Anneau de Fitness Intelligent R\u00e9glable avec Poids Fittehoop InnovaGoods\u00a0? Achetez Anneau de Fitness Intelligent R\u00e9glable avec Poids Fittehoop InnovaGoods maintenant avec Tupique en 3 versements sans int\u00e9r\u00eat.\" \/>\n<meta name=\"robots\" content=\"index, follow, max-snippet:-1, max-image-preview:large, max-video-preview:-1\" \/>\n<link rel=\"canonical\" href=\"https:\/\/tupique.com\/pt\/product\/anneau-de-fitness-intelligent-reglable-avec-poids-fittehoop-innovagoods\/\" \/>\n<meta property=\"og:locale\" content=\"pt_PT\" \/>\n<meta property=\"og:type\" content=\"article\" \/>\n<meta property=\"og:title\" content=\"Anneau de Fitness Intelligent R\u00e9glable avec Poids Fittehoop InnovaGoods | | Tupique\" \/>\n<meta property=\"og:description\" content=\"Envie d&#039;acheter Anneau de Fitness Intelligent R\u00e9glable avec Poids Fittehoop InnovaGoods\u00a0? Achetez Anneau de Fitness Intelligent R\u00e9glable avec Poids Fittehoop InnovaGoods maintenant avec Tupique en 3 versements sans int\u00e9r\u00eat.\" \/>\n<meta property=\"og:url\" content=\"https:\/\/tupique.com\/pt\/product\/anneau-de-fitness-intelligent-reglable-avec-poids-fittehoop-innovagoods\/\" \/>\n<meta property=\"og:site_name\" content=\"Tupique\" \/>\n<meta property=\"article:modified_time\" content=\"2026-05-11T19:23:45+00:00\" \/>\n<meta property=\"og:image\" content=\"https:\/\/tupique.com\/wp-content\/uploads\/2026\/05\/V0103318_000_MKT-v_14.jpg\" \/>\n\t<meta property=\"og:image:width\" content=\"1200\" \/>\n\t<meta property=\"og:image:height\" content=\"1200\" \/>\n\t<meta property=\"og:image:type\" content=\"image\/jpeg\" \/>\n<meta name=\"twitter:card\" content=\"summary_large_image\" \/>\n<meta name=\"twitter:label1\" content=\"Tempo estimado de leitura\" \/>\n\t<meta name=\"twitter:data1\" content=\"2 minutos\" \/>\n<script type=\"application\/ld+json\" class=\"yoast-schema-graph\">{\"@context\":\"https:\\\/\\\/schema.org\",\"@graph\":[{\"@type\":\"WebPage\",\"@id\":\"https:\\\/\\\/tupique.com\\\/pt\\\/product\\\/anneau-de-fitness-intelligent-reglable-avec-poids-fittehoop-innovagoods\\\/\",\"url\":\"https:\\\/\\\/tupique.com\\\/pt\\\/product\\\/anneau-de-fitness-intelligent-reglable-avec-poids-fittehoop-innovagoods\\\/\",\"name\":\"Anneau de Fitness Intelligent R\u00e9glable avec Poids Fittehoop InnovaGoods | | Tupique\",\"isPartOf\":{\"@id\":\"https:\\\/\\\/tupique.com\\\/#website\"},\"primaryImageOfPage\":{\"@id\":\"https:\\\/\\\/tupique.com\\\/pt\\\/product\\\/anneau-de-fitness-intelligent-reglable-avec-poids-fittehoop-innovagoods\\\/#primaryimage\"},\"image\":{\"@id\":\"https:\\\/\\\/tupique.com\\\/pt\\\/product\\\/anneau-de-fitness-intelligent-reglable-avec-poids-fittehoop-innovagoods\\\/#primaryimage\"},\"thumbnailUrl\":\"https:\\\/\\\/tupique.com\\\/wp-content\\\/uploads\\\/2026\\\/05\\\/V0103318_000_MKT-v_14.jpg\",\"datePublished\":\"2026-05-11T11:44:51+00:00\",\"dateModified\":\"2026-05-11T19:23:45+00:00\",\"description\":\"Envie d'acheter Anneau de Fitness Intelligent R\u00e9glable avec Poids Fittehoop InnovaGoods\u00a0? Achetez Anneau de Fitness Intelligent R\u00e9glable avec Poids Fittehoop InnovaGoods maintenant avec Tupique en 3 versements sans int\u00e9r\u00eat.\",\"breadcrumb\":{\"@id\":\"https:\\\/\\\/tupique.com\\\/pt\\\/product\\\/anneau-de-fitness-intelligent-reglable-avec-poids-fittehoop-innovagoods\\\/#breadcrumb\"},\"inLanguage\":\"pt-PT\",\"potentialAction\":[{\"@type\":\"ReadAction\",\"target\":[\"https:\\\/\\\/tupique.com\\\/pt\\\/product\\\/anneau-de-fitness-intelligent-reglable-avec-poids-fittehoop-innovagoods\\\/\"]}]},{\"@type\":\"ImageObject\",\"inLanguage\":\"pt-PT\",\"@id\":\"https:\\\/\\\/tupique.com\\\/pt\\\/product\\\/anneau-de-fitness-intelligent-reglable-avec-poids-fittehoop-innovagoods\\\/#primaryimage\",\"url\":\"https:\\\/\\\/tupique.com\\\/wp-content\\\/uploads\\\/2026\\\/05\\\/V0103318_000_MKT-v_14.jpg\",\"contentUrl\":\"https:\\\/\\\/tupique.com\\\/wp-content\\\/uploads\\\/2026\\\/05\\\/V0103318_000_MKT-v_14.jpg\",\"width\":1200,\"height\":1200,\"caption\":\"V0103318_0\"},{\"@type\":\"BreadcrumbList\",\"@id\":\"https:\\\/\\\/tupique.com\\\/pt\\\/product\\\/anneau-de-fitness-intelligent-reglable-avec-poids-fittehoop-innovagoods\\\/#breadcrumb\",\"itemListElement\":[{\"@type\":\"ListItem\",\"position\":1,\"name\":\"commencer\",\"item\":\"https:\\\/\\\/tupique.com\\\/\"},{\"@type\":\"ListItem\",\"position\":2,\"name\":\"Loja\",\"item\":\"https:\\\/\\\/tupique.com\\\/pt\\\/loja\\\/\"},{\"@type\":\"ListItem\",\"position\":3,\"name\":\"Anneau de Fitness Intelligent R\u00e9glable avec Poids Fittehoop InnovaGoods\"}]},{\"@type\":\"WebSite\",\"@id\":\"https:\\\/\\\/tupique.com\\\/#website\",\"url\":\"https:\\\/\\\/tupique.com\\\/\",\"name\":\"Tupique\",\"description\":\"\",\"publisher\":{\"@id\":\"https:\\\/\\\/tupique.com\\\/#organization\"},\"potentialAction\":[{\"@type\":\"SearchAction\",\"target\":{\"@type\":\"EntryPoint\",\"urlTemplate\":\"https:\\\/\\\/tupique.com\\\/?s={search_term_string}\"},\"query-input\":{\"@type\":\"PropertyValueSpecification\",\"valueRequired\":true,\"valueName\":\"search_term_string\"}}],\"inLanguage\":\"pt-PT\"},{\"@type\":\"Organization\",\"@id\":\"https:\\\/\\\/tupique.com\\\/#organization\",\"name\":\"Tupique\",\"url\":\"https:\\\/\\\/tupique.com\\\/\",\"logo\":{\"@type\":\"ImageObject\",\"inLanguage\":\"pt-PT\",\"@id\":\"https:\\\/\\\/tupique.com\\\/#\\\/schema\\\/logo\\\/image\\\/\",\"url\":\"https:\\\/\\\/tupique.com\\\/wp-content\\\/uploads\\\/2026\\\/03\\\/logo-tupique-1.webp\",\"contentUrl\":\"https:\\\/\\\/tupique.com\\\/wp-content\\\/uploads\\\/2026\\\/03\\\/logo-tupique-1.webp\",\"width\":500,\"height\":67,\"caption\":\"Tupique\"},\"image\":{\"@id\":\"https:\\\/\\\/tupique.com\\\/#\\\/schema\\\/logo\\\/image\\\/\"}}]}<\/script>\n<!-- \/ Yoast SEO plugin. -->","yoast_head_json":{"title":"Anneau de Fitness Intelligent R\u00e9glable avec Poids Fittehoop InnovaGoods | | Tupique","description":"Envie d'acheter Anneau de Fitness Intelligent R\u00e9glable avec Poids Fittehoop InnovaGoods\u00a0? Achetez Anneau de Fitness Intelligent R\u00e9glable avec Poids Fittehoop InnovaGoods maintenant avec Tupique en 3 versements sans int\u00e9r\u00eat.","robots":{"index":"index","follow":"follow","max-snippet":"max-snippet:-1","max-image-preview":"max-image-preview:large","max-video-preview":"max-video-preview:-1"},"canonical":"https:\/\/tupique.com\/pt\/product\/anneau-de-fitness-intelligent-reglable-avec-poids-fittehoop-innovagoods\/","og_locale":"pt_PT","og_type":"article","og_title":"Anneau de Fitness Intelligent R\u00e9glable avec Poids Fittehoop InnovaGoods | | Tupique","og_description":"Envie d'acheter Anneau de Fitness Intelligent R\u00e9glable avec Poids Fittehoop InnovaGoods\u00a0? Achetez Anneau de Fitness Intelligent R\u00e9glable avec Poids Fittehoop InnovaGoods maintenant avec Tupique en 3 versements sans int\u00e9r\u00eat.","og_url":"https:\/\/tupique.com\/pt\/product\/anneau-de-fitness-intelligent-reglable-avec-poids-fittehoop-innovagoods\/","og_site_name":"Tupique","article_modified_time":"2026-05-11T19:23:45+00:00","og_image":[{"width":1200,"height":1200,"url":"https:\/\/tupique.com\/wp-content\/uploads\/2026\/05\/V0103318_000_MKT-v_14.jpg","type":"image\/jpeg"}],"twitter_card":"summary_large_image","twitter_misc":{"Tempo estimado de leitura":"2 minutos"},"schema":{"@context":"https:\/\/schema.org","@graph":[{"@type":"WebPage","@id":"https:\/\/tupique.com\/pt\/product\/anneau-de-fitness-intelligent-reglable-avec-poids-fittehoop-innovagoods\/","url":"https:\/\/tupique.com\/pt\/product\/anneau-de-fitness-intelligent-reglable-avec-poids-fittehoop-innovagoods\/","name":"Anneau de Fitness Intelligent R\u00e9glable avec Poids Fittehoop InnovaGoods | | Tupique","isPartOf":{"@id":"https:\/\/tupique.com\/#website"},"primaryImageOfPage":{"@id":"https:\/\/tupique.com\/pt\/product\/anneau-de-fitness-intelligent-reglable-avec-poids-fittehoop-innovagoods\/#primaryimage"},"image":{"@id":"https:\/\/tupique.com\/pt\/product\/anneau-de-fitness-intelligent-reglable-avec-poids-fittehoop-innovagoods\/#primaryimage"},"thumbnailUrl":"https:\/\/tupique.com\/wp-content\/uploads\/2026\/05\/V0103318_000_MKT-v_14.jpg","datePublished":"2026-05-11T11:44:51+00:00","dateModified":"2026-05-11T19:23:45+00:00","description":"Envie d'acheter Anneau de Fitness Intelligent R\u00e9glable avec Poids Fittehoop InnovaGoods\u00a0? Achetez Anneau de Fitness Intelligent R\u00e9glable avec Poids Fittehoop InnovaGoods maintenant avec Tupique en 3 versements sans int\u00e9r\u00eat.","breadcrumb":{"@id":"https:\/\/tupique.com\/pt\/product\/anneau-de-fitness-intelligent-reglable-avec-poids-fittehoop-innovagoods\/#breadcrumb"},"inLanguage":"pt-PT","potentialAction":[{"@type":"ReadAction","target":["https:\/\/tupique.com\/pt\/product\/anneau-de-fitness-intelligent-reglable-avec-poids-fittehoop-innovagoods\/"]}]},{"@type":"ImageObject","inLanguage":"pt-PT","@id":"https:\/\/tupique.com\/pt\/product\/anneau-de-fitness-intelligent-reglable-avec-poids-fittehoop-innovagoods\/#primaryimage","url":"https:\/\/tupique.com\/wp-content\/uploads\/2026\/05\/V0103318_000_MKT-v_14.jpg","contentUrl":"https:\/\/tupique.com\/wp-content\/uploads\/2026\/05\/V0103318_000_MKT-v_14.jpg","width":1200,"height":1200,"caption":"V0103318_0"},{"@type":"BreadcrumbList","@id":"https:\/\/tupique.com\/pt\/product\/anneau-de-fitness-intelligent-reglable-avec-poids-fittehoop-innovagoods\/#breadcrumb","itemListElement":[{"@type":"ListItem","position":1,"name":"commencer","item":"https:\/\/tupique.com\/"},{"@type":"ListItem","position":2,"name":"Loja","item":"https:\/\/tupique.com\/pt\/loja\/"},{"@type":"ListItem","position":3,"name":"Anneau de Fitness Intelligent R\u00e9glable avec Poids Fittehoop InnovaGoods"}]},{"@type":"WebSite","@id":"https:\/\/tupique.com\/#website","url":"https:\/\/tupique.com\/","name":"Tupique","description":"","publisher":{"@id":"https:\/\/tupique.com\/#organization"},"potentialAction":[{"@type":"SearchAction","target":{"@type":"EntryPoint","urlTemplate":"https:\/\/tupique.com\/?s={search_term_string}"},"query-input":{"@type":"PropertyValueSpecification","valueRequired":true,"valueName":"search_term_string"}}],"inLanguage":"pt-PT"},{"@type":"Organization","@id":"https:\/\/tupique.com\/#organization","name":"Tupique","url":"https:\/\/tupique.com\/","logo":{"@type":"ImageObject","inLanguage":"pt-PT","@id":"https:\/\/tupique.com\/#\/schema\/logo\/image\/","url":"https:\/\/tupique.com\/wp-content\/uploads\/2026\/03\/logo-tupique-1.webp","contentUrl":"https:\/\/tupique.com\/wp-content\/uploads\/2026\/03\/logo-tupique-1.webp","width":500,"height":67,"caption":"Tupique"},"image":{"@id":"https:\/\/tupique.com\/#\/schema\/logo\/image\/"}}]}},"_links":{"self":[{"href":"https:\/\/tupique.com\/pt\/wp-json\/wp\/v2\/product\/181167","targetHints":{"allow":["GET"]}}],"collection":[{"href":"https:\/\/tupique.com\/pt\/wp-json\/wp\/v2\/product"}],"about":[{"href":"https:\/\/tupique.com\/pt\/wp-json\/wp\/v2\/types\/product"}],"replies":[{"embeddable":true,"href":"https:\/\/tupique.com\/pt\/wp-json\/wp\/v2\/comments?post=181167"}],"wp:featuredmedia":[{"embeddable":true,"href":"https:\/\/tupique.com\/pt\/wp-json\/wp\/v2\/media\/181157"}],"wp:attachment":[{"href":"https:\/\/tupique.com\/pt\/wp-json\/wp\/v2\/media?parent=181167"}],"wp:term":[{"taxonomy":"product_brand","embeddable":true,"href":"https:\/\/tupique.com\/pt\/wp-json\/wp\/v2\/product_brand?post=181167"},{"taxonomy":"product_cat","embeddable":true,"href":"https:\/\/tupique.com\/pt\/wp-json\/wp\/v2\/product_cat?post=181167"},{"taxonomy":"product_tag","embeddable":true,"href":"https:\/\/tupique.com\/pt\/wp-json\/wp\/v2\/product_tag?post=181167"},{"taxonomy":"woo-feed-brand","embeddable":true,"href":"https:\/\/tupique.com\/pt\/wp-json\/wp\/v2\/woo-feed-brand?post=181167"}],"curies":[{"name":"wp","href":"https:\/\/api.w.org\/{rel}","templated":true}]}}