{"id":181189,"date":"2026-05-11T13:45:29","date_gmt":"2026-05-11T11:45:29","guid":{"rendered":"https:\/\/tupique.com\/product\/seche-cheveux-brosse-soufflante-et-boucleur-3-en-1-dryple-innovagoods-550-w\/"},"modified":"2026-05-11T21:23:46","modified_gmt":"2026-05-11T19:23:46","slug":"seche-cheveux-brosse-soufflante-et-boucleur-3-en-1-dryple-innovagoods-550-w","status":"publish","type":"product","link":"https:\/\/tupique.com\/pt\/product\/seche-cheveux-brosse-soufflante-et-boucleur-3-en-1-dryple-innovagoods-550-w\/","title":{"rendered":"S\u00e8che-cheveux, Brosse Soufflante et Boucleur 3 en 1 Dryple InnovaGoods 550 W"},"content":{"rendered":"<div class=\"col-md-6\"><b>InnovaGoods<\/b> vous facilite la t\u00e2che pour que votre soin personnel soit une priorit\u00e9 sans excuses. Il vous propose les meilleures nouveaut\u00e9s en mati\u00e8re de beaut\u00e9, de d\u00e9tente et de bien-\u00eatre! <b>S\u00e8che-cheveux, Brosse Soufflante et Boucleur 3 en 1 Dryple InnovaGoods 550 W Wellness Beauty<\/b> en est un bon exemple! D\u00e9couvrez une vaste gamme de produits de qualit\u00e9 qui se d\u00e9marquent de par leur fonctionnalit\u00e9, leur efficacit\u00e9 et leur design innovant.<\/p>\n<p>Ler <b>s\u00e8che-cheveux,<br \/>\nbrosse coiffante et \u00e0 friser 3 en 1 Dryple InnovaGoods <\/b>s\u00e8che, ondule et<br \/>\nboucle les cheveux, leur apportant douceur, volume et brillance, sans<br \/>\nfrisottis. Il vous permet de cr\u00e9er facilement une <b>vari\u00e9t\u00e9 de coiffures avec un r\u00e9sultat professionnel sans quitter la<br \/>\nmaison<\/b>. Id\u00e9al pour changer de look tous les jours ou lors d\u2019occasions<br \/>\nsp\u00e9ciales sans avoir \u00e0 se rendre chez le coiffeur, ce qui permet d\u2019\u00e9conomiser efforts,<br \/>\ntemps et argent. Le <b>cadeau beaut\u00e9 <\/b>id\u00e9al pour celles qui se soucient de<br \/>\nleur image et prennent soin de leur apparence.<\/p>\n<p>Cette <b>brosse<br \/>\n\u00e0 air chaud automatique, <\/b>polyvalente et compl\u00e8te, s\u00e8che et coiffe les<br \/>\ncheveux en m\u00eame temps. Une solution simple et efficace pour cr\u00e9er des vagues ou<br \/>\ndes boucles avec du volume quand vous le souhaitez, facilement et rapidement<br \/>\ndans le confort de votre maison. Vous pouvez l\u2019utiliser au quotidien sur<br \/>\ncheveux humides ou sur cheveux secs pour cr\u00e9er et\/ou retoucher votre coiffure,<br \/>\nsans emm\u00ealer ni ab\u00eemer vos cheveux.<\/p>\n<p>Sa triple fonction d\u00e9veloppe la cr\u00e9ativit\u00e9<br \/>\npour des looks et des styles diff\u00e9rents. Sa <b>fonction de s\u00e9chage <\/b>agit comme<br \/>\nun <b>diffuseur volumateur<\/b>, de sorte qu\u2019il<br \/>\n<b>coiffe, s\u00e8che et donne du volume <\/b>aux<b> <\/b>cheveux. Sa <b>fonction de mise en forme <\/b>cr\u00e9e des <b>vagues douces et l\u00e9g\u00e8res<\/b>, donnant aux<br \/>\ncheveux un aspect souple et naturel. Sa <b>fonction<br \/>\nde bouclage <\/b>cr\u00e9e des <b>boucles nettes<br \/>\net d\u00e9finies<\/b>, donnant aux cheveux un aspect plus sophistiqu\u00e9.<\/p>\n<\/p>\n<ul>\n<li>Design original et<br \/>\nergonomique<\/li>\n<li><b>Brosse-s\u00e8che-cheveux \u00e9lectrique<\/b><\/li>\n<li><b>Multifonction 3 en 1<\/b>, triple<br \/>\nfonction<\/li>\n<li>Des looks diff\u00e9rents, des styles diff\u00e9rents<\/li>\n<li><b>Diffuseur qui donne du<br \/>\nvolume aux cheveux <\/b><\/li>\n<li><b>Coiffage, s\u00e9chage et volume<\/b><\/li>\n<li><b>Cheveux doux, souples,<br \/>\nbrillants et qui ont du volume<\/b><\/li>\n<li><b>Coiffure : ondulations<br \/>\ndouces et naturelles<\/b><\/li>\n<li><b>Fers \u00e0 friser : boucles nettes et d\u00e9finies<\/b><\/li>\n<li><b>3 niveaux de temp\u00e9rature <\/b>:<br \/>\n120-140-180 \u00b0C<\/li>\n<li><b>Tiges avec rev\u00eatement c\u00e9ramique<\/b><\/li>\n<li>Protection des<br \/>\ncheveux, n\u2019emm\u00eale pas et n\u2019ab\u00eeme pas les cheveux.<\/li>\n<li>Peut s\u2019utiliser<br \/>\nchaque jour, sur cheveux secs ou mouill\u00e9s.<\/li>\n<li>Convient \u00e0 tous les<br \/>\ntypes de cheveux, anti-frisottis<\/li>\n<li>Tr\u00e8s l\u00e9ger et<br \/>\nfacile \u00e0 utiliser : pratique et s\u00fbr<\/li>\n<li><b>C\u00e2ble rotatif extra-long \u00e0 360\u00b0 : environ 225 cm<\/b><\/li>\n<li><b>Puissance de 550 W<\/b>, transport et<br \/>\nrangement faciles<\/li>\n<\/ul>\n<p>Cette <b>brosse<br \/>\n\u00e0 cheveux \u00e9lectrique multifonction <\/b>innovante dispose de 3 r\u00e9glages de<br \/>\ntemp\u00e9rature pour un coiffage personnalis\u00e9 en fonction des pr\u00e9f\u00e9rences et du<br \/>\ntype de cheveux. Ses baguettes \u00e0 <b>rev\u00eatement<br \/>\nc\u00e9ramique <\/b>et son puissant flux d\u2019air continu \u00e0 chaleur contr\u00f4l\u00e9e assurent<br \/>\nune protection totale des cheveux et une r\u00e9partition uniforme de la chaleur<br \/>\n(pas de chaleur extr\u00eame). Le c\u00e2ble extra-long avec rotation \u00e0 360\u00b0 permet de l\u2019utiliser<br \/>\net de le d\u00e9placer facilement.<\/p>\n<p>Avec trois fonctions en un seul appareil,<br \/>\ncette <b>brosse-s\u00e8che-cheveux \u00e9lectrique <\/b>supprime<br \/>\nle besoin de brosses et de s\u00e8che-cheveux, ce qui permet de gagner de l\u2019espace<br \/>\nde rangement et de la prendre dans vos bagages. Elle est \u00e9galement tr\u00e8s facile<br \/>\n\u00e0 utiliser, il suffit de suivre les instructions du manuel.<\/p>\n<p>Pour <b>onduler<br \/>\nou friser les cheveux<\/b>, ins\u00e9rez une m\u00e8che de cheveux dans les dents de l\u2019appareil<br \/>\n\u00e0 partir de la racine, tenez doucement l\u2019appareil et faites-le tourner,<br \/>\nmaintenez les cheveux pendant plusieurs secondes, puis faites-le glisser<br \/>\nlentement vers la pointe des cheveux pour les lib\u00e9rer. Si vous souhaitez<br \/>\nobtenir une vague ou une boucle plus prononc\u00e9e, r\u00e9p\u00e9tez simplement l\u2019op\u00e9ration.<\/p>\n<p>Pour <b>s\u00e9cher<br \/>\nles cheveux <\/b>uniquement, ins\u00e9rez une m\u00e8che de cheveux dans les dents de la<br \/>\nt\u00eate \u00e0 partir de la racine, tenez doucement l\u2019appareil et, sans le tourner,<br \/>\nfaites-le glisser lentement vers la pointe des cheveux pour les lib\u00e9rer.<\/p>\n<\/p>\n<ul>\n<li>Mat\u00e9riel: ABS<\/li>\n<li>Couleur:\n<ul>\n<li>Blanc<\/li>\n<li>Gris<\/li>\n<\/ul>\n<\/li>\n<li>Design: Novateur et pratique<\/li>\n<li>Type: \u00c9lectrique<\/li>\n<li>Multifonction: 3-in-1<\/li>\n<li>S\u00e8che-cheveux:\n<ul>\n<li>Diffuseur volumateur capillaire<\/li>\n<li>Peigne, s\u00e8che et donne du volume<\/li>\n<\/ul>\n<\/li>\n<li>Brosse soufflante: Ondes douces<\/li>\n<li>Fer \u00e0 friser: Boucles fortes et d\u00e9finies<\/li>\n<li>3 niveaux de temp\u00e9rature: 120-140-180 \u00baC<\/li>\n<li>Baguettes \u00e0 rev\u00eatement c\u00e9ramique: il n\u00b4emm\u00eale pas et n\u00b4endommage pas les cheveux<\/li>\n<li>C\u00e2ble rotatif 360\u00ba: Utilisation pratique et simple<\/li>\n<li>L\u00e9ger et maniable: Facile \u00e0 transporter et \u00e0 ranger<\/li>\n<li>Type de prise: C<\/li>\n<li>C\u00e2ble extra long: 225 cm<\/li>\n<li>puissance: 550 W<\/li>\n<li>AC In: 220-240 V \/ 50-60 Hz<\/li>\n<li>Dimensions approx.: \u00d86 x 30 cm<\/li>\n<li>Packaging et manuel en 24 langues: anglais, fran\u00e7ais, espagnol, allemand, italien, portugais, n\u00e9erlandais, polonais, hongrois, roumain, danois, su\u00e9dois, finnois, lituanien, norv\u00e9gien, slov\u00e8ne, grec, tch\u00e8que, bulgare, croate, slovaque, estonien, russe, letton<\/li>\n<\/ul>\n<p>Packaging et manuel en 24 langues: anglais, fran\u00e7ais, espagnol, allemand, italien, portugais, n\u00e9erlandais, polonais, hongrois, roumain, danois, su\u00e9dois, finnois, lituanien, norv\u00e9gien, slov\u00e8ne, grec, tch\u00e8que, bulgare, croate, slovaque, estonien, russe, letton.<\/p><\/div>\n<div class=\"col-md-6\">\n<div class=\"embed-responsive embed-responsive-16by9\"><iframe class=\"embed-responsive-item\" src=\"https:\/\/www.youtube.com\/embed\/ZvtxZcEfZAg\" frameborder=\"0\" allowfullscreen><\/iframe><\/div>\n<\/div>","protected":false},"excerpt":{"rendered":"<p>InnovaGoods vous facilite la t\u00e2che pour que votre soin personnel soit une priorit\u00e9 sans excuses. Il vous propose les meilleures nouveaut\u00e9s en mati\u00e8re de beaut\u00e9, de d\u00e9tente et de bien-\u00eatre! S\u00e8che-cheveux, Brosse Soufflante et Boucleur 3 en 1 Dryple InnovaGoods 550 W Wellness Beauty en est un bon exemple! D\u00e9couvrez une vaste gamme de produits [&hellip;]<\/p>\n","protected":false},"featured_media":181176,"comment_status":"open","ping_status":"closed","template":"","meta":[],"product_brand":[256],"product_cat":[63,550,1825,753,754,1145,752,1826,1065,1796],"product_tag":[722,56],"woo-feed-brand":[],"class_list":{"0":"post-181189","1":"product","2":"type-product","3":"status-publish","4":"has-post-thumbnail","6":"product_brand-brandp_1281","7":"product_cat-cadeaux-originaux","8":"product_cat-cadeaux-pour-femme","9":"product_cat-cadeaux-pour-soins-personnels","10":"product_cat-coiffure","11":"product_cat-lisseurs-pour-cheveux","12":"product_cat-peignes-et-brosses","13":"product_cat-sante-beaute","14":"product_cat-teleachat-vu-a-la-television-sante-et-beaute-teleshop","15":"product_cat-seche-cheveux","16":"product_cat-teleachat-vu-a-la-television","17":"product_tag-tag_923","18":"product_tag-tag_930","20":"first","21":"instock","22":"taxable","23":"shipping-taxable","24":"purchasable","25":"product-type-simple"},"yoast_head":"<!-- This site is optimized with the Yoast SEO plugin v27.6 - https:\/\/yoast.com\/product\/yoast-seo-wordpress\/ -->\n<title>S\u00e8che-cheveux, Brosse Soufflante et Boucleur 3 en 1 Dryple InnovaGoods 550 W | | Tupique<\/title>\n<meta name=\"description\" content=\"Envie d&#039;acheter S\u00e8che-cheveux, Brosse Soufflante et Boucleur 3 en 1 Dryple InnovaGoods 550 W\u00a0? Achetez S\u00e8che-cheveux, Brosse Soufflante et Boucleur 3 en 1 Dryple InnovaGoods 550 W maintenant avec Tupique en 3 versements sans int\u00e9r\u00eat.\" \/>\n<meta name=\"robots\" content=\"index, follow, max-snippet:-1, max-image-preview:large, max-video-preview:-1\" \/>\n<link rel=\"canonical\" href=\"https:\/\/tupique.com\/pt\/product\/seche-cheveux-brosse-soufflante-et-boucleur-3-en-1-dryple-innovagoods-550-w\/\" \/>\n<meta property=\"og:locale\" content=\"pt_PT\" \/>\n<meta property=\"og:type\" content=\"article\" \/>\n<meta property=\"og:title\" content=\"S\u00e8che-cheveux, Brosse Soufflante et Boucleur 3 en 1 Dryple InnovaGoods 550 W | | Tupique\" \/>\n<meta property=\"og:description\" content=\"Envie d&#039;acheter S\u00e8che-cheveux, Brosse Soufflante et Boucleur 3 en 1 Dryple InnovaGoods 550 W\u00a0? Achetez S\u00e8che-cheveux, Brosse Soufflante et Boucleur 3 en 1 Dryple InnovaGoods 550 W maintenant avec Tupique en 3 versements sans int\u00e9r\u00eat.\" \/>\n<meta property=\"og:url\" content=\"https:\/\/tupique.com\/pt\/product\/seche-cheveux-brosse-soufflante-et-boucleur-3-en-1-dryple-innovagoods-550-w\/\" \/>\n<meta property=\"og:site_name\" content=\"Tupique\" \/>\n<meta property=\"article:modified_time\" content=\"2026-05-11T19:23:46+00:00\" \/>\n<meta property=\"og:image\" content=\"https:\/\/tupique.com\/wp-content\/uploads\/2026\/05\/8435527818821_V0103343_000_MKT5.jpg\" \/>\n\t<meta property=\"og:image:width\" content=\"1200\" \/>\n\t<meta property=\"og:image:height\" content=\"1200\" \/>\n\t<meta property=\"og:image:type\" content=\"image\/jpeg\" \/>\n<meta name=\"twitter:card\" content=\"summary_large_image\" \/>\n<meta name=\"twitter:label1\" content=\"Tempo estimado de leitura\" \/>\n\t<meta name=\"twitter:data1\" content=\"4 minutos\" \/>\n<script type=\"application\/ld+json\" class=\"yoast-schema-graph\">{\"@context\":\"https:\\\/\\\/schema.org\",\"@graph\":[{\"@type\":\"WebPage\",\"@id\":\"https:\\\/\\\/tupique.com\\\/pt\\\/product\\\/seche-cheveux-brosse-soufflante-et-boucleur-3-en-1-dryple-innovagoods-550-w\\\/\",\"url\":\"https:\\\/\\\/tupique.com\\\/pt\\\/product\\\/seche-cheveux-brosse-soufflante-et-boucleur-3-en-1-dryple-innovagoods-550-w\\\/\",\"name\":\"S\u00e8che-cheveux, Brosse Soufflante et Boucleur 3 en 1 Dryple InnovaGoods 550 W | | Tupique\",\"isPartOf\":{\"@id\":\"https:\\\/\\\/tupique.com\\\/#website\"},\"primaryImageOfPage\":{\"@id\":\"https:\\\/\\\/tupique.com\\\/pt\\\/product\\\/seche-cheveux-brosse-soufflante-et-boucleur-3-en-1-dryple-innovagoods-550-w\\\/#primaryimage\"},\"image\":{\"@id\":\"https:\\\/\\\/tupique.com\\\/pt\\\/product\\\/seche-cheveux-brosse-soufflante-et-boucleur-3-en-1-dryple-innovagoods-550-w\\\/#primaryimage\"},\"thumbnailUrl\":\"https:\\\/\\\/tupique.com\\\/wp-content\\\/uploads\\\/2026\\\/05\\\/8435527818821_V0103343_000_MKT5.jpg\",\"datePublished\":\"2026-05-11T11:45:29+00:00\",\"dateModified\":\"2026-05-11T19:23:46+00:00\",\"description\":\"Envie d'acheter S\u00e8che-cheveux, Brosse Soufflante et Boucleur 3 en 1 Dryple InnovaGoods 550 W\u00a0? Achetez S\u00e8che-cheveux, Brosse Soufflante et Boucleur 3 en 1 Dryple InnovaGoods 550 W maintenant avec Tupique en 3 versements sans int\u00e9r\u00eat.\",\"breadcrumb\":{\"@id\":\"https:\\\/\\\/tupique.com\\\/pt\\\/product\\\/seche-cheveux-brosse-soufflante-et-boucleur-3-en-1-dryple-innovagoods-550-w\\\/#breadcrumb\"},\"inLanguage\":\"pt-PT\",\"potentialAction\":[{\"@type\":\"ReadAction\",\"target\":[\"https:\\\/\\\/tupique.com\\\/pt\\\/product\\\/seche-cheveux-brosse-soufflante-et-boucleur-3-en-1-dryple-innovagoods-550-w\\\/\"]}]},{\"@type\":\"ImageObject\",\"inLanguage\":\"pt-PT\",\"@id\":\"https:\\\/\\\/tupique.com\\\/pt\\\/product\\\/seche-cheveux-brosse-soufflante-et-boucleur-3-en-1-dryple-innovagoods-550-w\\\/#primaryimage\",\"url\":\"https:\\\/\\\/tupique.com\\\/wp-content\\\/uploads\\\/2026\\\/05\\\/8435527818821_V0103343_000_MKT5.jpg\",\"contentUrl\":\"https:\\\/\\\/tupique.com\\\/wp-content\\\/uploads\\\/2026\\\/05\\\/8435527818821_V0103343_000_MKT5.jpg\",\"width\":1200,\"height\":1200,\"caption\":\"V0103343_0\"},{\"@type\":\"BreadcrumbList\",\"@id\":\"https:\\\/\\\/tupique.com\\\/pt\\\/product\\\/seche-cheveux-brosse-soufflante-et-boucleur-3-en-1-dryple-innovagoods-550-w\\\/#breadcrumb\",\"itemListElement\":[{\"@type\":\"ListItem\",\"position\":1,\"name\":\"commencer\",\"item\":\"https:\\\/\\\/tupique.com\\\/\"},{\"@type\":\"ListItem\",\"position\":2,\"name\":\"Loja\",\"item\":\"https:\\\/\\\/tupique.com\\\/pt\\\/loja\\\/\"},{\"@type\":\"ListItem\",\"position\":3,\"name\":\"S\u00e8che-cheveux, Brosse Soufflante et Boucleur 3 en 1 Dryple InnovaGoods 550 W\"}]},{\"@type\":\"WebSite\",\"@id\":\"https:\\\/\\\/tupique.com\\\/#website\",\"url\":\"https:\\\/\\\/tupique.com\\\/\",\"name\":\"Tupique\",\"description\":\"\",\"publisher\":{\"@id\":\"https:\\\/\\\/tupique.com\\\/#organization\"},\"potentialAction\":[{\"@type\":\"SearchAction\",\"target\":{\"@type\":\"EntryPoint\",\"urlTemplate\":\"https:\\\/\\\/tupique.com\\\/?s={search_term_string}\"},\"query-input\":{\"@type\":\"PropertyValueSpecification\",\"valueRequired\":true,\"valueName\":\"search_term_string\"}}],\"inLanguage\":\"pt-PT\"},{\"@type\":\"Organization\",\"@id\":\"https:\\\/\\\/tupique.com\\\/#organization\",\"name\":\"Tupique\",\"url\":\"https:\\\/\\\/tupique.com\\\/\",\"logo\":{\"@type\":\"ImageObject\",\"inLanguage\":\"pt-PT\",\"@id\":\"https:\\\/\\\/tupique.com\\\/#\\\/schema\\\/logo\\\/image\\\/\",\"url\":\"https:\\\/\\\/tupique.com\\\/wp-content\\\/uploads\\\/2026\\\/03\\\/logo-tupique-1.webp\",\"contentUrl\":\"https:\\\/\\\/tupique.com\\\/wp-content\\\/uploads\\\/2026\\\/03\\\/logo-tupique-1.webp\",\"width\":500,\"height\":67,\"caption\":\"Tupique\"},\"image\":{\"@id\":\"https:\\\/\\\/tupique.com\\\/#\\\/schema\\\/logo\\\/image\\\/\"}}]}<\/script>\n<!-- \/ Yoast SEO plugin. -->","yoast_head_json":{"title":"S\u00e8che-cheveux, Brosse Soufflante et Boucleur 3 en 1 Dryple InnovaGoods 550 W | | Tupique","description":"Envie d'acheter S\u00e8che-cheveux, Brosse Soufflante et Boucleur 3 en 1 Dryple InnovaGoods 550 W\u00a0? Achetez S\u00e8che-cheveux, Brosse Soufflante et Boucleur 3 en 1 Dryple InnovaGoods 550 W maintenant avec Tupique en 3 versements sans int\u00e9r\u00eat.","robots":{"index":"index","follow":"follow","max-snippet":"max-snippet:-1","max-image-preview":"max-image-preview:large","max-video-preview":"max-video-preview:-1"},"canonical":"https:\/\/tupique.com\/pt\/product\/seche-cheveux-brosse-soufflante-et-boucleur-3-en-1-dryple-innovagoods-550-w\/","og_locale":"pt_PT","og_type":"article","og_title":"S\u00e8che-cheveux, Brosse Soufflante et Boucleur 3 en 1 Dryple InnovaGoods 550 W | | Tupique","og_description":"Envie d'acheter S\u00e8che-cheveux, Brosse Soufflante et Boucleur 3 en 1 Dryple InnovaGoods 550 W\u00a0? Achetez S\u00e8che-cheveux, Brosse Soufflante et Boucleur 3 en 1 Dryple InnovaGoods 550 W maintenant avec Tupique en 3 versements sans int\u00e9r\u00eat.","og_url":"https:\/\/tupique.com\/pt\/product\/seche-cheveux-brosse-soufflante-et-boucleur-3-en-1-dryple-innovagoods-550-w\/","og_site_name":"Tupique","article_modified_time":"2026-05-11T19:23:46+00:00","og_image":[{"width":1200,"height":1200,"url":"https:\/\/tupique.com\/wp-content\/uploads\/2026\/05\/8435527818821_V0103343_000_MKT5.jpg","type":"image\/jpeg"}],"twitter_card":"summary_large_image","twitter_misc":{"Tempo estimado de leitura":"4 minutos"},"schema":{"@context":"https:\/\/schema.org","@graph":[{"@type":"WebPage","@id":"https:\/\/tupique.com\/pt\/product\/seche-cheveux-brosse-soufflante-et-boucleur-3-en-1-dryple-innovagoods-550-w\/","url":"https:\/\/tupique.com\/pt\/product\/seche-cheveux-brosse-soufflante-et-boucleur-3-en-1-dryple-innovagoods-550-w\/","name":"S\u00e8che-cheveux, Brosse Soufflante et Boucleur 3 en 1 Dryple InnovaGoods 550 W | | Tupique","isPartOf":{"@id":"https:\/\/tupique.com\/#website"},"primaryImageOfPage":{"@id":"https:\/\/tupique.com\/pt\/product\/seche-cheveux-brosse-soufflante-et-boucleur-3-en-1-dryple-innovagoods-550-w\/#primaryimage"},"image":{"@id":"https:\/\/tupique.com\/pt\/product\/seche-cheveux-brosse-soufflante-et-boucleur-3-en-1-dryple-innovagoods-550-w\/#primaryimage"},"thumbnailUrl":"https:\/\/tupique.com\/wp-content\/uploads\/2026\/05\/8435527818821_V0103343_000_MKT5.jpg","datePublished":"2026-05-11T11:45:29+00:00","dateModified":"2026-05-11T19:23:46+00:00","description":"Envie d'acheter S\u00e8che-cheveux, Brosse Soufflante et Boucleur 3 en 1 Dryple InnovaGoods 550 W\u00a0? Achetez S\u00e8che-cheveux, Brosse Soufflante et Boucleur 3 en 1 Dryple InnovaGoods 550 W maintenant avec Tupique en 3 versements sans int\u00e9r\u00eat.","breadcrumb":{"@id":"https:\/\/tupique.com\/pt\/product\/seche-cheveux-brosse-soufflante-et-boucleur-3-en-1-dryple-innovagoods-550-w\/#breadcrumb"},"inLanguage":"pt-PT","potentialAction":[{"@type":"ReadAction","target":["https:\/\/tupique.com\/pt\/product\/seche-cheveux-brosse-soufflante-et-boucleur-3-en-1-dryple-innovagoods-550-w\/"]}]},{"@type":"ImageObject","inLanguage":"pt-PT","@id":"https:\/\/tupique.com\/pt\/product\/seche-cheveux-brosse-soufflante-et-boucleur-3-en-1-dryple-innovagoods-550-w\/#primaryimage","url":"https:\/\/tupique.com\/wp-content\/uploads\/2026\/05\/8435527818821_V0103343_000_MKT5.jpg","contentUrl":"https:\/\/tupique.com\/wp-content\/uploads\/2026\/05\/8435527818821_V0103343_000_MKT5.jpg","width":1200,"height":1200,"caption":"V0103343_0"},{"@type":"BreadcrumbList","@id":"https:\/\/tupique.com\/pt\/product\/seche-cheveux-brosse-soufflante-et-boucleur-3-en-1-dryple-innovagoods-550-w\/#breadcrumb","itemListElement":[{"@type":"ListItem","position":1,"name":"commencer","item":"https:\/\/tupique.com\/"},{"@type":"ListItem","position":2,"name":"Loja","item":"https:\/\/tupique.com\/pt\/loja\/"},{"@type":"ListItem","position":3,"name":"S\u00e8che-cheveux, Brosse Soufflante et Boucleur 3 en 1 Dryple InnovaGoods 550 W"}]},{"@type":"WebSite","@id":"https:\/\/tupique.com\/#website","url":"https:\/\/tupique.com\/","name":"Tupique","description":"","publisher":{"@id":"https:\/\/tupique.com\/#organization"},"potentialAction":[{"@type":"SearchAction","target":{"@type":"EntryPoint","urlTemplate":"https:\/\/tupique.com\/?s={search_term_string}"},"query-input":{"@type":"PropertyValueSpecification","valueRequired":true,"valueName":"search_term_string"}}],"inLanguage":"pt-PT"},{"@type":"Organization","@id":"https:\/\/tupique.com\/#organization","name":"Tupique","url":"https:\/\/tupique.com\/","logo":{"@type":"ImageObject","inLanguage":"pt-PT","@id":"https:\/\/tupique.com\/#\/schema\/logo\/image\/","url":"https:\/\/tupique.com\/wp-content\/uploads\/2026\/03\/logo-tupique-1.webp","contentUrl":"https:\/\/tupique.com\/wp-content\/uploads\/2026\/03\/logo-tupique-1.webp","width":500,"height":67,"caption":"Tupique"},"image":{"@id":"https:\/\/tupique.com\/#\/schema\/logo\/image\/"}}]}},"_links":{"self":[{"href":"https:\/\/tupique.com\/pt\/wp-json\/wp\/v2\/product\/181189","targetHints":{"allow":["GET"]}}],"collection":[{"href":"https:\/\/tupique.com\/pt\/wp-json\/wp\/v2\/product"}],"about":[{"href":"https:\/\/tupique.com\/pt\/wp-json\/wp\/v2\/types\/product"}],"replies":[{"embeddable":true,"href":"https:\/\/tupique.com\/pt\/wp-json\/wp\/v2\/comments?post=181189"}],"wp:featuredmedia":[{"embeddable":true,"href":"https:\/\/tupique.com\/pt\/wp-json\/wp\/v2\/media\/181176"}],"wp:attachment":[{"href":"https:\/\/tupique.com\/pt\/wp-json\/wp\/v2\/media?parent=181189"}],"wp:term":[{"taxonomy":"product_brand","embeddable":true,"href":"https:\/\/tupique.com\/pt\/wp-json\/wp\/v2\/product_brand?post=181189"},{"taxonomy":"product_cat","embeddable":true,"href":"https:\/\/tupique.com\/pt\/wp-json\/wp\/v2\/product_cat?post=181189"},{"taxonomy":"product_tag","embeddable":true,"href":"https:\/\/tupique.com\/pt\/wp-json\/wp\/v2\/product_tag?post=181189"},{"taxonomy":"woo-feed-brand","embeddable":true,"href":"https:\/\/tupique.com\/pt\/wp-json\/wp\/v2\/woo-feed-brand?post=181189"}],"curies":[{"name":"wp","href":"https:\/\/api.w.org\/{rel}","templated":true}]}}