{"id":181216,"date":"2026-05-11T13:46:08","date_gmt":"2026-05-11T11:46:08","guid":{"rendered":"https:\/\/tupique.com\/product\/cable-usb-a-vers-usb-b-startech-usb2hab5m-noir\/"},"modified":"2026-05-11T21:18:59","modified_gmt":"2026-05-11T19:18:59","slug":"cable-usb-a-vers-usb-b-startech-usb2hab5m-noir","status":"publish","type":"product","link":"https:\/\/tupique.com\/pt\/product\/cable-usb-a-vers-usb-b-startech-usb2hab5m-noir\/","title":{"rendered":"C\u00e2ble USB A vers USB B Startech USB2HAB5M            Noir"},"content":{"rendered":"<p>Si vous \u00eates passionn\u00e9 d&#8217;<b>informatique et d&#8217;\u00e9lectronique<\/b>, si vous \u00eates \u00e0 la pointe de la technologie et qu&#8217;aucun d\u00e9tail ne vous \u00e9chappe, achetez <b>C\u00e2ble USB A vers USB B Startech USB2HAB5M            Noir<\/b> au meilleur prix.<\/p>\n<p>Ler <b>USB2HAB5M<\/b> de Startech est un <b>c\u00e2ble USB A vers USB B<\/b> con\u00e7u pour connecter des p\u00e9riph\u00e9riques USB 2.0 \u00e0 des ordinateurs avec une transmission de donn\u00e9es fiable et stable. Ce c\u00e2ble dispose de connecteurs <b>USB type A m\u00e2le<\/b> e <b>USB type B m\u00e2le<\/b>, assurant une compatibilit\u00e9 optimale avec des appareils tels que les imprimantes, scanners et disques durs externes, courants en environnement professionnel ou domestique n\u00e9cessitant une connexion directe et rapide. Fabriqu\u00e9 avec une gaine en <b>PVC noir<\/b> et prot\u00e9g\u00e9 int\u00e9rieurement par un <b>papier aluminium<\/b>, il garantit durabilit\u00e9 et protection contre les interf\u00e9rences \u00e9lectromagn\u00e9tiques, optimisant ainsi l\u2019int\u00e9grit\u00e9 du signal. Sa longueur de <b>5 m\u00e8tres<\/b> offre une flexibilit\u00e9 suffisante pour connecter des \u00e9quipements \u00e9loign\u00e9s sans perte de qualit\u00e9 de transmission, id\u00e9al pour des configurations demandant mobilit\u00e9 ou espace entre les appareils. Il supporte la norme <b>USB 2.0<\/b> avec un d\u00e9bit maximal de transfert jusqu\u2019\u00e0 <b>0,48 Gbit\/s<\/b>, adapt\u00e9 \u00e0 la plupart des p\u00e9riph\u00e9riques aux besoins mod\u00e9r\u00e9s en bande passante, offrant un bon \u00e9quilibre entre performance et stabilit\u00e9 de connexion. Ce c\u00e2ble respecte des standards reconnus, constituant une solution pratique et fonctionnelle pour les utilisateurs n\u00e9cessitant une connexion fiable \u00e0 leurs p\u00e9riph\u00e9riques USB avec la garantie et la qualit\u00e9 de la marque Startech. En r\u00e9sum\u00e9, le USB2HAB5M est un accessoire essentiel combinant robustesse, compatibilit\u00e9 et longueur adapt\u00e9e pour connecter efficacement et en toute s\u00e9curit\u00e9 des appareils USB 2.0.<\/p>\n<ul>\n<li>Connexions:\n<ul>\n<li>USB-A<\/li>\n<li>USB B<\/li>\n<li>USB 2.0<\/li>\n<li>USB<\/li>\n<li>SATA<\/li>\n<li>USB A 2.0<\/li>\n<\/ul>\n<\/li>\n<li>Type: Prise M\u00e2le<\/li>\n<li>Couleur: Noir<\/li>\n<li>Mati\u00e8re:\n<ul>\n<li>PVC<\/li>\n<li>Feuille d\u2019aluminium<\/li>\n<\/ul>\n<\/li>\n<li>Longueur du c\u00e2ble: 5 m<\/li>\n<li>Transmission de donn\u00e9es: 480 MBit\/s<\/li>\n<li>Tension: 240 V<\/li>\n<li>Compatible: Imprimante<\/li>\n<li>Caract\u00e9ristiques: Plug and play<\/li>\n<li>Certificat: RoHS<\/li>\n<li>Poids: 160 g<\/li>\n<li>Facteur de forme: Straight<\/li>\n<\/ul>","protected":false},"excerpt":{"rendered":"<p>Si vous \u00eates passionn\u00e9 d&#8217;informatique et d&#8217;\u00e9lectronique, si vous \u00eates \u00e0 la pointe de la technologie et qu&#8217;aucun d\u00e9tail ne vous \u00e9chappe, achetez C\u00e2ble USB A vers USB B Startech USB2HAB5M Noir au meilleur prix. Le USB2HAB5M de Startech est un c\u00e2ble USB A vers USB B con\u00e7u pour connecter des p\u00e9riph\u00e9riques USB 2.0 \u00e0 [&hellip;]<\/p>\n","protected":false},"featured_media":181213,"comment_status":"open","ping_status":"closed","template":"","meta":[],"product_brand":[634],"product_cat":[1765,2194,1764],"product_tag":[210],"class_list":{"0":"post-181216","1":"product","2":"type-product","3":"status-publish","4":"has-post-thumbnail","6":"product_brand-brandp_4771","7":"product_cat-accessoires-pour-voitures","8":"product_cat-capteurs-et-electronique-automobiles","9":"product_cat-sports-loisirs","10":"product_tag-tag_25","12":"first","13":"instock","14":"taxable","15":"shipping-taxable","16":"purchasable","17":"product-type-simple"},"yoast_head":"<!-- This site is optimized with the Yoast SEO plugin v27.5 - https:\/\/yoast.com\/product\/yoast-seo-wordpress\/ -->\n<title>C\u00e2ble USB A vers USB B Startech USB2HAB5M      Noir - Tupique<\/title>\n<meta name=\"robots\" content=\"index, follow, max-snippet:-1, max-image-preview:large, max-video-preview:-1\" \/>\n<link rel=\"canonical\" href=\"https:\/\/tupique.com\/pt\/product\/cable-usb-a-vers-usb-b-startech-usb2hab5m-noir\/\" \/>\n<meta property=\"og:locale\" content=\"pt_PT\" \/>\n<meta property=\"og:type\" content=\"article\" \/>\n<meta property=\"og:title\" content=\"C\u00e2ble USB A vers USB B Startech USB2HAB5M      Noir - Tupique\" \/>\n<meta property=\"og:description\" content=\"Si vous \u00eates passionn\u00e9 d&#8217;informatique et d&#8217;\u00e9lectronique, si vous \u00eates \u00e0 la pointe de la technologie et qu&#8217;aucun d\u00e9tail ne vous \u00e9chappe, achetez C\u00e2ble USB A vers USB B Startech USB2HAB5M Noir au meilleur prix. Le USB2HAB5M de Startech est un c\u00e2ble USB A vers USB B con\u00e7u pour connecter des p\u00e9riph\u00e9riques USB 2.0 \u00e0 [&hellip;]\" \/>\n<meta property=\"og:url\" content=\"https:\/\/tupique.com\/pt\/product\/cable-usb-a-vers-usb-b-startech-usb2hab5m-noir\/\" \/>\n<meta property=\"og:site_name\" content=\"Tupique\" \/>\n<meta property=\"article:modified_time\" content=\"2026-05-11T19:18:59+00:00\" \/>\n<meta name=\"twitter:card\" content=\"summary_large_image\" \/>\n<meta name=\"twitter:label1\" content=\"Tempo estimado de leitura\" \/>\n\t<meta name=\"twitter:data1\" content=\"2 minutos\" \/>\n<script type=\"application\/ld+json\" class=\"yoast-schema-graph\">{\"@context\":\"https:\\\/\\\/schema.org\",\"@graph\":[{\"@type\":\"WebPage\",\"@id\":\"https:\\\/\\\/tupique.com\\\/product\\\/cable-usb-a-vers-usb-b-startech-usb2hab5m-noir\\\/\",\"url\":\"https:\\\/\\\/tupique.com\\\/product\\\/cable-usb-a-vers-usb-b-startech-usb2hab5m-noir\\\/\",\"name\":\"C\u00e2ble USB A vers USB B Startech USB2HAB5M Noir - Tupique\",\"isPartOf\":{\"@id\":\"https:\\\/\\\/tupique.com\\\/#website\"},\"primaryImageOfPage\":{\"@id\":\"https:\\\/\\\/tupique.com\\\/product\\\/cable-usb-a-vers-usb-b-startech-usb2hab5m-noir\\\/#primaryimage\"},\"image\":{\"@id\":\"https:\\\/\\\/tupique.com\\\/product\\\/cable-usb-a-vers-usb-b-startech-usb2hab5m-noir\\\/#primaryimage\"},\"thumbnailUrl\":\"https:\\\/\\\/tupique.com\\\/wp-content\\\/uploads\\\/2026\\\/05\\\/144750782.jpg\",\"datePublished\":\"2026-05-11T11:46:08+00:00\",\"dateModified\":\"2026-05-11T19:18:59+00:00\",\"breadcrumb\":{\"@id\":\"https:\\\/\\\/tupique.com\\\/product\\\/cable-usb-a-vers-usb-b-startech-usb2hab5m-noir\\\/#breadcrumb\"},\"inLanguage\":\"pt-PT\",\"potentialAction\":[{\"@type\":\"ReadAction\",\"target\":[\"https:\\\/\\\/tupique.com\\\/product\\\/cable-usb-a-vers-usb-b-startech-usb2hab5m-noir\\\/\"]}]},{\"@type\":\"ImageObject\",\"inLanguage\":\"pt-PT\",\"@id\":\"https:\\\/\\\/tupique.com\\\/product\\\/cable-usb-a-vers-usb-b-startech-usb2hab5m-noir\\\/#primaryimage\",\"url\":\"https:\\\/\\\/tupique.com\\\/wp-content\\\/uploads\\\/2026\\\/05\\\/144750782.jpg\",\"contentUrl\":\"https:\\\/\\\/tupique.com\\\/wp-content\\\/uploads\\\/2026\\\/05\\\/144750782.jpg\",\"width\":1200,\"height\":1200,\"caption\":\"S55056825_0\"},{\"@type\":\"BreadcrumbList\",\"@id\":\"https:\\\/\\\/tupique.com\\\/product\\\/cable-usb-a-vers-usb-b-startech-usb2hab5m-noir\\\/#breadcrumb\",\"itemListElement\":[{\"@type\":\"ListItem\",\"position\":1,\"name\":\"commencer\",\"item\":\"https:\\\/\\\/tupique.com\\\/\"},{\"@type\":\"ListItem\",\"position\":2,\"name\":\"Loja\",\"item\":\"https:\\\/\\\/tupique.com\\\/loja\\\/\"},{\"@type\":\"ListItem\",\"position\":3,\"name\":\"C\u00e2ble USB A vers USB B Startech USB2HAB5M Noir\"}]},{\"@type\":\"WebSite\",\"@id\":\"https:\\\/\\\/tupique.com\\\/#website\",\"url\":\"https:\\\/\\\/tupique.com\\\/\",\"name\":\"Tupique\",\"description\":\"\",\"publisher\":{\"@id\":\"https:\\\/\\\/tupique.com\\\/#organization\"},\"potentialAction\":[{\"@type\":\"SearchAction\",\"target\":{\"@type\":\"EntryPoint\",\"urlTemplate\":\"https:\\\/\\\/tupique.com\\\/?s={search_term_string}\"},\"query-input\":{\"@type\":\"PropertyValueSpecification\",\"valueRequired\":true,\"valueName\":\"search_term_string\"}}],\"inLanguage\":\"pt-PT\"},{\"@type\":\"Organization\",\"@id\":\"https:\\\/\\\/tupique.com\\\/#organization\",\"name\":\"Tupique\",\"url\":\"https:\\\/\\\/tupique.com\\\/\",\"logo\":{\"@type\":\"ImageObject\",\"inLanguage\":\"pt-PT\",\"@id\":\"https:\\\/\\\/tupique.com\\\/#\\\/schema\\\/logo\\\/image\\\/\",\"url\":\"https:\\\/\\\/tupique.com\\\/wp-content\\\/uploads\\\/2026\\\/03\\\/logo-tupique-1.webp\",\"contentUrl\":\"https:\\\/\\\/tupique.com\\\/wp-content\\\/uploads\\\/2026\\\/03\\\/logo-tupique-1.webp\",\"width\":500,\"height\":67,\"caption\":\"Tupique\"},\"image\":{\"@id\":\"https:\\\/\\\/tupique.com\\\/#\\\/schema\\\/logo\\\/image\\\/\"}}]}<\/script>\n<!-- \/ Yoast SEO plugin. -->","yoast_head_json":{"title":"C\u00e2ble USB A vers USB B Startech USB2HAB5M      Noir - Tupique","robots":{"index":"index","follow":"follow","max-snippet":"max-snippet:-1","max-image-preview":"max-image-preview:large","max-video-preview":"max-video-preview:-1"},"canonical":"https:\/\/tupique.com\/pt\/product\/cable-usb-a-vers-usb-b-startech-usb2hab5m-noir\/","og_locale":"pt_PT","og_type":"article","og_title":"C\u00e2ble USB A vers USB B Startech USB2HAB5M      Noir - Tupique","og_description":"Si vous \u00eates passionn\u00e9 d&#8217;informatique et d&#8217;\u00e9lectronique, si vous \u00eates \u00e0 la pointe de la technologie et qu&#8217;aucun d\u00e9tail ne vous \u00e9chappe, achetez C\u00e2ble USB A vers USB B Startech USB2HAB5M Noir au meilleur prix. Le USB2HAB5M de Startech est un c\u00e2ble USB A vers USB B con\u00e7u pour connecter des p\u00e9riph\u00e9riques USB 2.0 \u00e0 [&hellip;]","og_url":"https:\/\/tupique.com\/pt\/product\/cable-usb-a-vers-usb-b-startech-usb2hab5m-noir\/","og_site_name":"Tupique","article_modified_time":"2026-05-11T19:18:59+00:00","twitter_card":"summary_large_image","twitter_misc":{"Tempo estimado de leitura":"2 minutos"},"schema":{"@context":"https:\/\/schema.org","@graph":[{"@type":"WebPage","@id":"https:\/\/tupique.com\/product\/cable-usb-a-vers-usb-b-startech-usb2hab5m-noir\/","url":"https:\/\/tupique.com\/product\/cable-usb-a-vers-usb-b-startech-usb2hab5m-noir\/","name":"C\u00e2ble USB A vers USB B Startech USB2HAB5M Noir - Tupique","isPartOf":{"@id":"https:\/\/tupique.com\/#website"},"primaryImageOfPage":{"@id":"https:\/\/tupique.com\/product\/cable-usb-a-vers-usb-b-startech-usb2hab5m-noir\/#primaryimage"},"image":{"@id":"https:\/\/tupique.com\/product\/cable-usb-a-vers-usb-b-startech-usb2hab5m-noir\/#primaryimage"},"thumbnailUrl":"https:\/\/tupique.com\/wp-content\/uploads\/2026\/05\/144750782.jpg","datePublished":"2026-05-11T11:46:08+00:00","dateModified":"2026-05-11T19:18:59+00:00","breadcrumb":{"@id":"https:\/\/tupique.com\/product\/cable-usb-a-vers-usb-b-startech-usb2hab5m-noir\/#breadcrumb"},"inLanguage":"pt-PT","potentialAction":[{"@type":"ReadAction","target":["https:\/\/tupique.com\/product\/cable-usb-a-vers-usb-b-startech-usb2hab5m-noir\/"]}]},{"@type":"ImageObject","inLanguage":"pt-PT","@id":"https:\/\/tupique.com\/product\/cable-usb-a-vers-usb-b-startech-usb2hab5m-noir\/#primaryimage","url":"https:\/\/tupique.com\/wp-content\/uploads\/2026\/05\/144750782.jpg","contentUrl":"https:\/\/tupique.com\/wp-content\/uploads\/2026\/05\/144750782.jpg","width":1200,"height":1200,"caption":"S55056825_0"},{"@type":"BreadcrumbList","@id":"https:\/\/tupique.com\/product\/cable-usb-a-vers-usb-b-startech-usb2hab5m-noir\/#breadcrumb","itemListElement":[{"@type":"ListItem","position":1,"name":"commencer","item":"https:\/\/tupique.com\/"},{"@type":"ListItem","position":2,"name":"Loja","item":"https:\/\/tupique.com\/loja\/"},{"@type":"ListItem","position":3,"name":"C\u00e2ble USB A vers USB B Startech USB2HAB5M Noir"}]},{"@type":"WebSite","@id":"https:\/\/tupique.com\/#website","url":"https:\/\/tupique.com\/","name":"Tupique","description":"","publisher":{"@id":"https:\/\/tupique.com\/#organization"},"potentialAction":[{"@type":"SearchAction","target":{"@type":"EntryPoint","urlTemplate":"https:\/\/tupique.com\/?s={search_term_string}"},"query-input":{"@type":"PropertyValueSpecification","valueRequired":true,"valueName":"search_term_string"}}],"inLanguage":"pt-PT"},{"@type":"Organization","@id":"https:\/\/tupique.com\/#organization","name":"Tupique","url":"https:\/\/tupique.com\/","logo":{"@type":"ImageObject","inLanguage":"pt-PT","@id":"https:\/\/tupique.com\/#\/schema\/logo\/image\/","url":"https:\/\/tupique.com\/wp-content\/uploads\/2026\/03\/logo-tupique-1.webp","contentUrl":"https:\/\/tupique.com\/wp-content\/uploads\/2026\/03\/logo-tupique-1.webp","width":500,"height":67,"caption":"Tupique"},"image":{"@id":"https:\/\/tupique.com\/#\/schema\/logo\/image\/"}}]}},"_links":{"self":[{"href":"https:\/\/tupique.com\/pt\/wp-json\/wp\/v2\/product\/181216","targetHints":{"allow":["GET"]}}],"collection":[{"href":"https:\/\/tupique.com\/pt\/wp-json\/wp\/v2\/product"}],"about":[{"href":"https:\/\/tupique.com\/pt\/wp-json\/wp\/v2\/types\/product"}],"replies":[{"embeddable":true,"href":"https:\/\/tupique.com\/pt\/wp-json\/wp\/v2\/comments?post=181216"}],"wp:featuredmedia":[{"embeddable":true,"href":"https:\/\/tupique.com\/pt\/wp-json\/wp\/v2\/media\/181213"}],"wp:attachment":[{"href":"https:\/\/tupique.com\/pt\/wp-json\/wp\/v2\/media?parent=181216"}],"wp:term":[{"taxonomy":"product_brand","embeddable":true,"href":"https:\/\/tupique.com\/pt\/wp-json\/wp\/v2\/product_brand?post=181216"},{"taxonomy":"product_cat","embeddable":true,"href":"https:\/\/tupique.com\/pt\/wp-json\/wp\/v2\/product_cat?post=181216"},{"taxonomy":"product_tag","embeddable":true,"href":"https:\/\/tupique.com\/pt\/wp-json\/wp\/v2\/product_tag?post=181216"}],"curies":[{"name":"wp","href":"https:\/\/api.w.org\/{rel}","templated":true}]}}