{"id":181235,"date":"2026-05-11T13:46:50","date_gmt":"2026-05-11T11:46:50","guid":{"rendered":"https:\/\/tupique.com\/product\/cable-usb-vers-lightning-startech-rusbltmm15cmw-blanc-usb-a\/"},"modified":"2026-05-11T21:18:53","modified_gmt":"2026-05-11T19:18:53","slug":"cable-usb-vers-lightning-startech-rusbltmm15cmw-blanc-usb-a","status":"publish","type":"product","link":"https:\/\/tupique.com\/pt\/product\/cable-usb-vers-lightning-startech-rusbltmm15cmw-blanc-usb-a\/","title":{"rendered":"C\u00e2ble USB vers Lightning Startech RUSBLTMM15CMW Blanc USB A"},"content":{"rendered":"<p>Si vous \u00eates passionn\u00e9 d&#8217;<b>informatique et d&#8217;\u00e9lectronique<\/b>, si vous \u00eates \u00e0 la pointe de la technologie et qu&#8217;aucun d\u00e9tail ne vous \u00e9chappe, achetez <b>C\u00e2ble USB vers Lightning Startech RUSBLTMM15CMW Blanc USB A<\/b> au meilleur prix.<\/p>\n<ul>\n<li>Couleur: Blanc<\/li>\n<li>Connexions:\n<ul>\n<li>USB-A<\/li>\n<li>Lightning<\/li>\n<li>USB 2.0<\/li>\n<\/ul>\n<\/li>\n<li>Mati\u00e8re: TPE<\/li>\n<li>Tipo:\n<ul>\n<li>C\u00e2ble<\/li>\n<li>Prise M\u00e2le<\/li>\n<li>Prise Femelle\/Prise Femelle<\/li>\n<\/ul>\n<\/li>\n<li>Transmission de donn\u00e9es: 480 MBit\/s<\/li>\n<li>Ann\u00e9e: 2018<\/li>\n<li>Forme: Plat<\/li>\n<li>puissance: 50 W<\/li>\n<li>Type de batterie: Litio Ion<\/li>\n<\/ul>","protected":false},"excerpt":{"rendered":"<p>Si vous \u00eates passionn\u00e9 d&#8217;informatique et d&#8217;\u00e9lectronique, si vous \u00eates \u00e0 la pointe de la technologie et qu&#8217;aucun d\u00e9tail ne vous \u00e9chappe, achetez C\u00e2ble USB vers Lightning Startech RUSBLTMM15CMW Blanc USB A au meilleur prix. Couleur: Blanc Connexions: USB-A Lightning USB 2.0 Mati\u00e8re: TPE Type: C\u00e2ble Prise M\u00e2le Prise Femelle\/Prise Femelle Transmission de donn\u00e9es: 480 [&hellip;]<\/p>\n","protected":false},"featured_media":181232,"comment_status":"open","ping_status":"closed","template":"","meta":[],"product_brand":[634],"product_cat":[1765,2194,1764],"product_tag":[210],"class_list":{"0":"post-181235","1":"product","2":"type-product","3":"status-publish","4":"has-post-thumbnail","6":"product_brand-brandp_4771","7":"product_cat-accessoires-pour-voitures","8":"product_cat-capteurs-et-electronique-automobiles","9":"product_cat-sports-loisirs","10":"product_tag-tag_25","12":"first","13":"instock","14":"taxable","15":"shipping-taxable","16":"purchasable","17":"product-type-simple"},"yoast_head":"<!-- This site is optimized with the Yoast SEO plugin v27.5 - https:\/\/yoast.com\/product\/yoast-seo-wordpress\/ -->\n<title>C\u00e2ble USB vers Lightning Startech RUSBLTMM15CMW Blanc USB A - Tupique<\/title>\n<meta name=\"robots\" content=\"index, follow, max-snippet:-1, max-image-preview:large, max-video-preview:-1\" \/>\n<link rel=\"canonical\" href=\"https:\/\/tupique.com\/pt\/product\/cable-usb-vers-lightning-startech-rusbltmm15cmw-blanc-usb-a\/\" \/>\n<meta property=\"og:locale\" content=\"pt_PT\" \/>\n<meta property=\"og:type\" content=\"article\" \/>\n<meta property=\"og:title\" content=\"C\u00e2ble USB vers Lightning Startech RUSBLTMM15CMW Blanc USB A - Tupique\" \/>\n<meta property=\"og:description\" content=\"Si vous \u00eates passionn\u00e9 d&#8217;informatique et d&#8217;\u00e9lectronique, si vous \u00eates \u00e0 la pointe de la technologie et qu&#8217;aucun d\u00e9tail ne vous \u00e9chappe, achetez C\u00e2ble USB vers Lightning Startech RUSBLTMM15CMW Blanc USB A au meilleur prix. Couleur: Blanc Connexions: USB-A Lightning USB 2.0 Mati\u00e8re: TPE Type: C\u00e2ble Prise M\u00e2le Prise Femelle\/Prise Femelle Transmission de donn\u00e9es: 480 [&hellip;]\" \/>\n<meta property=\"og:url\" content=\"https:\/\/tupique.com\/pt\/product\/cable-usb-vers-lightning-startech-rusbltmm15cmw-blanc-usb-a\/\" \/>\n<meta property=\"og:site_name\" content=\"Tupique\" \/>\n<meta property=\"article:modified_time\" content=\"2026-05-11T19:18:53+00:00\" \/>\n<meta property=\"og:image\" content=\"https:\/\/tupique.com\/wp-content\/uploads\/2026\/05\/487258202.jpg\" \/>\n\t<meta property=\"og:image:width\" content=\"1200\" \/>\n\t<meta property=\"og:image:height\" content=\"1200\" \/>\n\t<meta property=\"og:image:type\" content=\"image\/jpeg\" \/>\n<meta name=\"twitter:card\" content=\"summary_large_image\" \/>\n<script type=\"application\/ld+json\" class=\"yoast-schema-graph\">{\"@context\":\"https:\\\/\\\/schema.org\",\"@graph\":[{\"@type\":\"WebPage\",\"@id\":\"https:\\\/\\\/tupique.com\\\/product\\\/cable-usb-vers-lightning-startech-rusbltmm15cmw-blanc-usb-a\\\/\",\"url\":\"https:\\\/\\\/tupique.com\\\/product\\\/cable-usb-vers-lightning-startech-rusbltmm15cmw-blanc-usb-a\\\/\",\"name\":\"C\u00e2ble USB vers Lightning Startech RUSBLTMM15CMW Blanc USB A - Tupique\",\"isPartOf\":{\"@id\":\"https:\\\/\\\/tupique.com\\\/#website\"},\"primaryImageOfPage\":{\"@id\":\"https:\\\/\\\/tupique.com\\\/product\\\/cable-usb-vers-lightning-startech-rusbltmm15cmw-blanc-usb-a\\\/#primaryimage\"},\"image\":{\"@id\":\"https:\\\/\\\/tupique.com\\\/product\\\/cable-usb-vers-lightning-startech-rusbltmm15cmw-blanc-usb-a\\\/#primaryimage\"},\"thumbnailUrl\":\"https:\\\/\\\/tupique.com\\\/wp-content\\\/uploads\\\/2026\\\/05\\\/487258202.jpg\",\"datePublished\":\"2026-05-11T11:46:50+00:00\",\"dateModified\":\"2026-05-11T19:18:53+00:00\",\"breadcrumb\":{\"@id\":\"https:\\\/\\\/tupique.com\\\/product\\\/cable-usb-vers-lightning-startech-rusbltmm15cmw-blanc-usb-a\\\/#breadcrumb\"},\"inLanguage\":\"pt-PT\",\"potentialAction\":[{\"@type\":\"ReadAction\",\"target\":[\"https:\\\/\\\/tupique.com\\\/product\\\/cable-usb-vers-lightning-startech-rusbltmm15cmw-blanc-usb-a\\\/\"]}]},{\"@type\":\"ImageObject\",\"inLanguage\":\"pt-PT\",\"@id\":\"https:\\\/\\\/tupique.com\\\/product\\\/cable-usb-vers-lightning-startech-rusbltmm15cmw-blanc-usb-a\\\/#primaryimage\",\"url\":\"https:\\\/\\\/tupique.com\\\/wp-content\\\/uploads\\\/2026\\\/05\\\/487258202.jpg\",\"contentUrl\":\"https:\\\/\\\/tupique.com\\\/wp-content\\\/uploads\\\/2026\\\/05\\\/487258202.jpg\",\"width\":1200,\"height\":1200,\"caption\":\"S55009015_0\"},{\"@type\":\"BreadcrumbList\",\"@id\":\"https:\\\/\\\/tupique.com\\\/product\\\/cable-usb-vers-lightning-startech-rusbltmm15cmw-blanc-usb-a\\\/#breadcrumb\",\"itemListElement\":[{\"@type\":\"ListItem\",\"position\":1,\"name\":\"commencer\",\"item\":\"https:\\\/\\\/tupique.com\\\/\"},{\"@type\":\"ListItem\",\"position\":2,\"name\":\"Loja\",\"item\":\"https:\\\/\\\/tupique.com\\\/loja\\\/\"},{\"@type\":\"ListItem\",\"position\":3,\"name\":\"C\u00e2ble USB vers Lightning Startech RUSBLTMM15CMW Blanc USB A\"}]},{\"@type\":\"WebSite\",\"@id\":\"https:\\\/\\\/tupique.com\\\/#website\",\"url\":\"https:\\\/\\\/tupique.com\\\/\",\"name\":\"Tupique\",\"description\":\"\",\"publisher\":{\"@id\":\"https:\\\/\\\/tupique.com\\\/#organization\"},\"potentialAction\":[{\"@type\":\"SearchAction\",\"target\":{\"@type\":\"EntryPoint\",\"urlTemplate\":\"https:\\\/\\\/tupique.com\\\/?s={search_term_string}\"},\"query-input\":{\"@type\":\"PropertyValueSpecification\",\"valueRequired\":true,\"valueName\":\"search_term_string\"}}],\"inLanguage\":\"pt-PT\"},{\"@type\":\"Organization\",\"@id\":\"https:\\\/\\\/tupique.com\\\/#organization\",\"name\":\"Tupique\",\"url\":\"https:\\\/\\\/tupique.com\\\/\",\"logo\":{\"@type\":\"ImageObject\",\"inLanguage\":\"pt-PT\",\"@id\":\"https:\\\/\\\/tupique.com\\\/#\\\/schema\\\/logo\\\/image\\\/\",\"url\":\"https:\\\/\\\/tupique.com\\\/wp-content\\\/uploads\\\/2026\\\/03\\\/logo-tupique-1.webp\",\"contentUrl\":\"https:\\\/\\\/tupique.com\\\/wp-content\\\/uploads\\\/2026\\\/03\\\/logo-tupique-1.webp\",\"width\":500,\"height\":67,\"caption\":\"Tupique\"},\"image\":{\"@id\":\"https:\\\/\\\/tupique.com\\\/#\\\/schema\\\/logo\\\/image\\\/\"}}]}<\/script>\n<!-- \/ Yoast SEO plugin. -->","yoast_head_json":{"title":"C\u00e2ble USB vers Lightning Startech RUSBLTMM15CMW Blanc USB A - Tupique","robots":{"index":"index","follow":"follow","max-snippet":"max-snippet:-1","max-image-preview":"max-image-preview:large","max-video-preview":"max-video-preview:-1"},"canonical":"https:\/\/tupique.com\/pt\/product\/cable-usb-vers-lightning-startech-rusbltmm15cmw-blanc-usb-a\/","og_locale":"pt_PT","og_type":"article","og_title":"C\u00e2ble USB vers Lightning Startech RUSBLTMM15CMW Blanc USB A - Tupique","og_description":"Si vous \u00eates passionn\u00e9 d&#8217;informatique et d&#8217;\u00e9lectronique, si vous \u00eates \u00e0 la pointe de la technologie et qu&#8217;aucun d\u00e9tail ne vous \u00e9chappe, achetez C\u00e2ble USB vers Lightning Startech RUSBLTMM15CMW Blanc USB A au meilleur prix. Couleur: Blanc Connexions: USB-A Lightning USB 2.0 Mati\u00e8re: TPE Type: C\u00e2ble Prise M\u00e2le Prise Femelle\/Prise Femelle Transmission de donn\u00e9es: 480 [&hellip;]","og_url":"https:\/\/tupique.com\/pt\/product\/cable-usb-vers-lightning-startech-rusbltmm15cmw-blanc-usb-a\/","og_site_name":"Tupique","article_modified_time":"2026-05-11T19:18:53+00:00","og_image":[{"width":1200,"height":1200,"url":"https:\/\/tupique.com\/wp-content\/uploads\/2026\/05\/487258202.jpg","type":"image\/jpeg"}],"twitter_card":"summary_large_image","schema":{"@context":"https:\/\/schema.org","@graph":[{"@type":"WebPage","@id":"https:\/\/tupique.com\/product\/cable-usb-vers-lightning-startech-rusbltmm15cmw-blanc-usb-a\/","url":"https:\/\/tupique.com\/product\/cable-usb-vers-lightning-startech-rusbltmm15cmw-blanc-usb-a\/","name":"C\u00e2ble USB vers Lightning Startech RUSBLTMM15CMW Blanc USB A - Tupique","isPartOf":{"@id":"https:\/\/tupique.com\/#website"},"primaryImageOfPage":{"@id":"https:\/\/tupique.com\/product\/cable-usb-vers-lightning-startech-rusbltmm15cmw-blanc-usb-a\/#primaryimage"},"image":{"@id":"https:\/\/tupique.com\/product\/cable-usb-vers-lightning-startech-rusbltmm15cmw-blanc-usb-a\/#primaryimage"},"thumbnailUrl":"https:\/\/tupique.com\/wp-content\/uploads\/2026\/05\/487258202.jpg","datePublished":"2026-05-11T11:46:50+00:00","dateModified":"2026-05-11T19:18:53+00:00","breadcrumb":{"@id":"https:\/\/tupique.com\/product\/cable-usb-vers-lightning-startech-rusbltmm15cmw-blanc-usb-a\/#breadcrumb"},"inLanguage":"pt-PT","potentialAction":[{"@type":"ReadAction","target":["https:\/\/tupique.com\/product\/cable-usb-vers-lightning-startech-rusbltmm15cmw-blanc-usb-a\/"]}]},{"@type":"ImageObject","inLanguage":"pt-PT","@id":"https:\/\/tupique.com\/product\/cable-usb-vers-lightning-startech-rusbltmm15cmw-blanc-usb-a\/#primaryimage","url":"https:\/\/tupique.com\/wp-content\/uploads\/2026\/05\/487258202.jpg","contentUrl":"https:\/\/tupique.com\/wp-content\/uploads\/2026\/05\/487258202.jpg","width":1200,"height":1200,"caption":"S55009015_0"},{"@type":"BreadcrumbList","@id":"https:\/\/tupique.com\/product\/cable-usb-vers-lightning-startech-rusbltmm15cmw-blanc-usb-a\/#breadcrumb","itemListElement":[{"@type":"ListItem","position":1,"name":"commencer","item":"https:\/\/tupique.com\/"},{"@type":"ListItem","position":2,"name":"Loja","item":"https:\/\/tupique.com\/loja\/"},{"@type":"ListItem","position":3,"name":"C\u00e2ble USB vers Lightning Startech RUSBLTMM15CMW Blanc USB A"}]},{"@type":"WebSite","@id":"https:\/\/tupique.com\/#website","url":"https:\/\/tupique.com\/","name":"Tupique","description":"","publisher":{"@id":"https:\/\/tupique.com\/#organization"},"potentialAction":[{"@type":"SearchAction","target":{"@type":"EntryPoint","urlTemplate":"https:\/\/tupique.com\/?s={search_term_string}"},"query-input":{"@type":"PropertyValueSpecification","valueRequired":true,"valueName":"search_term_string"}}],"inLanguage":"pt-PT"},{"@type":"Organization","@id":"https:\/\/tupique.com\/#organization","name":"Tupique","url":"https:\/\/tupique.com\/","logo":{"@type":"ImageObject","inLanguage":"pt-PT","@id":"https:\/\/tupique.com\/#\/schema\/logo\/image\/","url":"https:\/\/tupique.com\/wp-content\/uploads\/2026\/03\/logo-tupique-1.webp","contentUrl":"https:\/\/tupique.com\/wp-content\/uploads\/2026\/03\/logo-tupique-1.webp","width":500,"height":67,"caption":"Tupique"},"image":{"@id":"https:\/\/tupique.com\/#\/schema\/logo\/image\/"}}]}},"_links":{"self":[{"href":"https:\/\/tupique.com\/pt\/wp-json\/wp\/v2\/product\/181235","targetHints":{"allow":["GET"]}}],"collection":[{"href":"https:\/\/tupique.com\/pt\/wp-json\/wp\/v2\/product"}],"about":[{"href":"https:\/\/tupique.com\/pt\/wp-json\/wp\/v2\/types\/product"}],"replies":[{"embeddable":true,"href":"https:\/\/tupique.com\/pt\/wp-json\/wp\/v2\/comments?post=181235"}],"wp:featuredmedia":[{"embeddable":true,"href":"https:\/\/tupique.com\/pt\/wp-json\/wp\/v2\/media\/181232"}],"wp:attachment":[{"href":"https:\/\/tupique.com\/pt\/wp-json\/wp\/v2\/media?parent=181235"}],"wp:term":[{"taxonomy":"product_brand","embeddable":true,"href":"https:\/\/tupique.com\/pt\/wp-json\/wp\/v2\/product_brand?post=181235"},{"taxonomy":"product_cat","embeddable":true,"href":"https:\/\/tupique.com\/pt\/wp-json\/wp\/v2\/product_cat?post=181235"},{"taxonomy":"product_tag","embeddable":true,"href":"https:\/\/tupique.com\/pt\/wp-json\/wp\/v2\/product_tag?post=181235"}],"curies":[{"name":"wp","href":"https:\/\/api.w.org\/{rel}","templated":true}]}}