{"id":181283,"date":"2026-05-11T13:58:36","date_gmt":"2026-05-11T11:58:36","guid":{"rendered":"https:\/\/tupique.com\/product\/gel-de-massage-hot-passion-control-00010263000100-200-ml\/"},"modified":"2026-05-11T21:18:44","modified_gmt":"2026-05-11T19:18:44","slug":"gel-de-massage-hot-passion-control-00010263000100-200-ml","status":"publish","type":"product","link":"https:\/\/tupique.com\/pt\/product\/gel-de-massage-hot-passion-control-00010263000100-200-ml\/","title":{"rendered":"Gel de Massage Hot Passion Control 00010263000100 200 ml"},"content":{"rendered":"<p>Si vous cherchez des <b>sex toys<\/b> \u00e0 un bon prix, vous ne pourrez pas r\u00e9sister \u00e0 <b>Gel de Massage Hot Passion Control 00010263000100 200 ml<\/b> ! Un nouveau monde de possibilit\u00e9s pour l&#8217;imagination et le divertissement !<\/p>\n<ul>\n<li>Couleur: Transparent<\/li>\n<li>Capacit\u00e9: 200 ml<\/li>\n<\/ul>\n<p>Informations importantes: Nous garantissons une totale discr\u00e9tion et confidentialit\u00e9 lors de l&#8217;exp\u00e9dition. Personne, sauf vous, ne saura ce que le colis contient..<\/p>","protected":false},"excerpt":{"rendered":"<p><span class=\"unit-info\">12.9950 &euro; \/ 100 ml<\/span><\/p>","protected":false},"featured_media":181282,"comment_status":"open","ping_status":"closed","template":"","meta":[],"product_brand":[2210],"product_cat":[1840,769,770],"product_tag":[722,442],"class_list":{"0":"post-181283","1":"product","2":"type-product","3":"status-publish","4":"has-post-thumbnail","6":"product_brand-brandp_3665","7":"product_cat-cremes-et-lait-pour-le-corps","8":"product_cat-parfum-cosmetique","9":"product_cat-soin-corporel","10":"product_tag-tag_923","11":"product_tag-tag_1244","13":"first","14":"instock","15":"taxable","16":"shipping-taxable","17":"purchasable","18":"product-type-simple"},"yoast_head":"<!-- This site is optimized with the Yoast SEO plugin v27.5 - https:\/\/yoast.com\/product\/yoast-seo-wordpress\/ -->\n<title>Gel de Massage Hot Passion Control 00010263000100 200 ml - Tupique<\/title>\n<meta name=\"robots\" content=\"index, follow, max-snippet:-1, max-image-preview:large, max-video-preview:-1\" \/>\n<link rel=\"canonical\" href=\"https:\/\/tupique.com\/pt\/product\/gel-de-massage-hot-passion-control-00010263000100-200-ml\/\" \/>\n<meta property=\"og:locale\" content=\"pt_PT\" \/>\n<meta property=\"og:type\" content=\"article\" \/>\n<meta property=\"og:title\" content=\"Gel de Massage Hot Passion Control 00010263000100 200 ml - Tupique\" \/>\n<meta property=\"og:description\" content=\"12.9950 &euro; \/ 100 ml\" \/>\n<meta property=\"og:url\" content=\"https:\/\/tupique.com\/pt\/product\/gel-de-massage-hot-passion-control-00010263000100-200-ml\/\" \/>\n<meta property=\"og:site_name\" content=\"Tupique\" \/>\n<meta property=\"article:modified_time\" content=\"2026-05-11T19:18:44+00:00\" \/>\n<meta name=\"twitter:card\" content=\"summary_large_image\" \/>\n<script type=\"application\/ld+json\" class=\"yoast-schema-graph\">{\"@context\":\"https:\\\/\\\/schema.org\",\"@graph\":[{\"@type\":\"WebPage\",\"@id\":\"https:\\\/\\\/tupique.com\\\/product\\\/gel-de-massage-hot-passion-control-00010263000100-200-ml\\\/\",\"url\":\"https:\\\/\\\/tupique.com\\\/product\\\/gel-de-massage-hot-passion-control-00010263000100-200-ml\\\/\",\"name\":\"Gel de Massage Hot Passion Control 00010263000100 200 ml - Tupique\",\"isPartOf\":{\"@id\":\"https:\\\/\\\/tupique.com\\\/#website\"},\"primaryImageOfPage\":{\"@id\":\"https:\\\/\\\/tupique.com\\\/product\\\/gel-de-massage-hot-passion-control-00010263000100-200-ml\\\/#primaryimage\"},\"image\":{\"@id\":\"https:\\\/\\\/tupique.com\\\/product\\\/gel-de-massage-hot-passion-control-00010263000100-200-ml\\\/#primaryimage\"},\"thumbnailUrl\":\"https:\\\/\\\/tupique.com\\\/wp-content\\\/uploads\\\/2026\\\/05\\\/8058664142163_S4003727_P0-v_11.jpg\",\"datePublished\":\"2026-05-11T11:58:36+00:00\",\"dateModified\":\"2026-05-11T19:18:44+00:00\",\"breadcrumb\":{\"@id\":\"https:\\\/\\\/tupique.com\\\/product\\\/gel-de-massage-hot-passion-control-00010263000100-200-ml\\\/#breadcrumb\"},\"inLanguage\":\"pt-PT\",\"potentialAction\":[{\"@type\":\"ReadAction\",\"target\":[\"https:\\\/\\\/tupique.com\\\/product\\\/gel-de-massage-hot-passion-control-00010263000100-200-ml\\\/\"]}]},{\"@type\":\"ImageObject\",\"inLanguage\":\"pt-PT\",\"@id\":\"https:\\\/\\\/tupique.com\\\/product\\\/gel-de-massage-hot-passion-control-00010263000100-200-ml\\\/#primaryimage\",\"url\":\"https:\\\/\\\/tupique.com\\\/wp-content\\\/uploads\\\/2026\\\/05\\\/8058664142163_S4003727_P0-v_11.jpg\",\"contentUrl\":\"https:\\\/\\\/tupique.com\\\/wp-content\\\/uploads\\\/2026\\\/05\\\/8058664142163_S4003727_P0-v_11.jpg\",\"width\":1200,\"height\":1200,\"caption\":\"S4003727_0\"},{\"@type\":\"BreadcrumbList\",\"@id\":\"https:\\\/\\\/tupique.com\\\/product\\\/gel-de-massage-hot-passion-control-00010263000100-200-ml\\\/#breadcrumb\",\"itemListElement\":[{\"@type\":\"ListItem\",\"position\":1,\"name\":\"commencer\",\"item\":\"https:\\\/\\\/tupique.com\\\/\"},{\"@type\":\"ListItem\",\"position\":2,\"name\":\"Loja\",\"item\":\"https:\\\/\\\/tupique.com\\\/loja\\\/\"},{\"@type\":\"ListItem\",\"position\":3,\"name\":\"Gel de Massage Hot Passion Control 00010263000100 200 ml\"}]},{\"@type\":\"WebSite\",\"@id\":\"https:\\\/\\\/tupique.com\\\/#website\",\"url\":\"https:\\\/\\\/tupique.com\\\/\",\"name\":\"Tupique\",\"description\":\"\",\"publisher\":{\"@id\":\"https:\\\/\\\/tupique.com\\\/#organization\"},\"potentialAction\":[{\"@type\":\"SearchAction\",\"target\":{\"@type\":\"EntryPoint\",\"urlTemplate\":\"https:\\\/\\\/tupique.com\\\/?s={search_term_string}\"},\"query-input\":{\"@type\":\"PropertyValueSpecification\",\"valueRequired\":true,\"valueName\":\"search_term_string\"}}],\"inLanguage\":\"pt-PT\"},{\"@type\":\"Organization\",\"@id\":\"https:\\\/\\\/tupique.com\\\/#organization\",\"name\":\"Tupique\",\"url\":\"https:\\\/\\\/tupique.com\\\/\",\"logo\":{\"@type\":\"ImageObject\",\"inLanguage\":\"pt-PT\",\"@id\":\"https:\\\/\\\/tupique.com\\\/#\\\/schema\\\/logo\\\/image\\\/\",\"url\":\"https:\\\/\\\/tupique.com\\\/wp-content\\\/uploads\\\/2026\\\/03\\\/logo-tupique-1.webp\",\"contentUrl\":\"https:\\\/\\\/tupique.com\\\/wp-content\\\/uploads\\\/2026\\\/03\\\/logo-tupique-1.webp\",\"width\":500,\"height\":67,\"caption\":\"Tupique\"},\"image\":{\"@id\":\"https:\\\/\\\/tupique.com\\\/#\\\/schema\\\/logo\\\/image\\\/\"}}]}<\/script>\n<!-- \/ Yoast SEO plugin. -->","yoast_head_json":{"title":"Gel de Massage Hot Passion Control 00010263000100 200 ml - Tupique","robots":{"index":"index","follow":"follow","max-snippet":"max-snippet:-1","max-image-preview":"max-image-preview:large","max-video-preview":"max-video-preview:-1"},"canonical":"https:\/\/tupique.com\/pt\/product\/gel-de-massage-hot-passion-control-00010263000100-200-ml\/","og_locale":"pt_PT","og_type":"article","og_title":"Gel de Massage Hot Passion Control 00010263000100 200 ml - Tupique","og_description":"12.9950 &euro; \/ 100 ml","og_url":"https:\/\/tupique.com\/pt\/product\/gel-de-massage-hot-passion-control-00010263000100-200-ml\/","og_site_name":"Tupique","article_modified_time":"2026-05-11T19:18:44+00:00","twitter_card":"summary_large_image","schema":{"@context":"https:\/\/schema.org","@graph":[{"@type":"WebPage","@id":"https:\/\/tupique.com\/product\/gel-de-massage-hot-passion-control-00010263000100-200-ml\/","url":"https:\/\/tupique.com\/product\/gel-de-massage-hot-passion-control-00010263000100-200-ml\/","name":"Gel de Massage Hot Passion Control 00010263000100 200 ml - Tupique","isPartOf":{"@id":"https:\/\/tupique.com\/#website"},"primaryImageOfPage":{"@id":"https:\/\/tupique.com\/product\/gel-de-massage-hot-passion-control-00010263000100-200-ml\/#primaryimage"},"image":{"@id":"https:\/\/tupique.com\/product\/gel-de-massage-hot-passion-control-00010263000100-200-ml\/#primaryimage"},"thumbnailUrl":"https:\/\/tupique.com\/wp-content\/uploads\/2026\/05\/8058664142163_S4003727_P0-v_11.jpg","datePublished":"2026-05-11T11:58:36+00:00","dateModified":"2026-05-11T19:18:44+00:00","breadcrumb":{"@id":"https:\/\/tupique.com\/product\/gel-de-massage-hot-passion-control-00010263000100-200-ml\/#breadcrumb"},"inLanguage":"pt-PT","potentialAction":[{"@type":"ReadAction","target":["https:\/\/tupique.com\/product\/gel-de-massage-hot-passion-control-00010263000100-200-ml\/"]}]},{"@type":"ImageObject","inLanguage":"pt-PT","@id":"https:\/\/tupique.com\/product\/gel-de-massage-hot-passion-control-00010263000100-200-ml\/#primaryimage","url":"https:\/\/tupique.com\/wp-content\/uploads\/2026\/05\/8058664142163_S4003727_P0-v_11.jpg","contentUrl":"https:\/\/tupique.com\/wp-content\/uploads\/2026\/05\/8058664142163_S4003727_P0-v_11.jpg","width":1200,"height":1200,"caption":"S4003727_0"},{"@type":"BreadcrumbList","@id":"https:\/\/tupique.com\/product\/gel-de-massage-hot-passion-control-00010263000100-200-ml\/#breadcrumb","itemListElement":[{"@type":"ListItem","position":1,"name":"commencer","item":"https:\/\/tupique.com\/"},{"@type":"ListItem","position":2,"name":"Loja","item":"https:\/\/tupique.com\/loja\/"},{"@type":"ListItem","position":3,"name":"Gel de Massage Hot Passion Control 00010263000100 200 ml"}]},{"@type":"WebSite","@id":"https:\/\/tupique.com\/#website","url":"https:\/\/tupique.com\/","name":"Tupique","description":"","publisher":{"@id":"https:\/\/tupique.com\/#organization"},"potentialAction":[{"@type":"SearchAction","target":{"@type":"EntryPoint","urlTemplate":"https:\/\/tupique.com\/?s={search_term_string}"},"query-input":{"@type":"PropertyValueSpecification","valueRequired":true,"valueName":"search_term_string"}}],"inLanguage":"pt-PT"},{"@type":"Organization","@id":"https:\/\/tupique.com\/#organization","name":"Tupique","url":"https:\/\/tupique.com\/","logo":{"@type":"ImageObject","inLanguage":"pt-PT","@id":"https:\/\/tupique.com\/#\/schema\/logo\/image\/","url":"https:\/\/tupique.com\/wp-content\/uploads\/2026\/03\/logo-tupique-1.webp","contentUrl":"https:\/\/tupique.com\/wp-content\/uploads\/2026\/03\/logo-tupique-1.webp","width":500,"height":67,"caption":"Tupique"},"image":{"@id":"https:\/\/tupique.com\/#\/schema\/logo\/image\/"}}]}},"_links":{"self":[{"href":"https:\/\/tupique.com\/pt\/wp-json\/wp\/v2\/product\/181283","targetHints":{"allow":["GET"]}}],"collection":[{"href":"https:\/\/tupique.com\/pt\/wp-json\/wp\/v2\/product"}],"about":[{"href":"https:\/\/tupique.com\/pt\/wp-json\/wp\/v2\/types\/product"}],"replies":[{"embeddable":true,"href":"https:\/\/tupique.com\/pt\/wp-json\/wp\/v2\/comments?post=181283"}],"wp:featuredmedia":[{"embeddable":true,"href":"https:\/\/tupique.com\/pt\/wp-json\/wp\/v2\/media\/181282"}],"wp:attachment":[{"href":"https:\/\/tupique.com\/pt\/wp-json\/wp\/v2\/media?parent=181283"}],"wp:term":[{"taxonomy":"product_brand","embeddable":true,"href":"https:\/\/tupique.com\/pt\/wp-json\/wp\/v2\/product_brand?post=181283"},{"taxonomy":"product_cat","embeddable":true,"href":"https:\/\/tupique.com\/pt\/wp-json\/wp\/v2\/product_cat?post=181283"},{"taxonomy":"product_tag","embeddable":true,"href":"https:\/\/tupique.com\/pt\/wp-json\/wp\/v2\/product_tag?post=181283"}],"curies":[{"name":"wp","href":"https:\/\/api.w.org\/{rel}","templated":true}]}}