{"id":181417,"date":"2026-05-11T14:04:25","date_gmt":"2026-05-11T12:04:25","guid":{"rendered":"https:\/\/tupique.com\/product\/jeu-de-3-capsules-a-cafe-reutilisables-recoff-innovagoods\/"},"modified":"2026-05-11T21:23:46","modified_gmt":"2026-05-11T19:23:46","slug":"jeu-de-3-capsules-a-cafe-reutilisables-recoff-innovagoods","status":"publish","type":"product","link":"https:\/\/tupique.com\/pt\/product\/jeu-de-3-capsules-a-cafe-reutilisables-recoff-innovagoods\/","title":{"rendered":"Jeu de 3 Capsules \u00e0 Caf\u00e9 R\u00e9utilisables Recoff InnovaGoods"},"content":{"rendered":"<div class=\"col-md-6\"><b>InnovaGoods<\/b> vient vous aider \u00e0 cuisiner facilement et de mani\u00e8re amusante en vous offrant les meilleures nouveaut\u00e9s pour votre cuisine, comme <b>Jeu de 3 Capsules \u00e0 Caf\u00e9 R\u00e9utilisables Recoff InnovaGoods <\/b>! D\u00e9couvrez une vaste gamme de produits de qualit\u00e9 qui se d\u00e9marquent de par leur fonctionnalit\u00e9, leur efficacit\u00e9 et leur design innovant!<\/p>\n<p>Un jeu de 3 capsules \u00e0 caf\u00e9 r\u00e9utilisables, parfait pour d\u00e9guster un bon caf\u00e9 sans nuire \u00e0 l&#8217;environnement, car leur utilisation r\u00e9duit consid\u00e9rablement les d\u00e9chets caus\u00e9s par les capsules jetables classiques. Le set comprend une petite cuill\u00e8re pour placer le caf\u00e9 \u00e0 l&#8217;int\u00e9rieur de la capsule et la presser selon l&#8217;intensit\u00e9 souhait\u00e9e. Elle comprend \u00e9galement une petite brosse pour un nettoyage facile de la capsule. Ces capsules de caf\u00e9 pratiques sont lavables et tr\u00e8s faciles \u00e0 utiliser, il suffit de suivre les instructions du mode d&#8217;emploi inclus. Chaque capsule a une dur\u00e9e de vie d&#8217;environ 50 utilisations. Elles sont \u00e9galement tr\u00e8s l\u00e9g\u00e8res et prennent tr\u00e8s peu de place, ce qui les rend faciles \u00e0 transporter et \u00e0 ranger partout (dans la cuisine, au bureau, etc.). Compatible avec les machines \u00e0 caf\u00e9 \u00e0 capsules Nespresso.<\/p>\n<ul>\n<li>Mat\u00e9riel:\n<ul>\n<li>PP<\/li>\n<li>Silicone<\/li>\n<li>SS 304<\/li>\n<\/ul>\n<\/li>\n<li>Couleur:\n<ul>\n<li>Noir<\/li>\n<li>Blanc<\/li>\n<\/ul>\n<\/li>\n<li>Design moderne: Novateur et pratique<\/li>\n<li>Type: \u00c9co-responsable<\/li>\n<li>Capsules de caf\u00e9: 3 uds<\/li>\n<li>R\u00e9utilisable: 3x 50<\/li>\n<li>Inclut:\n<ul>\n<li>Cuill\u00e8re de mesure<\/li>\n<li>Petite brosse de nettoyage<\/li>\n<\/ul>\n<\/li>\n<li>Facilit\u00e9 d&#8217;utilisation: Utilisation pratique et simple<\/li>\n<li>Lavable: Facile \u00e0 nettoyer<\/li>\n<li>Compact: Occupe peu d&#8217;espace<\/li>\n<li>L\u00e9ger et maniable: Facile \u00e0 transporter et \u00e0 ranger<\/li>\n<li>Compatible: Nespresso<\/li>\n<li>Dimensions approx.: \u00d83,9 x 3 cm<\/li>\n<li>Packaging et manuel en 24 langues: anglais, fran\u00e7ais, espagnol, allemand, italien, portugais, n\u00e9erlandais, polonais, hongrois, roumain, danois, su\u00e9dois, finnois, lituanien, norv\u00e9gien, slov\u00e8ne, grec, tch\u00e8que, bulgare, croate, slovaque, estonien, russe, letton<\/li>\n<\/ul>\n<p>Packaging et manuel en 24 langues: anglais, fran\u00e7ais, espagnol, allemand, italien, portugais, n\u00e9erlandais, polonais, hongrois, roumain, danois, su\u00e9dois, finnois, lituanien, norv\u00e9gien, slov\u00e8ne, grec, tch\u00e8que, bulgare, croate, slovaque, estonien, russe, letton.<\/p><\/div>\n<div class=\"col-md-6\">\n<div class=\"embed-responsive embed-responsive-16by9\"><iframe class=\"embed-responsive-item\" src=\"https:\/\/www.youtube.com\/embed\/whC622_HjAc\" frameborder=\"0\" allowfullscreen><\/iframe><\/div>\n<\/div>","protected":false},"excerpt":{"rendered":"<p><span class=\"unit-info\">6.3300 &euro; \/ 1 unit<\/span><\/p>","protected":false},"featured_media":181408,"comment_status":"open","ping_status":"closed","template":"","meta":[],"product_brand":[256],"product_cat":[1818,63,227,2195,60,109,1796],"product_tag":[55,209],"woo-feed-brand":[],"class_list":{"0":"post-181417","1":"product","2":"type-product","3":"status-publish","4":"has-post-thumbnail","6":"product_brand-brandp_1281","7":"product_cat-accessoires-de-cuisine","8":"product_cat-cadeaux-originaux","9":"product_cat-cadeaux-pour-la-cuisine","10":"product_cat-capsules-de-cafe","11":"product_cat-cuisine-gourmet","12":"product_cat-gourmet","13":"product_cat-teleachat-vu-a-la-television","14":"product_tag-tag_926","15":"product_tag-tag_1302","17":"first","18":"instock","19":"taxable","20":"shipping-taxable","21":"purchasable","22":"product-type-simple"},"yoast_head":"<!-- This site is optimized with the Yoast SEO plugin v27.6 - https:\/\/yoast.com\/product\/yoast-seo-wordpress\/ -->\n<title>Jeu de 3 Capsules \u00e0 Caf\u00e9 R\u00e9utilisables Recoff InnovaGoods | | Tupique<\/title>\n<meta name=\"description\" content=\"Envie d&#039;acheter Jeu de 3 Capsules \u00e0 Caf\u00e9 R\u00e9utilisables Recoff InnovaGoods\u00a0? Achetez Jeu de 3 Capsules \u00e0 Caf\u00e9 R\u00e9utilisables Recoff InnovaGoods maintenant avec Tupique en 3 versements sans int\u00e9r\u00eat.\" \/>\n<meta name=\"robots\" content=\"index, follow, max-snippet:-1, max-image-preview:large, max-video-preview:-1\" \/>\n<link rel=\"canonical\" href=\"https:\/\/tupique.com\/pt\/product\/jeu-de-3-capsules-a-cafe-reutilisables-recoff-innovagoods\/\" \/>\n<meta property=\"og:locale\" content=\"pt_PT\" \/>\n<meta property=\"og:type\" content=\"article\" \/>\n<meta property=\"og:title\" content=\"Jeu de 3 Capsules \u00e0 Caf\u00e9 R\u00e9utilisables Recoff InnovaGoods | | Tupique\" \/>\n<meta property=\"og:description\" content=\"Envie d&#039;acheter Jeu de 3 Capsules \u00e0 Caf\u00e9 R\u00e9utilisables Recoff InnovaGoods\u00a0? Achetez Jeu de 3 Capsules \u00e0 Caf\u00e9 R\u00e9utilisables Recoff InnovaGoods maintenant avec Tupique en 3 versements sans int\u00e9r\u00eat.\" \/>\n<meta property=\"og:url\" content=\"https:\/\/tupique.com\/pt\/product\/jeu-de-3-capsules-a-cafe-reutilisables-recoff-innovagoods\/\" \/>\n<meta property=\"og:site_name\" content=\"Tupique\" \/>\n<meta property=\"article:modified_time\" content=\"2026-05-11T19:23:46+00:00\" \/>\n<meta property=\"og:image\" content=\"https:\/\/tupique.com\/wp-content\/uploads\/2026\/05\/V0103363_000_MKT5.jpg\" \/>\n\t<meta property=\"og:image:width\" content=\"1200\" \/>\n\t<meta property=\"og:image:height\" content=\"1200\" \/>\n\t<meta property=\"og:image:type\" content=\"image\/jpeg\" \/>\n<meta name=\"twitter:card\" content=\"summary_large_image\" \/>\n<meta name=\"twitter:label1\" content=\"Tempo estimado de leitura\" \/>\n\t<meta name=\"twitter:data1\" content=\"2 minutos\" \/>\n<script type=\"application\/ld+json\" class=\"yoast-schema-graph\">{\"@context\":\"https:\\\/\\\/schema.org\",\"@graph\":[{\"@type\":\"WebPage\",\"@id\":\"https:\\\/\\\/tupique.com\\\/product\\\/jeu-de-3-capsules-a-cafe-reutilisables-recoff-innovagoods\\\/\",\"url\":\"https:\\\/\\\/tupique.com\\\/product\\\/jeu-de-3-capsules-a-cafe-reutilisables-recoff-innovagoods\\\/\",\"name\":\"Jeu de 3 Capsules \u00e0 Caf\u00e9 R\u00e9utilisables Recoff InnovaGoods | | Tupique\",\"isPartOf\":{\"@id\":\"https:\\\/\\\/tupique.com\\\/#website\"},\"primaryImageOfPage\":{\"@id\":\"https:\\\/\\\/tupique.com\\\/product\\\/jeu-de-3-capsules-a-cafe-reutilisables-recoff-innovagoods\\\/#primaryimage\"},\"image\":{\"@id\":\"https:\\\/\\\/tupique.com\\\/product\\\/jeu-de-3-capsules-a-cafe-reutilisables-recoff-innovagoods\\\/#primaryimage\"},\"thumbnailUrl\":\"https:\\\/\\\/tupique.com\\\/wp-content\\\/uploads\\\/2026\\\/05\\\/V0103363_000_MKT5.jpg\",\"datePublished\":\"2026-05-11T12:04:25+00:00\",\"dateModified\":\"2026-05-11T19:23:46+00:00\",\"description\":\"Envie d'acheter Jeu de 3 Capsules \u00e0 Caf\u00e9 R\u00e9utilisables Recoff InnovaGoods\u00a0? Achetez Jeu de 3 Capsules \u00e0 Caf\u00e9 R\u00e9utilisables Recoff InnovaGoods maintenant avec Tupique en 3 versements sans int\u00e9r\u00eat.\",\"breadcrumb\":{\"@id\":\"https:\\\/\\\/tupique.com\\\/product\\\/jeu-de-3-capsules-a-cafe-reutilisables-recoff-innovagoods\\\/#breadcrumb\"},\"inLanguage\":\"pt-PT\",\"potentialAction\":[{\"@type\":\"ReadAction\",\"target\":[\"https:\\\/\\\/tupique.com\\\/product\\\/jeu-de-3-capsules-a-cafe-reutilisables-recoff-innovagoods\\\/\"]}]},{\"@type\":\"ImageObject\",\"inLanguage\":\"pt-PT\",\"@id\":\"https:\\\/\\\/tupique.com\\\/product\\\/jeu-de-3-capsules-a-cafe-reutilisables-recoff-innovagoods\\\/#primaryimage\",\"url\":\"https:\\\/\\\/tupique.com\\\/wp-content\\\/uploads\\\/2026\\\/05\\\/V0103363_000_MKT5.jpg\",\"contentUrl\":\"https:\\\/\\\/tupique.com\\\/wp-content\\\/uploads\\\/2026\\\/05\\\/V0103363_000_MKT5.jpg\",\"width\":1200,\"height\":1200,\"caption\":\"V0103363_0\"},{\"@type\":\"BreadcrumbList\",\"@id\":\"https:\\\/\\\/tupique.com\\\/product\\\/jeu-de-3-capsules-a-cafe-reutilisables-recoff-innovagoods\\\/#breadcrumb\",\"itemListElement\":[{\"@type\":\"ListItem\",\"position\":1,\"name\":\"commencer\",\"item\":\"https:\\\/\\\/tupique.com\\\/\"},{\"@type\":\"ListItem\",\"position\":2,\"name\":\"Loja\",\"item\":\"https:\\\/\\\/tupique.com\\\/pt\\\/loja\\\/\"},{\"@type\":\"ListItem\",\"position\":3,\"name\":\"Jeu de 3 Capsules \u00e0 Caf\u00e9 R\u00e9utilisables Recoff InnovaGoods\"}]},{\"@type\":\"WebSite\",\"@id\":\"https:\\\/\\\/tupique.com\\\/#website\",\"url\":\"https:\\\/\\\/tupique.com\\\/\",\"name\":\"Tupique\",\"description\":\"\",\"publisher\":{\"@id\":\"https:\\\/\\\/tupique.com\\\/#organization\"},\"potentialAction\":[{\"@type\":\"SearchAction\",\"target\":{\"@type\":\"EntryPoint\",\"urlTemplate\":\"https:\\\/\\\/tupique.com\\\/?s={search_term_string}\"},\"query-input\":{\"@type\":\"PropertyValueSpecification\",\"valueRequired\":true,\"valueName\":\"search_term_string\"}}],\"inLanguage\":\"pt-PT\"},{\"@type\":\"Organization\",\"@id\":\"https:\\\/\\\/tupique.com\\\/#organization\",\"name\":\"Tupique\",\"url\":\"https:\\\/\\\/tupique.com\\\/\",\"logo\":{\"@type\":\"ImageObject\",\"inLanguage\":\"pt-PT\",\"@id\":\"https:\\\/\\\/tupique.com\\\/#\\\/schema\\\/logo\\\/image\\\/\",\"url\":\"https:\\\/\\\/tupique.com\\\/wp-content\\\/uploads\\\/2026\\\/03\\\/logo-tupique-1.webp\",\"contentUrl\":\"https:\\\/\\\/tupique.com\\\/wp-content\\\/uploads\\\/2026\\\/03\\\/logo-tupique-1.webp\",\"width\":500,\"height\":67,\"caption\":\"Tupique\"},\"image\":{\"@id\":\"https:\\\/\\\/tupique.com\\\/#\\\/schema\\\/logo\\\/image\\\/\"}}]}<\/script>\n<!-- \/ Yoast SEO plugin. -->","yoast_head_json":{"title":"Jeu de 3 Capsules \u00e0 Caf\u00e9 R\u00e9utilisables Recoff InnovaGoods | | Tupique","description":"Envie d'acheter Jeu de 3 Capsules \u00e0 Caf\u00e9 R\u00e9utilisables Recoff InnovaGoods\u00a0? Achetez Jeu de 3 Capsules \u00e0 Caf\u00e9 R\u00e9utilisables Recoff InnovaGoods maintenant avec Tupique en 3 versements sans int\u00e9r\u00eat.","robots":{"index":"index","follow":"follow","max-snippet":"max-snippet:-1","max-image-preview":"max-image-preview:large","max-video-preview":"max-video-preview:-1"},"canonical":"https:\/\/tupique.com\/pt\/product\/jeu-de-3-capsules-a-cafe-reutilisables-recoff-innovagoods\/","og_locale":"pt_PT","og_type":"article","og_title":"Jeu de 3 Capsules \u00e0 Caf\u00e9 R\u00e9utilisables Recoff InnovaGoods | | Tupique","og_description":"Envie d'acheter Jeu de 3 Capsules \u00e0 Caf\u00e9 R\u00e9utilisables Recoff InnovaGoods\u00a0? Achetez Jeu de 3 Capsules \u00e0 Caf\u00e9 R\u00e9utilisables Recoff InnovaGoods maintenant avec Tupique en 3 versements sans int\u00e9r\u00eat.","og_url":"https:\/\/tupique.com\/pt\/product\/jeu-de-3-capsules-a-cafe-reutilisables-recoff-innovagoods\/","og_site_name":"Tupique","article_modified_time":"2026-05-11T19:23:46+00:00","og_image":[{"width":1200,"height":1200,"url":"https:\/\/tupique.com\/wp-content\/uploads\/2026\/05\/V0103363_000_MKT5.jpg","type":"image\/jpeg"}],"twitter_card":"summary_large_image","twitter_misc":{"Tempo estimado de leitura":"2 minutos"},"schema":{"@context":"https:\/\/schema.org","@graph":[{"@type":"WebPage","@id":"https:\/\/tupique.com\/product\/jeu-de-3-capsules-a-cafe-reutilisables-recoff-innovagoods\/","url":"https:\/\/tupique.com\/product\/jeu-de-3-capsules-a-cafe-reutilisables-recoff-innovagoods\/","name":"Jeu de 3 Capsules \u00e0 Caf\u00e9 R\u00e9utilisables Recoff InnovaGoods | | Tupique","isPartOf":{"@id":"https:\/\/tupique.com\/#website"},"primaryImageOfPage":{"@id":"https:\/\/tupique.com\/product\/jeu-de-3-capsules-a-cafe-reutilisables-recoff-innovagoods\/#primaryimage"},"image":{"@id":"https:\/\/tupique.com\/product\/jeu-de-3-capsules-a-cafe-reutilisables-recoff-innovagoods\/#primaryimage"},"thumbnailUrl":"https:\/\/tupique.com\/wp-content\/uploads\/2026\/05\/V0103363_000_MKT5.jpg","datePublished":"2026-05-11T12:04:25+00:00","dateModified":"2026-05-11T19:23:46+00:00","description":"Envie d'acheter Jeu de 3 Capsules \u00e0 Caf\u00e9 R\u00e9utilisables Recoff InnovaGoods\u00a0? Achetez Jeu de 3 Capsules \u00e0 Caf\u00e9 R\u00e9utilisables Recoff InnovaGoods maintenant avec Tupique en 3 versements sans int\u00e9r\u00eat.","breadcrumb":{"@id":"https:\/\/tupique.com\/product\/jeu-de-3-capsules-a-cafe-reutilisables-recoff-innovagoods\/#breadcrumb"},"inLanguage":"pt-PT","potentialAction":[{"@type":"ReadAction","target":["https:\/\/tupique.com\/product\/jeu-de-3-capsules-a-cafe-reutilisables-recoff-innovagoods\/"]}]},{"@type":"ImageObject","inLanguage":"pt-PT","@id":"https:\/\/tupique.com\/product\/jeu-de-3-capsules-a-cafe-reutilisables-recoff-innovagoods\/#primaryimage","url":"https:\/\/tupique.com\/wp-content\/uploads\/2026\/05\/V0103363_000_MKT5.jpg","contentUrl":"https:\/\/tupique.com\/wp-content\/uploads\/2026\/05\/V0103363_000_MKT5.jpg","width":1200,"height":1200,"caption":"V0103363_0"},{"@type":"BreadcrumbList","@id":"https:\/\/tupique.com\/product\/jeu-de-3-capsules-a-cafe-reutilisables-recoff-innovagoods\/#breadcrumb","itemListElement":[{"@type":"ListItem","position":1,"name":"commencer","item":"https:\/\/tupique.com\/"},{"@type":"ListItem","position":2,"name":"Loja","item":"https:\/\/tupique.com\/pt\/loja\/"},{"@type":"ListItem","position":3,"name":"Jeu de 3 Capsules \u00e0 Caf\u00e9 R\u00e9utilisables Recoff InnovaGoods"}]},{"@type":"WebSite","@id":"https:\/\/tupique.com\/#website","url":"https:\/\/tupique.com\/","name":"Tupique","description":"","publisher":{"@id":"https:\/\/tupique.com\/#organization"},"potentialAction":[{"@type":"SearchAction","target":{"@type":"EntryPoint","urlTemplate":"https:\/\/tupique.com\/?s={search_term_string}"},"query-input":{"@type":"PropertyValueSpecification","valueRequired":true,"valueName":"search_term_string"}}],"inLanguage":"pt-PT"},{"@type":"Organization","@id":"https:\/\/tupique.com\/#organization","name":"Tupique","url":"https:\/\/tupique.com\/","logo":{"@type":"ImageObject","inLanguage":"pt-PT","@id":"https:\/\/tupique.com\/#\/schema\/logo\/image\/","url":"https:\/\/tupique.com\/wp-content\/uploads\/2026\/03\/logo-tupique-1.webp","contentUrl":"https:\/\/tupique.com\/wp-content\/uploads\/2026\/03\/logo-tupique-1.webp","width":500,"height":67,"caption":"Tupique"},"image":{"@id":"https:\/\/tupique.com\/#\/schema\/logo\/image\/"}}]}},"_links":{"self":[{"href":"https:\/\/tupique.com\/pt\/wp-json\/wp\/v2\/product\/181417","targetHints":{"allow":["GET"]}}],"collection":[{"href":"https:\/\/tupique.com\/pt\/wp-json\/wp\/v2\/product"}],"about":[{"href":"https:\/\/tupique.com\/pt\/wp-json\/wp\/v2\/types\/product"}],"replies":[{"embeddable":true,"href":"https:\/\/tupique.com\/pt\/wp-json\/wp\/v2\/comments?post=181417"}],"wp:featuredmedia":[{"embeddable":true,"href":"https:\/\/tupique.com\/pt\/wp-json\/wp\/v2\/media\/181408"}],"wp:attachment":[{"href":"https:\/\/tupique.com\/pt\/wp-json\/wp\/v2\/media?parent=181417"}],"wp:term":[{"taxonomy":"product_brand","embeddable":true,"href":"https:\/\/tupique.com\/pt\/wp-json\/wp\/v2\/product_brand?post=181417"},{"taxonomy":"product_cat","embeddable":true,"href":"https:\/\/tupique.com\/pt\/wp-json\/wp\/v2\/product_cat?post=181417"},{"taxonomy":"product_tag","embeddable":true,"href":"https:\/\/tupique.com\/pt\/wp-json\/wp\/v2\/product_tag?post=181417"},{"taxonomy":"woo-feed-brand","embeddable":true,"href":"https:\/\/tupique.com\/pt\/wp-json\/wp\/v2\/woo-feed-brand?post=181417"}],"curies":[{"name":"wp","href":"https:\/\/api.w.org\/{rel}","templated":true}]}}