{"id":181451,"date":"2026-05-11T14:05:30","date_gmt":"2026-05-11T12:05:30","guid":{"rendered":"https:\/\/tupique.com\/product\/appareil-de-massage-shiatsu-thermique-2-en-1-futsa-innovagoods\/"},"modified":"2026-05-11T21:23:46","modified_gmt":"2026-05-11T19:23:46","slug":"appareil-de-massage-shiatsu-thermique-2-en-1-futsa-innovagoods","status":"publish","type":"product","link":"https:\/\/tupique.com\/pt\/product\/appareil-de-massage-shiatsu-thermique-2-en-1-futsa-innovagoods\/","title":{"rendered":"Appareil de Massage Shiatsu Thermique 2 en 1 Futsa InnovaGoods"},"content":{"rendered":"<div class=\"col-md-6\"><b>InnovaGoods<\/b> vous facilite la t\u00e2che pour que votre soin personnel soit une priorit\u00e9 sans excuses. Il vous propose les meilleures nouveaut\u00e9s en mati\u00e8re de beaut\u00e9, de d\u00e9tente et de bien-\u00eatre! <b>Appareil de Massage Shiatsu Thermique 2 en 1 Futsa InnovaGoods <\/b> en est un bon exemple! D\u00e9couvrez une vaste gamme de produits de qualit\u00e9 qui se d\u00e9marquent de par leur fonctionnalit\u00e9, leur efficacit\u00e9 et leur design innovant.<\/p>\n<p>Un masseur thermique shiatsu 2 en 1 polyvalent, au design ergonomique et multifonctionnel, qui procure une sensation agr\u00e9able et relaxante de soulagement, de repos et de bien-\u00eatre. Il est principalement utilis\u00e9 pour le massage des pieds, mais peut \u00e9galement \u00eatre utilis\u00e9 sur d&#8217;autres zones du corps (cou, lombaires, jambes, dos, etc.). La partie sup\u00e9rieure o\u00f9 sont ins\u00e9r\u00e9s les pieds est amovible, car elle est munie d&#8217;une fermeture \u00e9clair qui permet de l&#8217;enlever facilement et d&#8217;utiliser le masseur comme un coussin de massage multi-positions. Ses 8 t\u00eates rotatives effectuent des mouvements bidirectionnels pour donner au massage un effet de p\u00e9trissage profond qui assouplit le dessus du pied et la vo\u00fbte plantaire. Il dispose de 3 vitesses, vous laissant ainsi s\u00e9lectionner une intensit\u00e9 de massage plus ou moins importante. La fonction de chaleur infrarouge renforce et am\u00e9liore l&#8217;efficacit\u00e9 du massage et est optionnelle, elle peut \u00eatre activ\u00e9e ou d\u00e9sactiv\u00e9e si vous le souhaitez. Ce masseur \u00e9lectrique \u00e9tant compact est facile \u00e0 transporter et \u00e0 ranger. Il est doux et agr\u00e9able au toucher, tr\u00e8s facile \u00e0 utiliser et dot\u00e9 d&#8217;un arr\u00eat automatique. Il fonctionne avec un adaptateur secteur (inclus).<\/p>\n<ul>\n<li>Mat\u00e9riel:\n<ul>\n<li>ABS<\/li>\n<li>70 % Polyester<\/li>\n<li>30 % Coton<\/li>\n<\/ul>\n<\/li>\n<li>Couleur:\n<ul>\n<li>Gris<\/li>\n<li>Noir<\/li>\n<\/ul>\n<\/li>\n<li>Design: Ergonomique<\/li>\n<li>Type: \u00c9lectrique<\/li>\n<li>Multifonction: 2-in-1<\/li>\n<li>Fonction chaleur: Chaleur infrarouge<\/li>\n<li>Fonction massage: 8 t\u00eates ergonomiques rotatives et bidirectionnelles<\/li>\n<li>3 vitesses: 3 niveaux d&#8217;intensit\u00e9<\/li>\n<li>Touch\u00e9 doux et agr\u00e9able: Mat\u00e9riaux de qualit\u00e9<\/li>\n<li>D\u00e9montable: Utilisation pratique et simple<\/li>\n<li>Multiposition: Polyvalent et adaptable<\/li>\n<li>Arr\u00eat Automatique: 15 min<\/li>\n<li>Compact: Facile \u00e0 transporter et \u00e0 ranger<\/li>\n<li>puissance: 24 W<\/li>\n<li>Fonctionne avec un adaptateur \u00e9lectrique (inclus): AC in: 220-240 V \/ 50-60 Hz \/\/ DC out: 12 V \/ 2 A<\/li>\n<li>Type de prise: C<\/li>\n<li>Longueur du c\u00e2ble: 120 cm<\/li>\n<li>DC In: 12 V \/ 2 A<\/li>\n<li>Dimensions approx.: 32,5 x 10 x 35 cm<\/li>\n<li>Packaging et manuel en 24 langues: anglais, fran\u00e7ais, espagnol, allemand, italien, portugais, n\u00e9erlandais, polonais, hongrois, roumain, danois, su\u00e9dois, finnois, lituanien, norv\u00e9gien, slov\u00e8ne, grec, tch\u00e8que, bulgare, croate, slovaque, estonien, russe, letton<\/li>\n<\/ul>\n<p>Packaging et manuel en 24 langues: anglais, fran\u00e7ais, espagnol, allemand, italien, portugais, n\u00e9erlandais, polonais, hongrois, roumain, danois, su\u00e9dois, finnois, lituanien, norv\u00e9gien, slov\u00e8ne, grec, tch\u00e8que, bulgare, croate, slovaque, estonien, russe, letton.<\/p><\/div>\n<div class=\"col-md-6\">\n<div class=\"embed-responsive embed-responsive-16by9\"><iframe class=\"embed-responsive-item\" src=\"https:\/\/www.youtube.com\/embed\/i_0qGwQ_gWE\" frameborder=\"0\" allowfullscreen><\/iframe><\/div>\n<\/div>","protected":false},"excerpt":{"rendered":"<p>InnovaGoods vous facilite la t\u00e2che pour que votre soin personnel soit une priorit\u00e9 sans excuses. Il vous propose les meilleures nouveaut\u00e9s en mati\u00e8re de beaut\u00e9, de d\u00e9tente et de bien-\u00eatre! Appareil de Massage Shiatsu Thermique 2 en 1 Futsa InnovaGoods en est un bon exemple! D\u00e9couvrez une vaste gamme de produits de qualit\u00e9 qui se [&hellip;]<\/p>\n","protected":false},"featured_media":181438,"comment_status":"open","ping_status":"closed","template":"","meta":[],"product_brand":[256],"product_cat":[63,1825,776,1838,752,1826,1796],"product_tag":[208,56,165],"woo-feed-brand":[],"class_list":{"0":"post-181451","1":"product","2":"type-product","3":"status-publish","4":"has-post-thumbnail","6":"product_brand-brandp_1281","7":"product_cat-cadeaux-originaux","8":"product_cat-cadeaux-pour-soins-personnels","9":"product_cat-detente-et-bien-etre","10":"product_cat-masseurs","11":"product_cat-sante-beaute","12":"product_cat-teleachat-vu-a-la-television-sante-et-beaute-teleshop","13":"product_cat-teleachat-vu-a-la-television","14":"product_tag-tag_587","15":"product_tag-tag_930","16":"product_tag-tag_69","18":"first","19":"instock","20":"taxable","21":"shipping-taxable","22":"purchasable","23":"product-type-simple"},"yoast_head":"<!-- This site is optimized with the Yoast SEO plugin v27.6 - https:\/\/yoast.com\/product\/yoast-seo-wordpress\/ -->\n<title>Appareil de Massage Shiatsu Thermique 2 en 1 Futsa InnovaGoods | | Tupique<\/title>\n<meta name=\"description\" content=\"Envie d&#039;acheter Appareil de Massage Shiatsu Thermique 2 en 1 Futsa InnovaGoods\u00a0? Achetez Appareil de Massage Shiatsu Thermique 2 en 1 Futsa InnovaGoods maintenant avec Tupique en 3 versements sans int\u00e9r\u00eat.\" \/>\n<meta name=\"robots\" content=\"index, follow, max-snippet:-1, max-image-preview:large, max-video-preview:-1\" \/>\n<link rel=\"canonical\" href=\"https:\/\/tupique.com\/pt\/product\/appareil-de-massage-shiatsu-thermique-2-en-1-futsa-innovagoods\/\" \/>\n<meta property=\"og:locale\" content=\"pt_PT\" \/>\n<meta property=\"og:type\" content=\"article\" \/>\n<meta property=\"og:title\" content=\"Appareil de Massage Shiatsu Thermique 2 en 1 Futsa InnovaGoods | | Tupique\" \/>\n<meta property=\"og:description\" content=\"Envie d&#039;acheter Appareil de Massage Shiatsu Thermique 2 en 1 Futsa InnovaGoods\u00a0? Achetez Appareil de Massage Shiatsu Thermique 2 en 1 Futsa InnovaGoods maintenant avec Tupique en 3 versements sans int\u00e9r\u00eat.\" \/>\n<meta property=\"og:url\" content=\"https:\/\/tupique.com\/pt\/product\/appareil-de-massage-shiatsu-thermique-2-en-1-futsa-innovagoods\/\" \/>\n<meta property=\"og:site_name\" content=\"Tupique\" \/>\n<meta property=\"article:modified_time\" content=\"2026-05-11T19:23:46+00:00\" \/>\n<meta property=\"og:image\" content=\"https:\/\/tupique.com\/wp-content\/uploads\/2026\/05\/V0103344_000_MKT-v_14.jpg\" \/>\n\t<meta property=\"og:image:width\" content=\"1200\" \/>\n\t<meta property=\"og:image:height\" content=\"1200\" \/>\n\t<meta property=\"og:image:type\" content=\"image\/jpeg\" \/>\n<meta name=\"twitter:card\" content=\"summary_large_image\" \/>\n<meta name=\"twitter:label1\" content=\"Tempo estimado de leitura\" \/>\n\t<meta name=\"twitter:data1\" content=\"2 minutos\" \/>\n<script type=\"application\/ld+json\" class=\"yoast-schema-graph\">{\"@context\":\"https:\\\/\\\/schema.org\",\"@graph\":[{\"@type\":\"WebPage\",\"@id\":\"https:\\\/\\\/tupique.com\\\/pt\\\/product\\\/appareil-de-massage-shiatsu-thermique-2-en-1-futsa-innovagoods\\\/\",\"url\":\"https:\\\/\\\/tupique.com\\\/pt\\\/product\\\/appareil-de-massage-shiatsu-thermique-2-en-1-futsa-innovagoods\\\/\",\"name\":\"Appareil de Massage Shiatsu Thermique 2 en 1 Futsa InnovaGoods | | Tupique\",\"isPartOf\":{\"@id\":\"https:\\\/\\\/tupique.com\\\/#website\"},\"primaryImageOfPage\":{\"@id\":\"https:\\\/\\\/tupique.com\\\/pt\\\/product\\\/appareil-de-massage-shiatsu-thermique-2-en-1-futsa-innovagoods\\\/#primaryimage\"},\"image\":{\"@id\":\"https:\\\/\\\/tupique.com\\\/pt\\\/product\\\/appareil-de-massage-shiatsu-thermique-2-en-1-futsa-innovagoods\\\/#primaryimage\"},\"thumbnailUrl\":\"https:\\\/\\\/tupique.com\\\/wp-content\\\/uploads\\\/2026\\\/05\\\/V0103344_000_MKT-v_14.jpg\",\"datePublished\":\"2026-05-11T12:05:30+00:00\",\"dateModified\":\"2026-05-11T19:23:46+00:00\",\"description\":\"Envie d'acheter Appareil de Massage Shiatsu Thermique 2 en 1 Futsa InnovaGoods\u00a0? Achetez Appareil de Massage Shiatsu Thermique 2 en 1 Futsa InnovaGoods maintenant avec Tupique en 3 versements sans int\u00e9r\u00eat.\",\"breadcrumb\":{\"@id\":\"https:\\\/\\\/tupique.com\\\/pt\\\/product\\\/appareil-de-massage-shiatsu-thermique-2-en-1-futsa-innovagoods\\\/#breadcrumb\"},\"inLanguage\":\"pt-PT\",\"potentialAction\":[{\"@type\":\"ReadAction\",\"target\":[\"https:\\\/\\\/tupique.com\\\/pt\\\/product\\\/appareil-de-massage-shiatsu-thermique-2-en-1-futsa-innovagoods\\\/\"]}]},{\"@type\":\"ImageObject\",\"inLanguage\":\"pt-PT\",\"@id\":\"https:\\\/\\\/tupique.com\\\/pt\\\/product\\\/appareil-de-massage-shiatsu-thermique-2-en-1-futsa-innovagoods\\\/#primaryimage\",\"url\":\"https:\\\/\\\/tupique.com\\\/wp-content\\\/uploads\\\/2026\\\/05\\\/V0103344_000_MKT-v_14.jpg\",\"contentUrl\":\"https:\\\/\\\/tupique.com\\\/wp-content\\\/uploads\\\/2026\\\/05\\\/V0103344_000_MKT-v_14.jpg\",\"width\":1200,\"height\":1200,\"caption\":\"V0103344_0\"},{\"@type\":\"BreadcrumbList\",\"@id\":\"https:\\\/\\\/tupique.com\\\/pt\\\/product\\\/appareil-de-massage-shiatsu-thermique-2-en-1-futsa-innovagoods\\\/#breadcrumb\",\"itemListElement\":[{\"@type\":\"ListItem\",\"position\":1,\"name\":\"commencer\",\"item\":\"https:\\\/\\\/tupique.com\\\/\"},{\"@type\":\"ListItem\",\"position\":2,\"name\":\"Loja\",\"item\":\"https:\\\/\\\/tupique.com\\\/pt\\\/loja\\\/\"},{\"@type\":\"ListItem\",\"position\":3,\"name\":\"Appareil de Massage Shiatsu Thermique 2 en 1 Futsa InnovaGoods\"}]},{\"@type\":\"WebSite\",\"@id\":\"https:\\\/\\\/tupique.com\\\/#website\",\"url\":\"https:\\\/\\\/tupique.com\\\/\",\"name\":\"Tupique\",\"description\":\"\",\"publisher\":{\"@id\":\"https:\\\/\\\/tupique.com\\\/#organization\"},\"potentialAction\":[{\"@type\":\"SearchAction\",\"target\":{\"@type\":\"EntryPoint\",\"urlTemplate\":\"https:\\\/\\\/tupique.com\\\/?s={search_term_string}\"},\"query-input\":{\"@type\":\"PropertyValueSpecification\",\"valueRequired\":true,\"valueName\":\"search_term_string\"}}],\"inLanguage\":\"pt-PT\"},{\"@type\":\"Organization\",\"@id\":\"https:\\\/\\\/tupique.com\\\/#organization\",\"name\":\"Tupique\",\"url\":\"https:\\\/\\\/tupique.com\\\/\",\"logo\":{\"@type\":\"ImageObject\",\"inLanguage\":\"pt-PT\",\"@id\":\"https:\\\/\\\/tupique.com\\\/#\\\/schema\\\/logo\\\/image\\\/\",\"url\":\"https:\\\/\\\/tupique.com\\\/wp-content\\\/uploads\\\/2026\\\/03\\\/logo-tupique-1.webp\",\"contentUrl\":\"https:\\\/\\\/tupique.com\\\/wp-content\\\/uploads\\\/2026\\\/03\\\/logo-tupique-1.webp\",\"width\":500,\"height\":67,\"caption\":\"Tupique\"},\"image\":{\"@id\":\"https:\\\/\\\/tupique.com\\\/#\\\/schema\\\/logo\\\/image\\\/\"}}]}<\/script>\n<!-- \/ Yoast SEO plugin. -->","yoast_head_json":{"title":"Appareil de Massage Shiatsu Thermique 2 en 1 Futsa InnovaGoods | | Tupique","description":"Envie d'acheter Appareil de Massage Shiatsu Thermique 2 en 1 Futsa InnovaGoods\u00a0? Achetez Appareil de Massage Shiatsu Thermique 2 en 1 Futsa InnovaGoods maintenant avec Tupique en 3 versements sans int\u00e9r\u00eat.","robots":{"index":"index","follow":"follow","max-snippet":"max-snippet:-1","max-image-preview":"max-image-preview:large","max-video-preview":"max-video-preview:-1"},"canonical":"https:\/\/tupique.com\/pt\/product\/appareil-de-massage-shiatsu-thermique-2-en-1-futsa-innovagoods\/","og_locale":"pt_PT","og_type":"article","og_title":"Appareil de Massage Shiatsu Thermique 2 en 1 Futsa InnovaGoods | | Tupique","og_description":"Envie d'acheter Appareil de Massage Shiatsu Thermique 2 en 1 Futsa InnovaGoods\u00a0? Achetez Appareil de Massage Shiatsu Thermique 2 en 1 Futsa InnovaGoods maintenant avec Tupique en 3 versements sans int\u00e9r\u00eat.","og_url":"https:\/\/tupique.com\/pt\/product\/appareil-de-massage-shiatsu-thermique-2-en-1-futsa-innovagoods\/","og_site_name":"Tupique","article_modified_time":"2026-05-11T19:23:46+00:00","og_image":[{"width":1200,"height":1200,"url":"https:\/\/tupique.com\/wp-content\/uploads\/2026\/05\/V0103344_000_MKT-v_14.jpg","type":"image\/jpeg"}],"twitter_card":"summary_large_image","twitter_misc":{"Tempo estimado de leitura":"2 minutos"},"schema":{"@context":"https:\/\/schema.org","@graph":[{"@type":"WebPage","@id":"https:\/\/tupique.com\/pt\/product\/appareil-de-massage-shiatsu-thermique-2-en-1-futsa-innovagoods\/","url":"https:\/\/tupique.com\/pt\/product\/appareil-de-massage-shiatsu-thermique-2-en-1-futsa-innovagoods\/","name":"Appareil de Massage Shiatsu Thermique 2 en 1 Futsa InnovaGoods | | Tupique","isPartOf":{"@id":"https:\/\/tupique.com\/#website"},"primaryImageOfPage":{"@id":"https:\/\/tupique.com\/pt\/product\/appareil-de-massage-shiatsu-thermique-2-en-1-futsa-innovagoods\/#primaryimage"},"image":{"@id":"https:\/\/tupique.com\/pt\/product\/appareil-de-massage-shiatsu-thermique-2-en-1-futsa-innovagoods\/#primaryimage"},"thumbnailUrl":"https:\/\/tupique.com\/wp-content\/uploads\/2026\/05\/V0103344_000_MKT-v_14.jpg","datePublished":"2026-05-11T12:05:30+00:00","dateModified":"2026-05-11T19:23:46+00:00","description":"Envie d'acheter Appareil de Massage Shiatsu Thermique 2 en 1 Futsa InnovaGoods\u00a0? Achetez Appareil de Massage Shiatsu Thermique 2 en 1 Futsa InnovaGoods maintenant avec Tupique en 3 versements sans int\u00e9r\u00eat.","breadcrumb":{"@id":"https:\/\/tupique.com\/pt\/product\/appareil-de-massage-shiatsu-thermique-2-en-1-futsa-innovagoods\/#breadcrumb"},"inLanguage":"pt-PT","potentialAction":[{"@type":"ReadAction","target":["https:\/\/tupique.com\/pt\/product\/appareil-de-massage-shiatsu-thermique-2-en-1-futsa-innovagoods\/"]}]},{"@type":"ImageObject","inLanguage":"pt-PT","@id":"https:\/\/tupique.com\/pt\/product\/appareil-de-massage-shiatsu-thermique-2-en-1-futsa-innovagoods\/#primaryimage","url":"https:\/\/tupique.com\/wp-content\/uploads\/2026\/05\/V0103344_000_MKT-v_14.jpg","contentUrl":"https:\/\/tupique.com\/wp-content\/uploads\/2026\/05\/V0103344_000_MKT-v_14.jpg","width":1200,"height":1200,"caption":"V0103344_0"},{"@type":"BreadcrumbList","@id":"https:\/\/tupique.com\/pt\/product\/appareil-de-massage-shiatsu-thermique-2-en-1-futsa-innovagoods\/#breadcrumb","itemListElement":[{"@type":"ListItem","position":1,"name":"commencer","item":"https:\/\/tupique.com\/"},{"@type":"ListItem","position":2,"name":"Loja","item":"https:\/\/tupique.com\/pt\/loja\/"},{"@type":"ListItem","position":3,"name":"Appareil de Massage Shiatsu Thermique 2 en 1 Futsa InnovaGoods"}]},{"@type":"WebSite","@id":"https:\/\/tupique.com\/#website","url":"https:\/\/tupique.com\/","name":"Tupique","description":"","publisher":{"@id":"https:\/\/tupique.com\/#organization"},"potentialAction":[{"@type":"SearchAction","target":{"@type":"EntryPoint","urlTemplate":"https:\/\/tupique.com\/?s={search_term_string}"},"query-input":{"@type":"PropertyValueSpecification","valueRequired":true,"valueName":"search_term_string"}}],"inLanguage":"pt-PT"},{"@type":"Organization","@id":"https:\/\/tupique.com\/#organization","name":"Tupique","url":"https:\/\/tupique.com\/","logo":{"@type":"ImageObject","inLanguage":"pt-PT","@id":"https:\/\/tupique.com\/#\/schema\/logo\/image\/","url":"https:\/\/tupique.com\/wp-content\/uploads\/2026\/03\/logo-tupique-1.webp","contentUrl":"https:\/\/tupique.com\/wp-content\/uploads\/2026\/03\/logo-tupique-1.webp","width":500,"height":67,"caption":"Tupique"},"image":{"@id":"https:\/\/tupique.com\/#\/schema\/logo\/image\/"}}]}},"_links":{"self":[{"href":"https:\/\/tupique.com\/pt\/wp-json\/wp\/v2\/product\/181451","targetHints":{"allow":["GET"]}}],"collection":[{"href":"https:\/\/tupique.com\/pt\/wp-json\/wp\/v2\/product"}],"about":[{"href":"https:\/\/tupique.com\/pt\/wp-json\/wp\/v2\/types\/product"}],"replies":[{"embeddable":true,"href":"https:\/\/tupique.com\/pt\/wp-json\/wp\/v2\/comments?post=181451"}],"wp:featuredmedia":[{"embeddable":true,"href":"https:\/\/tupique.com\/pt\/wp-json\/wp\/v2\/media\/181438"}],"wp:attachment":[{"href":"https:\/\/tupique.com\/pt\/wp-json\/wp\/v2\/media?parent=181451"}],"wp:term":[{"taxonomy":"product_brand","embeddable":true,"href":"https:\/\/tupique.com\/pt\/wp-json\/wp\/v2\/product_brand?post=181451"},{"taxonomy":"product_cat","embeddable":true,"href":"https:\/\/tupique.com\/pt\/wp-json\/wp\/v2\/product_cat?post=181451"},{"taxonomy":"product_tag","embeddable":true,"href":"https:\/\/tupique.com\/pt\/wp-json\/wp\/v2\/product_tag?post=181451"},{"taxonomy":"woo-feed-brand","embeddable":true,"href":"https:\/\/tupique.com\/pt\/wp-json\/wp\/v2\/woo-feed-brand?post=181451"}],"curies":[{"name":"wp","href":"https:\/\/api.w.org\/{rel}","templated":true}]}}