{"id":181473,"date":"2026-05-11T14:15:21","date_gmt":"2026-05-11T12:15:21","guid":{"rendered":"https:\/\/tupique.com\/product\/chaussures-de-sport-pour-enfants-puma-stepfleex2-slve-glitzfs-vlnf-193622-07\/"},"modified":"2026-05-11T21:23:54","modified_gmt":"2026-05-11T19:23:54","slug":"chaussures-de-sport-pour-enfants-puma-stepfleex2-slve-glitzfs-vlnf-193622-07","status":"publish","type":"product","link":"https:\/\/tupique.com\/pt\/product\/chaussures-de-sport-pour-enfants-puma-stepfleex2-slve-glitzfs-vlnf-193622-07\/","title":{"rendered":"Chaussures de Sport pour Enfants Puma STEPFLEEX2 SLVE GLITZFS VLNF 193622 07"},"content":{"rendered":"<p>Restez en forme et d\u00e9couvrez les derni\u00e8res nouveaut\u00e9s du secteur pour faire du sport avec les meilleures garanties ! Achetez <b>Chaussures de Sport pour Enfants Puma STEPFLEEX2 SLVE GLITZFS VLNF 193622 07 <\/b> au meilleur prix et profitez d&#8217;une vie saine !<\/p>\n<ul>\n<li>Semelle: Caoutchouc<\/li>\n<li>Tipo:\n<ul>\n<li>Chaussures de Sport pour Enfants<\/li>\n<li>Baskets<\/li>\n<\/ul>\n<\/li>\n<li>Couleur: Noir<\/li>\n<li>Genre:\n<ul>\n<li>Fille<\/li>\n<li>Pour les filles<\/li>\n<li>Femme<\/li>\n<\/ul>\n<\/li>\n<li>Mat\u00e9riel: Synth\u00e9tique<\/li>\n<\/ul>","protected":false},"excerpt":{"rendered":"<p>Restez en forme et d\u00e9couvrez les derni\u00e8res nouveaut\u00e9s du secteur pour faire du sport avec les meilleures garanties ! Achetez Chaussures de Sport pour Enfants Puma STEPFLEEX2 SLVE GLITZFS VLNF 193622 07 au meilleur prix et profitez d&#8217;une vie saine ! Semelle: Caoutchouc Type: Chaussures de Sport pour Enfants Baskets Couleur: Noir Genre: Fille Pour [&hellip;]<\/p>\n","protected":false},"featured_media":181471,"comment_status":"open","ping_status":"closed","template":"","meta":[],"product_brand":[184],"product_cat":[2196,1855,1764],"product_tag":[163],"class_list":{"0":"post-181473","1":"product","2":"type-product","3":"status-publish","4":"has-post-thumbnail","6":"product_brand-brandp_871","7":"product_cat-chaussures-de-running","8":"product_cat-running-et-athletisme","9":"product_cat-sports-loisirs","10":"product_tag-tag_17","12":"first","13":"instock","14":"taxable","15":"shipping-taxable","16":"purchasable","17":"product-type-variable"},"yoast_head":"<!-- This site is optimized with the Yoast SEO plugin v27.5 - https:\/\/yoast.com\/product\/yoast-seo-wordpress\/ -->\n<title>Chaussures de Sport pour Enfants Puma STEPFLEEX2 SLVE GLITZFS VLNF 193622 07 - Tupique<\/title>\n<meta name=\"robots\" content=\"index, follow, max-snippet:-1, max-image-preview:large, max-video-preview:-1\" \/>\n<link rel=\"canonical\" href=\"https:\/\/tupique.com\/pt\/product\/chaussures-de-sport-pour-enfants-puma-stepfleex2-slve-glitzfs-vlnf-193622-07\/\" \/>\n<meta property=\"og:locale\" content=\"pt_PT\" \/>\n<meta property=\"og:type\" content=\"article\" \/>\n<meta property=\"og:title\" content=\"Chaussures de Sport pour Enfants Puma STEPFLEEX2 SLVE GLITZFS VLNF 193622 07 - Tupique\" \/>\n<meta property=\"og:description\" content=\"Restez en forme et d\u00e9couvrez les derni\u00e8res nouveaut\u00e9s du secteur pour faire du sport avec les meilleures garanties ! Achetez Chaussures de Sport pour Enfants Puma STEPFLEEX2 SLVE GLITZFS VLNF 193622 07 au meilleur prix et profitez d&#8217;une vie saine ! Semelle: Caoutchouc Type: Chaussures de Sport pour Enfants Baskets Couleur: Noir Genre: Fille Pour [&hellip;]\" \/>\n<meta property=\"og:url\" content=\"https:\/\/tupique.com\/pt\/product\/chaussures-de-sport-pour-enfants-puma-stepfleex2-slve-glitzfs-vlnf-193622-07\/\" \/>\n<meta property=\"og:site_name\" content=\"Tupique\" \/>\n<meta property=\"article:modified_time\" content=\"2026-05-11T19:23:54+00:00\" \/>\n<meta name=\"twitter:card\" content=\"summary_large_image\" \/>\n<script type=\"application\/ld+json\" class=\"yoast-schema-graph\">{\"@context\":\"https:\\\/\\\/schema.org\",\"@graph\":[{\"@type\":\"WebPage\",\"@id\":\"https:\\\/\\\/tupique.com\\\/product\\\/chaussures-de-sport-pour-enfants-puma-stepfleex2-slve-glitzfs-vlnf-193622-07\\\/\",\"url\":\"https:\\\/\\\/tupique.com\\\/product\\\/chaussures-de-sport-pour-enfants-puma-stepfleex2-slve-glitzfs-vlnf-193622-07\\\/\",\"name\":\"Chaussures de Sport pour Enfants Puma STEPFLEEX2 SLVE GLITZFS VLNF 193622 07 - Tupique\",\"isPartOf\":{\"@id\":\"https:\\\/\\\/tupique.com\\\/#website\"},\"primaryImageOfPage\":{\"@id\":\"https:\\\/\\\/tupique.com\\\/product\\\/chaussures-de-sport-pour-enfants-puma-stepfleex2-slve-glitzfs-vlnf-193622-07\\\/#primaryimage\"},\"image\":{\"@id\":\"https:\\\/\\\/tupique.com\\\/product\\\/chaussures-de-sport-pour-enfants-puma-stepfleex2-slve-glitzfs-vlnf-193622-07\\\/#primaryimage\"},\"thumbnailUrl\":\"https:\\\/\\\/tupique.com\\\/wp-content\\\/uploads\\\/2026\\\/05\\\/4063699717341_S2017911_P0-v_13.jpg\",\"datePublished\":\"2026-05-11T12:15:21+00:00\",\"dateModified\":\"2026-05-11T19:23:54+00:00\",\"breadcrumb\":{\"@id\":\"https:\\\/\\\/tupique.com\\\/product\\\/chaussures-de-sport-pour-enfants-puma-stepfleex2-slve-glitzfs-vlnf-193622-07\\\/#breadcrumb\"},\"inLanguage\":\"pt-PT\",\"potentialAction\":[{\"@type\":\"ReadAction\",\"target\":[\"https:\\\/\\\/tupique.com\\\/product\\\/chaussures-de-sport-pour-enfants-puma-stepfleex2-slve-glitzfs-vlnf-193622-07\\\/\"]}]},{\"@type\":\"ImageObject\",\"inLanguage\":\"pt-PT\",\"@id\":\"https:\\\/\\\/tupique.com\\\/product\\\/chaussures-de-sport-pour-enfants-puma-stepfleex2-slve-glitzfs-vlnf-193622-07\\\/#primaryimage\",\"url\":\"https:\\\/\\\/tupique.com\\\/wp-content\\\/uploads\\\/2026\\\/05\\\/4063699717341_S2017911_P0-v_13.jpg\",\"contentUrl\":\"https:\\\/\\\/tupique.com\\\/wp-content\\\/uploads\\\/2026\\\/05\\\/4063699717341_S2017911_P0-v_13.jpg\",\"width\":1200,\"height\":1200,\"caption\":\"S2017978_0\"},{\"@type\":\"BreadcrumbList\",\"@id\":\"https:\\\/\\\/tupique.com\\\/product\\\/chaussures-de-sport-pour-enfants-puma-stepfleex2-slve-glitzfs-vlnf-193622-07\\\/#breadcrumb\",\"itemListElement\":[{\"@type\":\"ListItem\",\"position\":1,\"name\":\"commencer\",\"item\":\"https:\\\/\\\/tupique.com\\\/\"},{\"@type\":\"ListItem\",\"position\":2,\"name\":\"Loja\",\"item\":\"https:\\\/\\\/tupique.com\\\/loja\\\/\"},{\"@type\":\"ListItem\",\"position\":3,\"name\":\"Chaussures de Sport pour Enfants Puma STEPFLEEX2 SLVE GLITZFS VLNF 193622 07\"}]},{\"@type\":\"WebSite\",\"@id\":\"https:\\\/\\\/tupique.com\\\/#website\",\"url\":\"https:\\\/\\\/tupique.com\\\/\",\"name\":\"Tupique\",\"description\":\"\",\"publisher\":{\"@id\":\"https:\\\/\\\/tupique.com\\\/#organization\"},\"potentialAction\":[{\"@type\":\"SearchAction\",\"target\":{\"@type\":\"EntryPoint\",\"urlTemplate\":\"https:\\\/\\\/tupique.com\\\/?s={search_term_string}\"},\"query-input\":{\"@type\":\"PropertyValueSpecification\",\"valueRequired\":true,\"valueName\":\"search_term_string\"}}],\"inLanguage\":\"pt-PT\"},{\"@type\":\"Organization\",\"@id\":\"https:\\\/\\\/tupique.com\\\/#organization\",\"name\":\"Tupique\",\"url\":\"https:\\\/\\\/tupique.com\\\/\",\"logo\":{\"@type\":\"ImageObject\",\"inLanguage\":\"pt-PT\",\"@id\":\"https:\\\/\\\/tupique.com\\\/#\\\/schema\\\/logo\\\/image\\\/\",\"url\":\"https:\\\/\\\/tupique.com\\\/wp-content\\\/uploads\\\/2026\\\/03\\\/logo-tupique-1.webp\",\"contentUrl\":\"https:\\\/\\\/tupique.com\\\/wp-content\\\/uploads\\\/2026\\\/03\\\/logo-tupique-1.webp\",\"width\":500,\"height\":67,\"caption\":\"Tupique\"},\"image\":{\"@id\":\"https:\\\/\\\/tupique.com\\\/#\\\/schema\\\/logo\\\/image\\\/\"}}]}<\/script>\n<!-- \/ Yoast SEO plugin. -->","yoast_head_json":{"title":"Chaussures de Sport pour Enfants Puma STEPFLEEX2 SLVE GLITZFS VLNF 193622 07 - Tupique","robots":{"index":"index","follow":"follow","max-snippet":"max-snippet:-1","max-image-preview":"max-image-preview:large","max-video-preview":"max-video-preview:-1"},"canonical":"https:\/\/tupique.com\/pt\/product\/chaussures-de-sport-pour-enfants-puma-stepfleex2-slve-glitzfs-vlnf-193622-07\/","og_locale":"pt_PT","og_type":"article","og_title":"Chaussures de Sport pour Enfants Puma STEPFLEEX2 SLVE GLITZFS VLNF 193622 07 - Tupique","og_description":"Restez en forme et d\u00e9couvrez les derni\u00e8res nouveaut\u00e9s du secteur pour faire du sport avec les meilleures garanties ! Achetez Chaussures de Sport pour Enfants Puma STEPFLEEX2 SLVE GLITZFS VLNF 193622 07 au meilleur prix et profitez d&#8217;une vie saine ! Semelle: Caoutchouc Type: Chaussures de Sport pour Enfants Baskets Couleur: Noir Genre: Fille Pour [&hellip;]","og_url":"https:\/\/tupique.com\/pt\/product\/chaussures-de-sport-pour-enfants-puma-stepfleex2-slve-glitzfs-vlnf-193622-07\/","og_site_name":"Tupique","article_modified_time":"2026-05-11T19:23:54+00:00","twitter_card":"summary_large_image","schema":{"@context":"https:\/\/schema.org","@graph":[{"@type":"WebPage","@id":"https:\/\/tupique.com\/product\/chaussures-de-sport-pour-enfants-puma-stepfleex2-slve-glitzfs-vlnf-193622-07\/","url":"https:\/\/tupique.com\/product\/chaussures-de-sport-pour-enfants-puma-stepfleex2-slve-glitzfs-vlnf-193622-07\/","name":"Chaussures de Sport pour Enfants Puma STEPFLEEX2 SLVE GLITZFS VLNF 193622 07 - Tupique","isPartOf":{"@id":"https:\/\/tupique.com\/#website"},"primaryImageOfPage":{"@id":"https:\/\/tupique.com\/product\/chaussures-de-sport-pour-enfants-puma-stepfleex2-slve-glitzfs-vlnf-193622-07\/#primaryimage"},"image":{"@id":"https:\/\/tupique.com\/product\/chaussures-de-sport-pour-enfants-puma-stepfleex2-slve-glitzfs-vlnf-193622-07\/#primaryimage"},"thumbnailUrl":"https:\/\/tupique.com\/wp-content\/uploads\/2026\/05\/4063699717341_S2017911_P0-v_13.jpg","datePublished":"2026-05-11T12:15:21+00:00","dateModified":"2026-05-11T19:23:54+00:00","breadcrumb":{"@id":"https:\/\/tupique.com\/product\/chaussures-de-sport-pour-enfants-puma-stepfleex2-slve-glitzfs-vlnf-193622-07\/#breadcrumb"},"inLanguage":"pt-PT","potentialAction":[{"@type":"ReadAction","target":["https:\/\/tupique.com\/product\/chaussures-de-sport-pour-enfants-puma-stepfleex2-slve-glitzfs-vlnf-193622-07\/"]}]},{"@type":"ImageObject","inLanguage":"pt-PT","@id":"https:\/\/tupique.com\/product\/chaussures-de-sport-pour-enfants-puma-stepfleex2-slve-glitzfs-vlnf-193622-07\/#primaryimage","url":"https:\/\/tupique.com\/wp-content\/uploads\/2026\/05\/4063699717341_S2017911_P0-v_13.jpg","contentUrl":"https:\/\/tupique.com\/wp-content\/uploads\/2026\/05\/4063699717341_S2017911_P0-v_13.jpg","width":1200,"height":1200,"caption":"S2017978_0"},{"@type":"BreadcrumbList","@id":"https:\/\/tupique.com\/product\/chaussures-de-sport-pour-enfants-puma-stepfleex2-slve-glitzfs-vlnf-193622-07\/#breadcrumb","itemListElement":[{"@type":"ListItem","position":1,"name":"commencer","item":"https:\/\/tupique.com\/"},{"@type":"ListItem","position":2,"name":"Loja","item":"https:\/\/tupique.com\/loja\/"},{"@type":"ListItem","position":3,"name":"Chaussures de Sport pour Enfants Puma STEPFLEEX2 SLVE GLITZFS VLNF 193622 07"}]},{"@type":"WebSite","@id":"https:\/\/tupique.com\/#website","url":"https:\/\/tupique.com\/","name":"Tupique","description":"","publisher":{"@id":"https:\/\/tupique.com\/#organization"},"potentialAction":[{"@type":"SearchAction","target":{"@type":"EntryPoint","urlTemplate":"https:\/\/tupique.com\/?s={search_term_string}"},"query-input":{"@type":"PropertyValueSpecification","valueRequired":true,"valueName":"search_term_string"}}],"inLanguage":"pt-PT"},{"@type":"Organization","@id":"https:\/\/tupique.com\/#organization","name":"Tupique","url":"https:\/\/tupique.com\/","logo":{"@type":"ImageObject","inLanguage":"pt-PT","@id":"https:\/\/tupique.com\/#\/schema\/logo\/image\/","url":"https:\/\/tupique.com\/wp-content\/uploads\/2026\/03\/logo-tupique-1.webp","contentUrl":"https:\/\/tupique.com\/wp-content\/uploads\/2026\/03\/logo-tupique-1.webp","width":500,"height":67,"caption":"Tupique"},"image":{"@id":"https:\/\/tupique.com\/#\/schema\/logo\/image\/"}}]}},"_links":{"self":[{"href":"https:\/\/tupique.com\/pt\/wp-json\/wp\/v2\/product\/181473","targetHints":{"allow":["GET"]}}],"collection":[{"href":"https:\/\/tupique.com\/pt\/wp-json\/wp\/v2\/product"}],"about":[{"href":"https:\/\/tupique.com\/pt\/wp-json\/wp\/v2\/types\/product"}],"replies":[{"embeddable":true,"href":"https:\/\/tupique.com\/pt\/wp-json\/wp\/v2\/comments?post=181473"}],"wp:featuredmedia":[{"embeddable":true,"href":"https:\/\/tupique.com\/pt\/wp-json\/wp\/v2\/media\/181471"}],"wp:attachment":[{"href":"https:\/\/tupique.com\/pt\/wp-json\/wp\/v2\/media?parent=181473"}],"wp:term":[{"taxonomy":"product_brand","embeddable":true,"href":"https:\/\/tupique.com\/pt\/wp-json\/wp\/v2\/product_brand?post=181473"},{"taxonomy":"product_cat","embeddable":true,"href":"https:\/\/tupique.com\/pt\/wp-json\/wp\/v2\/product_cat?post=181473"},{"taxonomy":"product_tag","embeddable":true,"href":"https:\/\/tupique.com\/pt\/wp-json\/wp\/v2\/product_tag?post=181473"}],"curies":[{"name":"wp","href":"https:\/\/api.w.org\/{rel}","templated":true}]}}