{"id":181714,"date":"2026-05-11T14:36:39","date_gmt":"2026-05-11T12:36:39","guid":{"rendered":"https:\/\/tupique.com\/product\/toile-dkd-home-decor-polystyrene-toile-80-x-3-x-80-cm\/"},"modified":"2026-05-11T21:17:45","modified_gmt":"2026-05-11T19:17:45","slug":"toile-dkd-home-decor-polystyrene-toile-80-x-3-x-80-cm","status":"publish","type":"product","link":"https:\/\/tupique.com\/pt\/product\/toile-dkd-home-decor-polystyrene-toile-80-x-3-x-80-cm\/","title":{"rendered":"Toile DKD Home Decor polystyr\u00e8ne Toile 80 x 3 x 80 cm"},"content":{"rendered":"<p>Vous voulez donner une touche d&#8217;originalit\u00e9 \u00e0 votre maison ? Vous y arriverez gr\u00e2ce au <b>Toile DKD Home Decor polystyr\u00e8ne Toile 80 x 3 x 80 cm<\/b>.<\/p>\n<ul>\n<li>Type: Cadre<\/li>\n<li>Mati\u00e8re:\n<ul>\n<li>polystyr\u00e8ne<\/li>\n<li>Toile<\/li>\n<\/ul>\n<\/li>\n<li>Caract\u00e9ristiques: Fait main<\/li>\n<li>Design:\n<ul>\n<li>Shabby Chic<\/li>\n<li>Vase<\/li>\n<\/ul>\n<\/li>\n<li>Dimensions approx.: 80 x 3 x 80 cm<\/li>\n<li>Forme: Rectangulaire<\/li>\n<\/ul>\n<p>Informations importantes: Dessins assortis envoy\u00e9s al\u00e9atoirement selon le stock disponible.<\/p>","protected":false},"excerpt":{"rendered":"<p><span class=\"unit-info\">23.9950 &euro; \/ 1 unit<\/span><\/p>","protected":false},"featured_media":181713,"comment_status":"open","ping_status":"closed","template":"","meta":[],"product_brand":[263],"product_cat":[1430,239,1729],"product_tag":[571],"woo-feed-brand":[],"class_list":{"0":"post-181714","1":"product","2":"type-product","3":"status-publish","4":"has-post-thumbnail","6":"product_brand-brandp_3770","7":"product_cat-decoration-et-eclairage","8":"product_cat-maison-jardin","9":"product_cat-tableaux-et-affiches","10":"product_tag-tag_27","12":"first","13":"instock","14":"taxable","15":"shipping-taxable","16":"purchasable","17":"product-type-simple"},"yoast_head":"<!-- This site is optimized with the Yoast SEO plugin v27.6 - https:\/\/yoast.com\/product\/yoast-seo-wordpress\/ -->\n<title>Toile DKD Home Decor polystyr\u00e8ne Toile 80 x 3 x 80 cm | | Tupique<\/title>\n<meta name=\"description\" content=\"Envie d&#039;acheter Toile DKD Home Decor polystyr\u00e8ne Toile 80 x 3 x 80 cm\u00a0? Achetez Toile DKD Home Decor polystyr\u00e8ne Toile 80 x 3 x 80 cm maintenant avec Tupique en 3 versements sans int\u00e9r\u00eat.\" \/>\n<meta name=\"robots\" content=\"index, follow, max-snippet:-1, max-image-preview:large, max-video-preview:-1\" \/>\n<link rel=\"canonical\" href=\"https:\/\/tupique.com\/pt\/product\/toile-dkd-home-decor-polystyrene-toile-80-x-3-x-80-cm\/\" \/>\n<meta property=\"og:locale\" content=\"pt_PT\" \/>\n<meta property=\"og:type\" content=\"article\" \/>\n<meta property=\"og:title\" content=\"Toile DKD Home Decor polystyr\u00e8ne Toile 80 x 3 x 80 cm | | Tupique\" \/>\n<meta property=\"og:description\" content=\"Envie d&#039;acheter Toile DKD Home Decor polystyr\u00e8ne Toile 80 x 3 x 80 cm\u00a0? Achetez Toile DKD Home Decor polystyr\u00e8ne Toile 80 x 3 x 80 cm maintenant avec Tupique en 3 versements sans int\u00e9r\u00eat.\" \/>\n<meta property=\"og:url\" content=\"https:\/\/tupique.com\/pt\/product\/toile-dkd-home-decor-polystyrene-toile-80-x-3-x-80-cm\/\" \/>\n<meta property=\"og:site_name\" content=\"Tupique\" \/>\n<meta property=\"article:modified_time\" content=\"2026-05-11T19:17:45+00:00\" \/>\n<meta property=\"og:image\" content=\"https:\/\/tupique.com\/wp-content\/uploads\/2026\/05\/8424001897360_S3018393_P01.jpg\" \/>\n\t<meta property=\"og:image:width\" content=\"1200\" \/>\n\t<meta property=\"og:image:height\" content=\"1200\" \/>\n\t<meta property=\"og:image:type\" content=\"image\/jpeg\" \/>\n<meta name=\"twitter:card\" content=\"summary_large_image\" \/>\n<script type=\"application\/ld+json\" class=\"yoast-schema-graph\">{\"@context\":\"https:\\\/\\\/schema.org\",\"@graph\":[{\"@type\":\"WebPage\",\"@id\":\"https:\\\/\\\/tupique.com\\\/product\\\/toile-dkd-home-decor-polystyrene-toile-80-x-3-x-80-cm\\\/\",\"url\":\"https:\\\/\\\/tupique.com\\\/product\\\/toile-dkd-home-decor-polystyrene-toile-80-x-3-x-80-cm\\\/\",\"name\":\"Toile DKD Home Decor polystyr\u00e8ne Toile 80 x 3 x 80 cm | | Tupique\",\"isPartOf\":{\"@id\":\"https:\\\/\\\/tupique.com\\\/#website\"},\"primaryImageOfPage\":{\"@id\":\"https:\\\/\\\/tupique.com\\\/product\\\/toile-dkd-home-decor-polystyrene-toile-80-x-3-x-80-cm\\\/#primaryimage\"},\"image\":{\"@id\":\"https:\\\/\\\/tupique.com\\\/product\\\/toile-dkd-home-decor-polystyrene-toile-80-x-3-x-80-cm\\\/#primaryimage\"},\"thumbnailUrl\":\"https:\\\/\\\/tupique.com\\\/wp-content\\\/uploads\\\/2026\\\/05\\\/8424001897360_S3018393_P01.jpg\",\"datePublished\":\"2026-05-11T12:36:39+00:00\",\"dateModified\":\"2026-05-11T19:17:45+00:00\",\"description\":\"Envie d'acheter Toile DKD Home Decor polystyr\u00e8ne Toile 80 x 3 x 80 cm\u00a0? Achetez Toile DKD Home Decor polystyr\u00e8ne Toile 80 x 3 x 80 cm maintenant avec Tupique en 3 versements sans int\u00e9r\u00eat.\",\"breadcrumb\":{\"@id\":\"https:\\\/\\\/tupique.com\\\/product\\\/toile-dkd-home-decor-polystyrene-toile-80-x-3-x-80-cm\\\/#breadcrumb\"},\"inLanguage\":\"pt-PT\",\"potentialAction\":[{\"@type\":\"ReadAction\",\"target\":[\"https:\\\/\\\/tupique.com\\\/product\\\/toile-dkd-home-decor-polystyrene-toile-80-x-3-x-80-cm\\\/\"]}]},{\"@type\":\"ImageObject\",\"inLanguage\":\"pt-PT\",\"@id\":\"https:\\\/\\\/tupique.com\\\/product\\\/toile-dkd-home-decor-polystyrene-toile-80-x-3-x-80-cm\\\/#primaryimage\",\"url\":\"https:\\\/\\\/tupique.com\\\/wp-content\\\/uploads\\\/2026\\\/05\\\/8424001897360_S3018393_P01.jpg\",\"contentUrl\":\"https:\\\/\\\/tupique.com\\\/wp-content\\\/uploads\\\/2026\\\/05\\\/8424001897360_S3018393_P01.jpg\",\"width\":1200,\"height\":1200,\"caption\":\"S3018393_0\"},{\"@type\":\"BreadcrumbList\",\"@id\":\"https:\\\/\\\/tupique.com\\\/product\\\/toile-dkd-home-decor-polystyrene-toile-80-x-3-x-80-cm\\\/#breadcrumb\",\"itemListElement\":[{\"@type\":\"ListItem\",\"position\":1,\"name\":\"commencer\",\"item\":\"https:\\\/\\\/tupique.com\\\/\"},{\"@type\":\"ListItem\",\"position\":2,\"name\":\"Loja\",\"item\":\"https:\\\/\\\/tupique.com\\\/pt\\\/loja\\\/\"},{\"@type\":\"ListItem\",\"position\":3,\"name\":\"Toile DKD Home Decor polystyr\u00e8ne Toile 80 x 3 x 80 cm\"}]},{\"@type\":\"WebSite\",\"@id\":\"https:\\\/\\\/tupique.com\\\/#website\",\"url\":\"https:\\\/\\\/tupique.com\\\/\",\"name\":\"Tupique\",\"description\":\"\",\"publisher\":{\"@id\":\"https:\\\/\\\/tupique.com\\\/#organization\"},\"potentialAction\":[{\"@type\":\"SearchAction\",\"target\":{\"@type\":\"EntryPoint\",\"urlTemplate\":\"https:\\\/\\\/tupique.com\\\/?s={search_term_string}\"},\"query-input\":{\"@type\":\"PropertyValueSpecification\",\"valueRequired\":true,\"valueName\":\"search_term_string\"}}],\"inLanguage\":\"pt-PT\"},{\"@type\":\"Organization\",\"@id\":\"https:\\\/\\\/tupique.com\\\/#organization\",\"name\":\"Tupique\",\"url\":\"https:\\\/\\\/tupique.com\\\/\",\"logo\":{\"@type\":\"ImageObject\",\"inLanguage\":\"pt-PT\",\"@id\":\"https:\\\/\\\/tupique.com\\\/#\\\/schema\\\/logo\\\/image\\\/\",\"url\":\"https:\\\/\\\/tupique.com\\\/wp-content\\\/uploads\\\/2026\\\/03\\\/logo-tupique-1.webp\",\"contentUrl\":\"https:\\\/\\\/tupique.com\\\/wp-content\\\/uploads\\\/2026\\\/03\\\/logo-tupique-1.webp\",\"width\":500,\"height\":67,\"caption\":\"Tupique\"},\"image\":{\"@id\":\"https:\\\/\\\/tupique.com\\\/#\\\/schema\\\/logo\\\/image\\\/\"}}]}<\/script>\n<!-- \/ Yoast SEO plugin. -->","yoast_head_json":{"title":"Toile DKD Home Decor polystyr\u00e8ne Toile 80 x 3 x 80 cm | | Tupique","description":"Envie d'acheter Toile DKD Home Decor polystyr\u00e8ne Toile 80 x 3 x 80 cm\u00a0? Achetez Toile DKD Home Decor polystyr\u00e8ne Toile 80 x 3 x 80 cm maintenant avec Tupique en 3 versements sans int\u00e9r\u00eat.","robots":{"index":"index","follow":"follow","max-snippet":"max-snippet:-1","max-image-preview":"max-image-preview:large","max-video-preview":"max-video-preview:-1"},"canonical":"https:\/\/tupique.com\/pt\/product\/toile-dkd-home-decor-polystyrene-toile-80-x-3-x-80-cm\/","og_locale":"pt_PT","og_type":"article","og_title":"Toile DKD Home Decor polystyr\u00e8ne Toile 80 x 3 x 80 cm | | Tupique","og_description":"Envie d'acheter Toile DKD Home Decor polystyr\u00e8ne Toile 80 x 3 x 80 cm\u00a0? Achetez Toile DKD Home Decor polystyr\u00e8ne Toile 80 x 3 x 80 cm maintenant avec Tupique en 3 versements sans int\u00e9r\u00eat.","og_url":"https:\/\/tupique.com\/pt\/product\/toile-dkd-home-decor-polystyrene-toile-80-x-3-x-80-cm\/","og_site_name":"Tupique","article_modified_time":"2026-05-11T19:17:45+00:00","og_image":[{"width":1200,"height":1200,"url":"https:\/\/tupique.com\/wp-content\/uploads\/2026\/05\/8424001897360_S3018393_P01.jpg","type":"image\/jpeg"}],"twitter_card":"summary_large_image","schema":{"@context":"https:\/\/schema.org","@graph":[{"@type":"WebPage","@id":"https:\/\/tupique.com\/product\/toile-dkd-home-decor-polystyrene-toile-80-x-3-x-80-cm\/","url":"https:\/\/tupique.com\/product\/toile-dkd-home-decor-polystyrene-toile-80-x-3-x-80-cm\/","name":"Toile DKD Home Decor polystyr\u00e8ne Toile 80 x 3 x 80 cm | | Tupique","isPartOf":{"@id":"https:\/\/tupique.com\/#website"},"primaryImageOfPage":{"@id":"https:\/\/tupique.com\/product\/toile-dkd-home-decor-polystyrene-toile-80-x-3-x-80-cm\/#primaryimage"},"image":{"@id":"https:\/\/tupique.com\/product\/toile-dkd-home-decor-polystyrene-toile-80-x-3-x-80-cm\/#primaryimage"},"thumbnailUrl":"https:\/\/tupique.com\/wp-content\/uploads\/2026\/05\/8424001897360_S3018393_P01.jpg","datePublished":"2026-05-11T12:36:39+00:00","dateModified":"2026-05-11T19:17:45+00:00","description":"Envie d'acheter Toile DKD Home Decor polystyr\u00e8ne Toile 80 x 3 x 80 cm\u00a0? Achetez Toile DKD Home Decor polystyr\u00e8ne Toile 80 x 3 x 80 cm maintenant avec Tupique en 3 versements sans int\u00e9r\u00eat.","breadcrumb":{"@id":"https:\/\/tupique.com\/product\/toile-dkd-home-decor-polystyrene-toile-80-x-3-x-80-cm\/#breadcrumb"},"inLanguage":"pt-PT","potentialAction":[{"@type":"ReadAction","target":["https:\/\/tupique.com\/product\/toile-dkd-home-decor-polystyrene-toile-80-x-3-x-80-cm\/"]}]},{"@type":"ImageObject","inLanguage":"pt-PT","@id":"https:\/\/tupique.com\/product\/toile-dkd-home-decor-polystyrene-toile-80-x-3-x-80-cm\/#primaryimage","url":"https:\/\/tupique.com\/wp-content\/uploads\/2026\/05\/8424001897360_S3018393_P01.jpg","contentUrl":"https:\/\/tupique.com\/wp-content\/uploads\/2026\/05\/8424001897360_S3018393_P01.jpg","width":1200,"height":1200,"caption":"S3018393_0"},{"@type":"BreadcrumbList","@id":"https:\/\/tupique.com\/product\/toile-dkd-home-decor-polystyrene-toile-80-x-3-x-80-cm\/#breadcrumb","itemListElement":[{"@type":"ListItem","position":1,"name":"commencer","item":"https:\/\/tupique.com\/"},{"@type":"ListItem","position":2,"name":"Loja","item":"https:\/\/tupique.com\/pt\/loja\/"},{"@type":"ListItem","position":3,"name":"Toile DKD Home Decor polystyr\u00e8ne Toile 80 x 3 x 80 cm"}]},{"@type":"WebSite","@id":"https:\/\/tupique.com\/#website","url":"https:\/\/tupique.com\/","name":"Tupique","description":"","publisher":{"@id":"https:\/\/tupique.com\/#organization"},"potentialAction":[{"@type":"SearchAction","target":{"@type":"EntryPoint","urlTemplate":"https:\/\/tupique.com\/?s={search_term_string}"},"query-input":{"@type":"PropertyValueSpecification","valueRequired":true,"valueName":"search_term_string"}}],"inLanguage":"pt-PT"},{"@type":"Organization","@id":"https:\/\/tupique.com\/#organization","name":"Tupique","url":"https:\/\/tupique.com\/","logo":{"@type":"ImageObject","inLanguage":"pt-PT","@id":"https:\/\/tupique.com\/#\/schema\/logo\/image\/","url":"https:\/\/tupique.com\/wp-content\/uploads\/2026\/03\/logo-tupique-1.webp","contentUrl":"https:\/\/tupique.com\/wp-content\/uploads\/2026\/03\/logo-tupique-1.webp","width":500,"height":67,"caption":"Tupique"},"image":{"@id":"https:\/\/tupique.com\/#\/schema\/logo\/image\/"}}]}},"_links":{"self":[{"href":"https:\/\/tupique.com\/pt\/wp-json\/wp\/v2\/product\/181714","targetHints":{"allow":["GET"]}}],"collection":[{"href":"https:\/\/tupique.com\/pt\/wp-json\/wp\/v2\/product"}],"about":[{"href":"https:\/\/tupique.com\/pt\/wp-json\/wp\/v2\/types\/product"}],"replies":[{"embeddable":true,"href":"https:\/\/tupique.com\/pt\/wp-json\/wp\/v2\/comments?post=181714"}],"wp:featuredmedia":[{"embeddable":true,"href":"https:\/\/tupique.com\/pt\/wp-json\/wp\/v2\/media\/181713"}],"wp:attachment":[{"href":"https:\/\/tupique.com\/pt\/wp-json\/wp\/v2\/media?parent=181714"}],"wp:term":[{"taxonomy":"product_brand","embeddable":true,"href":"https:\/\/tupique.com\/pt\/wp-json\/wp\/v2\/product_brand?post=181714"},{"taxonomy":"product_cat","embeddable":true,"href":"https:\/\/tupique.com\/pt\/wp-json\/wp\/v2\/product_cat?post=181714"},{"taxonomy":"product_tag","embeddable":true,"href":"https:\/\/tupique.com\/pt\/wp-json\/wp\/v2\/product_tag?post=181714"},{"taxonomy":"woo-feed-brand","embeddable":true,"href":"https:\/\/tupique.com\/pt\/wp-json\/wp\/v2\/woo-feed-brand?post=181714"}],"curies":[{"name":"wp","href":"https:\/\/api.w.org\/{rel}","templated":true}]}}