{"id":181719,"date":"2026-05-11T14:36:47","date_gmt":"2026-05-11T12:36:47","guid":{"rendered":"https:\/\/tupique.com\/product\/adaptateur-displayport-vers-dvi-startech-dvi2dp2-noir\/"},"modified":"2026-05-11T21:19:01","modified_gmt":"2026-05-11T19:19:01","slug":"adaptateur-displayport-vers-dvi-startech-dvi2dp2-noir","status":"publish","type":"product","link":"https:\/\/tupique.com\/pt\/product\/adaptateur-displayport-vers-dvi-startech-dvi2dp2-noir\/","title":{"rendered":"Adaptateur DisplayPort vers DVI Startech DVI2DP2              Noir"},"content":{"rendered":"<p>Si vous \u00eates passionn\u00e9 d&#8217;<b>informatique et d&#8217;\u00e9lectronique<\/b>, si vous \u00eates \u00e0 la pointe de la technologie et qu&#8217;aucun d\u00e9tail ne vous \u00e9chappe, achetez <b>Adaptateur DisplayPort vers DVI Startech DVI2DP2              Noir<\/b> au meilleur prix.<\/p>\n<ul>\n<li>Connexions:\n<ul>\n<li>DisplayPort<\/li>\n<li>DVI-D<\/li>\n<li>RCA<\/li>\n<\/ul>\n<\/li>\n<li>Bloc d\u2019Alimentation: USB<\/li>\n<li>Tipo:\n<ul>\n<li>Prise Femelle<\/li>\n<li>Prise M\u00e2le<\/li>\n<li>Prise M\u00e2le\/Prise M\u00e2le<\/li>\n<\/ul>\n<\/li>\n<li>Couleur: Noir<\/li>\n<li>Ann\u00e9e: 2017<\/li>\n<li>Ports: 3<\/li>\n<li>Caract\u00e9ristiques: Plug and play<\/li>\n<li>Certificat: CE &amp; RoHS, FCC<\/li>\n<li>Facteur de forme: Straight<\/li>\n<\/ul>","protected":false},"excerpt":{"rendered":"<p>Si vous \u00eates passionn\u00e9 d&#8217;informatique et d&#8217;\u00e9lectronique, si vous \u00eates \u00e0 la pointe de la technologie et qu&#8217;aucun d\u00e9tail ne vous \u00e9chappe, achetez Adaptateur DisplayPort vers DVI Startech DVI2DP2 Noir au meilleur prix. Connexions: DisplayPort DVI-D RCA Bloc d\u2019Alimentation: USB Type: Prise Femelle Prise M\u00e2le Prise M\u00e2le\/Prise M\u00e2le Couleur: Noir Ann\u00e9e: 2017 Ports: 3 Caract\u00e9ristiques: [&hellip;]<\/p>\n","protected":false},"featured_media":181715,"comment_status":"open","ping_status":"closed","template":"","meta":[],"product_brand":[634],"product_cat":[613,239],"product_tag":[210],"woo-feed-brand":[],"class_list":{"0":"post-181719","1":"product","2":"type-product","3":"status-publish","4":"has-post-thumbnail","6":"product_brand-brandp_4771","7":"product_cat-bricolage-et-materiel","8":"product_cat-maison-jardin","9":"product_tag-tag_25","11":"first","12":"instock","13":"taxable","14":"shipping-taxable","15":"purchasable","16":"product-type-simple"},"yoast_head":"<!-- This site is optimized with the Yoast SEO plugin v27.6 - https:\/\/yoast.com\/product\/yoast-seo-wordpress\/ -->\n<title>Adaptateur DisplayPort vers DVI Startech DVI2DP2       Noir | | Tupique<\/title>\n<meta name=\"description\" content=\"Envie d&#039;acheter Adaptateur DisplayPort vers DVI Startech DVI2DP2       Noir\u00a0? Achetez Adaptateur DisplayPort vers DVI Startech DVI2DP2       Noir maintenant avec Tupique en 3 versements sans int\u00e9r\u00eat.\" \/>\n<meta name=\"robots\" content=\"index, follow, max-snippet:-1, max-image-preview:large, max-video-preview:-1\" \/>\n<link rel=\"canonical\" href=\"https:\/\/tupique.com\/pt\/product\/adaptateur-displayport-vers-dvi-startech-dvi2dp2-noir\/\" \/>\n<meta property=\"og:locale\" content=\"pt_PT\" \/>\n<meta property=\"og:type\" content=\"article\" \/>\n<meta property=\"og:title\" content=\"Adaptateur DisplayPort vers DVI Startech DVI2DP2       Noir | | Tupique\" \/>\n<meta property=\"og:description\" content=\"Envie d&#039;acheter Adaptateur DisplayPort vers DVI Startech DVI2DP2       Noir\u00a0? Achetez Adaptateur DisplayPort vers DVI Startech DVI2DP2       Noir maintenant avec Tupique en 3 versements sans int\u00e9r\u00eat.\" \/>\n<meta property=\"og:url\" content=\"https:\/\/tupique.com\/pt\/product\/adaptateur-displayport-vers-dvi-startech-dvi2dp2-noir\/\" \/>\n<meta property=\"og:site_name\" content=\"Tupique\" \/>\n<meta property=\"article:modified_time\" content=\"2026-05-11T19:19:01+00:00\" \/>\n<meta property=\"og:image\" content=\"https:\/\/tupique.com\/wp-content\/uploads\/2026\/05\/232815653.jpg\" \/>\n\t<meta property=\"og:image:width\" content=\"1200\" \/>\n\t<meta property=\"og:image:height\" content=\"1200\" \/>\n\t<meta property=\"og:image:type\" content=\"image\/jpeg\" \/>\n<meta name=\"twitter:card\" content=\"summary_large_image\" \/>\n<script type=\"application\/ld+json\" class=\"yoast-schema-graph\">{\"@context\":\"https:\\\/\\\/schema.org\",\"@graph\":[{\"@type\":\"WebPage\",\"@id\":\"https:\\\/\\\/tupique.com\\\/pt\\\/product\\\/adaptateur-displayport-vers-dvi-startech-dvi2dp2-noir\\\/\",\"url\":\"https:\\\/\\\/tupique.com\\\/pt\\\/product\\\/adaptateur-displayport-vers-dvi-startech-dvi2dp2-noir\\\/\",\"name\":\"Adaptateur DisplayPort vers DVI Startech DVI2DP2 Noir | | Tupique\",\"isPartOf\":{\"@id\":\"https:\\\/\\\/tupique.com\\\/#website\"},\"primaryImageOfPage\":{\"@id\":\"https:\\\/\\\/tupique.com\\\/pt\\\/product\\\/adaptateur-displayport-vers-dvi-startech-dvi2dp2-noir\\\/#primaryimage\"},\"image\":{\"@id\":\"https:\\\/\\\/tupique.com\\\/pt\\\/product\\\/adaptateur-displayport-vers-dvi-startech-dvi2dp2-noir\\\/#primaryimage\"},\"thumbnailUrl\":\"https:\\\/\\\/tupique.com\\\/wp-content\\\/uploads\\\/2026\\\/05\\\/232815653.jpg\",\"datePublished\":\"2026-05-11T12:36:47+00:00\",\"dateModified\":\"2026-05-11T19:19:01+00:00\",\"description\":\"Envie d'acheter Adaptateur DisplayPort vers DVI Startech DVI2DP2 Noir\u00a0? Achetez Adaptateur DisplayPort vers DVI Startech DVI2DP2 Noir maintenant avec Tupique en 3 versements sans int\u00e9r\u00eat.\",\"breadcrumb\":{\"@id\":\"https:\\\/\\\/tupique.com\\\/pt\\\/product\\\/adaptateur-displayport-vers-dvi-startech-dvi2dp2-noir\\\/#breadcrumb\"},\"inLanguage\":\"pt-PT\",\"potentialAction\":[{\"@type\":\"ReadAction\",\"target\":[\"https:\\\/\\\/tupique.com\\\/pt\\\/product\\\/adaptateur-displayport-vers-dvi-startech-dvi2dp2-noir\\\/\"]}]},{\"@type\":\"ImageObject\",\"inLanguage\":\"pt-PT\",\"@id\":\"https:\\\/\\\/tupique.com\\\/pt\\\/product\\\/adaptateur-displayport-vers-dvi-startech-dvi2dp2-noir\\\/#primaryimage\",\"url\":\"https:\\\/\\\/tupique.com\\\/wp-content\\\/uploads\\\/2026\\\/05\\\/232815653.jpg\",\"contentUrl\":\"https:\\\/\\\/tupique.com\\\/wp-content\\\/uploads\\\/2026\\\/05\\\/232815653.jpg\",\"width\":1200,\"height\":1200,\"caption\":\"S55058287_0\"},{\"@type\":\"BreadcrumbList\",\"@id\":\"https:\\\/\\\/tupique.com\\\/pt\\\/product\\\/adaptateur-displayport-vers-dvi-startech-dvi2dp2-noir\\\/#breadcrumb\",\"itemListElement\":[{\"@type\":\"ListItem\",\"position\":1,\"name\":\"commencer\",\"item\":\"https:\\\/\\\/tupique.com\\\/\"},{\"@type\":\"ListItem\",\"position\":2,\"name\":\"Loja\",\"item\":\"https:\\\/\\\/tupique.com\\\/pt\\\/loja\\\/\"},{\"@type\":\"ListItem\",\"position\":3,\"name\":\"Adaptateur DisplayPort vers DVI Startech DVI2DP2 Noir\"}]},{\"@type\":\"WebSite\",\"@id\":\"https:\\\/\\\/tupique.com\\\/#website\",\"url\":\"https:\\\/\\\/tupique.com\\\/\",\"name\":\"Tupique\",\"description\":\"\",\"publisher\":{\"@id\":\"https:\\\/\\\/tupique.com\\\/#organization\"},\"potentialAction\":[{\"@type\":\"SearchAction\",\"target\":{\"@type\":\"EntryPoint\",\"urlTemplate\":\"https:\\\/\\\/tupique.com\\\/?s={search_term_string}\"},\"query-input\":{\"@type\":\"PropertyValueSpecification\",\"valueRequired\":true,\"valueName\":\"search_term_string\"}}],\"inLanguage\":\"pt-PT\"},{\"@type\":\"Organization\",\"@id\":\"https:\\\/\\\/tupique.com\\\/#organization\",\"name\":\"Tupique\",\"url\":\"https:\\\/\\\/tupique.com\\\/\",\"logo\":{\"@type\":\"ImageObject\",\"inLanguage\":\"pt-PT\",\"@id\":\"https:\\\/\\\/tupique.com\\\/#\\\/schema\\\/logo\\\/image\\\/\",\"url\":\"https:\\\/\\\/tupique.com\\\/wp-content\\\/uploads\\\/2026\\\/03\\\/logo-tupique-1.webp\",\"contentUrl\":\"https:\\\/\\\/tupique.com\\\/wp-content\\\/uploads\\\/2026\\\/03\\\/logo-tupique-1.webp\",\"width\":500,\"height\":67,\"caption\":\"Tupique\"},\"image\":{\"@id\":\"https:\\\/\\\/tupique.com\\\/#\\\/schema\\\/logo\\\/image\\\/\"}}]}<\/script>\n<!-- \/ Yoast SEO plugin. -->","yoast_head_json":{"title":"Adaptateur DisplayPort vers DVI Startech DVI2DP2       Noir | | Tupique","description":"Envie d'acheter Adaptateur DisplayPort vers DVI Startech DVI2DP2       Noir\u00a0? Achetez Adaptateur DisplayPort vers DVI Startech DVI2DP2       Noir maintenant avec Tupique en 3 versements sans int\u00e9r\u00eat.","robots":{"index":"index","follow":"follow","max-snippet":"max-snippet:-1","max-image-preview":"max-image-preview:large","max-video-preview":"max-video-preview:-1"},"canonical":"https:\/\/tupique.com\/pt\/product\/adaptateur-displayport-vers-dvi-startech-dvi2dp2-noir\/","og_locale":"pt_PT","og_type":"article","og_title":"Adaptateur DisplayPort vers DVI Startech DVI2DP2       Noir | | Tupique","og_description":"Envie d'acheter Adaptateur DisplayPort vers DVI Startech DVI2DP2       Noir\u00a0? Achetez Adaptateur DisplayPort vers DVI Startech DVI2DP2       Noir maintenant avec Tupique en 3 versements sans int\u00e9r\u00eat.","og_url":"https:\/\/tupique.com\/pt\/product\/adaptateur-displayport-vers-dvi-startech-dvi2dp2-noir\/","og_site_name":"Tupique","article_modified_time":"2026-05-11T19:19:01+00:00","og_image":[{"width":1200,"height":1200,"url":"https:\/\/tupique.com\/wp-content\/uploads\/2026\/05\/232815653.jpg","type":"image\/jpeg"}],"twitter_card":"summary_large_image","schema":{"@context":"https:\/\/schema.org","@graph":[{"@type":"WebPage","@id":"https:\/\/tupique.com\/pt\/product\/adaptateur-displayport-vers-dvi-startech-dvi2dp2-noir\/","url":"https:\/\/tupique.com\/pt\/product\/adaptateur-displayport-vers-dvi-startech-dvi2dp2-noir\/","name":"Adaptateur DisplayPort vers DVI Startech DVI2DP2 Noir | | Tupique","isPartOf":{"@id":"https:\/\/tupique.com\/#website"},"primaryImageOfPage":{"@id":"https:\/\/tupique.com\/pt\/product\/adaptateur-displayport-vers-dvi-startech-dvi2dp2-noir\/#primaryimage"},"image":{"@id":"https:\/\/tupique.com\/pt\/product\/adaptateur-displayport-vers-dvi-startech-dvi2dp2-noir\/#primaryimage"},"thumbnailUrl":"https:\/\/tupique.com\/wp-content\/uploads\/2026\/05\/232815653.jpg","datePublished":"2026-05-11T12:36:47+00:00","dateModified":"2026-05-11T19:19:01+00:00","description":"Envie d'acheter Adaptateur DisplayPort vers DVI Startech DVI2DP2 Noir\u00a0? Achetez Adaptateur DisplayPort vers DVI Startech DVI2DP2 Noir maintenant avec Tupique en 3 versements sans int\u00e9r\u00eat.","breadcrumb":{"@id":"https:\/\/tupique.com\/pt\/product\/adaptateur-displayport-vers-dvi-startech-dvi2dp2-noir\/#breadcrumb"},"inLanguage":"pt-PT","potentialAction":[{"@type":"ReadAction","target":["https:\/\/tupique.com\/pt\/product\/adaptateur-displayport-vers-dvi-startech-dvi2dp2-noir\/"]}]},{"@type":"ImageObject","inLanguage":"pt-PT","@id":"https:\/\/tupique.com\/pt\/product\/adaptateur-displayport-vers-dvi-startech-dvi2dp2-noir\/#primaryimage","url":"https:\/\/tupique.com\/wp-content\/uploads\/2026\/05\/232815653.jpg","contentUrl":"https:\/\/tupique.com\/wp-content\/uploads\/2026\/05\/232815653.jpg","width":1200,"height":1200,"caption":"S55058287_0"},{"@type":"BreadcrumbList","@id":"https:\/\/tupique.com\/pt\/product\/adaptateur-displayport-vers-dvi-startech-dvi2dp2-noir\/#breadcrumb","itemListElement":[{"@type":"ListItem","position":1,"name":"commencer","item":"https:\/\/tupique.com\/"},{"@type":"ListItem","position":2,"name":"Loja","item":"https:\/\/tupique.com\/pt\/loja\/"},{"@type":"ListItem","position":3,"name":"Adaptateur DisplayPort vers DVI Startech DVI2DP2 Noir"}]},{"@type":"WebSite","@id":"https:\/\/tupique.com\/#website","url":"https:\/\/tupique.com\/","name":"Tupique","description":"","publisher":{"@id":"https:\/\/tupique.com\/#organization"},"potentialAction":[{"@type":"SearchAction","target":{"@type":"EntryPoint","urlTemplate":"https:\/\/tupique.com\/?s={search_term_string}"},"query-input":{"@type":"PropertyValueSpecification","valueRequired":true,"valueName":"search_term_string"}}],"inLanguage":"pt-PT"},{"@type":"Organization","@id":"https:\/\/tupique.com\/#organization","name":"Tupique","url":"https:\/\/tupique.com\/","logo":{"@type":"ImageObject","inLanguage":"pt-PT","@id":"https:\/\/tupique.com\/#\/schema\/logo\/image\/","url":"https:\/\/tupique.com\/wp-content\/uploads\/2026\/03\/logo-tupique-1.webp","contentUrl":"https:\/\/tupique.com\/wp-content\/uploads\/2026\/03\/logo-tupique-1.webp","width":500,"height":67,"caption":"Tupique"},"image":{"@id":"https:\/\/tupique.com\/#\/schema\/logo\/image\/"}}]}},"_links":{"self":[{"href":"https:\/\/tupique.com\/pt\/wp-json\/wp\/v2\/product\/181719","targetHints":{"allow":["GET"]}}],"collection":[{"href":"https:\/\/tupique.com\/pt\/wp-json\/wp\/v2\/product"}],"about":[{"href":"https:\/\/tupique.com\/pt\/wp-json\/wp\/v2\/types\/product"}],"replies":[{"embeddable":true,"href":"https:\/\/tupique.com\/pt\/wp-json\/wp\/v2\/comments?post=181719"}],"wp:featuredmedia":[{"embeddable":true,"href":"https:\/\/tupique.com\/pt\/wp-json\/wp\/v2\/media\/181715"}],"wp:attachment":[{"href":"https:\/\/tupique.com\/pt\/wp-json\/wp\/v2\/media?parent=181719"}],"wp:term":[{"taxonomy":"product_brand","embeddable":true,"href":"https:\/\/tupique.com\/pt\/wp-json\/wp\/v2\/product_brand?post=181719"},{"taxonomy":"product_cat","embeddable":true,"href":"https:\/\/tupique.com\/pt\/wp-json\/wp\/v2\/product_cat?post=181719"},{"taxonomy":"product_tag","embeddable":true,"href":"https:\/\/tupique.com\/pt\/wp-json\/wp\/v2\/product_tag?post=181719"},{"taxonomy":"woo-feed-brand","embeddable":true,"href":"https:\/\/tupique.com\/pt\/wp-json\/wp\/v2\/woo-feed-brand?post=181719"}],"curies":[{"name":"wp","href":"https:\/\/api.w.org\/{rel}","templated":true}]}}